
{"id":8247,"date":"2022-01-10T15:01:36","date_gmt":"2022-01-10T15:01:36","guid":{"rendered":"https:\/\/sandsiv.wpengine.com\/not-all-saas-are-born-equal-cloud-native-single-tenant\/"},"modified":"2023-07-19T11:05:57","modified_gmt":"2023-07-19T11:05:57","slug":"non-tutti-i-saas-nascono-uguali","status":"publish","type":"page","link":"https:\/\/sandsiv.com\/it\/il-nostro-blog\/non-tutti-i-saas-nascono-uguali\/","title":{"rendered":"Non tutti i SaaS nascono uguali"},"content":{"rendered":"<div id=\"banner-block_c56e20edd521abc2de7282ac399fcc67\"\r\n    class=\"banner scroll-fade\">\r\n    <div\r\n        class=\"module mt_0  mb_0\">\r\n        <div class=\"container\">\r\n            <div class=\"banner__inner\">\r\n                <div class=\"banner__data\">\r\n                                        <h1 class=\"heading\">Non tutti i SaaS nascono uguali<strong\r\n                            class=\"heading_red\">Articolo<\/strong>                    <\/h1>\r\n                                                            <div class=\"description\">23 dicembre 2021- Non tutti i SaaS nascono uguali: &#8220;Cloud-Native Single Tenant&#8221;                    <\/div>                                                            <div class=\"banner__button\">\r\n                        <a href=\"https:\/\/sandsiv.wpengine.com\/it\/richiedi-una-demo\/\"\r\n                            class=\"btn\" _self                            >Richiedi una demo<\/a>\r\n                    <\/div>\r\n                                                                            <\/div>\r\n                <div class=\"banner__media\">\r\n                                        <div class=\"banner__image\">\r\n                        <picture class=\"image\">\r\n                            <source srcset=\"\">\r\n                            <img decoding=\"async\" src=\"\"\r\n                                alt=\"\" \/>\r\n                        <\/picture>\r\n                    <\/div>\r\n                                                                            <\/div>\r\n            <\/div>\r\n        <\/div>\r\n    <\/div>\r\n<\/div>\n\n\r\n<div id=\"frames_section-block_dfbef2c8c64e10aba9d788b151828f90\" class=\"frames_section scroll-fade\">\r\n    <div class=\"module mt_0  mb_0\">  \r\n        <div class=\"bg_clr_section bg_clr_red\">               \r\n            <div class=\"container\">\r\n                <div class=\"frames_section_inner\"> \r\n                                                                <div class=\"text\">\r\n                            <p><span data-sheets-value=\"{&quot;1&quot;:2,&quot;2&quot;:&quot;Negli ultimi mesi, la soluzione sandsiv+ \u00e8 stata adottata sempre di pi\u00f9 da clienti aziendali con operazioni in paesi e continenti diversi. La scelta non \u00e8 stata dettata solamente dalla bont\u00e0 e dalle capacit\u00e0 della soluzione di Voce del Cliente, ma la scelta dell'architettura tecnologica \u00e8 stata anche fondamentale per molti clienti: ora \u00e8 possibile usare la soluzione sandsiv+ non solo nel Cloud preferito dal cliente (per esempio, AWS, Azure, Google Cloud, Alibaba, ecc.) ma anche nel nodo geografico scelto. Tutto ci\u00f2 in un ambiente altamente sicuro senza condividere risorse con altri clienti. Una soluzione \\&quot;Cloud-Native Single Tenant\\&quot;. Vediamo come!&quot;}\" data-sheets-userformat=\"{&quot;2&quot;:4993,&quot;3&quot;:{&quot;1&quot;:0},&quot;10&quot;:2,&quot;11&quot;:4,&quot;12&quot;:0,&quot;15&quot;:&quot;Arial&quot;}\">Negli ultimi mesi, la soluzione sandsiv+ \u00e8 stata adottata sempre di pi\u00f9 da clienti aziendali con operazioni in paesi e continenti diversi. La scelta non \u00e8 stata dettata solamente dalla bont\u00e0 e dalle capacit\u00e0 della soluzione di Voce del Cliente, ma la scelta dell&#8217;architettura tecnologica \u00e8 stata anche fondamentale per molti clienti: ora \u00e8 possibile usare la soluzione sandsiv+ non solo nel Cloud preferito dal cliente (per esempio, AWS, Azure, Google Cloud, Alibaba, ecc.) ma anche nel nodo geografico scelto. Tutto ci\u00f2 in un ambiente altamente sicuro senza condividere risorse con altri clienti. Una soluzione &#8220;<strong>Cloud-Native Single Tenant<\/strong>&#8220;. Vediamo come!<\/span><\/p>\n                        <\/div>\r\n                                                        <\/div>\r\n            <\/div>\r\n        <\/div>\r\n    <\/div>\r\n<\/div>\n\n\r\n<div id=\"blog_post_content-block_132aa28259918d79a4ff253b546e4c1a\" class=\"blog_post_content scroll-fade\">\r\n    <div class=\"module \">\r\n\r\n                            <div class=\"container container--medium\">\r\n                        \r\n            <div class=\"blog_post_content_inner\"> \r\n                                    <div class=\"heading_section\">\r\n                        <div class=\"heading_text h1\">\r\n                            <Div style = \"visibility: hidden\"> <\/ div>                        <\/div>\r\n                    <\/div>\r\n                                                    <div class=\"content_section\">\r\n                        <p>La seconda domanda \u00e8: siamo davanti a una soluzione multi-tenant o a un ambiente cloud-native single-tenant molto sicuro? Questa seconda domanda gioca un ruolo importante: le grandi aziende internazionali che hanno gi\u00e0 spostato le infrastrutture al cloud preferiscono soluzioni cloud-native single-tenant. Vediamo perch\u00e9.<\/p>\n<p>La maggior parte di noi vede il Software as Service come qualcosa di unico. Una scatola nera di cui si beneficia un software in forma di servizio, e non ci sono particolari distinzioni. In realt\u00e0, questo non \u00e8 assolutamente vero: il servizio che offre il software pu\u00f2 essere erogato in modo diverso da questa &#8220;scatola nera&#8221; e le differenze sono profonde, soprattutto a livello di sicurezza, gestione delle privacy policy, gestione dei rilasci e gestione delle risorse. Questa differenza \u00e8 sempre pi\u00f9 evidente con l&#8217;esplosione dell&#8217;utilizzo dei servizi cloud offerti dai principali fornitori fra cui Google, Microsoft, Amazon, Alibaba.<\/p>\n<p><strong>Il Saas &#8220;classico&#8221; ha limiti?<\/strong><br \/>\nFino a poco tempo fa, usare un servizio SaaS non ci spingeva a farci molte domande: riceviamo il servizio e come viene gestito a monte non \u00e8 esattamente un nostro problema. Abbiamo definito un Service Level Agreement (SLA) chiaro e ci\u00f2 \u00e8 sufficiente per misurare la qualit\u00e0 del nostro servizio. E qui arrivano i primi spunti di riflessione: l&#8217;innovazione verso i servizi cloud, la gestione degli ecosistemi aziendali IT con microservizi in container, e la facilit\u00e0 con cui si gestiscono questi contenitori (concertati) con soluzioni come Kubernetes hanno fatto capire a tutti i grandi limiti dell&#8217;approccio &#8220;classico&#8221; Saas &#8220;multi-tenat&#8221; con servizi e database condivisi. Un po&#8217; come la differenza tra vivere in un grande condominio e una villa isolata in un bellissimo parco&#8230;con la possibilit\u00e0 di costruire una piscina, se si vuole.<\/p>\n<p><strong>Perch\u00e9 \u00e8 importante la differenza tra single e multi-tenant?<\/strong><br \/>\nPerch\u00e9 vivere in una villa circondata da un parco con una bella piscina \u00e8 meglio che vivere in un grattacielo con altre 1.000 persone condividendo un unico ascensore. Scherzi a parte, il classico &#8220;SaaS&#8221; ha vantaggi grazie all&#8217;architettura multi-tenant. Una soluzione multi-tenant condivide risorse comuni, comprendendo potenzialmente un database backend per offrire una separazione logica dei dati e permessi per isolare informazioni, configurazioni e tempo di esecuzione da altri gruppi logici di utenti. Se &#8220;multi-tenant&#8221; si basa sul cloud-native, fornisce un metodo per adattare in maniera efficace la soluzione e, se viene implementata correttamente, impedisce il trasferimento improprio di dati di un tenant all&#8217;altro mentre si usano risorse condivise.<\/p>\n<p>Al contrario, una soluzione single-tenant \u00e8 la distribuzione di un&#8217;applicazione che non condivide risorse di backend o database con un&#8217;altra entit\u00e0 operativa. Per questo, il tempo di esecuzione e i dati sono dedicati a un&#8217;unica azienda, dipartimento o azienda, e viene usato un modello di accesso basato sui ruoi per controllare i permessi e isolare i set di dati. La separazione di dati e risorse \u00e8 fisica, non logica come nel caso dei multi-tenant.<\/p>\n<p>Le tecnologie tradizionali on-premise solitamente si considerano soluzioni single-tenant, mentre le soluzioni cloud-based sono considerate soluzioni multi-tenant. Questo era vero fino a poco tempo fa ma, come spesso succede, i tempi cambiano velocemente, soprattutto nel settore tecnologico, per cui sono emerse nuove soluzioni che prendono il meglio da entrambi i mondi: &#8220;Cloud-Native Single Tenant&#8221;. Queste soluzioni offrono un vantaggio competitivo non trascurabile attualmente e possono crearne uno per la tua azienda. Ho gi\u00e0 spiegato cosa significa single tenant, ma non ho spiegato cosa significa cloud-native: si tratta di un tipo di architettura che consente di usufruire al massimo del cloud computing.<\/p>\n<p><strong>Cos&#8217;\u00e8 il Cloud Computing?<\/strong><br \/>\nIl Cloud Computing, o &#8220;un modello per consentire l&#8217;accesso ubiquo, redditizio e on-demand a un insieme condiviso di risorse informatiche configurabili che possono essere velocemente fornite e rilasciate con uno sforzo minimo di gestione o di interazione del fornitore di servizi&#8221;, \u00e8 la base di prodotti conosciuti SaaS come Salesforce, Google Apps, Slack y Zoho. Tutti questi esempi si adattano a un modello di servizio ospitato centralmente e acquisito attraverso abbonamento (SaaS). Ci\u00f2 significa che i fornitori di SaaS gestiscono, monitorano e mantengono la maggior parte dello stack tecnologico necessario per far funzionare il software. Il licenziante consuma semplicemente il servizio invece di gestire l&#8217;infrastruttura e la distribuzione all&#8217;interno di un servizio di infrastruttura cloud.<\/p>\n<p>La combinazione di Cloud-Native e Single Tenant ci permette di ottenere tutti i vantaggi di entrambi i mondi: on-prem e saas. In particolar modo: sicurezza, privacy dei dati, ripristino d&#8217;emergenza, politiche di backup e molto altro.<\/p>\n<p><strong>Fai compromessi in tema di sicurezza?<\/strong><br \/>\nCon qualsiasi soluzione multi-tenant, c&#8217;\u00e8 sempre il rischio che si possa produrre una fuga di dati con un&#8217;altra azienda o che una vulnerabilit\u00e0 di un&#8217;azienda venga usata per esporre i dati di un&#8217;altra. Tutto ci\u00f2 \u00e8 vero anche con una semplice configurazione errata del back end o un componente aggiuntivo di terze parti poco sicuro che metta a rischio la sicurezza del modello multi-tenant. In sostanza, \u00e8 fuori dal tuo controllo. Ricorda che i dati non sono separati fisicamente.<\/p>\n<p>Al contrario il tuo Cloud-Native Single Tenant \u00e8 tuo. Puoi gestire la sicurezza in base alle tue politiche e personalizzarla. Anche se si tratta di una soluzione basata su SaaS, continui ad avere il controllo sulla gestione e la manutenzione delle patch proprio come le versioni complete, anche se il fornitore automatizzer\u00e0 completamente l&#8217;installazione. Visto che la soluzione \u00e8 single-tenant, i dati sono segregati fisicamente nel tuo ambiente privato. Il rischio di fuga di dati \u00e8 molto pi\u00f9 basso.<\/p>\n<p><strong>La protezione dei dati \u00e8 un tema importante per la tua azienda?<\/strong><br \/>\nQualsiasi soluzione multi-tenant non ti consente di applicare politiche personalizzate ai tuoi dati e processi. Sei disposto a farti imporre politiche GDPR o vuoi che vengano applicate le tue raccomandazioni? Accetti tacitamente di non applicare le tue politiche di ripristino di emergenza e continuit\u00e0 aziendale? Se si tratta di temi delicati per la tua azienda, dovresti pensare e prendere in considerazione le alternative.<\/p>\n<p>In un ambiente Cloud-Native Single Tenant, sarai tu a gestire le politiche indipendentemente dagli altri. In questo modo il GDPR verr\u00e0 gestito in base all&#8217;Accordo sulla privacy dei dati che hai concordato con i tuoi clienti, cos\u00ec come il resto delle politiche di sicurezza. Un gran vantaggio.<\/p>\n<p><strong>\u00c8 importante avere il controllo nel tuo ecosistema?<\/strong><br \/>\nUn fornitore di SaaS multi-tenant controlla quando viene aggiornata e riparata la tua versione. Offriranno una finestra di manutenzione per l&#8217;aggiornamento, e sarai costretto ad accettare le modifiche anche se non \u00e8 il momento giusto per la tua azienda. Se l&#8217;aggiornamento introduce una modifica indesiderata (errori o incompatibilit\u00e0), non \u00e8 possibile annullarla, visto che diverse aziende condividono le stesse risorse condivise multi-tenant.<\/p>\n<p>In un ambiente &#8220;Cloud-Native Single Tenant&#8221; avrai l&#8217;ultima parola nella gestione delle versioni: potrai richiedere di ritardare le tue rispetto ad altri clienti, nonch\u00e9<\/p>\n<p><strong>Quindi cos&#8217;\u00e8 un sistema Cloud-Native Single Tenant?<\/strong><br \/>\nCome accennato prima, immagina di avere tutti i benefici di on-prem in una soluzione cloud che pu\u00f2 adattarsi sia verticalmente che orizzontalmente con pochi clic sulla tua console Cloud, Microsoft Azure, Amazon AWS, Google Cloud, o qualsiasi altra. Immagina di poter combinare i vantaggi di cloud-native. A favore della tua agilit\u00e0<\/p>\n<p>Immagina di poter sfruttare una soluzione sviluppata, progettata e implementata come applicazioni cloud-native composta da diversi servizi indipendenti. L&#8217;indipendenza di ogni servizio introduce la possibilit\u00e0 di mantenere e adattare, in modo isolato, orizzontalmente invece di verticalmente. Ognuno dei servizi dev&#8217;essere automatizzato per l&#8217;integrazione e la distribuzione continue attraverso DevOps agili all&#8217;interno di un&#8217;infrastrutura cloud e test completi in atto per garantire che non ci siano interruzioni nel servizio per cicli di distribuzione rapida.<\/p>\n<p>Ebbene, non c&#8217;\u00e8 bisogno di immaginarlo perch\u00e9 questa visione esiste gi\u00e0. Tutti i nostri clienti di sandsiv+ gi\u00e0 si beneficiano di una soluzione &#8220;Cloud-Native Single Tenant&#8221; in grado di rispondere alle loro necessit\u00e0 specifiche in modo veloce e sicuro, passando per un risparmio di costi e un ritorno sull&#8217;investimento rapido. Tutto ci\u00f2 garantendo la massima agilit\u00e0 e la possibilit\u00e0 di rilasciare la soluzione nel Cloud scelto dal cliente (anche privato in alcuni casi) e nel nodo geografico scelto.<\/p>\n<p>Ti interessa una soluzione di Voce del Cliente che dimostri di essere un prodotto scelto da clienti aziendali multinazionali con operazioni in tutto il mondo? Allora <a href=\"https:\/\/sandsiv.wpengine.com\/it\/contattaci\/\">contatta SANDSIV<\/a> e ottieni un livello di sicurezza e di privacy di dati non disponibile nella precedente architettura multi-tenant.<\/p>\n                    <\/div>\r\n                            <\/div>\r\n        <\/div>\r\n    <\/div>\r\n<\/div>\n\n\n<p><\/p>\n\n\n\r\n<div id=\"blog_post_content-block_b6d2c904dcf1964888f8cebca0e1fb08\" class=\"blog_post_content scroll-fade\">\r\n    <div class=\"module \">\r\n\r\n                    <div class=\"container\">\r\n                                \r\n            <div class=\"blog_post_content_inner\"> \r\n                                    <div class=\"heading_section\">\r\n                        <div class=\"heading_text h1\">\r\n                            Non tutti i SaaS nascono uguali                        <\/div>\r\n                    <\/div>\r\n                                                    <div class=\"content_section\">\r\n                        <h5>Autore:<br \/>\nFederico Cesconi<\/h5>\n<p><span style=\"color: #bf2025;\"><a style=\"color: #bf2025;\" href=\"https:\/\/www.linkedin.com\/pulse\/all-saas-born-equal-cloud-native-single-tenant-federico-cesconi\/?utm_source=website&amp;utm_medium=blog&amp;utm_campaign=23_dec_2021\">Leggi l&#8217;articolo su LinkedIn<\/a><\/span><\/p>\n                    <\/div>\r\n                            <\/div>\r\n        <\/div>\r\n    <\/div>\r\n<\/div>\n\n\r\n<div id=\"frames_section-block_d02aa7425baa50d6ed816f19be6a7f80\" class=\"frames_section scroll-fade\">\r\n    <div class=\"module mt_0  mb_0\">  \r\n        <div class=\"bg_clr_section bg_clr_red\">               \r\n            <div class=\"container\">\r\n                <div class=\"frames_section_inner\"> \r\n                                            <div class=\"heading\">\r\n                            Inizia subito a crescere con sandsiv+                        <\/div>\r\n                                                                                    <div class=\"button_section\">\r\n                            <a class=\"btn btn--white \" href=\"https:\/\/sandsiv.wpengine.com\/it\/richiedi-una-demo\/\" >\r\n                                Richiedi una demo                            <\/a>\r\n                        <\/div>\r\n                                    <\/div>\r\n            <\/div>\r\n        <\/div>\r\n    <\/div>\r\n<\/div>","protected":false},"excerpt":{"rendered":"","protected":false},"author":5,"featured_media":0,"parent":8258,"menu_order":0,"comment_status":"closed","ping_status":"closed","template":"","meta":{"content-type":"","footnotes":""},"class_list":["post-8247","page","type-page","status-publish","hentry"],"acf":[],"yoast_head":"<!-- This site is optimized with the Yoast SEO Premium plugin v26.9 (Yoast SEO v27.5) - https:\/\/yoast.com\/product\/yoast-seo-premium-wordpress\/ -->\n<title>Non tutti i SaaS nascono uguali - sandsiv+<\/title>\n<meta name=\"description\" content=\"Non tutti i SaaS nascono uguali. La soluzione sandsiv+ si usa non solo nel Cloud preferito dal cliente ma anche nel nodo geografico scelto.\" \/>\n<meta name=\"robots\" content=\"index, follow, max-snippet:-1, max-image-preview:large, max-video-preview:-1\" \/>\n<link rel=\"canonical\" href=\"https:\/\/sandsiv.com\/it\/il-nostro-blog\/non-tutti-i-saas-nascono-uguali\/\" \/>\n<meta property=\"og:locale\" content=\"it_IT\" \/>\n<meta property=\"og:type\" content=\"article\" \/>\n<meta property=\"og:title\" content=\"Non tutti i SaaS nascono uguali\" \/>\n<meta property=\"og:description\" content=\"Non tutti i SaaS nascono uguali. La soluzione sandsiv+ si usa non solo nel Cloud preferito dal cliente ma anche nel nodo geografico scelto.\" \/>\n<meta property=\"og:url\" content=\"https:\/\/sandsiv.com\/it\/il-nostro-blog\/non-tutti-i-saas-nascono-uguali\/\" \/>\n<meta property=\"og:site_name\" content=\"sandsiv+\" \/>\n<meta property=\"article:modified_time\" content=\"2023-07-19T11:05:57+00:00\" \/>\n<meta name=\"twitter:card\" content=\"summary_large_image\" \/>\n<script type=\"application\/ld+json\" class=\"yoast-schema-graph\">{\"@context\":\"https:\\\/\\\/schema.org\",\"@graph\":[{\"@type\":\"WebPage\",\"@id\":\"https:\\\/\\\/sandsiv.com\\\/it\\\/il-nostro-blog\\\/non-tutti-i-saas-nascono-uguali\\\/\",\"url\":\"https:\\\/\\\/sandsiv.com\\\/it\\\/il-nostro-blog\\\/non-tutti-i-saas-nascono-uguali\\\/\",\"name\":\"Non tutti i SaaS nascono uguali - sandsiv+\",\"isPartOf\":{\"@id\":\"https:\\\/\\\/sandsiv.com\\\/#website\"},\"datePublished\":\"2022-01-10T15:01:36+00:00\",\"dateModified\":\"2023-07-19T11:05:57+00:00\",\"description\":\"Non tutti i SaaS nascono uguali. La soluzione sandsiv+ si usa non solo nel Cloud preferito dal cliente ma anche nel nodo geografico scelto.\",\"breadcrumb\":{\"@id\":\"https:\\\/\\\/sandsiv.com\\\/it\\\/il-nostro-blog\\\/non-tutti-i-saas-nascono-uguali\\\/#breadcrumb\"},\"inLanguage\":\"it-IT\",\"potentialAction\":[{\"@type\":\"ReadAction\",\"target\":[\"https:\\\/\\\/sandsiv.com\\\/it\\\/il-nostro-blog\\\/non-tutti-i-saas-nascono-uguali\\\/\"]}]},{\"@type\":\"BreadcrumbList\",\"@id\":\"https:\\\/\\\/sandsiv.com\\\/it\\\/il-nostro-blog\\\/non-tutti-i-saas-nascono-uguali\\\/#breadcrumb\",\"itemListElement\":[{\"@type\":\"ListItem\",\"position\":1,\"name\":\"Home\",\"item\":\"https:\\\/\\\/sandsiv.com\\\/it\\\/\"},{\"@type\":\"ListItem\",\"position\":2,\"name\":\"Il nostro Blog\",\"item\":\"https:\\\/\\\/sandsiv.com\\\/it\\\/il-nostro-blog\\\/\"},{\"@type\":\"ListItem\",\"position\":3,\"name\":\"Non tutti i SaaS nascono uguali\"}]},{\"@type\":\"WebSite\",\"@id\":\"https:\\\/\\\/sandsiv.com\\\/#website\",\"url\":\"https:\\\/\\\/sandsiv.com\\\/\",\"name\":\"sandsiv+\",\"description\":\"Customer Intelligence Made In Switzerland\",\"publisher\":{\"@id\":\"https:\\\/\\\/sandsiv.com\\\/#organization\"},\"potentialAction\":[{\"@type\":\"SearchAction\",\"target\":{\"@type\":\"EntryPoint\",\"urlTemplate\":\"https:\\\/\\\/sandsiv.com\\\/?s={search_term_string}\"},\"query-input\":{\"@type\":\"PropertyValueSpecification\",\"valueRequired\":true,\"valueName\":\"search_term_string\"}}],\"inLanguage\":\"it-IT\"},{\"@type\":\"Organization\",\"@id\":\"https:\\\/\\\/sandsiv.com\\\/#organization\",\"name\":\"sandsiv+\",\"url\":\"https:\\\/\\\/sandsiv.com\\\/\",\"logo\":{\"@type\":\"ImageObject\",\"inLanguage\":\"it-IT\",\"@id\":\"https:\\\/\\\/sandsiv.com\\\/#\\\/schema\\\/logo\\\/image\\\/\",\"url\":\"https:\\\/\\\/sandsiv.com\\\/wp-content\\\/uploads\\\/2021\\\/08\\\/logo-light-normal.svg\",\"contentUrl\":\"https:\\\/\\\/sandsiv.com\\\/wp-content\\\/uploads\\\/2021\\\/08\\\/logo-light-normal.svg\",\"width\":376,\"height\":67,\"caption\":\"sandsiv+\"},\"image\":{\"@id\":\"https:\\\/\\\/sandsiv.com\\\/#\\\/schema\\\/logo\\\/image\\\/\"}}]}<\/script>\n<!-- \/ Yoast SEO Premium plugin. -->","yoast_head_json":{"title":"Non tutti i SaaS nascono uguali - sandsiv+","description":"Non tutti i SaaS nascono uguali. La soluzione sandsiv+ si usa non solo nel Cloud preferito dal cliente ma anche nel nodo geografico scelto.","robots":{"index":"index","follow":"follow","max-snippet":"max-snippet:-1","max-image-preview":"max-image-preview:large","max-video-preview":"max-video-preview:-1"},"canonical":"https:\/\/sandsiv.com\/it\/il-nostro-blog\/non-tutti-i-saas-nascono-uguali\/","og_locale":"it_IT","og_type":"article","og_title":"Non tutti i SaaS nascono uguali","og_description":"Non tutti i SaaS nascono uguali. La soluzione sandsiv+ si usa non solo nel Cloud preferito dal cliente ma anche nel nodo geografico scelto.","og_url":"https:\/\/sandsiv.com\/it\/il-nostro-blog\/non-tutti-i-saas-nascono-uguali\/","og_site_name":"sandsiv+","article_modified_time":"2023-07-19T11:05:57+00:00","twitter_card":"summary_large_image","schema":{"@context":"https:\/\/schema.org","@graph":[{"@type":"WebPage","@id":"https:\/\/sandsiv.com\/it\/il-nostro-blog\/non-tutti-i-saas-nascono-uguali\/","url":"https:\/\/sandsiv.com\/it\/il-nostro-blog\/non-tutti-i-saas-nascono-uguali\/","name":"Non tutti i SaaS nascono uguali - sandsiv+","isPartOf":{"@id":"https:\/\/sandsiv.com\/#website"},"datePublished":"2022-01-10T15:01:36+00:00","dateModified":"2023-07-19T11:05:57+00:00","description":"Non tutti i SaaS nascono uguali. La soluzione sandsiv+ si usa non solo nel Cloud preferito dal cliente ma anche nel nodo geografico scelto.","breadcrumb":{"@id":"https:\/\/sandsiv.com\/it\/il-nostro-blog\/non-tutti-i-saas-nascono-uguali\/#breadcrumb"},"inLanguage":"it-IT","potentialAction":[{"@type":"ReadAction","target":["https:\/\/sandsiv.com\/it\/il-nostro-blog\/non-tutti-i-saas-nascono-uguali\/"]}]},{"@type":"BreadcrumbList","@id":"https:\/\/sandsiv.com\/it\/il-nostro-blog\/non-tutti-i-saas-nascono-uguali\/#breadcrumb","itemListElement":[{"@type":"ListItem","position":1,"name":"Home","item":"https:\/\/sandsiv.com\/it\/"},{"@type":"ListItem","position":2,"name":"Il nostro Blog","item":"https:\/\/sandsiv.com\/it\/il-nostro-blog\/"},{"@type":"ListItem","position":3,"name":"Non tutti i SaaS nascono uguali"}]},{"@type":"WebSite","@id":"https:\/\/sandsiv.com\/#website","url":"https:\/\/sandsiv.com\/","name":"sandsiv+","description":"Customer Intelligence Made In Switzerland","publisher":{"@id":"https:\/\/sandsiv.com\/#organization"},"potentialAction":[{"@type":"SearchAction","target":{"@type":"EntryPoint","urlTemplate":"https:\/\/sandsiv.com\/?s={search_term_string}"},"query-input":{"@type":"PropertyValueSpecification","valueRequired":true,"valueName":"search_term_string"}}],"inLanguage":"it-IT"},{"@type":"Organization","@id":"https:\/\/sandsiv.com\/#organization","name":"sandsiv+","url":"https:\/\/sandsiv.com\/","logo":{"@type":"ImageObject","inLanguage":"it-IT","@id":"https:\/\/sandsiv.com\/#\/schema\/logo\/image\/","url":"https:\/\/sandsiv.com\/wp-content\/uploads\/2021\/08\/logo-light-normal.svg","contentUrl":"https:\/\/sandsiv.com\/wp-content\/uploads\/2021\/08\/logo-light-normal.svg","width":376,"height":67,"caption":"sandsiv+"},"image":{"@id":"https:\/\/sandsiv.com\/#\/schema\/logo\/image\/"}}]}},"_links":{"self":[{"href":"https:\/\/sandsiv.com\/it\/wp-json\/wp\/v2\/pages\/8247","targetHints":{"allow":["GET"]}}],"collection":[{"href":"https:\/\/sandsiv.com\/it\/wp-json\/wp\/v2\/pages"}],"about":[{"href":"https:\/\/sandsiv.com\/it\/wp-json\/wp\/v2\/types\/page"}],"author":[{"embeddable":true,"href":"https:\/\/sandsiv.com\/it\/wp-json\/wp\/v2\/users\/5"}],"replies":[{"embeddable":true,"href":"https:\/\/sandsiv.com\/it\/wp-json\/wp\/v2\/comments?post=8247"}],"version-history":[{"count":0,"href":"https:\/\/sandsiv.com\/it\/wp-json\/wp\/v2\/pages\/8247\/revisions"}],"up":[{"embeddable":true,"href":"https:\/\/sandsiv.com\/it\/wp-json\/wp\/v2\/pages\/8258"}],"wp:attachment":[{"href":"https:\/\/sandsiv.com\/it\/wp-json\/wp\/v2\/media?parent=8247"}],"curies":[{"name":"wp","href":"https:\/\/api.w.org\/{rel}","templated":true}]}}