
{"id":8234,"date":"2021-08-12T14:40:48","date_gmt":"2021-08-12T14:40:48","guid":{"rendered":"https:\/\/sandsiv.wpengine.com\/roche\/"},"modified":"2023-09-07T11:55:21","modified_gmt":"2023-09-07T11:55:21","slug":"caso-studio-roche","status":"publish","type":"page","link":"https:\/\/sandsiv.com\/it\/storie-di-successo\/caso-studio-roche\/","title":{"rendered":"Caso studio Roche"},"content":{"rendered":"<div id=\"banner-block_e9aa2aaf6fc301418939dc7c2f0225cb\"\r\n    class=\"banner scroll-fade\">\r\n    <div\r\n        class=\"module mt_0  mb_0\">\r\n        <div class=\"container\">\r\n            <div class=\"banner__inner\">\r\n                <div class=\"banner__data\">\r\n                                        <h1 class=\"heading\">Settore sanitario<strong\r\n                            class=\"heading_red\">Roche<\/strong>                    <\/h1>\r\n                                                            <div class=\"description\">Dalle ricerche di mercato al feedback diretto dei clienti: il caso studio Roche. Come l&#8217;azienda farmaceutica ha ottenuto un tasso di risposta del 25% nella sua prima campagna di VoC con sandsiv+.                    <\/div>                                                            <div class=\"banner__button\">\r\n                        <a href=\"https:\/\/sandsiv.com\/it\/richiedi-una-demo\/\"\r\n                            class=\"btn\" _self                            >Richiedi una demo<\/a>\r\n                    <\/div>\r\n                                                                            <\/div>\r\n                <div class=\"banner__media\">\r\n                                        <div class=\"banner__image\">\r\n                        <picture class=\"image\">\r\n                            <source srcset=\"https:\/\/sandsiv.com\/wp-content\/uploads\/2021\/08\/Roche_sandsiv.png\">\r\n                            <img decoding=\"async\" src=\"https:\/\/sandsiv.com\/wp-content\/uploads\/2021\/08\/Roche_sandsiv.png\"\r\n                                alt=\"\" \/>\r\n                        <\/picture>\r\n                    <\/div>\r\n                                                                            <\/div>\r\n            <\/div>\r\n        <\/div>\r\n    <\/div>\r\n<\/div>\n\n\r\n<div id=\"blog_post_content-block_f8b60842b64c9c39ac56b96531a0d75b\" class=\"blog_post_content scroll-fade\">\r\n    <div class=\"module \">\r\n\r\n                    <div class=\"container\">\r\n                                \r\n            <div class=\"blog_post_content_inner\"> \r\n                                    <div class=\"heading_section\">\r\n                        <div class=\"heading_text h1\">\r\n                            Contesto                        <\/div>\r\n                    <\/div>\r\n                                                    <div class=\"content_section\">\r\n                        <p>Roche \u00e8 un&#8217;azienda sanitaria multinazionale e la pi\u00f9 grande azienda biotecnologica del mondo. \u00c8 leader nel settore della ricerca farmaceutica e diagnosi e fornisce farmaci per oncologia, immunologia, malattie infettive, oftamologia e neuroscienze.<\/p>\n<p><strong>L&#8217;obiettivo<\/strong><br \/>\nRoche voleva allontanarsi da una strategia puramente di ricerca di mercato e trasformarsi in un&#8217;azienda customer-centric per promuovere la customer advocacy e la fedelt\u00e0 dei clienti.<\/p>\n<p><strong>La sfida:<\/strong><br \/>\nL&#8217;azienda si concentrava esclusivamente su ricerche di mercato costose e ha basato gran parte delle proprie strategie di marketing e crescita sulle tendenze del settore e sui risultati di terze parti. Tutto ci\u00f2 \u00e8 stato utile fino a un certo punto, per\u00f2 senza il feedback diretto dei loro clienti, sapevano che stavano perdendo l&#8217;opportunit\u00e0 di offrire esperienze del cliente personalizzate e interazioni semplificate.<\/p>\n<p>Per trasformarsi in un&#8217;azienda incentrata sul cliente, avevano bisogno di una soluzione per semplificare il processo di acquisizione del feedback dalla loro rete di medici e acquirenti farmaceutici.<\/p>\n<div id=\"contentsContainer\" class=\"style-scope qowt-page\">\n<div id=\"contents\" class=\"style-scope qowt-page\"><\/div>\n<\/div>\n                    <\/div>\r\n                            <\/div>\r\n        <\/div>\r\n    <\/div>\r\n<\/div>\n\n\r\n<div id=\"testimonial_section-block_e987f00985e50a937caf6d37227b9c66\" class=\"testimonial_section scroll-fade\">\r\n    <div class=\"module mt_0  mb_0\">  \r\n        <div class=\"bg_clr_section bg_clr_red\">               \r\n            <div class=\"container container--small\">\r\n                <div class=\"testimonial_section_inner remove_slider_dots\"> \r\n                                            <div class=\"testimonial_slider\">\r\n                                                            <div class=\"item\">\r\n                                    <div class=\"item_inner\">\r\n                                                                                    <div class=\"logo_img_section\">\r\n                                                                                                    <div class=\"client_photo\">\r\n                                                        <img decoding=\"async\" src=\"https:\/\/sandsiv.com\/wp-content\/uploads\/2021\/08\/sandsiv_testimonial_client.svg\" alt=\"Roche\" \/>\r\n                                                    <\/div>\r\n                                                                                                                                            <\/div>\r\n                                                                                                                            <div class=\"client_detail\">\r\n                                                                                                    <div class=\"client_name h5\">\r\n                                                        Ivan Barbero &#8211; Leader di Business Analytics e Customer Insight                                                    <\/div>\r\n                                                                                                                                            <\/div>\r\n                                                                                                                            <div class=\"testimonial_text\">\r\n                                                sandsiv+ \u00e8 la soluzione perfetta per Roche che voleva rafforzare il business e creare una cultura incentrata sul cliente. Apprezzo la sua innovazione e i continui miglioramenti nelle capacit\u00e0 di self-service.<br \/>\r\n                                            <\/div>\r\n                                                                                                                    <\/div>\r\n                                <\/div>\r\n                                                    <\/div>\r\n                                    <\/div>\r\n            <\/div>\r\n        <\/div>\r\n    <\/div>\r\n<\/div>\n\n\r\n<div id=\"blog_post_content-block_0390509f8fc1c382c9593d4212d01d95\" class=\"blog_post_content scroll-fade\">\r\n    <div class=\"module \">\r\n\r\n                    <div class=\"container\">\r\n                                \r\n            <div class=\"blog_post_content_inner\"> \r\n                                    <div class=\"heading_section\">\r\n                        <div class=\"heading_text h1\">\r\n                            Nostro approccio                        <\/div>\r\n                    <\/div>\r\n                                                    <div class=\"content_section\">\r\n                        <p>Per trasformarsi in un&#8217;azienda customer-centric, Roche ha cercato una piattaforma di Voce del Cliente (VoC) che potesse convertire i dati dei clienti in insight fruibili per migliorare la Customer Experience e le interazioni commerciali. Ecco perch\u00e9 Roche ha collaborato con SANDSIV per lanciare la nostra soluzione VoC aziendale e strumento di analisi: sandsiv+.<\/p>\n<p>sandsiv+ \u00e8 una piattaforma di gestione della Customer Experience (CXM) completamente automatizzata che unifica tutte le fonti di dati strutturati e non strutturati dei clienti in un unico repository.<\/p>\n<p>Con il potere del big data e della customer intelligence, Roche pu\u00f2 ora ottenere insight aziendali utili sulle esigenze dei suoi clienti medici e farmaceutici, fra cui:<\/p>\n<ul>\n<li>Metriche in tempo reale per vedere la forza e la connessione emotiva della relazione di un cliente con il brand<\/li>\n<li>Indicatori chiave di performance (KPI), che sono stati tracciati lungo il customer journey in modo che Roche potesse approfondire i &#8220;moments of truth&#8221; e decidere come arricchire i punti di contatto del cliente in tutti i canali.<\/li>\n<li>In pi\u00f9, abbiamo configurato la raccolta e l&#8217;analisi di VoC secondo i limiti normativi e di conformit\u00e0<\/li>\n<\/ul>\n<div id=\"contentsContainer\" class=\"style-scope qowt-page\">\n<div id=\"contents\" class=\"style-scope qowt-page\"><\/div>\n<\/div>\n                    <\/div>\r\n                            <\/div>\r\n        <\/div>\r\n    <\/div>\r\n<\/div>\n\n<div id=\"text_imagevideo-block_cf576b7b59c0e8165b6a0bcb13619378\"\r\n    class=\"text_imagevideo scroll-fade\">\r\n    <div class=\"container\">\r\n                <div class=\"text_imagevideo__inner\">\r\n                        <h1 class=\"heading\">Implementation            <\/h1>            <div\r\n                class=\"text_imagevideo__list \">\r\n                                <div class=\"text_imagevideo__item module scroll-fade\">\r\n                    <div\r\n                        class=\"text_imagevideo__item__inner imagePosition_left\">\r\n                        <div class=\"contant\">\r\n                                                                                    <h1 class=\"title\">Raccolta del feedback                            <\/h1>                                                        <div class=\"text\">sandsiv+ ha raccolto i dati dei clienti attraverso canali diretti, indiretti e dedotti, comprese le fonti di dati interne ed esterne. Abbiamo utilizzato tutti i punti di contatto fisici e digitali, il che ha consentito all&#8217;azienda di valutare i punti strategici del customer journey. Abbiamo anche aiutato l&#8217;azienda a progettare e a implementare survey in tempo reale su pi\u00f9 canali.                            <\/div>                                                    <\/div>\r\n                        <div class=\"image_video\">\r\n                                                        <picture class=\"img\"                                 >\r\n                                <source\r\n                                    srcset=\"https:\/\/sandsiv.com\/wp-content\/uploads\/2021\/08\/Surveys-Reviews-Socials-1.png\">\r\n                                <img decoding=\"async\" src=\"https:\/\/sandsiv.com\/wp-content\/uploads\/2021\/08\/Surveys-Reviews-Socials-1.png\"\r\n                                    alt=\"Survey &#038; unify\" \/>\r\n                            <\/picture>\r\n                                                    <\/div>\r\n                    <\/div>\r\n                <\/div>\r\n                                <div class=\"text_imagevideo__item module scroll-fade\">\r\n                    <div\r\n                        class=\"text_imagevideo__item__inner imagePosition_right\">\r\n                        <div class=\"contant\">\r\n                                                                                    <h1 class=\"title\">Dashboard                            <\/h1>                                                        <div class=\"text\">Per utilizzare in maniera efficace e redditizia i dati raccolti da sandsiv+, il cliente ha implementato la nostra suite di dashboard dettagliate e reattive, personalizzate per ogni responsabile delle decisioni in tutta l&#8217;azienda. Le nostre dashboard VoC Visual sono facili da usare e offrono i risultati in tempo reale sulla Customer Experience e sui dati interni di CRM, in modo tale che ogni dipendente abbia accesso alle informazioni corrette nel momento giusto.                            <\/div>                                                    <\/div>\r\n                        <div class=\"image_video\">\r\n                                                        <picture class=\"img\"                                 >\r\n                                <source\r\n                                    srcset=\"https:\/\/sandsiv.com\/wp-content\/uploads\/2021\/08\/Group-1992-1.png\">\r\n                                <img decoding=\"async\" src=\"https:\/\/sandsiv.com\/wp-content\/uploads\/2021\/08\/Group-1992-1.png\"\r\n                                    alt=\"Roles-based dashboards\" \/>\r\n                            <\/picture>\r\n                                                    <\/div>\r\n                    <\/div>\r\n                <\/div>\r\n                                <div class=\"text_imagevideo__item module scroll-fade\">\r\n                    <div\r\n                        class=\"text_imagevideo__item__inner imagePosition_left\">\r\n                        <div class=\"contant\">\r\n                                                                                    <h1 class=\"title\">Integrazione e formazione                            <\/h1>                                                        <div class=\"text\">sandsiv+ ha fornito insight approfonditi e altamente reattivi che hanno aiutato i call center e altre operazioni rivolte ai clienti ad anticipare e soddisfare le esigenze dei clienti. SANDSIV ha collaborato con il cliente per integrare la soluzione con i suoi sistemi esistenti e offrire formazione specializzata ai dipendenti interni e a contatto con il clinete per consentire l&#8217;adozione di un approccio customer-centric in tutta l&#8217;azienda.                            <\/div>                                                    <\/div>\r\n                        <div class=\"image_video\">\r\n                                                        <picture class=\"img\"                                 >\r\n                                <source\r\n                                    srcset=\"https:\/\/sandsiv.com\/wp-content\/uploads\/2021\/08\/Group-2003.png\">\r\n                                <img decoding=\"async\" src=\"https:\/\/sandsiv.com\/wp-content\/uploads\/2021\/08\/Group-2003.png\"\r\n                                    alt=\"customization\" \/>\r\n                            <\/picture>\r\n                                                    <\/div>\r\n                    <\/div>\r\n                <\/div>\r\n                            <\/div>\r\n        <\/div>\r\n            <\/div>\r\n<\/div>\n\n\r\n<div id=\"frames_section-block_f90df9e070fb6ed8303e20fc2b648ccb\" class=\"frames_section scroll-fade\">\r\n    <div class=\"module mt_0  mb_0\">  \r\n        <div class=\"bg_clr_section bg_clr_turquoise\">               \r\n            <div class=\"container\">\r\n                <div class=\"frames_section_inner\"> \r\n                                            <div class=\"heading\">\r\n                            <span style=\"color: #404040;\">Conclusioni<\/span>                        <\/div>\r\n                                                                <div class=\"text\">\r\n                            <p><span style=\"color: #404040;\">In questo caso studio Roche, abbiamo visto come SANDSIV ha aiutato la prestigiosa azienda farmaceutica a lanciare la sua prima campagna aziendale di VoC, in cui ha inviato oltre 6000 survey alla sua rete di medici, ottenendo un tasso di risposta del 25%.<\/span><\/p>\n                        <\/div>\r\n                                                        <\/div>\r\n            <\/div>\r\n        <\/div>\r\n    <\/div>\r\n<\/div>\n\n\r\n<div id=\"frames_section-block_26036f8703f45af1ca1daaa6a62681f6\" class=\"frames_section scroll-fade\">\r\n    <div class=\"module mt_0  mb_0\">  \r\n        <div class=\"bg_clr_section bg_clr_red\">               \r\n            <div class=\"container\">\r\n                <div class=\"frames_section_inner\"> \r\n                                            <div class=\"heading\">\r\n                            Inizia subito a crescere con sandsiv+                        <\/div>\r\n                                                                                    <div class=\"button_section\">\r\n                            <a class=\"btn btn--white \" href=\"https:\/\/sandsiv.com\/it\/richiedi-una-demo\/\" >\r\n                                Richiedi una demo                            <\/a>\r\n                        <\/div>\r\n                                    <\/div>\r\n            <\/div>\r\n        <\/div>\r\n    <\/div>\r\n<\/div>","protected":false},"excerpt":{"rendered":"","protected":false},"author":5,"featured_media":0,"parent":8240,"menu_order":0,"comment_status":"closed","ping_status":"closed","template":"","meta":{"content-type":"","footnotes":""},"class_list":["post-8234","page","type-page","status-publish","hentry"],"acf":[],"yoast_head":"<!-- This site is optimized with the Yoast SEO Premium plugin v26.9 (Yoast SEO v27.3) - https:\/\/yoast.com\/product\/yoast-seo-premium-wordpress\/ -->\n<title>Caso studio Roche - sandsiv+ %<\/title>\n<meta name=\"description\" content=\"Caso studio Roche: l&#039;azienda farmaceutica ha ottenuto un tasso di risposta del 25% nella sua prima campagna di VoC con sandsiv+.\" \/>\n<meta name=\"robots\" content=\"index, follow, max-snippet:-1, max-image-preview:large, max-video-preview:-1\" \/>\n<link rel=\"canonical\" href=\"https:\/\/sandsiv.com\/it\/storie-di-successo\/caso-studio-roche\/\" \/>\n<meta property=\"og:locale\" content=\"it_IT\" \/>\n<meta property=\"og:type\" content=\"article\" \/>\n<meta property=\"og:title\" content=\"Caso studio Roche\" \/>\n<meta property=\"og:description\" content=\"Caso studio Roche: l&#039;azienda farmaceutica ha ottenuto un tasso di risposta del 25% nella sua prima campagna di VoC con sandsiv+.\" \/>\n<meta property=\"og:url\" content=\"https:\/\/sandsiv.com\/it\/storie-di-successo\/caso-studio-roche\/\" \/>\n<meta property=\"og:site_name\" content=\"sandsiv+\" \/>\n<meta property=\"article:modified_time\" content=\"2023-09-07T11:55:21+00:00\" \/>\n<meta name=\"twitter:card\" content=\"summary_large_image\" \/>\n<script type=\"application\/ld+json\" class=\"yoast-schema-graph\">{\"@context\":\"https:\\\/\\\/schema.org\",\"@graph\":[{\"@type\":\"WebPage\",\"@id\":\"https:\\\/\\\/sandsiv.com\\\/it\\\/storie-di-successo\\\/caso-studio-roche\\\/\",\"url\":\"https:\\\/\\\/sandsiv.com\\\/it\\\/storie-di-successo\\\/caso-studio-roche\\\/\",\"name\":\"Caso studio Roche - sandsiv+ %\",\"isPartOf\":{\"@id\":\"https:\\\/\\\/sandsiv.com\\\/#website\"},\"datePublished\":\"2021-08-12T14:40:48+00:00\",\"dateModified\":\"2023-09-07T11:55:21+00:00\",\"description\":\"Caso studio Roche: l'azienda farmaceutica ha ottenuto un tasso di risposta del 25% nella sua prima campagna di VoC con sandsiv+.\",\"breadcrumb\":{\"@id\":\"https:\\\/\\\/sandsiv.com\\\/it\\\/storie-di-successo\\\/caso-studio-roche\\\/#breadcrumb\"},\"inLanguage\":\"it-IT\",\"potentialAction\":[{\"@type\":\"ReadAction\",\"target\":[\"https:\\\/\\\/sandsiv.com\\\/it\\\/storie-di-successo\\\/caso-studio-roche\\\/\"]}]},{\"@type\":\"BreadcrumbList\",\"@id\":\"https:\\\/\\\/sandsiv.com\\\/it\\\/storie-di-successo\\\/caso-studio-roche\\\/#breadcrumb\",\"itemListElement\":[{\"@type\":\"ListItem\",\"position\":1,\"name\":\"Home\",\"item\":\"https:\\\/\\\/sandsiv.com\\\/it\\\/\"},{\"@type\":\"ListItem\",\"position\":2,\"name\":\"Storie di successo\",\"item\":\"https:\\\/\\\/sandsiv.com\\\/it\\\/storie-di-successo\\\/\"},{\"@type\":\"ListItem\",\"position\":3,\"name\":\"Caso studio Roche\"}]},{\"@type\":\"WebSite\",\"@id\":\"https:\\\/\\\/sandsiv.com\\\/#website\",\"url\":\"https:\\\/\\\/sandsiv.com\\\/\",\"name\":\"sandsiv+\",\"description\":\"Customer Intelligence Made In Switzerland\",\"publisher\":{\"@id\":\"https:\\\/\\\/sandsiv.com\\\/#organization\"},\"potentialAction\":[{\"@type\":\"SearchAction\",\"target\":{\"@type\":\"EntryPoint\",\"urlTemplate\":\"https:\\\/\\\/sandsiv.com\\\/?s={search_term_string}\"},\"query-input\":{\"@type\":\"PropertyValueSpecification\",\"valueRequired\":true,\"valueName\":\"search_term_string\"}}],\"inLanguage\":\"it-IT\"},{\"@type\":\"Organization\",\"@id\":\"https:\\\/\\\/sandsiv.com\\\/#organization\",\"name\":\"sandsiv+\",\"url\":\"https:\\\/\\\/sandsiv.com\\\/\",\"logo\":{\"@type\":\"ImageObject\",\"inLanguage\":\"it-IT\",\"@id\":\"https:\\\/\\\/sandsiv.com\\\/#\\\/schema\\\/logo\\\/image\\\/\",\"url\":\"https:\\\/\\\/sandsiv.com\\\/wp-content\\\/uploads\\\/2021\\\/08\\\/logo-light-normal.svg\",\"contentUrl\":\"https:\\\/\\\/sandsiv.com\\\/wp-content\\\/uploads\\\/2021\\\/08\\\/logo-light-normal.svg\",\"width\":376,\"height\":67,\"caption\":\"sandsiv+\"},\"image\":{\"@id\":\"https:\\\/\\\/sandsiv.com\\\/#\\\/schema\\\/logo\\\/image\\\/\"}}]}<\/script>\n<!-- \/ Yoast SEO Premium plugin. -->","yoast_head_json":{"title":"Caso studio Roche - sandsiv+ %","description":"Caso studio Roche: l'azienda farmaceutica ha ottenuto un tasso di risposta del 25% nella sua prima campagna di VoC con sandsiv+.","robots":{"index":"index","follow":"follow","max-snippet":"max-snippet:-1","max-image-preview":"max-image-preview:large","max-video-preview":"max-video-preview:-1"},"canonical":"https:\/\/sandsiv.com\/it\/storie-di-successo\/caso-studio-roche\/","og_locale":"it_IT","og_type":"article","og_title":"Caso studio Roche","og_description":"Caso studio Roche: l'azienda farmaceutica ha ottenuto un tasso di risposta del 25% nella sua prima campagna di VoC con sandsiv+.","og_url":"https:\/\/sandsiv.com\/it\/storie-di-successo\/caso-studio-roche\/","og_site_name":"sandsiv+","article_modified_time":"2023-09-07T11:55:21+00:00","twitter_card":"summary_large_image","schema":{"@context":"https:\/\/schema.org","@graph":[{"@type":"WebPage","@id":"https:\/\/sandsiv.com\/it\/storie-di-successo\/caso-studio-roche\/","url":"https:\/\/sandsiv.com\/it\/storie-di-successo\/caso-studio-roche\/","name":"Caso studio Roche - sandsiv+ %","isPartOf":{"@id":"https:\/\/sandsiv.com\/#website"},"datePublished":"2021-08-12T14:40:48+00:00","dateModified":"2023-09-07T11:55:21+00:00","description":"Caso studio Roche: l'azienda farmaceutica ha ottenuto un tasso di risposta del 25% nella sua prima campagna di VoC con sandsiv+.","breadcrumb":{"@id":"https:\/\/sandsiv.com\/it\/storie-di-successo\/caso-studio-roche\/#breadcrumb"},"inLanguage":"it-IT","potentialAction":[{"@type":"ReadAction","target":["https:\/\/sandsiv.com\/it\/storie-di-successo\/caso-studio-roche\/"]}]},{"@type":"BreadcrumbList","@id":"https:\/\/sandsiv.com\/it\/storie-di-successo\/caso-studio-roche\/#breadcrumb","itemListElement":[{"@type":"ListItem","position":1,"name":"Home","item":"https:\/\/sandsiv.com\/it\/"},{"@type":"ListItem","position":2,"name":"Storie di successo","item":"https:\/\/sandsiv.com\/it\/storie-di-successo\/"},{"@type":"ListItem","position":3,"name":"Caso studio Roche"}]},{"@type":"WebSite","@id":"https:\/\/sandsiv.com\/#website","url":"https:\/\/sandsiv.com\/","name":"sandsiv+","description":"Customer Intelligence Made In Switzerland","publisher":{"@id":"https:\/\/sandsiv.com\/#organization"},"potentialAction":[{"@type":"SearchAction","target":{"@type":"EntryPoint","urlTemplate":"https:\/\/sandsiv.com\/?s={search_term_string}"},"query-input":{"@type":"PropertyValueSpecification","valueRequired":true,"valueName":"search_term_string"}}],"inLanguage":"it-IT"},{"@type":"Organization","@id":"https:\/\/sandsiv.com\/#organization","name":"sandsiv+","url":"https:\/\/sandsiv.com\/","logo":{"@type":"ImageObject","inLanguage":"it-IT","@id":"https:\/\/sandsiv.com\/#\/schema\/logo\/image\/","url":"https:\/\/sandsiv.com\/wp-content\/uploads\/2021\/08\/logo-light-normal.svg","contentUrl":"https:\/\/sandsiv.com\/wp-content\/uploads\/2021\/08\/logo-light-normal.svg","width":376,"height":67,"caption":"sandsiv+"},"image":{"@id":"https:\/\/sandsiv.com\/#\/schema\/logo\/image\/"}}]}},"_links":{"self":[{"href":"https:\/\/sandsiv.com\/it\/wp-json\/wp\/v2\/pages\/8234","targetHints":{"allow":["GET"]}}],"collection":[{"href":"https:\/\/sandsiv.com\/it\/wp-json\/wp\/v2\/pages"}],"about":[{"href":"https:\/\/sandsiv.com\/it\/wp-json\/wp\/v2\/types\/page"}],"author":[{"embeddable":true,"href":"https:\/\/sandsiv.com\/it\/wp-json\/wp\/v2\/users\/5"}],"replies":[{"embeddable":true,"href":"https:\/\/sandsiv.com\/it\/wp-json\/wp\/v2\/comments?post=8234"}],"version-history":[{"count":0,"href":"https:\/\/sandsiv.com\/it\/wp-json\/wp\/v2\/pages\/8234\/revisions"}],"up":[{"embeddable":true,"href":"https:\/\/sandsiv.com\/it\/wp-json\/wp\/v2\/pages\/8240"}],"wp:attachment":[{"href":"https:\/\/sandsiv.com\/it\/wp-json\/wp\/v2\/media?parent=8234"}],"curies":[{"name":"wp","href":"https:\/\/api.w.org\/{rel}","templated":true}]}}