
{"id":8226,"date":"2021-08-12T15:22:10","date_gmt":"2021-08-12T15:22:10","guid":{"rendered":"https:\/\/sandsiv.wpengine.com\/paytech-company\/"},"modified":"2023-09-07T11:53:25","modified_gmt":"2023-09-07T11:53:25","slug":"azienda-paytech","status":"publish","type":"page","link":"https:\/\/sandsiv.com\/it\/storie-di-successo\/azienda-paytech\/","title":{"rendered":"Azienda PayTech"},"content":{"rendered":"<div id=\"banner-block_9442c982f09aeee88eee3c0a4e7e584c\"\r\n    class=\"banner scroll-fade\">\r\n    <div\r\n        class=\"module mt_0  mb_0\">\r\n        <div class=\"container\">\r\n            <div class=\"banner__inner\">\r\n                <div class=\"banner__data\">\r\n                                        <h1 class=\"heading\">Servizi finanziari <strong\r\n                            class=\"heading_red\">Azienda PayTech<\/strong>                    <\/h1>\r\n                                                            <div class=\"description\">Trasformazione customer-centric di un&#8217;azienda PayTech: SANDSIV automatizza il lancio di milioni di survey per trovare altri modi per soddisfare i clienti e fidelizzarli.                    <\/div>                                                            <div class=\"banner__button\">\r\n                        <a href=\"https:\/\/sandsiv.com\/it\/richiedi-una-demo\/\"\r\n                            class=\"btn\" _self                            >Richiedi una demo<\/a>\r\n                    <\/div>\r\n                                                                            <\/div>\r\n                <div class=\"banner__media\">\r\n                                        <div class=\"banner__image\">\r\n                        <picture class=\"image\">\r\n                            <source srcset=\"\">\r\n                            <img decoding=\"async\" src=\"\"\r\n                                alt=\"\" \/>\r\n                        <\/picture>\r\n                    <\/div>\r\n                                                                            <\/div>\r\n            <\/div>\r\n        <\/div>\r\n    <\/div>\r\n<\/div>\n\n\r\n<div id=\"blog_post_content-block_65aa7a95acfaa36e3fcbc31645d0b75c\" class=\"blog_post_content scroll-fade\">\r\n    <div class=\"module \">\r\n\r\n                    <div class=\"container\">\r\n                                \r\n            <div class=\"blog_post_content_inner\"> \r\n                                    <div class=\"heading_section\">\r\n                        <div class=\"heading_text h1\">\r\n                            Contesto                        <\/div>\r\n                    <\/div>\r\n                                                    <div class=\"content_section\">\r\n                        <p>Fondada nel 2017, questa azienda italiana PayTech \u00e8 specializzata in pagamenti digitali con tecnologia omnicanale end-to-end. Come uno dei principali gruppi fintech in Europa, l&#8217;azienda gestisce 2 milioni di rivenditori, gestendo 120 milioni di carte, elaborando pi\u00f9 di 21.000 transazioni all&#8217;anno.<\/p>\n<p><strong>L&#8217;obiettivo<\/strong><br \/>\nL&#8217;azienda aveva bisogno di uno strumento che l&#8217;aiutasse a trasformarsi in un&#8217;azienda customer-centric.<\/p>\n<p><strong>La sfida<\/strong><br \/>\nL&#8217;azienda aveva difficolt\u00e0 a identificare i momenti critici nel customer journey, valutare i punti deboli e trovare opportunti\u00e0 per soddisfare i clienti. Senza una soluzione solida di voce del cliente (VoC), non c&#8217;era modo di analizzare i dati e sviluppare strategie intelligenti incentrate sul cliente.<\/p>\n<p>Senza questi dati cruciali, non potevano definire azioni per realizzare il close the loop di feedback del cliente del Net Promoter System (NPS). Il loop di feedback NPS include un inner loop, che consente ai dipendenti in prima linea di ascoltare immediatamente il feedback dei clienti, e un outer loop, che promuove miglioramenti strutturali all&#8217;interno delle operazioni di assistenza clienti.<\/p>\n<p><strong>Ulteriori sfide:<\/strong><\/p>\n<ul>\n<li>Definire e dare priorit\u00e0 alle iniziative<\/li>\n<li>Raccolta e analisi dei dati di benchmarking della Customer Experience per diversi punti di contatto<\/li>\n<li>La necessit\u00e0 di implementare nuovi punti di contatto NPS per raccogliere e analizzare i dati sulle performance<\/li>\n<li>Mancanza di visibilit\u00e0 sulle performance e sui KPI a causa dell&#8217;assenza di dashboard sulla Customer Experience<\/li>\n<li>Adozione di una cultura generale incentrata sul cliente in tutta l&#8217;azienda<\/li>\n<\/ul>\n                    <\/div>\r\n                            <\/div>\r\n        <\/div>\r\n    <\/div>\r\n<\/div>\n\n\r\n<div id=\"blog_post_content-block_09e7c1a96e12ff2ee0e49dc94116581d\" class=\"blog_post_content scroll-fade\">\r\n    <div class=\"module \">\r\n\r\n                    <div class=\"container\">\r\n                                \r\n            <div class=\"blog_post_content_inner\"> \r\n                                    <div class=\"heading_section\">\r\n                        <div class=\"heading_text h1\">\r\n                            Il nostro approccio                        <\/div>\r\n                    <\/div>\r\n                                                    <div class=\"content_section\">\r\n                        <p>L&#8217;azienda PayTech ha collaborato con SANDSIV per lanciare la nostra soluzione di VoC Aziendale, sandsiv+. La soluzione \u00e8 una piattaforma di gestione della Customer Experience (CXM) completamente automatizzata che unifica tutte le fonti di dati di dati strutturati e non strutturati dei clienti in un unico repository. Con il potere dei big data e della customer intelligence, l&#8217;azienda potrebbe sbloccare alcune opportunit\u00e0 aziendali di valore.<\/p>\n<p>L&#8217;azienda ha integrato sandsiv+ nelle sue operazioni di assistenza personalizzata per:<\/p>\n<ul>\n<li>Migrare i dati storici delle survey<\/li>\n<li>Inviare survey via email ed SMS ai suoi milioni di utenti finali e ai commercianti<\/li>\n<li>Fornire dashboard personalizzabili<\/li>\n<li>Pubblicare survey nei bancomat e dispositivi commerciali<\/li>\n<\/ul>\n<div id=\"contentsContainer\" class=\"style-scope qowt-page\">\n<div id=\"contents\" class=\"style-scope qowt-page\"><\/div>\n<\/div>\n                    <\/div>\r\n                            <\/div>\r\n        <\/div>\r\n    <\/div>\r\n<\/div>\n\n<div id=\"text_imagevideo-block_f0f0c23073048e4f45236d032d8892b6\"\r\n    class=\"text_imagevideo scroll-fade\">\r\n    <div class=\"container\">\r\n                <div class=\"text_imagevideo__inner\">\r\n                        <h1 class=\"heading\">Implementazione            <\/h1>            <div\r\n                class=\"text_imagevideo__list \">\r\n                                <div class=\"text_imagevideo__item module scroll-fade\">\r\n                    <div\r\n                        class=\"text_imagevideo__item__inner imagePosition_left\">\r\n                        <div class=\"contant\">\r\n                                                                                    <h1 class=\"title\">Raccolta del feedback                            <\/h1>                                                        <div class=\"text\">sandsiv+ ha raccolto dati dei clienti attraverso canali diretti, indiretti e dedotti, comprese le fonti di dati interne ed esterne. Abbiamo usato tutti i touchpoint digitali e fisici, consentendo al cliente di valutare tutti i punti strategici del customer journey. Abbiamo anche aiutato il cliente a progettare e a implementare survey di feedback dei clienti in tempo reale attraverso diversi canali e lingue.                            <\/div>                                                    <\/div>\r\n                        <div class=\"image_video\">\r\n                                                        <picture class=\"img\"                                 >\r\n                                <source\r\n                                    srcset=\"https:\/\/sandsiv.com\/wp-content\/uploads\/2021\/08\/Surveys-Reviews-Socials-1.png\">\r\n                                <img decoding=\"async\" src=\"https:\/\/sandsiv.com\/wp-content\/uploads\/2021\/08\/Surveys-Reviews-Socials-1.png\"\r\n                                    alt=\"Survey &#038; unify\" \/>\r\n                            <\/picture>\r\n                                                    <\/div>\r\n                    <\/div>\r\n                <\/div>\r\n                                <div class=\"text_imagevideo__item module scroll-fade\">\r\n                    <div\r\n                        class=\"text_imagevideo__item__inner imagePosition_right\">\r\n                        <div class=\"contant\">\r\n                                                                                    <h1 class=\"title\">Dashboard                            <\/h1>                                                        <div class=\"text\">Per utilizzare in maniera efficace e redditizia i dati raccolti da sandsiv+, il cliente ha implementato la nostra suite di dashboard dettagliate e reattive, personalizzate per ogni responsabile delle decisione in tutta l&#8217;azienda. Le nostre dashboard VoC Visual sono facili da usare e offrono i risultati in tempo reale sulla Customer Experience e sui dati interni di CRM, in modo tale che ogni dipendente abbia accesso alle informazioni corrette nel momento giusto.                            <\/div>                                                    <\/div>\r\n                        <div class=\"image_video\">\r\n                                                        <picture class=\"img\"                                 >\r\n                                <source\r\n                                    srcset=\"https:\/\/sandsiv.com\/wp-content\/uploads\/2021\/08\/Group-1992-1.png\">\r\n                                <img decoding=\"async\" src=\"https:\/\/sandsiv.com\/wp-content\/uploads\/2021\/08\/Group-1992-1.png\"\r\n                                    alt=\"Roles-based dashboards\" \/>\r\n                            <\/picture>\r\n                                                    <\/div>\r\n                    <\/div>\r\n                <\/div>\r\n                                <div class=\"text_imagevideo__item module scroll-fade\">\r\n                    <div\r\n                        class=\"text_imagevideo__item__inner imagePosition_left\">\r\n                        <div class=\"contant\">\r\n                                                                                    <h1 class=\"title\">Integrazione e formazione                            <\/h1>                                                        <div class=\"text\">sandsiv+ ha fornito insight approfonditi e altamente reattivi che hanno aiutato i call center e altre operazioni rivolte ai clienti ad anticipare e soddisfare le esigenze dei clienti. SANDSIV ha collaborato con il cliente per integrare la soluzione con i suoi sistemi esistenti e offrire formazioni specializzata ai dipendenti interni e a contatto con il cliente per consentire l&#8217;adozione di un approccio customer-centric in tutta l&#8217;azienda.                            <\/div>                                                    <\/div>\r\n                        <div class=\"image_video\">\r\n                                                        <picture class=\"img\"                                 >\r\n                                <source\r\n                                    srcset=\"https:\/\/sandsiv.com\/wp-content\/uploads\/2021\/08\/Group-2003.png\">\r\n                                <img decoding=\"async\" src=\"https:\/\/sandsiv.com\/wp-content\/uploads\/2021\/08\/Group-2003.png\"\r\n                                    alt=\"customization\" \/>\r\n                            <\/picture>\r\n                                                    <\/div>\r\n                    <\/div>\r\n                <\/div>\r\n                            <\/div>\r\n        <\/div>\r\n            <\/div>\r\n<\/div>\n\n\r\n<div id=\"frames_section-block_44dea127b621d41a1c61b925da0d744e\" class=\"frames_section scroll-fade\">\r\n    <div class=\"module mt_0  mb_0\">  \r\n        <div class=\"bg_clr_section bg_clr_turquoise\">               \r\n            <div class=\"container\">\r\n                <div class=\"frames_section_inner\"> \r\n                                            <div class=\"heading\">\r\n                            <span style=\"color: #404040;\">Conclusioni<\/span>                        <\/div>\r\n                                                                <div class=\"text\">\r\n                            <p><span style=\"color: #404040;\">In un anno, l&#8217;azienda di PayTech \u00e8 stata in grado di inviare pi\u00f9 di 4 milioni di survey. L&#8217;azienda ha centralizzato tutte le unit\u00e0 organizzative dei canali business-to-business (B2B) e business-to-customer (B2C) in un&#8217;unica piattaforma di VoC. Ogni business unit ha implementato la sua dashboard personalizzata per ottenere insight e KPI pi\u00f9 approfonditi, e ora pu\u00f2 analizzare i dati dei clienti per sentiment e tema.<\/span><\/p>\n                        <\/div>\r\n                                                        <\/div>\r\n            <\/div>\r\n        <\/div>\r\n    <\/div>\r\n<\/div>\n\n\r\n<div id=\"frames_section-block_fd5b8e6d44debde8a68519e37cfc8370\" class=\"frames_section scroll-fade\">\r\n    <div class=\"module mt_0  mb_0\">  \r\n        <div class=\"bg_clr_section bg_clr_red\">               \r\n            <div class=\"container\">\r\n                <div class=\"frames_section_inner\"> \r\n                                            <div class=\"heading\">\r\n                            Inizia subito a crescere con sandsiv+                        <\/div>\r\n                                                                                    <div class=\"button_section\">\r\n                            <a class=\"btn btn--white \" href=\"https:\/\/sandsiv.com\/it\/richiedi-una-demo\/\" >\r\n                                Richiedi una demo                            <\/a>\r\n                        <\/div>\r\n                                    <\/div>\r\n            <\/div>\r\n        <\/div>\r\n    <\/div>\r\n<\/div>","protected":false},"excerpt":{"rendered":"","protected":false},"author":5,"featured_media":0,"parent":8240,"menu_order":0,"comment_status":"closed","ping_status":"closed","template":"","meta":{"content-type":"","footnotes":""},"class_list":["post-8226","page","type-page","status-publish","hentry"],"acf":[],"yoast_head":"<!-- This site is optimized with the Yoast SEO Premium plugin v26.9 (Yoast SEO v27.4) - https:\/\/yoast.com\/product\/yoast-seo-premium-wordpress\/ -->\n<title>Azienda PayTech - sandsiv+ %<\/title>\n<meta name=\"description\" content=\"Caso studio. Trasformazione customer-centric di un&#039;azienda PayTech: SANDSIV automatizza il lancio di milioni di survey.\" \/>\n<meta name=\"robots\" content=\"index, follow, max-snippet:-1, max-image-preview:large, max-video-preview:-1\" \/>\n<link rel=\"canonical\" href=\"https:\/\/sandsiv.com\/it\/storie-di-successo\/azienda-paytech\/\" \/>\n<meta property=\"og:locale\" content=\"it_IT\" \/>\n<meta property=\"og:type\" content=\"article\" \/>\n<meta property=\"og:title\" content=\"Azienda PayTech\" \/>\n<meta property=\"og:description\" content=\"Caso studio. Trasformazione customer-centric di un&#039;azienda PayTech: SANDSIV automatizza il lancio di milioni di survey.\" \/>\n<meta property=\"og:url\" content=\"https:\/\/sandsiv.com\/it\/storie-di-successo\/azienda-paytech\/\" \/>\n<meta property=\"og:site_name\" content=\"sandsiv+\" \/>\n<meta property=\"article:modified_time\" content=\"2023-09-07T11:53:25+00:00\" \/>\n<meta name=\"twitter:card\" content=\"summary_large_image\" \/>\n<script type=\"application\/ld+json\" class=\"yoast-schema-graph\">{\"@context\":\"https:\\\/\\\/schema.org\",\"@graph\":[{\"@type\":\"WebPage\",\"@id\":\"https:\\\/\\\/sandsiv.com\\\/it\\\/storie-di-successo\\\/azienda-paytech\\\/\",\"url\":\"https:\\\/\\\/sandsiv.com\\\/it\\\/storie-di-successo\\\/azienda-paytech\\\/\",\"name\":\"Azienda PayTech - sandsiv+ %\",\"isPartOf\":{\"@id\":\"https:\\\/\\\/sandsiv.com\\\/#website\"},\"datePublished\":\"2021-08-12T15:22:10+00:00\",\"dateModified\":\"2023-09-07T11:53:25+00:00\",\"description\":\"Caso studio. Trasformazione customer-centric di un'azienda PayTech: SANDSIV automatizza il lancio di milioni di survey.\",\"breadcrumb\":{\"@id\":\"https:\\\/\\\/sandsiv.com\\\/it\\\/storie-di-successo\\\/azienda-paytech\\\/#breadcrumb\"},\"inLanguage\":\"it-IT\",\"potentialAction\":[{\"@type\":\"ReadAction\",\"target\":[\"https:\\\/\\\/sandsiv.com\\\/it\\\/storie-di-successo\\\/azienda-paytech\\\/\"]}]},{\"@type\":\"BreadcrumbList\",\"@id\":\"https:\\\/\\\/sandsiv.com\\\/it\\\/storie-di-successo\\\/azienda-paytech\\\/#breadcrumb\",\"itemListElement\":[{\"@type\":\"ListItem\",\"position\":1,\"name\":\"Home\",\"item\":\"https:\\\/\\\/sandsiv.com\\\/it\\\/\"},{\"@type\":\"ListItem\",\"position\":2,\"name\":\"Storie di successo\",\"item\":\"https:\\\/\\\/sandsiv.com\\\/it\\\/storie-di-successo\\\/\"},{\"@type\":\"ListItem\",\"position\":3,\"name\":\"Azienda PayTech\"}]},{\"@type\":\"WebSite\",\"@id\":\"https:\\\/\\\/sandsiv.com\\\/#website\",\"url\":\"https:\\\/\\\/sandsiv.com\\\/\",\"name\":\"sandsiv+\",\"description\":\"Customer Intelligence Made In Switzerland\",\"publisher\":{\"@id\":\"https:\\\/\\\/sandsiv.com\\\/#organization\"},\"potentialAction\":[{\"@type\":\"SearchAction\",\"target\":{\"@type\":\"EntryPoint\",\"urlTemplate\":\"https:\\\/\\\/sandsiv.com\\\/?s={search_term_string}\"},\"query-input\":{\"@type\":\"PropertyValueSpecification\",\"valueRequired\":true,\"valueName\":\"search_term_string\"}}],\"inLanguage\":\"it-IT\"},{\"@type\":\"Organization\",\"@id\":\"https:\\\/\\\/sandsiv.com\\\/#organization\",\"name\":\"sandsiv+\",\"url\":\"https:\\\/\\\/sandsiv.com\\\/\",\"logo\":{\"@type\":\"ImageObject\",\"inLanguage\":\"it-IT\",\"@id\":\"https:\\\/\\\/sandsiv.com\\\/#\\\/schema\\\/logo\\\/image\\\/\",\"url\":\"https:\\\/\\\/sandsiv.com\\\/wp-content\\\/uploads\\\/2021\\\/08\\\/logo-light-normal.svg\",\"contentUrl\":\"https:\\\/\\\/sandsiv.com\\\/wp-content\\\/uploads\\\/2021\\\/08\\\/logo-light-normal.svg\",\"width\":376,\"height\":67,\"caption\":\"sandsiv+\"},\"image\":{\"@id\":\"https:\\\/\\\/sandsiv.com\\\/#\\\/schema\\\/logo\\\/image\\\/\"}}]}<\/script>\n<!-- \/ Yoast SEO Premium plugin. -->","yoast_head_json":{"title":"Azienda PayTech - sandsiv+ %","description":"Caso studio. Trasformazione customer-centric di un'azienda PayTech: SANDSIV automatizza il lancio di milioni di survey.","robots":{"index":"index","follow":"follow","max-snippet":"max-snippet:-1","max-image-preview":"max-image-preview:large","max-video-preview":"max-video-preview:-1"},"canonical":"https:\/\/sandsiv.com\/it\/storie-di-successo\/azienda-paytech\/","og_locale":"it_IT","og_type":"article","og_title":"Azienda PayTech","og_description":"Caso studio. Trasformazione customer-centric di un'azienda PayTech: SANDSIV automatizza il lancio di milioni di survey.","og_url":"https:\/\/sandsiv.com\/it\/storie-di-successo\/azienda-paytech\/","og_site_name":"sandsiv+","article_modified_time":"2023-09-07T11:53:25+00:00","twitter_card":"summary_large_image","schema":{"@context":"https:\/\/schema.org","@graph":[{"@type":"WebPage","@id":"https:\/\/sandsiv.com\/it\/storie-di-successo\/azienda-paytech\/","url":"https:\/\/sandsiv.com\/it\/storie-di-successo\/azienda-paytech\/","name":"Azienda PayTech - sandsiv+ %","isPartOf":{"@id":"https:\/\/sandsiv.com\/#website"},"datePublished":"2021-08-12T15:22:10+00:00","dateModified":"2023-09-07T11:53:25+00:00","description":"Caso studio. Trasformazione customer-centric di un'azienda PayTech: SANDSIV automatizza il lancio di milioni di survey.","breadcrumb":{"@id":"https:\/\/sandsiv.com\/it\/storie-di-successo\/azienda-paytech\/#breadcrumb"},"inLanguage":"it-IT","potentialAction":[{"@type":"ReadAction","target":["https:\/\/sandsiv.com\/it\/storie-di-successo\/azienda-paytech\/"]}]},{"@type":"BreadcrumbList","@id":"https:\/\/sandsiv.com\/it\/storie-di-successo\/azienda-paytech\/#breadcrumb","itemListElement":[{"@type":"ListItem","position":1,"name":"Home","item":"https:\/\/sandsiv.com\/it\/"},{"@type":"ListItem","position":2,"name":"Storie di successo","item":"https:\/\/sandsiv.com\/it\/storie-di-successo\/"},{"@type":"ListItem","position":3,"name":"Azienda PayTech"}]},{"@type":"WebSite","@id":"https:\/\/sandsiv.com\/#website","url":"https:\/\/sandsiv.com\/","name":"sandsiv+","description":"Customer Intelligence Made In Switzerland","publisher":{"@id":"https:\/\/sandsiv.com\/#organization"},"potentialAction":[{"@type":"SearchAction","target":{"@type":"EntryPoint","urlTemplate":"https:\/\/sandsiv.com\/?s={search_term_string}"},"query-input":{"@type":"PropertyValueSpecification","valueRequired":true,"valueName":"search_term_string"}}],"inLanguage":"it-IT"},{"@type":"Organization","@id":"https:\/\/sandsiv.com\/#organization","name":"sandsiv+","url":"https:\/\/sandsiv.com\/","logo":{"@type":"ImageObject","inLanguage":"it-IT","@id":"https:\/\/sandsiv.com\/#\/schema\/logo\/image\/","url":"https:\/\/sandsiv.com\/wp-content\/uploads\/2021\/08\/logo-light-normal.svg","contentUrl":"https:\/\/sandsiv.com\/wp-content\/uploads\/2021\/08\/logo-light-normal.svg","width":376,"height":67,"caption":"sandsiv+"},"image":{"@id":"https:\/\/sandsiv.com\/#\/schema\/logo\/image\/"}}]}},"_links":{"self":[{"href":"https:\/\/sandsiv.com\/it\/wp-json\/wp\/v2\/pages\/8226","targetHints":{"allow":["GET"]}}],"collection":[{"href":"https:\/\/sandsiv.com\/it\/wp-json\/wp\/v2\/pages"}],"about":[{"href":"https:\/\/sandsiv.com\/it\/wp-json\/wp\/v2\/types\/page"}],"author":[{"embeddable":true,"href":"https:\/\/sandsiv.com\/it\/wp-json\/wp\/v2\/users\/5"}],"replies":[{"embeddable":true,"href":"https:\/\/sandsiv.com\/it\/wp-json\/wp\/v2\/comments?post=8226"}],"version-history":[{"count":0,"href":"https:\/\/sandsiv.com\/it\/wp-json\/wp\/v2\/pages\/8226\/revisions"}],"up":[{"embeddable":true,"href":"https:\/\/sandsiv.com\/it\/wp-json\/wp\/v2\/pages\/8240"}],"wp:attachment":[{"href":"https:\/\/sandsiv.com\/it\/wp-json\/wp\/v2\/media?parent=8226"}],"curies":[{"name":"wp","href":"https:\/\/api.w.org\/{rel}","templated":true}]}}