
{"id":8219,"date":"2023-02-16T11:58:53","date_gmt":"2023-02-16T11:58:53","guid":{"rendered":"https:\/\/sandsiv.wpengine.com\/omdia-names-sandsiv-a-substantial-market-challenger\/"},"modified":"2023-07-19T11:16:44","modified_gmt":"2023-07-19T11:16:44","slug":"omdia-nomina-sandsiv-un-importante-competitor-del-mercato","status":"publish","type":"page","link":"https:\/\/sandsiv.com\/it\/omdia-nomina-sandsiv-un-importante-competitor-del-mercato\/","title":{"rendered":"OMDIA nomina SANDSIV un importante competitor del mercato"},"content":{"rendered":"<div id=\"banner-block_6627f2004d1b247b7067b4cb6502ba94\"\r\n    class=\"banner scroll-fade\">\r\n    <div\r\n        class=\"module mt_0  mb_0\">\r\n        <div class=\"container\">\r\n            <div class=\"banner__inner\">\r\n                <div class=\"banner__data\">\r\n                                        <h1 class=\"heading\">OMDIA nomina SANDSIV <strong\r\n                            class=\"heading_red\">Substantial CXM Market Challenger<\/strong>                    <\/h1>\r\n                                                            <div class=\"description\">OMDIA nomina SANDSIV un Substantial CXM Market Challenger nelle piattaforme di gestione delle esperienze basate sull&#8217;IA.                    <\/div>                                                            <div class=\"banner__button\">\r\n                        <a href=\"https:\/\/sandsiv.wpengine.com\/it\/contattaci\/\"\r\n                            class=\"btn\" _self                            >Parliamone<\/a>\r\n                    <\/div>\r\n                                                                            <\/div>\r\n                <div class=\"banner__media\">\r\n                                        <div class=\"banner__image\">\r\n                        <picture class=\"image\">\r\n                            <source srcset=\"https:\/\/sandsiv.com\/wp-content\/uploads\/2023\/02\/sandsiv-social-WEB-67.png\">\r\n                            <img decoding=\"async\" src=\"https:\/\/sandsiv.com\/wp-content\/uploads\/2023\/02\/sandsiv-social-WEB-67.png\"\r\n                                alt=\"SANDSIV OMDIA recognition\" \/>\r\n                        <\/picture>\r\n                    <\/div>\r\n                                                                            <\/div>\r\n            <\/div>\r\n        <\/div>\r\n    <\/div>\r\n<\/div>\n\n\n<div id=\"post_content_with_download_link_two_columns-block_48a2116ef6f9fa8b299dbaedcc81d8d7\" class=\"post_content_with_download_link_two_columns scroll-fade\">\n    <div class=\"module \">                \n        <div class=\"container\">\n            <div class=\"post_content_with_download_link_two_columns_inner\"> \n                \t\t\t\t\t<div class=\"content_section\">\n\t\t\t\t\t\t\t\t\t\t\t\t\t<div class=\"content_section_inner\">\n                                                                    <div class=\"heading_text\">\n                                        OMDIA nomina SANDSIV un importante competitor del mercato                                    <\/div>\n                                                                                                    <div class=\"content\">\n                                        <p><span data-sheets-value=\"{&quot;1&quot;:2,&quot;2&quot;:&quot;Per poter controllare meglio il mercato, il report \\&quot;Omdia Market Radar: piattaforme di gestione delle esperienze basate sull'IA\\&quot; fornisce un'analisi indipendente del mercato e dei leader.&quot;}\" data-sheets-userformat=\"{&quot;2&quot;:4480,&quot;10&quot;:2,&quot;11&quot;:4,&quot;15&quot;:&quot;Arial&quot;}\">Per poter controllare meglio il mercato, il report &#8220;Omdia Market Radar: piattaforme di gestione delle esperienze basate sull&#8217;IA&#8221; fornisce un&#8217;analisi indipendente del mercato e dei leader.<\/span><\/p>\n<p>SANDSIV \u00e8 orgogliosa delle sue capacit\u00e0 tecniche solide, dell&#8217;innovazione continua di funzionalit\u00e0 avanzate, di un&#8217;implementazione pi\u00f9 veloce e di opzioni self-service migliorate, riducendo allo stesso tempo i costi.<\/p>\n<p>Scarica il report completo per scoprire perch\u00e9 SANDSIV si posiziona come un competitor del mercato nella fornitura di soluzioni ad aziende di tutte le dimensioni e settori in tutto il mondo.<\/p>\n                                    <\/div>\n                                \t\t\t\t\t\t\t<\/div>\n\t\t\t\t\t\t\t\t\t\t\t<\/div>\n                                <div class=\"download_link_section\">\n                    <div class=\"download_link_section_inner\">\n                                                                                                                                                                                                                <div class=\"contact_form_section\">\n                                    <script type=\"text\/javascript\" src=\"https:\/\/mautic.sandsiv.com\/form\/generate.js?id=104\"><\/script>                                <\/div>\n                                                                                <\/div>\n\n\t\t\t\t\t<\/div>\n\n\n  \n            <\/div>\n        <\/div>\n    <\/div>\n<\/div>\n\n\r\n<div id=\"frames_section-block_53f55772a8b7c43475171a7b11275893\" class=\"frames_section scroll-fade\">\r\n    <div class=\"module mt_0  mb_0\">  \r\n        <div class=\"bg_clr_section bg_clr_turquoise\">               \r\n            <div class=\"container\">\r\n                <div class=\"frames_section_inner\"> \r\n                                            <div class=\"heading\">\r\n                            <span style=\"color: #404040;\">Il mercato dei fornitori di CX \u00e8 estremamente competitivo.<\/span>                        <\/div>\r\n                                                                <div class=\"text\">\r\n                            <p><span style=\"color: #404040;\">Scegliere il partner giusto \u00e8 importante.<\/span><\/p>\n                        <\/div>\r\n                                                                <div class=\"button_section\">\r\n                            <a class=\"btn btn--white \" href=\"https:\/\/sandsiv.wpengine.com\/it\/sandsiv-awards-recognitions\/\" >\r\n                                Scopri i nostri riconoscimenti                            <\/a>\r\n                        <\/div>\r\n                                    <\/div>\r\n            <\/div>\r\n        <\/div>\r\n    <\/div>\r\n<\/div>\n\n\r\n<div id=\"frames_section-block_529c4f69b4942cb9f0310cd313f8b688\" class=\"frames_section scroll-fade\">\r\n    <div class=\"module mt_0  mb_0\">  \r\n        <div class=\"bg_clr_section bg_clr_red\">               \r\n            <div class=\"container\">\r\n                <div class=\"frames_section_inner\"> \r\n                                            <div class=\"heading\">\r\n                            Inizia subito a crescere con sandsiv+                        <\/div>\r\n                                                                                    <div class=\"button_section\">\r\n                            <a class=\"btn btn--white \" href=\"https:\/\/sandsiv.wpengine.com\/it\/richiedi-una-demo\/\" >\r\n                                Richiedi una demo                            <\/a>\r\n                        <\/div>\r\n                                    <\/div>\r\n            <\/div>\r\n        <\/div>\r\n    <\/div>\r\n<\/div>\n\n\n<p><\/p>\n","protected":false},"excerpt":{"rendered":"","protected":false},"author":9,"featured_media":0,"parent":0,"menu_order":0,"comment_status":"closed","ping_status":"closed","template":"","meta":{"content-type":"","footnotes":""},"class_list":["post-8219","page","type-page","status-publish","hentry"],"acf":[],"yoast_head":"<!-- This site is optimized with the Yoast SEO Premium plugin v26.9 (Yoast SEO v27.3) - https:\/\/yoast.com\/product\/yoast-seo-premium-wordpress\/ -->\n<title>OMDIA nomina SANDSIV un importante competitor del mercato - sandsiv+<\/title>\n<meta name=\"description\" content=\"L&#039;analista OMDIA nomina SANDSIV un importante competitor del mercato nel report &quot;piattaforme di gestione delle esperienze basate sull&#039;IA&quot;.\" \/>\n<meta name=\"robots\" content=\"index, follow, max-snippet:-1, max-image-preview:large, max-video-preview:-1\" \/>\n<link rel=\"canonical\" href=\"https:\/\/sandsiv.com\/it\/omdia-nomina-sandsiv-un-importante-competitor-del-mercato\/\" \/>\n<meta property=\"og:locale\" content=\"it_IT\" \/>\n<meta property=\"og:type\" content=\"article\" \/>\n<meta property=\"og:title\" content=\"OMDIA nomina SANDSIV un importante competitor del mercato\" \/>\n<meta property=\"og:description\" content=\"L&#039;analista OMDIA nomina SANDSIV un importante competitor del mercato nel report &quot;piattaforme di gestione delle esperienze basate sull&#039;IA&quot;.\" \/>\n<meta property=\"og:url\" content=\"https:\/\/sandsiv.com\/it\/omdia-nomina-sandsiv-un-importante-competitor-del-mercato\/\" \/>\n<meta property=\"og:site_name\" content=\"sandsiv+\" \/>\n<meta property=\"article:modified_time\" content=\"2023-07-19T11:16:44+00:00\" \/>\n<meta name=\"twitter:card\" content=\"summary_large_image\" \/>\n<script type=\"application\/ld+json\" class=\"yoast-schema-graph\">{\"@context\":\"https:\\\/\\\/schema.org\",\"@graph\":[{\"@type\":\"WebPage\",\"@id\":\"https:\\\/\\\/sandsiv.com\\\/it\\\/omdia-nomina-sandsiv-un-importante-competitor-del-mercato\\\/\",\"url\":\"https:\\\/\\\/sandsiv.com\\\/it\\\/omdia-nomina-sandsiv-un-importante-competitor-del-mercato\\\/\",\"name\":\"OMDIA nomina SANDSIV un importante competitor del mercato - sandsiv+\",\"isPartOf\":{\"@id\":\"https:\\\/\\\/sandsiv.com\\\/#website\"},\"datePublished\":\"2023-02-16T11:58:53+00:00\",\"dateModified\":\"2023-07-19T11:16:44+00:00\",\"description\":\"L'analista OMDIA nomina SANDSIV un importante competitor del mercato nel report \\\"piattaforme di gestione delle esperienze basate sull'IA\\\".\",\"breadcrumb\":{\"@id\":\"https:\\\/\\\/sandsiv.com\\\/it\\\/omdia-nomina-sandsiv-un-importante-competitor-del-mercato\\\/#breadcrumb\"},\"inLanguage\":\"it-IT\",\"potentialAction\":[{\"@type\":\"ReadAction\",\"target\":[\"https:\\\/\\\/sandsiv.com\\\/it\\\/omdia-nomina-sandsiv-un-importante-competitor-del-mercato\\\/\"]}]},{\"@type\":\"BreadcrumbList\",\"@id\":\"https:\\\/\\\/sandsiv.com\\\/it\\\/omdia-nomina-sandsiv-un-importante-competitor-del-mercato\\\/#breadcrumb\",\"itemListElement\":[{\"@type\":\"ListItem\",\"position\":1,\"name\":\"Home\",\"item\":\"https:\\\/\\\/sandsiv.com\\\/it\\\/\"},{\"@type\":\"ListItem\",\"position\":2,\"name\":\"OMDIA nomina SANDSIV un importante competitor del mercato\"}]},{\"@type\":\"WebSite\",\"@id\":\"https:\\\/\\\/sandsiv.com\\\/#website\",\"url\":\"https:\\\/\\\/sandsiv.com\\\/\",\"name\":\"sandsiv+\",\"description\":\"Customer Intelligence Made In Switzerland\",\"publisher\":{\"@id\":\"https:\\\/\\\/sandsiv.com\\\/#organization\"},\"potentialAction\":[{\"@type\":\"SearchAction\",\"target\":{\"@type\":\"EntryPoint\",\"urlTemplate\":\"https:\\\/\\\/sandsiv.com\\\/?s={search_term_string}\"},\"query-input\":{\"@type\":\"PropertyValueSpecification\",\"valueRequired\":true,\"valueName\":\"search_term_string\"}}],\"inLanguage\":\"it-IT\"},{\"@type\":\"Organization\",\"@id\":\"https:\\\/\\\/sandsiv.com\\\/#organization\",\"name\":\"sandsiv+\",\"url\":\"https:\\\/\\\/sandsiv.com\\\/\",\"logo\":{\"@type\":\"ImageObject\",\"inLanguage\":\"it-IT\",\"@id\":\"https:\\\/\\\/sandsiv.com\\\/#\\\/schema\\\/logo\\\/image\\\/\",\"url\":\"https:\\\/\\\/sandsiv.com\\\/wp-content\\\/uploads\\\/2021\\\/08\\\/logo-light-normal.svg\",\"contentUrl\":\"https:\\\/\\\/sandsiv.com\\\/wp-content\\\/uploads\\\/2021\\\/08\\\/logo-light-normal.svg\",\"width\":376,\"height\":67,\"caption\":\"sandsiv+\"},\"image\":{\"@id\":\"https:\\\/\\\/sandsiv.com\\\/#\\\/schema\\\/logo\\\/image\\\/\"}}]}<\/script>\n<!-- \/ Yoast SEO Premium plugin. -->","yoast_head_json":{"title":"OMDIA nomina SANDSIV un importante competitor del mercato - sandsiv+","description":"L'analista OMDIA nomina SANDSIV un importante competitor del mercato nel report \"piattaforme di gestione delle esperienze basate sull'IA\".","robots":{"index":"index","follow":"follow","max-snippet":"max-snippet:-1","max-image-preview":"max-image-preview:large","max-video-preview":"max-video-preview:-1"},"canonical":"https:\/\/sandsiv.com\/it\/omdia-nomina-sandsiv-un-importante-competitor-del-mercato\/","og_locale":"it_IT","og_type":"article","og_title":"OMDIA nomina SANDSIV un importante competitor del mercato","og_description":"L'analista OMDIA nomina SANDSIV un importante competitor del mercato nel report \"piattaforme di gestione delle esperienze basate sull'IA\".","og_url":"https:\/\/sandsiv.com\/it\/omdia-nomina-sandsiv-un-importante-competitor-del-mercato\/","og_site_name":"sandsiv+","article_modified_time":"2023-07-19T11:16:44+00:00","twitter_card":"summary_large_image","schema":{"@context":"https:\/\/schema.org","@graph":[{"@type":"WebPage","@id":"https:\/\/sandsiv.com\/it\/omdia-nomina-sandsiv-un-importante-competitor-del-mercato\/","url":"https:\/\/sandsiv.com\/it\/omdia-nomina-sandsiv-un-importante-competitor-del-mercato\/","name":"OMDIA nomina SANDSIV un importante competitor del mercato - sandsiv+","isPartOf":{"@id":"https:\/\/sandsiv.com\/#website"},"datePublished":"2023-02-16T11:58:53+00:00","dateModified":"2023-07-19T11:16:44+00:00","description":"L'analista OMDIA nomina SANDSIV un importante competitor del mercato nel report \"piattaforme di gestione delle esperienze basate sull'IA\".","breadcrumb":{"@id":"https:\/\/sandsiv.com\/it\/omdia-nomina-sandsiv-un-importante-competitor-del-mercato\/#breadcrumb"},"inLanguage":"it-IT","potentialAction":[{"@type":"ReadAction","target":["https:\/\/sandsiv.com\/it\/omdia-nomina-sandsiv-un-importante-competitor-del-mercato\/"]}]},{"@type":"BreadcrumbList","@id":"https:\/\/sandsiv.com\/it\/omdia-nomina-sandsiv-un-importante-competitor-del-mercato\/#breadcrumb","itemListElement":[{"@type":"ListItem","position":1,"name":"Home","item":"https:\/\/sandsiv.com\/it\/"},{"@type":"ListItem","position":2,"name":"OMDIA nomina SANDSIV un importante competitor del mercato"}]},{"@type":"WebSite","@id":"https:\/\/sandsiv.com\/#website","url":"https:\/\/sandsiv.com\/","name":"sandsiv+","description":"Customer Intelligence Made In Switzerland","publisher":{"@id":"https:\/\/sandsiv.com\/#organization"},"potentialAction":[{"@type":"SearchAction","target":{"@type":"EntryPoint","urlTemplate":"https:\/\/sandsiv.com\/?s={search_term_string}"},"query-input":{"@type":"PropertyValueSpecification","valueRequired":true,"valueName":"search_term_string"}}],"inLanguage":"it-IT"},{"@type":"Organization","@id":"https:\/\/sandsiv.com\/#organization","name":"sandsiv+","url":"https:\/\/sandsiv.com\/","logo":{"@type":"ImageObject","inLanguage":"it-IT","@id":"https:\/\/sandsiv.com\/#\/schema\/logo\/image\/","url":"https:\/\/sandsiv.com\/wp-content\/uploads\/2021\/08\/logo-light-normal.svg","contentUrl":"https:\/\/sandsiv.com\/wp-content\/uploads\/2021\/08\/logo-light-normal.svg","width":376,"height":67,"caption":"sandsiv+"},"image":{"@id":"https:\/\/sandsiv.com\/#\/schema\/logo\/image\/"}}]}},"_links":{"self":[{"href":"https:\/\/sandsiv.com\/it\/wp-json\/wp\/v2\/pages\/8219","targetHints":{"allow":["GET"]}}],"collection":[{"href":"https:\/\/sandsiv.com\/it\/wp-json\/wp\/v2\/pages"}],"about":[{"href":"https:\/\/sandsiv.com\/it\/wp-json\/wp\/v2\/types\/page"}],"author":[{"embeddable":true,"href":"https:\/\/sandsiv.com\/it\/wp-json\/wp\/v2\/users\/9"}],"replies":[{"embeddable":true,"href":"https:\/\/sandsiv.com\/it\/wp-json\/wp\/v2\/comments?post=8219"}],"version-history":[{"count":0,"href":"https:\/\/sandsiv.com\/it\/wp-json\/wp\/v2\/pages\/8219\/revisions"}],"wp:attachment":[{"href":"https:\/\/sandsiv.com\/it\/wp-json\/wp\/v2\/media?parent=8219"}],"curies":[{"name":"wp","href":"https:\/\/api.w.org\/{rel}","templated":true}]}}