
{"id":8200,"date":"2023-02-03T12:13:18","date_gmt":"2023-02-03T12:13:18","guid":{"rendered":"https:\/\/sandsiv.wpengine.com\/influencers-please-dont-mess-with-statistics\/"},"modified":"2023-07-19T11:05:27","modified_gmt":"2023-07-19T11:05:27","slug":"influencer-per-favore-non-giocate-con-le-statistiche","status":"publish","type":"page","link":"https:\/\/sandsiv.com\/it\/il-nostro-blog\/influencer-per-favore-non-giocate-con-le-statistiche\/","title":{"rendered":"Influencer, per favore, non giocate con le statistiche!"},"content":{"rendered":"<div id=\"banner-block_f97d50de745723ba7d23ff6458f1efda\"\r\n    class=\"banner scroll-fade\">\r\n    <div\r\n        class=\"module mt_0  mb_0\">\r\n        <div class=\"container\">\r\n            <div class=\"banner__inner\">\r\n                <div class=\"banner__data\">\r\n                                        <h1 class=\"heading\">Influencer, per favore, non giocate con le statistiche!<strong\r\n                            class=\"heading_red\">Articolo<\/strong>                    <\/h1>\r\n                                                            <div class=\"description\">30 novembre 2022 &#8211; Influencer, per favore, non giocate con le statistiche!                    <\/div>                                                            <div class=\"banner__button\">\r\n                        <a href=\"https:\/\/sandsiv.wpengine.com\/it\/richiedi-una-demo\/\"\r\n                            class=\"btn\" _self                            >Richiedi una demo<\/a>\r\n                    <\/div>\r\n                                                                            <\/div>\r\n                <div class=\"banner__media\">\r\n                                        <div class=\"banner__image\">\r\n                        <picture class=\"image\">\r\n                            <source srcset=\"\">\r\n                            <img decoding=\"async\" src=\"\"\r\n                                alt=\"\" \/>\r\n                        <\/picture>\r\n                    <\/div>\r\n                                                                            <\/div>\r\n            <\/div>\r\n        <\/div>\r\n    <\/div>\r\n<\/div>\n\n\r\n<div id=\"frames_section-block_340db8bb400c40ee319d877188e8936c\" class=\"frames_section scroll-fade\">\r\n    <div class=\"module mt_0  mb_0\">  \r\n        <div class=\"bg_clr_section bg_clr_red\">               \r\n            <div class=\"container\">\r\n                <div class=\"frames_section_inner\"> \r\n                                                                <div class=\"text\">\r\n                            <p>Un recente scambio di posto con i soliti influencer liquidi della CX (liquidi parafrasando Zygmunt Bauman) mi spinge a scrivere questo breve articolo sperando di poter illuminare finalmente queste menti pensanti della CX.<\/p>\n<p>Importante: quello che sto per scrivere non sono i miei pensieri ma fatti scientificamente provati da studi accademici iniziati nel XIX secolo e che si sono sviluppati fino ai giorni nostri.<\/p>\n                        <\/div>\r\n                                                        <\/div>\r\n            <\/div>\r\n        <\/div>\r\n    <\/div>\r\n<\/div>\n\n\r\n<div id=\"blog_post_content-block_80b920dfd3fcdf31d6e490d3ae923786\" class=\"blog_post_content scroll-fade\">\r\n    <div class=\"module \">\r\n\r\n                            <div class=\"container container--medium\">\r\n                        \r\n            <div class=\"blog_post_content_inner\"> \r\n                                    <div class=\"heading_section\">\r\n                        <div class=\"heading_text h1\">\r\n                            <Div style = \"visibility: hidden\"> <\/ div>                        <\/div>\r\n                    <\/div>\r\n                                                    <div class=\"content_section\">\r\n                        <p>La domanda era semplice e la risposta altrettanto ovvia dal punto di vista statistico e matematico: possiamo assegnare un valore a chi non risponde alla survey? Nel dibattito, visto che si trattava di un&#8217;indagine NPS, si era parlato di assegnare arbitrariamente il valore dei detrattori per influenzare negativamente il risultato osservato.<\/p>\n<p>La realt\u00e0 era molto pi\u00f9 semplice: avendo raccolto 100 interviste su un totale di 500 clienti, possiamo dire che n=100 (il campione osservato) e N=500 (l&#8217;intera popolazione), per cui la media stimata nel campione pu\u00f2 variare di +\/-8,77%. Visto che si tratta di un NPS, il margine \u00e8 ancora pi\u00f9 elevato perch\u00e9 molto probabilmente abbiamo a che fare con una distribuzione non normale. (<a href=\"https:\/\/www.linkedin.com\/pulse\/would-you-invest-company-reporting-175-million-net-profit-cesconi\/\">vedi il mio articolo<\/a>)<\/p>\n<p>La stessa logica che mi porta a quel margine di errore dell&#8217;8,77% mi dice che, per un livello di confidenza del 95%, avr\u00f2 bisogno di un campione di 218 interviste per un margine d&#8217;errore del 4,99%. Ma come si arriva a questo margine di errore? Cos&#8217;\u00e8 la logica statistica e matematica? Cercher\u00f2 di spiegarlo senza formule matematiche, in testo semplice per uomini d&#8217;affari.<\/p>\n<p><strong>Campionamento statistico e inferenza statistica<\/strong><\/p>\n<p>Il campionamento statistico (che si basa sulla teoria del campione o &#8220;teoria del campionamento&#8221;) \u00e8 la base dell&#8217;inferenza statistica, divisa in due grandi capitoli: la teoria della stima e il test delle ipotesi. Nello specifico, una survey \u00e8 campionaria quando \u00e8 utile per inferenze, ossia per dedurre informazioni su tutta la popolazione a partire dal campione.<\/p>\n<p>L&#8217;ultima frase \u00e8 significativa e spiega l&#8217;importanza del campione stesso: l&#8217;obiettivo finale \u00e8 selezionare un sottogruppo della popolazione totale in modo tale che sia rappresentativo di tutta la popolazione. In questo modo potremmo trattare i risultati del sottoinsieme come validi per l&#8217;intera popolazione.<\/p>\n<p>Ovvio. No, di recente ho partecipato a una conversazione su LinkedIn in cui la gente voleva assegare valori arbitrari a chi non aveva risposto a una survey NPS. A chi non ha risposto non si pu\u00f2 dare semplicemente un risposta per difetto. Allo stesso modo, perch\u00e9 costruire e distribuire una survey? Usa Photoshop e crea una dashboard con i risultati che preferisci. In ogni modo stai insultando la statistica e la matematica. Se vuoi farlo, fallo fino in fondo! Sarebbe come dire: ho chiesto a un campione della popolazione la loro altezza per scoprire l&#8217;altezza media delle persone; e a chi non ha risposto attribuiamo un&#8217;altezza di 190 cm (!). Si capisce immediatamente che non funziona, no?<\/p>\n<p>Ci\u00f2 che ho descritto, per la precisione, \u00e8 il procedimento con cui si inducono le caratteristiche di una popolazione dall&#8217;osservazione di una parte di essa (campione); si chiama inferenza statistica e nasce a met\u00e0 del XIX secolo dagli studi di Fisher e Peargon. Viene denominata anche inferenza classica per distinguera dall&#8217;inferenza baynesiana, basata sul teorema di Bayes.<\/p>\n<p><strong>L&#8217;errore del campione e le sue conseguenze<\/strong><\/p>\n<p>Dovremmo rispondere a due domande principali analizzando i risultati di uno studio di un sottogruppo di tutta la popolazione:<\/p>\n<p>1. Pensi che il risultato ottenuto dal sottogruppo sia causale o rimarr\u00e0 lo stesso se si ripete? (\u00c8 fiducia o il risultato \u00e8 significativo?)<br \/>\n2. Non confondere &#8220;significativit\u00e0 statistica&#8221; con &#8220;importanza&#8221;.<\/p>\n<p><strong>Non confondere &#8220;significativit\u00e0 statistica&#8221; con &#8220;importanza&#8221;!<\/strong><\/p>\n<p>In statistica, significativo vuol dire che il risultato osservato non \u00e8 dovuto al mero caso con un certo livello di confidenza e che si ripete n volte l&#8217;osservazione su altri sottogruppi della popolazione, si otter\u00e0 lo stesso risultato. Non ha niente a che vedere con il significato del risultato.<\/p>\n<p>Non entrer\u00f2 nei dettagli del calcolo. Basta sapere che questo tipo di analisi \u00e8 stato proposto da Fisher e si basa sull&#8217;idea comune che possiamo accettare un rapporto di 1\/20 (alpha 0.05). Generalmente, il risultato non \u00e8 causale nel 95% dei casi.<\/p>\n<p>In altre parole, se si stabilisce questa soglia, stiamo dicendo che per lo studio va bene che una volta su 20 la differenza osservata possa essere dovuta solo al caso. La soglia potrebbe essere portata a valori pi\u00f9 alti (per esempio 0,01). Per essere sicuri al 100%, quindi, dovremmo esaminare l&#8217;intera popolazione.<\/p>\n<p>In poche parole, quando diciamo che il risultato \u00e8 significativo, vuol dire semplicemente che non \u00e8 frutto del caso, accettando un margine d&#8217;errore (solitamente 0,05). Se ripetiamo lo stesso studio con un campione della stessa popolazione ma diverso dal primo, nel 95% dei casi otterremo lo stesso risultato.<\/p>\n<p><strong>Ma il campione \u00e8 davvero rappresentativo?<\/strong><\/p>\n<p>Questo \u00e8 l&#8217;ambito operativo della statistica inferenziale, che \u00e8 finalizzata all&#8217;induzione probabilistica delle caratteristiche sconosciute di una popolazione. Ci\u00f2 vuol dire che si occupa di risolvere il cosiddetto problema inverso: partendo da osservazioni realizzate su un campione di unit\u00e0 rappresentative di tutta la popolazione e selezionato con determinate procedure, si arriva a conclusioni generalizzabili (inferenza), entro dati livelli di probabilit\u00e0 di errore, all&#8217;insieme della popolazione stessa. La statistica inferenziale \u00e8 alla base della teoria della probabilit\u00e0 e della teoria del campione.<\/p>\n<p>Semplicemente, data la media osservata nel campione, si cercher\u00e0 di calcolare la differenza con la media effettiva dell&#8217;intera popolazione stimando il margine d&#8217;errore. Si determiner\u00e0 l&#8217;errore di campionamento, che \u00e8 la misura dell&#8217;affidabilit\u00e0 del campione.<\/p>\n<p>Esiste una regola semplice: pi\u00f9 grande \u00e8 il campione, pi\u00f9 tender\u00e0 ad essere rappresentativo dell&#8217;intera popolazione. Tuttavia, questo dipende anche da altri fattori. Per esempio, maggiore \u00e8 la varabilit\u00e0 degli elementi nelle persone, pi\u00f9 grande dovr\u00e0 essere il campione.<\/p>\n<p>Ecco tre termini chiave che dovrai comprendere per calcolare la dimensione del campione e contestualizzarla:<\/p>\n<p><strong>Dimensione della popolazione:<\/strong> numero totale di persone nel gruppo che si cerca di analizzare. Se si prende un campione aleatorio di persone negli USA, la popolazione sar\u00e0 di circa 317 milioni. Allo stesso modo, se la suvery si riferisce alla tua azienda, la dimensione della popolazione sar\u00e0 il numero totale di dipendenti.<\/p>\n<p><strong>Il margine d&#8217;errore:<\/strong> una percentuale che indica la probabilit\u00e0 che i risultati della survey rispecchino le opinioni della popolazione totale. Minore \u00e8 il margine d&#8217;errore, maggiore sar\u00e0 la probabilit\u00e0 di ottenere la risposta corretta con un livello dato di confidenza.<\/p>\n<p><strong>Livello di confidenza del campione:<\/strong> percentuale che rivela quanto puoi essere sicuro che la popolazione sceglierebbe una risposta all&#8217;interno di un livello determinato. Un livello di confidenza del 95%, per esempio, significa che puoi essere sicuro al 95% che i risultati si trovino tra i numeri x e y.<\/p>\n<p>Diversi siti offrono calcoli gratuiti della dimensione del campione basati su vari parametri. Basta cercare su Google &#8220;<em>calcolatrice delle dimensioni del campione<\/em>&#8221; e avrai una lista di siti che offrono questa possibilit\u00e0.<\/p>\n<p>In conclusione, la statistica \u00e8 una scienza esatta. Non si tratta di interpretazioni personali ma di concetti matematici precisi. Leggere commenti come &#8220;Che valore diamo a chi non risponde a una survey?&#8221; o, peggio ancora, &#8220;Non presentiamo i valori del margine d&#8217;errore perch\u00e9 annoiano chi ascoltano i risutlati della survey&#8221; sono in linea perfettamente con la qualit\u00e0 del dibattito che pseudoinfluencer e guru stanno apportando alla Customer Experience: praticamente vicina allo 0, con uno scarso margine d&#8217;errore e il 99,9% di confidenza.<\/p>\n                    <\/div>\r\n                            <\/div>\r\n        <\/div>\r\n    <\/div>\r\n<\/div>\n\n\n<p><\/p>\n\n\n\r\n<div id=\"blog_post_content-block_d65006fee681954512f8afa30f7868fa\" class=\"blog_post_content scroll-fade\">\r\n    <div class=\"module \">\r\n\r\n                    <div class=\"container\">\r\n                                \r\n            <div class=\"blog_post_content_inner\"> \r\n                                    <div class=\"heading_section\">\r\n                        <div class=\"heading_text h1\">\r\n                            Influencer, per favore, non giocate con le statistiche!                        <\/div>\r\n                    <\/div>\r\n                                                    <div class=\"content_section\">\r\n                        <h5>Autore:<br \/>\nFederico Cesconi<\/h5>\n<p><span style=\"color: #bf2025;\"><a style=\"color: #bf2025;\" href=\"https:\/\/www.linkedin.com\/pulse\/influencers-please-dont-mess-statistics-federico-cesconi\/\">Leggi l&#8217;articolo su LinkedIn<\/a><\/span><\/p>\n                    <\/div>\r\n                            <\/div>\r\n        <\/div>\r\n    <\/div>\r\n<\/div>\n\n\r\n<div id=\"frames_section-block_1b0cbab535077d1c497fdd9a43439da4\" class=\"frames_section scroll-fade\">\r\n    <div class=\"module mt_0  mb_0\">  \r\n        <div class=\"bg_clr_section bg_clr_red\">               \r\n            <div class=\"container\">\r\n                <div class=\"frames_section_inner\"> \r\n                                            <div class=\"heading\">\r\n                            Inizia subito a crescere con sandsiv+                        <\/div>\r\n                                                                                    <div class=\"button_section\">\r\n                            <a class=\"btn btn--white \" href=\"https:\/\/sandsiv.wpengine.com\/it\/richiedi-una-demo\/\" >\r\n                                Richiedi una demo                            <\/a>\r\n                        <\/div>\r\n                                    <\/div>\r\n            <\/div>\r\n        <\/div>\r\n    <\/div>\r\n<\/div>","protected":false},"excerpt":{"rendered":"","protected":false},"author":9,"featured_media":0,"parent":8258,"menu_order":0,"comment_status":"closed","ping_status":"closed","template":"","meta":{"content-type":"","footnotes":""},"class_list":["post-8200","page","type-page","status-publish","hentry"],"acf":[],"yoast_head":"<!-- This site is optimized with the Yoast SEO Premium plugin v26.9 (Yoast SEO v27.3) - https:\/\/yoast.com\/product\/yoast-seo-premium-wordpress\/ -->\n<title>Influencer, per favore, non giocate con le statistiche! - sandsiv+<\/title>\n<meta name=\"description\" content=\"Influencer per favore non giocate con le statistiche: leggete questo breve articolo sulla Customer Experience.\" \/>\n<meta name=\"robots\" content=\"index, follow, max-snippet:-1, max-image-preview:large, max-video-preview:-1\" \/>\n<link rel=\"canonical\" href=\"https:\/\/sandsiv.com\/it\/il-nostro-blog\/influencer-per-favore-non-giocate-con-le-statistiche\/\" \/>\n<meta property=\"og:locale\" content=\"it_IT\" \/>\n<meta property=\"og:type\" content=\"article\" \/>\n<meta property=\"og:title\" content=\"Influencer, per favore, non giocate con le statistiche!\" \/>\n<meta property=\"og:description\" content=\"Influencer per favore non giocate con le statistiche: leggete questo breve articolo sulla Customer Experience.\" \/>\n<meta property=\"og:url\" content=\"https:\/\/sandsiv.com\/it\/il-nostro-blog\/influencer-per-favore-non-giocate-con-le-statistiche\/\" \/>\n<meta property=\"og:site_name\" content=\"sandsiv+\" \/>\n<meta property=\"article:modified_time\" content=\"2023-07-19T11:05:27+00:00\" \/>\n<meta name=\"twitter:card\" content=\"summary_large_image\" \/>\n<script type=\"application\/ld+json\" class=\"yoast-schema-graph\">{\"@context\":\"https:\\\/\\\/schema.org\",\"@graph\":[{\"@type\":\"WebPage\",\"@id\":\"https:\\\/\\\/sandsiv.com\\\/it\\\/il-nostro-blog\\\/influencer-per-favore-non-giocate-con-le-statistiche\\\/\",\"url\":\"https:\\\/\\\/sandsiv.com\\\/it\\\/il-nostro-blog\\\/influencer-per-favore-non-giocate-con-le-statistiche\\\/\",\"name\":\"Influencer, per favore, non giocate con le statistiche! - sandsiv+\",\"isPartOf\":{\"@id\":\"https:\\\/\\\/sandsiv.com\\\/#website\"},\"datePublished\":\"2023-02-03T12:13:18+00:00\",\"dateModified\":\"2023-07-19T11:05:27+00:00\",\"description\":\"Influencer per favore non giocate con le statistiche: leggete questo breve articolo sulla Customer Experience.\",\"breadcrumb\":{\"@id\":\"https:\\\/\\\/sandsiv.com\\\/it\\\/il-nostro-blog\\\/influencer-per-favore-non-giocate-con-le-statistiche\\\/#breadcrumb\"},\"inLanguage\":\"it-IT\",\"potentialAction\":[{\"@type\":\"ReadAction\",\"target\":[\"https:\\\/\\\/sandsiv.com\\\/it\\\/il-nostro-blog\\\/influencer-per-favore-non-giocate-con-le-statistiche\\\/\"]}]},{\"@type\":\"BreadcrumbList\",\"@id\":\"https:\\\/\\\/sandsiv.com\\\/it\\\/il-nostro-blog\\\/influencer-per-favore-non-giocate-con-le-statistiche\\\/#breadcrumb\",\"itemListElement\":[{\"@type\":\"ListItem\",\"position\":1,\"name\":\"Home\",\"item\":\"https:\\\/\\\/sandsiv.com\\\/it\\\/\"},{\"@type\":\"ListItem\",\"position\":2,\"name\":\"Il nostro Blog\",\"item\":\"https:\\\/\\\/sandsiv.com\\\/it\\\/il-nostro-blog\\\/\"},{\"@type\":\"ListItem\",\"position\":3,\"name\":\"Influencer, per favore, non giocate con le statistiche!\"}]},{\"@type\":\"WebSite\",\"@id\":\"https:\\\/\\\/sandsiv.com\\\/#website\",\"url\":\"https:\\\/\\\/sandsiv.com\\\/\",\"name\":\"sandsiv+\",\"description\":\"Customer Intelligence Made In Switzerland\",\"publisher\":{\"@id\":\"https:\\\/\\\/sandsiv.com\\\/#organization\"},\"potentialAction\":[{\"@type\":\"SearchAction\",\"target\":{\"@type\":\"EntryPoint\",\"urlTemplate\":\"https:\\\/\\\/sandsiv.com\\\/?s={search_term_string}\"},\"query-input\":{\"@type\":\"PropertyValueSpecification\",\"valueRequired\":true,\"valueName\":\"search_term_string\"}}],\"inLanguage\":\"it-IT\"},{\"@type\":\"Organization\",\"@id\":\"https:\\\/\\\/sandsiv.com\\\/#organization\",\"name\":\"sandsiv+\",\"url\":\"https:\\\/\\\/sandsiv.com\\\/\",\"logo\":{\"@type\":\"ImageObject\",\"inLanguage\":\"it-IT\",\"@id\":\"https:\\\/\\\/sandsiv.com\\\/#\\\/schema\\\/logo\\\/image\\\/\",\"url\":\"https:\\\/\\\/sandsiv.com\\\/wp-content\\\/uploads\\\/2021\\\/08\\\/logo-light-normal.svg\",\"contentUrl\":\"https:\\\/\\\/sandsiv.com\\\/wp-content\\\/uploads\\\/2021\\\/08\\\/logo-light-normal.svg\",\"width\":376,\"height\":67,\"caption\":\"sandsiv+\"},\"image\":{\"@id\":\"https:\\\/\\\/sandsiv.com\\\/#\\\/schema\\\/logo\\\/image\\\/\"}}]}<\/script>\n<!-- \/ Yoast SEO Premium plugin. -->","yoast_head_json":{"title":"Influencer, per favore, non giocate con le statistiche! - sandsiv+","description":"Influencer per favore non giocate con le statistiche: leggete questo breve articolo sulla Customer Experience.","robots":{"index":"index","follow":"follow","max-snippet":"max-snippet:-1","max-image-preview":"max-image-preview:large","max-video-preview":"max-video-preview:-1"},"canonical":"https:\/\/sandsiv.com\/it\/il-nostro-blog\/influencer-per-favore-non-giocate-con-le-statistiche\/","og_locale":"it_IT","og_type":"article","og_title":"Influencer, per favore, non giocate con le statistiche!","og_description":"Influencer per favore non giocate con le statistiche: leggete questo breve articolo sulla Customer Experience.","og_url":"https:\/\/sandsiv.com\/it\/il-nostro-blog\/influencer-per-favore-non-giocate-con-le-statistiche\/","og_site_name":"sandsiv+","article_modified_time":"2023-07-19T11:05:27+00:00","twitter_card":"summary_large_image","schema":{"@context":"https:\/\/schema.org","@graph":[{"@type":"WebPage","@id":"https:\/\/sandsiv.com\/it\/il-nostro-blog\/influencer-per-favore-non-giocate-con-le-statistiche\/","url":"https:\/\/sandsiv.com\/it\/il-nostro-blog\/influencer-per-favore-non-giocate-con-le-statistiche\/","name":"Influencer, per favore, non giocate con le statistiche! - sandsiv+","isPartOf":{"@id":"https:\/\/sandsiv.com\/#website"},"datePublished":"2023-02-03T12:13:18+00:00","dateModified":"2023-07-19T11:05:27+00:00","description":"Influencer per favore non giocate con le statistiche: leggete questo breve articolo sulla Customer Experience.","breadcrumb":{"@id":"https:\/\/sandsiv.com\/it\/il-nostro-blog\/influencer-per-favore-non-giocate-con-le-statistiche\/#breadcrumb"},"inLanguage":"it-IT","potentialAction":[{"@type":"ReadAction","target":["https:\/\/sandsiv.com\/it\/il-nostro-blog\/influencer-per-favore-non-giocate-con-le-statistiche\/"]}]},{"@type":"BreadcrumbList","@id":"https:\/\/sandsiv.com\/it\/il-nostro-blog\/influencer-per-favore-non-giocate-con-le-statistiche\/#breadcrumb","itemListElement":[{"@type":"ListItem","position":1,"name":"Home","item":"https:\/\/sandsiv.com\/it\/"},{"@type":"ListItem","position":2,"name":"Il nostro Blog","item":"https:\/\/sandsiv.com\/it\/il-nostro-blog\/"},{"@type":"ListItem","position":3,"name":"Influencer, per favore, non giocate con le statistiche!"}]},{"@type":"WebSite","@id":"https:\/\/sandsiv.com\/#website","url":"https:\/\/sandsiv.com\/","name":"sandsiv+","description":"Customer Intelligence Made In Switzerland","publisher":{"@id":"https:\/\/sandsiv.com\/#organization"},"potentialAction":[{"@type":"SearchAction","target":{"@type":"EntryPoint","urlTemplate":"https:\/\/sandsiv.com\/?s={search_term_string}"},"query-input":{"@type":"PropertyValueSpecification","valueRequired":true,"valueName":"search_term_string"}}],"inLanguage":"it-IT"},{"@type":"Organization","@id":"https:\/\/sandsiv.com\/#organization","name":"sandsiv+","url":"https:\/\/sandsiv.com\/","logo":{"@type":"ImageObject","inLanguage":"it-IT","@id":"https:\/\/sandsiv.com\/#\/schema\/logo\/image\/","url":"https:\/\/sandsiv.com\/wp-content\/uploads\/2021\/08\/logo-light-normal.svg","contentUrl":"https:\/\/sandsiv.com\/wp-content\/uploads\/2021\/08\/logo-light-normal.svg","width":376,"height":67,"caption":"sandsiv+"},"image":{"@id":"https:\/\/sandsiv.com\/#\/schema\/logo\/image\/"}}]}},"_links":{"self":[{"href":"https:\/\/sandsiv.com\/it\/wp-json\/wp\/v2\/pages\/8200","targetHints":{"allow":["GET"]}}],"collection":[{"href":"https:\/\/sandsiv.com\/it\/wp-json\/wp\/v2\/pages"}],"about":[{"href":"https:\/\/sandsiv.com\/it\/wp-json\/wp\/v2\/types\/page"}],"author":[{"embeddable":true,"href":"https:\/\/sandsiv.com\/it\/wp-json\/wp\/v2\/users\/9"}],"replies":[{"embeddable":true,"href":"https:\/\/sandsiv.com\/it\/wp-json\/wp\/v2\/comments?post=8200"}],"version-history":[{"count":0,"href":"https:\/\/sandsiv.com\/it\/wp-json\/wp\/v2\/pages\/8200\/revisions"}],"up":[{"embeddable":true,"href":"https:\/\/sandsiv.com\/it\/wp-json\/wp\/v2\/pages\/8258"}],"wp:attachment":[{"href":"https:\/\/sandsiv.com\/it\/wp-json\/wp\/v2\/media?parent=8200"}],"curies":[{"name":"wp","href":"https:\/\/api.w.org\/{rel}","templated":true}]}}