
{"id":12355,"date":"2023-09-20T08:58:28","date_gmt":"2023-09-20T08:58:28","guid":{"rendered":"https:\/\/sandsiv.com\/ki-geschickt-einsetzen\/"},"modified":"2024-02-08T12:49:39","modified_gmt":"2024-02-08T12:49:39","slug":"usa-lia-in-modo-sapiente","status":"publish","type":"page","link":"https:\/\/sandsiv.com\/it\/usa-lia-in-modo-sapiente\/","title":{"rendered":"&#8211; Usa l&#8217;IA in modo sapiente"},"content":{"rendered":"<div id=\"banner-block_51d703eba392931fe4618e468307fdac\"\r\n    class=\"banner scroll-fade\">\r\n    <div\r\n        class=\"module mt_0  mb_0\">\r\n        <div class=\"container\">\r\n            <div class=\"banner__inner\">\r\n                <div class=\"banner__data\">\r\n                                        <h1 class=\"heading\">Usa l&#8217;IA in modo sapiente<strong\r\n                            class=\"heading_red\">con sandsiv+<\/strong>                    <\/h1>\r\n                                                            <div class=\"description\">Scopri le 5 ragioni fondamentali per cui l&#8217;intelligenza artificiale pu\u00f2 far crescere i profitti della tua <b>azienda leader nella logistica<\/b>. Vedrai concretamente come <b>sandsiv+<\/b> pu\u00f2 trasformare quest&#8217;idea in risultati tangibili.                    <\/div>                                                            <div class=\"banner__button\">\r\n                        <a href=\"https:\/\/sandsiv.com\/it\/contatta-il-nostro-cx-advisor\/\"\r\n                            class=\"btn\" _self                            >Parla con un esperto<\/a>\r\n                    <\/div>\r\n                                                                            <\/div>\r\n                <div class=\"banner__media\">\r\n                                        <div class=\"banner__image\">\r\n                        <picture class=\"image\">\r\n                            <source srcset=\"https:\/\/sandsiv.com\/wp-content\/uploads\/2023\/08\/sandsiv-AI.png\">\r\n                            <img decoding=\"async\" src=\"https:\/\/sandsiv.com\/wp-content\/uploads\/2023\/08\/sandsiv-AI.png\"\r\n                                alt=\"\" \/>\r\n                        <\/picture>\r\n                    <\/div>\r\n                                                                            <\/div>\r\n            <\/div>\r\n        <\/div>\r\n    <\/div>\r\n<\/div>\n\n\r\n<div id=\"frames_section-block_1970ecc33644ad7ca18024617c87eece\" class=\"frames_section scroll-fade\">\r\n    <div class=\"module mt_0  mb_0\">  \r\n        <div class=\"bg_clr_section bg_clr_red\">               \r\n            <div class=\"container\">\r\n                <div class=\"frames_section_inner\"> \r\n                                                                <div class=\"text\">\r\n                            <p>Immagina di poter utilizzare <strong>un sistema intelligente<\/strong>\u00a0che, basandosi su modelli linguistici come il Chat GPT, sia in grado di\u00a0<strong>analizzare automaticamente il sentiment dei tuoi clienti in tempo reale<\/strong>, di stilare una lista delle\u00a0<strong>10 migliori iniziative per migliorare la loro esperienza<\/strong>\u00a0e di proporci i\u00a0<strong>cinque progetti di maggior impatto da implementare<\/strong>, tenendo conto della capacit\u00e0 di esecuzione della nostra azienda.<\/p>\n<p>Sembra fantascienza, vero? Ebbene, questo tipo di\u00a0<strong>tecnologia basata sull\u2019intelligenza artificiale (AI)<\/strong>\u00a0\u00e8 gi\u00e0 realt\u00e0. La rivoluzione scatenata da nuovi strumenti dirompenti come OpenAI sta avendo un impatto sulle aziende di tutto il mondo grazie al suo potenziale di elaborazione di\u00a0<strong>volumi di dati sempre maggiori<\/strong>\u00a0e alle sue capacit\u00e0 di\u00a0<strong>apprendimento automatico<\/strong>.<\/p>\n                        <\/div>\r\n                                                        <\/div>\r\n            <\/div>\r\n        <\/div>\r\n    <\/div>\r\n<\/div>\n\n\r\n<div id=\"blog_post_content-block_cfacd7ea7bc4f757db2f13c8447d8c19\" class=\"blog_post_content scroll-fade\">\r\n    <div class=\"module \">\r\n\r\n                            <div class=\"container container--medium\">\r\n                        \r\n            <div class=\"blog_post_content_inner\"> \r\n                                    <div class=\"heading_section\">\r\n                        <div class=\"heading_text h1\">\r\n                            <Div style = \"visibility: hidden\"> <\/ div>                        <\/div>\r\n                    <\/div>\r\n                                                    <div class=\"content_section\">\r\n                        <p>Ti spieghiamo, in 5 motivi, perch\u00e9 queste tecnologie possono essere particolarmente vantaggiose in termini economici in settori diversi come le\u00a0<strong>telecomunicazioni, la vendita al dettaglio, la medicina, le assicurazioni, le banche e persino l\u2019ozio e l\u2019intrattenimento<\/strong>:<\/p>\n<h3><span style=\"color: #bf2025;\">Miglioramento del processo decisionale<\/span><\/h3>\n<p>Grazie alla comprensione del linguaggio naturale, \u00e8 possibile\u00a0<strong>identificare immediatamente i punti dolenti dei clienti<\/strong>\u00a0durante tutta l\u2019esperienza del cliente o addirittura estrarre il sentimento pi\u00f9 sottile in un particolare touchpoint del Customer Journey, migliorando il processo decisionale dei nostri team.<\/p>\n<p>Questo ci aiuta a comprendere\u00a0<strong>il contesto emotivo dei diversi temi espressi dal cliente<\/strong>. La possibilit\u00e0 di classificare i problemi in base al sentiment ci permette di capire meglio come si sentono i clienti in merito alle loro esperienze con noi.<\/p>\n<h3><span style=\"color: #bf2025;\">Aumento dell\u2019efficienza operativa e riduzione dei tempi di risposta<\/span><\/h3>\n<p>L\u2019automazione dei processi si traduce sempre in un\u00a0<strong>risparmio di tempo e di costi<\/strong>. I vantaggi per l\u2019azienda sono evidenti, ad esempio, nella velocit\u00e0 di commercializzazione, grazie alla possibilit\u00e0 di trasformare un processo analitico complesso che prima richiedeva settimane in un\u2019operazione snella di pochi minuti.<\/p>\n<p>Inoltre, strumenti come\u00a0<span style=\"color: #bf2025;\"><a style=\"color: #bf2025;\" href=\"https:\/\/sandsiv.com\/it\/prodotto\/\">sandsiv+<\/a><\/span>, in grado di raccogliere, analizzare e gestire il feedback dei clienti in tempo reale, ci permetteranno di affrontare i problemi in anticipo o di offrire soluzioni nel pi\u00f9 breve tempo possibile.<\/p>\n<h3><span style=\"color: #bf2025;\">Attenzione personalizzata in tempo reale<\/span><\/h3>\n<p>Sebbene il calore umano sia chiaramente insostituibile, gli strumenti in grado di automatizzare le risposte personalizzate e di\u00a0<strong>fornire assistenza 24 ore su 24<\/strong>\u00a0offrono convenienza e tranquillit\u00e0 a molti clienti, soprattutto a quelli che si trovano in fusi orari diversi o con orari di lavoro atipici.<\/p>\n<h3><span style=\"color: #bf2025;\">Maggiore attenzione all\u2019esperienza dei dipendenti<\/span><\/h3>\n<p>L\u2019adozione di tecnologie basate sull\u2019intelligenza artificiale e l\u2019automazione di compiti ripetitivi e di routine\u00a0<strong>non deve essere vista come una minaccia per i dipendenti<\/strong>, ma piuttosto come\u00a0<strong>un\u2019opportunit\u00e0 per migliorare il loro sviluppo nella nostra azienda<\/strong>, consentendo loro di concentrarsi su attivit\u00e0 di maggior valore e creative, creando cos\u00ec un ambiente favorevole alla guida dell\u2019esperienza dei dipendenti.<\/p>\n<p>Inoltre, offrendo loro opportunit\u00e0 di crescita, ridurremo senza dubbio il tasso di turnover, essenziale per\u00a0<strong>minimizzare l\u2019impatto finanziario dei costi di reclutamento, selezione e formazione dei nuovi dipendenti<\/strong>.<\/p>\n<h3><span style=\"color: #bf2025;\">Innovazione costante e nuovi percorsi di crescita<\/span><\/h3>\n<p>La costante ricerca dell\u2019innovazione \u00e8 un chiaro vantaggio competitivo che segner\u00e0 nuove opportunit\u00e0 di sviluppo nel nostro settore. Grazie alla promozione di questo tipo di tecnologie dirompenti, SANDSIV \u00e8 riuscita, ad esempio, a mettere a punto un metodo per\u00a0<strong>analizzare pi\u00f9 di 15.000 recensioni e identificare gli argomenti e i sentimenti associati in meno di 60 secondi<\/strong>, riuscendo cos\u00ec a riconoscere i punti dolenti del customer journey in tempi record.<\/p>\n<p>L\u2019adozione di strumenti basati sull\u2019AI e l\u2019integrazione, ad esempio, di\u00a0<strong>Aspect-Based Sentiment Analysis (ABSA)<\/strong>\u00a0e di modelli linguistici come quelli di\u00a0<strong>OpenAI<\/strong>\u00a0in uno strumento come\u00a0<span style=\"color: #bf2025;\"><a style=\"color: #bf2025;\" href=\"https:\/\/sandsiv.com\/it\/\">sandsiv+<\/a><\/span>, consente alle aziende di ottenere una visione olistica della Customer Experience,\u00a0<strong>identificando i momenti chiave<\/strong>\u00a0in cui i sentimenti sono positivi o negativi e comprendendo a fondo\u00a0<strong>i fattori che li influenzano<\/strong>.<\/p>\n<p>Questo facilita un migliore processo decisionale e l\u2019implementazione di iniziative di miglioramento pi\u00f9 efficaci,\u00a0<strong>evitando la conversione dei promotori in detrattori e incoraggiando la raccomandazione positiva<\/strong>. Tutti questi vantaggi si traducono direttamente nel risultato economico, poich\u00e9 il miglioramento della soddisfazione dei clienti ne rafforza la fedelt\u00e0, aumenta i ricavi e diventa una\u00a0<strong>garanzia di successo aziendale a lungo termine.<\/strong><\/p>\n                    <\/div>\r\n                            <\/div>\r\n        <\/div>\r\n    <\/div>\r\n<\/div>\n\n<div id=\"text_imagevideo-block_3de060c7fb084da8f6fb45cb231a36f5\"\r\n    class=\"text_imagevideo scroll-fade\">\r\n    <div class=\"container\">\r\n                <div class=\"text_imagevideo__inner\">\r\n                        <div\r\n                class=\"text_imagevideo__list \">\r\n                                <div class=\"text_imagevideo__item module scroll-fade\">\r\n                    <div\r\n                        class=\"text_imagevideo__item__inner imagePosition_left\">\r\n                        <div class=\"contant\">\r\n                                                        <h6 class=\"sub_heading\"\r\n                                style=\"color: #bf2025; \">\r\n                                Il tuo mago della CX                            <\/h6>                                                        <h1 class=\"title\"> Vogliamo conoscerti!                            <\/h1>                                                        <div class=\"text\">A SANDSIV, siamo autentici esperti nel mondo della Voce del Cliente. Siamo felici di conoscerti e discutere su come <b>la nostra piattaforma, alimentata dall&#8217;IA<\/b>, potrebbe diventare l&#8217;innovazione essenziale per potenziare il tuo progetto di Customer Experience. Pronto a parlare con il nostro consulente CX e <b>identificare i tuoi punti deboli in soli 30 minuti<\/b>? Siamo qui per aiutarti a dare un tocco magico alla tua CX.                            <\/div>                                                        <a href=\"https:\/\/sandsiv.com\/it\/contatta-il-nostro-cx-advisor\/\"\r\n                                class=\"btn\"                                 >Voglio una sessione gratuita<\/a>\r\n                                                    <\/div>\r\n                        <div class=\"image_video\">\r\n                                                        <picture class=\"img\"                                 >\r\n                                <source\r\n                                    srcset=\"https:\/\/sandsiv.com\/wp-content\/uploads\/2021\/08\/Group-1999.png\">\r\n                                <img decoding=\"async\" src=\"https:\/\/sandsiv.com\/wp-content\/uploads\/2021\/08\/Group-1999.png\"\r\n                                    alt=\"\" \/>\r\n                            <\/picture>\r\n                                                    <\/div>\r\n                    <\/div>\r\n                <\/div>\r\n                            <\/div>\r\n        <\/div>\r\n            <\/div>\r\n<\/div>\n\n\r\n<div id=\"logo_section-block_900acf917c443cda79a636ad79eb9c78\" class=\"logo_section scroll-fade\">\r\n    <div class=\"module mt_0  mb_0\">  \r\n        <div class=\"bg_clr_section bg_clr_black\">               \r\n            <div class=\"container container--medium\">\r\n                <div class=\"logo_section_inner\"> \r\n                    <div class=\"heading_section\"> \r\n                                                                            <div class=\"heading h1\">\r\n                                Non siamo noi a dirlo, ma gli esperti nel settore                            <\/div>\r\n                                            <\/div>\r\n                                            <div class=\"logo_list columns_6\">\r\n                                                            \r\n                                                                    <div class=\"item\">\r\n                                            <img decoding=\"async\" src=\"https:\/\/sandsiv.com\/wp-content\/uploads\/2021\/08\/sandsiv-frostsullivan-logo.png\" alt=\"\" \/>\r\n                                    <\/div>\r\n                                                                \r\n                                                            \r\n                                                                    <div class=\"item\">\r\n                                            <img decoding=\"async\" src=\"https:\/\/sandsiv.com\/wp-content\/uploads\/2023\/09\/infotech.png\" alt=\"\" \/>\r\n                                    <\/div>\r\n                                                                \r\n                                                            \r\n                                                                    <div class=\"item\">\r\n                                            <img decoding=\"async\" src=\"https:\/\/sandsiv.com\/wp-content\/uploads\/2021\/08\/sandsiv_logo_Gartner.svg\" alt=\"\" \/>\r\n                                    <\/div>\r\n                                                                \r\n                                                            \r\n                                                                    <div class=\"item\">\r\n                                            <img decoding=\"async\" src=\"https:\/\/sandsiv.com\/wp-content\/uploads\/2021\/08\/sandsiv_logo_omdia.svg\" alt=\"\" \/>\r\n                                    <\/div>\r\n                                                                \r\n                                                            \r\n                                                                    <div class=\"item\">\r\n                                            <img decoding=\"async\" src=\"https:\/\/sandsiv.com\/wp-content\/uploads\/2021\/08\/sandsiv_logo_Forrester.svg\" alt=\"\" \/>\r\n                                    <\/div>\r\n                                                                \r\n                                                            \r\n                                                                    <div class=\"item\">\r\n                                            <img decoding=\"async\" src=\"https:\/\/sandsiv.com\/wp-content\/uploads\/2023\/09\/quadrant.png\" alt=\"\" \/>\r\n                                    <\/div>\r\n                                                                \r\n                                                    <\/div>\r\n                                    <\/div>\r\n            <\/div>\r\n        <\/div>\r\n    <\/div>\r\n<\/div>\n\n\r\n<div id=\"frames_section-block_86a319605befe4a7a185137d516adfb0\" class=\"frames_section scroll-fade\">\r\n    <div class=\"module mt_0  mb_0\">  \r\n        <div class=\"bg_clr_section bg_clr_red\">               \r\n            <div class=\"container\">\r\n                <div class=\"frames_section_inner\"> \r\n                                            <div class=\"heading\">\r\n                            Inizia subito a crescere con sandsiv+                        <\/div>\r\n                                                                                    <div class=\"button_section\">\r\n                            <a class=\"btn btn--white \" href=\"https:\/\/sandsiv.com\/it\/richiedi-una-demo\/\" >\r\n                                Richiedi una demo                            <\/a>\r\n                        <\/div>\r\n                                    <\/div>\r\n            <\/div>\r\n        <\/div>\r\n    <\/div>\r\n<\/div>","protected":false},"excerpt":{"rendered":"","protected":false},"author":3,"featured_media":0,"parent":0,"menu_order":0,"comment_status":"closed","ping_status":"closed","template":"","meta":{"content-type":"","footnotes":""},"class_list":["post-12355","page","type-page","status-publish","hentry"],"acf":[],"yoast_head":"<!-- This site is optimized with the Yoast SEO Premium plugin v26.9 (Yoast SEO v27.3) - https:\/\/yoast.com\/product\/yoast-seo-premium-wordpress\/ -->\n<title>- Usa l&#039;IA in modo sapiente - sandsiv+<\/title>\n<meta name=\"description\" content=\"Usa l&#039;IA in modo sapiente: scopri i 5 motivi principali per cui l&#039;IA pu\u00f2 portare i profitti della tua azienda a un livello superiore.\" \/>\n<meta name=\"robots\" content=\"index, follow, max-snippet:-1, max-image-preview:large, max-video-preview:-1\" \/>\n<link rel=\"canonical\" href=\"https:\/\/sandsiv.com\/it\/usa-lia-in-modo-sapiente\/\" \/>\n<meta property=\"og:locale\" content=\"it_IT\" \/>\n<meta property=\"og:type\" content=\"article\" \/>\n<meta property=\"og:title\" content=\"- Usa l&#039;IA in modo sapiente\" \/>\n<meta property=\"og:description\" content=\"Usa l&#039;IA in modo sapiente: scopri i 5 motivi principali per cui l&#039;IA pu\u00f2 portare i profitti della tua azienda a un livello superiore.\" \/>\n<meta property=\"og:url\" content=\"https:\/\/sandsiv.com\/it\/usa-lia-in-modo-sapiente\/\" \/>\n<meta property=\"og:site_name\" content=\"sandsiv+\" \/>\n<meta property=\"article:modified_time\" content=\"2024-02-08T12:49:39+00:00\" \/>\n<meta name=\"twitter:card\" content=\"summary_large_image\" \/>\n<meta name=\"twitter:label1\" content=\"Tempo di lettura stimato\" \/>\n\t<meta name=\"twitter:data1\" content=\"5 minuti\" \/>\n<script type=\"application\/ld+json\" class=\"yoast-schema-graph\">{\"@context\":\"https:\\\/\\\/schema.org\",\"@graph\":[{\"@type\":\"WebPage\",\"@id\":\"https:\\\/\\\/sandsiv.com\\\/it\\\/usa-lia-in-modo-sapiente\\\/\",\"url\":\"https:\\\/\\\/sandsiv.com\\\/it\\\/usa-lia-in-modo-sapiente\\\/\",\"name\":\"- Usa l'IA in modo sapiente - sandsiv+\",\"isPartOf\":{\"@id\":\"https:\\\/\\\/sandsiv.com\\\/#website\"},\"datePublished\":\"2023-09-20T08:58:28+00:00\",\"dateModified\":\"2024-02-08T12:49:39+00:00\",\"description\":\"Usa l'IA in modo sapiente: scopri i 5 motivi principali per cui l'IA pu\u00f2 portare i profitti della tua azienda a un livello superiore.\",\"breadcrumb\":{\"@id\":\"https:\\\/\\\/sandsiv.com\\\/it\\\/usa-lia-in-modo-sapiente\\\/#breadcrumb\"},\"inLanguage\":\"it-IT\",\"potentialAction\":[{\"@type\":\"ReadAction\",\"target\":[\"https:\\\/\\\/sandsiv.com\\\/it\\\/usa-lia-in-modo-sapiente\\\/\"]}]},{\"@type\":\"BreadcrumbList\",\"@id\":\"https:\\\/\\\/sandsiv.com\\\/it\\\/usa-lia-in-modo-sapiente\\\/#breadcrumb\",\"itemListElement\":[{\"@type\":\"ListItem\",\"position\":1,\"name\":\"Home\",\"item\":\"https:\\\/\\\/sandsiv.com\\\/it\\\/\"},{\"@type\":\"ListItem\",\"position\":2,\"name\":\"&#8211; Usa l&#8217;IA in modo sapiente\"}]},{\"@type\":\"WebSite\",\"@id\":\"https:\\\/\\\/sandsiv.com\\\/#website\",\"url\":\"https:\\\/\\\/sandsiv.com\\\/\",\"name\":\"sandsiv+\",\"description\":\"Customer Intelligence Made In Switzerland\",\"publisher\":{\"@id\":\"https:\\\/\\\/sandsiv.com\\\/#organization\"},\"potentialAction\":[{\"@type\":\"SearchAction\",\"target\":{\"@type\":\"EntryPoint\",\"urlTemplate\":\"https:\\\/\\\/sandsiv.com\\\/?s={search_term_string}\"},\"query-input\":{\"@type\":\"PropertyValueSpecification\",\"valueRequired\":true,\"valueName\":\"search_term_string\"}}],\"inLanguage\":\"it-IT\"},{\"@type\":\"Organization\",\"@id\":\"https:\\\/\\\/sandsiv.com\\\/#organization\",\"name\":\"sandsiv+\",\"url\":\"https:\\\/\\\/sandsiv.com\\\/\",\"logo\":{\"@type\":\"ImageObject\",\"inLanguage\":\"it-IT\",\"@id\":\"https:\\\/\\\/sandsiv.com\\\/#\\\/schema\\\/logo\\\/image\\\/\",\"url\":\"https:\\\/\\\/sandsiv.com\\\/wp-content\\\/uploads\\\/2021\\\/08\\\/logo-light-normal.svg\",\"contentUrl\":\"https:\\\/\\\/sandsiv.com\\\/wp-content\\\/uploads\\\/2021\\\/08\\\/logo-light-normal.svg\",\"width\":376,\"height\":67,\"caption\":\"sandsiv+\"},\"image\":{\"@id\":\"https:\\\/\\\/sandsiv.com\\\/#\\\/schema\\\/logo\\\/image\\\/\"}}]}<\/script>\n<!-- \/ Yoast SEO Premium plugin. -->","yoast_head_json":{"title":"- Usa l'IA in modo sapiente - sandsiv+","description":"Usa l'IA in modo sapiente: scopri i 5 motivi principali per cui l'IA pu\u00f2 portare i profitti della tua azienda a un livello superiore.","robots":{"index":"index","follow":"follow","max-snippet":"max-snippet:-1","max-image-preview":"max-image-preview:large","max-video-preview":"max-video-preview:-1"},"canonical":"https:\/\/sandsiv.com\/it\/usa-lia-in-modo-sapiente\/","og_locale":"it_IT","og_type":"article","og_title":"- Usa l'IA in modo sapiente","og_description":"Usa l'IA in modo sapiente: scopri i 5 motivi principali per cui l'IA pu\u00f2 portare i profitti della tua azienda a un livello superiore.","og_url":"https:\/\/sandsiv.com\/it\/usa-lia-in-modo-sapiente\/","og_site_name":"sandsiv+","article_modified_time":"2024-02-08T12:49:39+00:00","twitter_card":"summary_large_image","twitter_misc":{"Tempo di lettura stimato":"5 minuti"},"schema":{"@context":"https:\/\/schema.org","@graph":[{"@type":"WebPage","@id":"https:\/\/sandsiv.com\/it\/usa-lia-in-modo-sapiente\/","url":"https:\/\/sandsiv.com\/it\/usa-lia-in-modo-sapiente\/","name":"- Usa l'IA in modo sapiente - sandsiv+","isPartOf":{"@id":"https:\/\/sandsiv.com\/#website"},"datePublished":"2023-09-20T08:58:28+00:00","dateModified":"2024-02-08T12:49:39+00:00","description":"Usa l'IA in modo sapiente: scopri i 5 motivi principali per cui l'IA pu\u00f2 portare i profitti della tua azienda a un livello superiore.","breadcrumb":{"@id":"https:\/\/sandsiv.com\/it\/usa-lia-in-modo-sapiente\/#breadcrumb"},"inLanguage":"it-IT","potentialAction":[{"@type":"ReadAction","target":["https:\/\/sandsiv.com\/it\/usa-lia-in-modo-sapiente\/"]}]},{"@type":"BreadcrumbList","@id":"https:\/\/sandsiv.com\/it\/usa-lia-in-modo-sapiente\/#breadcrumb","itemListElement":[{"@type":"ListItem","position":1,"name":"Home","item":"https:\/\/sandsiv.com\/it\/"},{"@type":"ListItem","position":2,"name":"&#8211; Usa l&#8217;IA in modo sapiente"}]},{"@type":"WebSite","@id":"https:\/\/sandsiv.com\/#website","url":"https:\/\/sandsiv.com\/","name":"sandsiv+","description":"Customer Intelligence Made In Switzerland","publisher":{"@id":"https:\/\/sandsiv.com\/#organization"},"potentialAction":[{"@type":"SearchAction","target":{"@type":"EntryPoint","urlTemplate":"https:\/\/sandsiv.com\/?s={search_term_string}"},"query-input":{"@type":"PropertyValueSpecification","valueRequired":true,"valueName":"search_term_string"}}],"inLanguage":"it-IT"},{"@type":"Organization","@id":"https:\/\/sandsiv.com\/#organization","name":"sandsiv+","url":"https:\/\/sandsiv.com\/","logo":{"@type":"ImageObject","inLanguage":"it-IT","@id":"https:\/\/sandsiv.com\/#\/schema\/logo\/image\/","url":"https:\/\/sandsiv.com\/wp-content\/uploads\/2021\/08\/logo-light-normal.svg","contentUrl":"https:\/\/sandsiv.com\/wp-content\/uploads\/2021\/08\/logo-light-normal.svg","width":376,"height":67,"caption":"sandsiv+"},"image":{"@id":"https:\/\/sandsiv.com\/#\/schema\/logo\/image\/"}}]}},"_links":{"self":[{"href":"https:\/\/sandsiv.com\/it\/wp-json\/wp\/v2\/pages\/12355","targetHints":{"allow":["GET"]}}],"collection":[{"href":"https:\/\/sandsiv.com\/it\/wp-json\/wp\/v2\/pages"}],"about":[{"href":"https:\/\/sandsiv.com\/it\/wp-json\/wp\/v2\/types\/page"}],"author":[{"embeddable":true,"href":"https:\/\/sandsiv.com\/it\/wp-json\/wp\/v2\/users\/3"}],"replies":[{"embeddable":true,"href":"https:\/\/sandsiv.com\/it\/wp-json\/wp\/v2\/comments?post=12355"}],"version-history":[{"count":0,"href":"https:\/\/sandsiv.com\/it\/wp-json\/wp\/v2\/pages\/12355\/revisions"}],"wp:attachment":[{"href":"https:\/\/sandsiv.com\/it\/wp-json\/wp\/v2\/media?parent=12355"}],"curies":[{"name":"wp","href":"https:\/\/api.w.org\/{rel}","templated":true}]}}