
{"id":11956,"date":"2023-12-27T09:53:43","date_gmt":"2023-12-27T09:53:43","guid":{"rendered":"https:\/\/sandsiv.com\/il-nostro-blog\/artificial-intelligence-and-human-experience\/"},"modified":"2023-12-27T10:13:41","modified_gmt":"2023-12-27T10:13:41","slug":"intelligenza-artificiale-e-human-experience","status":"publish","type":"page","link":"https:\/\/sandsiv.com\/it\/il-nostro-blog\/intelligenza-artificiale-e-human-experience\/","title":{"rendered":"Intelligenza artificiale e Human Experience"},"content":{"rendered":"<div id=\"banner-block_f7ff24d3dd9b5bbf75b2f4be2aea4df0\"\r\n    class=\"banner scroll-fade\">\r\n    <div\r\n        class=\"module mt_0  mb_0\">\r\n        <div class=\"container\">\r\n            <div class=\"banner__inner\">\r\n                <div class=\"banner__data\">\r\n                                        <h1 class=\"heading\">Intelligenza artificiale e Human Experience<strong\r\n                            class=\"heading_red\">Articolo<\/strong>                    <\/h1>\r\n                                                            <div class=\"description\">27 dicembre, 2023 &#8211; Intelligenza artificiale e Human Experience, il nuovo trend per i brand nel 2024                    <\/div>                                                            <div class=\"banner__button\">\r\n                        <a href=\"https:\/\/sandsiv.com\/it\/richiedi-una-demo\/\"\r\n                            class=\"btn\" _self                            >Richiedi una demo<\/a>\r\n                    <\/div>\r\n                                                                            <\/div>\r\n                <div class=\"banner__media\">\r\n                                        <div class=\"banner__image\">\r\n                        <picture class=\"image\">\r\n                            <source srcset=\"\">\r\n                            <img decoding=\"async\" src=\"\"\r\n                                alt=\"\" \/>\r\n                        <\/picture>\r\n                    <\/div>\r\n                                                                            <\/div>\r\n            <\/div>\r\n        <\/div>\r\n    <\/div>\r\n<\/div>\n\n\r\n<div id=\"frames_section-block_dd9183ef005e170dad5d652cedc83177\" class=\"frames_section scroll-fade\">\r\n    <div class=\"module mt_0  mb_0\">  \r\n        <div class=\"bg_clr_section bg_clr_red\">               \r\n            <div class=\"container\">\r\n                <div class=\"frames_section_inner\"> \r\n                                                                <div class=\"text\">\r\n                            <p id=\"ember36\" class=\"ember-view\">Parliamo delle nuove innovazioni dell&#8217;intelligenza artificiale che trasformeranno la disciplina della Customer Experience nella nuova Human Experience nel 2024.<\/p>\n                        <\/div>\r\n                                                        <\/div>\r\n            <\/div>\r\n        <\/div>\r\n    <\/div>\r\n<\/div>\n\n\r\n<div id=\"blog_post_content-block_16cf0b1f901bfb0dfbe75f5a4cb19ea5\" class=\"blog_post_content scroll-fade\">\r\n    <div class=\"module \">\r\n\r\n                            <div class=\"container container--medium\">\r\n                        \r\n            <div class=\"blog_post_content_inner\"> \r\n                                    <div class=\"heading_section\">\r\n                        <div class=\"heading_text h1\">\r\n                            <Div style = \"visibility: hidden\"> <\/ div>                        <\/div>\r\n                    <\/div>\r\n                                                    <div class=\"content_section\">\r\n                        <p>L&#8217;anno 2023 ha segnato una tappa significativa nell&#8217;evoluzione dell&#8217;<strong>Intelligenza Artificiale (AI)<\/strong> e del suo rapporto con la <strong>Customer Experience (CX)<\/strong>. In questo contesto, Federico Cesconi, CEO di SANDSIV, spiega come &#8220;<em>nel 2024 i progressi innovativi come l&#8217;AI, il Machine Learning o l&#8217;analisi dei dati trasformeranno il rapporto brand-cliente in una strategia molto pi\u00f9 globale, virando, paradossalmente, verso un approccio molto pi\u00f9 umano e olistico, dove le persone saranno l&#8217;asse centrale delle aziende sotto il nome di &#8216;Human Experience<\/em>&#8216;&#8221;.<\/p>\n<h3><span style=\"color: #bf2025;\">Il nuovo concetto olistico di &#8220;Human Experience&#8221;<\/span><\/h3>\n<p>Negli ultimi mesi, <strong>il potenziale trasformativo di queste innovazioni ha ridefinito il rapporto tra brand e clienti,<\/strong> fondamentale per comprendere, migliorare e valorizzare l&#8217;esperienza umana. Questo concetto si concentra su come i marchi debbano comprendere le esigenze, le emozioni e i comportamenti umani complessi per offrire interazioni pi\u00f9 emozionali e personalizzate.<\/p>\n<p>Guardando al 2024, si prevede che <strong>la convergenza tra l&#8217;IA e l&#8217;esperienza umana diventer\u00e0 ancora pi\u00f9 rilevante<\/strong>, poich\u00e9 i marchi cercheranno di stabilire connessioni pi\u00f9 profonde con i loro clienti. Oggi ti elenchiamo 3 nuove funzionalit\u00e0 basate sull&#8217;intelligenza artificiale che gli strumenti digitali di ascolto dei clienti dovrebbero integrare per avvicinarsi all&#8217;esperienza umana:<\/p>\n<p><strong><span style=\"color: #bf2025;\">1. Automazione e tagging dei dati per identificare le tendenze:<\/span><\/strong> L&#8217;automazione dell&#8217;etichettatura dei dati \u00e8 diventata uno strumento essenziale per le aziende. Questo processo prevede l&#8217;assegnazione automatica di tag o categorie a grandi insiemi di informazioni, come i feedback dei clienti o le recensioni dei prodotti. I marchi che utilizzano questa tecnologia, gi\u00e0 inclusa nella piattaforma <span style=\"color: #bf2025;\"><a style=\"color: #bf2025;\" href=\"https:\/\/sandsiv.com\/it\/prodotto\/\">sandsiv+<\/a><\/span>, saranno in grado di classificare rapidamente le recensioni dei loro prodotti come positive, neutre o negative e quindi di identificare le tendenze emergenti nel loro mercato.<br \/>\n<strong><span style=\"color: #bf2025;\">2. Identificazione automatica degli argomenti pi\u00f9 rilevanti:<\/span> <\/strong>L&#8217;individuazione di argomenti rilevanti all&#8217;interno di enormi volumi di dati dei clienti \u00e8 ancora una sfida per le aziende. I brand possono ora applicare modelli di categorizzazione per identificare immediatamente le interazioni dei clienti, consentendo loro di prevedere e risolvere gli argomenti critici in tempo reale. Il modulo Topic AI che sandsiv+ ha integrato potrebbe, ad esempio, consentire a un&#8217;azienda di telecomunicazioni di rilevare potenziali problemi tecnici, richieste di fatturazione o di servizi aggiuntivi, permettendo agli agenti di svolgere il loro lavoro in modo pi\u00f9 efficiente.<br \/>\n<span style=\"color: #bf2025;\"><strong>3. Analisi del sentiment dei clienti attraverso la mappatura dell&#8217;esperienza del cliente:<\/strong><\/span> La capacit\u00e0 di analizzare l&#8217;intera esperienza del cliente, dal primo contatto con il marchio al post-acquisto, \u00e8 uno strumento potente per comprendere meglio le esigenze e i sentimenti del cliente durante il Customer Journey. Questa tecnica utilizza l&#8217;intelligenza artificiale per esaminare e comprendere i punti dolenti che un cliente ha con un&#8217;azienda in tempo reale e offre raccomandazioni per migliorare la sua esperienza.<\/p>\n<p>In questo contesto, i brand hanno capito l&#8217;importanza di connettersi emotivamente con i clienti, comprendendo i loro desideri e le loro esigenze, utilizzando la tecnologia come alleato. &#8220;<em>Fin dalla nostra fondazione, l&#8217;integrazione del Machine Learning e dell&#8217;Intelligenza Artificiale \u00e8 stata una componente cruciale in tutti gli aspetti delle nostre soluzioni<\/em>&#8220;, ha dichiarato Federico Cesconi, che ha assicurato che <strong>l&#8217;Intelligenza Artificiale rivoluzioner\u00e0 il modo in cui le aziende si connettono con i loro clienti<\/strong>, consentendo loro di comprenderli veramente e di offrire loro quell&#8217;esperienza umana che sar\u00e0 la chiave del futuro successo aziendale.<\/p>\n                    <\/div>\r\n                            <\/div>\r\n        <\/div>\r\n    <\/div>\r\n<\/div>\n\n\r\n<div id=\"blog_post_content-block_7f37b55aafa670dacff786790fb0ad00\" class=\"blog_post_content scroll-fade\">\r\n    <div class=\"module \">\r\n\r\n                    <div class=\"container\">\r\n                                \r\n            <div class=\"blog_post_content_inner\"> \r\n                                    <div class=\"heading_section\">\r\n                        <div class=\"heading_text h1\">\r\n                            Intelligenza artificiale e Human Experience                        <\/div>\r\n                    <\/div>\r\n                                                    <div class=\"content_section\">\r\n                        <p><strong>CONTATTO:<\/strong><br \/>\n<a href=\"mailto:media@SANDSIV.com\">media@SANDSIV.com<\/a><\/p>\n                    <\/div>\r\n                            <\/div>\r\n        <\/div>\r\n    <\/div>\r\n<\/div>\n\n\r\n<div id=\"frames_section-block_83316085aeed777fbbd053f0e63c4ebe\" class=\"frames_section scroll-fade\">\r\n    <div class=\"module mt_0  mb_0\">  \r\n        <div class=\"bg_clr_section bg_clr_red\">               \r\n            <div class=\"container\">\r\n                <div class=\"frames_section_inner\"> \r\n                                            <div class=\"heading\">\r\n                            Inizia subito a crescere con sandsiv+                        <\/div>\r\n                                                                                    <div class=\"button_section\">\r\n                            <a class=\"btn btn--white \" href=\"https:\/\/sandsiv.com\/it\/richiedi-una-demo\/\" >\r\n                                Richiedi una demo                            <\/a>\r\n                        <\/div>\r\n                                    <\/div>\r\n            <\/div>\r\n        <\/div>\r\n    <\/div>\r\n<\/div>","protected":false},"excerpt":{"rendered":"","protected":false},"author":3,"featured_media":11952,"parent":8258,"menu_order":0,"comment_status":"closed","ping_status":"closed","template":"","meta":{"content-type":"","footnotes":""},"class_list":["post-11956","page","type-page","status-publish","has-post-thumbnail","hentry"],"acf":[],"yoast_head":"<!-- This site is optimized with the Yoast SEO Premium plugin v26.9 (Yoast SEO v27.4) - https:\/\/yoast.com\/product\/yoast-seo-premium-wordpress\/ -->\n<title>Intelligenza artificiale e Human Experience - sandsiv+<\/title>\n<meta name=\"description\" content=\"Intelligenza artificiale ed esperienza umana: scoprite le nuove tendenze per i brand nel 2024 nel nostro ultimo articolo del blog.\" \/>\n<meta name=\"robots\" content=\"index, follow, max-snippet:-1, max-image-preview:large, max-video-preview:-1\" \/>\n<link rel=\"canonical\" href=\"https:\/\/sandsiv.com\/it\/il-nostro-blog\/intelligenza-artificiale-e-human-experience\/\" \/>\n<meta property=\"og:locale\" content=\"it_IT\" \/>\n<meta property=\"og:type\" content=\"article\" \/>\n<meta property=\"og:title\" content=\"Intelligenza artificiale e Human Experience\" \/>\n<meta property=\"og:description\" content=\"Intelligenza artificiale ed esperienza umana: scoprite le nuove tendenze per i brand nel 2024 nel nostro ultimo articolo del blog.\" \/>\n<meta property=\"og:url\" content=\"https:\/\/sandsiv.com\/it\/il-nostro-blog\/intelligenza-artificiale-e-human-experience\/\" \/>\n<meta property=\"og:site_name\" content=\"sandsiv+\" \/>\n<meta property=\"article:modified_time\" content=\"2023-12-27T10:13:41+00:00\" \/>\n<meta property=\"og:image\" content=\"https:\/\/sandsiv.com\/wp-content\/uploads\/2023\/12\/unnamed-5-e1703670585813.jpg\" \/>\n\t<meta property=\"og:image:width\" content=\"1000\" \/>\n\t<meta property=\"og:image:height\" content=\"667\" \/>\n\t<meta property=\"og:image:type\" content=\"image\/jpeg\" \/>\n<meta name=\"twitter:card\" content=\"summary_large_image\" \/>\n<meta name=\"twitter:label1\" content=\"Tempo di lettura stimato\" \/>\n\t<meta name=\"twitter:data1\" content=\"3 minuti\" \/>\n<script type=\"application\/ld+json\" class=\"yoast-schema-graph\">{\"@context\":\"https:\\\/\\\/schema.org\",\"@graph\":[{\"@type\":\"WebPage\",\"@id\":\"https:\\\/\\\/sandsiv.com\\\/it\\\/il-nostro-blog\\\/intelligenza-artificiale-e-human-experience\\\/\",\"url\":\"https:\\\/\\\/sandsiv.com\\\/it\\\/il-nostro-blog\\\/intelligenza-artificiale-e-human-experience\\\/\",\"name\":\"Intelligenza artificiale e Human Experience - sandsiv+\",\"isPartOf\":{\"@id\":\"https:\\\/\\\/sandsiv.com\\\/#website\"},\"primaryImageOfPage\":{\"@id\":\"https:\\\/\\\/sandsiv.com\\\/it\\\/il-nostro-blog\\\/intelligenza-artificiale-e-human-experience\\\/#primaryimage\"},\"image\":{\"@id\":\"https:\\\/\\\/sandsiv.com\\\/it\\\/il-nostro-blog\\\/intelligenza-artificiale-e-human-experience\\\/#primaryimage\"},\"thumbnailUrl\":\"https:\\\/\\\/sandsiv.com\\\/wp-content\\\/uploads\\\/2023\\\/12\\\/unnamed-5-e1703670585813.jpg\",\"datePublished\":\"2023-12-27T09:53:43+00:00\",\"dateModified\":\"2023-12-27T10:13:41+00:00\",\"description\":\"Intelligenza artificiale ed esperienza umana: scoprite le nuove tendenze per i brand nel 2024 nel nostro ultimo articolo del blog.\",\"breadcrumb\":{\"@id\":\"https:\\\/\\\/sandsiv.com\\\/it\\\/il-nostro-blog\\\/intelligenza-artificiale-e-human-experience\\\/#breadcrumb\"},\"inLanguage\":\"it-IT\",\"potentialAction\":[{\"@type\":\"ReadAction\",\"target\":[\"https:\\\/\\\/sandsiv.com\\\/it\\\/il-nostro-blog\\\/intelligenza-artificiale-e-human-experience\\\/\"]}]},{\"@type\":\"ImageObject\",\"inLanguage\":\"it-IT\",\"@id\":\"https:\\\/\\\/sandsiv.com\\\/it\\\/il-nostro-blog\\\/intelligenza-artificiale-e-human-experience\\\/#primaryimage\",\"url\":\"https:\\\/\\\/sandsiv.com\\\/wp-content\\\/uploads\\\/2023\\\/12\\\/unnamed-5-e1703670585813.jpg\",\"contentUrl\":\"https:\\\/\\\/sandsiv.com\\\/wp-content\\\/uploads\\\/2023\\\/12\\\/unnamed-5-e1703670585813.jpg\",\"width\":1000,\"height\":667},{\"@type\":\"BreadcrumbList\",\"@id\":\"https:\\\/\\\/sandsiv.com\\\/it\\\/il-nostro-blog\\\/intelligenza-artificiale-e-human-experience\\\/#breadcrumb\",\"itemListElement\":[{\"@type\":\"ListItem\",\"position\":1,\"name\":\"Home\",\"item\":\"https:\\\/\\\/sandsiv.com\\\/it\\\/\"},{\"@type\":\"ListItem\",\"position\":2,\"name\":\"Il nostro Blog\",\"item\":\"https:\\\/\\\/sandsiv.com\\\/it\\\/il-nostro-blog\\\/\"},{\"@type\":\"ListItem\",\"position\":3,\"name\":\"Intelligenza artificiale e Human Experience\"}]},{\"@type\":\"WebSite\",\"@id\":\"https:\\\/\\\/sandsiv.com\\\/#website\",\"url\":\"https:\\\/\\\/sandsiv.com\\\/\",\"name\":\"sandsiv+\",\"description\":\"Customer Intelligence Made In Switzerland\",\"publisher\":{\"@id\":\"https:\\\/\\\/sandsiv.com\\\/#organization\"},\"potentialAction\":[{\"@type\":\"SearchAction\",\"target\":{\"@type\":\"EntryPoint\",\"urlTemplate\":\"https:\\\/\\\/sandsiv.com\\\/?s={search_term_string}\"},\"query-input\":{\"@type\":\"PropertyValueSpecification\",\"valueRequired\":true,\"valueName\":\"search_term_string\"}}],\"inLanguage\":\"it-IT\"},{\"@type\":\"Organization\",\"@id\":\"https:\\\/\\\/sandsiv.com\\\/#organization\",\"name\":\"sandsiv+\",\"url\":\"https:\\\/\\\/sandsiv.com\\\/\",\"logo\":{\"@type\":\"ImageObject\",\"inLanguage\":\"it-IT\",\"@id\":\"https:\\\/\\\/sandsiv.com\\\/#\\\/schema\\\/logo\\\/image\\\/\",\"url\":\"https:\\\/\\\/sandsiv.com\\\/wp-content\\\/uploads\\\/2021\\\/08\\\/logo-light-normal.svg\",\"contentUrl\":\"https:\\\/\\\/sandsiv.com\\\/wp-content\\\/uploads\\\/2021\\\/08\\\/logo-light-normal.svg\",\"width\":376,\"height\":67,\"caption\":\"sandsiv+\"},\"image\":{\"@id\":\"https:\\\/\\\/sandsiv.com\\\/#\\\/schema\\\/logo\\\/image\\\/\"}}]}<\/script>\n<!-- \/ Yoast SEO Premium plugin. -->","yoast_head_json":{"title":"Intelligenza artificiale e Human Experience - sandsiv+","description":"Intelligenza artificiale ed esperienza umana: scoprite le nuove tendenze per i brand nel 2024 nel nostro ultimo articolo del blog.","robots":{"index":"index","follow":"follow","max-snippet":"max-snippet:-1","max-image-preview":"max-image-preview:large","max-video-preview":"max-video-preview:-1"},"canonical":"https:\/\/sandsiv.com\/it\/il-nostro-blog\/intelligenza-artificiale-e-human-experience\/","og_locale":"it_IT","og_type":"article","og_title":"Intelligenza artificiale e Human Experience","og_description":"Intelligenza artificiale ed esperienza umana: scoprite le nuove tendenze per i brand nel 2024 nel nostro ultimo articolo del blog.","og_url":"https:\/\/sandsiv.com\/it\/il-nostro-blog\/intelligenza-artificiale-e-human-experience\/","og_site_name":"sandsiv+","article_modified_time":"2023-12-27T10:13:41+00:00","og_image":[{"width":1000,"height":667,"url":"https:\/\/sandsiv.com\/wp-content\/uploads\/2023\/12\/unnamed-5-e1703670585813.jpg","type":"image\/jpeg"}],"twitter_card":"summary_large_image","twitter_misc":{"Tempo di lettura stimato":"3 minuti"},"schema":{"@context":"https:\/\/schema.org","@graph":[{"@type":"WebPage","@id":"https:\/\/sandsiv.com\/it\/il-nostro-blog\/intelligenza-artificiale-e-human-experience\/","url":"https:\/\/sandsiv.com\/it\/il-nostro-blog\/intelligenza-artificiale-e-human-experience\/","name":"Intelligenza artificiale e Human Experience - sandsiv+","isPartOf":{"@id":"https:\/\/sandsiv.com\/#website"},"primaryImageOfPage":{"@id":"https:\/\/sandsiv.com\/it\/il-nostro-blog\/intelligenza-artificiale-e-human-experience\/#primaryimage"},"image":{"@id":"https:\/\/sandsiv.com\/it\/il-nostro-blog\/intelligenza-artificiale-e-human-experience\/#primaryimage"},"thumbnailUrl":"https:\/\/sandsiv.com\/wp-content\/uploads\/2023\/12\/unnamed-5-e1703670585813.jpg","datePublished":"2023-12-27T09:53:43+00:00","dateModified":"2023-12-27T10:13:41+00:00","description":"Intelligenza artificiale ed esperienza umana: scoprite le nuove tendenze per i brand nel 2024 nel nostro ultimo articolo del blog.","breadcrumb":{"@id":"https:\/\/sandsiv.com\/it\/il-nostro-blog\/intelligenza-artificiale-e-human-experience\/#breadcrumb"},"inLanguage":"it-IT","potentialAction":[{"@type":"ReadAction","target":["https:\/\/sandsiv.com\/it\/il-nostro-blog\/intelligenza-artificiale-e-human-experience\/"]}]},{"@type":"ImageObject","inLanguage":"it-IT","@id":"https:\/\/sandsiv.com\/it\/il-nostro-blog\/intelligenza-artificiale-e-human-experience\/#primaryimage","url":"https:\/\/sandsiv.com\/wp-content\/uploads\/2023\/12\/unnamed-5-e1703670585813.jpg","contentUrl":"https:\/\/sandsiv.com\/wp-content\/uploads\/2023\/12\/unnamed-5-e1703670585813.jpg","width":1000,"height":667},{"@type":"BreadcrumbList","@id":"https:\/\/sandsiv.com\/it\/il-nostro-blog\/intelligenza-artificiale-e-human-experience\/#breadcrumb","itemListElement":[{"@type":"ListItem","position":1,"name":"Home","item":"https:\/\/sandsiv.com\/it\/"},{"@type":"ListItem","position":2,"name":"Il nostro Blog","item":"https:\/\/sandsiv.com\/it\/il-nostro-blog\/"},{"@type":"ListItem","position":3,"name":"Intelligenza artificiale e Human Experience"}]},{"@type":"WebSite","@id":"https:\/\/sandsiv.com\/#website","url":"https:\/\/sandsiv.com\/","name":"sandsiv+","description":"Customer Intelligence Made In Switzerland","publisher":{"@id":"https:\/\/sandsiv.com\/#organization"},"potentialAction":[{"@type":"SearchAction","target":{"@type":"EntryPoint","urlTemplate":"https:\/\/sandsiv.com\/?s={search_term_string}"},"query-input":{"@type":"PropertyValueSpecification","valueRequired":true,"valueName":"search_term_string"}}],"inLanguage":"it-IT"},{"@type":"Organization","@id":"https:\/\/sandsiv.com\/#organization","name":"sandsiv+","url":"https:\/\/sandsiv.com\/","logo":{"@type":"ImageObject","inLanguage":"it-IT","@id":"https:\/\/sandsiv.com\/#\/schema\/logo\/image\/","url":"https:\/\/sandsiv.com\/wp-content\/uploads\/2021\/08\/logo-light-normal.svg","contentUrl":"https:\/\/sandsiv.com\/wp-content\/uploads\/2021\/08\/logo-light-normal.svg","width":376,"height":67,"caption":"sandsiv+"},"image":{"@id":"https:\/\/sandsiv.com\/#\/schema\/logo\/image\/"}}]}},"_links":{"self":[{"href":"https:\/\/sandsiv.com\/it\/wp-json\/wp\/v2\/pages\/11956","targetHints":{"allow":["GET"]}}],"collection":[{"href":"https:\/\/sandsiv.com\/it\/wp-json\/wp\/v2\/pages"}],"about":[{"href":"https:\/\/sandsiv.com\/it\/wp-json\/wp\/v2\/types\/page"}],"author":[{"embeddable":true,"href":"https:\/\/sandsiv.com\/it\/wp-json\/wp\/v2\/users\/3"}],"replies":[{"embeddable":true,"href":"https:\/\/sandsiv.com\/it\/wp-json\/wp\/v2\/comments?post=11956"}],"version-history":[{"count":0,"href":"https:\/\/sandsiv.com\/it\/wp-json\/wp\/v2\/pages\/11956\/revisions"}],"up":[{"embeddable":true,"href":"https:\/\/sandsiv.com\/it\/wp-json\/wp\/v2\/pages\/8258"}],"wp:featuredmedia":[{"embeddable":true,"href":"https:\/\/sandsiv.com\/it\/wp-json\/wp\/v2\/media\/11952"}],"wp:attachment":[{"href":"https:\/\/sandsiv.com\/it\/wp-json\/wp\/v2\/media?parent=11956"}],"curies":[{"name":"wp","href":"https:\/\/api.w.org\/{rel}","templated":true}]}}