
{"id":11570,"date":"2023-12-04T08:36:40","date_gmt":"2023-12-04T08:36:40","guid":{"rendered":"https:\/\/sandsiv.com\/?page_id=11570"},"modified":"2023-12-04T08:35:51","modified_gmt":"2023-12-04T08:35:51","slug":"cx-nel-settore-bancario","status":"publish","type":"page","link":"https:\/\/sandsiv.com\/it\/il-nostro-blog\/cx-nel-settore-bancario\/","title":{"rendered":"CX nel settore bancario"},"content":{"rendered":"<div id=\"banner-block_eb86ff5c9288e43556e041dd5182a0ed\"\r\n    class=\"banner scroll-fade\">\r\n    <div\r\n        class=\"module mt_0  mb_0\">\r\n        <div class=\"container\">\r\n            <div class=\"banner__inner\">\r\n                <div class=\"banner__data\">\r\n                                        <h1 class=\"heading\">CX nel settore bancario<strong\r\n                            class=\"heading_red\">Articolo<\/strong>                    <\/h1>\r\n                                                            <div class=\"description\">4 dicembre 2023 &#8211; Quattro consigli essenziali per migliorare la Customer Experience nel settore bancario e finanziario\r\n                    <\/div>                                                            <div class=\"banner__button\">\r\n                        <a href=\"https:\/\/sandsiv.com\/it\/richiedi-una-demo\/\"\r\n                            class=\"btn\" _self                            >Richiedi una demo<\/a>\r\n                    <\/div>\r\n                                                                            <\/div>\r\n                <div class=\"banner__media\">\r\n                                        <div class=\"banner__image\">\r\n                        <picture class=\"image\">\r\n                            <source srcset=\"\">\r\n                            <img decoding=\"async\" src=\"\"\r\n                                alt=\"\" \/>\r\n                        <\/picture>\r\n                    <\/div>\r\n                                                                            <\/div>\r\n            <\/div>\r\n        <\/div>\r\n    <\/div>\r\n<\/div>\n\n\r\n<div id=\"frames_section-block_751b4d93de046321c325c908b06771c3\" class=\"frames_section scroll-fade\">\r\n    <div class=\"module mt_0  mb_0\">  \r\n        <div class=\"bg_clr_section bg_clr_red\">               \r\n            <div class=\"container\">\r\n                <div class=\"frames_section_inner\"> \r\n                                                                <div class=\"text\">\r\n                            <p>Ti sveliamo le chiavi per offrire un&#8217;esperienza soddisfacente ai <strong>clienti nei servizi bancari e finanziari,<\/strong> tenendo conto della grande importanza che i cittadini attribuiscono alle loro finanze personali.<\/p>\n                        <\/div>\r\n                                                        <\/div>\r\n            <\/div>\r\n        <\/div>\r\n    <\/div>\r\n<\/div>\n\n\r\n<div id=\"blog_post_content-block_97cf10a0f346510884ad2fa75bcf012c\" class=\"blog_post_content scroll-fade\">\r\n    <div class=\"module \">\r\n\r\n                            <div class=\"container container--medium\">\r\n                        \r\n            <div class=\"blog_post_content_inner\"> \r\n                                    <div class=\"heading_section\">\r\n                        <div class=\"heading_text h1\">\r\n                            <Div style = \"visibility: hidden\"> <\/ div>                        <\/div>\r\n                    <\/div>\r\n                                                    <div class=\"content_section\">\r\n                        <p>Negli ultimi anni l&#8217;industria finanziaria ha subito un&#8217;evoluzione senza precedenti. Storicamente <strong>un settore molto &#8220;tradizionale&#8221;<\/strong>, ha dovuto adattarsi per soddisfare le richieste e le aspettative dei clienti, soprattutto dopo la digitalizzazione. Gli utenti dei servizi finanziari non cercano pi\u00f9 solo transazioni e prodotti solidi, ma si aspettano <strong>un&#8217;esperienza completa, personalizzata e agile<\/strong> in ogni interazione con la propria banca.<\/p>\n<p>In questo nuovo scenario, le soluzioni innovative per l&#8217;ascolto della voce del cliente (VoC), guidate dall&#8217;intelligenza artificiale (AI), sono emerse come elementi chiave per i servizi bancari e finanziari per comprendere le reali esigenze dei loro clienti.<\/p>\n<h4><span style=\"color: #bf2025;\">Le chiavi per migliorare la Customer Experience nel settore bancario e finanziario<\/span><\/h4>\n<p>Come indicato da <strong>Alejandro Conejero<\/strong>, Responsabile Alleanze Strategiche e Gare di SANDSIV, ci sono 4 azioni essenziali per consolidare la relazione tra il cliente e la sua entit\u00e0 bancaria, garantendo un&#8217;esperienza soddisfacente basata sulla fiducia:<\/p>\n<ol>\n<li>Personalizzare l&#8217;attenzione, <strong>ogni cliente \u00e8 unico<\/strong>: gli strumenti di Voice of the Customer possono raccogliere una grande quantit\u00e0 di dati dalle interazioni precedenti, dalle preferenze e dai comportamenti di ogni cliente. L&#8217;applicazione dell&#8217;intelligenza artificiale e dell&#8217;analisi dei dati \u00e8 indispensabile per consentire alle banche di comprendere veramente i propri clienti. <em>&#8220;Soluzioni tecnologiche come sandsiv+ offrono una raccolta completa di feedback su pi\u00f9 canali&#8221;, ha detto Alejandro. Questo ci permette di comprendere meglio il profilo di ogni cliente, di identificare i punti critici della sua esperienza e di personalizzare i servizi finanziari in base alle sue esigenze&#8221;<\/em>.<\/li>\n<li>Offre <strong>soluzioni immediate e in tempo reale<\/strong>: in un mondo sempre pi\u00f9 frenetico, i cittadini non accettano pi\u00f9 lunghe code in filiale o interminabili chiamate in attesa per risolvere le domande. Le soluzioni VoC possono includere chatbot con capacit\u00e0 di apprendimento automatico e di elaborazione del linguaggio naturale (NLP) per fornire risposte rapide e precise. Inoltre, i dipendenti sfruttano il potenziale di questi strumenti utilizzando le loro dashboard adattive, che sono in grado di unire le informazioni acquisite con i dati del CRM interno. Come dice Alejandro, &#8220;<em>questo \u00e8 essenziale per metterli in grado di prendere decisioni agili ed efficaci da soli di fronte ai problemi dei clienti<\/em>&#8220;.<\/li>\n<li>Servire il cliente su <strong>tutti i canali disponibili<\/strong>: l&#8217;implementazione di soluzioni VoC su pi\u00f9 canali (come chiamate, chat online, social media, ecc.) garantisce un&#8217;esperienza coerente e senza interruzioni. La capacit\u00e0 di soluzioni tecnologiche come sandsiv+ di integrarsi con i sistemi esistenti \u00e8 fondamentale per catturare e misurare il feedback in pi\u00f9 punti di contatto, su tutti i canali e lungo tutto il percorso del cliente.<\/li>\n<li><strong>Costruire un rapporto di fiducia<\/strong>: gli strumenti di VoC aiutano a rafforzare la fiducia nell&#8217;attivit\u00e0 bancaria, identificando modelli comportamentali di potenziali problemi e opportunit\u00e0 di miglioramento. Si tratta di una sfida per le aziende che operano in pi\u00f9 Paesi e che devono acquisire e analizzare milioni di dati. A titolo di esempio, un&#8217;azienda <span style=\"color: #bf2025;\"><a style=\"color: #bf2025;\" href=\"https:\/\/sandsiv.com\/it\/storie-di-successo\/azienda-paytech\/\">PayTech<\/a><\/span> italiana, specializzata in pagamenti digitali omnicanale, con oltre 2 milioni di esercenti e circa 21 miliardi di transazioni all&#8217;anno, ha stretto una partnership con un&#8217;altra azienda. 21 miliardi di transazioni all&#8217;anno, ha collaborato con SANDSIV per automatizzare e unificare tutte le fonti di dati strutturati ed \u00e8 stata in grado di inviare oltre 4 milioni di sondaggi, centralizzando tutte le unit\u00e0 organizzative dei canali business-to-business (B2B) e business-to-customer (B2C) su un&#8217;unica piattaforma, consentendo di analizzare i dati dei clienti in base al sentiment e all&#8217;argomento, e quindi di rafforzare il rapporto di fiducia e di coinvolgimento.<\/li>\n<\/ol>\n<p><strong>La fiducia e la stabilit\u00e0 finanziaria<\/strong> sono quindi elementi cruciali per i cittadini. La sensibilit\u00e0 alle questioni economiche rende la fiducia un elemento cruciale nel rapporto tra banche e clienti. Per questi ultimi, qualsiasi battuta d&#8217;arresto o contrattempo in questo ambito pu\u00f2 lasciare un&#8217;impressione molto negativa e compromettere la loro fedelt\u00e0. Pertanto, <strong>le soluzioni innovative per l&#8217;ascolto della voce del cliente<\/strong> si distinguono per affrontare queste sfide, creare un <strong>rapporto di fiducia a lungo termine<\/strong> e offrire una customer experience davvero soddisfacente.<\/p>\n                    <\/div>\r\n                            <\/div>\r\n        <\/div>\r\n    <\/div>\r\n<\/div>\n\n\r\n<div id=\"blog_post_content-block_21d3fe75d9aa60769f291ebcdcfa4202\" class=\"blog_post_content scroll-fade\">\r\n    <div class=\"module \">\r\n\r\n                    <div class=\"container\">\r\n                                \r\n            <div class=\"blog_post_content_inner\"> \r\n                                    <div class=\"heading_section\">\r\n                        <div class=\"heading_text h1\">\r\n                            CX nel settore bancario                        <\/div>\r\n                    <\/div>\r\n                                                    <div class=\"content_section\">\r\n                        <h5>CONTATTO:<span style=\"font-weight: 400;\"><br \/>\n<\/span><a href=\"mailto:media@sandsiv.com\"><b>media@SANDSIV.com<\/b><\/a><\/h5>\n                    <\/div>\r\n                            <\/div>\r\n        <\/div>\r\n    <\/div>\r\n<\/div>\n\n\r\n<div id=\"frames_section-block_14e7ec4aece3eb804b06f5908727c211\" class=\"frames_section scroll-fade\">\r\n    <div class=\"module mt_0  mb_0\">  \r\n        <div class=\"bg_clr_section bg_clr_red\">               \r\n            <div class=\"container\">\r\n                <div class=\"frames_section_inner\"> \r\n                                            <div class=\"heading\">\r\n                            Inizia subito a crescere con sandsiv+                        <\/div>\r\n                                                                                    <div class=\"button_section\">\r\n                            <a class=\"btn btn--white \" href=\"https:\/\/sandsiv.com\/it\/richiedi-una-demo\/\" >\r\n                                Richiedi una demo                            <\/a>\r\n                        <\/div>\r\n                                    <\/div>\r\n            <\/div>\r\n        <\/div>\r\n    <\/div>\r\n<\/div>","protected":false},"excerpt":{"rendered":"","protected":false},"author":3,"featured_media":11592,"parent":8258,"menu_order":0,"comment_status":"closed","ping_status":"closed","template":"","meta":{"content-type":"","footnotes":""},"class_list":["post-11570","page","type-page","status-publish","has-post-thumbnail","hentry"],"acf":[],"yoast_head":"<!-- This site is optimized with the Yoast SEO Premium plugin v26.9 (Yoast SEO v27.4) - https:\/\/yoast.com\/product\/yoast-seo-premium-wordpress\/ -->\n<title>CX nel settore bancario - sandsiv+<\/title>\n<meta name=\"description\" content=\"Ti sveliamo le chiavi fondamentali per offrire ai tuoi clienti la migliore esperienza CX nel settore bancario e finanziario.\" \/>\n<meta name=\"robots\" content=\"index, follow, max-snippet:-1, max-image-preview:large, max-video-preview:-1\" \/>\n<link rel=\"canonical\" href=\"https:\/\/sandsiv.com\/it\/il-nostro-blog\/cx-nel-settore-bancario\/\" \/>\n<meta property=\"og:locale\" content=\"it_IT\" \/>\n<meta property=\"og:type\" content=\"article\" \/>\n<meta property=\"og:title\" content=\"CX nel settore bancario\" \/>\n<meta property=\"og:description\" content=\"Ti sveliamo le chiavi fondamentali per offrire ai tuoi clienti la migliore esperienza CX nel settore bancario e finanziario.\" \/>\n<meta property=\"og:url\" content=\"https:\/\/sandsiv.com\/it\/il-nostro-blog\/cx-nel-settore-bancario\/\" \/>\n<meta property=\"og:site_name\" content=\"sandsiv+\" \/>\n<meta property=\"og:image\" content=\"https:\/\/sandsiv.com\/wp-content\/uploads\/2023\/12\/unnamed-3-scaled.jpg\" \/>\n\t<meta property=\"og:image:width\" content=\"2560\" \/>\n\t<meta property=\"og:image:height\" content=\"1706\" \/>\n\t<meta property=\"og:image:type\" content=\"image\/jpeg\" \/>\n<meta name=\"twitter:card\" content=\"summary_large_image\" \/>\n<script type=\"application\/ld+json\" class=\"yoast-schema-graph\">{\"@context\":\"https:\\\/\\\/schema.org\",\"@graph\":[{\"@type\":\"WebPage\",\"@id\":\"https:\\\/\\\/sandsiv.com\\\/it\\\/il-nostro-blog\\\/cx-nel-settore-bancario\\\/\",\"url\":\"https:\\\/\\\/sandsiv.com\\\/it\\\/il-nostro-blog\\\/cx-nel-settore-bancario\\\/\",\"name\":\"CX nel settore bancario - sandsiv+\",\"isPartOf\":{\"@id\":\"https:\\\/\\\/sandsiv.com\\\/#website\"},\"primaryImageOfPage\":{\"@id\":\"https:\\\/\\\/sandsiv.com\\\/it\\\/il-nostro-blog\\\/cx-nel-settore-bancario\\\/#primaryimage\"},\"image\":{\"@id\":\"https:\\\/\\\/sandsiv.com\\\/it\\\/il-nostro-blog\\\/cx-nel-settore-bancario\\\/#primaryimage\"},\"thumbnailUrl\":\"https:\\\/\\\/sandsiv.com\\\/wp-content\\\/uploads\\\/2023\\\/12\\\/unnamed-3-scaled-e1703673686669.jpg\",\"datePublished\":\"2023-12-04T08:36:40+00:00\",\"description\":\"Ti sveliamo le chiavi fondamentali per offrire ai tuoi clienti la migliore esperienza CX nel settore bancario e finanziario.\",\"breadcrumb\":{\"@id\":\"https:\\\/\\\/sandsiv.com\\\/it\\\/il-nostro-blog\\\/cx-nel-settore-bancario\\\/#breadcrumb\"},\"inLanguage\":\"it-IT\",\"potentialAction\":[{\"@type\":\"ReadAction\",\"target\":[\"https:\\\/\\\/sandsiv.com\\\/it\\\/il-nostro-blog\\\/cx-nel-settore-bancario\\\/\"]}]},{\"@type\":\"ImageObject\",\"inLanguage\":\"it-IT\",\"@id\":\"https:\\\/\\\/sandsiv.com\\\/it\\\/il-nostro-blog\\\/cx-nel-settore-bancario\\\/#primaryimage\",\"url\":\"https:\\\/\\\/sandsiv.com\\\/wp-content\\\/uploads\\\/2023\\\/12\\\/unnamed-3-scaled-e1703673686669.jpg\",\"contentUrl\":\"https:\\\/\\\/sandsiv.com\\\/wp-content\\\/uploads\\\/2023\\\/12\\\/unnamed-3-scaled-e1703673686669.jpg\",\"width\":2560,\"height\":1706,\"caption\":\"sandsiv blog article financial services\"},{\"@type\":\"BreadcrumbList\",\"@id\":\"https:\\\/\\\/sandsiv.com\\\/it\\\/il-nostro-blog\\\/cx-nel-settore-bancario\\\/#breadcrumb\",\"itemListElement\":[{\"@type\":\"ListItem\",\"position\":1,\"name\":\"Home\",\"item\":\"https:\\\/\\\/sandsiv.com\\\/it\\\/\"},{\"@type\":\"ListItem\",\"position\":2,\"name\":\"Il nostro Blog\",\"item\":\"https:\\\/\\\/sandsiv.com\\\/it\\\/il-nostro-blog\\\/\"},{\"@type\":\"ListItem\",\"position\":3,\"name\":\"CX nel settore bancario\"}]},{\"@type\":\"WebSite\",\"@id\":\"https:\\\/\\\/sandsiv.com\\\/#website\",\"url\":\"https:\\\/\\\/sandsiv.com\\\/\",\"name\":\"sandsiv+\",\"description\":\"Customer Intelligence Made In Switzerland\",\"publisher\":{\"@id\":\"https:\\\/\\\/sandsiv.com\\\/#organization\"},\"potentialAction\":[{\"@type\":\"SearchAction\",\"target\":{\"@type\":\"EntryPoint\",\"urlTemplate\":\"https:\\\/\\\/sandsiv.com\\\/?s={search_term_string}\"},\"query-input\":{\"@type\":\"PropertyValueSpecification\",\"valueRequired\":true,\"valueName\":\"search_term_string\"}}],\"inLanguage\":\"it-IT\"},{\"@type\":\"Organization\",\"@id\":\"https:\\\/\\\/sandsiv.com\\\/#organization\",\"name\":\"sandsiv+\",\"url\":\"https:\\\/\\\/sandsiv.com\\\/\",\"logo\":{\"@type\":\"ImageObject\",\"inLanguage\":\"it-IT\",\"@id\":\"https:\\\/\\\/sandsiv.com\\\/#\\\/schema\\\/logo\\\/image\\\/\",\"url\":\"https:\\\/\\\/sandsiv.com\\\/wp-content\\\/uploads\\\/2021\\\/08\\\/logo-light-normal.svg\",\"contentUrl\":\"https:\\\/\\\/sandsiv.com\\\/wp-content\\\/uploads\\\/2021\\\/08\\\/logo-light-normal.svg\",\"width\":376,\"height\":67,\"caption\":\"sandsiv+\"},\"image\":{\"@id\":\"https:\\\/\\\/sandsiv.com\\\/#\\\/schema\\\/logo\\\/image\\\/\"}}]}<\/script>\n<!-- \/ Yoast SEO Premium plugin. -->","yoast_head_json":{"title":"CX nel settore bancario - sandsiv+","description":"Ti sveliamo le chiavi fondamentali per offrire ai tuoi clienti la migliore esperienza CX nel settore bancario e finanziario.","robots":{"index":"index","follow":"follow","max-snippet":"max-snippet:-1","max-image-preview":"max-image-preview:large","max-video-preview":"max-video-preview:-1"},"canonical":"https:\/\/sandsiv.com\/it\/il-nostro-blog\/cx-nel-settore-bancario\/","og_locale":"it_IT","og_type":"article","og_title":"CX nel settore bancario","og_description":"Ti sveliamo le chiavi fondamentali per offrire ai tuoi clienti la migliore esperienza CX nel settore bancario e finanziario.","og_url":"https:\/\/sandsiv.com\/it\/il-nostro-blog\/cx-nel-settore-bancario\/","og_site_name":"sandsiv+","og_image":[{"width":2560,"height":1706,"url":"https:\/\/sandsiv.com\/wp-content\/uploads\/2023\/12\/unnamed-3-scaled.jpg","type":"image\/jpeg"}],"twitter_card":"summary_large_image","schema":{"@context":"https:\/\/schema.org","@graph":[{"@type":"WebPage","@id":"https:\/\/sandsiv.com\/it\/il-nostro-blog\/cx-nel-settore-bancario\/","url":"https:\/\/sandsiv.com\/it\/il-nostro-blog\/cx-nel-settore-bancario\/","name":"CX nel settore bancario - sandsiv+","isPartOf":{"@id":"https:\/\/sandsiv.com\/#website"},"primaryImageOfPage":{"@id":"https:\/\/sandsiv.com\/it\/il-nostro-blog\/cx-nel-settore-bancario\/#primaryimage"},"image":{"@id":"https:\/\/sandsiv.com\/it\/il-nostro-blog\/cx-nel-settore-bancario\/#primaryimage"},"thumbnailUrl":"https:\/\/sandsiv.com\/wp-content\/uploads\/2023\/12\/unnamed-3-scaled-e1703673686669.jpg","datePublished":"2023-12-04T08:36:40+00:00","description":"Ti sveliamo le chiavi fondamentali per offrire ai tuoi clienti la migliore esperienza CX nel settore bancario e finanziario.","breadcrumb":{"@id":"https:\/\/sandsiv.com\/it\/il-nostro-blog\/cx-nel-settore-bancario\/#breadcrumb"},"inLanguage":"it-IT","potentialAction":[{"@type":"ReadAction","target":["https:\/\/sandsiv.com\/it\/il-nostro-blog\/cx-nel-settore-bancario\/"]}]},{"@type":"ImageObject","inLanguage":"it-IT","@id":"https:\/\/sandsiv.com\/it\/il-nostro-blog\/cx-nel-settore-bancario\/#primaryimage","url":"https:\/\/sandsiv.com\/wp-content\/uploads\/2023\/12\/unnamed-3-scaled-e1703673686669.jpg","contentUrl":"https:\/\/sandsiv.com\/wp-content\/uploads\/2023\/12\/unnamed-3-scaled-e1703673686669.jpg","width":2560,"height":1706,"caption":"sandsiv blog article financial services"},{"@type":"BreadcrumbList","@id":"https:\/\/sandsiv.com\/it\/il-nostro-blog\/cx-nel-settore-bancario\/#breadcrumb","itemListElement":[{"@type":"ListItem","position":1,"name":"Home","item":"https:\/\/sandsiv.com\/it\/"},{"@type":"ListItem","position":2,"name":"Il nostro Blog","item":"https:\/\/sandsiv.com\/it\/il-nostro-blog\/"},{"@type":"ListItem","position":3,"name":"CX nel settore bancario"}]},{"@type":"WebSite","@id":"https:\/\/sandsiv.com\/#website","url":"https:\/\/sandsiv.com\/","name":"sandsiv+","description":"Customer Intelligence Made In Switzerland","publisher":{"@id":"https:\/\/sandsiv.com\/#organization"},"potentialAction":[{"@type":"SearchAction","target":{"@type":"EntryPoint","urlTemplate":"https:\/\/sandsiv.com\/?s={search_term_string}"},"query-input":{"@type":"PropertyValueSpecification","valueRequired":true,"valueName":"search_term_string"}}],"inLanguage":"it-IT"},{"@type":"Organization","@id":"https:\/\/sandsiv.com\/#organization","name":"sandsiv+","url":"https:\/\/sandsiv.com\/","logo":{"@type":"ImageObject","inLanguage":"it-IT","@id":"https:\/\/sandsiv.com\/#\/schema\/logo\/image\/","url":"https:\/\/sandsiv.com\/wp-content\/uploads\/2021\/08\/logo-light-normal.svg","contentUrl":"https:\/\/sandsiv.com\/wp-content\/uploads\/2021\/08\/logo-light-normal.svg","width":376,"height":67,"caption":"sandsiv+"},"image":{"@id":"https:\/\/sandsiv.com\/#\/schema\/logo\/image\/"}}]}},"_links":{"self":[{"href":"https:\/\/sandsiv.com\/it\/wp-json\/wp\/v2\/pages\/11570","targetHints":{"allow":["GET"]}}],"collection":[{"href":"https:\/\/sandsiv.com\/it\/wp-json\/wp\/v2\/pages"}],"about":[{"href":"https:\/\/sandsiv.com\/it\/wp-json\/wp\/v2\/types\/page"}],"author":[{"embeddable":true,"href":"https:\/\/sandsiv.com\/it\/wp-json\/wp\/v2\/users\/3"}],"replies":[{"embeddable":true,"href":"https:\/\/sandsiv.com\/it\/wp-json\/wp\/v2\/comments?post=11570"}],"version-history":[{"count":0,"href":"https:\/\/sandsiv.com\/it\/wp-json\/wp\/v2\/pages\/11570\/revisions"}],"up":[{"embeddable":true,"href":"https:\/\/sandsiv.com\/it\/wp-json\/wp\/v2\/pages\/8258"}],"wp:featuredmedia":[{"embeddable":true,"href":"https:\/\/sandsiv.com\/it\/wp-json\/wp\/v2\/media\/11592"}],"wp:attachment":[{"href":"https:\/\/sandsiv.com\/it\/wp-json\/wp\/v2\/media?parent=11570"}],"curies":[{"name":"wp","href":"https:\/\/api.w.org\/{rel}","templated":true}]}}