
{"id":11304,"date":"2023-09-19T08:30:28","date_gmt":"2023-09-19T08:30:28","guid":{"rendered":"https:\/\/sandsiv.com\/il-nostro-blog\/5-razones-inteligencia-artificial\/"},"modified":"2023-11-10T15:10:48","modified_gmt":"2023-11-10T15:10:48","slug":"5-motivi-per-cui-lia-aumentera-i-profitti-della-tua-azienda","status":"publish","type":"page","link":"https:\/\/sandsiv.com\/it\/il-nostro-blog\/5-motivi-per-cui-lia-aumentera-i-profitti-della-tua-azienda\/","title":{"rendered":"5 motivi per cui l&#8217;IA aumenter\u00e0 i profitti della tua azienda"},"content":{"rendered":"<div id=\"banner-block_cfa81d03539866985a1c7f5c28a14799\"\r\n    class=\"banner scroll-fade\">\r\n    <div\r\n        class=\"module mt_0  mb_0\">\r\n        <div class=\"container\">\r\n            <div class=\"banner__inner\">\r\n                <div class=\"banner__data\">\r\n                                        <h1 class=\"heading\">5 motivi per cui l&#8217;IA aumenter\u00e0 i profitti della tua azienda<strong\r\n                            class=\"heading_red\">Articolo<\/strong>                    <\/h1>\r\n                                                            <div class=\"description\">13 luglio 2023 &#8211; 5 motivi per cui l&#8217;IA aumenter\u00e0 i profitti della tua azienda                    <\/div>                                                                                                <\/div>\r\n                <div class=\"banner__media\">\r\n                                        <div class=\"banner__image\">\r\n                        <picture class=\"image\">\r\n                            <source srcset=\"\">\r\n                            <img decoding=\"async\" src=\"\"\r\n                                alt=\"\" \/>\r\n                        <\/picture>\r\n                    <\/div>\r\n                                                                            <\/div>\r\n            <\/div>\r\n        <\/div>\r\n    <\/div>\r\n<\/div>\n\n\r\n<div id=\"frames_section-block_49b680fa9c2a5c201906a3ca13b6de06\" class=\"frames_section scroll-fade\">\r\n    <div class=\"module mt_0  mb_0\">  \r\n        <div class=\"bg_clr_section bg_clr_red\">               \r\n            <div class=\"container\">\r\n                <div class=\"frames_section_inner\"> \r\n                                                                <div class=\"text\">\r\n                            <p>Immaginate di poter utilizzare <strong>un sistema intelligente<\/strong> che, basandosi su modelli linguistici come il Chat GPT, sia in grado di <strong>analizzare automaticamente il sentiment dei nostri clienti in tempo reale<\/strong>, di stilare una lista delle <strong>10 migliori iniziative per migliorare la loro esperienza<\/strong> e di proporci i <strong>cinque progetti di maggior impatto da implementare<\/strong>, tenendo conto della capacit\u00e0 di esecuzione della nostra azienda.<\/p>\n<p>Sembra fantascienza, vero? Ebbene, questo tipo di <strong>tecnologia basata sull&#8217;intelligenza artificiale (AI)<\/strong> \u00e8 gi\u00e0 realt\u00e0. La rivoluzione scatenata da nuovi strumenti dirompenti come OpenAI sta avendo un impatto sulle aziende di tutto il mondo grazie al suo potenziale di elaborazione di <strong>volumi di dati sempre maggiori<\/strong> e alle sue capacit\u00e0 di <strong>apprendimento automatico<\/strong>.<\/p>\n                        <\/div>\r\n                                                        <\/div>\r\n            <\/div>\r\n        <\/div>\r\n    <\/div>\r\n<\/div>\n\n\r\n<div id=\"blog_post_content-block_18f340ca435a5ee51aa6a854da3969d2\" class=\"blog_post_content scroll-fade\">\r\n    <div class=\"module \">\r\n\r\n                            <div class=\"container container--medium\">\r\n                        \r\n            <div class=\"blog_post_content_inner\"> \r\n                                    <div class=\"heading_section\">\r\n                        <div class=\"heading_text h1\">\r\n                            <Div style = \"visibility: hidden\"> <\/ div>                        <\/div>\r\n                    <\/div>\r\n                                                    <div class=\"content_section\">\r\n                        <p>Ti spieghiamo, in 5 motivi, perch\u00e9 queste tecnologie possono essere particolarmente vantaggiose in termini economici in settori diversi come le <strong>telecomunicazioni, la vendita al dettaglio, la medicina, le assicurazioni, le banche e persino l&#8217;ozio e l&#8217;intrattenimento<\/strong>:<\/p>\n<h4><span style=\"color: #bf2025;\">Miglioramento del processo decisionale<\/span><\/h4>\n<p>Grazie alla comprensione del linguaggio naturale, \u00e8 possibile <strong>identificare immediatamente i punti dolenti dei clienti<\/strong> durante tutta l&#8217;esperienza del cliente o addirittura estrarre il sentimento pi\u00f9 sottile in un particolare touchpoint del Customer Journey, migliorando il processo decisionale dei nostri team.<\/p>\n<p>Questo ci aiuta a comprendere <strong>il contesto emotivo dei diversi temi espressi dal cliente<\/strong>. La possibilit\u00e0 di classificare i problemi in base al sentiment ci permette di capire meglio come si sentono i clienti in merito alle loro esperienze con noi.<\/p>\n<h4><span style=\"color: #bf2025;\">Aumento dell&#8217;efficienza operativa e riduzione dei tempi di risposta<\/span><\/h4>\n<p>L&#8217;automazione dei processi si traduce sempre in un <strong>risparmio di tempo e di costi<\/strong>. I vantaggi per l&#8217;azienda sono evidenti, ad esempio, nella velocit\u00e0 di commercializzazione, grazie alla possibilit\u00e0 di trasformare un processo analitico complesso che prima richiedeva settimane in un&#8217;operazione snella di pochi minuti.<\/p>\n<p>Inoltre, strumenti come <span style=\"color: #bf2025;\"><a style=\"color: #bf2025;\" href=\"https:\/\/sandsiv.com\/it\/prodotto\/\">sandsiv+<\/a><\/span>, in grado di raccogliere, analizzare e gestire il feedback dei clienti in tempo reale, ci permetteranno di affrontare i problemi in anticipo o di offrire soluzioni nel pi\u00f9 breve tempo possibile.<\/p>\n<h4><span style=\"color: #bf2025;\">Attenzione personalizzata in tempo reale<\/span><\/h4>\n<p>Sebbene il calore umano sia chiaramente insostituibile, gli strumenti in grado di automatizzare le risposte personalizzate e di <strong>fornire assistenza 24 ore su 24<\/strong> offrono convenienza e tranquillit\u00e0 a molti clienti, soprattutto a quelli che si trovano in fusi orari diversi o con orari di lavoro atipici.<\/p>\n<h4><span style=\"color: #bf2025;\">Maggiore attenzione all&#8217;esperienza dei dipendenti<\/span><\/h4>\n<p>L&#8217;adozione di tecnologie basate sull&#8217;intelligenza artificiale e l&#8217;automazione di compiti ripetitivi e di routine <strong>non deve essere vista come una minaccia per i dipendenti<\/strong>, ma piuttosto come <strong>un&#8217;opportunit\u00e0 per migliorare il loro sviluppo nella nostra azienda<\/strong>, consentendo loro di concentrarsi su attivit\u00e0 di maggior valore e creative, creando cos\u00ec un ambiente favorevole alla guida dell&#8217;esperienza dei dipendenti.<\/p>\n<p>Inoltre, offrendo loro opportunit\u00e0 di crescita, ridurremo senza dubbio il tasso di turnover, essenziale per <strong>minimizzare l&#8217;impatto finanziario dei costi di reclutamento, selezione e formazione dei nuovi dipendenti<\/strong>.<\/p>\n<h4><span style=\"color: #bf2025;\">Innovazione costante e nuovi percorsi di crescita<\/span><\/h4>\n<p>La costante ricerca dell&#8217;innovazione \u00e8 un chiaro vantaggio competitivo che segner\u00e0 nuove opportunit\u00e0 di sviluppo nel nostro settore. Grazie alla promozione di questo tipo di tecnologie dirompenti, SANDSIV \u00e8 riuscita, ad esempio, a mettere a punto un metodo per <strong>analizzare pi\u00f9 di 15.000 recensioni e identificare gli argomenti e i sentimenti associati in meno di 60 secondi<\/strong>, riuscendo cos\u00ec a riconoscere i punti dolenti del customer journey in tempi record.<\/p>\n<p>L&#8217;adozione di strumenti basati sull&#8217;AI e l&#8217;integrazione, ad esempio, di <strong>Aspect-Based Sentiment Analysis (ABSA)<\/strong> e di modelli linguistici come quelli di <strong>OpenAI<\/strong> in uno strumento come <span style=\"color: #bf2025;\"><a style=\"color: #bf2025;\" href=\"https:\/\/sandsiv.com\/it\/\">sandsiv+<\/a><\/span>, consente alle aziende di ottenere una visione olistica della Customer Experience, <strong>identificando i momenti chiave<\/strong> in cui i sentimenti sono positivi o negativi e comprendendo a fondo <strong>i fattori che li influenzano<\/strong>.<\/p>\n<p>Questo facilita un migliore processo decisionale e l&#8217;implementazione di iniziative di miglioramento pi\u00f9 efficaci, <strong>evitando la conversione dei promotori in detrattori e incoraggiando la raccomandazione positiva<\/strong>. Tutti questi vantaggi si traducono direttamente nel risultato economico, poich\u00e9 il miglioramento della soddisfazione dei clienti ne rafforza la fedelt\u00e0, aumenta i ricavi e diventa una <strong>garanzia di successo aziendale a lungo termine.<\/strong><\/p>\n                    <\/div>\r\n                            <\/div>\r\n        <\/div>\r\n    <\/div>\r\n<\/div>\n\n\r\n<div id=\"blog_post_content-block_2596a9790663a61392d56b7c1c7ccbe2\" class=\"blog_post_content scroll-fade\">\r\n    <div class=\"module \">\r\n\r\n                    <div class=\"container\">\r\n                                \r\n            <div class=\"blog_post_content_inner\"> \r\n                                    <div class=\"heading_section\">\r\n                        <div class=\"heading_text h1\">\r\n                            5 motivi per cui l&#8217;IA aumenter\u00e0 i profitti della tua azienda                        <\/div>\r\n                    <\/div>\r\n                                                    <div class=\"content_section\">\r\n                        <h5>Autore:<br \/>\nFederico Cesconi<\/h5>\n<p><a href=\"https:\/\/www.linkedin.com\/pulse\/how-auto-gpt-captivated-terrified-me-over-weekend-federico-cesconi\/?trackingId=7lrQZkD1SgWY%2BSbOOccogw%3D%3D\"><span style=\"color: #bf2025;\">Leggi l&#8217;articolo su Linkedin<\/span><\/a><\/p>\n                    <\/div>\r\n                            <\/div>\r\n        <\/div>\r\n    <\/div>\r\n<\/div>\n\n\r\n<div id=\"frames_section-block_434413bd8f00fad2cbbfe0211a495795\" class=\"frames_section scroll-fade\">\r\n    <div class=\"module mt_0  mb_0\">  \r\n        <div class=\"bg_clr_section bg_clr_red\">               \r\n            <div class=\"container\">\r\n                <div class=\"frames_section_inner\"> \r\n                                            <div class=\"heading\">\r\n                            Inizia subito a crescere con sandsiv+                        <\/div>\r\n                                                                                    <div class=\"button_section\">\r\n                            <a class=\"btn btn--white \" href=\"https:\/\/sandsiv.com\/it\/richiedi-una-demo\/\" >\r\n                                Richiedi una demo                            <\/a>\r\n                        <\/div>\r\n                                    <\/div>\r\n            <\/div>\r\n        <\/div>\r\n    <\/div>\r\n<\/div>","protected":false},"excerpt":{"rendered":"","protected":false},"author":3,"featured_media":0,"parent":8258,"menu_order":0,"comment_status":"closed","ping_status":"closed","template":"","meta":{"content-type":"","footnotes":""},"class_list":["post-11304","page","type-page","status-publish","hentry"],"acf":[],"yoast_head":"<!-- This site is optimized with the Yoast SEO Premium plugin v26.9 (Yoast SEO v27.4) - https:\/\/yoast.com\/product\/yoast-seo-premium-wordpress\/ -->\n<title>5 motivi per cui l&#039;IA aumenter\u00e0 i profitti della tua azienda - sandsiv+<\/title>\n<meta name=\"description\" content=\"Leggi il nostro ultimo articolo blog in cui ti sveliamo i 5 motivi per cui l&#039;IA aumenter\u00e0 i profitti della tua azienda.\" \/>\n<meta name=\"robots\" content=\"index, follow, max-snippet:-1, max-image-preview:large, max-video-preview:-1\" \/>\n<link rel=\"canonical\" href=\"https:\/\/sandsiv.com\/it\/il-nostro-blog\/5-motivi-per-cui-lia-aumentera-i-profitti-della-tua-azienda\/\" \/>\n<meta property=\"og:locale\" content=\"it_IT\" \/>\n<meta property=\"og:type\" content=\"article\" \/>\n<meta property=\"og:title\" content=\"5 motivi per cui l&#039;IA aumenter\u00e0 i profitti della tua azienda\" \/>\n<meta property=\"og:description\" content=\"Leggi il nostro ultimo articolo blog in cui ti sveliamo i 5 motivi per cui l&#039;IA aumenter\u00e0 i profitti della tua azienda.\" \/>\n<meta property=\"og:url\" content=\"https:\/\/sandsiv.com\/it\/il-nostro-blog\/5-motivi-per-cui-lia-aumentera-i-profitti-della-tua-azienda\/\" \/>\n<meta property=\"og:site_name\" content=\"sandsiv+\" \/>\n<meta property=\"article:modified_time\" content=\"2023-11-10T15:10:48+00:00\" \/>\n<meta name=\"twitter:card\" content=\"summary_large_image\" \/>\n<script type=\"application\/ld+json\" class=\"yoast-schema-graph\">{\"@context\":\"https:\\\/\\\/schema.org\",\"@graph\":[{\"@type\":\"WebPage\",\"@id\":\"https:\\\/\\\/sandsiv.com\\\/it\\\/il-nostro-blog\\\/5-motivi-per-cui-lia-aumentera-i-profitti-della-tua-azienda\\\/\",\"url\":\"https:\\\/\\\/sandsiv.com\\\/it\\\/il-nostro-blog\\\/5-motivi-per-cui-lia-aumentera-i-profitti-della-tua-azienda\\\/\",\"name\":\"5 motivi per cui l'IA aumenter\u00e0 i profitti della tua azienda - sandsiv+\",\"isPartOf\":{\"@id\":\"https:\\\/\\\/sandsiv.com\\\/#website\"},\"datePublished\":\"2023-09-19T08:30:28+00:00\",\"dateModified\":\"2023-11-10T15:10:48+00:00\",\"description\":\"Leggi il nostro ultimo articolo blog in cui ti sveliamo i 5 motivi per cui l'IA aumenter\u00e0 i profitti della tua azienda.\",\"breadcrumb\":{\"@id\":\"https:\\\/\\\/sandsiv.com\\\/it\\\/il-nostro-blog\\\/5-motivi-per-cui-lia-aumentera-i-profitti-della-tua-azienda\\\/#breadcrumb\"},\"inLanguage\":\"it-IT\",\"potentialAction\":[{\"@type\":\"ReadAction\",\"target\":[\"https:\\\/\\\/sandsiv.com\\\/it\\\/il-nostro-blog\\\/5-motivi-per-cui-lia-aumentera-i-profitti-della-tua-azienda\\\/\"]}]},{\"@type\":\"BreadcrumbList\",\"@id\":\"https:\\\/\\\/sandsiv.com\\\/it\\\/il-nostro-blog\\\/5-motivi-per-cui-lia-aumentera-i-profitti-della-tua-azienda\\\/#breadcrumb\",\"itemListElement\":[{\"@type\":\"ListItem\",\"position\":1,\"name\":\"Home\",\"item\":\"https:\\\/\\\/sandsiv.com\\\/it\\\/\"},{\"@type\":\"ListItem\",\"position\":2,\"name\":\"Il nostro Blog\",\"item\":\"https:\\\/\\\/sandsiv.com\\\/it\\\/il-nostro-blog\\\/\"},{\"@type\":\"ListItem\",\"position\":3,\"name\":\"5 motivi per cui l&#8217;IA aumenter\u00e0 i profitti della tua azienda\"}]},{\"@type\":\"WebSite\",\"@id\":\"https:\\\/\\\/sandsiv.com\\\/#website\",\"url\":\"https:\\\/\\\/sandsiv.com\\\/\",\"name\":\"sandsiv+\",\"description\":\"Customer Intelligence Made In Switzerland\",\"publisher\":{\"@id\":\"https:\\\/\\\/sandsiv.com\\\/#organization\"},\"potentialAction\":[{\"@type\":\"SearchAction\",\"target\":{\"@type\":\"EntryPoint\",\"urlTemplate\":\"https:\\\/\\\/sandsiv.com\\\/?s={search_term_string}\"},\"query-input\":{\"@type\":\"PropertyValueSpecification\",\"valueRequired\":true,\"valueName\":\"search_term_string\"}}],\"inLanguage\":\"it-IT\"},{\"@type\":\"Organization\",\"@id\":\"https:\\\/\\\/sandsiv.com\\\/#organization\",\"name\":\"sandsiv+\",\"url\":\"https:\\\/\\\/sandsiv.com\\\/\",\"logo\":{\"@type\":\"ImageObject\",\"inLanguage\":\"it-IT\",\"@id\":\"https:\\\/\\\/sandsiv.com\\\/#\\\/schema\\\/logo\\\/image\\\/\",\"url\":\"https:\\\/\\\/sandsiv.com\\\/wp-content\\\/uploads\\\/2021\\\/08\\\/logo-light-normal.svg\",\"contentUrl\":\"https:\\\/\\\/sandsiv.com\\\/wp-content\\\/uploads\\\/2021\\\/08\\\/logo-light-normal.svg\",\"width\":376,\"height\":67,\"caption\":\"sandsiv+\"},\"image\":{\"@id\":\"https:\\\/\\\/sandsiv.com\\\/#\\\/schema\\\/logo\\\/image\\\/\"}}]}<\/script>\n<!-- \/ Yoast SEO Premium plugin. -->","yoast_head_json":{"title":"5 motivi per cui l'IA aumenter\u00e0 i profitti della tua azienda - sandsiv+","description":"Leggi il nostro ultimo articolo blog in cui ti sveliamo i 5 motivi per cui l'IA aumenter\u00e0 i profitti della tua azienda.","robots":{"index":"index","follow":"follow","max-snippet":"max-snippet:-1","max-image-preview":"max-image-preview:large","max-video-preview":"max-video-preview:-1"},"canonical":"https:\/\/sandsiv.com\/it\/il-nostro-blog\/5-motivi-per-cui-lia-aumentera-i-profitti-della-tua-azienda\/","og_locale":"it_IT","og_type":"article","og_title":"5 motivi per cui l'IA aumenter\u00e0 i profitti della tua azienda","og_description":"Leggi il nostro ultimo articolo blog in cui ti sveliamo i 5 motivi per cui l'IA aumenter\u00e0 i profitti della tua azienda.","og_url":"https:\/\/sandsiv.com\/it\/il-nostro-blog\/5-motivi-per-cui-lia-aumentera-i-profitti-della-tua-azienda\/","og_site_name":"sandsiv+","article_modified_time":"2023-11-10T15:10:48+00:00","twitter_card":"summary_large_image","schema":{"@context":"https:\/\/schema.org","@graph":[{"@type":"WebPage","@id":"https:\/\/sandsiv.com\/it\/il-nostro-blog\/5-motivi-per-cui-lia-aumentera-i-profitti-della-tua-azienda\/","url":"https:\/\/sandsiv.com\/it\/il-nostro-blog\/5-motivi-per-cui-lia-aumentera-i-profitti-della-tua-azienda\/","name":"5 motivi per cui l'IA aumenter\u00e0 i profitti della tua azienda - sandsiv+","isPartOf":{"@id":"https:\/\/sandsiv.com\/#website"},"datePublished":"2023-09-19T08:30:28+00:00","dateModified":"2023-11-10T15:10:48+00:00","description":"Leggi il nostro ultimo articolo blog in cui ti sveliamo i 5 motivi per cui l'IA aumenter\u00e0 i profitti della tua azienda.","breadcrumb":{"@id":"https:\/\/sandsiv.com\/it\/il-nostro-blog\/5-motivi-per-cui-lia-aumentera-i-profitti-della-tua-azienda\/#breadcrumb"},"inLanguage":"it-IT","potentialAction":[{"@type":"ReadAction","target":["https:\/\/sandsiv.com\/it\/il-nostro-blog\/5-motivi-per-cui-lia-aumentera-i-profitti-della-tua-azienda\/"]}]},{"@type":"BreadcrumbList","@id":"https:\/\/sandsiv.com\/it\/il-nostro-blog\/5-motivi-per-cui-lia-aumentera-i-profitti-della-tua-azienda\/#breadcrumb","itemListElement":[{"@type":"ListItem","position":1,"name":"Home","item":"https:\/\/sandsiv.com\/it\/"},{"@type":"ListItem","position":2,"name":"Il nostro Blog","item":"https:\/\/sandsiv.com\/it\/il-nostro-blog\/"},{"@type":"ListItem","position":3,"name":"5 motivi per cui l&#8217;IA aumenter\u00e0 i profitti della tua azienda"}]},{"@type":"WebSite","@id":"https:\/\/sandsiv.com\/#website","url":"https:\/\/sandsiv.com\/","name":"sandsiv+","description":"Customer Intelligence Made In Switzerland","publisher":{"@id":"https:\/\/sandsiv.com\/#organization"},"potentialAction":[{"@type":"SearchAction","target":{"@type":"EntryPoint","urlTemplate":"https:\/\/sandsiv.com\/?s={search_term_string}"},"query-input":{"@type":"PropertyValueSpecification","valueRequired":true,"valueName":"search_term_string"}}],"inLanguage":"it-IT"},{"@type":"Organization","@id":"https:\/\/sandsiv.com\/#organization","name":"sandsiv+","url":"https:\/\/sandsiv.com\/","logo":{"@type":"ImageObject","inLanguage":"it-IT","@id":"https:\/\/sandsiv.com\/#\/schema\/logo\/image\/","url":"https:\/\/sandsiv.com\/wp-content\/uploads\/2021\/08\/logo-light-normal.svg","contentUrl":"https:\/\/sandsiv.com\/wp-content\/uploads\/2021\/08\/logo-light-normal.svg","width":376,"height":67,"caption":"sandsiv+"},"image":{"@id":"https:\/\/sandsiv.com\/#\/schema\/logo\/image\/"}}]}},"_links":{"self":[{"href":"https:\/\/sandsiv.com\/it\/wp-json\/wp\/v2\/pages\/11304","targetHints":{"allow":["GET"]}}],"collection":[{"href":"https:\/\/sandsiv.com\/it\/wp-json\/wp\/v2\/pages"}],"about":[{"href":"https:\/\/sandsiv.com\/it\/wp-json\/wp\/v2\/types\/page"}],"author":[{"embeddable":true,"href":"https:\/\/sandsiv.com\/it\/wp-json\/wp\/v2\/users\/3"}],"replies":[{"embeddable":true,"href":"https:\/\/sandsiv.com\/it\/wp-json\/wp\/v2\/comments?post=11304"}],"version-history":[{"count":0,"href":"https:\/\/sandsiv.com\/it\/wp-json\/wp\/v2\/pages\/11304\/revisions"}],"up":[{"embeddable":true,"href":"https:\/\/sandsiv.com\/it\/wp-json\/wp\/v2\/pages\/8258"}],"wp:attachment":[{"href":"https:\/\/sandsiv.com\/it\/wp-json\/wp\/v2\/media?parent=11304"}],"curies":[{"name":"wp","href":"https:\/\/api.w.org\/{rel}","templated":true}]}}