
{"id":11296,"date":"2023-07-14T07:09:27","date_gmt":"2023-07-14T07:09:27","guid":{"rendered":"https:\/\/sandsiv.com\/dia-mundial-de-las-rrss\/"},"modified":"2023-11-10T12:47:55","modified_gmt":"2023-11-10T12:47:55","slug":"giornata-mondiale-dei-social-media","status":"publish","type":"page","link":"https:\/\/sandsiv.com\/it\/giornata-mondiale-dei-social-media\/","title":{"rendered":"Giornata mondiale dei social media"},"content":{"rendered":"<div id=\"banner-block_b90c70c05d4efcfcfc249c747fe2c11c\"\r\n    class=\"banner scroll-fade\">\r\n    <div\r\n        class=\"module mt_0  mb_0\">\r\n        <div class=\"container\">\r\n            <div class=\"banner__inner\">\r\n                <div class=\"banner__data\">\r\n                                        <h1 class=\"heading\">Giornata mondiale dei social media<strong\r\n                            class=\"heading_red\">Articolo<\/strong>                    <\/h1>\r\n                                                            <div class=\"description\">29 giugno 2023 &#8211; Giornata mondiale dei social media                    <\/div>                                                            <div class=\"banner__button\">\r\n                        <a href=\"https:\/\/sandsiv.com\/it\/richiedi-una-demo\/\"\r\n                            class=\"btn\" _self                            >Richiedi una demo<\/a>\r\n                    <\/div>\r\n                                                                            <\/div>\r\n                <div class=\"banner__media\">\r\n                                        <div class=\"banner__image\">\r\n                        <picture class=\"image\">\r\n                            <source srcset=\"\">\r\n                            <img decoding=\"async\" src=\"\"\r\n                                alt=\"\" \/>\r\n                        <\/picture>\r\n                    <\/div>\r\n                                                                            <\/div>\r\n            <\/div>\r\n        <\/div>\r\n    <\/div>\r\n<\/div>\n\n\r\n<div id=\"frames_section-block_2f2fb002c6019cb30bbdffd933dbe948\" class=\"frames_section scroll-fade\">\r\n    <div class=\"module mt_0  mb_0\">  \r\n        <div class=\"bg_clr_section bg_clr_red\">               \r\n            <div class=\"container\">\r\n                <div class=\"frames_section_inner\"> \r\n                                                                <div class=\"text\">\r\n                            <p>Negli ultimi anni, e ancor pi\u00f9 dall&#8217;inizio della pandemia del 2020, i Social Media si sono posizionati come un canale fondamentale, ancor pi\u00f9 di quello fisico, per i brand per interagire in tempo reale con i propri clienti.<\/p>\n<p>In occasione della <strong>Giornata Mondiale dei Social Media<\/strong>, vi proponiamo alcuni dei punti di differenziazione che caratterizzano i marchi leader nella Customer Experience (CX) quando si tratta di offrire un&#8217;<strong>esperienza unica al cliente<\/strong> utilizzando i propri profili social come fonte per la cattura di dati di interesse, un potenziale che molte aziende ancora non sanno sfruttare nello sviluppo della propria strategia di business.<\/p>\n<p>I marchi di successo del settore sanno quindi che i loro profili non sono solo un semplice canale per pubblicare contenuti promozionali, poich\u00e9 i social network possono fornire informazioni preziose sul comportamento e sulle esigenze dei clienti che vanno <strong>ben oltre gli insigth<\/strong> che vengono catturati, ad esempio, nei sondaggi.<\/p>\n                        <\/div>\r\n                                                        <\/div>\r\n            <\/div>\r\n        <\/div>\r\n    <\/div>\r\n<\/div>\n\n\r\n<div id=\"blog_post_content-block_3b0df9c809c87ad143db236898cb50fd\" class=\"blog_post_content scroll-fade\">\r\n    <div class=\"module \">\r\n\r\n                            <div class=\"container container--medium\">\r\n                        \r\n            <div class=\"blog_post_content_inner\"> \r\n                                    <div class=\"heading_section\">\r\n                        <div class=\"heading_text h1\">\r\n                            <Div style = \"visibility: hidden\"> <\/ div>                        <\/div>\r\n                    <\/div>\r\n                                                    <div class=\"content_section\">\r\n                        <h4><span style=\"color: #bf2025;\">I social media offrono approfondimenti che le survey non offrono<\/span><\/h4>\n<p>Come afferma Federico Cesconi, fondatore e CEO di SANDSIV,<strong> i bassi tassi di risposta<\/strong> nelle survey sui clienti possono essere un problema importante per le aziende che cercano di raccogliere dati sulla customer experience, rendendo difficile ottenere un campione rappresentativo. <em>&#8220;Questo pu\u00f2 portare a dati imprecisi o incompleti, rendendo difficile l&#8217;identificazione delle aree problematiche e il monitoraggio del successo delle iniziative di customer experience<\/em>&#8220;, aggiunge Cesconi.<\/p>\n<p>La chiave per ottenere <strong>una visione olistica del cliente<\/strong> \u00e8 la capacit\u00e0 di analizzare e interpretare grandi quantit\u00e0 di dati di alta qualit\u00e0 in tempo reale. Questi dati possono includere le interazioni dei clienti sui social media, il comportamento sul sito web e\/o il feedback dei clienti attraverso i canali, compresi i sondaggi e le recensioni. Solo in questo modo il team di gestione della Voice of the Customer (VoC) pu\u00f2 avere <strong>un vantaggio commerciale per migliorare la fidelizzazione dei clienti.<\/strong><\/p>\n<h4><span style=\"color: #bf2025;\">Intelligenza artificiale nei social media<\/span><\/h4>\n<p>Negli ultimi anni, l&#8217;uso dell&#8217;<strong>intelligenza artificiale (AI)<\/strong> ha iniziato a svolgere un ruolo significativo nell&#8217;ascolto e nell&#8217;analisi del comportamento dei consumatori, portando all&#8217;evoluzione della gestione della CX verso la <strong>customer intelligence (CI)<\/strong>.<\/p>\n<p>L&#8217;AI aiuta ad analizzare grandi volumi di dati sui social media che contribuiscono a comprendere il comportamento degli utenti. Gli algoritmi di AI possono monitorare milioni di informazioni sugli utenti per identificare situazioni critiche o tendenze e offrire un&#8217;esperienza personalizzata.<\/p>\n<p>Gli esperti di SANDSIV affermano che \u00e8 indispensabile disporre di una tecnologia AI avanzata in grado di estrarre senza sforzo il sentiment dei clienti e di utilizzarlo come vantaggio competitivo.<\/p>\n<p><em>&#8220;Quando abbiamo creato la soluzione sandsiv+ VoC, abbiamo pensato a coloro che in azienda hanno bisogno di nozioni tecniche per creare soluzioni di intelligenza artificiale. Attraverso un&#8217;interfaccia grafica intuitiva, l&#8217;utente pu\u00f2 collegare, trasformare e generare set di dati e addestrare modelli di apprendimento automatico in modo efficiente. Il tutto con pochi clic&#8221;<\/em>, aggiunge Federico Cesconi.<\/p>\n<h4><span style=\"color: #bf2025;\">Investire nella personalizzazione<\/span><\/h4>\n<p>Ogni cliente \u00e8 unico e i marchi possono sfruttare i social media per personalizzare la loro comunicazione. Investire in piattaforme che consentono la <strong>personalizzazione dell&#8217;esperienza<\/strong> diventa una componente essenziale dell&#8217;ecosistema tecnologico di un&#8217;azienda. Permette di raccogliere preziose informazioni che possono essere utilizzate per migliorare le raccomandazioni dei clienti, i servizi e le strategie di marketing attraverso i loro profili sociali.<\/p>\n<p>Le funzionalit\u00e0 avanzate di alcuni strumenti di ascolto consentono di eseguire modelli predittivi in tempo reale per analizzare il comportamento di quei clienti che, come abbiamo detto, non partecipano ai sondaggi. <em>&#8220;Inoltre, sandsiv+ offre un elevato livello di flessibilit\u00e0, consentendo agli utenti di creare modelli personalizzati in base alle loro specifiche esigenze aziendali. Questa personalizzazione garantisce che i modelli siano rilevanti per l&#8217;azienda, portando a un migliore processo decisionale e a una maggiore soddisfazione dei clienti&#8221;<\/em>, spiega Federico.<\/p>\n<h4><span style=\"color: #bf2025;\">L&#8217;immediatezza \u00e8 fondamentale<\/span><\/h4>\n<p>L&#8217;immediatezza \u00e8 fondamentale nei social media. I clienti si aspettano risposte rapide alle loro domande o preoccupazioni. Per questo \u00e8 essenziale identificare i clienti a rischio, cio\u00e8 quelli che potrebbero essere poco soddisfatti o che rischiano di diventare detrattori.<\/p>\n<p>Una risposta tempestiva e immediata a queste informazioni consente alle aziende di <strong>adottare misure proattive<\/strong> per trattenere questi potenziali detrattori e dimostra l&#8217;impegno del marchio nei confronti dei clienti e dei follower sui network.<\/p>\n<h4><span style=\"color: #bf2025;\">Umanizzare e sorprendere<\/span><\/h4>\n<p>Lavorando in modo organizzato e coordinato, tutti i reparti dell&#8217;azienda hanno la possibilit\u00e0 di sorprendere i clienti grazie al potere dei social media. Utilizzando le preziose intuizioni che otteniamo dalle varie piattaforme, possiamo sfruttarle in tutta l&#8217;organizzazione per creare esperienze piacevoli per i nostri clienti. Ci\u00f2 include l&#8217;implementazione di strategie di marketing innovative che <strong>umanizzano il nostro brand<\/strong>, ad esempio nei punti di contatto fisici. Possiamo anche utilizzare queste intuizioni nelle nostre iniziative di assistenza ai clienti per affrontare efficacemente i detrattori, trasformandoli in entusiasti promotori dei nostri prodotti o servizi.<\/p>\n<p>In breve, \u00e8 possibile sfruttare questi insight per eseguire azioni di <strong>up-selling e cross-selling<\/strong>, migliorando ulteriormente l&#8217;esperienza e la soddisfazione dei clienti e incrementando la crescita aziendale.<\/p>\n                    <\/div>\r\n                            <\/div>\r\n        <\/div>\r\n    <\/div>\r\n<\/div>\n\n\r\n<div id=\"blog_post_content-block_aa8ad4874f8ab6c906245ebe18ab7d5d\" class=\"blog_post_content scroll-fade\">\r\n    <div class=\"module \">\r\n\r\n                    <div class=\"container\">\r\n                                \r\n            <div class=\"blog_post_content_inner\"> \r\n                                    <div class=\"heading_section\">\r\n                        <div class=\"heading_text h1\">\r\n                            Giornata mondiale dei social media                        <\/div>\r\n                    <\/div>\r\n                                                    <div class=\"content_section\">\r\n                        <h5>CONTATTO:<span style=\"font-weight: 400;\"><br \/>\n<\/span><a href=\"mailto:media@sandsiv.com\"><b>media@SANDSIV.com<\/b><\/a><\/h5>\n                    <\/div>\r\n                            <\/div>\r\n        <\/div>\r\n    <\/div>\r\n<\/div>\n\n\r\n<div id=\"frames_section-block_9cfaf7a970f6e3ffb4ada00673f59526\" class=\"frames_section scroll-fade\">\r\n    <div class=\"module mt_0  mb_0\">  \r\n        <div class=\"bg_clr_section bg_clr_red\">               \r\n            <div class=\"container\">\r\n                <div class=\"frames_section_inner\"> \r\n                                            <div class=\"heading\">\r\n                            Inizia subito a crescere con sandsiv+                        <\/div>\r\n                                                                                    <div class=\"button_section\">\r\n                            <a class=\"btn btn--white \" href=\"https:\/\/sandsiv.com\/it\/richiedi-una-demo\/\" >\r\n                                Richiedi una demo                            <\/a>\r\n                        <\/div>\r\n                                    <\/div>\r\n            <\/div>\r\n        <\/div>\r\n    <\/div>\r\n<\/div>","protected":false},"excerpt":{"rendered":"","protected":false},"author":9,"featured_media":0,"parent":0,"menu_order":0,"comment_status":"closed","ping_status":"closed","template":"","meta":{"content-type":"","footnotes":""},"class_list":["post-11296","page","type-page","status-publish","hentry"],"acf":[],"yoast_head":"<!-- This site is optimized with the Yoast SEO Premium plugin v26.9 (Yoast SEO v27.3) - https:\/\/yoast.com\/product\/yoast-seo-premium-wordpress\/ -->\n<title>Giornata mondiale dei social media - sandsiv+<\/title>\n<meta name=\"description\" content=\"Giornata mondiale dei social media: i fattori di differenziazione per offrire una CX unica utilizzando i social media come fonte di dati.\" \/>\n<meta name=\"robots\" content=\"index, follow, max-snippet:-1, max-image-preview:large, max-video-preview:-1\" \/>\n<link rel=\"canonical\" href=\"https:\/\/sandsiv.com\/it\/giornata-mondiale-dei-social-media\/\" \/>\n<meta property=\"og:locale\" content=\"it_IT\" \/>\n<meta property=\"og:type\" content=\"article\" \/>\n<meta property=\"og:title\" content=\"Giornata mondiale dei social media\" \/>\n<meta property=\"og:description\" content=\"Giornata mondiale dei social media: i fattori di differenziazione per offrire una CX unica utilizzando i social media come fonte di dati.\" \/>\n<meta property=\"og:url\" content=\"https:\/\/sandsiv.com\/it\/giornata-mondiale-dei-social-media\/\" \/>\n<meta property=\"og:site_name\" content=\"sandsiv+\" \/>\n<meta property=\"article:modified_time\" content=\"2023-11-10T12:47:55+00:00\" \/>\n<meta name=\"twitter:card\" content=\"summary_large_image\" \/>\n<script type=\"application\/ld+json\" class=\"yoast-schema-graph\">{\"@context\":\"https:\\\/\\\/schema.org\",\"@graph\":[{\"@type\":\"WebPage\",\"@id\":\"https:\\\/\\\/sandsiv.com\\\/it\\\/giornata-mondiale-dei-social-media\\\/\",\"url\":\"https:\\\/\\\/sandsiv.com\\\/it\\\/giornata-mondiale-dei-social-media\\\/\",\"name\":\"Giornata mondiale dei social media - sandsiv+\",\"isPartOf\":{\"@id\":\"https:\\\/\\\/sandsiv.com\\\/#website\"},\"datePublished\":\"2023-07-14T07:09:27+00:00\",\"dateModified\":\"2023-11-10T12:47:55+00:00\",\"description\":\"Giornata mondiale dei social media: i fattori di differenziazione per offrire una CX unica utilizzando i social media come fonte di dati.\",\"breadcrumb\":{\"@id\":\"https:\\\/\\\/sandsiv.com\\\/it\\\/giornata-mondiale-dei-social-media\\\/#breadcrumb\"},\"inLanguage\":\"it-IT\",\"potentialAction\":[{\"@type\":\"ReadAction\",\"target\":[\"https:\\\/\\\/sandsiv.com\\\/it\\\/giornata-mondiale-dei-social-media\\\/\"]}]},{\"@type\":\"BreadcrumbList\",\"@id\":\"https:\\\/\\\/sandsiv.com\\\/it\\\/giornata-mondiale-dei-social-media\\\/#breadcrumb\",\"itemListElement\":[{\"@type\":\"ListItem\",\"position\":1,\"name\":\"Home\",\"item\":\"https:\\\/\\\/sandsiv.com\\\/it\\\/\"},{\"@type\":\"ListItem\",\"position\":2,\"name\":\"Giornata mondiale dei social media\"}]},{\"@type\":\"WebSite\",\"@id\":\"https:\\\/\\\/sandsiv.com\\\/#website\",\"url\":\"https:\\\/\\\/sandsiv.com\\\/\",\"name\":\"sandsiv+\",\"description\":\"Customer Intelligence Made In Switzerland\",\"publisher\":{\"@id\":\"https:\\\/\\\/sandsiv.com\\\/#organization\"},\"potentialAction\":[{\"@type\":\"SearchAction\",\"target\":{\"@type\":\"EntryPoint\",\"urlTemplate\":\"https:\\\/\\\/sandsiv.com\\\/?s={search_term_string}\"},\"query-input\":{\"@type\":\"PropertyValueSpecification\",\"valueRequired\":true,\"valueName\":\"search_term_string\"}}],\"inLanguage\":\"it-IT\"},{\"@type\":\"Organization\",\"@id\":\"https:\\\/\\\/sandsiv.com\\\/#organization\",\"name\":\"sandsiv+\",\"url\":\"https:\\\/\\\/sandsiv.com\\\/\",\"logo\":{\"@type\":\"ImageObject\",\"inLanguage\":\"it-IT\",\"@id\":\"https:\\\/\\\/sandsiv.com\\\/#\\\/schema\\\/logo\\\/image\\\/\",\"url\":\"https:\\\/\\\/sandsiv.com\\\/wp-content\\\/uploads\\\/2021\\\/08\\\/logo-light-normal.svg\",\"contentUrl\":\"https:\\\/\\\/sandsiv.com\\\/wp-content\\\/uploads\\\/2021\\\/08\\\/logo-light-normal.svg\",\"width\":376,\"height\":67,\"caption\":\"sandsiv+\"},\"image\":{\"@id\":\"https:\\\/\\\/sandsiv.com\\\/#\\\/schema\\\/logo\\\/image\\\/\"}}]}<\/script>\n<!-- \/ Yoast SEO Premium plugin. -->","yoast_head_json":{"title":"Giornata mondiale dei social media - sandsiv+","description":"Giornata mondiale dei social media: i fattori di differenziazione per offrire una CX unica utilizzando i social media come fonte di dati.","robots":{"index":"index","follow":"follow","max-snippet":"max-snippet:-1","max-image-preview":"max-image-preview:large","max-video-preview":"max-video-preview:-1"},"canonical":"https:\/\/sandsiv.com\/it\/giornata-mondiale-dei-social-media\/","og_locale":"it_IT","og_type":"article","og_title":"Giornata mondiale dei social media","og_description":"Giornata mondiale dei social media: i fattori di differenziazione per offrire una CX unica utilizzando i social media come fonte di dati.","og_url":"https:\/\/sandsiv.com\/it\/giornata-mondiale-dei-social-media\/","og_site_name":"sandsiv+","article_modified_time":"2023-11-10T12:47:55+00:00","twitter_card":"summary_large_image","schema":{"@context":"https:\/\/schema.org","@graph":[{"@type":"WebPage","@id":"https:\/\/sandsiv.com\/it\/giornata-mondiale-dei-social-media\/","url":"https:\/\/sandsiv.com\/it\/giornata-mondiale-dei-social-media\/","name":"Giornata mondiale dei social media - sandsiv+","isPartOf":{"@id":"https:\/\/sandsiv.com\/#website"},"datePublished":"2023-07-14T07:09:27+00:00","dateModified":"2023-11-10T12:47:55+00:00","description":"Giornata mondiale dei social media: i fattori di differenziazione per offrire una CX unica utilizzando i social media come fonte di dati.","breadcrumb":{"@id":"https:\/\/sandsiv.com\/it\/giornata-mondiale-dei-social-media\/#breadcrumb"},"inLanguage":"it-IT","potentialAction":[{"@type":"ReadAction","target":["https:\/\/sandsiv.com\/it\/giornata-mondiale-dei-social-media\/"]}]},{"@type":"BreadcrumbList","@id":"https:\/\/sandsiv.com\/it\/giornata-mondiale-dei-social-media\/#breadcrumb","itemListElement":[{"@type":"ListItem","position":1,"name":"Home","item":"https:\/\/sandsiv.com\/it\/"},{"@type":"ListItem","position":2,"name":"Giornata mondiale dei social media"}]},{"@type":"WebSite","@id":"https:\/\/sandsiv.com\/#website","url":"https:\/\/sandsiv.com\/","name":"sandsiv+","description":"Customer Intelligence Made In Switzerland","publisher":{"@id":"https:\/\/sandsiv.com\/#organization"},"potentialAction":[{"@type":"SearchAction","target":{"@type":"EntryPoint","urlTemplate":"https:\/\/sandsiv.com\/?s={search_term_string}"},"query-input":{"@type":"PropertyValueSpecification","valueRequired":true,"valueName":"search_term_string"}}],"inLanguage":"it-IT"},{"@type":"Organization","@id":"https:\/\/sandsiv.com\/#organization","name":"sandsiv+","url":"https:\/\/sandsiv.com\/","logo":{"@type":"ImageObject","inLanguage":"it-IT","@id":"https:\/\/sandsiv.com\/#\/schema\/logo\/image\/","url":"https:\/\/sandsiv.com\/wp-content\/uploads\/2021\/08\/logo-light-normal.svg","contentUrl":"https:\/\/sandsiv.com\/wp-content\/uploads\/2021\/08\/logo-light-normal.svg","width":376,"height":67,"caption":"sandsiv+"},"image":{"@id":"https:\/\/sandsiv.com\/#\/schema\/logo\/image\/"}}]}},"_links":{"self":[{"href":"https:\/\/sandsiv.com\/it\/wp-json\/wp\/v2\/pages\/11296","targetHints":{"allow":["GET"]}}],"collection":[{"href":"https:\/\/sandsiv.com\/it\/wp-json\/wp\/v2\/pages"}],"about":[{"href":"https:\/\/sandsiv.com\/it\/wp-json\/wp\/v2\/types\/page"}],"author":[{"embeddable":true,"href":"https:\/\/sandsiv.com\/it\/wp-json\/wp\/v2\/users\/9"}],"replies":[{"embeddable":true,"href":"https:\/\/sandsiv.com\/it\/wp-json\/wp\/v2\/comments?post=11296"}],"version-history":[{"count":0,"href":"https:\/\/sandsiv.com\/it\/wp-json\/wp\/v2\/pages\/11296\/revisions"}],"wp:attachment":[{"href":"https:\/\/sandsiv.com\/it\/wp-json\/wp\/v2\/media?parent=11296"}],"curies":[{"name":"wp","href":"https:\/\/api.w.org\/{rel}","templated":true}]}}