
{"id":9880,"date":"2021-08-08T23:32:29","date_gmt":"2021-08-08T23:32:29","guid":{"rendered":"https:\/\/sandsiv.wpengine.com\/advanced-cx-analytics\/"},"modified":"2023-07-19T12:56:25","modified_gmt":"2023-07-19T12:56:25","slug":"analisis-avanzados","status":"publish","type":"page","link":"https:\/\/sandsiv.com\/es\/analisis-avanzados\/","title":{"rendered":"An\u00e1lisis avanzados"},"content":{"rendered":"<div id=\"banner-block_fef9795c4b7d3ddba00c83300e1ab445\"\r\n    class=\"banner scroll-fade\">\r\n    <div\r\n        class=\"module mt_0  mb_0\">\r\n        <div class=\"container\">\r\n            <div class=\"banner__inner\">\r\n                <div class=\"banner__data\">\r\n                                        <h1 class=\"heading\">An\u00e1lisis avanzados de CX<strong\r\n                            class=\"heading_red\">cambian las reglas del juego<\/strong>                    <\/h1>\r\n                                                            <div class=\"description\">Gestiona de la experiencia del cliente mediante un enfoque sistem\u00e1tico del an\u00e1lisis de datos                    <\/div>                                                            <div class=\"banner__button\">\r\n                        <a href=\"https:\/\/sandsiv.wpengine.com\/es\/quiero-ver-una-demo\/\"\r\n                            class=\"btn\" _self                            >Request a demo<\/a>\r\n                    <\/div>\r\n                                                                            <\/div>\r\n                <div class=\"banner__media\">\r\n                                        <div class=\"banner__image\">\r\n                        <picture class=\"image\">\r\n                            <source srcset=\"\">\r\n                            <img decoding=\"async\" src=\"\"\r\n                                alt=\"\" \/>\r\n                        <\/picture>\r\n                    <\/div>\r\n                                                                            <\/div>\r\n            <\/div>\r\n        <\/div>\r\n    <\/div>\r\n<\/div>\n\n\n<div id=\"post_content_with_download_link_two_columns-block_bf7a54700fd5239678b9d15ea62bc1d1\" class=\"post_content_with_download_link_two_columns scroll-fade\">\n    <div class=\"module  mb_0\">                \n        <div class=\"container\">\n            <div class=\"post_content_with_download_link_two_columns_inner\"> \n                \t\t\t\t\t<div class=\"content_section\">\n\t\t\t\t\t\t\t\t\t\t\t\t\t<div class=\"content_section_inner\">\n                                                                    <div class=\"heading_text\">\n                                        Puntos de vista \u00fatiles para tu programa de CX                                    <\/div>\n                                                                                                    <div class=\"content\">\n                                        <p>Las tecnolog\u00edas avanzadas de IA, incluidos el procesamiento del lenguaje natural (PLN) y el aprendizaje autom\u00e1tico profundo (LMD) aumentados, as\u00ed como la visualizaci\u00f3n de datos y la elaboraci\u00f3n de informes, se utilizan para producir, cada vez sin supervisi\u00f3n, informaci\u00f3n procesable m\u00e1s r\u00e1pida y precisa.<\/p>\n<p>La anal\u00edtica de clientes basada en IA encuentra todas las relaciones existentes en los datos (sin que se le indique expresamente qu\u00e9 buscar). Puede predecir la probabilidad de comportamientos futuros SANDSIV aprovecha su soluci\u00f3n de TI patentada con tecnolog\u00edas de c\u00f3digo abierto l\u00edderes en el mercado, apoyando su reputaci\u00f3n como l\u00edder de la innovaci\u00f3n.<\/p>\n<p><img decoding=\"async\" src=\"https:\/\/sandsiv.wpengine.com\/wp-content\/uploads\/2021\/07\/typing_img.jpg\" alt=\"typing_img\" \/><\/p>\n                                    <\/div>\n                                \t\t\t\t\t\t\t<\/div>\n\t\t\t\t\t\t\t\t\t\t\t<\/div>\n                                <div class=\"download_link_section\">\n                    <div class=\"download_link_section_inner\">\n                                                                                                                                                            <div class=\"download_list\">\n                                                                                    <div class=\"download_item\">\n                                                <div class=\"download_item_inner\">\n                                                    <div class=\"left_section\">\n                                                                                                                    <div class=\"icon\">\n                                                                <img decoding=\"async\" src=\"https:\/\/sandsiv.com\/wp-content\/uploads\/2021\/07\/download_icon.svg\" alt=\"download_icon\" \/>\n                                                            <\/div>\n                                                                                                                                                                            <div class=\"title_date_section\">\n                                                                                                                                    <div class=\"title h5\">\n                                                                        an\u00e1lisis sandsiv+                                                                     <\/div>\n                                                                                                                                                                                                    <div class=\"date\">\n                                                                        (lengua inglesa)                                                                    <\/div>\n                                                                                                                            <\/div>\n                                                                                                            <\/div>\n                                                    <div class=\"right_section\">\n                                                                                                                <a class=\"btn\" href=\"https:\/\/sandsiv.com\/wp-content\/uploads\/2021\/08\/sandsiv-CX-Analytics.pdf\" download>\n\t\t\t\t\t\t\t\t\t\t\t\t\t\t\t\t\t\t\t\t\t\t\t\t\t\t\t\t\t\t\t\tDescarga\n\t\t\t\t\t\t\t\t\t\t\t\t\t\t\t\t\t\t\t\t\t\t\t\t                                                        <\/a>\n                                                                                                            <\/div>\n                                                <\/div>\n                                            <\/div>\n                                                                            <\/div>\n                                                                                                                                            <\/div>\n\n\t\t\t\t\t<\/div>\n\n\n  \n            <\/div>\n        <\/div>\n    <\/div>\n<\/div>\n\n\r\n<div id=\"frames_section-block_4ae76c5833af05273b3e00c470e7014c\" class=\"frames_section scroll-fade\">\r\n    <div class=\"module mt_0  mb_0\">  \r\n        <div class=\"bg_clr_section bg_clr_red\">               \r\n            <div class=\"container\">\r\n                <div class=\"frames_section_inner\"> \r\n                                            <div class=\"heading\">\r\n                            Empieza a crecer con sandsiv+ hoy mismo                        <\/div>\r\n                                                                                    <div class=\"button_section\">\r\n                            <a class=\"btn btn--white \" href=\"https:\/\/sandsiv.wpengine.com\/es\/quiero-ver-una-demo\/\" >\r\n                                Quiero ver una demo                            <\/a>\r\n                        <\/div>\r\n                                    <\/div>\r\n            <\/div>\r\n        <\/div>\r\n    <\/div>\r\n<\/div>","protected":false},"excerpt":{"rendered":"","protected":false},"author":5,"featured_media":0,"parent":0,"menu_order":0,"comment_status":"closed","ping_status":"closed","template":"","meta":{"content-type":"","footnotes":""},"class_list":["post-9880","page","type-page","status-publish","hentry"],"acf":[],"yoast_head":"<!-- This site is optimized with the Yoast SEO Premium plugin v26.9 (Yoast SEO v27.5) - https:\/\/yoast.com\/product\/yoast-seo-premium-wordpress\/ -->\n<title>An\u00e1lisis avanzados - sandsiv+<\/title>\n<meta name=\"description\" content=\"SANDSIV te ayuda a gestionar la experiencia del cliente en tu empresa a trav\u00e9s de an\u00e1lisis avanzados de CX.\" \/>\n<meta name=\"robots\" content=\"index, follow, max-snippet:-1, max-image-preview:large, max-video-preview:-1\" \/>\n<link rel=\"canonical\" href=\"https:\/\/sandsiv.com\/es\/analisis-avanzados\/\" \/>\n<meta property=\"og:locale\" content=\"es_ES\" \/>\n<meta property=\"og:type\" content=\"article\" \/>\n<meta property=\"og:title\" content=\"An\u00e1lisis avanzados\" \/>\n<meta property=\"og:description\" content=\"SANDSIV te ayuda a gestionar la experiencia del cliente en tu empresa a trav\u00e9s de an\u00e1lisis avanzados de CX.\" \/>\n<meta property=\"og:url\" content=\"https:\/\/sandsiv.com\/es\/analisis-avanzados\/\" \/>\n<meta property=\"og:site_name\" content=\"sandsiv+\" \/>\n<meta property=\"article:modified_time\" content=\"2023-07-19T12:56:25+00:00\" \/>\n<meta name=\"twitter:card\" content=\"summary_large_image\" \/>\n<script type=\"application\/ld+json\" class=\"yoast-schema-graph\">{\"@context\":\"https:\\\/\\\/schema.org\",\"@graph\":[{\"@type\":\"WebPage\",\"@id\":\"https:\\\/\\\/sandsiv.com\\\/es\\\/analisis-avanzados\\\/\",\"url\":\"https:\\\/\\\/sandsiv.com\\\/es\\\/analisis-avanzados\\\/\",\"name\":\"An\u00e1lisis avanzados - sandsiv+\",\"isPartOf\":{\"@id\":\"https:\\\/\\\/sandsiv.com\\\/#website\"},\"datePublished\":\"2021-08-08T23:32:29+00:00\",\"dateModified\":\"2023-07-19T12:56:25+00:00\",\"description\":\"SANDSIV te ayuda a gestionar la experiencia del cliente en tu empresa a trav\u00e9s de an\u00e1lisis avanzados de CX.\",\"breadcrumb\":{\"@id\":\"https:\\\/\\\/sandsiv.com\\\/es\\\/analisis-avanzados\\\/#breadcrumb\"},\"inLanguage\":\"es\",\"potentialAction\":[{\"@type\":\"ReadAction\",\"target\":[\"https:\\\/\\\/sandsiv.com\\\/es\\\/analisis-avanzados\\\/\"]}]},{\"@type\":\"BreadcrumbList\",\"@id\":\"https:\\\/\\\/sandsiv.com\\\/es\\\/analisis-avanzados\\\/#breadcrumb\",\"itemListElement\":[{\"@type\":\"ListItem\",\"position\":1,\"name\":\"Home\",\"item\":\"https:\\\/\\\/sandsiv.com\\\/es\\\/\"},{\"@type\":\"ListItem\",\"position\":2,\"name\":\"An\u00e1lisis avanzados\"}]},{\"@type\":\"WebSite\",\"@id\":\"https:\\\/\\\/sandsiv.com\\\/#website\",\"url\":\"https:\\\/\\\/sandsiv.com\\\/\",\"name\":\"sandsiv+\",\"description\":\"Customer Intelligence Made In Switzerland\",\"publisher\":{\"@id\":\"https:\\\/\\\/sandsiv.com\\\/#organization\"},\"potentialAction\":[{\"@type\":\"SearchAction\",\"target\":{\"@type\":\"EntryPoint\",\"urlTemplate\":\"https:\\\/\\\/sandsiv.com\\\/?s={search_term_string}\"},\"query-input\":{\"@type\":\"PropertyValueSpecification\",\"valueRequired\":true,\"valueName\":\"search_term_string\"}}],\"inLanguage\":\"es\"},{\"@type\":\"Organization\",\"@id\":\"https:\\\/\\\/sandsiv.com\\\/#organization\",\"name\":\"sandsiv+\",\"url\":\"https:\\\/\\\/sandsiv.com\\\/\",\"logo\":{\"@type\":\"ImageObject\",\"inLanguage\":\"es\",\"@id\":\"https:\\\/\\\/sandsiv.com\\\/#\\\/schema\\\/logo\\\/image\\\/\",\"url\":\"https:\\\/\\\/sandsiv.com\\\/wp-content\\\/uploads\\\/2021\\\/08\\\/logo-light-normal.svg\",\"contentUrl\":\"https:\\\/\\\/sandsiv.com\\\/wp-content\\\/uploads\\\/2021\\\/08\\\/logo-light-normal.svg\",\"width\":376,\"height\":67,\"caption\":\"sandsiv+\"},\"image\":{\"@id\":\"https:\\\/\\\/sandsiv.com\\\/#\\\/schema\\\/logo\\\/image\\\/\"}}]}<\/script>\n<!-- \/ Yoast SEO Premium plugin. -->","yoast_head_json":{"title":"An\u00e1lisis avanzados - sandsiv+","description":"SANDSIV te ayuda a gestionar la experiencia del cliente en tu empresa a trav\u00e9s de an\u00e1lisis avanzados de CX.","robots":{"index":"index","follow":"follow","max-snippet":"max-snippet:-1","max-image-preview":"max-image-preview:large","max-video-preview":"max-video-preview:-1"},"canonical":"https:\/\/sandsiv.com\/es\/analisis-avanzados\/","og_locale":"es_ES","og_type":"article","og_title":"An\u00e1lisis avanzados","og_description":"SANDSIV te ayuda a gestionar la experiencia del cliente en tu empresa a trav\u00e9s de an\u00e1lisis avanzados de CX.","og_url":"https:\/\/sandsiv.com\/es\/analisis-avanzados\/","og_site_name":"sandsiv+","article_modified_time":"2023-07-19T12:56:25+00:00","twitter_card":"summary_large_image","schema":{"@context":"https:\/\/schema.org","@graph":[{"@type":"WebPage","@id":"https:\/\/sandsiv.com\/es\/analisis-avanzados\/","url":"https:\/\/sandsiv.com\/es\/analisis-avanzados\/","name":"An\u00e1lisis avanzados - sandsiv+","isPartOf":{"@id":"https:\/\/sandsiv.com\/#website"},"datePublished":"2021-08-08T23:32:29+00:00","dateModified":"2023-07-19T12:56:25+00:00","description":"SANDSIV te ayuda a gestionar la experiencia del cliente en tu empresa a trav\u00e9s de an\u00e1lisis avanzados de CX.","breadcrumb":{"@id":"https:\/\/sandsiv.com\/es\/analisis-avanzados\/#breadcrumb"},"inLanguage":"es","potentialAction":[{"@type":"ReadAction","target":["https:\/\/sandsiv.com\/es\/analisis-avanzados\/"]}]},{"@type":"BreadcrumbList","@id":"https:\/\/sandsiv.com\/es\/analisis-avanzados\/#breadcrumb","itemListElement":[{"@type":"ListItem","position":1,"name":"Home","item":"https:\/\/sandsiv.com\/es\/"},{"@type":"ListItem","position":2,"name":"An\u00e1lisis avanzados"}]},{"@type":"WebSite","@id":"https:\/\/sandsiv.com\/#website","url":"https:\/\/sandsiv.com\/","name":"sandsiv+","description":"Customer Intelligence Made In Switzerland","publisher":{"@id":"https:\/\/sandsiv.com\/#organization"},"potentialAction":[{"@type":"SearchAction","target":{"@type":"EntryPoint","urlTemplate":"https:\/\/sandsiv.com\/?s={search_term_string}"},"query-input":{"@type":"PropertyValueSpecification","valueRequired":true,"valueName":"search_term_string"}}],"inLanguage":"es"},{"@type":"Organization","@id":"https:\/\/sandsiv.com\/#organization","name":"sandsiv+","url":"https:\/\/sandsiv.com\/","logo":{"@type":"ImageObject","inLanguage":"es","@id":"https:\/\/sandsiv.com\/#\/schema\/logo\/image\/","url":"https:\/\/sandsiv.com\/wp-content\/uploads\/2021\/08\/logo-light-normal.svg","contentUrl":"https:\/\/sandsiv.com\/wp-content\/uploads\/2021\/08\/logo-light-normal.svg","width":376,"height":67,"caption":"sandsiv+"},"image":{"@id":"https:\/\/sandsiv.com\/#\/schema\/logo\/image\/"}}]}},"_links":{"self":[{"href":"https:\/\/sandsiv.com\/es\/wp-json\/wp\/v2\/pages\/9880","targetHints":{"allow":["GET"]}}],"collection":[{"href":"https:\/\/sandsiv.com\/es\/wp-json\/wp\/v2\/pages"}],"about":[{"href":"https:\/\/sandsiv.com\/es\/wp-json\/wp\/v2\/types\/page"}],"author":[{"embeddable":true,"href":"https:\/\/sandsiv.com\/es\/wp-json\/wp\/v2\/users\/5"}],"replies":[{"embeddable":true,"href":"https:\/\/sandsiv.com\/es\/wp-json\/wp\/v2\/comments?post=9880"}],"version-history":[{"count":0,"href":"https:\/\/sandsiv.com\/es\/wp-json\/wp\/v2\/pages\/9880\/revisions"}],"wp:attachment":[{"href":"https:\/\/sandsiv.com\/es\/wp-json\/wp\/v2\/media?parent=9880"}],"curies":[{"name":"wp","href":"https:\/\/api.w.org\/{rel}","templated":true}]}}