
{"id":9737,"date":"2021-07-15T05:24:06","date_gmt":"2021-07-15T05:24:06","guid":{"rendered":"https:\/\/sandsiv.wpengine.com\/events\/"},"modified":"2023-09-05T12:10:30","modified_gmt":"2023-09-05T12:10:30","slug":"eventos","status":"publish","type":"page","link":"https:\/\/sandsiv.com\/es\/eventos\/","title":{"rendered":"Eventos"},"content":{"rendered":"<div id=\"banner-block_9a824766f6de622766a009e1fdcd18fe\"\r\n    class=\"banner scroll-fade\">\r\n    <div\r\n        class=\"module mt_0 \">\r\n        <div class=\"container\">\r\n            <div class=\"banner__inner\">\r\n                <div class=\"banner__data\">\r\n                                        <h1 class=\"heading\">Eventos y<strong\r\n                            class=\"heading_red\">webinarios<\/strong>                    <\/h1>\r\n                                                            <div class=\"description\">Nuestros eventos en directo y en l\u00ednea son la parte m\u00e1s divertida de nuestro trabajo. Organizamos eventos para clientes y socios, webinarios y conferencias a las que estar\u00e1s deseando asistir.                    <\/div>                                                            <div class=\"banner__button\">\r\n                        <a href=\"https:\/\/sandsiv.com\/es\/contacto\/\"\r\n                            class=\"btn\" _self                            >Contacta con nosotros<\/a>\r\n                    <\/div>\r\n                                                                            <\/div>\r\n                <div class=\"banner__media\">\r\n                                        <div class=\"banner__image\">\r\n                        <picture class=\"image\">\r\n                            <source srcset=\"https:\/\/sandsiv.com\/wp-content\/uploads\/2021\/08\/sandsiv_event.svg\">\r\n                            <img decoding=\"async\" src=\"https:\/\/sandsiv.com\/wp-content\/uploads\/2021\/08\/sandsiv_event.svg\"\r\n                                alt=\"events\" \/>\r\n                        <\/picture>\r\n                    <\/div>\r\n                                                                            <\/div>\r\n            <\/div>\r\n        <\/div>\r\n    <\/div>\r\n<\/div>\n\n<div id=\"event_list-block_60783f61a390bb3430376911bfb0bcf3\" class=\"event_list scroll-fade\">\n<div class=\"module \">\n    <div class=\"container container--small\">\n        <div class=\"event_list__inner\">\n            <h2 class=\"heading\">Pr\u00f3ximos eventos<\/h2>                             <div class=\"event_list__list\">\n                    <div class=\"event_list__item\">                    \n                        <p>Post Not Found<\/p>                    \n                    <\/div>\n                <\/div>\n                    <\/div>\n    <\/div>\n<\/div>\n<\/div>\n\n<div id=\"event_list-block_ace9b79d7f03e8fb5b73657b1bbea8c3\" class=\"event_list scroll-fade\">\n<div class=\"module \">\n    <div class=\"container container--small\">\n        <div class=\"event_list__inner\">\n            <h2 class=\"heading\">Eventos anteriores<\/h2>                         <div class=\"event_list__list\">\n                                <div class=\"event_list__item eventPast\">\n                    <div class=\"item_date\">May<span>28<\/span>2024<\/div>\n                    <div class=\"item_contant\">\n                    <div class=\"category_location\">\n                                            <div class=\"category\">\n                                                            <a href=\"https:\/\/sandsiv.com\/event_category\/conference\/\">Conference<\/a>\n                                                    <\/div>                                                <div class=\"location\"><span class=\"icon\"><svg width=\"14\" height=\"20\" viewBox=\"0 0 14 20\" fill=\"none\" xmlns=\"http:\/\/www.w3.org\/2000\/svg\">\n<path d=\"M7 1C3.68286 1 1 3.6605 1 6.95C1 11.4125 7 18 7 18C7 18 13 11.4125 13 6.95C13 3.6605 10.3171 1 7 1Z\" stroke=\"currentColor\" stroke-width=\"2\"\/>\n<path d=\"M7.1875 4.86328C5.84131 4.86328 4.75 5.98766 4.75 7.37464C4.75 8.76163 5.84131 9.88601 7.1875 9.88601C8.05834 9.88601 8.86302 9.40734 9.29844 8.63033C9.73385 7.85331 9.73385 6.89598 9.29844 6.11896C8.86302 5.34194 8.05834 4.86328 7.1875 4.86328Z\" fill=\"currentColor\"\/>\n<\/svg><\/span>Madrid<\/div>    <\/div>\n                        <h4 class=\"title\"><a href=\"https:\/\/sandsiv.com\/es\/event\/dale-magia-a-tu-experiencia-del-cliente\/\">Dale magia a tu Experiencia del Cliente<\/a><\/h4>\n                    <\/div>\n                <\/div>\n                                <div class=\"event_list__item eventPast\">\n                    <div class=\"item_date\">Oct<span>03<\/span>2023<\/div>\n                    <div class=\"item_contant\">\n                    <div class=\"category_location\">\n                                            <div class=\"category\">\n                                                            <a href=\"https:\/\/sandsiv.com\/event_category\/conference\/\">Conference<\/a>\n                                                    <\/div>                                                <div class=\"location\"><span class=\"icon\"><svg width=\"14\" height=\"20\" viewBox=\"0 0 14 20\" fill=\"none\" xmlns=\"http:\/\/www.w3.org\/2000\/svg\">\n<path d=\"M7 1C3.68286 1 1 3.6605 1 6.95C1 11.4125 7 18 7 18C7 18 13 11.4125 13 6.95C13 3.6605 10.3171 1 7 1Z\" stroke=\"currentColor\" stroke-width=\"2\"\/>\n<path d=\"M7.1875 4.86328C5.84131 4.86328 4.75 5.98766 4.75 7.37464C4.75 8.76163 5.84131 9.88601 7.1875 9.88601C8.05834 9.88601 8.86302 9.40734 9.29844 8.63033C9.73385 7.85331 9.73385 6.89598 9.29844 6.11896C8.86302 5.34194 8.05834 4.86328 7.1875 4.86328Z\" fill=\"currentColor\"\/>\n<\/svg><\/span>Madrid <\/div>    <\/div>\n                        <h4 class=\"title\"><a href=\"https:\/\/sandsiv.com\/es\/event\/x-congreso-dec-2023\/\">X Congreso DEC 2022<\/a><\/h4>\n                    <\/div>\n                <\/div>\n                                <div class=\"event_list__item eventPast\">\n                    <div class=\"item_date\">Mar<span>15<\/span>2023<\/div>\n                    <div class=\"item_contant\">\n                    <div class=\"category_location\">\n                                            <div class=\"category\">\n                                                            <a href=\"https:\/\/sandsiv.com\/event_category\/conference\/\">Conference<\/a>\n                                                    <\/div>                                                <div class=\"location\"><span class=\"icon\"><svg width=\"14\" height=\"20\" viewBox=\"0 0 14 20\" fill=\"none\" xmlns=\"http:\/\/www.w3.org\/2000\/svg\">\n<path d=\"M7 1C3.68286 1 1 3.6605 1 6.95C1 11.4125 7 18 7 18C7 18 13 11.4125 13 6.95C13 3.6605 10.3171 1 7 1Z\" stroke=\"currentColor\" stroke-width=\"2\"\/>\n<path d=\"M7.1875 4.86328C5.84131 4.86328 4.75 5.98766 4.75 7.37464C4.75 8.76163 5.84131 9.88601 7.1875 9.88601C8.05834 9.88601 8.86302 9.40734 9.29844 8.63033C9.73385 7.85331 9.73385 6.89598 9.29844 6.11896C8.86302 5.34194 8.05834 4.86328 7.1875 4.86328Z\" fill=\"currentColor\"\/>\n<\/svg><\/span>Madrid<\/div>    <\/div>\n                        <h4 class=\"title\"><a href=\"https:\/\/sandsiv.com\/es\/event\/taller-cx-from-zero-to-hero\/\">Taller CX. From Zero to Hero<\/a><\/h4>\n                    <\/div>\n                <\/div>\n                                <div class=\"event_list__item eventPast\">\n                    <div class=\"item_date\">Oct<span>04<\/span>2022<\/div>\n                    <div class=\"item_contant\">\n                    <div class=\"category_location\">\n                                            <div class=\"category\">\n                                                            <a href=\"https:\/\/sandsiv.com\/event_category\/conference\/\">Conference<\/a>\n                                                    <\/div>                                                <div class=\"location\"><span class=\"icon\"><svg width=\"14\" height=\"20\" viewBox=\"0 0 14 20\" fill=\"none\" xmlns=\"http:\/\/www.w3.org\/2000\/svg\">\n<path d=\"M7 1C3.68286 1 1 3.6605 1 6.95C1 11.4125 7 18 7 18C7 18 13 11.4125 13 6.95C13 3.6605 10.3171 1 7 1Z\" stroke=\"currentColor\" stroke-width=\"2\"\/>\n<path d=\"M7.1875 4.86328C5.84131 4.86328 4.75 5.98766 4.75 7.37464C4.75 8.76163 5.84131 9.88601 7.1875 9.88601C8.05834 9.88601 8.86302 9.40734 9.29844 8.63033C9.73385 7.85331 9.73385 6.89598 9.29844 6.11896C8.86302 5.34194 8.05834 4.86328 7.1875 4.86328Z\" fill=\"currentColor\"\/>\n<\/svg><\/span>Madrid <\/div>    <\/div>\n                        <h4 class=\"title\"><a href=\"https:\/\/sandsiv.com\/es\/event\/metaexperience-congreso-dec-2022\/\">MetaEXperience Congreso DEC 2022<\/a><\/h4>\n                    <\/div>\n                <\/div>\n                            <\/div>\n                    <\/div>\n    <\/div>\n<\/div>\n<\/div>\n\n\n<p><\/p>\n","protected":false},"excerpt":{"rendered":"","protected":false},"author":3,"featured_media":0,"parent":0,"menu_order":0,"comment_status":"closed","ping_status":"closed","template":"","meta":{"content-type":"","footnotes":""},"class_list":["post-9737","page","type-page","status-publish","hentry"],"acf":[],"yoast_head":"<!-- This site is optimized with the Yoast SEO Premium plugin v26.9 (Yoast SEO v27.5) - https:\/\/yoast.com\/product\/yoast-seo-premium-wordpress\/ -->\n<title>Eventos - sandsiv+<\/title>\n<meta name=\"description\" content=\"Los eventos son la parte m\u00e1s divertida de nuestro trabajo. Organizamos eventos de todo tipo a los que estar\u00e1s deseando asistir.\" \/>\n<meta name=\"robots\" content=\"index, follow, max-snippet:-1, max-image-preview:large, max-video-preview:-1\" \/>\n<link rel=\"canonical\" href=\"https:\/\/sandsiv.com\/es\/eventos\/\" \/>\n<meta property=\"og:locale\" content=\"es_ES\" \/>\n<meta property=\"og:type\" content=\"article\" \/>\n<meta property=\"og:title\" content=\"Eventos\" \/>\n<meta property=\"og:description\" content=\"Los eventos son la parte m\u00e1s divertida de nuestro trabajo. Organizamos eventos de todo tipo a los que estar\u00e1s deseando asistir.\" \/>\n<meta property=\"og:url\" content=\"https:\/\/sandsiv.com\/es\/eventos\/\" \/>\n<meta property=\"og:site_name\" content=\"sandsiv+\" \/>\n<meta property=\"article:modified_time\" content=\"2023-09-05T12:10:30+00:00\" \/>\n<meta name=\"twitter:card\" content=\"summary_large_image\" \/>\n<script type=\"application\/ld+json\" class=\"yoast-schema-graph\">{\"@context\":\"https:\\\/\\\/schema.org\",\"@graph\":[{\"@type\":\"WebPage\",\"@id\":\"https:\\\/\\\/sandsiv.com\\\/es\\\/eventos\\\/\",\"url\":\"https:\\\/\\\/sandsiv.com\\\/es\\\/eventos\\\/\",\"name\":\"Eventos - sandsiv+\",\"isPartOf\":{\"@id\":\"https:\\\/\\\/sandsiv.com\\\/#website\"},\"datePublished\":\"2021-07-15T05:24:06+00:00\",\"dateModified\":\"2023-09-05T12:10:30+00:00\",\"description\":\"Los eventos son la parte m\u00e1s divertida de nuestro trabajo. Organizamos eventos de todo tipo a los que estar\u00e1s deseando asistir.\",\"breadcrumb\":{\"@id\":\"https:\\\/\\\/sandsiv.com\\\/es\\\/eventos\\\/#breadcrumb\"},\"inLanguage\":\"es\",\"potentialAction\":[{\"@type\":\"ReadAction\",\"target\":[\"https:\\\/\\\/sandsiv.com\\\/es\\\/eventos\\\/\"]}]},{\"@type\":\"BreadcrumbList\",\"@id\":\"https:\\\/\\\/sandsiv.com\\\/es\\\/eventos\\\/#breadcrumb\",\"itemListElement\":[{\"@type\":\"ListItem\",\"position\":1,\"name\":\"Home\",\"item\":\"https:\\\/\\\/sandsiv.com\\\/es\\\/\"},{\"@type\":\"ListItem\",\"position\":2,\"name\":\"Eventos\"}]},{\"@type\":\"WebSite\",\"@id\":\"https:\\\/\\\/sandsiv.com\\\/#website\",\"url\":\"https:\\\/\\\/sandsiv.com\\\/\",\"name\":\"sandsiv+\",\"description\":\"Customer Intelligence Made In Switzerland\",\"publisher\":{\"@id\":\"https:\\\/\\\/sandsiv.com\\\/#organization\"},\"potentialAction\":[{\"@type\":\"SearchAction\",\"target\":{\"@type\":\"EntryPoint\",\"urlTemplate\":\"https:\\\/\\\/sandsiv.com\\\/?s={search_term_string}\"},\"query-input\":{\"@type\":\"PropertyValueSpecification\",\"valueRequired\":true,\"valueName\":\"search_term_string\"}}],\"inLanguage\":\"es\"},{\"@type\":\"Organization\",\"@id\":\"https:\\\/\\\/sandsiv.com\\\/#organization\",\"name\":\"sandsiv+\",\"url\":\"https:\\\/\\\/sandsiv.com\\\/\",\"logo\":{\"@type\":\"ImageObject\",\"inLanguage\":\"es\",\"@id\":\"https:\\\/\\\/sandsiv.com\\\/#\\\/schema\\\/logo\\\/image\\\/\",\"url\":\"https:\\\/\\\/sandsiv.com\\\/wp-content\\\/uploads\\\/2021\\\/08\\\/logo-light-normal.svg\",\"contentUrl\":\"https:\\\/\\\/sandsiv.com\\\/wp-content\\\/uploads\\\/2021\\\/08\\\/logo-light-normal.svg\",\"width\":376,\"height\":67,\"caption\":\"sandsiv+\"},\"image\":{\"@id\":\"https:\\\/\\\/sandsiv.com\\\/#\\\/schema\\\/logo\\\/image\\\/\"}}]}<\/script>\n<!-- \/ Yoast SEO Premium plugin. -->","yoast_head_json":{"title":"Eventos - sandsiv+","description":"Los eventos son la parte m\u00e1s divertida de nuestro trabajo. Organizamos eventos de todo tipo a los que estar\u00e1s deseando asistir.","robots":{"index":"index","follow":"follow","max-snippet":"max-snippet:-1","max-image-preview":"max-image-preview:large","max-video-preview":"max-video-preview:-1"},"canonical":"https:\/\/sandsiv.com\/es\/eventos\/","og_locale":"es_ES","og_type":"article","og_title":"Eventos","og_description":"Los eventos son la parte m\u00e1s divertida de nuestro trabajo. Organizamos eventos de todo tipo a los que estar\u00e1s deseando asistir.","og_url":"https:\/\/sandsiv.com\/es\/eventos\/","og_site_name":"sandsiv+","article_modified_time":"2023-09-05T12:10:30+00:00","twitter_card":"summary_large_image","schema":{"@context":"https:\/\/schema.org","@graph":[{"@type":"WebPage","@id":"https:\/\/sandsiv.com\/es\/eventos\/","url":"https:\/\/sandsiv.com\/es\/eventos\/","name":"Eventos - sandsiv+","isPartOf":{"@id":"https:\/\/sandsiv.com\/#website"},"datePublished":"2021-07-15T05:24:06+00:00","dateModified":"2023-09-05T12:10:30+00:00","description":"Los eventos son la parte m\u00e1s divertida de nuestro trabajo. Organizamos eventos de todo tipo a los que estar\u00e1s deseando asistir.","breadcrumb":{"@id":"https:\/\/sandsiv.com\/es\/eventos\/#breadcrumb"},"inLanguage":"es","potentialAction":[{"@type":"ReadAction","target":["https:\/\/sandsiv.com\/es\/eventos\/"]}]},{"@type":"BreadcrumbList","@id":"https:\/\/sandsiv.com\/es\/eventos\/#breadcrumb","itemListElement":[{"@type":"ListItem","position":1,"name":"Home","item":"https:\/\/sandsiv.com\/es\/"},{"@type":"ListItem","position":2,"name":"Eventos"}]},{"@type":"WebSite","@id":"https:\/\/sandsiv.com\/#website","url":"https:\/\/sandsiv.com\/","name":"sandsiv+","description":"Customer Intelligence Made In Switzerland","publisher":{"@id":"https:\/\/sandsiv.com\/#organization"},"potentialAction":[{"@type":"SearchAction","target":{"@type":"EntryPoint","urlTemplate":"https:\/\/sandsiv.com\/?s={search_term_string}"},"query-input":{"@type":"PropertyValueSpecification","valueRequired":true,"valueName":"search_term_string"}}],"inLanguage":"es"},{"@type":"Organization","@id":"https:\/\/sandsiv.com\/#organization","name":"sandsiv+","url":"https:\/\/sandsiv.com\/","logo":{"@type":"ImageObject","inLanguage":"es","@id":"https:\/\/sandsiv.com\/#\/schema\/logo\/image\/","url":"https:\/\/sandsiv.com\/wp-content\/uploads\/2021\/08\/logo-light-normal.svg","contentUrl":"https:\/\/sandsiv.com\/wp-content\/uploads\/2021\/08\/logo-light-normal.svg","width":376,"height":67,"caption":"sandsiv+"},"image":{"@id":"https:\/\/sandsiv.com\/#\/schema\/logo\/image\/"}}]}},"_links":{"self":[{"href":"https:\/\/sandsiv.com\/es\/wp-json\/wp\/v2\/pages\/9737","targetHints":{"allow":["GET"]}}],"collection":[{"href":"https:\/\/sandsiv.com\/es\/wp-json\/wp\/v2\/pages"}],"about":[{"href":"https:\/\/sandsiv.com\/es\/wp-json\/wp\/v2\/types\/page"}],"author":[{"embeddable":true,"href":"https:\/\/sandsiv.com\/es\/wp-json\/wp\/v2\/users\/3"}],"replies":[{"embeddable":true,"href":"https:\/\/sandsiv.com\/es\/wp-json\/wp\/v2\/comments?post=9737"}],"version-history":[{"count":0,"href":"https:\/\/sandsiv.com\/es\/wp-json\/wp\/v2\/pages\/9737\/revisions"}],"wp:attachment":[{"href":"https:\/\/sandsiv.com\/es\/wp-json\/wp\/v2\/media?parent=9737"}],"curies":[{"name":"wp","href":"https:\/\/api.w.org\/{rel}","templated":true}]}}