
{"id":7672,"date":"2023-02-03T12:13:18","date_gmt":"2023-02-03T12:13:18","guid":{"rendered":"https:\/\/sandsiv.wpengine.com\/influencers-please-dont-mess-with-statistics\/"},"modified":"2023-07-19T11:08:42","modified_gmt":"2023-07-19T11:08:42","slug":"influencers-por-favor-no-os-metais-con-las-estadisticas","status":"publish","type":"page","link":"https:\/\/sandsiv.com\/es\/nuestro-blog\/influencers-por-favor-no-os-metais-con-las-estadisticas\/","title":{"rendered":"Influencers, por favor, \u00a1no os met\u00e1is con las estad\u00edsticas!"},"content":{"rendered":"<div id=\"banner-block_6c85efac30aad237ccb1227b2d17947e\"\r\n    class=\"banner scroll-fade\">\r\n    <div\r\n        class=\"module mt_0  mb_0\">\r\n        <div class=\"container\">\r\n            <div class=\"banner__inner\">\r\n                <div class=\"banner__data\">\r\n                                        <h1 class=\"heading\">Influencers, por favor, \u00a1no os met\u00e1is con las estad\u00edsticas!<strong\r\n                            class=\"heading_red\">Art\u00edculo<\/strong>                    <\/h1>\r\n                                                            <div class=\"description\">30 de Noviembre, 2022 &#8211; Influencers, por favor, \u00a1no os met\u00e1is con las estad\u00edsticas!                    <\/div>                                                            <div class=\"banner__button\">\r\n                        <a href=\"https:\/\/sandsiv.wpengine.com\/es\/quiero-ver-una-demo\/\"\r\n                            class=\"btn\" _self                            >Quiero ver una demo<\/a>\r\n                    <\/div>\r\n                                                                            <\/div>\r\n                <div class=\"banner__media\">\r\n                                        <div class=\"banner__image\">\r\n                        <picture class=\"image\">\r\n                            <source srcset=\"\">\r\n                            <img decoding=\"async\" src=\"\"\r\n                                alt=\"\" \/>\r\n                        <\/picture>\r\n                    <\/div>\r\n                                                                            <\/div>\r\n            <\/div>\r\n        <\/div>\r\n    <\/div>\r\n<\/div>\n\n\r\n<div id=\"frames_section-block_6f7ae0dd21a6bf8966fd362c47ac0da7\" class=\"frames_section scroll-fade\">\r\n    <div class=\"module mt_0  mb_0\">  \r\n        <div class=\"bg_clr_section bg_clr_red\">               \r\n            <div class=\"container\">\r\n                <div class=\"frames_section_inner\"> \r\n                                                                <div class=\"text\">\r\n                            <p>Un reciente intercambio de posts con los influencers l\u00edquidos habituales de CX (l\u00edquidos parafraseando a Zygmunt Bauman) me lleva a escribir este breve art\u00edculo con la esperanza de poder iluminar por fin a estas mentes pensantes de la CX.<\/p>\n<p>Importante: lo que voy a escribir no son mis conclusiones, sino hechos cient\u00edficamente probados a partir de estudios acad\u00e9micos que comenzaron en el siglo XIX y se han desarrollado hasta nuestros d\u00edas.<\/p>\n                        <\/div>\r\n                                                        <\/div>\r\n            <\/div>\r\n        <\/div>\r\n    <\/div>\r\n<\/div>\n\n\r\n<div id=\"blog_post_content-block_61e5cf0747625950562dd3f97803bf3e\" class=\"blog_post_content scroll-fade\">\r\n    <div class=\"module \">\r\n\r\n                            <div class=\"container container--medium\">\r\n                        \r\n            <div class=\"blog_post_content_inner\"> \r\n                                    <div class=\"heading_section\">\r\n                        <div class=\"heading_text h1\">\r\n                            <Div style = \"visibility: hidden\"> <\/ div>                        <\/div>\r\n                    <\/div>\r\n                                                    <div class=\"content_section\">\r\n                        <p>La pregunta era sencilla, y la respuesta era igualmente obvia desde el punto de vista estad\u00edstico y matem\u00e1tico: <strong>\u00bfpodemos asignar un valor a los que no responden en una encuesta?<\/strong> En el debate, dado que se trataba de una encuesta NPS, se hab\u00eda hablado de asignar arbitrariamente el valor de los detractores para influir negativamente en el resultado observado.<\/p>\n<p>La realidad era mucho m\u00e1s sencilla: habiendo recogido 100 entrevistas de un total de 500 clientes, podemos decir que n=100 (la muestra observada) y N=500 (toda la poblaci\u00f3n), por lo que la media estimada en la muestra puede variar en +\/- 8,77%. Dado que se trata de un NPS, el margen es a\u00fan mayor porque lo m\u00e1s probable es que estemos tratando con una distribuci\u00f3n no normal. (v\u00e9ase mi art\u00edculo)<\/p>\n<p>La misma l\u00f3gica que me lleva a ese margen de error del 8,77% me dice que, para un nivel de confianza del 95%, necesitar\u00e9 una muestra de 218 entrevistas para un margen de error del 4,99%. Pero, \u00bfc\u00f3mo llegamos a este margen de error? \u00bfQu\u00e9 es la l\u00f3gica estad\u00edstica y matem\u00e1tica? Intentar\u00e9 explicarlo sin f\u00f3rmulas matem\u00e1ticas, en texto llano para gente de negocios.<\/p>\n<p><strong>Muestreo estad\u00edstico e inferencia estad\u00edstica<\/strong><\/p>\n<p>El muestreo estad\u00edstico (que se basa en la teor\u00eda de la muestra o &#8220;teor\u00eda del muestreo&#8221;) es la base de la inferencia estad\u00edstica, dividida en dos grandes cap\u00edtulos: la teor\u00eda de la estimaci\u00f3n y los tests de hip\u00f3tesis. Concretamente, se dice que una encuesta es muestral cuando sirve para hacer inferencias, es decir, para inferir informaci\u00f3n sobre toda la poblaci\u00f3n a partir de la propia muestra.<\/p>\n<p>La \u00faltima frase es significativa, y explica la importancia de la propia muestra: el objetivo final es seleccionar un subgrupo de la poblaci\u00f3n total para que sea representativo de toda la poblaci\u00f3n. As\u00ed podr\u00edamos tratar los resultados del subconjunto como v\u00e1lidos para toda la poblaci\u00f3n.<\/p>\n<p>Es obvio. No, hace poco particip\u00e9 en una conversaci\u00f3n en LinkedIn en la que la gente quer\u00eda asignar valores arbitrarios a quienes no respond\u00edan a una encuesta de NPS. A los que no respondieron no se les puede dar simplemente una respuesta por defecto. En la misma l\u00ednea, \u00bfpor qu\u00e9 construir y distribuir una encuesta? Utiliza PhotoShop y crea un cuadro de mando con los resultados que te gusten. De todas formas est\u00e1s insultando tanto a la estad\u00edstica como a las matem\u00e1ticas. Si quieres hacerlo, \u00a1atr\u00e9vete a hacerlo del todo! Ser\u00eda como decir: He preguntado a una muestra de la poblaci\u00f3n por su altura para averiguar la estatura media de las personas; y a los que no han contestado les atrubimos arbitrariamente una talla de 190 cm (\u00a1!). \u00bfSe entiende por qu\u00e9 esto no funciona?<\/p>\n<p>Lo que he descrito, para ser precisos, es el procedimiento por el que se inducen las caracter\u00edsticas de una poblaci\u00f3n a partir de la observaci\u00f3n de una parte de ella (muestra); se denomina inferencia estad\u00edstica y se origin\u00f3 a mediados del siglo XIX a partir de los estudios de Fisher y Pearson. Tambi\u00e9n se denomina inferencia cl\u00e1sica para distinguirla de la inferencia bayesiana, basada en el teorema de Bayes.<\/p>\n<p><strong>El error en la muestra y sus consecuencias<\/strong><\/p>\n<p>Debemos responder a dos preguntas principales analizando los resultados de un estudio de un subgrupo de toda la poblaci\u00f3n:<\/p>\n<p>1. \u00bfCrees que el resultado obtenido del subgrupo es aleatorio, o seguir\u00e1 siendo el mismo si se repite? (\u00bfEs la confianza o es el resultado significativo?)<br \/>\n2. No confundir &#8220;significaci\u00f3n estad\u00edstica&#8221; con &#8220;importancia&#8221;.<\/p>\n<p><strong>No confundir &#8220;significaci\u00f3n estad\u00edstica&#8221; con &#8220;importancia&#8221;.<\/strong><\/p>\n<p>Significativo en estad\u00edstica significa que el resultado observado no se debe al mero azar con un determinado nivel de confianza y que si se repite n veces la observaci\u00f3n en otros subgrupos de la poblaci\u00f3n, obtendremos el mismo resultado. Nada que ver con la significaci\u00f3n del resultado.<\/p>\n<p>No entrar\u00e9 en los detalles del c\u00e1lculo. S\u00f3lo s\u00e9 que este tipo de an\u00e1lisis fue propuesto por Fisher y se basa en la idea com\u00fan de que podemos aceptar una proporci\u00f3n de 1\/20 (alfa 0,05). Generalmente, el resultado no es debido a la casualidad en el 95% de los casos.<\/p>\n<p>En otras palabras, si se establece este umbral, estamos diciendo que para el estudio est\u00e1 bien que una de cada 20 veces, la diferencia observada pueda deberse \u00fanicamente al azar. El umbral podr\u00eda elevarse a valores m\u00e1s altos (por ejemplo, 0,01). Para estar seguros al 100%, entonces deber\u00edamos encuestar claramente a toda la poblaci\u00f3n.<\/p>\n<p>En pocas palabras, cuando decimos que un resultado es significativo, significa simplemente que no es fruto del azar, aceptando un margen de error (com\u00fanmente 0,05). Si repetimos el mismo estudio con una muestra de la misma poblaci\u00f3n pero diferente de la primera, en el 95% de los casos obtendremos el mismo resultado.<\/p>\n<p><strong>Pero, \u00bfes realmente representativa la muestra?<\/strong><\/p>\n<p>Este es el \u00e1mbito operativo de la estad\u00edstica inferencial, que tiene por objeto la inducci\u00f3n probabil\u00edstica de las caracter\u00edsticas desconocidas de una poblaci\u00f3n. Es decir, se ocupa de resolver el llamado problema inverso: a partir de observaciones realizadas sobre una muestra de unidades representativas de toda la poblaci\u00f3n y seleccionadas por procedimientos dados, llegar a conclusiones generalizables (inferencia), dentro de unos niveles dados de probabilidad de error, al conjunto de la misma poblaci\u00f3n. En la estad\u00edstica inferencial subyacen la teor\u00eda de la probabilidad y la teor\u00eda de la muestra.<\/p>\n<p>De forma muy simplista, dada la media observada en la muestra, se intentar\u00e1 calcular la diferencia con la media real de toda la poblaci\u00f3n estimando el margen de error. Se determinar\u00e1 el error de muestreo, que es la medida de la fiabilidad de la muestra.<\/p>\n<p>Existe una regla sencilla: cuanto mayor sea la muestra, m\u00e1s representativa tender\u00e1 a ser del conjunto de la poblaci\u00f3n. Sin embargo, esto tambi\u00e9n depende de otros factores. Por ejemplo, cuanta m\u00e1s variabilidad de elementos haya en las personas, mayor tendr\u00e1 que ser la muestra.<\/p>\n<p>He aqu\u00ed <strong>tres t\u00e9rminos clave<\/strong> que deber\u00e1s comprender para calcular el tama\u00f1o de la muestra y ponerlo en contexto:<\/p>\n<p><strong>Tama\u00f1o de la poblaci\u00f3n &#8211;<\/strong>N\u00famero total de personas del grupo que se intenta analizar. Si se toma una muestra aleatoria de personas en Estados Unidos, la poblaci\u00f3n ser\u00e1 de unos 317 millones. Del mismo modo, si la encuesta se refiere a tu empresa, el tama\u00f1o de la poblaci\u00f3n ser\u00e1 el n\u00famero total de empleados.<\/p>\n<p><strong>El margen de error &#8211;<\/strong> Un porcentaje que indica la probabilidad de que los resultados de la encuesta reflejen las opiniones de la poblaci\u00f3n total. Cuanto menor sea el margen de error, mayor ser\u00e1 la probabilidad de obtener la respuesta correcta con un nivel de confianza determinado.<\/p>\n<p><strong>Nivel de confianza de la muestra &#8211;<\/strong> Porcentaje que revela el grado de confianza que se puede tener en que la poblaci\u00f3n elegir\u00eda una respuesta dentro de un intervalo determinado. Por ejemplo, un nivel de confianza del 95% significa que podemos estar seguros en un 95% de que los resultados se encuentran entre los n\u00fameros x e y.<\/p>\n<p>Varias webs ofrecen c\u00e1lculos gratuitos del tama\u00f1o de la muestra en funci\u00f3n de diversos par\u00e1metros. Basta con buscar en Google &#8220;calculadora del tama\u00f1o de la muestra&#8221;, y tendr\u00e1s una lista de sitios web que ofrecen esta posibilidad.<\/p>\n<p>En conclusi\u00f3n, la estad\u00edstica es una ciencia exacta. No se trata de interpretaciones personales, sino de conceptos matem\u00e1ticos precisos. Leer comentarios como: &#8220;\u00bfQu\u00e9 valor damos a los no encuestados?&#8221;. O, peor a\u00fan: &#8220;No presentamos los valores de los m\u00e1rgenes de error porque aburren a quienes escuchan los resultados de la encuesta&#8221;. se ajustan perfectamente a la calidad del debate que pseudoinfluencers y gur\u00fas est\u00e1n aportando a la experiencia de cliente: pr\u00e1cticamente cercana a cero, con un escaso margen de error y un 99,9% de confianza.<\/p>\n                    <\/div>\r\n                            <\/div>\r\n        <\/div>\r\n    <\/div>\r\n<\/div>\n\n\n<p><\/p>\n\n\n\r\n<div id=\"blog_post_content-block_447336601275c04271f09518db235610\" class=\"blog_post_content scroll-fade\">\r\n    <div class=\"module \">\r\n\r\n                    <div class=\"container\">\r\n                                \r\n            <div class=\"blog_post_content_inner\"> \r\n                                    <div class=\"heading_section\">\r\n                        <div class=\"heading_text h1\">\r\n                            Influencers, por favor, \u00a1no os met\u00e1is con las estad\u00edsticas!                        <\/div>\r\n                    <\/div>\r\n                                                    <div class=\"content_section\">\r\n                        <h5>Autor:<br \/>\nFederico Cesconi<\/h5>\n<p><span style=\"color: #bf2025;\"><a style=\"color: #bf2025;\" href=\"https:\/\/www.linkedin.com\/pulse\/influencers-please-dont-mess-statistics-federico-cesconi\/\">Lee el ar\u00edculo en LinkedIn<\/a><\/span><\/p>\n                    <\/div>\r\n                            <\/div>\r\n        <\/div>\r\n    <\/div>\r\n<\/div>\n\n\r\n<div id=\"frames_section-block_0fbe69d6c15bcc24ecb9aa2b922e2b0e\" class=\"frames_section scroll-fade\">\r\n    <div class=\"module mt_0  mb_0\">  \r\n        <div class=\"bg_clr_section bg_clr_red\">               \r\n            <div class=\"container\">\r\n                <div class=\"frames_section_inner\"> \r\n                                            <div class=\"heading\">\r\n                            Empieza a crecer con sandsiv+ hoy mismo                        <\/div>\r\n                                                                                    <div class=\"button_section\">\r\n                            <a class=\"btn btn--white \" href=\"https:\/\/sandsiv.wpengine.com\/es\/quiero-ver-una-demo\/\" >\r\n                                Quiero ver una demo                            <\/a>\r\n                        <\/div>\r\n                                    <\/div>\r\n            <\/div>\r\n        <\/div>\r\n    <\/div>\r\n<\/div>","protected":false},"excerpt":{"rendered":"","protected":false},"author":9,"featured_media":0,"parent":8261,"menu_order":0,"comment_status":"closed","ping_status":"closed","template":"","meta":{"content-type":"","footnotes":""},"class_list":["post-7672","page","type-page","status-publish","hentry"],"acf":[],"yoast_head":"<!-- This site is optimized with the Yoast SEO Premium plugin v26.9 (Yoast SEO v27.3) - https:\/\/yoast.com\/product\/yoast-seo-premium-wordpress\/ -->\n<title>Influencers, por favor, \u00a1no os met\u00e1is con las estad\u00edsticas! - sandsiv+<\/title>\n<meta name=\"description\" content=\"Un reciente intercambio de posts con los influencers habituales de CX me lleva a escribir este breve art\u00edculo sobre la CX.\" \/>\n<meta name=\"robots\" content=\"index, follow, max-snippet:-1, max-image-preview:large, max-video-preview:-1\" \/>\n<link rel=\"canonical\" href=\"https:\/\/sandsiv.com\/es\/nuestro-blog\/influencers-por-favor-no-os-metais-con-las-estadisticas\/\" \/>\n<meta property=\"og:locale\" content=\"es_ES\" \/>\n<meta property=\"og:type\" content=\"article\" \/>\n<meta property=\"og:title\" content=\"Influencers, por favor, \u00a1no os met\u00e1is con las estad\u00edsticas!\" \/>\n<meta property=\"og:description\" content=\"Un reciente intercambio de posts con los influencers habituales de CX me lleva a escribir este breve art\u00edculo sobre la CX.\" \/>\n<meta property=\"og:url\" content=\"https:\/\/sandsiv.com\/es\/nuestro-blog\/influencers-por-favor-no-os-metais-con-las-estadisticas\/\" \/>\n<meta property=\"og:site_name\" content=\"sandsiv+\" \/>\n<meta property=\"article:modified_time\" content=\"2023-07-19T11:08:42+00:00\" \/>\n<meta name=\"twitter:card\" content=\"summary_large_image\" \/>\n<script type=\"application\/ld+json\" class=\"yoast-schema-graph\">{\"@context\":\"https:\\\/\\\/schema.org\",\"@graph\":[{\"@type\":\"WebPage\",\"@id\":\"https:\\\/\\\/sandsiv.com\\\/es\\\/nuestro-blog\\\/influencers-por-favor-no-os-metais-con-las-estadisticas\\\/\",\"url\":\"https:\\\/\\\/sandsiv.com\\\/es\\\/nuestro-blog\\\/influencers-por-favor-no-os-metais-con-las-estadisticas\\\/\",\"name\":\"Influencers, por favor, \u00a1no os met\u00e1is con las estad\u00edsticas! - sandsiv+\",\"isPartOf\":{\"@id\":\"https:\\\/\\\/sandsiv.com\\\/#website\"},\"datePublished\":\"2023-02-03T12:13:18+00:00\",\"dateModified\":\"2023-07-19T11:08:42+00:00\",\"description\":\"Un reciente intercambio de posts con los influencers habituales de CX me lleva a escribir este breve art\u00edculo sobre la CX.\",\"breadcrumb\":{\"@id\":\"https:\\\/\\\/sandsiv.com\\\/es\\\/nuestro-blog\\\/influencers-por-favor-no-os-metais-con-las-estadisticas\\\/#breadcrumb\"},\"inLanguage\":\"es\",\"potentialAction\":[{\"@type\":\"ReadAction\",\"target\":[\"https:\\\/\\\/sandsiv.com\\\/es\\\/nuestro-blog\\\/influencers-por-favor-no-os-metais-con-las-estadisticas\\\/\"]}]},{\"@type\":\"BreadcrumbList\",\"@id\":\"https:\\\/\\\/sandsiv.com\\\/es\\\/nuestro-blog\\\/influencers-por-favor-no-os-metais-con-las-estadisticas\\\/#breadcrumb\",\"itemListElement\":[{\"@type\":\"ListItem\",\"position\":1,\"name\":\"Home\",\"item\":\"https:\\\/\\\/sandsiv.com\\\/es\\\/\"},{\"@type\":\"ListItem\",\"position\":2,\"name\":\"Nuestro Blog\",\"item\":\"https:\\\/\\\/sandsiv.com\\\/es\\\/nuestro-blog\\\/\"},{\"@type\":\"ListItem\",\"position\":3,\"name\":\"Influencers, por favor, \u00a1no os met\u00e1is con las estad\u00edsticas!\"}]},{\"@type\":\"WebSite\",\"@id\":\"https:\\\/\\\/sandsiv.com\\\/#website\",\"url\":\"https:\\\/\\\/sandsiv.com\\\/\",\"name\":\"sandsiv+\",\"description\":\"Customer Intelligence Made In Switzerland\",\"publisher\":{\"@id\":\"https:\\\/\\\/sandsiv.com\\\/#organization\"},\"potentialAction\":[{\"@type\":\"SearchAction\",\"target\":{\"@type\":\"EntryPoint\",\"urlTemplate\":\"https:\\\/\\\/sandsiv.com\\\/?s={search_term_string}\"},\"query-input\":{\"@type\":\"PropertyValueSpecification\",\"valueRequired\":true,\"valueName\":\"search_term_string\"}}],\"inLanguage\":\"es\"},{\"@type\":\"Organization\",\"@id\":\"https:\\\/\\\/sandsiv.com\\\/#organization\",\"name\":\"sandsiv+\",\"url\":\"https:\\\/\\\/sandsiv.com\\\/\",\"logo\":{\"@type\":\"ImageObject\",\"inLanguage\":\"es\",\"@id\":\"https:\\\/\\\/sandsiv.com\\\/#\\\/schema\\\/logo\\\/image\\\/\",\"url\":\"https:\\\/\\\/sandsiv.com\\\/wp-content\\\/uploads\\\/2021\\\/08\\\/logo-light-normal.svg\",\"contentUrl\":\"https:\\\/\\\/sandsiv.com\\\/wp-content\\\/uploads\\\/2021\\\/08\\\/logo-light-normal.svg\",\"width\":376,\"height\":67,\"caption\":\"sandsiv+\"},\"image\":{\"@id\":\"https:\\\/\\\/sandsiv.com\\\/#\\\/schema\\\/logo\\\/image\\\/\"}}]}<\/script>\n<!-- \/ Yoast SEO Premium plugin. -->","yoast_head_json":{"title":"Influencers, por favor, \u00a1no os met\u00e1is con las estad\u00edsticas! - sandsiv+","description":"Un reciente intercambio de posts con los influencers habituales de CX me lleva a escribir este breve art\u00edculo sobre la CX.","robots":{"index":"index","follow":"follow","max-snippet":"max-snippet:-1","max-image-preview":"max-image-preview:large","max-video-preview":"max-video-preview:-1"},"canonical":"https:\/\/sandsiv.com\/es\/nuestro-blog\/influencers-por-favor-no-os-metais-con-las-estadisticas\/","og_locale":"es_ES","og_type":"article","og_title":"Influencers, por favor, \u00a1no os met\u00e1is con las estad\u00edsticas!","og_description":"Un reciente intercambio de posts con los influencers habituales de CX me lleva a escribir este breve art\u00edculo sobre la CX.","og_url":"https:\/\/sandsiv.com\/es\/nuestro-blog\/influencers-por-favor-no-os-metais-con-las-estadisticas\/","og_site_name":"sandsiv+","article_modified_time":"2023-07-19T11:08:42+00:00","twitter_card":"summary_large_image","schema":{"@context":"https:\/\/schema.org","@graph":[{"@type":"WebPage","@id":"https:\/\/sandsiv.com\/es\/nuestro-blog\/influencers-por-favor-no-os-metais-con-las-estadisticas\/","url":"https:\/\/sandsiv.com\/es\/nuestro-blog\/influencers-por-favor-no-os-metais-con-las-estadisticas\/","name":"Influencers, por favor, \u00a1no os met\u00e1is con las estad\u00edsticas! - sandsiv+","isPartOf":{"@id":"https:\/\/sandsiv.com\/#website"},"datePublished":"2023-02-03T12:13:18+00:00","dateModified":"2023-07-19T11:08:42+00:00","description":"Un reciente intercambio de posts con los influencers habituales de CX me lleva a escribir este breve art\u00edculo sobre la CX.","breadcrumb":{"@id":"https:\/\/sandsiv.com\/es\/nuestro-blog\/influencers-por-favor-no-os-metais-con-las-estadisticas\/#breadcrumb"},"inLanguage":"es","potentialAction":[{"@type":"ReadAction","target":["https:\/\/sandsiv.com\/es\/nuestro-blog\/influencers-por-favor-no-os-metais-con-las-estadisticas\/"]}]},{"@type":"BreadcrumbList","@id":"https:\/\/sandsiv.com\/es\/nuestro-blog\/influencers-por-favor-no-os-metais-con-las-estadisticas\/#breadcrumb","itemListElement":[{"@type":"ListItem","position":1,"name":"Home","item":"https:\/\/sandsiv.com\/es\/"},{"@type":"ListItem","position":2,"name":"Nuestro Blog","item":"https:\/\/sandsiv.com\/es\/nuestro-blog\/"},{"@type":"ListItem","position":3,"name":"Influencers, por favor, \u00a1no os met\u00e1is con las estad\u00edsticas!"}]},{"@type":"WebSite","@id":"https:\/\/sandsiv.com\/#website","url":"https:\/\/sandsiv.com\/","name":"sandsiv+","description":"Customer Intelligence Made In Switzerland","publisher":{"@id":"https:\/\/sandsiv.com\/#organization"},"potentialAction":[{"@type":"SearchAction","target":{"@type":"EntryPoint","urlTemplate":"https:\/\/sandsiv.com\/?s={search_term_string}"},"query-input":{"@type":"PropertyValueSpecification","valueRequired":true,"valueName":"search_term_string"}}],"inLanguage":"es"},{"@type":"Organization","@id":"https:\/\/sandsiv.com\/#organization","name":"sandsiv+","url":"https:\/\/sandsiv.com\/","logo":{"@type":"ImageObject","inLanguage":"es","@id":"https:\/\/sandsiv.com\/#\/schema\/logo\/image\/","url":"https:\/\/sandsiv.com\/wp-content\/uploads\/2021\/08\/logo-light-normal.svg","contentUrl":"https:\/\/sandsiv.com\/wp-content\/uploads\/2021\/08\/logo-light-normal.svg","width":376,"height":67,"caption":"sandsiv+"},"image":{"@id":"https:\/\/sandsiv.com\/#\/schema\/logo\/image\/"}}]}},"_links":{"self":[{"href":"https:\/\/sandsiv.com\/es\/wp-json\/wp\/v2\/pages\/7672","targetHints":{"allow":["GET"]}}],"collection":[{"href":"https:\/\/sandsiv.com\/es\/wp-json\/wp\/v2\/pages"}],"about":[{"href":"https:\/\/sandsiv.com\/es\/wp-json\/wp\/v2\/types\/page"}],"author":[{"embeddable":true,"href":"https:\/\/sandsiv.com\/es\/wp-json\/wp\/v2\/users\/9"}],"replies":[{"embeddable":true,"href":"https:\/\/sandsiv.com\/es\/wp-json\/wp\/v2\/comments?post=7672"}],"version-history":[{"count":0,"href":"https:\/\/sandsiv.com\/es\/wp-json\/wp\/v2\/pages\/7672\/revisions"}],"up":[{"embeddable":true,"href":"https:\/\/sandsiv.com\/es\/wp-json\/wp\/v2\/pages\/8261"}],"wp:attachment":[{"href":"https:\/\/sandsiv.com\/es\/wp-json\/wp\/v2\/media?parent=7672"}],"curies":[{"name":"wp","href":"https:\/\/api.w.org\/{rel}","templated":true}]}}