
{"id":7667,"date":"2022-01-10T15:01:36","date_gmt":"2022-01-10T15:01:36","guid":{"rendered":"https:\/\/sandsiv.wpengine.com\/not-all-saas-are-born-equal-cloud-native-single-tenant\/"},"modified":"2023-07-19T11:07:41","modified_gmt":"2023-07-19T11:07:41","slug":"no-todos-los-saas-nacen-igual","status":"publish","type":"page","link":"https:\/\/sandsiv.com\/es\/nuestro-blog\/no-todos-los-saas-nacen-igual\/","title":{"rendered":"No todos los SaaS nacen igual"},"content":{"rendered":"<div id=\"banner-block_ac7765c6c2e210dcb07645559c074bfb\"\r\n    class=\"banner scroll-fade\">\r\n    <div\r\n        class=\"module mt_0  mb_0\">\r\n        <div class=\"container\">\r\n            <div class=\"banner__inner\">\r\n                <div class=\"banner__data\">\r\n                                        <h1 class=\"heading\">No todos los SaaS nacen igual<strong\r\n                            class=\"heading_red\">Art\u00edculo<\/strong>                    <\/h1>\r\n                                                            <div class=\"description\">23 de diciembre, 2021 &#8211; No todos los SaaS nacen igual: &#8220;Cloud-Native Single Tenant&#8221;                    <\/div>                                                            <div class=\"banner__button\">\r\n                        <a href=\"https:\/\/sandsiv.wpengine.com\/es\/quiero-ver-una-demo\/\"\r\n                            class=\"btn\" _self                            >Quiero ver una demo<\/a>\r\n                    <\/div>\r\n                                                                            <\/div>\r\n                <div class=\"banner__media\">\r\n                                        <div class=\"banner__image\">\r\n                        <picture class=\"image\">\r\n                            <source srcset=\"\">\r\n                            <img decoding=\"async\" src=\"\"\r\n                                alt=\"\" \/>\r\n                        <\/picture>\r\n                    <\/div>\r\n                                                                            <\/div>\r\n            <\/div>\r\n        <\/div>\r\n    <\/div>\r\n<\/div>\n\n\r\n<div id=\"frames_section-block_466944e0404c47df8d1be9468e1b1eb3\" class=\"frames_section scroll-fade\">\r\n    <div class=\"module mt_0  mb_0\">  \r\n        <div class=\"bg_clr_section bg_clr_red\">               \r\n            <div class=\"container\">\r\n                <div class=\"frames_section_inner\"> \r\n                                                                <div class=\"text\">\r\n                            <p><span data-sheets-value=\"{&quot;1&quot;:2,&quot;2&quot;:&quot;En los \u00faltimos meses, la soluci\u00f3n sandsiv+ ha sido adoptada cada vez m\u00e1s por clientes empresariales con operaciones en varios pa\u00edses y varios continentes. La elecci\u00f3n no solo ha venido dictada por las bondades y capacidades de la soluci\u00f3n de Voz del Cliente, sino que la elecci\u00f3n de la arquitectura tecnol\u00f3gica ha sido fundamental para muchos clientes: hoy es posible utilizar la soluci\u00f3n sandsiv+ no solo en el Cloud preferido por el cliente (por ejemplo, AWS, Azure, Google Cloud, Alibaba, etc.) sino tambi\u00e9n en el nodo geogr\u00e1fico de su elecci\u00f3n. Todo ello en un entorno altamente seguro sin compartir recursos con otros clientes. Una soluci\u00f3n \\&quot;Cloud-Native Single Tenant\\&quot;. \u00a1Veamos c\u00f3mo!&quot;}\" data-sheets-userformat=\"{&quot;2&quot;:4480,&quot;10&quot;:2,&quot;11&quot;:4,&quot;15&quot;:&quot;Arial&quot;}\">En los \u00faltimos meses, la soluci\u00f3n sandsiv+ ha sido adoptada cada vez m\u00e1s por clientes empresariales con operaciones en varios pa\u00edses y varios continentes. La elecci\u00f3n no solo ha venido dictada por las bondades y capacidades de la soluci\u00f3n de Voz del Cliente, sino que la elecci\u00f3n de la arquitectura tecnol\u00f3gica ha sido fundamental para muchos clientes: hoy es posible utilizar la soluci\u00f3n sandsiv+ no solo en el Cloud preferido por el cliente (por ejemplo, AWS, Azure, Google Cloud, Alibaba, etc.) sino tambi\u00e9n en el nodo geogr\u00e1fico de su elecci\u00f3n. Todo ello en un entorno altamente seguro sin compartir recursos con otros clientes. Una soluci\u00f3n <strong>&#8220;Cloud-Native Single Tenant&#8221;<\/strong>. \u00a1Veamos c\u00f3mo!<\/span><\/p>\n                        <\/div>\r\n                                                        <\/div>\r\n            <\/div>\r\n        <\/div>\r\n    <\/div>\r\n<\/div>\n\n\r\n<div id=\"blog_post_content-block_12af9cb67036b9612e67e29cbe99a765\" class=\"blog_post_content scroll-fade\">\r\n    <div class=\"module \">\r\n\r\n                            <div class=\"container container--medium\">\r\n                        \r\n            <div class=\"blog_post_content_inner\"> \r\n                                    <div class=\"heading_section\">\r\n                        <div class=\"heading_text h1\">\r\n                            <Div style = \"visibility: hidden\"> <\/ div>                        <\/div>\r\n                    <\/div>\r\n                                                    <div class=\"content_section\">\r\n                        <p>Hay algo cierto sobre las soluciones SaaS (software como servicio) que retuerce la definici\u00f3n de tecnolog\u00eda basada en la nube. \u00bfEs la soluci\u00f3n ofrecida por el proveedor un cambio de su soluci\u00f3n de software tradicional a la nube? \u00bfO es realmente nativa en la nube, construida desde cero para ser optimizada como soluci\u00f3n en la nube?<\/p>\n<p>La segunda gran pregunta es \u00bfestamos ante una soluci\u00f3n multi-inquilino o ante un entorno nativo en la nube super-segura de inquilino \u00fanico? Esta segunda pregunta juega un aspecto importante, las grandes empresas internacionales que ya han trasladado infraestructura a la nube prefieren soluciones nativas en la nube de un solo inquilino. Veamos por qu\u00e9.<\/p>\n<p>La mayor\u00eda de nosotros vemos el Software como Servicio como algo \u00fanico. Una caja negra de la que se beneficia un software en forma de servicio, y no hay distinciones especiales. En realidad, esto no es en absoluto cierto, el servicio que ofrece el software puede prestarse de forma distinta a esta &#8220;caja negra&#8221; y las diferencias son profundas, especialmente a nivel de seguridad, gesti\u00f3n de pol\u00edticas de privacidad, gesti\u00f3n de versiones y gesti\u00f3n de recursos. Esta diferencia es cada vez m\u00e1s evidente con la explosi\u00f3n del uso de los servicios en la nube ofrecidos por los principales actores como Google, Microsoft, Amazon, Alibaba por nombrar algunos.<\/p>\n<p><strong>\u00bfTiene l\u00edmites el SaaS &#8220;cl\u00e1sico&#8221;?<\/strong><br \/>\nHasta hace poco, utilizar un servicio SaaS no nos hac\u00eda plantearnos demasiadas preguntas: recibimos el servicio, y c\u00f3mo se gestiona en sentido ascendente no es exactamente nuestro problema. Hemos definido un Acuerdo de Nivel de Servicio (SLA) claro y esto nos basta para medir la calidad de nuestro servicio. Y aqu\u00ed viene el primer alimento para la reflexi\u00f3n: la innovaci\u00f3n hacia los servicios en la nube, la gesti\u00f3n de ecosistemas de negocio TI con microservicios en contenedores, y la facilidad con la que se gestionan estos contenedores (concertados) con soluciones como Kubernetes han hecho entender a todo el mundo los grandes l\u00edmites del enfoque &#8220;cl\u00e1sico&#8221; SaaS &#8220;multi-tenant&#8221; con servicios y bases de datos compartidos. Un poco como la diferencia entre vivir en un enorme condominio y en una villa aislada por un hermoso parque&#8230; con la posibilidad de construir una piscina, si se quiere.<\/p>\n<p><strong>\u00bfPor qu\u00e9 es importante la diferencia entre inquilino \u00fanico y multiinquilino?<\/strong><br \/>\nPorque vivir en un chalet rodeado de un parque con una bonita piscina es mejor que vivir en un rascacielos con otras 1.000 personas compartiendo un \u00fanico ascensor. Bromas aparte, el cl\u00e1sico &#8220;SaaS&#8221; tiene ventajas dadas por una arquitectura multi-tenant. Una soluci\u00f3n multi-tenant comparte recursos comunes, incluyendo potencialmente una base de datos backend para proporcionar una separaci\u00f3n l\u00f3gica de datos y permisos para aislar informaci\u00f3n, configuraciones y tiempo de ejecuci\u00f3n de otros grupos l\u00f3gicos de usuarios. Si &#8220;multi-tenant&#8221; se basa en Cloud-Native, entonces proporciona un m\u00e9todo para escalar eficientemente la soluci\u00f3n y, si se implementa correctamente, previene el sangrado inapropiado de datos de un tenant a otro mientras se consumen recursos compartidos.<\/p>\n<p>Por el contrario, una soluci\u00f3n de inquilino \u00fanico es el despliegue de una aplicaci\u00f3n que no comparte recursos de backend o de base de datos con otra entidad operativa. Es decir, el tiempo de ejecuci\u00f3n y los datos est\u00e1n dedicados a una \u00fanica empresa, departamento u organizaci\u00f3n, y se utiliza un modelo de acceso basado en roles para controlar los permisos y aislar los conjuntos de datos. La separaci\u00f3n de datos y recursos es f\u00edsica, no l\u00f3gica como en el caso de los multi-tenant.<\/p>\n<p>Las tecnolog\u00edas tradicionales in situ suelen considerarse soluciones de inquilino \u00fanico, mientras que las soluciones basadas en la nube suelen considerarse soluciones de inquilino m\u00faltiple. Esto era cierto hasta hace poco, pero como suele ocurrir, los tiempos cambian r\u00e1pidamente, especialmente en el espacio tecnol\u00f3gico, por lo que han surgido nuevas soluciones que toman lo mejor de ambos mundos: &#8220;Cloud-Native Single Tenant&#8221;. Estas soluciones ofrecen una ventaja competitiva nada desde\u00f1able hoy en d\u00eda y pueden crear una gran ventaja competitiva para tu negocio. Ya expliqu\u00e9 qu\u00e9 es Single Tenant, pero no me he detenido en Cloud-Native. Cloud-Native es un tipo de arquitectura que permite aprovechar al m\u00e1ximo el Cloud Computing.<\/p>\n<p><strong>\u00bfQu\u00e9 es Cloud Computing?<\/strong><br \/>\nEl Cloud Computing, o &#8220;un modelo para permitir el acceso ubicuo, rentable y bajo demanda a un conjunto compartido de recursos inform\u00e1ticos configurables que pueden ser r\u00e1pidamente aprovisionados y liberados con un m\u00ednimo esfuerzo de gesti\u00f3n o interacci\u00f3n del proveedor de servicios&#8221;, es la base de conocidos productos SaaS como Salesforce, Google Apps, Slack y Zoho. Todos estos ejemplos encajan en el modelo de un servicio alojado centralmente y adquirido mediante suscripci\u00f3n (SaaS). Significa que los proveedores de SaaS gestionan, supervisan y mantienen la mayor parte de la pila tecnol\u00f3gica necesaria para que el software funcione. El licenciante simplemente consume el servicio en lugar de gestionar la infraestructura y el despliegue dentro de un servicio de infraestructura en la nube.<\/p>\n<p>La combinaci\u00f3n de Cloud-Native e inquilino \u00fanico nos permite conseguir todas las ventajas de ambos mundos: on-prem y saas. En concreto: seguridad, privacidad de los datos, recuperaci\u00f3n ante desastres, pol\u00edticas de copia de seguridad y mucho m\u00e1s.<\/p>\n<p><strong>\u00bfEs la seguridad algo en lo que no haces concesiones?<\/strong><br \/>\nCon cualquier soluci\u00f3n multiusuario, siempre existe el riesgo de que se produzca una fuga de datos a otra organizaci\u00f3n o de que una vulnerabilidad que afecte a una organizaci\u00f3n se utilice para exponer los datos de otra. Esto puede ser cierto incluso con una simple configuraci\u00f3n err\u00f3nea del back-end o un complemento de terceros inseguro que ponga en riesgo la seguridad del modelo multi-tenant. En esencia, esto est\u00e1 fuera de tu control. Recuerda una vez m\u00e1s que los datos no est\u00e1n separados f\u00edsicamente.<\/p>\n<p>Por el contrario, tu inquilino \u00fanico nativo en la nube es completamente tuyo. Puedes gestionar la seguridad seg\u00fan tus propias pol\u00edticas y personalizarla. Aunque se trate de una soluci\u00f3n basada en SaaS, sigues teniendo el control sobre la gesti\u00f3n y el mantenimiento de los parches al igual que las versiones completas, aunque el proveedor automatizar\u00e1 completamente su instalaci\u00f3n. Dado que la soluci\u00f3n es de inquilino \u00fanico, los datos est\u00e1n f\u00edsicamente segregados en su entorno privado. El riesgo de fuga de datos es mucho menor.<\/p>\n<p><strong>\u00bfEs la protecci\u00f3n de datos un tema importante para tu empresa?<\/strong><br \/>\nCualquier soluci\u00f3n multiusuario no te permite imponer pol\u00edticas personalizadas a tus datos y procesos. \u00bfEst\u00e1s dispuesto a que te impongan pol\u00edticas GDPR o quieres que se apliquen tus recomendaciones? \u00bfEst\u00e1s de acuerdo t\u00e1citamente en que no se apliquen tus pol\u00edticas de recuperaci\u00f3n ante desastres y continuidad de negocio? Si se trata de temas delicados para tu organizaci\u00f3n, deber\u00edas pensar y considerar las alternativas.<\/p>\n<p>En un entorno Cloud-Native Single Tenant, ser\u00e1s t\u00fa quien gestione las pol\u00edticas independientemente de los dem\u00e1s. Es entonces cuando el GDPR se gestionar\u00e1 seg\u00fan el Acuerdo de Privacidad de Datos que hayas acordado con tus clientes, as\u00ed como el resto de pol\u00edticas de seguridad. Una gran ventaja.<\/p>\n<p><strong>\u00bfEs importante mantener el control en tu ecosistema?<\/strong><br \/>\nUn proveedor de SaaS multiinquilino controla cu\u00e1ndo se actualiza y se revisa tu versi\u00f3n. Proporcionar\u00e1n una ventana de mantenimiento para la actualizaci\u00f3n, y te ver\u00e1s obligado a aceptar los cambios aunque no sea en un plazo deseable para tu negocio. Si la actualizaci\u00f3n introduce un cambio no deseado (errores o incompatibilidades), no hay forma de deshacer los cambios, ya que varias organizaciones comparten los mismos recursos compartidos multi-inquilino.<\/p>\n<p>En un entorno &#8220;Cloud-Native Single Tenant&#8221; tendr\u00e1s la \u00faltima palabra en la gesti\u00f3n de las versiones. Podr\u00e1s pedir que se retrasen las tuyas con respecto a las de otros clientes, as\u00ed como<\/p>\n<p><strong>\u00bfQu\u00e9 es un sistema de inquilino \u00fanico nativo en la nube?<\/strong><br \/>\nComo he mencionado antes, imagina tener todos los beneficios de on-prem en una soluci\u00f3n Cloud que puedas escalar tanto vertical como horizontalmente con unos pocos clics en tu consola Cloud, Microsoft Azure, Amazon AWS, Google Cloud, o cualquier otra. Imagina poder combinar las ventajas de Cloud-Native a tu favor. A favor de tu agilidad<\/p>\n<p>Imagina poder aprovechar una soluci\u00f3n desarrollada, dise\u00f1ada y desplegada como aplicaciones nativas de la nube compuestas por varios servicios independientes. La independencia de cada servicio introduce la capacidad de mantener y escalar, de forma aislada, horizontalmente en lugar de verticalmente. Cada uno de los servicios debe estar automatizado para la integraci\u00f3n y el despliegue continuo a trav\u00e9s de DevOps \u00e1gil dentro de una infraestructura de nube y pruebas exhaustivas en el lugar para asegurar que no haya interrupci\u00f3n del servicio para los ciclos de despliegue r\u00e1pido.<\/p>\n<p>Bueno, no hay necesidad de imaginar porque esta visi\u00f3n ya existe. Todos nuestros clientes de sandsiv+ ya se benefician de una soluci\u00f3n &#8220;Cloud-Native Single Tenant&#8221; capaz de responder a sus necesidades espec\u00edficas de forma r\u00e1pida y segura, pasando por un ahorro de costes y un r\u00e1pido retorno de la inversi\u00f3n. Todo ello garantizando la m\u00e1xima agilidad y la posibilidad de liberar la soluci\u00f3n en el Cloud elegido por el cliente (incluso privado en algunos casos) y en el nodo geogr\u00e1fico de su elecci\u00f3n.<\/p>\n<p>\u00bfEst\u00e1s interesado en una soluci\u00f3n de Voz del Cliente que demuestre ser un producto elegido por clientes empresariales multinacionales con operaciones en todo el mundo? Entonces contacta a SANDSIV y obt\u00e9n un nivel de seguridad y privacidad de datos no disponible en la antigua arquitectura multi-tenant.<\/p>\n                    <\/div>\r\n                            <\/div>\r\n        <\/div>\r\n    <\/div>\r\n<\/div>\n\n\n<p><\/p>\n\n\n\r\n<div id=\"blog_post_content-block_f82529e126db8694cac5b825d8d4a76f\" class=\"blog_post_content scroll-fade\">\r\n    <div class=\"module \">\r\n\r\n                    <div class=\"container\">\r\n                                \r\n            <div class=\"blog_post_content_inner\"> \r\n                                    <div class=\"heading_section\">\r\n                        <div class=\"heading_text h1\">\r\n                            No todos los SaaS nacen igual                        <\/div>\r\n                    <\/div>\r\n                                                    <div class=\"content_section\">\r\n                        <h5>Autor:<br \/>\nFederico Cesconi<\/h5>\n<p><span style=\"color: #bf2025;\"><a style=\"color: #bf2025;\" href=\"https:\/\/www.linkedin.com\/pulse\/all-saas-born-equal-cloud-native-single-tenant-federico-cesconi\/?utm_source=website&amp;utm_medium=blog&amp;utm_campaign=23_dec_2021\">Lee el art\u00edculo en LinkedIn<\/a><\/span><\/p>\n                    <\/div>\r\n                            <\/div>\r\n        <\/div>\r\n    <\/div>\r\n<\/div>\n\n\r\n<div id=\"frames_section-block_6559338a9edb52f63f49246406f6b59e\" class=\"frames_section scroll-fade\">\r\n    <div class=\"module mt_0  mb_0\">  \r\n        <div class=\"bg_clr_section bg_clr_red\">               \r\n            <div class=\"container\">\r\n                <div class=\"frames_section_inner\"> \r\n                                            <div class=\"heading\">\r\n                            Empieza a crecer con sandsiv+ hoy mismo                        <\/div>\r\n                                                                                    <div class=\"button_section\">\r\n                            <a class=\"btn btn--white \" href=\"https:\/\/sandsiv.wpengine.com\/es\/quiero-ver-una-demo\/\" >\r\n                                Quiero ver una demo                            <\/a>\r\n                        <\/div>\r\n                                    <\/div>\r\n            <\/div>\r\n        <\/div>\r\n    <\/div>\r\n<\/div>","protected":false},"excerpt":{"rendered":"","protected":false},"author":5,"featured_media":0,"parent":8261,"menu_order":0,"comment_status":"closed","ping_status":"closed","template":"","meta":{"content-type":"","footnotes":""},"class_list":["post-7667","page","type-page","status-publish","hentry"],"acf":[],"yoast_head":"<!-- This site is optimized with the Yoast SEO Premium plugin v26.9 (Yoast SEO v27.4) - https:\/\/yoast.com\/product\/yoast-seo-premium-wordpress\/ -->\n<title>No todos los SaaS nacen igual - sandsiv+<\/title>\n<meta name=\"description\" content=\"No todos los SaaS nacen igual: es posible utilizar sandsiv+ no solo en el Cloud preferido sino tambi\u00e9n en el nodo geogr\u00e1fico de su elecci\u00f3n.\" \/>\n<meta name=\"robots\" content=\"index, follow, max-snippet:-1, max-image-preview:large, max-video-preview:-1\" \/>\n<link rel=\"canonical\" href=\"https:\/\/sandsiv.com\/es\/nuestro-blog\/no-todos-los-saas-nacen-igual\/\" \/>\n<meta property=\"og:locale\" content=\"es_ES\" \/>\n<meta property=\"og:type\" content=\"article\" \/>\n<meta property=\"og:title\" content=\"No todos los SaaS nacen igual\" \/>\n<meta property=\"og:description\" content=\"No todos los SaaS nacen igual: es posible utilizar sandsiv+ no solo en el Cloud preferido sino tambi\u00e9n en el nodo geogr\u00e1fico de su elecci\u00f3n.\" \/>\n<meta property=\"og:url\" content=\"https:\/\/sandsiv.com\/es\/nuestro-blog\/no-todos-los-saas-nacen-igual\/\" \/>\n<meta property=\"og:site_name\" content=\"sandsiv+\" \/>\n<meta property=\"article:modified_time\" content=\"2023-07-19T11:07:41+00:00\" \/>\n<meta name=\"twitter:card\" content=\"summary_large_image\" \/>\n<script type=\"application\/ld+json\" class=\"yoast-schema-graph\">{\"@context\":\"https:\\\/\\\/schema.org\",\"@graph\":[{\"@type\":\"WebPage\",\"@id\":\"https:\\\/\\\/sandsiv.com\\\/es\\\/nuestro-blog\\\/no-todos-los-saas-nacen-igual\\\/\",\"url\":\"https:\\\/\\\/sandsiv.com\\\/es\\\/nuestro-blog\\\/no-todos-los-saas-nacen-igual\\\/\",\"name\":\"No todos los SaaS nacen igual - sandsiv+\",\"isPartOf\":{\"@id\":\"https:\\\/\\\/sandsiv.com\\\/#website\"},\"datePublished\":\"2022-01-10T15:01:36+00:00\",\"dateModified\":\"2023-07-19T11:07:41+00:00\",\"description\":\"No todos los SaaS nacen igual: es posible utilizar sandsiv+ no solo en el Cloud preferido sino tambi\u00e9n en el nodo geogr\u00e1fico de su elecci\u00f3n.\",\"breadcrumb\":{\"@id\":\"https:\\\/\\\/sandsiv.com\\\/es\\\/nuestro-blog\\\/no-todos-los-saas-nacen-igual\\\/#breadcrumb\"},\"inLanguage\":\"es\",\"potentialAction\":[{\"@type\":\"ReadAction\",\"target\":[\"https:\\\/\\\/sandsiv.com\\\/es\\\/nuestro-blog\\\/no-todos-los-saas-nacen-igual\\\/\"]}]},{\"@type\":\"BreadcrumbList\",\"@id\":\"https:\\\/\\\/sandsiv.com\\\/es\\\/nuestro-blog\\\/no-todos-los-saas-nacen-igual\\\/#breadcrumb\",\"itemListElement\":[{\"@type\":\"ListItem\",\"position\":1,\"name\":\"Home\",\"item\":\"https:\\\/\\\/sandsiv.com\\\/es\\\/\"},{\"@type\":\"ListItem\",\"position\":2,\"name\":\"Nuestro Blog\",\"item\":\"https:\\\/\\\/sandsiv.com\\\/es\\\/nuestro-blog\\\/\"},{\"@type\":\"ListItem\",\"position\":3,\"name\":\"No todos los SaaS nacen igual\"}]},{\"@type\":\"WebSite\",\"@id\":\"https:\\\/\\\/sandsiv.com\\\/#website\",\"url\":\"https:\\\/\\\/sandsiv.com\\\/\",\"name\":\"sandsiv+\",\"description\":\"Customer Intelligence Made In Switzerland\",\"publisher\":{\"@id\":\"https:\\\/\\\/sandsiv.com\\\/#organization\"},\"potentialAction\":[{\"@type\":\"SearchAction\",\"target\":{\"@type\":\"EntryPoint\",\"urlTemplate\":\"https:\\\/\\\/sandsiv.com\\\/?s={search_term_string}\"},\"query-input\":{\"@type\":\"PropertyValueSpecification\",\"valueRequired\":true,\"valueName\":\"search_term_string\"}}],\"inLanguage\":\"es\"},{\"@type\":\"Organization\",\"@id\":\"https:\\\/\\\/sandsiv.com\\\/#organization\",\"name\":\"sandsiv+\",\"url\":\"https:\\\/\\\/sandsiv.com\\\/\",\"logo\":{\"@type\":\"ImageObject\",\"inLanguage\":\"es\",\"@id\":\"https:\\\/\\\/sandsiv.com\\\/#\\\/schema\\\/logo\\\/image\\\/\",\"url\":\"https:\\\/\\\/sandsiv.com\\\/wp-content\\\/uploads\\\/2021\\\/08\\\/logo-light-normal.svg\",\"contentUrl\":\"https:\\\/\\\/sandsiv.com\\\/wp-content\\\/uploads\\\/2021\\\/08\\\/logo-light-normal.svg\",\"width\":376,\"height\":67,\"caption\":\"sandsiv+\"},\"image\":{\"@id\":\"https:\\\/\\\/sandsiv.com\\\/#\\\/schema\\\/logo\\\/image\\\/\"}}]}<\/script>\n<!-- \/ Yoast SEO Premium plugin. -->","yoast_head_json":{"title":"No todos los SaaS nacen igual - sandsiv+","description":"No todos los SaaS nacen igual: es posible utilizar sandsiv+ no solo en el Cloud preferido sino tambi\u00e9n en el nodo geogr\u00e1fico de su elecci\u00f3n.","robots":{"index":"index","follow":"follow","max-snippet":"max-snippet:-1","max-image-preview":"max-image-preview:large","max-video-preview":"max-video-preview:-1"},"canonical":"https:\/\/sandsiv.com\/es\/nuestro-blog\/no-todos-los-saas-nacen-igual\/","og_locale":"es_ES","og_type":"article","og_title":"No todos los SaaS nacen igual","og_description":"No todos los SaaS nacen igual: es posible utilizar sandsiv+ no solo en el Cloud preferido sino tambi\u00e9n en el nodo geogr\u00e1fico de su elecci\u00f3n.","og_url":"https:\/\/sandsiv.com\/es\/nuestro-blog\/no-todos-los-saas-nacen-igual\/","og_site_name":"sandsiv+","article_modified_time":"2023-07-19T11:07:41+00:00","twitter_card":"summary_large_image","schema":{"@context":"https:\/\/schema.org","@graph":[{"@type":"WebPage","@id":"https:\/\/sandsiv.com\/es\/nuestro-blog\/no-todos-los-saas-nacen-igual\/","url":"https:\/\/sandsiv.com\/es\/nuestro-blog\/no-todos-los-saas-nacen-igual\/","name":"No todos los SaaS nacen igual - sandsiv+","isPartOf":{"@id":"https:\/\/sandsiv.com\/#website"},"datePublished":"2022-01-10T15:01:36+00:00","dateModified":"2023-07-19T11:07:41+00:00","description":"No todos los SaaS nacen igual: es posible utilizar sandsiv+ no solo en el Cloud preferido sino tambi\u00e9n en el nodo geogr\u00e1fico de su elecci\u00f3n.","breadcrumb":{"@id":"https:\/\/sandsiv.com\/es\/nuestro-blog\/no-todos-los-saas-nacen-igual\/#breadcrumb"},"inLanguage":"es","potentialAction":[{"@type":"ReadAction","target":["https:\/\/sandsiv.com\/es\/nuestro-blog\/no-todos-los-saas-nacen-igual\/"]}]},{"@type":"BreadcrumbList","@id":"https:\/\/sandsiv.com\/es\/nuestro-blog\/no-todos-los-saas-nacen-igual\/#breadcrumb","itemListElement":[{"@type":"ListItem","position":1,"name":"Home","item":"https:\/\/sandsiv.com\/es\/"},{"@type":"ListItem","position":2,"name":"Nuestro Blog","item":"https:\/\/sandsiv.com\/es\/nuestro-blog\/"},{"@type":"ListItem","position":3,"name":"No todos los SaaS nacen igual"}]},{"@type":"WebSite","@id":"https:\/\/sandsiv.com\/#website","url":"https:\/\/sandsiv.com\/","name":"sandsiv+","description":"Customer Intelligence Made In Switzerland","publisher":{"@id":"https:\/\/sandsiv.com\/#organization"},"potentialAction":[{"@type":"SearchAction","target":{"@type":"EntryPoint","urlTemplate":"https:\/\/sandsiv.com\/?s={search_term_string}"},"query-input":{"@type":"PropertyValueSpecification","valueRequired":true,"valueName":"search_term_string"}}],"inLanguage":"es"},{"@type":"Organization","@id":"https:\/\/sandsiv.com\/#organization","name":"sandsiv+","url":"https:\/\/sandsiv.com\/","logo":{"@type":"ImageObject","inLanguage":"es","@id":"https:\/\/sandsiv.com\/#\/schema\/logo\/image\/","url":"https:\/\/sandsiv.com\/wp-content\/uploads\/2021\/08\/logo-light-normal.svg","contentUrl":"https:\/\/sandsiv.com\/wp-content\/uploads\/2021\/08\/logo-light-normal.svg","width":376,"height":67,"caption":"sandsiv+"},"image":{"@id":"https:\/\/sandsiv.com\/#\/schema\/logo\/image\/"}}]}},"_links":{"self":[{"href":"https:\/\/sandsiv.com\/es\/wp-json\/wp\/v2\/pages\/7667","targetHints":{"allow":["GET"]}}],"collection":[{"href":"https:\/\/sandsiv.com\/es\/wp-json\/wp\/v2\/pages"}],"about":[{"href":"https:\/\/sandsiv.com\/es\/wp-json\/wp\/v2\/types\/page"}],"author":[{"embeddable":true,"href":"https:\/\/sandsiv.com\/es\/wp-json\/wp\/v2\/users\/5"}],"replies":[{"embeddable":true,"href":"https:\/\/sandsiv.com\/es\/wp-json\/wp\/v2\/comments?post=7667"}],"version-history":[{"count":0,"href":"https:\/\/sandsiv.com\/es\/wp-json\/wp\/v2\/pages\/7667\/revisions"}],"up":[{"embeddable":true,"href":"https:\/\/sandsiv.com\/es\/wp-json\/wp\/v2\/pages\/8261"}],"wp:attachment":[{"href":"https:\/\/sandsiv.com\/es\/wp-json\/wp\/v2\/media?parent=7667"}],"curies":[{"name":"wp","href":"https:\/\/api.w.org\/{rel}","templated":true}]}}