
{"id":7633,"date":"2021-08-06T09:43:34","date_gmt":"2021-08-06T09:43:34","guid":{"rendered":"https:\/\/sandsiv.wpengine.com\/customer-success-stories\/"},"modified":"2023-09-05T12:03:38","modified_gmt":"2023-09-05T12:03:38","slug":"casos-de-exito-de-clientes","status":"publish","type":"page","link":"https:\/\/sandsiv.com\/es\/casos-de-exito-de-clientes\/","title":{"rendered":"Casos de \u00e9xito de clientes"},"content":{"rendered":"<div id=\"banner-block_00216e414a733581d12cabf370d46328\"\r\n    class=\"banner scroll-fade\">\r\n    <div\r\n        class=\"module mt_0  mb_0\">\r\n        <div class=\"container\">\r\n            <div class=\"banner__inner\">\r\n                <div class=\"banner__data\">\r\n                                        <h1 class=\"heading\">Campeones de <strong\r\n                            class=\"heading_red\">Experiencia del Cliente<\/strong>                    <\/h1>\r\n                                                            <div class=\"description\">Nuestros clientes abarcan una gran variedad de sectores: financiero, farmac\u00e9utico, aviaci\u00f3n, telecomunicaciones y muchos m\u00e1s. Aqu\u00ed tienes unos casos de \u00e9xito para saber c\u00f3mo se diferencian en el mercado con una experiencia de cliente inigualable.                    <\/div>                                                                                                <\/div>\r\n                <div class=\"banner__media\">\r\n                                        <div class=\"banner__image\">\r\n                        <picture class=\"image\">\r\n                            <source srcset=\"https:\/\/sandsiv.com\/wp-content\/uploads\/2021\/08\/Headers-sandsiv-client-stories.png\">\r\n                            <img decoding=\"async\" src=\"https:\/\/sandsiv.com\/wp-content\/uploads\/2021\/08\/Headers-sandsiv-client-stories.png\"\r\n                                alt=\"Customer Success Stories\" \/>\r\n                        <\/picture>\r\n                    <\/div>\r\n                                                                            <\/div>\r\n            <\/div>\r\n        <\/div>\r\n    <\/div>\r\n<\/div>\n\n<div id=\"card-block_1b6b68cab1817a80a1a62f00c2399653\"\n    class=\"card scroll-fade\">\n    <div\n        class=\"module mt_0  mb_0\">\n        <div class=\"container\">\n            <div class=\"card__inner\">\n                <div class=\"card__header\">\n                                                                                <\/div>\n                                <div\n                    class=\"card__news_list custom_list list_column3\">\n                                        <div class=\"newsItem\">\n                        <div\n                            class=\"newsItem__inner \">\n                                                        <div class=\"contant\">\n                                                                <h2 class=\"title\">Telecom                                <\/h2>                                                                <div class=\"short_description\">\n                                    A1 Telekom Austria Group gestiona un proyecto cx multinacional y multiling\u00fce de la forma m\u00e1s sencilla posible con sandsiv+.                                                                <\/div>\n                                                                                                <h6 class=\"question\">A1 Telekom Austria Group                                <\/h6>                                                                <a\n                                    href=\"https:\/\/sandsiv.com\/es\/casos-de-exito-de-clientes\/caso-a1-telekom\/\"\n                                    class=\"btn\"                                     >Saber m\u00e1s<\/a>                            <\/div>\n                        <\/div>\n                    <\/div>\n                                        <div class=\"newsItem\">\n                        <div\n                            class=\"newsItem__inner \">\n                                                        <div class=\"contant\">\n                                                                <h2 class=\"title\">Servicios Financieros                                <\/h2>                                                                <div class=\"short_description\">\n                                    Transformaci\u00f3n centrada en el cliente y lanzamiento de millones de encuestas para encontrar m\u00e1s formas de satisfacer a los clientes y fidelizarlos a la marca.                                                                <\/div>\n                                                                                                <h6 class=\"question\">Empresa PayTech                                 <\/h6>                                                                <a\n                                    href=\"https:\/\/sandsiv.com\/es\/casos-de-exito-de-clientes\/empresa-paytech\/\"\n                                    class=\"btn\"                                     >Saber m\u00e1s<\/a>                            <\/div>\n                        <\/div>\n                    <\/div>\n                                        <div class=\"newsItem\">\n                        <div\n                            class=\"newsItem__inner \">\n                                                        <div class=\"contant\">\n                                                                <h2 class=\"title\">Telecom                                <\/h2>                                                                <div class=\"short_description\">\n                                    C\u00f3mo Fastweb ofreci\u00f3 la mejor experiencia al cliente y logr\u00f3 un NPS positivo, que es de media un +15% superior al de sus competidores.                                                                <\/div>\n                                                                                                <h6 class=\"question\">Fastweb                                <\/h6>                                                                <a\n                                    href=\"https:\/\/sandsiv.com\/es\/casos-de-exito-de-clientes\/empresa-fastweb\/\"\n                                    class=\"btn\"                                     >Saber m\u00e1s<\/a>                            <\/div>\n                        <\/div>\n                    <\/div>\n                                        <div class=\"newsItem\">\n                        <div\n                            class=\"newsItem__inner \">\n                                                        <div class=\"contant\">\n                                                                <h2 class=\"title\">Servicios Financieros                                <\/h2>                                                                <div class=\"short_description\">\n                                    Creaci\u00f3n de resultados NPS revolucionarios. sandsiv+ prepara a una empresa de seguros global para el \u00e9xito a largo plazo de su proyecto de CX.                                                                <\/div>\n                                                                                                <h6 class=\"question\">Compa\u00f1\u00eda de seguros mundial                                <\/h6>                                                                <a\n                                    href=\"https:\/\/sandsiv.com\/es\/casos-de-exito-de-clientes\/entidad-aseguradora-mundial\/\"\n                                    class=\"btn\"                                     >Saber m\u00e1s<\/a>                            <\/div>\n                        <\/div>\n                    <\/div>\n                                        <div class=\"newsItem\">\n                        <div\n                            class=\"newsItem__inner \">\n                                                        <div class=\"contant\">\n                                                                <h2 class=\"title\">Sector Salud                                <\/h2>                                                                <div class=\"short_description\">\n                                    Una empresa farmac\u00e9utica internacional obtuvo una tasa de respuesta del 25% en su primera campa\u00f1a de VoC con sandsiv+.                                                                <\/div>\n                                                                                                <h6 class=\"question\">Roche                                <\/h6>                                                                <a\n                                    href=\"https:\/\/sandsiv.com\/es\/casos-de-exito-de-clientes\/sector-salud-roche\/\"\n                                    class=\"btn\"                                     >Saber m\u00e1s<\/a>                            <\/div>\n                        <\/div>\n                    <\/div>\n                                        <div class=\"newsItem\">\n                        <div\n                            class=\"newsItem__inner \">\n                                                        <div class=\"contant\">\n                                                                <h2 class=\"title\">Servicios Financieros                                <\/h2>                                                                <div class=\"short_description\">\n                                    Implantar una s\u00f3lida plataforma VOC como eje central del nuevo enfoque de la Experiencia del Cliente.                                                                <\/div>\n                                                                                                <h6 class=\"question\">Banco suizo                                <\/h6>                                                                <a\n                                    href=\"https:\/\/sandsiv.com\/es\/casos-de-exito-de-clientes\/banco-suizo\/\"\n                                    class=\"btn\"                                     >Saber m\u00e1s<\/a>                            <\/div>\n                        <\/div>\n                    <\/div>\n                                    <\/div>\n                                                \n            <\/div>\n        <\/div>\n    <\/div>\n<\/div>\n\n\r\n<div id=\"frames_section-block_9b3342bc61731f1242f37e81777368e5\" class=\"frames_section scroll-fade\">\r\n    <div class=\"module mt_0  mb_0\">  \r\n        <div class=\"bg_clr_section bg_clr_red\">               \r\n            <div class=\"container\">\r\n                <div class=\"frames_section_inner\"> \r\n                                            <div class=\"heading\">\r\n                            Empieza a crecer con sandsiv+ hoy mismo                        <\/div>\r\n                                                                                    <div class=\"button_section\">\r\n                            <a class=\"btn btn--white \" href=\"https:\/\/sandsiv.com\/es\/quiero-ver-una-demo\/\" >\r\n                                Quiero ver una demo                            <\/a>\r\n                        <\/div>\r\n                                    <\/div>\r\n            <\/div>\r\n        <\/div>\r\n    <\/div>\r\n<\/div>","protected":false},"excerpt":{"rendered":"","protected":false},"author":5,"featured_media":0,"parent":0,"menu_order":0,"comment_status":"closed","ping_status":"closed","template":"","meta":{"content-type":"","footnotes":""},"class_list":["post-7633","page","type-page","status-publish","hentry"],"acf":[],"yoast_head":"<!-- This site is optimized with the Yoast SEO Premium plugin v26.9 (Yoast SEO v27.3) - https:\/\/yoast.com\/product\/yoast-seo-premium-wordpress\/ -->\n<title>Casos de \u00e9xito de clientes - sandsiv+<\/title>\n<meta name=\"description\" content=\"Nuestros clientes abarcan muchos sectores. Aqu\u00ed tienes unos casos de \u00e9xito para saber c\u00f3mo se diferencian en el mercado.\" \/>\n<meta name=\"robots\" content=\"index, follow, max-snippet:-1, max-image-preview:large, max-video-preview:-1\" \/>\n<link rel=\"canonical\" href=\"https:\/\/sandsiv.com\/es\/casos-de-exito-de-clientes\/\" \/>\n<meta property=\"og:locale\" content=\"es_ES\" \/>\n<meta property=\"og:type\" content=\"article\" \/>\n<meta property=\"og:title\" content=\"Casos de \u00e9xito de clientes\" \/>\n<meta property=\"og:description\" content=\"Nuestros clientes abarcan muchos sectores. Aqu\u00ed tienes unos casos de \u00e9xito para saber c\u00f3mo se diferencian en el mercado.\" \/>\n<meta property=\"og:url\" content=\"https:\/\/sandsiv.com\/es\/casos-de-exito-de-clientes\/\" \/>\n<meta property=\"og:site_name\" content=\"sandsiv+\" \/>\n<meta property=\"article:modified_time\" content=\"2023-09-05T12:03:38+00:00\" \/>\n<meta name=\"twitter:card\" content=\"summary_large_image\" \/>\n<script type=\"application\/ld+json\" class=\"yoast-schema-graph\">{\"@context\":\"https:\\\/\\\/schema.org\",\"@graph\":[{\"@type\":\"WebPage\",\"@id\":\"https:\\\/\\\/sandsiv.com\\\/es\\\/casos-de-exito-de-clientes\\\/\",\"url\":\"https:\\\/\\\/sandsiv.com\\\/es\\\/casos-de-exito-de-clientes\\\/\",\"name\":\"Casos de \u00e9xito de clientes - sandsiv+\",\"isPartOf\":{\"@id\":\"https:\\\/\\\/sandsiv.com\\\/#website\"},\"datePublished\":\"2021-08-06T09:43:34+00:00\",\"dateModified\":\"2023-09-05T12:03:38+00:00\",\"description\":\"Nuestros clientes abarcan muchos sectores. Aqu\u00ed tienes unos casos de \u00e9xito para saber c\u00f3mo se diferencian en el mercado.\",\"breadcrumb\":{\"@id\":\"https:\\\/\\\/sandsiv.com\\\/es\\\/casos-de-exito-de-clientes\\\/#breadcrumb\"},\"inLanguage\":\"es\",\"potentialAction\":[{\"@type\":\"ReadAction\",\"target\":[\"https:\\\/\\\/sandsiv.com\\\/es\\\/casos-de-exito-de-clientes\\\/\"]}]},{\"@type\":\"BreadcrumbList\",\"@id\":\"https:\\\/\\\/sandsiv.com\\\/es\\\/casos-de-exito-de-clientes\\\/#breadcrumb\",\"itemListElement\":[{\"@type\":\"ListItem\",\"position\":1,\"name\":\"Home\",\"item\":\"https:\\\/\\\/sandsiv.com\\\/es\\\/\"},{\"@type\":\"ListItem\",\"position\":2,\"name\":\"Casos de \u00e9xito de clientes\"}]},{\"@type\":\"WebSite\",\"@id\":\"https:\\\/\\\/sandsiv.com\\\/#website\",\"url\":\"https:\\\/\\\/sandsiv.com\\\/\",\"name\":\"sandsiv+\",\"description\":\"Customer Intelligence Made In Switzerland\",\"publisher\":{\"@id\":\"https:\\\/\\\/sandsiv.com\\\/#organization\"},\"potentialAction\":[{\"@type\":\"SearchAction\",\"target\":{\"@type\":\"EntryPoint\",\"urlTemplate\":\"https:\\\/\\\/sandsiv.com\\\/?s={search_term_string}\"},\"query-input\":{\"@type\":\"PropertyValueSpecification\",\"valueRequired\":true,\"valueName\":\"search_term_string\"}}],\"inLanguage\":\"es\"},{\"@type\":\"Organization\",\"@id\":\"https:\\\/\\\/sandsiv.com\\\/#organization\",\"name\":\"sandsiv+\",\"url\":\"https:\\\/\\\/sandsiv.com\\\/\",\"logo\":{\"@type\":\"ImageObject\",\"inLanguage\":\"es\",\"@id\":\"https:\\\/\\\/sandsiv.com\\\/#\\\/schema\\\/logo\\\/image\\\/\",\"url\":\"https:\\\/\\\/sandsiv.com\\\/wp-content\\\/uploads\\\/2021\\\/08\\\/logo-light-normal.svg\",\"contentUrl\":\"https:\\\/\\\/sandsiv.com\\\/wp-content\\\/uploads\\\/2021\\\/08\\\/logo-light-normal.svg\",\"width\":376,\"height\":67,\"caption\":\"sandsiv+\"},\"image\":{\"@id\":\"https:\\\/\\\/sandsiv.com\\\/#\\\/schema\\\/logo\\\/image\\\/\"}}]}<\/script>\n<!-- \/ Yoast SEO Premium plugin. -->","yoast_head_json":{"title":"Casos de \u00e9xito de clientes - sandsiv+","description":"Nuestros clientes abarcan muchos sectores. Aqu\u00ed tienes unos casos de \u00e9xito para saber c\u00f3mo se diferencian en el mercado.","robots":{"index":"index","follow":"follow","max-snippet":"max-snippet:-1","max-image-preview":"max-image-preview:large","max-video-preview":"max-video-preview:-1"},"canonical":"https:\/\/sandsiv.com\/es\/casos-de-exito-de-clientes\/","og_locale":"es_ES","og_type":"article","og_title":"Casos de \u00e9xito de clientes","og_description":"Nuestros clientes abarcan muchos sectores. Aqu\u00ed tienes unos casos de \u00e9xito para saber c\u00f3mo se diferencian en el mercado.","og_url":"https:\/\/sandsiv.com\/es\/casos-de-exito-de-clientes\/","og_site_name":"sandsiv+","article_modified_time":"2023-09-05T12:03:38+00:00","twitter_card":"summary_large_image","schema":{"@context":"https:\/\/schema.org","@graph":[{"@type":"WebPage","@id":"https:\/\/sandsiv.com\/es\/casos-de-exito-de-clientes\/","url":"https:\/\/sandsiv.com\/es\/casos-de-exito-de-clientes\/","name":"Casos de \u00e9xito de clientes - sandsiv+","isPartOf":{"@id":"https:\/\/sandsiv.com\/#website"},"datePublished":"2021-08-06T09:43:34+00:00","dateModified":"2023-09-05T12:03:38+00:00","description":"Nuestros clientes abarcan muchos sectores. Aqu\u00ed tienes unos casos de \u00e9xito para saber c\u00f3mo se diferencian en el mercado.","breadcrumb":{"@id":"https:\/\/sandsiv.com\/es\/casos-de-exito-de-clientes\/#breadcrumb"},"inLanguage":"es","potentialAction":[{"@type":"ReadAction","target":["https:\/\/sandsiv.com\/es\/casos-de-exito-de-clientes\/"]}]},{"@type":"BreadcrumbList","@id":"https:\/\/sandsiv.com\/es\/casos-de-exito-de-clientes\/#breadcrumb","itemListElement":[{"@type":"ListItem","position":1,"name":"Home","item":"https:\/\/sandsiv.com\/es\/"},{"@type":"ListItem","position":2,"name":"Casos de \u00e9xito de clientes"}]},{"@type":"WebSite","@id":"https:\/\/sandsiv.com\/#website","url":"https:\/\/sandsiv.com\/","name":"sandsiv+","description":"Customer Intelligence Made In Switzerland","publisher":{"@id":"https:\/\/sandsiv.com\/#organization"},"potentialAction":[{"@type":"SearchAction","target":{"@type":"EntryPoint","urlTemplate":"https:\/\/sandsiv.com\/?s={search_term_string}"},"query-input":{"@type":"PropertyValueSpecification","valueRequired":true,"valueName":"search_term_string"}}],"inLanguage":"es"},{"@type":"Organization","@id":"https:\/\/sandsiv.com\/#organization","name":"sandsiv+","url":"https:\/\/sandsiv.com\/","logo":{"@type":"ImageObject","inLanguage":"es","@id":"https:\/\/sandsiv.com\/#\/schema\/logo\/image\/","url":"https:\/\/sandsiv.com\/wp-content\/uploads\/2021\/08\/logo-light-normal.svg","contentUrl":"https:\/\/sandsiv.com\/wp-content\/uploads\/2021\/08\/logo-light-normal.svg","width":376,"height":67,"caption":"sandsiv+"},"image":{"@id":"https:\/\/sandsiv.com\/#\/schema\/logo\/image\/"}}]}},"_links":{"self":[{"href":"https:\/\/sandsiv.com\/es\/wp-json\/wp\/v2\/pages\/7633","targetHints":{"allow":["GET"]}}],"collection":[{"href":"https:\/\/sandsiv.com\/es\/wp-json\/wp\/v2\/pages"}],"about":[{"href":"https:\/\/sandsiv.com\/es\/wp-json\/wp\/v2\/types\/page"}],"author":[{"embeddable":true,"href":"https:\/\/sandsiv.com\/es\/wp-json\/wp\/v2\/users\/5"}],"replies":[{"embeddable":true,"href":"https:\/\/sandsiv.com\/es\/wp-json\/wp\/v2\/comments?post=7633"}],"version-history":[{"count":0,"href":"https:\/\/sandsiv.com\/es\/wp-json\/wp\/v2\/pages\/7633\/revisions"}],"wp:attachment":[{"href":"https:\/\/sandsiv.com\/es\/wp-json\/wp\/v2\/media?parent=7633"}],"curies":[{"name":"wp","href":"https:\/\/api.w.org\/{rel}","templated":true}]}}