
{"id":7631,"date":"2021-08-12T15:29:38","date_gmt":"2021-08-12T15:29:38","guid":{"rendered":"https:\/\/sandsiv.wpengine.com\/consumer-finance-bank\/"},"modified":"2023-09-06T15:04:46","modified_gmt":"2023-09-06T15:04:46","slug":"banco-suizo","status":"publish","type":"page","link":"https:\/\/sandsiv.com\/es\/casos-de-exito-de-clientes\/banco-suizo\/","title":{"rendered":"Banco suizo"},"content":{"rendered":"<div id=\"banner-block_03d7888504a5c0808b6ba15cb4f2fcdc\"\r\n    class=\"banner scroll-fade\">\r\n    <div\r\n        class=\"module mt_0  mb_0\">\r\n        <div class=\"container\">\r\n            <div class=\"banner__inner\">\r\n                <div class=\"banner__data\">\r\n                                        <h1 class=\"heading\">Servicios financieros<strong\r\n                            class=\"heading_red\">Banco suizo consumer finance<\/strong>                    <\/h1>\r\n                                                            <div class=\"description\">Implantar una s\u00f3lida plataforma VOC como eje central de su nuevo enfoque de experiencia de cliente.                    <\/div>                                                            <div class=\"banner__button\">\r\n                        <a href=\"https:\/\/sandsiv.com\/es\/quiero-ver-una-demo\/\"\r\n                            class=\"btn\" _self                            >Quiero ver una demo<\/a>\r\n                    <\/div>\r\n                                                                            <\/div>\r\n                <div class=\"banner__media\">\r\n                                        <div class=\"banner__image\">\r\n                        <picture class=\"image\">\r\n                            <source srcset=\"\">\r\n                            <img decoding=\"async\" src=\"\"\r\n                                alt=\"\" \/>\r\n                        <\/picture>\r\n                    <\/div>\r\n                                                                            <\/div>\r\n            <\/div>\r\n        <\/div>\r\n    <\/div>\r\n<\/div>\n\n\r\n<div id=\"blog_post_content-block_0585299130be17defa42b0c271bb1f71\" class=\"blog_post_content scroll-fade\">\r\n    <div class=\"module \">\r\n\r\n                    <div class=\"container\">\r\n                                \r\n            <div class=\"blog_post_content_inner\"> \r\n                                    <div class=\"heading_section\">\r\n                        <div class=\"heading_text h1\">\r\n                            Contexto                        <\/div>\r\n                    <\/div>\r\n                                                    <div class=\"content_section\">\r\n                        <p>Nuestro cliente es un banco suizo l\u00edder de productos y servicios de financiaci\u00f3n al consumo. Los empleados de 40 pa\u00edses ofrecen pr\u00e9stamos personales, pr\u00e9stamos y leasing para autom\u00f3viles y servicios de seguros junto con tarjetas de cr\u00e9dito y productos de dep\u00f3sito y ahorro al mill\u00f3n de clientes de la empresa.<\/p>\n<p>El banco opera en toda Suiza a trav\u00e9s de una red de sucursales y tiene una s\u00f3lida presencia online. Entre sus socios figuran empresas de tarjetas de cr\u00e9dito y minoristas e intermediarios independientes.<\/p>\n<p><strong>El objetivo<\/strong><br \/>\nLograr un conocimiento profundo y matizado de las preferencias de los clientes y de las tendencias de consumo relevantes.<\/p>\n<p><strong>El reto<\/strong><br \/>\nImplementar una s\u00f3lida plataforma de VOC con la flexibilidad necesaria para captar y medir el feedback de los clientes desde diversos puntos de contacto, la capacidad de crear encuestas complejas y din\u00e1micas, y la sensibilidad contextual necesaria para ofrecer informaci\u00f3n pr\u00e1ctica en una organizaci\u00f3n compleja cuyos requisitos empresariales cambian constantemente.<\/p>\n                    <\/div>\r\n                            <\/div>\r\n        <\/div>\r\n    <\/div>\r\n<\/div>\n\n\r\n<div id=\"blog_post_content-block_ea588346f0d233e7ee575c4d97bcc131\" class=\"blog_post_content scroll-fade\">\r\n    <div class=\"module \">\r\n\r\n                    <div class=\"container\">\r\n                                \r\n            <div class=\"blog_post_content_inner\"> \r\n                                    <div class=\"heading_section\">\r\n                        <div class=\"heading_text h1\">\r\n                            Nuestro planteamiento                        <\/div>\r\n                    <\/div>\r\n                                                    <div class=\"content_section\">\r\n                        <p>Nuestra soluci\u00f3n preservaba la continuidad de las operaciones empresariales al tiempo que ofrec\u00eda su nueva plataforma VOC en un plazo de dos semanas a partir de su aprobaci\u00f3n. Entre los retos espec\u00edficos de la implantaci\u00f3n del cliente se encontraban:<\/p>\n<ul>\n<li>Sustituci\u00f3n de la plataforma de prospecci\u00f3n existente por la soluci\u00f3n sandsiv+ VOC<\/li>\n<li>Identificaci\u00f3n de cada punto de contacto clave a lo largo del<strong> customer journey<\/strong><\/li>\n<li>Implementaci\u00f3n de la plataforma sandsiv+ completa y calibraci\u00f3n de sus herramientas de recopilaci\u00f3n de datos para los puntos de contacto previamente identificados.<\/li>\n<li>Dise\u00f1o y configuraci\u00f3n de encuestas a clientes a trav\u00e9s de <strong>Internet y SMS<\/strong>, incluidas invitaciones, que reflejen la identidad corporativa mediante branding y mensajes personalizados.<\/li>\n<li>Desarrollo de <strong>cuadros de mando<\/strong> basados en funciones y calibrados para proporcionar informaci\u00f3n pertinente y pr\u00e1ctica a la empresa, los jefes de divisi\u00f3n y los jefes de equipo.<\/li>\n<li>Consulta con los equipos internos jur\u00eddicos, inform\u00e1ticos y de procesos para garantizar que sus marcos de procedimiento reflejen todas las normas y reglamentos sobre <strong>protecci\u00f3n y seguridad<\/strong> de datos relativos a la implantaci\u00f3n de sandsiv+.<\/li>\n<\/ul>\n                    <\/div>\r\n                            <\/div>\r\n        <\/div>\r\n    <\/div>\r\n<\/div>\n\n<div id=\"text_imagevideo-block_833cd9ce83262d99a915019e277d9349\"\r\n    class=\"text_imagevideo scroll-fade\">\r\n    <div class=\"container\">\r\n                <div class=\"text_imagevideo__inner\">\r\n                        <h1 class=\"heading\">Implantaci\u00f3n            <\/h1>            <div\r\n                class=\"text_imagevideo__list \">\r\n                                <div class=\"text_imagevideo__item module scroll-fade\">\r\n                    <div\r\n                        class=\"text_imagevideo__item__inner imagePosition_left\">\r\n                        <div class=\"contant\">\r\n                                                                                    <h1 class=\"title\">Recopilaci\u00f3n de feedbcak                            <\/h1>                                                        <div class=\"text\">Los clientes eligieron SANDSIV para sustituir su sistema de encuestas, el banco buscaba una plataforma de encuestas que fuera din\u00e1mica y responsive. Dado que sandsiv+ es altamente configurable, pudimos implementar la encuesta emergente de acuerdo exactamente con los deseos de los clientes. El cliente deseaba reforzar su capacidad para recoger la voz directa de los clientes que hab\u00edan contactado con sus centros de atenci\u00f3n telef\u00f3nica. Estas encuestas deb\u00edan enviarse 24 horas despu\u00e9s de cada llamada, y deb\u00edan entregarse en italiano, alem\u00e1n o franc\u00e9s, a elecci\u00f3n del cliente.                            <\/div>                                                    <\/div>\r\n                        <div class=\"image_video\">\r\n                                                        <picture class=\"img\"                                 >\r\n                                <source\r\n                                    srcset=\"https:\/\/sandsiv.com\/wp-content\/uploads\/2021\/08\/Survey@3x-8-1.png\">\r\n                                <img decoding=\"async\" src=\"https:\/\/sandsiv.com\/wp-content\/uploads\/2021\/08\/Survey@3x-8-1.png\"\r\n                                    alt=\"\" \/>\r\n                            <\/picture>\r\n                                                    <\/div>\r\n                    <\/div>\r\n                <\/div>\r\n                                <div class=\"text_imagevideo__item module scroll-fade\">\r\n                    <div\r\n                        class=\"text_imagevideo__item__inner imagePosition_right\">\r\n                        <div class=\"contant\">\r\n                                                                                    <h1 class=\"title\">Cuadros de mando                            <\/h1>                                                        <div class=\"text\">Para hacer un uso eficaz y rentable de los datos recopilados por sandsiv+, ofrecemos un conjunto de cuadros de mando detallados y con capacidad de respuesta, personalizados para cada responsable de la toma de decisiones en toda la organizaci\u00f3n.                            <\/div>                                                    <\/div>\r\n                        <div class=\"image_video\">\r\n                                                        <picture class=\"img\"                                 >\r\n                                <source\r\n                                    srcset=\"https:\/\/sandsiv.com\/wp-content\/uploads\/2021\/08\/Group-2016.png\">\r\n                                <img decoding=\"async\" src=\"https:\/\/sandsiv.com\/wp-content\/uploads\/2021\/08\/Group-2016.png\"\r\n                                    alt=\"\" \/>\r\n                            <\/picture>\r\n                                                    <\/div>\r\n                    <\/div>\r\n                <\/div>\r\n                                <div class=\"text_imagevideo__item module scroll-fade\">\r\n                    <div\r\n                        class=\"text_imagevideo__item__inner imagePosition_left\">\r\n                        <div class=\"contant\">\r\n                                                                                    <h1 class=\"title\">Integraci\u00f3n y formaci\u00f3n                            <\/h1>                                                        <div class=\"text\">sandsiv+ ofrece una visi\u00f3n profunda y de gran capacidad de respuesta que ayuda a los call centres y otras operaciones de cara al cliente a anticiparse y satisfacer las necesidades de los mismos. Fue necesaria cierta integraci\u00f3n con los sistemas ya existentes y una formaci\u00f3n especial del personal, tanto interno como de cara al cliente.                            <\/div>                                                    <\/div>\r\n                        <div class=\"image_video\">\r\n                                                        <picture class=\"img\"                                 >\r\n                                <source\r\n                                    srcset=\"https:\/\/sandsiv.com\/wp-content\/uploads\/2021\/08\/3-blocks-industries-12.svg\">\r\n                                <img decoding=\"async\" src=\"https:\/\/sandsiv.com\/wp-content\/uploads\/2021\/08\/3-blocks-industries-12.svg\"\r\n                                    alt=\"\" \/>\r\n                            <\/picture>\r\n                                                    <\/div>\r\n                    <\/div>\r\n                <\/div>\r\n                            <\/div>\r\n        <\/div>\r\n            <\/div>\r\n<\/div>\n\n\r\n<div id=\"frames_section-block_eba53f18f1f9abf2a7742fb442682989\" class=\"frames_section scroll-fade\">\r\n    <div class=\"module mt_0  mb_0\">  \r\n        <div class=\"bg_clr_section bg_clr_turquoise\">               \r\n            <div class=\"container\">\r\n                <div class=\"frames_section_inner\"> \r\n                                            <div class=\"heading\">\r\n                            <span style=\"color: #404040;\">Conclusi\u00f3n<\/span>                        <\/div>\r\n                                                                <div class=\"text\">\r\n                            <p><span style=\"color: #404040;\">En s\u00f3lo dos semanas despu\u00e9s de nuestro acuerdo, SANDSIV entreg\u00f3 una plataforma VOC que proporciona a nuestro cliente un conocimiento exhaustivo de sus clientes. Todo el sistema cumple plenamente todas las normativas de servicios financieros a las que est\u00e1 sujeta la empresa.<\/span><\/p>\n<p><span style=\"color: #404040;\">El banco suizo y su equipo de CX siguen adaptando y perfeccionando sus mejores pr\u00e1cticas utilizando sandsiv+, y reforzando la retenci\u00f3n de clientes.<\/span><\/p>\n                        <\/div>\r\n                                                        <\/div>\r\n            <\/div>\r\n        <\/div>\r\n    <\/div>\r\n<\/div>\n\n\r\n<div id=\"frames_section-block_aaa4f1b51bd5b34c79c30c460cc720af\" class=\"frames_section scroll-fade\">\r\n    <div class=\"module mt_0  mb_0\">  \r\n        <div class=\"bg_clr_section bg_clr_red\">               \r\n            <div class=\"container\">\r\n                <div class=\"frames_section_inner\"> \r\n                                            <div class=\"heading\">\r\n                            Empieza a crecer con sandsiv+ hoy mismo                        <\/div>\r\n                                                                                    <div class=\"button_section\">\r\n                            <a class=\"btn btn--white \" href=\"https:\/\/sandsiv.com\/es\/quiero-ver-una-demo\/\" >\r\n                                Quiero ver una demo                            <\/a>\r\n                        <\/div>\r\n                                    <\/div>\r\n            <\/div>\r\n        <\/div>\r\n    <\/div>\r\n<\/div>","protected":false},"excerpt":{"rendered":"","protected":false},"author":5,"featured_media":0,"parent":7633,"menu_order":0,"comment_status":"closed","ping_status":"closed","template":"","meta":{"content-type":"","footnotes":""},"class_list":["post-7631","page","type-page","status-publish","hentry"],"acf":[],"yoast_head":"<!-- This site is optimized with the Yoast SEO Premium plugin v26.9 (Yoast SEO v27.4) - https:\/\/yoast.com\/product\/yoast-seo-premium-wordpress\/ -->\n<title>Banco suizo - sandsiv+<\/title>\n<meta name=\"description\" content=\"Caso de estudio: Implantar una s\u00f3lida plataforma VOC en un banco suizo como eje central de su nuevo enfoque de experiencia de cliente.\" \/>\n<meta name=\"robots\" content=\"index, follow, max-snippet:-1, max-image-preview:large, max-video-preview:-1\" \/>\n<link rel=\"canonical\" href=\"https:\/\/sandsiv.com\/es\/casos-de-exito-de-clientes\/banco-suizo\/\" \/>\n<meta property=\"og:locale\" content=\"es_ES\" \/>\n<meta property=\"og:type\" content=\"article\" \/>\n<meta property=\"og:title\" content=\"Banco suizo\" \/>\n<meta property=\"og:description\" content=\"Caso de estudio: Implantar una s\u00f3lida plataforma VOC en un banco suizo como eje central de su nuevo enfoque de experiencia de cliente.\" \/>\n<meta property=\"og:url\" content=\"https:\/\/sandsiv.com\/es\/casos-de-exito-de-clientes\/banco-suizo\/\" \/>\n<meta property=\"og:site_name\" content=\"sandsiv+\" \/>\n<meta property=\"article:modified_time\" content=\"2023-09-06T15:04:46+00:00\" \/>\n<meta name=\"twitter:card\" content=\"summary_large_image\" \/>\n<script type=\"application\/ld+json\" class=\"yoast-schema-graph\">{\"@context\":\"https:\\\/\\\/schema.org\",\"@graph\":[{\"@type\":\"WebPage\",\"@id\":\"https:\\\/\\\/sandsiv.com\\\/es\\\/casos-de-exito-de-clientes\\\/banco-suizo\\\/\",\"url\":\"https:\\\/\\\/sandsiv.com\\\/es\\\/casos-de-exito-de-clientes\\\/banco-suizo\\\/\",\"name\":\"Banco suizo - sandsiv+\",\"isPartOf\":{\"@id\":\"https:\\\/\\\/sandsiv.com\\\/#website\"},\"datePublished\":\"2021-08-12T15:29:38+00:00\",\"dateModified\":\"2023-09-06T15:04:46+00:00\",\"description\":\"Caso de estudio: Implantar una s\u00f3lida plataforma VOC en un banco suizo como eje central de su nuevo enfoque de experiencia de cliente.\",\"breadcrumb\":{\"@id\":\"https:\\\/\\\/sandsiv.com\\\/es\\\/casos-de-exito-de-clientes\\\/banco-suizo\\\/#breadcrumb\"},\"inLanguage\":\"es\",\"potentialAction\":[{\"@type\":\"ReadAction\",\"target\":[\"https:\\\/\\\/sandsiv.com\\\/es\\\/casos-de-exito-de-clientes\\\/banco-suizo\\\/\"]}]},{\"@type\":\"BreadcrumbList\",\"@id\":\"https:\\\/\\\/sandsiv.com\\\/es\\\/casos-de-exito-de-clientes\\\/banco-suizo\\\/#breadcrumb\",\"itemListElement\":[{\"@type\":\"ListItem\",\"position\":1,\"name\":\"Home\",\"item\":\"https:\\\/\\\/sandsiv.com\\\/es\\\/\"},{\"@type\":\"ListItem\",\"position\":2,\"name\":\"Casos de \u00e9xito de clientes\",\"item\":\"https:\\\/\\\/sandsiv.com\\\/es\\\/casos-de-exito-de-clientes\\\/\"},{\"@type\":\"ListItem\",\"position\":3,\"name\":\"Banco suizo\"}]},{\"@type\":\"WebSite\",\"@id\":\"https:\\\/\\\/sandsiv.com\\\/#website\",\"url\":\"https:\\\/\\\/sandsiv.com\\\/\",\"name\":\"sandsiv+\",\"description\":\"Customer Intelligence Made In Switzerland\",\"publisher\":{\"@id\":\"https:\\\/\\\/sandsiv.com\\\/#organization\"},\"potentialAction\":[{\"@type\":\"SearchAction\",\"target\":{\"@type\":\"EntryPoint\",\"urlTemplate\":\"https:\\\/\\\/sandsiv.com\\\/?s={search_term_string}\"},\"query-input\":{\"@type\":\"PropertyValueSpecification\",\"valueRequired\":true,\"valueName\":\"search_term_string\"}}],\"inLanguage\":\"es\"},{\"@type\":\"Organization\",\"@id\":\"https:\\\/\\\/sandsiv.com\\\/#organization\",\"name\":\"sandsiv+\",\"url\":\"https:\\\/\\\/sandsiv.com\\\/\",\"logo\":{\"@type\":\"ImageObject\",\"inLanguage\":\"es\",\"@id\":\"https:\\\/\\\/sandsiv.com\\\/#\\\/schema\\\/logo\\\/image\\\/\",\"url\":\"https:\\\/\\\/sandsiv.com\\\/wp-content\\\/uploads\\\/2021\\\/08\\\/logo-light-normal.svg\",\"contentUrl\":\"https:\\\/\\\/sandsiv.com\\\/wp-content\\\/uploads\\\/2021\\\/08\\\/logo-light-normal.svg\",\"width\":376,\"height\":67,\"caption\":\"sandsiv+\"},\"image\":{\"@id\":\"https:\\\/\\\/sandsiv.com\\\/#\\\/schema\\\/logo\\\/image\\\/\"}}]}<\/script>\n<!-- \/ Yoast SEO Premium plugin. -->","yoast_head_json":{"title":"Banco suizo - sandsiv+","description":"Caso de estudio: Implantar una s\u00f3lida plataforma VOC en un banco suizo como eje central de su nuevo enfoque de experiencia de cliente.","robots":{"index":"index","follow":"follow","max-snippet":"max-snippet:-1","max-image-preview":"max-image-preview:large","max-video-preview":"max-video-preview:-1"},"canonical":"https:\/\/sandsiv.com\/es\/casos-de-exito-de-clientes\/banco-suizo\/","og_locale":"es_ES","og_type":"article","og_title":"Banco suizo","og_description":"Caso de estudio: Implantar una s\u00f3lida plataforma VOC en un banco suizo como eje central de su nuevo enfoque de experiencia de cliente.","og_url":"https:\/\/sandsiv.com\/es\/casos-de-exito-de-clientes\/banco-suizo\/","og_site_name":"sandsiv+","article_modified_time":"2023-09-06T15:04:46+00:00","twitter_card":"summary_large_image","schema":{"@context":"https:\/\/schema.org","@graph":[{"@type":"WebPage","@id":"https:\/\/sandsiv.com\/es\/casos-de-exito-de-clientes\/banco-suizo\/","url":"https:\/\/sandsiv.com\/es\/casos-de-exito-de-clientes\/banco-suizo\/","name":"Banco suizo - sandsiv+","isPartOf":{"@id":"https:\/\/sandsiv.com\/#website"},"datePublished":"2021-08-12T15:29:38+00:00","dateModified":"2023-09-06T15:04:46+00:00","description":"Caso de estudio: Implantar una s\u00f3lida plataforma VOC en un banco suizo como eje central de su nuevo enfoque de experiencia de cliente.","breadcrumb":{"@id":"https:\/\/sandsiv.com\/es\/casos-de-exito-de-clientes\/banco-suizo\/#breadcrumb"},"inLanguage":"es","potentialAction":[{"@type":"ReadAction","target":["https:\/\/sandsiv.com\/es\/casos-de-exito-de-clientes\/banco-suizo\/"]}]},{"@type":"BreadcrumbList","@id":"https:\/\/sandsiv.com\/es\/casos-de-exito-de-clientes\/banco-suizo\/#breadcrumb","itemListElement":[{"@type":"ListItem","position":1,"name":"Home","item":"https:\/\/sandsiv.com\/es\/"},{"@type":"ListItem","position":2,"name":"Casos de \u00e9xito de clientes","item":"https:\/\/sandsiv.com\/es\/casos-de-exito-de-clientes\/"},{"@type":"ListItem","position":3,"name":"Banco suizo"}]},{"@type":"WebSite","@id":"https:\/\/sandsiv.com\/#website","url":"https:\/\/sandsiv.com\/","name":"sandsiv+","description":"Customer Intelligence Made In Switzerland","publisher":{"@id":"https:\/\/sandsiv.com\/#organization"},"potentialAction":[{"@type":"SearchAction","target":{"@type":"EntryPoint","urlTemplate":"https:\/\/sandsiv.com\/?s={search_term_string}"},"query-input":{"@type":"PropertyValueSpecification","valueRequired":true,"valueName":"search_term_string"}}],"inLanguage":"es"},{"@type":"Organization","@id":"https:\/\/sandsiv.com\/#organization","name":"sandsiv+","url":"https:\/\/sandsiv.com\/","logo":{"@type":"ImageObject","inLanguage":"es","@id":"https:\/\/sandsiv.com\/#\/schema\/logo\/image\/","url":"https:\/\/sandsiv.com\/wp-content\/uploads\/2021\/08\/logo-light-normal.svg","contentUrl":"https:\/\/sandsiv.com\/wp-content\/uploads\/2021\/08\/logo-light-normal.svg","width":376,"height":67,"caption":"sandsiv+"},"image":{"@id":"https:\/\/sandsiv.com\/#\/schema\/logo\/image\/"}}]}},"_links":{"self":[{"href":"https:\/\/sandsiv.com\/es\/wp-json\/wp\/v2\/pages\/7631","targetHints":{"allow":["GET"]}}],"collection":[{"href":"https:\/\/sandsiv.com\/es\/wp-json\/wp\/v2\/pages"}],"about":[{"href":"https:\/\/sandsiv.com\/es\/wp-json\/wp\/v2\/types\/page"}],"author":[{"embeddable":true,"href":"https:\/\/sandsiv.com\/es\/wp-json\/wp\/v2\/users\/5"}],"replies":[{"embeddable":true,"href":"https:\/\/sandsiv.com\/es\/wp-json\/wp\/v2\/comments?post=7631"}],"version-history":[{"count":0,"href":"https:\/\/sandsiv.com\/es\/wp-json\/wp\/v2\/pages\/7631\/revisions"}],"up":[{"embeddable":true,"href":"https:\/\/sandsiv.com\/es\/wp-json\/wp\/v2\/pages\/7633"}],"wp:attachment":[{"href":"https:\/\/sandsiv.com\/es\/wp-json\/wp\/v2\/media?parent=7631"}],"curies":[{"name":"wp","href":"https:\/\/api.w.org\/{rel}","templated":true}]}}