
{"id":7629,"date":"2021-08-12T14:40:48","date_gmt":"2021-08-12T14:40:48","guid":{"rendered":"https:\/\/sandsiv.wpengine.com\/roche\/"},"modified":"2023-09-06T15:04:08","modified_gmt":"2023-09-06T15:04:08","slug":"sector-salud-roche","status":"publish","type":"page","link":"https:\/\/sandsiv.com\/es\/casos-de-exito-de-clientes\/sector-salud-roche\/","title":{"rendered":"Sector salud &#8211; Roche"},"content":{"rendered":"<div id=\"banner-block_166d916d7a5bd78f5750a26a3b86c244\"\r\n    class=\"banner scroll-fade\">\r\n    <div\r\n        class=\"module mt_0  mb_0\">\r\n        <div class=\"container\">\r\n            <div class=\"banner__inner\">\r\n                <div class=\"banner__data\">\r\n                                        <h1 class=\"heading\">Sector salud<strong\r\n                            class=\"heading_red\">Roche<\/strong>                    <\/h1>\r\n                                                            <div class=\"description\">De la investigaci\u00f3n de mercado a la opini\u00f3n directa de los clientes: la empresa farmac\u00e9utica Roche obtuvo una tasa de respuesta del 25% en su primera campa\u00f1a de VoC con sandsiv+.                    <\/div>                                                            <div class=\"banner__button\">\r\n                        <a href=\"https:\/\/sandsiv.com\/es\/quiero-ver-una-demo\/\"\r\n                            class=\"btn\" _self                            >Quiero ver una demo<\/a>\r\n                    <\/div>\r\n                                                                            <\/div>\r\n                <div class=\"banner__media\">\r\n                                        <div class=\"banner__image\">\r\n                        <picture class=\"image\">\r\n                            <source srcset=\"https:\/\/sandsiv.com\/wp-content\/uploads\/2021\/08\/Roche_sandsiv.png\">\r\n                            <img decoding=\"async\" src=\"https:\/\/sandsiv.com\/wp-content\/uploads\/2021\/08\/Roche_sandsiv.png\"\r\n                                alt=\"\" \/>\r\n                        <\/picture>\r\n                    <\/div>\r\n                                                                            <\/div>\r\n            <\/div>\r\n        <\/div>\r\n    <\/div>\r\n<\/div>\n\n\r\n<div id=\"blog_post_content-block_5086e87b0e7e6f02824358be1bf83977\" class=\"blog_post_content scroll-fade\">\r\n    <div class=\"module \">\r\n\r\n                    <div class=\"container\">\r\n                                \r\n            <div class=\"blog_post_content_inner\"> \r\n                                    <div class=\"heading_section\">\r\n                        <div class=\"heading_text h1\">\r\n                            Contexto                        <\/div>\r\n                    <\/div>\r\n                                                    <div class=\"content_section\">\r\n                        <p>Roche es una multinacional del sector salud y la mayor empresa biotecnol\u00f3gica del mundo. Es l\u00edder en el sector de la investigaci\u00f3n farmac\u00e9utica y diagn\u00f3stica y suministra medicamentos para oncolog\u00eda, inmunolog\u00eda, enfermedades infecciosas, oftalmolog\u00eda y neurociencia.<\/p>\n<p><strong>El objetivo<\/strong><br \/>\nRoche quer\u00eda alejarse de una estrategia puramente de investigaci\u00f3n de mercado y convertirse en una organizaci\u00f3n centrada en el cliente para fomentar la recomendaci\u00f3n y la fidelidad.<\/p>\n<p><strong>El reto<\/strong><br \/>\nComo empresa centrada exclusivamente en costosos estudios de mercado, Roche basaba gran parte de sus estrategias de marketing y crecimiento en las tendencias del sector y los hallazgos de terceros. Esto resultaba \u00fatil hasta cierto punto, pero sin la opini\u00f3n directa de sus clientes, sab\u00edan que estaban perdiendo oportunidades de ofrecer experiencias de cliente personalizadas e interacciones racionalizadas.<\/p>\n<p>Si quer\u00edan transformarse en una organizaci\u00f3n centrada en el cliente, necesitar\u00edan una soluci\u00f3n para agilizar el proceso de captaci\u00f3n de opiniones cr\u00edticas de su red de m\u00e9dicos y compradores de productos farmac\u00e9uticos.<\/p>\n                    <\/div>\r\n                            <\/div>\r\n        <\/div>\r\n    <\/div>\r\n<\/div>\n\n\r\n<div id=\"testimonial_section-block_e453fe4c278fce1812044cd85e4697f5\" class=\"testimonial_section scroll-fade\">\r\n    <div class=\"module mt_0  mb_0\">  \r\n        <div class=\"bg_clr_section bg_clr_red\">               \r\n            <div class=\"container container--small\">\r\n                <div class=\"testimonial_section_inner remove_slider_dots\"> \r\n                                            <div class=\"testimonial_slider\">\r\n                                                            <div class=\"item\">\r\n                                    <div class=\"item_inner\">\r\n                                                                                    <div class=\"logo_img_section\">\r\n                                                                                                    <div class=\"client_photo\">\r\n                                                        <img decoding=\"async\" src=\"https:\/\/sandsiv.com\/wp-content\/uploads\/2021\/08\/sandsiv_testimonial_client.svg\" alt=\"Roche\" \/>\r\n                                                    <\/div>\r\n                                                                                                                                            <\/div>\r\n                                                                                                                            <div class=\"client_detail\">\r\n                                                                                                    <div class=\"client_name h5\">\r\n                                                        Ivan Barbero &#8211; Director de An\u00e1lisis Empresarial y Perspectiva del Cliente                                                    <\/div>\r\n                                                                                                                                            <\/div>\r\n                                                                                                                            <div class=\"testimonial_text\">\r\n                                                sandsiv+ es la soluci\u00f3n perfecta para Roche, que quer\u00eda reforzar su negocio y crear una cultura centrada en el cliente. Aprecio su innovaci\u00f3n y las continuas mejoras en las capacidades de autoservicio.<br \/>\r\n                                            <\/div>\r\n                                                                                                                    <\/div>\r\n                                <\/div>\r\n                                                    <\/div>\r\n                                    <\/div>\r\n            <\/div>\r\n        <\/div>\r\n    <\/div>\r\n<\/div>\n\n\r\n<div id=\"blog_post_content-block_0a1aa89782c7c7cc68ed882a666b2ebe\" class=\"blog_post_content scroll-fade\">\r\n    <div class=\"module \">\r\n\r\n                    <div class=\"container\">\r\n                                \r\n            <div class=\"blog_post_content_inner\"> \r\n                                    <div class=\"heading_section\">\r\n                        <div class=\"heading_text h1\">\r\n                            Nuestro planteamiento                        <\/div>\r\n                    <\/div>\r\n                                                    <div class=\"content_section\">\r\n                        <p>Para realizar con \u00e9xito la transici\u00f3n a una organizaci\u00f3n centrada en el cliente, Roche buscaba una plataforma de Voz del Cliente (VoC) que pudiera <strong>convertir los datos de los clientes en insights accionables<\/strong> para mejorar la experiencia de sus clientes y las interacciones comerciales. Por eso Roche se asoci\u00f3 con SANDSIV para lanzar nuestra soluci\u00f3n de VoC empresarial y la herramienta de an\u00e1lisis, sandsiv+.<\/p>\n<p>sandiv+ es una plataforma de gesti\u00f3n de experiencia de cliente (CXM) totalmente automatizada que unifica todas las fuentes de datos estructurados y no estructurados de los clientes en un \u00fanico repositorio.<\/p>\n<p>Con el poder de los macrodatos y la inteligencia de clientes, Roche podr\u00eda ahora obtener valiosos insights empresariales sobre las necesidades de sus clientes m\u00e9dicos y farmac\u00e9uticos, entre otros:<\/p>\n<ul>\n<li>M\u00e9tricas en tiempo real para ver la <strong>fuerza y la conexi\u00f3n emocional<\/strong> de la relaci\u00f3n de un cliente con la marca.<\/li>\n<li>Indicadores clave de rendimiento (KPI), que se trazaron a lo largo del customer journey para que Roche pudiera profundizar en los &#8220;momentos de la verdad&#8221; y decidir c\u00f3mo enriquecer los puntos de contacto con el cliente <strong>en todos los canales.<\/strong><\/li>\n<li>Tambi\u00e9n configuramos la <strong>recopilaci\u00f3n y el an\u00e1lisis de VoC<\/strong> de acuerdo con los estrictos l\u00edmites normativos y de cumplimiento de la normativa.<\/li>\n<\/ul>\n<div id=\"contentsContainer\" class=\"style-scope qowt-page\">\n<div id=\"contents\" class=\"style-scope qowt-page\"><\/div>\n<\/div>\n                    <\/div>\r\n                            <\/div>\r\n        <\/div>\r\n    <\/div>\r\n<\/div>\n\n<div id=\"text_imagevideo-block_5a0f0870c75ba958dde30a157ddaca75\"\r\n    class=\"text_imagevideo scroll-fade\">\r\n    <div class=\"container\">\r\n                <div class=\"text_imagevideo__inner\">\r\n                        <h1 class=\"heading\">Implementaci\u00f3n            <\/h1>            <div\r\n                class=\"text_imagevideo__list \">\r\n                                <div class=\"text_imagevideo__item module scroll-fade\">\r\n                    <div\r\n                        class=\"text_imagevideo__item__inner imagePosition_left\">\r\n                        <div class=\"contant\">\r\n                                                                                    <h1 class=\"title\">Rcogida de feedback                            <\/h1>                                                        <div class=\"text\">sandsiv+ captur\u00f3 datos de clientes a trav\u00e9s de canales directos, indirectos e inferidos, incluidas fuentes de datos internas y externas. Utilizamos todos los puntos de contacto f\u00edsicos y digitales, lo que permiti\u00f3 a Roche evaluar puntos estrat\u00e9gicos del customer journey. Tambi\u00e9n ayudamos a Roche a dise\u00f1ar y aplicar encuestas de opini\u00f3n en tiempo real a trav\u00e9s de m\u00faltiples canales.                            <\/div>                                                    <\/div>\r\n                        <div class=\"image_video\">\r\n                                                        <picture class=\"img\"                                 >\r\n                                <source\r\n                                    srcset=\"https:\/\/sandsiv.com\/wp-content\/uploads\/2021\/08\/Surveys-Reviews-Socials-1.png\">\r\n                                <img decoding=\"async\" src=\"https:\/\/sandsiv.com\/wp-content\/uploads\/2021\/08\/Surveys-Reviews-Socials-1.png\"\r\n                                    alt=\"Survey &#038; unify\" \/>\r\n                            <\/picture>\r\n                                                    <\/div>\r\n                    <\/div>\r\n                <\/div>\r\n                                <div class=\"text_imagevideo__item module scroll-fade\">\r\n                    <div\r\n                        class=\"text_imagevideo__item__inner imagePosition_right\">\r\n                        <div class=\"contant\">\r\n                                                                                    <h1 class=\"title\">Cuadros de mando                            <\/h1>                                                        <div class=\"text\">Para hacer un uso eficaz y rentable de los datos recopilados por sandsiv+, Roche despleg\u00f3 nuestro conjunto de cuadros de mando detallados y responsive, personalizados para cada responsable a la hora de tomar decisiones en toda la organizaci\u00f3n. Nuestros cuadros de mando VoC Visual son f\u00e1ciles de usar y proporcionan resultados de  experiencia de cliente en tiempo real y datos internos de CRM, de modo que cada empleado tiene acceso a la informaci\u00f3n correcta en el momento adecuado.                            <\/div>                                                    <\/div>\r\n                        <div class=\"image_video\">\r\n                                                        <picture class=\"img\"                                 >\r\n                                <source\r\n                                    srcset=\"https:\/\/sandsiv.com\/wp-content\/uploads\/2021\/08\/Group-1992-1.png\">\r\n                                <img decoding=\"async\" src=\"https:\/\/sandsiv.com\/wp-content\/uploads\/2021\/08\/Group-1992-1.png\"\r\n                                    alt=\"Roles-based dashboards\" \/>\r\n                            <\/picture>\r\n                                                    <\/div>\r\n                    <\/div>\r\n                <\/div>\r\n                                <div class=\"text_imagevideo__item module scroll-fade\">\r\n                    <div\r\n                        class=\"text_imagevideo__item__inner imagePosition_left\">\r\n                        <div class=\"contant\">\r\n                                                                                    <h1 class=\"title\">Integraci\u00f3n y formaci\u00f3n                            <\/h1>                                                        <div class=\"text\">sandsiv+ proporcion\u00f3 insights detallados y con gran capacidad de respuesta que ayud\u00f3 a los centros de atenci\u00f3n telef\u00f3nica de Roche y a otras operaciones de cara al cliente a anticiparse y satisfacer las necesidades de sus clientes comerciales. Tambi\u00e9n trabajamos con Roche para integrar la soluci\u00f3n en sus sistemas existentes y proporcionar formaci\u00f3n especializada a los empleados internos y de cara al cliente para permitir la adopci\u00f3n de un enfoque centrado en el cliente en toda la organizaci\u00f3n.                            <\/div>                                                    <\/div>\r\n                        <div class=\"image_video\">\r\n                                                        <picture class=\"img\"                                 >\r\n                                <source\r\n                                    srcset=\"https:\/\/sandsiv.com\/wp-content\/uploads\/2021\/08\/Group-2003.png\">\r\n                                <img decoding=\"async\" src=\"https:\/\/sandsiv.com\/wp-content\/uploads\/2021\/08\/Group-2003.png\"\r\n                                    alt=\"customization\" \/>\r\n                            <\/picture>\r\n                                                    <\/div>\r\n                    <\/div>\r\n                <\/div>\r\n                            <\/div>\r\n        <\/div>\r\n            <\/div>\r\n<\/div>\n\n\r\n<div id=\"frames_section-block_ef6f5e0402f1cd10c0cc5415ec636b19\" class=\"frames_section scroll-fade\">\r\n    <div class=\"module mt_0  mb_0\">  \r\n        <div class=\"bg_clr_section bg_clr_turquoise\">               \r\n            <div class=\"container\">\r\n                <div class=\"frames_section_inner\"> \r\n                                            <div class=\"heading\">\r\n                            <span style=\"color: #404040;\">Conclusi\u00f3n<\/span>                        <\/div>\r\n                                                                <div class=\"text\">\r\n                            <div id=\"contentsContainer\" class=\"style-scope qowt-page\">\n<div id=\"contents\" class=\"style-scope qowt-page\">\n<p id=\"E226\" class=\"x-scope qowt-word-para-6\"><span data-sheets-value=\"{&quot;1&quot;:2,&quot;2&quot;:&quot;SANDSIV ayud\u00f3 a Roche a lanzar su primera campa\u00f1a corporativa de VoC, en la que enviaron m\u00e1s de 6.000 encuestas a su red de m\u00e9dicos, con una tasa de respuesta del 25%.&quot;}\" data-sheets-userformat=\"{&quot;2&quot;:4480,&quot;10&quot;:2,&quot;11&quot;:4,&quot;15&quot;:&quot;Arial&quot;}\">&lt;span style=&#8221;color: #404040;&#8221;&gt;SANDSIV ayud\u00f3 a Roche a lanzar su primera campa\u00f1a corporativa de VoC, en la que enviaron m\u00e1s de 6.000 encuestas a su red de m\u00e9dicos, con una tasa de respuesta del 25%.&lt;\/span&gt;<\/span><\/p>\n<\/div>\n<\/div>\n                        <\/div>\r\n                                                        <\/div>\r\n            <\/div>\r\n        <\/div>\r\n    <\/div>\r\n<\/div>\n\n\r\n<div id=\"frames_section-block_3934318c8870281853f3d49e849c2ba9\" class=\"frames_section scroll-fade\">\r\n    <div class=\"module mt_0  mb_0\">  \r\n        <div class=\"bg_clr_section bg_clr_red\">               \r\n            <div class=\"container\">\r\n                <div class=\"frames_section_inner\"> \r\n                                            <div class=\"heading\">\r\n                            Empieza a crecer con sandsiv+ hoy mismo                        <\/div>\r\n                                                                                    <div class=\"button_section\">\r\n                            <a class=\"btn btn--white \" href=\"https:\/\/sandsiv.com\/es\/quiero-ver-una-demo\/\" >\r\n                                Quiero ver una demo                            <\/a>\r\n                        <\/div>\r\n                                    <\/div>\r\n            <\/div>\r\n        <\/div>\r\n    <\/div>\r\n<\/div>","protected":false},"excerpt":{"rendered":"","protected":false},"author":5,"featured_media":0,"parent":7633,"menu_order":0,"comment_status":"closed","ping_status":"closed","template":"","meta":{"content-type":"","footnotes":""},"class_list":["post-7629","page","type-page","status-publish","hentry"],"acf":[],"yoast_head":"<!-- This site is optimized with the Yoast SEO Premium plugin v26.9 (Yoast SEO v27.4) - https:\/\/yoast.com\/product\/yoast-seo-premium-wordpress\/ -->\n<title>Sector salud - Roche - sandsiv+ %<\/title>\n<meta name=\"description\" content=\"Descubre c\u00f3mo la empresa del sector salud Roche obtuvo una tasa de respuesta del 25% en su primera campa\u00f1a de VoC con sandsiv+.\" \/>\n<meta name=\"robots\" content=\"index, follow, max-snippet:-1, max-image-preview:large, max-video-preview:-1\" \/>\n<link rel=\"canonical\" href=\"https:\/\/sandsiv.com\/es\/casos-de-exito-de-clientes\/sector-salud-roche\/\" \/>\n<meta property=\"og:locale\" content=\"es_ES\" \/>\n<meta property=\"og:type\" content=\"article\" \/>\n<meta property=\"og:title\" content=\"Sector salud - Roche\" \/>\n<meta property=\"og:description\" content=\"Descubre c\u00f3mo la empresa del sector salud Roche obtuvo una tasa de respuesta del 25% en su primera campa\u00f1a de VoC con sandsiv+.\" \/>\n<meta property=\"og:url\" content=\"https:\/\/sandsiv.com\/es\/casos-de-exito-de-clientes\/sector-salud-roche\/\" \/>\n<meta property=\"og:site_name\" content=\"sandsiv+\" \/>\n<meta property=\"article:modified_time\" content=\"2023-09-06T15:04:08+00:00\" \/>\n<meta name=\"twitter:card\" content=\"summary_large_image\" \/>\n<script type=\"application\/ld+json\" class=\"yoast-schema-graph\">{\"@context\":\"https:\\\/\\\/schema.org\",\"@graph\":[{\"@type\":\"WebPage\",\"@id\":\"https:\\\/\\\/sandsiv.com\\\/es\\\/casos-de-exito-de-clientes\\\/sector-salud-roche\\\/\",\"url\":\"https:\\\/\\\/sandsiv.com\\\/es\\\/casos-de-exito-de-clientes\\\/sector-salud-roche\\\/\",\"name\":\"Sector salud - Roche - sandsiv+ %\",\"isPartOf\":{\"@id\":\"https:\\\/\\\/sandsiv.com\\\/#website\"},\"datePublished\":\"2021-08-12T14:40:48+00:00\",\"dateModified\":\"2023-09-06T15:04:08+00:00\",\"description\":\"Descubre c\u00f3mo la empresa del sector salud Roche obtuvo una tasa de respuesta del 25% en su primera campa\u00f1a de VoC con sandsiv+.\",\"breadcrumb\":{\"@id\":\"https:\\\/\\\/sandsiv.com\\\/es\\\/casos-de-exito-de-clientes\\\/sector-salud-roche\\\/#breadcrumb\"},\"inLanguage\":\"es\",\"potentialAction\":[{\"@type\":\"ReadAction\",\"target\":[\"https:\\\/\\\/sandsiv.com\\\/es\\\/casos-de-exito-de-clientes\\\/sector-salud-roche\\\/\"]}]},{\"@type\":\"BreadcrumbList\",\"@id\":\"https:\\\/\\\/sandsiv.com\\\/es\\\/casos-de-exito-de-clientes\\\/sector-salud-roche\\\/#breadcrumb\",\"itemListElement\":[{\"@type\":\"ListItem\",\"position\":1,\"name\":\"Home\",\"item\":\"https:\\\/\\\/sandsiv.com\\\/es\\\/\"},{\"@type\":\"ListItem\",\"position\":2,\"name\":\"Casos de \u00e9xito de clientes\",\"item\":\"https:\\\/\\\/sandsiv.com\\\/es\\\/casos-de-exito-de-clientes\\\/\"},{\"@type\":\"ListItem\",\"position\":3,\"name\":\"Sector salud &#8211; Roche\"}]},{\"@type\":\"WebSite\",\"@id\":\"https:\\\/\\\/sandsiv.com\\\/#website\",\"url\":\"https:\\\/\\\/sandsiv.com\\\/\",\"name\":\"sandsiv+\",\"description\":\"Customer Intelligence Made In Switzerland\",\"publisher\":{\"@id\":\"https:\\\/\\\/sandsiv.com\\\/#organization\"},\"potentialAction\":[{\"@type\":\"SearchAction\",\"target\":{\"@type\":\"EntryPoint\",\"urlTemplate\":\"https:\\\/\\\/sandsiv.com\\\/?s={search_term_string}\"},\"query-input\":{\"@type\":\"PropertyValueSpecification\",\"valueRequired\":true,\"valueName\":\"search_term_string\"}}],\"inLanguage\":\"es\"},{\"@type\":\"Organization\",\"@id\":\"https:\\\/\\\/sandsiv.com\\\/#organization\",\"name\":\"sandsiv+\",\"url\":\"https:\\\/\\\/sandsiv.com\\\/\",\"logo\":{\"@type\":\"ImageObject\",\"inLanguage\":\"es\",\"@id\":\"https:\\\/\\\/sandsiv.com\\\/#\\\/schema\\\/logo\\\/image\\\/\",\"url\":\"https:\\\/\\\/sandsiv.com\\\/wp-content\\\/uploads\\\/2021\\\/08\\\/logo-light-normal.svg\",\"contentUrl\":\"https:\\\/\\\/sandsiv.com\\\/wp-content\\\/uploads\\\/2021\\\/08\\\/logo-light-normal.svg\",\"width\":376,\"height\":67,\"caption\":\"sandsiv+\"},\"image\":{\"@id\":\"https:\\\/\\\/sandsiv.com\\\/#\\\/schema\\\/logo\\\/image\\\/\"}}]}<\/script>\n<!-- \/ Yoast SEO Premium plugin. -->","yoast_head_json":{"title":"Sector salud - Roche - sandsiv+ %","description":"Descubre c\u00f3mo la empresa del sector salud Roche obtuvo una tasa de respuesta del 25% en su primera campa\u00f1a de VoC con sandsiv+.","robots":{"index":"index","follow":"follow","max-snippet":"max-snippet:-1","max-image-preview":"max-image-preview:large","max-video-preview":"max-video-preview:-1"},"canonical":"https:\/\/sandsiv.com\/es\/casos-de-exito-de-clientes\/sector-salud-roche\/","og_locale":"es_ES","og_type":"article","og_title":"Sector salud - Roche","og_description":"Descubre c\u00f3mo la empresa del sector salud Roche obtuvo una tasa de respuesta del 25% en su primera campa\u00f1a de VoC con sandsiv+.","og_url":"https:\/\/sandsiv.com\/es\/casos-de-exito-de-clientes\/sector-salud-roche\/","og_site_name":"sandsiv+","article_modified_time":"2023-09-06T15:04:08+00:00","twitter_card":"summary_large_image","schema":{"@context":"https:\/\/schema.org","@graph":[{"@type":"WebPage","@id":"https:\/\/sandsiv.com\/es\/casos-de-exito-de-clientes\/sector-salud-roche\/","url":"https:\/\/sandsiv.com\/es\/casos-de-exito-de-clientes\/sector-salud-roche\/","name":"Sector salud - Roche - sandsiv+ %","isPartOf":{"@id":"https:\/\/sandsiv.com\/#website"},"datePublished":"2021-08-12T14:40:48+00:00","dateModified":"2023-09-06T15:04:08+00:00","description":"Descubre c\u00f3mo la empresa del sector salud Roche obtuvo una tasa de respuesta del 25% en su primera campa\u00f1a de VoC con sandsiv+.","breadcrumb":{"@id":"https:\/\/sandsiv.com\/es\/casos-de-exito-de-clientes\/sector-salud-roche\/#breadcrumb"},"inLanguage":"es","potentialAction":[{"@type":"ReadAction","target":["https:\/\/sandsiv.com\/es\/casos-de-exito-de-clientes\/sector-salud-roche\/"]}]},{"@type":"BreadcrumbList","@id":"https:\/\/sandsiv.com\/es\/casos-de-exito-de-clientes\/sector-salud-roche\/#breadcrumb","itemListElement":[{"@type":"ListItem","position":1,"name":"Home","item":"https:\/\/sandsiv.com\/es\/"},{"@type":"ListItem","position":2,"name":"Casos de \u00e9xito de clientes","item":"https:\/\/sandsiv.com\/es\/casos-de-exito-de-clientes\/"},{"@type":"ListItem","position":3,"name":"Sector salud &#8211; Roche"}]},{"@type":"WebSite","@id":"https:\/\/sandsiv.com\/#website","url":"https:\/\/sandsiv.com\/","name":"sandsiv+","description":"Customer Intelligence Made In Switzerland","publisher":{"@id":"https:\/\/sandsiv.com\/#organization"},"potentialAction":[{"@type":"SearchAction","target":{"@type":"EntryPoint","urlTemplate":"https:\/\/sandsiv.com\/?s={search_term_string}"},"query-input":{"@type":"PropertyValueSpecification","valueRequired":true,"valueName":"search_term_string"}}],"inLanguage":"es"},{"@type":"Organization","@id":"https:\/\/sandsiv.com\/#organization","name":"sandsiv+","url":"https:\/\/sandsiv.com\/","logo":{"@type":"ImageObject","inLanguage":"es","@id":"https:\/\/sandsiv.com\/#\/schema\/logo\/image\/","url":"https:\/\/sandsiv.com\/wp-content\/uploads\/2021\/08\/logo-light-normal.svg","contentUrl":"https:\/\/sandsiv.com\/wp-content\/uploads\/2021\/08\/logo-light-normal.svg","width":376,"height":67,"caption":"sandsiv+"},"image":{"@id":"https:\/\/sandsiv.com\/#\/schema\/logo\/image\/"}}]}},"_links":{"self":[{"href":"https:\/\/sandsiv.com\/es\/wp-json\/wp\/v2\/pages\/7629","targetHints":{"allow":["GET"]}}],"collection":[{"href":"https:\/\/sandsiv.com\/es\/wp-json\/wp\/v2\/pages"}],"about":[{"href":"https:\/\/sandsiv.com\/es\/wp-json\/wp\/v2\/types\/page"}],"author":[{"embeddable":true,"href":"https:\/\/sandsiv.com\/es\/wp-json\/wp\/v2\/users\/5"}],"replies":[{"embeddable":true,"href":"https:\/\/sandsiv.com\/es\/wp-json\/wp\/v2\/comments?post=7629"}],"version-history":[{"count":0,"href":"https:\/\/sandsiv.com\/es\/wp-json\/wp\/v2\/pages\/7629\/revisions"}],"up":[{"embeddable":true,"href":"https:\/\/sandsiv.com\/es\/wp-json\/wp\/v2\/pages\/7633"}],"wp:attachment":[{"href":"https:\/\/sandsiv.com\/es\/wp-json\/wp\/v2\/media?parent=7629"}],"curies":[{"name":"wp","href":"https:\/\/api.w.org\/{rel}","templated":true}]}}