
{"id":7600,"date":"2021-08-09T09:50:09","date_gmt":"2021-08-09T09:50:09","guid":{"rendered":"https:\/\/sandsiv.wpengine.com\/frost-sullivan-award-sandsiv\/"},"modified":"2023-05-11T13:41:19","modified_gmt":"2023-05-11T13:41:19","slug":"informe-frost-sullivan-2021","status":"publish","type":"page","link":"https:\/\/sandsiv.com\/es\/informe-frost-sullivan-2021\/","title":{"rendered":"Informe Frost &#038; Sullivan 2021"},"content":{"rendered":"<div id=\"banner-block_6110696a61026\"\r\n    class=\"banner scroll-fade\">\r\n    <div\r\n        class=\"module mt_0  mb_0\">\r\n        <div class=\"container\">\r\n            <div class=\"banner__inner\">\r\n                <div class=\"banner__data\">\r\n                                        <h1 class=\"heading\">Premio Frost &#038; Sullivan 2021 <strong\r\n                            class=\"heading_red\">al liderazgo de producto<\/strong>                    <\/h1>\r\n                                                            <div class=\"description\">Frost &#038; Sullivan premia a SANDSIV 2021 como l\u00edder de producto en el sector europeo de soluciones de software de Voz del Cliente (VoC)                    <\/div>                                                            <div class=\"banner__button\">\r\n                        <a href=\"https:\/\/sandsiv.wpengine.com\/request-a-demo\/\"\r\n                            class=\"btn\" _self                            >Quiero ver una demo<\/a>\r\n                    <\/div>\r\n                                                                            <\/div>\r\n                <div class=\"banner__media\">\r\n                                        <div class=\"banner__image\">\r\n                        <picture class=\"image\">\r\n                            <source srcset=\"https:\/\/sandsiv.com\/wp-content\/uploads\/2021\/07\/SANDSIV-news.png\">\r\n                            <img decoding=\"async\" src=\"https:\/\/sandsiv.com\/wp-content\/uploads\/2021\/07\/SANDSIV-news.png\"\r\n                                alt=\"Frost &#038; Sullivan\" \/>\r\n                        <\/picture>\r\n                    <\/div>\r\n                                                                            <\/div>\r\n            <\/div>\r\n        <\/div>\r\n    <\/div>\r\n<\/div>\n\n\n<div id=\"post_content_with_download_link_two_columns-block_611069a561027\" class=\"post_content_with_download_link_two_columns scroll-fade\">\n    <div class=\"module \">                \n        <div class=\"container\">\n            <div class=\"post_content_with_download_link_two_columns_inner\"> \n                \t\t\t\t\t<div class=\"content_section\">\n\t\t\t\t\t\t\t\t\t\t\t\t\t<div class=\"content_section_inner\">\n                                                                    <div class=\"heading_text\">\n                                        Informe Frost &#038; Sullivan 2021                                    <\/div>\n                                                                                                    <div class=\"content\">\n                                        <p>Las empresas de hoy en d\u00eda necesitan una plataforma de VoC y Gesti\u00f3n de la Experiencia del Cliente (CXM) que pueda proporcionar una Experiencia de Cliente (CX) superior utilizando la perspectiva del cliente como motor para la mejora interna. SANDSIV ofrece una soluci\u00f3n superior que est\u00e1 impulsada por IA, con capacidades avanzadas de an\u00e1lisis y visualizaci\u00f3n y una amplia gama de funcionalidades que permiten a las empresas de cualquier tama\u00f1o, ubicaci\u00f3n geogr\u00e1fica y sector capturar la voz del cliente (VoC) a trav\u00e9s de m\u00faltiples canales, mejorar los servicios al cliente y diferenciarse de los competidores.<\/p>\n<p>Por este motivo, la soluci\u00f3n SANDSIV ha sido galardonada con el premio <strong>Frost &amp; Sullivan Product Leadership Award 2021<\/strong> para el sector europeo de soluciones de software de voz del cliente (VoC).<\/p>\n<h3>Lee el informe sobre:<\/h3>\n<ul>\n<li>Tendencias clave del mercado de la VoC<\/li>\n<li>Principales criterios de evaluaci\u00f3n comparativa e importancia de recibir el premio<\/li>\n<li>Demostraci\u00f3n de excelencia en innovaci\u00f3n tecnol\u00f3gica, dise\u00f1o de productos y capital humano que le vali\u00f3 el premio a SANDSIV.<\/li>\n<\/ul>\n                                    <\/div>\n                                \t\t\t\t\t\t\t<\/div>\n\t\t\t\t\t\t\t\t\t\t\t<\/div>\n                                <div class=\"download_link_section\">\n                    <div class=\"download_link_section_inner\">\n                                                                                                                                                                                                                <div class=\"contact_form_section\">\n                                    <script type=\"text\/javascript\" src=\"https:\/\/mautic.sandsiv.com\/form\/generate.js?id=94\"><\/script>                                <\/div>\n                                                                                <\/div>\n\n\t\t\t\t\t<\/div>\n\n\n  \n            <\/div>\n        <\/div>\n    <\/div>\n<\/div>\n\n\r\n<div id=\"frames_section-block_63ee2a1c2513a\" class=\"frames_section scroll-fade\">\r\n    <div class=\"module mt_0  mb_0\">  \r\n        <div class=\"bg_clr_section bg_clr_turquoise\">               \r\n            <div class=\"container\">\r\n                <div class=\"frames_section_inner\"> \r\n                                            <div class=\"heading\">\r\n                            <span style=\"color: #404040;\">El mercado de los proveedores de CX es muy competitivo.<\/span>                        <\/div>\r\n                                                                <div class=\"text\">\r\n                            <p><span style=\"color: #404040;\">Elegir al socio adecuado es importante.<\/span><\/p>\n                        <\/div>\r\n                                                                <div class=\"button_section\">\r\n                            <a class=\"btn btn--white \" href=\"https:\/\/sandsiv.wpengine.com\/sandsiv-awards-recognitions\/\" >\r\n                                Descubre nuestros galardones                            <\/a>\r\n                        <\/div>\r\n                                    <\/div>\r\n            <\/div>\r\n        <\/div>\r\n    <\/div>\r\n<\/div>\n\n\r\n<div id=\"frames_section-block_61106b1d61029\" class=\"frames_section scroll-fade\">\r\n    <div class=\"module mt_0  mb_0\">  \r\n        <div class=\"bg_clr_section bg_clr_red\">               \r\n            <div class=\"container\">\r\n                <div class=\"frames_section_inner\"> \r\n                                            <div class=\"heading\">\r\n                            Empieza a crecer con sandsiv+ hoy mismo                        <\/div>\r\n                                                                                    <div class=\"button_section\">\r\n                            <a class=\"btn btn--white \" href=\"https:\/\/sandsiv.wpengine.com\/request-a-demo\/\" >\r\n                                Quiero ver una demo                            <\/a>\r\n                        <\/div>\r\n                                    <\/div>\r\n            <\/div>\r\n        <\/div>\r\n    <\/div>\r\n<\/div>\n\n\n<p><\/p>\n","protected":false},"excerpt":{"rendered":"","protected":false},"author":5,"featured_media":0,"parent":0,"menu_order":0,"comment_status":"closed","ping_status":"closed","template":"","meta":{"content-type":"","footnotes":""},"class_list":["post-7600","page","type-page","status-publish","hentry"],"acf":[],"yoast_head":"<!-- This site is optimized with the Yoast SEO Premium plugin v26.9 (Yoast SEO v27.3) - https:\/\/yoast.com\/product\/yoast-seo-premium-wordpress\/ -->\n<title>Informe Frost &amp; Sullivan 2021 - sandsiv+<\/title>\n<meta name=\"description\" content=\"SANDSIV ha sido galardonado con el premio Frost &amp; Sullivan 2021 para el sector europeo de soluciones software de voz del cliente (VoC).\" \/>\n<meta name=\"robots\" content=\"index, follow, max-snippet:-1, max-image-preview:large, max-video-preview:-1\" \/>\n<link rel=\"canonical\" href=\"https:\/\/sandsiv.com\/es\/informe-frost-sullivan-2021\/\" \/>\n<meta property=\"og:locale\" content=\"es_ES\" \/>\n<meta property=\"og:type\" content=\"article\" \/>\n<meta property=\"og:title\" content=\"Informe Frost &amp; Sullivan 2021\" \/>\n<meta property=\"og:description\" content=\"SANDSIV ha sido galardonado con el premio Frost &amp; Sullivan 2021 para el sector europeo de soluciones software de voz del cliente (VoC).\" \/>\n<meta property=\"og:url\" content=\"https:\/\/sandsiv.com\/es\/informe-frost-sullivan-2021\/\" \/>\n<meta property=\"og:site_name\" content=\"sandsiv+\" \/>\n<meta property=\"article:modified_time\" content=\"2023-05-11T13:41:19+00:00\" \/>\n<meta name=\"twitter:card\" content=\"summary_large_image\" \/>\n<script type=\"application\/ld+json\" class=\"yoast-schema-graph\">{\"@context\":\"https:\\\/\\\/schema.org\",\"@graph\":[{\"@type\":\"WebPage\",\"@id\":\"https:\\\/\\\/sandsiv.com\\\/es\\\/informe-frost-sullivan-2021\\\/\",\"url\":\"https:\\\/\\\/sandsiv.com\\\/es\\\/informe-frost-sullivan-2021\\\/\",\"name\":\"Informe Frost & Sullivan 2021 - sandsiv+\",\"isPartOf\":{\"@id\":\"https:\\\/\\\/sandsiv.com\\\/#website\"},\"datePublished\":\"2021-08-09T09:50:09+00:00\",\"dateModified\":\"2023-05-11T13:41:19+00:00\",\"description\":\"SANDSIV ha sido galardonado con el premio Frost & Sullivan 2021 para el sector europeo de soluciones software de voz del cliente (VoC).\",\"breadcrumb\":{\"@id\":\"https:\\\/\\\/sandsiv.com\\\/es\\\/informe-frost-sullivan-2021\\\/#breadcrumb\"},\"inLanguage\":\"es\",\"potentialAction\":[{\"@type\":\"ReadAction\",\"target\":[\"https:\\\/\\\/sandsiv.com\\\/es\\\/informe-frost-sullivan-2021\\\/\"]}]},{\"@type\":\"BreadcrumbList\",\"@id\":\"https:\\\/\\\/sandsiv.com\\\/es\\\/informe-frost-sullivan-2021\\\/#breadcrumb\",\"itemListElement\":[{\"@type\":\"ListItem\",\"position\":1,\"name\":\"Home\",\"item\":\"https:\\\/\\\/sandsiv.com\\\/es\\\/\"},{\"@type\":\"ListItem\",\"position\":2,\"name\":\"Informe Frost &#038; Sullivan 2021\"}]},{\"@type\":\"WebSite\",\"@id\":\"https:\\\/\\\/sandsiv.com\\\/#website\",\"url\":\"https:\\\/\\\/sandsiv.com\\\/\",\"name\":\"sandsiv+\",\"description\":\"Customer Intelligence Made In Switzerland\",\"publisher\":{\"@id\":\"https:\\\/\\\/sandsiv.com\\\/#organization\"},\"potentialAction\":[{\"@type\":\"SearchAction\",\"target\":{\"@type\":\"EntryPoint\",\"urlTemplate\":\"https:\\\/\\\/sandsiv.com\\\/?s={search_term_string}\"},\"query-input\":{\"@type\":\"PropertyValueSpecification\",\"valueRequired\":true,\"valueName\":\"search_term_string\"}}],\"inLanguage\":\"es\"},{\"@type\":\"Organization\",\"@id\":\"https:\\\/\\\/sandsiv.com\\\/#organization\",\"name\":\"sandsiv+\",\"url\":\"https:\\\/\\\/sandsiv.com\\\/\",\"logo\":{\"@type\":\"ImageObject\",\"inLanguage\":\"es\",\"@id\":\"https:\\\/\\\/sandsiv.com\\\/#\\\/schema\\\/logo\\\/image\\\/\",\"url\":\"https:\\\/\\\/sandsiv.com\\\/wp-content\\\/uploads\\\/2021\\\/08\\\/logo-light-normal.svg\",\"contentUrl\":\"https:\\\/\\\/sandsiv.com\\\/wp-content\\\/uploads\\\/2021\\\/08\\\/logo-light-normal.svg\",\"width\":376,\"height\":67,\"caption\":\"sandsiv+\"},\"image\":{\"@id\":\"https:\\\/\\\/sandsiv.com\\\/#\\\/schema\\\/logo\\\/image\\\/\"}}]}<\/script>\n<!-- \/ Yoast SEO Premium plugin. -->","yoast_head_json":{"title":"Informe Frost & Sullivan 2021 - sandsiv+","description":"SANDSIV ha sido galardonado con el premio Frost & Sullivan 2021 para el sector europeo de soluciones software de voz del cliente (VoC).","robots":{"index":"index","follow":"follow","max-snippet":"max-snippet:-1","max-image-preview":"max-image-preview:large","max-video-preview":"max-video-preview:-1"},"canonical":"https:\/\/sandsiv.com\/es\/informe-frost-sullivan-2021\/","og_locale":"es_ES","og_type":"article","og_title":"Informe Frost & Sullivan 2021","og_description":"SANDSIV ha sido galardonado con el premio Frost & Sullivan 2021 para el sector europeo de soluciones software de voz del cliente (VoC).","og_url":"https:\/\/sandsiv.com\/es\/informe-frost-sullivan-2021\/","og_site_name":"sandsiv+","article_modified_time":"2023-05-11T13:41:19+00:00","twitter_card":"summary_large_image","schema":{"@context":"https:\/\/schema.org","@graph":[{"@type":"WebPage","@id":"https:\/\/sandsiv.com\/es\/informe-frost-sullivan-2021\/","url":"https:\/\/sandsiv.com\/es\/informe-frost-sullivan-2021\/","name":"Informe Frost & Sullivan 2021 - sandsiv+","isPartOf":{"@id":"https:\/\/sandsiv.com\/#website"},"datePublished":"2021-08-09T09:50:09+00:00","dateModified":"2023-05-11T13:41:19+00:00","description":"SANDSIV ha sido galardonado con el premio Frost & Sullivan 2021 para el sector europeo de soluciones software de voz del cliente (VoC).","breadcrumb":{"@id":"https:\/\/sandsiv.com\/es\/informe-frost-sullivan-2021\/#breadcrumb"},"inLanguage":"es","potentialAction":[{"@type":"ReadAction","target":["https:\/\/sandsiv.com\/es\/informe-frost-sullivan-2021\/"]}]},{"@type":"BreadcrumbList","@id":"https:\/\/sandsiv.com\/es\/informe-frost-sullivan-2021\/#breadcrumb","itemListElement":[{"@type":"ListItem","position":1,"name":"Home","item":"https:\/\/sandsiv.com\/es\/"},{"@type":"ListItem","position":2,"name":"Informe Frost &#038; Sullivan 2021"}]},{"@type":"WebSite","@id":"https:\/\/sandsiv.com\/#website","url":"https:\/\/sandsiv.com\/","name":"sandsiv+","description":"Customer Intelligence Made In Switzerland","publisher":{"@id":"https:\/\/sandsiv.com\/#organization"},"potentialAction":[{"@type":"SearchAction","target":{"@type":"EntryPoint","urlTemplate":"https:\/\/sandsiv.com\/?s={search_term_string}"},"query-input":{"@type":"PropertyValueSpecification","valueRequired":true,"valueName":"search_term_string"}}],"inLanguage":"es"},{"@type":"Organization","@id":"https:\/\/sandsiv.com\/#organization","name":"sandsiv+","url":"https:\/\/sandsiv.com\/","logo":{"@type":"ImageObject","inLanguage":"es","@id":"https:\/\/sandsiv.com\/#\/schema\/logo\/image\/","url":"https:\/\/sandsiv.com\/wp-content\/uploads\/2021\/08\/logo-light-normal.svg","contentUrl":"https:\/\/sandsiv.com\/wp-content\/uploads\/2021\/08\/logo-light-normal.svg","width":376,"height":67,"caption":"sandsiv+"},"image":{"@id":"https:\/\/sandsiv.com\/#\/schema\/logo\/image\/"}}]}},"_links":{"self":[{"href":"https:\/\/sandsiv.com\/es\/wp-json\/wp\/v2\/pages\/7600","targetHints":{"allow":["GET"]}}],"collection":[{"href":"https:\/\/sandsiv.com\/es\/wp-json\/wp\/v2\/pages"}],"about":[{"href":"https:\/\/sandsiv.com\/es\/wp-json\/wp\/v2\/types\/page"}],"author":[{"embeddable":true,"href":"https:\/\/sandsiv.com\/es\/wp-json\/wp\/v2\/users\/5"}],"replies":[{"embeddable":true,"href":"https:\/\/sandsiv.com\/es\/wp-json\/wp\/v2\/comments?post=7600"}],"version-history":[{"count":0,"href":"https:\/\/sandsiv.com\/es\/wp-json\/wp\/v2\/pages\/7600\/revisions"}],"wp:attachment":[{"href":"https:\/\/sandsiv.com\/es\/wp-json\/wp\/v2\/media?parent=7600"}],"curies":[{"name":"wp","href":"https:\/\/api.w.org\/{rel}","templated":true}]}}