
{"id":7596,"date":"2022-03-30T14:05:07","date_gmt":"2022-03-30T14:05:07","guid":{"rendered":"https:\/\/sandsiv.wpengine.com\/2022-softwarereviews-voice-of-customer-data-quadrant\/"},"modified":"2023-05-11T12:58:34","modified_gmt":"2023-05-11T12:58:34","slug":"informe-de-softwarereviews","status":"publish","type":"page","link":"https:\/\/sandsiv.com\/es\/informe-de-softwarereviews\/","title":{"rendered":"Informe de SoftwareReviews"},"content":{"rendered":"<div id=\"banner-block_6110696a61026\"\r\n    class=\"banner scroll-fade\">\r\n    <div\r\n        class=\"module mt_0  mb_0\">\r\n        <div class=\"container\">\r\n            <div class=\"banner__inner\">\r\n                <div class=\"banner__data\">\r\n                                        <h1 class=\"heading\">Informe de SoftwareReviews<strong\r\n                            class=\"heading_red\">SANDSIV nombrado l\u00edder<\/strong>                    <\/h1>\r\n                                                            <div class=\"description\">SANDSIV obtuvo la mejor posici\u00f3n en el Cuadrante de Datos 2022 de SoftwareReviews para Voz del Cliente &#8211; impulsado por las rese\u00f1as de los usuarios.                    <\/div>                                                            <div class=\"banner__button\">\r\n                        <a href=\"https:\/\/sandsiv.wpengine.com\/request-a-demo\/\"\r\n                            class=\"btn\" _self                            >Quiero ver una demo<\/a>\r\n                    <\/div>\r\n                                                                            <\/div>\r\n                <div class=\"banner__media\">\r\n                                        <div class=\"banner__image\">\r\n                        <picture class=\"image\">\r\n                            <source srcset=\"https:\/\/sandsiv.com\/wp-content\/uploads\/2022\/03\/Voice-of-the-Customer-DQ-Image-March-2022.png\">\r\n                            <img decoding=\"async\" src=\"https:\/\/sandsiv.com\/wp-content\/uploads\/2022\/03\/Voice-of-the-Customer-DQ-Image-March-2022.png\"\r\n                                alt=\"SoftwareReviews\" \/>\r\n                        <\/picture>\r\n                    <\/div>\r\n                                                                            <\/div>\r\n            <\/div>\r\n        <\/div>\r\n    <\/div>\r\n<\/div>\n\n\n<div id=\"post_content_with_download_link_two_columns-block_611069a561027\" class=\"post_content_with_download_link_two_columns scroll-fade\">\n    <div class=\"module \">                \n        <div class=\"container\">\n            <div class=\"post_content_with_download_link_two_columns_inner\"> \n                \t\t\t\t\t<div class=\"content_section\">\n\t\t\t\t\t\t\t\t\t\t\t\t\t<div class=\"content_section_inner\">\n                                                                    <div class=\"heading_text\">\n                                        Desc\u00e1rgalo ahora                                    <\/div>\n                                                                                                    <div class=\"content\">\n                                        <p><span data-sheets-value=\"{&quot;1&quot;:2,&quot;2&quot;:&quot;SANDSIV es reconocido como Medalla de Oro y L\u00edder en el informe SoftwareReviews 2022 Voice of the Customer (VOC) Software Data Quadrant al lograr la puntuaci\u00f3n de satisfacci\u00f3n agregada m\u00e1s alta entre los proveedores de VOC de 8,8. SANDSIV tambi\u00e9n es reconocido como el proveedor de software n\u00ba 1 en la Huella Emocional 2022 de SoftwareReviews con una puntuaci\u00f3n de +94.&quot;}\" data-sheets-userformat=\"{&quot;2&quot;:4480,&quot;10&quot;:2,&quot;11&quot;:4,&quot;15&quot;:&quot;Arial&quot;}\">SANDSIV es reconocido como <strong>Medalla de Oro y L\u00edder<\/strong> en el informe de <em>SoftwareReviews 2022 Voice of the Customer (VOC) Software Data Quadrant<\/em> al lograr la puntuaci\u00f3n de satisfacci\u00f3n agregada m\u00e1s alta entre los proveedores de VOC de 8,8. SANDSIV tambi\u00e9n es reconocido como el proveedor de software n\u00ba 1 en la <em>Huella Emocional 2022 de SoftwareReviews<\/em> con una puntuaci\u00f3n de +94.<\/span><\/p>\n<h3><strong>SANDSIV ocupa el puesto n\u00ba 1 en:<\/strong><\/h3>\n<ul>\n<li>Disponibilidad y calidad de la formaci\u00f3n<\/li>\n<li>Amplitud de funciones<\/li>\n<li>Valor de negocio creado<\/li>\n<li>Facilidad de aplicaci\u00f3n<\/li>\n<li>Facilidad de gesti\u00f3n inform\u00e1tica<\/li>\n<li>Estrategia de producto e \u00edndice de mejora<\/li>\n<li>Alertas de asistencia a proveedores<\/li>\n<li>Marco API (interfaz de programaci\u00f3n de aplicaciones)<\/li>\n<li>Visualizaci\u00f3n de datos<\/li>\n<li>Recopilaci\u00f3n de datos multicanal<\/li>\n<li>An\u00e1lisis de sentimiento<\/li>\n<li>An\u00e1lisis de texto<\/li>\n<\/ul>\n<p>Desc\u00e1rgate el informe para saber por qu\u00e9 SANDSIV es el l\u00edder definitivo en este espacio, tanto en el contexto de la innovaci\u00f3n de productos como en el feedback positivo de los usuarios finales, y en qu\u00e9 categor\u00edas SANDSIV super\u00f3 a <strong>Medallia<\/strong> (con una puntuaci\u00f3n de 7,1) y <strong>Qualtrics<\/strong> (con una puntuaci\u00f3n de 7,9).<\/p>\n                                    <\/div>\n                                \t\t\t\t\t\t\t<\/div>\n\t\t\t\t\t\t\t\t\t\t\t<\/div>\n                                <div class=\"download_link_section\">\n                    <div class=\"download_link_section_inner\">\n                                                                                                                                                                                                                <div class=\"contact_form_section\">\n                                    <script type=\"text\/javascript\" src=\"https:\/\/mautic.sandsiv.com\/form\/generate.js?id=93\"><\/script>                                <\/div>\n                                                                                <\/div>\n\n\t\t\t\t\t<\/div>\n\n\n  \n            <\/div>\n        <\/div>\n    <\/div>\n<\/div>\n\n\r\n<div id=\"frames_section-block_63ee298f687eb\" class=\"frames_section scroll-fade\">\r\n    <div class=\"module mt_0  mb_0\">  \r\n        <div class=\"bg_clr_section bg_clr_turquoise\">               \r\n            <div class=\"container\">\r\n                <div class=\"frames_section_inner\"> \r\n                                            <div class=\"heading\">\r\n                            <span style=\"color: #404040;\">El mercado de los proveedores de CX es muy competitivo.<\/span>                        <\/div>\r\n                                                                <div class=\"text\">\r\n                            <p><span style=\"color: #404040;\">Elegir al socio adecuado es importante.<\/span><\/p>\n                        <\/div>\r\n                                                                <div class=\"button_section\">\r\n                            <a class=\"btn btn--white \" href=\"https:\/\/sandsiv.wpengine.com\/sandsiv-awards-recognitions\/\" >\r\n                                Descubre nuestros galardones                            <\/a>\r\n                        <\/div>\r\n                                    <\/div>\r\n            <\/div>\r\n        <\/div>\r\n    <\/div>\r\n<\/div>\n\n\r\n<div id=\"frames_section-block_61106b1d61029\" class=\"frames_section scroll-fade\">\r\n    <div class=\"module mt_0  mb_0\">  \r\n        <div class=\"bg_clr_section bg_clr_red\">               \r\n            <div class=\"container\">\r\n                <div class=\"frames_section_inner\"> \r\n                                            <div class=\"heading\">\r\n                            Empieza a crecer con sandsiv+ hoy mismo                        <\/div>\r\n                                                                                    <div class=\"button_section\">\r\n                            <a class=\"btn btn--white \" href=\"https:\/\/sandsiv.wpengine.com\/request-a-demo\/\" >\r\n                                Quiero ver una demo                            <\/a>\r\n                        <\/div>\r\n                                    <\/div>\r\n            <\/div>\r\n        <\/div>\r\n    <\/div>\r\n<\/div>\n\n\n<p><\/p>\n","protected":false},"excerpt":{"rendered":"","protected":false},"author":5,"featured_media":0,"parent":0,"menu_order":0,"comment_status":"closed","ping_status":"closed","template":"","meta":{"content-type":"","footnotes":""},"class_list":["post-7596","page","type-page","status-publish","hentry"],"acf":[],"yoast_head":"<!-- This site is optimized with the Yoast SEO Premium plugin v26.9 (Yoast SEO v27.4) - https:\/\/yoast.com\/product\/yoast-seo-premium-wordpress\/ -->\n<title>Informe de SoftwareReviews - sandsiv+<\/title>\n<meta name=\"description\" content=\"SANDSIV es reconocido como Medalla de Oro y L\u00edder en el informe de SoftwareReviews 2022 Voice of the Customer (VOC) Software Data Quadrant.\" \/>\n<meta name=\"robots\" content=\"index, follow, max-snippet:-1, max-image-preview:large, max-video-preview:-1\" \/>\n<link rel=\"canonical\" href=\"https:\/\/sandsiv.com\/es\/informe-de-softwarereviews\/\" \/>\n<meta property=\"og:locale\" content=\"es_ES\" \/>\n<meta property=\"og:type\" content=\"article\" \/>\n<meta property=\"og:title\" content=\"Informe de SoftwareReviews\" \/>\n<meta property=\"og:description\" content=\"SANDSIV es reconocido como Medalla de Oro y L\u00edder en el informe de SoftwareReviews 2022 Voice of the Customer (VOC) Software Data Quadrant.\" \/>\n<meta property=\"og:url\" content=\"https:\/\/sandsiv.com\/es\/informe-de-softwarereviews\/\" \/>\n<meta property=\"og:site_name\" content=\"sandsiv+\" \/>\n<meta property=\"article:modified_time\" content=\"2023-05-11T12:58:34+00:00\" \/>\n<meta name=\"twitter:card\" content=\"summary_large_image\" \/>\n<script type=\"application\/ld+json\" class=\"yoast-schema-graph\">{\"@context\":\"https:\\\/\\\/schema.org\",\"@graph\":[{\"@type\":\"WebPage\",\"@id\":\"https:\\\/\\\/sandsiv.com\\\/es\\\/informe-de-softwarereviews\\\/\",\"url\":\"https:\\\/\\\/sandsiv.com\\\/es\\\/informe-de-softwarereviews\\\/\",\"name\":\"Informe de SoftwareReviews - sandsiv+\",\"isPartOf\":{\"@id\":\"https:\\\/\\\/sandsiv.com\\\/#website\"},\"datePublished\":\"2022-03-30T14:05:07+00:00\",\"dateModified\":\"2023-05-11T12:58:34+00:00\",\"description\":\"SANDSIV es reconocido como Medalla de Oro y L\u00edder en el informe de SoftwareReviews 2022 Voice of the Customer (VOC) Software Data Quadrant.\",\"breadcrumb\":{\"@id\":\"https:\\\/\\\/sandsiv.com\\\/es\\\/informe-de-softwarereviews\\\/#breadcrumb\"},\"inLanguage\":\"es\",\"potentialAction\":[{\"@type\":\"ReadAction\",\"target\":[\"https:\\\/\\\/sandsiv.com\\\/es\\\/informe-de-softwarereviews\\\/\"]}]},{\"@type\":\"BreadcrumbList\",\"@id\":\"https:\\\/\\\/sandsiv.com\\\/es\\\/informe-de-softwarereviews\\\/#breadcrumb\",\"itemListElement\":[{\"@type\":\"ListItem\",\"position\":1,\"name\":\"Home\",\"item\":\"https:\\\/\\\/sandsiv.com\\\/es\\\/\"},{\"@type\":\"ListItem\",\"position\":2,\"name\":\"Informe de SoftwareReviews\"}]},{\"@type\":\"WebSite\",\"@id\":\"https:\\\/\\\/sandsiv.com\\\/#website\",\"url\":\"https:\\\/\\\/sandsiv.com\\\/\",\"name\":\"sandsiv+\",\"description\":\"Customer Intelligence Made In Switzerland\",\"publisher\":{\"@id\":\"https:\\\/\\\/sandsiv.com\\\/#organization\"},\"potentialAction\":[{\"@type\":\"SearchAction\",\"target\":{\"@type\":\"EntryPoint\",\"urlTemplate\":\"https:\\\/\\\/sandsiv.com\\\/?s={search_term_string}\"},\"query-input\":{\"@type\":\"PropertyValueSpecification\",\"valueRequired\":true,\"valueName\":\"search_term_string\"}}],\"inLanguage\":\"es\"},{\"@type\":\"Organization\",\"@id\":\"https:\\\/\\\/sandsiv.com\\\/#organization\",\"name\":\"sandsiv+\",\"url\":\"https:\\\/\\\/sandsiv.com\\\/\",\"logo\":{\"@type\":\"ImageObject\",\"inLanguage\":\"es\",\"@id\":\"https:\\\/\\\/sandsiv.com\\\/#\\\/schema\\\/logo\\\/image\\\/\",\"url\":\"https:\\\/\\\/sandsiv.com\\\/wp-content\\\/uploads\\\/2021\\\/08\\\/logo-light-normal.svg\",\"contentUrl\":\"https:\\\/\\\/sandsiv.com\\\/wp-content\\\/uploads\\\/2021\\\/08\\\/logo-light-normal.svg\",\"width\":376,\"height\":67,\"caption\":\"sandsiv+\"},\"image\":{\"@id\":\"https:\\\/\\\/sandsiv.com\\\/#\\\/schema\\\/logo\\\/image\\\/\"}}]}<\/script>\n<!-- \/ Yoast SEO Premium plugin. -->","yoast_head_json":{"title":"Informe de SoftwareReviews - sandsiv+","description":"SANDSIV es reconocido como Medalla de Oro y L\u00edder en el informe de SoftwareReviews 2022 Voice of the Customer (VOC) Software Data Quadrant.","robots":{"index":"index","follow":"follow","max-snippet":"max-snippet:-1","max-image-preview":"max-image-preview:large","max-video-preview":"max-video-preview:-1"},"canonical":"https:\/\/sandsiv.com\/es\/informe-de-softwarereviews\/","og_locale":"es_ES","og_type":"article","og_title":"Informe de SoftwareReviews","og_description":"SANDSIV es reconocido como Medalla de Oro y L\u00edder en el informe de SoftwareReviews 2022 Voice of the Customer (VOC) Software Data Quadrant.","og_url":"https:\/\/sandsiv.com\/es\/informe-de-softwarereviews\/","og_site_name":"sandsiv+","article_modified_time":"2023-05-11T12:58:34+00:00","twitter_card":"summary_large_image","schema":{"@context":"https:\/\/schema.org","@graph":[{"@type":"WebPage","@id":"https:\/\/sandsiv.com\/es\/informe-de-softwarereviews\/","url":"https:\/\/sandsiv.com\/es\/informe-de-softwarereviews\/","name":"Informe de SoftwareReviews - sandsiv+","isPartOf":{"@id":"https:\/\/sandsiv.com\/#website"},"datePublished":"2022-03-30T14:05:07+00:00","dateModified":"2023-05-11T12:58:34+00:00","description":"SANDSIV es reconocido como Medalla de Oro y L\u00edder en el informe de SoftwareReviews 2022 Voice of the Customer (VOC) Software Data Quadrant.","breadcrumb":{"@id":"https:\/\/sandsiv.com\/es\/informe-de-softwarereviews\/#breadcrumb"},"inLanguage":"es","potentialAction":[{"@type":"ReadAction","target":["https:\/\/sandsiv.com\/es\/informe-de-softwarereviews\/"]}]},{"@type":"BreadcrumbList","@id":"https:\/\/sandsiv.com\/es\/informe-de-softwarereviews\/#breadcrumb","itemListElement":[{"@type":"ListItem","position":1,"name":"Home","item":"https:\/\/sandsiv.com\/es\/"},{"@type":"ListItem","position":2,"name":"Informe de SoftwareReviews"}]},{"@type":"WebSite","@id":"https:\/\/sandsiv.com\/#website","url":"https:\/\/sandsiv.com\/","name":"sandsiv+","description":"Customer Intelligence Made In Switzerland","publisher":{"@id":"https:\/\/sandsiv.com\/#organization"},"potentialAction":[{"@type":"SearchAction","target":{"@type":"EntryPoint","urlTemplate":"https:\/\/sandsiv.com\/?s={search_term_string}"},"query-input":{"@type":"PropertyValueSpecification","valueRequired":true,"valueName":"search_term_string"}}],"inLanguage":"es"},{"@type":"Organization","@id":"https:\/\/sandsiv.com\/#organization","name":"sandsiv+","url":"https:\/\/sandsiv.com\/","logo":{"@type":"ImageObject","inLanguage":"es","@id":"https:\/\/sandsiv.com\/#\/schema\/logo\/image\/","url":"https:\/\/sandsiv.com\/wp-content\/uploads\/2021\/08\/logo-light-normal.svg","contentUrl":"https:\/\/sandsiv.com\/wp-content\/uploads\/2021\/08\/logo-light-normal.svg","width":376,"height":67,"caption":"sandsiv+"},"image":{"@id":"https:\/\/sandsiv.com\/#\/schema\/logo\/image\/"}}]}},"_links":{"self":[{"href":"https:\/\/sandsiv.com\/es\/wp-json\/wp\/v2\/pages\/7596","targetHints":{"allow":["GET"]}}],"collection":[{"href":"https:\/\/sandsiv.com\/es\/wp-json\/wp\/v2\/pages"}],"about":[{"href":"https:\/\/sandsiv.com\/es\/wp-json\/wp\/v2\/types\/page"}],"author":[{"embeddable":true,"href":"https:\/\/sandsiv.com\/es\/wp-json\/wp\/v2\/users\/5"}],"replies":[{"embeddable":true,"href":"https:\/\/sandsiv.com\/es\/wp-json\/wp\/v2\/comments?post=7596"}],"version-history":[{"count":0,"href":"https:\/\/sandsiv.com\/es\/wp-json\/wp\/v2\/pages\/7596\/revisions"}],"wp:attachment":[{"href":"https:\/\/sandsiv.com\/es\/wp-json\/wp\/v2\/media?parent=7596"}],"curies":[{"name":"wp","href":"https:\/\/api.w.org\/{rel}","templated":true}]}}