
{"id":7592,"date":"2022-12-14T12:59:21","date_gmt":"2022-12-14T12:59:21","guid":{"rendered":"https:\/\/sandsiv.wpengine.com\/frost-sullivan-voc-leadership-award-2022\/"},"modified":"2023-09-05T12:15:42","modified_gmt":"2023-09-05T12:15:42","slug":"premio-frost-sullivan-2022","status":"publish","type":"page","link":"https:\/\/sandsiv.com\/es\/premio-frost-sullivan-2022\/","title":{"rendered":"Premio Frost &#038; Sullivan 2022"},"content":{"rendered":"<div id=\"banner-block_7c7e76d502fc2fdca51c83cacc5872ea\"\r\n    class=\"banner scroll-fade\">\r\n    <div\r\n        class=\"module mt_0  mb_0\">\r\n        <div class=\"container\">\r\n            <div class=\"banner__inner\">\r\n                <div class=\"banner__data\">\r\n                                        <h1 class=\"heading\">Premio Frost &#038; Sullivan 2022<strong\r\n                            class=\"heading_red\">al liderazgo de producto<\/strong>                    <\/h1>\r\n                                                            <div class=\"description\">Frost &#038; Sullivan premia a SANDSIV 2022 como l\u00edder de producto en el sector europeo de soluciones de software de Voz del Cliente (VoC)                    <\/div>                                                            <div class=\"banner__button\">\r\n                        <a href=\"https:\/\/sandsiv.com\/es\/contacto\/\"\r\n                            class=\"btn\" _self                            >Hablemos<\/a>\r\n                    <\/div>\r\n                                                                            <\/div>\r\n                <div class=\"banner__media\">\r\n                                        <div class=\"banner__image\">\r\n                        <picture class=\"image\">\r\n                            <source srcset=\"https:\/\/sandsiv.com\/wp-content\/uploads\/2022\/12\/SANDSIV-FS_Award-report_2022_VoC.png\">\r\n                            <img decoding=\"async\" src=\"https:\/\/sandsiv.com\/wp-content\/uploads\/2022\/12\/SANDSIV-FS_Award-report_2022_VoC.png\"\r\n                                alt=\"Frost &#038; Sullivan leadership award 2022\" \/>\r\n                        <\/picture>\r\n                    <\/div>\r\n                                                                            <\/div>\r\n            <\/div>\r\n        <\/div>\r\n    <\/div>\r\n<\/div>\n\n\n<div id=\"post_content_with_download_link_two_columns-block_a4e585d9018305ec1724302216c617e2\" class=\"post_content_with_download_link_two_columns scroll-fade\">\n    <div class=\"module \">                \n        <div class=\"container\">\n            <div class=\"post_content_with_download_link_two_columns_inner\"> \n                \t\t\t\t\t<div class=\"content_section\">\n\t\t\t\t\t\t\t\t\t\t\t\t\t<div class=\"content_section_inner\">\n                                                                    <div class=\"heading_text\">\n                                        Premio Frost &#038; Sullivan 2022                                    <\/div>\n                                                                                                    <div class=\"content\">\n                                        <p><span data-sheets-value=\"{&quot;1&quot;:2,&quot;2&quot;:&quot;Frost &amp; Sullivan aplica un riguroso proceso anal\u00edtico para evaluar a los m\u00faltiples nominados para cada categor\u00eda del Premio antes de determinar el galardonado final. El proceso implica una evaluaci\u00f3n detallada de los criterios de mejores pr\u00e1cticas en dos dimensiones (atributos de la cartera de productos e impacto empresarial) para cada empresa nominada.&quot;}\" data-sheets-userformat=\"{&quot;2&quot;:4480,&quot;10&quot;:2,&quot;11&quot;:4,&quot;15&quot;:&quot;Arial&quot;}\">Frost &amp; Sullivan aplica un riguroso proceso anal\u00edtico para evaluar a los m\u00faltiples nominados para cada categor\u00eda del Premio antes de determinar el galardonado final. El proceso implica una evaluaci\u00f3n detallada de los criterios de mejores pr\u00e1cticas en dos dimensiones (atributos de la cartera de productos e impacto empresarial) para cada empresa nominada.<\/span><\/p>\n<p><span data-sheets-value=\"{&quot;1&quot;:2,&quot;2&quot;:&quot;SANDSIV destaca en muchos de los criterios del \u00e1rea de an\u00e1lisis de la voz del cliente. Gracias a su tecnolog\u00eda de vanguardia, su sencilla interfaz de usuario, su arquitectura modular y segura, y su completo programa de formaci\u00f3n e incorporaci\u00f3n, SANDSIV supera a la competencia y gana el premio Frost &amp; Sullivan Product Leadership Award 2022.&quot;}\" data-sheets-userformat=\"{&quot;2&quot;:4480,&quot;10&quot;:2,&quot;11&quot;:4,&quot;15&quot;:&quot;Arial&quot;}\">SANDSIV destaca en muchos de los criterios del \u00e1rea de an\u00e1lisis de la voz del cliente. Gracias a su tecnolog\u00eda de vanguardia, su sencilla interfaz de usuario, su arquitectura modular y segura, y su completo programa de formaci\u00f3n e incorporaci\u00f3n, SANDSIV supera a la competencia y gana el premio Frost &amp; Sullivan Product Leadership Award 2022.<\/span><\/p>\n<h3><span data-sheets-value=\"{&quot;1&quot;:2,&quot;2&quot;:&quot;Lee el informe para aprender:&quot;}\" data-sheets-userformat=\"{&quot;2&quot;:4480,&quot;10&quot;:2,&quot;11&quot;:4,&quot;15&quot;:&quot;Arial&quot;}\">Lee el informe para aprender:<\/span><\/h3>\n<ul>\n<li>La importancia de ganar los premios Frost &amp; Sullivan Best Practices.<\/li>\n<li>Por qu\u00e9 SANDSIV fue reconocida como producto l\u00edder en 2022 en la industria europea de VoC.<\/li>\n<li>Visi\u00f3n estrat\u00e9gica del mercado de la VoC<\/li>\n<\/ul>\n                                    <\/div>\n                                \t\t\t\t\t\t\t<\/div>\n\t\t\t\t\t\t\t\t\t\t\t<\/div>\n                                <div class=\"download_link_section\">\n                    <div class=\"download_link_section_inner\">\n                                                                                                                                                                                                                <div class=\"contact_form_section\">\n                                    <script type=\"text\/javascript\" src=\"https:\/\/mautic.sandsiv.com\/form\/generate.js?id=92\"><\/script>                                <\/div>\n                                                                                <\/div>\n\n\t\t\t\t\t<\/div>\n\n\n  \n            <\/div>\n        <\/div>\n    <\/div>\n<\/div>\n\n\r\n<div id=\"frames_section-block_d7c6de3149f028ae206bc2e31ce477d5\" class=\"frames_section scroll-fade\">\r\n    <div class=\"module mt_0  mb_0\">  \r\n        <div class=\"bg_clr_section bg_clr_turquoise\">               \r\n            <div class=\"container\">\r\n                <div class=\"frames_section_inner\"> \r\n                                            <div class=\"heading\">\r\n                            <span style=\"color: #404040;\">El mercado de los proveedores de CX es muy competitivo.<\/span>                        <\/div>\r\n                                                                <div class=\"text\">\r\n                            <p><span style=\"color: #404040;\">Elegir al socio adecuado es importante.<\/span><\/p>\n                        <\/div>\r\n                                                                <div class=\"button_section\">\r\n                            <a class=\"btn btn--white \" href=\"https:\/\/sandsiv.com\/es\/premios-y-reconocimientos\/\" >\r\n                                Descubre nuestros galardones                            <\/a>\r\n                        <\/div>\r\n                                    <\/div>\r\n            <\/div>\r\n        <\/div>\r\n    <\/div>\r\n<\/div>\n\n\r\n<div id=\"frames_section-block_ef383a6154d71796c372b0876d31ddb3\" class=\"frames_section scroll-fade\">\r\n    <div class=\"module mt_0  mb_0\">  \r\n        <div class=\"bg_clr_section bg_clr_red\">               \r\n            <div class=\"container\">\r\n                <div class=\"frames_section_inner\"> \r\n                                            <div class=\"heading\">\r\n                            Empieza a crecer con sandsiv+ hoy mismo                        <\/div>\r\n                                                                                    <div class=\"button_section\">\r\n                            <a class=\"btn btn--white \" href=\"https:\/\/sandsiv.com\/es\/quiero-ver-una-demo\/\" >\r\n                                Quiero ver una demo                            <\/a>\r\n                        <\/div>\r\n                                    <\/div>\r\n            <\/div>\r\n        <\/div>\r\n    <\/div>\r\n<\/div>\n\n\n<p><\/p>\n","protected":false},"excerpt":{"rendered":"","protected":false},"author":5,"featured_media":0,"parent":0,"menu_order":0,"comment_status":"closed","ping_status":"closed","template":"","meta":{"content-type":"","footnotes":""},"class_list":["post-7592","page","type-page","status-publish","hentry"],"acf":[],"yoast_head":"<!-- This site is optimized with the Yoast SEO Premium plugin v26.9 (Yoast SEO v27.3) - https:\/\/yoast.com\/product\/yoast-seo-premium-wordpress\/ -->\n<title>Premio Frost &amp; Sullivan 2022 - sandsiv+<\/title>\n<meta name=\"description\" content=\"Descubre el premio Frost &amp; Sullivan 2022 que reconoce a SANDSIV como L\u00edder de producto de soluciones software de Voz del Cliente (VoC).\" \/>\n<meta name=\"robots\" content=\"index, follow, max-snippet:-1, max-image-preview:large, max-video-preview:-1\" \/>\n<link rel=\"canonical\" href=\"https:\/\/sandsiv.com\/es\/premio-frost-sullivan-2022\/\" \/>\n<meta property=\"og:locale\" content=\"es_ES\" \/>\n<meta property=\"og:type\" content=\"article\" \/>\n<meta property=\"og:title\" content=\"Premio Frost &amp; Sullivan 2022\" \/>\n<meta property=\"og:description\" content=\"Descubre el premio Frost &amp; Sullivan 2022 que reconoce a SANDSIV como L\u00edder de producto de soluciones software de Voz del Cliente (VoC).\" \/>\n<meta property=\"og:url\" content=\"https:\/\/sandsiv.com\/es\/premio-frost-sullivan-2022\/\" \/>\n<meta property=\"og:site_name\" content=\"sandsiv+\" \/>\n<meta property=\"article:modified_time\" content=\"2023-09-05T12:15:42+00:00\" \/>\n<meta name=\"twitter:card\" content=\"summary_large_image\" \/>\n<script type=\"application\/ld+json\" class=\"yoast-schema-graph\">{\"@context\":\"https:\\\/\\\/schema.org\",\"@graph\":[{\"@type\":\"WebPage\",\"@id\":\"https:\\\/\\\/sandsiv.com\\\/es\\\/premio-frost-sullivan-2022\\\/\",\"url\":\"https:\\\/\\\/sandsiv.com\\\/es\\\/premio-frost-sullivan-2022\\\/\",\"name\":\"Premio Frost & Sullivan 2022 - sandsiv+\",\"isPartOf\":{\"@id\":\"https:\\\/\\\/sandsiv.com\\\/#website\"},\"datePublished\":\"2022-12-14T12:59:21+00:00\",\"dateModified\":\"2023-09-05T12:15:42+00:00\",\"description\":\"Descubre el premio Frost & Sullivan 2022 que reconoce a SANDSIV como L\u00edder de producto de soluciones software de Voz del Cliente (VoC).\",\"breadcrumb\":{\"@id\":\"https:\\\/\\\/sandsiv.com\\\/es\\\/premio-frost-sullivan-2022\\\/#breadcrumb\"},\"inLanguage\":\"es\",\"potentialAction\":[{\"@type\":\"ReadAction\",\"target\":[\"https:\\\/\\\/sandsiv.com\\\/es\\\/premio-frost-sullivan-2022\\\/\"]}]},{\"@type\":\"BreadcrumbList\",\"@id\":\"https:\\\/\\\/sandsiv.com\\\/es\\\/premio-frost-sullivan-2022\\\/#breadcrumb\",\"itemListElement\":[{\"@type\":\"ListItem\",\"position\":1,\"name\":\"Home\",\"item\":\"https:\\\/\\\/sandsiv.com\\\/es\\\/\"},{\"@type\":\"ListItem\",\"position\":2,\"name\":\"Premio Frost &#038; Sullivan 2022\"}]},{\"@type\":\"WebSite\",\"@id\":\"https:\\\/\\\/sandsiv.com\\\/#website\",\"url\":\"https:\\\/\\\/sandsiv.com\\\/\",\"name\":\"sandsiv+\",\"description\":\"Customer Intelligence Made In Switzerland\",\"publisher\":{\"@id\":\"https:\\\/\\\/sandsiv.com\\\/#organization\"},\"potentialAction\":[{\"@type\":\"SearchAction\",\"target\":{\"@type\":\"EntryPoint\",\"urlTemplate\":\"https:\\\/\\\/sandsiv.com\\\/?s={search_term_string}\"},\"query-input\":{\"@type\":\"PropertyValueSpecification\",\"valueRequired\":true,\"valueName\":\"search_term_string\"}}],\"inLanguage\":\"es\"},{\"@type\":\"Organization\",\"@id\":\"https:\\\/\\\/sandsiv.com\\\/#organization\",\"name\":\"sandsiv+\",\"url\":\"https:\\\/\\\/sandsiv.com\\\/\",\"logo\":{\"@type\":\"ImageObject\",\"inLanguage\":\"es\",\"@id\":\"https:\\\/\\\/sandsiv.com\\\/#\\\/schema\\\/logo\\\/image\\\/\",\"url\":\"https:\\\/\\\/sandsiv.com\\\/wp-content\\\/uploads\\\/2021\\\/08\\\/logo-light-normal.svg\",\"contentUrl\":\"https:\\\/\\\/sandsiv.com\\\/wp-content\\\/uploads\\\/2021\\\/08\\\/logo-light-normal.svg\",\"width\":376,\"height\":67,\"caption\":\"sandsiv+\"},\"image\":{\"@id\":\"https:\\\/\\\/sandsiv.com\\\/#\\\/schema\\\/logo\\\/image\\\/\"}}]}<\/script>\n<!-- \/ Yoast SEO Premium plugin. -->","yoast_head_json":{"title":"Premio Frost & Sullivan 2022 - sandsiv+","description":"Descubre el premio Frost & Sullivan 2022 que reconoce a SANDSIV como L\u00edder de producto de soluciones software de Voz del Cliente (VoC).","robots":{"index":"index","follow":"follow","max-snippet":"max-snippet:-1","max-image-preview":"max-image-preview:large","max-video-preview":"max-video-preview:-1"},"canonical":"https:\/\/sandsiv.com\/es\/premio-frost-sullivan-2022\/","og_locale":"es_ES","og_type":"article","og_title":"Premio Frost & Sullivan 2022","og_description":"Descubre el premio Frost & Sullivan 2022 que reconoce a SANDSIV como L\u00edder de producto de soluciones software de Voz del Cliente (VoC).","og_url":"https:\/\/sandsiv.com\/es\/premio-frost-sullivan-2022\/","og_site_name":"sandsiv+","article_modified_time":"2023-09-05T12:15:42+00:00","twitter_card":"summary_large_image","schema":{"@context":"https:\/\/schema.org","@graph":[{"@type":"WebPage","@id":"https:\/\/sandsiv.com\/es\/premio-frost-sullivan-2022\/","url":"https:\/\/sandsiv.com\/es\/premio-frost-sullivan-2022\/","name":"Premio Frost & Sullivan 2022 - sandsiv+","isPartOf":{"@id":"https:\/\/sandsiv.com\/#website"},"datePublished":"2022-12-14T12:59:21+00:00","dateModified":"2023-09-05T12:15:42+00:00","description":"Descubre el premio Frost & Sullivan 2022 que reconoce a SANDSIV como L\u00edder de producto de soluciones software de Voz del Cliente (VoC).","breadcrumb":{"@id":"https:\/\/sandsiv.com\/es\/premio-frost-sullivan-2022\/#breadcrumb"},"inLanguage":"es","potentialAction":[{"@type":"ReadAction","target":["https:\/\/sandsiv.com\/es\/premio-frost-sullivan-2022\/"]}]},{"@type":"BreadcrumbList","@id":"https:\/\/sandsiv.com\/es\/premio-frost-sullivan-2022\/#breadcrumb","itemListElement":[{"@type":"ListItem","position":1,"name":"Home","item":"https:\/\/sandsiv.com\/es\/"},{"@type":"ListItem","position":2,"name":"Premio Frost &#038; Sullivan 2022"}]},{"@type":"WebSite","@id":"https:\/\/sandsiv.com\/#website","url":"https:\/\/sandsiv.com\/","name":"sandsiv+","description":"Customer Intelligence Made In Switzerland","publisher":{"@id":"https:\/\/sandsiv.com\/#organization"},"potentialAction":[{"@type":"SearchAction","target":{"@type":"EntryPoint","urlTemplate":"https:\/\/sandsiv.com\/?s={search_term_string}"},"query-input":{"@type":"PropertyValueSpecification","valueRequired":true,"valueName":"search_term_string"}}],"inLanguage":"es"},{"@type":"Organization","@id":"https:\/\/sandsiv.com\/#organization","name":"sandsiv+","url":"https:\/\/sandsiv.com\/","logo":{"@type":"ImageObject","inLanguage":"es","@id":"https:\/\/sandsiv.com\/#\/schema\/logo\/image\/","url":"https:\/\/sandsiv.com\/wp-content\/uploads\/2021\/08\/logo-light-normal.svg","contentUrl":"https:\/\/sandsiv.com\/wp-content\/uploads\/2021\/08\/logo-light-normal.svg","width":376,"height":67,"caption":"sandsiv+"},"image":{"@id":"https:\/\/sandsiv.com\/#\/schema\/logo\/image\/"}}]}},"_links":{"self":[{"href":"https:\/\/sandsiv.com\/es\/wp-json\/wp\/v2\/pages\/7592","targetHints":{"allow":["GET"]}}],"collection":[{"href":"https:\/\/sandsiv.com\/es\/wp-json\/wp\/v2\/pages"}],"about":[{"href":"https:\/\/sandsiv.com\/es\/wp-json\/wp\/v2\/types\/page"}],"author":[{"embeddable":true,"href":"https:\/\/sandsiv.com\/es\/wp-json\/wp\/v2\/users\/5"}],"replies":[{"embeddable":true,"href":"https:\/\/sandsiv.com\/es\/wp-json\/wp\/v2\/comments?post=7592"}],"version-history":[{"count":0,"href":"https:\/\/sandsiv.com\/es\/wp-json\/wp\/v2\/pages\/7592\/revisions"}],"wp:attachment":[{"href":"https:\/\/sandsiv.com\/es\/wp-json\/wp\/v2\/media?parent=7592"}],"curies":[{"name":"wp","href":"https:\/\/api.w.org\/{rel}","templated":true}]}}