
{"id":7578,"date":"2022-07-25T14:54:19","date_gmt":"2022-07-25T14:54:19","guid":{"rendered":"https:\/\/sandsiv.wpengine.com\/tag-managers\/"},"modified":"2023-05-10T10:03:47","modified_gmt":"2023-05-10T10:03:47","slug":"etiquetas","status":"publish","type":"page","link":"https:\/\/sandsiv.com\/es\/etiquetas\/","title":{"rendered":"Etiquetas"},"content":{"rendered":"<div id=\"banner-block_610989cd7d283\"\r\n    class=\"banner scroll-fade\">\r\n    <div\r\n        class=\"module mt_0  mb_0\">\r\n        <div class=\"container\">\r\n            <div class=\"banner__inner\">\r\n                <div class=\"banner__data\">\r\n                                        <h1 class=\"heading\">La forma m\u00e1s f\u00e1cil<strong\r\n                            class=\"heading_red\">de integrar<\/strong>                    <\/h1>\r\n                                                            <div class=\"description\">Una forma r\u00e1pida y sencilla de conectar tus etiquetas y clientes.                    <\/div>                                                            <div class=\"banner__button\">\r\n                        <a href=\"https:\/\/mautic.sandsiv.com\/asset\/108:sandsiv-tag-managerpdf\"\r\n                            class=\"btn\" _self                            >Descarga las istrucciones<\/a>\r\n                    <\/div>\r\n                                                                            <\/div>\r\n                <div class=\"banner__media\">\r\n                                        <div class=\"banner__image\">\r\n                        <picture class=\"image\">\r\n                            <source srcset=\"https:\/\/sandsiv.com\/wp-content\/uploads\/2022\/07\/sandsiv-social-LI-22.png\">\r\n                            <img decoding=\"async\" src=\"https:\/\/sandsiv.com\/wp-content\/uploads\/2022\/07\/sandsiv-social-LI-22.png\"\r\n                                alt=\"\" \/>\r\n                        <\/picture>\r\n                    <\/div>\r\n                                                                            <\/div>\r\n            <\/div>\r\n        <\/div>\r\n    <\/div>\r\n<\/div>\n\n\r\n<div id=\"frames_section-block_610989e07d284\" class=\"frames_section scroll-fade\">\r\n    <div class=\"module mt_0  mb_0\">  \r\n        <div class=\"bg_clr_section bg_clr_turquoise\">               \r\n            <div class=\"container\">\r\n                <div class=\"frames_section_inner\"> \r\n                                            <div class=\"heading\">\r\n                            <span style=\"color: #404040;\">Integraciones de sandsiv+ con el gestor de etiquetas<\/span>                        <\/div>\r\n                                                                <div class=\"text\">\r\n                            <p><span style=\"color: #404040;\">Con una simple llamada a tu tag manager, ahora puedes conectar r\u00e1pidamente cada p\u00e1gina de tu p\u00e1gina web con sandsiv+, estableciendo la autonom\u00eda de los ciclos de desarrollo de TI, acelerando la introducci\u00f3n de nuevas iniciativas basadas en datos y campa\u00f1as de CX, y mejorando en gran medida las experiencias digitales.<\/strong>.<\/span><\/p>\n                        <\/div>\r\n                                                        <\/div>\r\n            <\/div>\r\n        <\/div>\r\n    <\/div>\r\n<\/div>\n\n<div id=\"card-block_610d05eca1a05\"\n    class=\"card scroll-fade\">\n    <div\n        class=\"module  mb_0\">\n        <div class=\"container\">\n            <div class=\"card__inner\">\n                <div class=\"card__header\">\n                                                                                <\/div>\n                                <div\n                    class=\"card__news_list custom_list list_column3_icon\">\n                                        <div class=\"newsItem\">\n                        <div\n                            class=\"newsItem__inner isIcon\">\n                                                        <div class=\"icon\"\n                                >\n                                <img decoding=\"async\" src=\"https:\/\/sandsiv.com\/wp-content\/uploads\/2022\/07\/clock.png\"\n                                    alt=\"\" \/>\n                            <\/div>\n                                                        <div class=\"contant\">\n                                                                <h2 class=\"title\">Gana agilidad y velocidad                                <\/h2>                                                                <div class=\"short_description\">\n                                    Simplifica el proceso de gesti\u00f3n de encuestas digitales en tus propiedades. Las integraciones instant\u00e1neas suponen menos l\u00edmites en tus an\u00e1lisis y marketing. Acelera los tiempos de carga de las p\u00e1ginas de tu web para una experiencia de usuario \u00f3ptima.                                                                <\/div>\n                                                                                                                                                            <\/div>\n                        <\/div>\n                    <\/div>\n                                        <div class=\"newsItem\">\n                        <div\n                            class=\"newsItem__inner isIcon\">\n                                                        <div class=\"icon\"\n                                >\n                                <img decoding=\"async\" src=\"https:\/\/sandsiv.com\/wp-content\/uploads\/2022\/07\/analysis.png\"\n                                    alt=\"\" \/>\n                            <\/div>\n                                                        <div class=\"contant\">\n                                                                <h2 class=\"title\">Racionaliza la recogida de datos                                <\/h2>                                                                <div class=\"short_description\">\n                                    Controla el caos de la gesti\u00f3n de encuestas y pon en marcha tus programas de an\u00e1lisis y marketing. Dedica menos tiempo a picar c\u00f3digo y m\u00e1s a innovar.\r\n                                                                <\/div>\n                                                                                                                                                            <\/div>\n                        <\/div>\n                    <\/div>\n                                        <div class=\"newsItem\">\n                        <div\n                            class=\"newsItem__inner isIcon\">\n                                                        <div class=\"icon\"\n                                >\n                                <img decoding=\"async\" src=\"https:\/\/sandsiv.com\/wp-content\/uploads\/2022\/07\/convergence-1.png\"\n                                    alt=\"\" \/>\n                            <\/div>\n                                                        <div class=\"contant\">\n                                                                <h2 class=\"title\">Innova seg\u00fan te convenga                                <\/h2>                                                                <div class=\"short_description\">\n                                    Configura y actualiza encuestas en segundos. Lib\u00e9rate del ciclo de desarrollo inform\u00e1tico y gestiona las encuestas seg\u00fan tu propio calendario. Crea al instante una etiqueta de encuesta que podr\u00e1s previsualizar, activar y desactivar siempre que lo necesites.                                                                <\/div>\n                                                                                                                                                            <\/div>\n                        <\/div>\n                    <\/div>\n                                    <\/div>\n                                                                <div class=\"card__button\">\n                    <a href=\"https:\/\/mautic.sandsiv.com\/asset\/108:sandsiv-tag-managerpdf\"\n                        class=\"btn\"                         >Descarga las istrucciones<\/a>\n                <\/div>\n                \n            <\/div>\n        <\/div>\n    <\/div>\n<\/div>\n\n\r\n<div id=\"frames_section-block_61098a847d290\" class=\"frames_section scroll-fade\">\r\n    <div class=\"module \">  \r\n        <div class=\"bg_clr_section bg_clr_red\">               \r\n            <div class=\"container\">\r\n                <div class=\"frames_section_inner\"> \r\n                                            <div class=\"heading\">\r\n                            Empieza a crecer con sandsiv+ hoy mismo                        <\/div>\r\n                                                                                    <div class=\"button_section\">\r\n                            <a class=\"btn btn--white \" href=\"https:\/\/sandsiv.wpengine.com\/request-a-demo\/\" >\r\n                                Quiero ver una demo                            <\/a>\r\n                        <\/div>\r\n                                    <\/div>\r\n            <\/div>\r\n        <\/div>\r\n    <\/div>\r\n<\/div>","protected":false},"excerpt":{"rendered":"","protected":false},"author":9,"featured_media":0,"parent":0,"menu_order":0,"comment_status":"closed","ping_status":"closed","template":"","meta":{"content-type":"","footnotes":""},"class_list":["post-7578","page","type-page","status-publish","hentry"],"acf":[],"yoast_head":"<!-- This site is optimized with the Yoast SEO Premium plugin v26.9 (Yoast SEO v27.4) - https:\/\/yoast.com\/product\/yoast-seo-premium-wordpress\/ -->\n<title>Etiquetas - sandsiv+ %<\/title>\n<meta name=\"description\" content=\"Integraciones de sandsiv+ con el gestor de etiquetas: la forma m\u00e1s r\u00e1pida y sencilla de conectar tus etiquetas y clientes.\" \/>\n<meta name=\"robots\" content=\"index, follow, max-snippet:-1, max-image-preview:large, max-video-preview:-1\" \/>\n<link rel=\"canonical\" href=\"https:\/\/sandsiv.com\/tag-managers\/\" \/>\n<meta property=\"og:locale\" content=\"es_ES\" \/>\n<meta property=\"og:type\" content=\"article\" \/>\n<meta property=\"og:title\" content=\"Etiquetas\" \/>\n<meta property=\"og:description\" content=\"Integraciones de sandsiv+ con el gestor de etiquetas: la forma m\u00e1s r\u00e1pida y sencilla de conectar tus etiquetas y clientes.\" \/>\n<meta property=\"og:url\" content=\"https:\/\/sandsiv.com\/tag-managers\/\" \/>\n<meta property=\"og:site_name\" content=\"sandsiv+\" \/>\n<meta property=\"article:modified_time\" content=\"2023-05-10T10:03:47+00:00\" \/>\n<meta name=\"twitter:card\" content=\"summary_large_image\" \/>\n<script type=\"application\/ld+json\" class=\"yoast-schema-graph\">{\"@context\":\"https:\\\/\\\/schema.org\",\"@graph\":[{\"@type\":\"WebPage\",\"@id\":\"https:\\\/\\\/sandsiv.com\\\/tag-managers\\\/\",\"url\":\"https:\\\/\\\/sandsiv.com\\\/tag-managers\\\/\",\"name\":\"Etiquetas - sandsiv+ %\",\"isPartOf\":{\"@id\":\"https:\\\/\\\/sandsiv.com\\\/#website\"},\"datePublished\":\"2022-07-25T14:54:19+00:00\",\"dateModified\":\"2023-05-10T10:03:47+00:00\",\"description\":\"Integraciones de sandsiv+ con el gestor de etiquetas: la forma m\u00e1s r\u00e1pida y sencilla de conectar tus etiquetas y clientes.\",\"breadcrumb\":{\"@id\":\"https:\\\/\\\/sandsiv.com\\\/tag-managers\\\/#breadcrumb\"},\"inLanguage\":\"es\",\"potentialAction\":[{\"@type\":\"ReadAction\",\"target\":[\"https:\\\/\\\/sandsiv.com\\\/tag-managers\\\/\"]}]},{\"@type\":\"BreadcrumbList\",\"@id\":\"https:\\\/\\\/sandsiv.com\\\/tag-managers\\\/#breadcrumb\",\"itemListElement\":[{\"@type\":\"ListItem\",\"position\":1,\"name\":\"Home\",\"item\":\"https:\\\/\\\/sandsiv.com\\\/es\\\/\"},{\"@type\":\"ListItem\",\"position\":2,\"name\":\"Etiquetas\"}]},{\"@type\":\"WebSite\",\"@id\":\"https:\\\/\\\/sandsiv.com\\\/#website\",\"url\":\"https:\\\/\\\/sandsiv.com\\\/\",\"name\":\"sandsiv+\",\"description\":\"Customer Intelligence Made In Switzerland\",\"publisher\":{\"@id\":\"https:\\\/\\\/sandsiv.com\\\/#organization\"},\"potentialAction\":[{\"@type\":\"SearchAction\",\"target\":{\"@type\":\"EntryPoint\",\"urlTemplate\":\"https:\\\/\\\/sandsiv.com\\\/?s={search_term_string}\"},\"query-input\":{\"@type\":\"PropertyValueSpecification\",\"valueRequired\":true,\"valueName\":\"search_term_string\"}}],\"inLanguage\":\"es\"},{\"@type\":\"Organization\",\"@id\":\"https:\\\/\\\/sandsiv.com\\\/#organization\",\"name\":\"sandsiv+\",\"url\":\"https:\\\/\\\/sandsiv.com\\\/\",\"logo\":{\"@type\":\"ImageObject\",\"inLanguage\":\"es\",\"@id\":\"https:\\\/\\\/sandsiv.com\\\/#\\\/schema\\\/logo\\\/image\\\/\",\"url\":\"https:\\\/\\\/sandsiv.com\\\/wp-content\\\/uploads\\\/2021\\\/08\\\/logo-light-normal.svg\",\"contentUrl\":\"https:\\\/\\\/sandsiv.com\\\/wp-content\\\/uploads\\\/2021\\\/08\\\/logo-light-normal.svg\",\"width\":376,\"height\":67,\"caption\":\"sandsiv+\"},\"image\":{\"@id\":\"https:\\\/\\\/sandsiv.com\\\/#\\\/schema\\\/logo\\\/image\\\/\"}}]}<\/script>\n<!-- \/ Yoast SEO Premium plugin. -->","yoast_head_json":{"title":"Etiquetas - sandsiv+ %","description":"Integraciones de sandsiv+ con el gestor de etiquetas: la forma m\u00e1s r\u00e1pida y sencilla de conectar tus etiquetas y clientes.","robots":{"index":"index","follow":"follow","max-snippet":"max-snippet:-1","max-image-preview":"max-image-preview:large","max-video-preview":"max-video-preview:-1"},"canonical":"https:\/\/sandsiv.com\/tag-managers\/","og_locale":"es_ES","og_type":"article","og_title":"Etiquetas","og_description":"Integraciones de sandsiv+ con el gestor de etiquetas: la forma m\u00e1s r\u00e1pida y sencilla de conectar tus etiquetas y clientes.","og_url":"https:\/\/sandsiv.com\/tag-managers\/","og_site_name":"sandsiv+","article_modified_time":"2023-05-10T10:03:47+00:00","twitter_card":"summary_large_image","schema":{"@context":"https:\/\/schema.org","@graph":[{"@type":"WebPage","@id":"https:\/\/sandsiv.com\/tag-managers\/","url":"https:\/\/sandsiv.com\/tag-managers\/","name":"Etiquetas - sandsiv+ %","isPartOf":{"@id":"https:\/\/sandsiv.com\/#website"},"datePublished":"2022-07-25T14:54:19+00:00","dateModified":"2023-05-10T10:03:47+00:00","description":"Integraciones de sandsiv+ con el gestor de etiquetas: la forma m\u00e1s r\u00e1pida y sencilla de conectar tus etiquetas y clientes.","breadcrumb":{"@id":"https:\/\/sandsiv.com\/tag-managers\/#breadcrumb"},"inLanguage":"es","potentialAction":[{"@type":"ReadAction","target":["https:\/\/sandsiv.com\/tag-managers\/"]}]},{"@type":"BreadcrumbList","@id":"https:\/\/sandsiv.com\/tag-managers\/#breadcrumb","itemListElement":[{"@type":"ListItem","position":1,"name":"Home","item":"https:\/\/sandsiv.com\/es\/"},{"@type":"ListItem","position":2,"name":"Etiquetas"}]},{"@type":"WebSite","@id":"https:\/\/sandsiv.com\/#website","url":"https:\/\/sandsiv.com\/","name":"sandsiv+","description":"Customer Intelligence Made In Switzerland","publisher":{"@id":"https:\/\/sandsiv.com\/#organization"},"potentialAction":[{"@type":"SearchAction","target":{"@type":"EntryPoint","urlTemplate":"https:\/\/sandsiv.com\/?s={search_term_string}"},"query-input":{"@type":"PropertyValueSpecification","valueRequired":true,"valueName":"search_term_string"}}],"inLanguage":"es"},{"@type":"Organization","@id":"https:\/\/sandsiv.com\/#organization","name":"sandsiv+","url":"https:\/\/sandsiv.com\/","logo":{"@type":"ImageObject","inLanguage":"es","@id":"https:\/\/sandsiv.com\/#\/schema\/logo\/image\/","url":"https:\/\/sandsiv.com\/wp-content\/uploads\/2021\/08\/logo-light-normal.svg","contentUrl":"https:\/\/sandsiv.com\/wp-content\/uploads\/2021\/08\/logo-light-normal.svg","width":376,"height":67,"caption":"sandsiv+"},"image":{"@id":"https:\/\/sandsiv.com\/#\/schema\/logo\/image\/"}}]}},"_links":{"self":[{"href":"https:\/\/sandsiv.com\/es\/wp-json\/wp\/v2\/pages\/7578","targetHints":{"allow":["GET"]}}],"collection":[{"href":"https:\/\/sandsiv.com\/es\/wp-json\/wp\/v2\/pages"}],"about":[{"href":"https:\/\/sandsiv.com\/es\/wp-json\/wp\/v2\/types\/page"}],"author":[{"embeddable":true,"href":"https:\/\/sandsiv.com\/es\/wp-json\/wp\/v2\/users\/9"}],"replies":[{"embeddable":true,"href":"https:\/\/sandsiv.com\/es\/wp-json\/wp\/v2\/comments?post=7578"}],"version-history":[{"count":0,"href":"https:\/\/sandsiv.com\/es\/wp-json\/wp\/v2\/pages\/7578\/revisions"}],"wp:attachment":[{"href":"https:\/\/sandsiv.com\/es\/wp-json\/wp\/v2\/media?parent=7578"}],"curies":[{"name":"wp","href":"https:\/\/api.w.org\/{rel}","templated":true}]}}