
{"id":7534,"date":"2021-08-12T07:43:14","date_gmt":"2021-08-12T07:43:14","guid":{"rendered":"https:\/\/sandsiv.wpengine.com\/terms-of-use\/"},"modified":"2023-05-09T13:20:52","modified_gmt":"2023-05-09T13:20:52","slug":"condiciones-de-uso","status":"publish","type":"page","link":"https:\/\/sandsiv.com\/es\/condiciones-de-uso\/","title":{"rendered":"Condiciones de uso"},"content":{"rendered":"\r\n<div id=\"blog_post_content-block_6114cc8dba2b8\" class=\"blog_post_content scroll-fade\">\r\n    <div class=\"module \">\r\n\r\n                    <div class=\"container\">\r\n                                \r\n            <div class=\"blog_post_content_inner\"> \r\n                                    <div class=\"heading_section\">\r\n                        <div class=\"heading_text h1\">\r\n                            Condiciones de uso                        <\/div>\r\n                    <\/div>\r\n                                                    <div class=\"content_section\">\r\n                        <p><strong>Introducci\u00f3n<\/strong><\/p>\n<p>Las &#8220;Condiciones de Uso&#8221; que rigen el uso de esta p\u00e1gina web, en adelante (la &#8220;P\u00e1gina Web de SANDSIV&#8221;) se aplican con efecto inmediato; al utilizar la P\u00e1gina Web de SandSIV aceptas las Condiciones de Uso en su totalidad. Si no est\u00e1s de acuerdo con las Condiciones de Uso o con cualquier parte de las mismas, no debes utilizar esta p\u00e1gina web.<\/p>\n<p><strong>Licencia de uso del sitio web<\/strong><\/p>\n<p>A menos que se indique lo contrario, el sitio web SandSIV y\/o sus licenciantes poseen los derechos de propiedad intelectual del sitio web y del material que contiene. Con sujeci\u00f3n a la licencia que se indica a continuaci\u00f3n, todos estos derechos de propiedad intelectual est\u00e1n reservados.<\/p>\n<p>Est\u00e1 prohibido volver a publicar material de este sitio web (incluida la republicaci\u00f3n en otro sitio web); vender, alquilar o sublicenciar material del sitio web; mostrar cualquier material del sitio web en p\u00fablico; reproducir, duplicar, copiar o explotar de cualquier otra manera el material de este sitio web con fines comerciales; editar o modificar de cualquier otra manera cualquier material del sitio web; o redistribuir material de este sitio web [excepto el contenido espec\u00edfica y expresamente puesto a disposici\u00f3n para su redistribuci\u00f3n.<\/p>\n<p><strong>Uso aceptable<\/strong><\/p>\n<p>No debes utilizar este sitio web de ninguna manera que cause o pueda causar da\u00f1os al sitio web o que afecte a la disponibilidad o accesibilidad del sitio web; o de ninguna manera que sea il\u00edcita, ilegal, fraudulenta o perjudicial, o en relaci\u00f3n con cualquier prop\u00f3sito o actividad il\u00edcita, ilegal, fraudulenta o perjudicial.<\/p>\n<p>Est\u00e1 prohibido utilizar este sitio web para copiar, almacenar, alojar, transmitir, enviar, utilizar, publicar o distribuir cualquier material que consista en (o est\u00e9 vinculado a) cualquier spyware, virus inform\u00e1tico, troyano, gusano, registrador de pulsaciones de teclas, rootkit u otro software inform\u00e1tico malicioso.<\/p>\n<p>Est\u00e1 prohibido llevar a cabo cualquier actividad sistem\u00e1tica o automatizada de recopilaci\u00f3n de datos (incluyendo, sin limitaci\u00f3n, scraping, miner\u00eda de datos, extracci\u00f3n de datos y recolecci\u00f3n de datos) en o en relaci\u00f3n con este sitio web sin el consentimiento expreso por escrito de SandSIV.<\/p>\n<p>No debes utilizar este sitio web para transmitir o enviar comunicaciones comerciales no solicitadas.<\/p>\n<p>Est\u00e1 prohibido utilizar este sitio web para fines relacionados con el marketing sin el consentimiento expreso por escrito de SandSIV.<\/p>\n<p><strong>Acceso restringido<\/strong><\/p>\n<p>El acceso a determinadas zonas de este sitio web est\u00e1 restringido. SandSIV Website se reserva el derecho de restringir el acceso a \u00e1reas de este sitio web, o incluso a todo el sitio web, a discreci\u00f3n de SandSIV.<\/p>\n<p>Si el Sitio Web SandSIV te proporciona una identificaci\u00f3n de usuario y una contrase\u00f1a para permitirte acceder a \u00e1reas restringidas de este sitio web o a otros contenidos o servicios. Debes asegurarte de que la identificaci\u00f3n de usuario y la contrase\u00f1a sean confidenciales y se mantengan en secreto.<\/p>\n<p>El Sitio Web SandSIV puede deshabilitar tu identificaci\u00f3n de usuario y contrase\u00f1a a la discreci\u00f3n de SandSIV sin previo aviso o explicaci\u00f3n.<\/p>\n<p><strong>Contenido del usuario<\/strong><\/p>\n<p>En las Condiciones de Uso, &#8220;contenido del usuario&#8221; se refiere al material (incluyendo, sin limitaci\u00f3n, texto, im\u00e1genes, material de audio, material de v\u00eddeo y material audiovisual) que t\u00fa env\u00edes a este sitio web, para cualquier prop\u00f3sito.<\/p>\n<p>T\u00fa otorgas al Sitio Web SandSIV una licencia mundial, irrevocable, no exclusiva y libre de royalties para usar, reproducir, adaptar, publicar, traducir y distribuir tu contenido de usuario en cualquier medio existente o futuro. Tambi\u00e9n otorgas al Sitio Web SandSIV el derecho a sublicenciar estos derechos, y el derecho a iniciar una acci\u00f3n por infracci\u00f3n de estos derechos.<\/p>\n<p>Tu contenido de usuario no debe ser ilegal o il\u00edcito, no debe infringir los derechos legales de terceros, y no debe ser capaz de dar lugar a una acci\u00f3n legal ya sea contra ti o el Sitio Web SandSIV o un tercero (en cada caso bajo cualquier ley aplicable).<\/p>\n<p>Est\u00e1 prohibido enviar contenido de usuario al sitio web que sea o haya sido alguna vez objeto de cualquier amenaza o procedimiento legal u otra queja similar.<\/p>\n<p>SandSIV Website se reserva el derecho de editar o eliminar cualquier material enviado a este sitio web, o almacenado en los servidores de SandSIV, o alojado o publicado en este sitio web.<\/p>\n<p>Sin perjuicio de los derechos de SandSIV en virtud de las Condiciones de Uso en relaci\u00f3n con el contenido del usuario, SandSIV Website no se compromete a supervisar el env\u00edo de dicho contenido a, o la publicaci\u00f3n de dicho contenido en, este sitio web.<\/p>\n<p><strong>Sin garant\u00eda<\/strong><\/p>\n<p>Este sitio web se proporciona &#8220;tal cual&#8221; sin ninguna representaci\u00f3n o garant\u00eda, expresa o impl\u00edcita. El sitio web SandSIV no ofrece ninguna declaraci\u00f3n ni garant\u00eda en relaci\u00f3n con este sitio web o con la informaci\u00f3n y los materiales proporcionados en este sitio web.<\/p>\n<p>Sin perjuicio de la generalidad del p\u00e1rrafo anterior, el Sitio Web SandSIV no garantiza que este sitio web est\u00e9 constantemente disponible, o disponible en absoluto; o que la informaci\u00f3n en este sitio web sea completa, verdadera, precisa o no enga\u00f1osa.<\/p>\n<p>Nada de lo contenido en este sitio web constituye, ni pretende constituir, asesoramiento de ning\u00fan tipo.<\/p>\n<p><strong>Limitaciones de responsabilidad<\/strong><\/p>\n<p>SandSIV Website no ser\u00e1 responsable ante ti (ya sea bajo la ley de contacto, la ley de agravios o de otra manera) en relaci\u00f3n con el contenido de, o el uso de, o de otra manera en conexi\u00f3n con, este sitio web en la medida en que el sitio web se proporciona de forma gratuita, por cualquier p\u00e9rdida directa; por cualquier p\u00e9rdida indirecta, especial o consecuente; o por cualquier p\u00e9rdida de negocio, p\u00e9rdida de ingresos, ingresos, beneficios o ahorros previstos, p\u00e9rdida de contratos o relaciones comerciales, p\u00e9rdida de reputaci\u00f3n o buena voluntad, o p\u00e9rdida o corrupci\u00f3n de informaci\u00f3n o datos.<\/p>\n<p>Estas limitaciones de responsabilidad se aplican incluso si SandSIV Website ha sido expresamente advertido de la p\u00e9rdida potencial.<\/p>\n<p><strong>Indemnizaci\u00f3n<\/strong><\/p>\n<p>Por la presente, el usuario indemniza al Sitio Web SandSIV y se compromete a mantener al Sitio Web SandSIV indemnizado contra cualquier p\u00e9rdida, da\u00f1o, costo, responsabilidad y gasto (incluyendo, sin limitaci\u00f3n, gastos legales y cualquier cantidad pagada por el Sitio Web SandSIV a un tercero para resolver una reclamaci\u00f3n o disputa por consejo de los asesores legales de SandSIV) incurridos o sufridos por el Sitio Web SandSIV que surjan de cualquier incumplimiento por su parte de cualquier disposici\u00f3n de los T\u00e9rminos de Uso, o que surjan de cualquier reclamaci\u00f3n de que el usuario ha incumplido cualquier disposici\u00f3n de las Condiciones de Uso.<\/p>\n<p><strong>Incumplimiento de las Condiciones de Uso<\/strong><\/p>\n<p>Sin perjuicio de los dem\u00e1s derechos de SandSIV en virtud de las Condiciones de Uso, si el usuario incumple las Condiciones de Uso de cualquier forma, SandSIV Website podr\u00e1 adoptar las medidas que SandSIV Website considere oportunas para hacer frente al incumplimiento, incluyendo la suspensi\u00f3n de su acceso al sitio web, la prohibici\u00f3n de acceso al sitio web, el bloqueo de ordenadores que utilicen su direcci\u00f3n IP para acceder al sitio web, el contacto con su proveedor de servicios de Internet para solicitarle que bloquee su acceso al sitio web y\/o la interposici\u00f3n de acciones judiciales en su contra.<\/p>\n<p><strong>Variaci\u00f3n<\/strong><\/p>\n<p>El sitio web SandSIV puede revisar las condiciones de uso de vez en cuando. Los t\u00e9rminos y condiciones revisados se aplicar\u00e1n al uso de este sitio web a partir de la fecha de publicaci\u00f3n de los t\u00e9rminos y condiciones revisados en este sitio web. Por favor, consulta esta p\u00e1gina con regularidad para asegurarte de que est\u00e1s familiarizado con la versi\u00f3n actual.<\/p>\n<p><strong>Cesi\u00f3n<\/strong><\/p>\n<p>El Sitio Web SandSIV puede transferir, subcontratar o de cualquier otra manera tratar con los derechos y\/u obligaciones de SandSIV bajo las Condiciones de Uso sin notificartelo u obtener tu consentimiento.<\/p>\n<p>Como usuario, no puedes transferir, subcontratar o de otra manera tratar con tus derechos y\/u obligaciones bajo las Condiciones de Uso.<\/p>\n<p><strong>Acuerdo completo<\/strong><\/p>\n<p>Las Condiciones de Uso constituyen el acuerdo completo entre t\u00fa y SandSIV Website en relaci\u00f3n con su uso de este sitio web, y sustituyen todos los acuerdos anteriores con respecto a su uso de este sitio web.<\/p>\n<p><strong>Legislaci\u00f3n y jurisdicci\u00f3n<\/strong><\/p>\n<p>Las Condiciones de uso se regir\u00e1n e interpretar\u00e1n de conformidad con la legislaci\u00f3n suiza, y cualquier disputa relacionada con las Condiciones de uso estar\u00e1 sujeta a la jurisdicci\u00f3n exclusiva de los tribunales de Z\u00farich, Suiza.<\/p>\n                    <\/div>\r\n                            <\/div>\r\n        <\/div>\r\n    <\/div>\r\n<\/div>","protected":false},"excerpt":{"rendered":"","protected":false},"author":5,"featured_media":0,"parent":0,"menu_order":0,"comment_status":"closed","ping_status":"closed","template":"","meta":{"content-type":"","footnotes":""},"class_list":["post-7534","page","type-page","status-publish","hentry"],"acf":[],"yoast_head":"<!-- This site is optimized with the Yoast SEO Premium plugin v26.9 (Yoast SEO v27.3) - https:\/\/yoast.com\/product\/yoast-seo-premium-wordpress\/ -->\n<title>Condiciones de uso - sandsiv+<\/title>\n<meta name=\"description\" content=\"Al utilizar la p\u00e1gina SandSIV aceptas las Condiciones de Uso en su totalidad. Si no est\u00e1s de acuerdo, no debes utilizar esta p\u00e1gina web\" \/>\n<meta name=\"robots\" content=\"index, follow, max-snippet:-1, max-image-preview:large, max-video-preview:-1\" \/>\n<link rel=\"canonical\" href=\"https:\/\/sandsiv.com\/es\/condiciones-de-uso\/\" \/>\n<meta property=\"og:locale\" content=\"es_ES\" \/>\n<meta property=\"og:type\" content=\"article\" \/>\n<meta property=\"og:title\" content=\"Condiciones de uso\" \/>\n<meta property=\"og:description\" content=\"Al utilizar la p\u00e1gina SandSIV aceptas las Condiciones de Uso en su totalidad. Si no est\u00e1s de acuerdo, no debes utilizar esta p\u00e1gina web\" \/>\n<meta property=\"og:url\" content=\"https:\/\/sandsiv.com\/es\/condiciones-de-uso\/\" \/>\n<meta property=\"og:site_name\" content=\"sandsiv+\" \/>\n<meta property=\"article:modified_time\" content=\"2023-05-09T13:20:52+00:00\" \/>\n<meta name=\"twitter:card\" content=\"summary_large_image\" \/>\n<script type=\"application\/ld+json\" class=\"yoast-schema-graph\">{\"@context\":\"https:\\\/\\\/schema.org\",\"@graph\":[{\"@type\":\"WebPage\",\"@id\":\"https:\\\/\\\/sandsiv.com\\\/es\\\/condiciones-de-uso\\\/\",\"url\":\"https:\\\/\\\/sandsiv.com\\\/es\\\/condiciones-de-uso\\\/\",\"name\":\"Condiciones de uso - sandsiv+\",\"isPartOf\":{\"@id\":\"https:\\\/\\\/sandsiv.com\\\/#website\"},\"datePublished\":\"2021-08-12T07:43:14+00:00\",\"dateModified\":\"2023-05-09T13:20:52+00:00\",\"description\":\"Al utilizar la p\u00e1gina SandSIV aceptas las Condiciones de Uso en su totalidad. Si no est\u00e1s de acuerdo, no debes utilizar esta p\u00e1gina web\",\"breadcrumb\":{\"@id\":\"https:\\\/\\\/sandsiv.com\\\/es\\\/condiciones-de-uso\\\/#breadcrumb\"},\"inLanguage\":\"es\",\"potentialAction\":[{\"@type\":\"ReadAction\",\"target\":[\"https:\\\/\\\/sandsiv.com\\\/es\\\/condiciones-de-uso\\\/\"]}]},{\"@type\":\"BreadcrumbList\",\"@id\":\"https:\\\/\\\/sandsiv.com\\\/es\\\/condiciones-de-uso\\\/#breadcrumb\",\"itemListElement\":[{\"@type\":\"ListItem\",\"position\":1,\"name\":\"Home\",\"item\":\"https:\\\/\\\/sandsiv.com\\\/es\\\/\"},{\"@type\":\"ListItem\",\"position\":2,\"name\":\"Condiciones de uso\"}]},{\"@type\":\"WebSite\",\"@id\":\"https:\\\/\\\/sandsiv.com\\\/#website\",\"url\":\"https:\\\/\\\/sandsiv.com\\\/\",\"name\":\"sandsiv+\",\"description\":\"Customer Intelligence Made In Switzerland\",\"publisher\":{\"@id\":\"https:\\\/\\\/sandsiv.com\\\/#organization\"},\"potentialAction\":[{\"@type\":\"SearchAction\",\"target\":{\"@type\":\"EntryPoint\",\"urlTemplate\":\"https:\\\/\\\/sandsiv.com\\\/?s={search_term_string}\"},\"query-input\":{\"@type\":\"PropertyValueSpecification\",\"valueRequired\":true,\"valueName\":\"search_term_string\"}}],\"inLanguage\":\"es\"},{\"@type\":\"Organization\",\"@id\":\"https:\\\/\\\/sandsiv.com\\\/#organization\",\"name\":\"sandsiv+\",\"url\":\"https:\\\/\\\/sandsiv.com\\\/\",\"logo\":{\"@type\":\"ImageObject\",\"inLanguage\":\"es\",\"@id\":\"https:\\\/\\\/sandsiv.com\\\/#\\\/schema\\\/logo\\\/image\\\/\",\"url\":\"https:\\\/\\\/sandsiv.com\\\/wp-content\\\/uploads\\\/2021\\\/08\\\/logo-light-normal.svg\",\"contentUrl\":\"https:\\\/\\\/sandsiv.com\\\/wp-content\\\/uploads\\\/2021\\\/08\\\/logo-light-normal.svg\",\"width\":376,\"height\":67,\"caption\":\"sandsiv+\"},\"image\":{\"@id\":\"https:\\\/\\\/sandsiv.com\\\/#\\\/schema\\\/logo\\\/image\\\/\"}}]}<\/script>\n<!-- \/ Yoast SEO Premium plugin. -->","yoast_head_json":{"title":"Condiciones de uso - sandsiv+","description":"Al utilizar la p\u00e1gina SandSIV aceptas las Condiciones de Uso en su totalidad. Si no est\u00e1s de acuerdo, no debes utilizar esta p\u00e1gina web","robots":{"index":"index","follow":"follow","max-snippet":"max-snippet:-1","max-image-preview":"max-image-preview:large","max-video-preview":"max-video-preview:-1"},"canonical":"https:\/\/sandsiv.com\/es\/condiciones-de-uso\/","og_locale":"es_ES","og_type":"article","og_title":"Condiciones de uso","og_description":"Al utilizar la p\u00e1gina SandSIV aceptas las Condiciones de Uso en su totalidad. Si no est\u00e1s de acuerdo, no debes utilizar esta p\u00e1gina web","og_url":"https:\/\/sandsiv.com\/es\/condiciones-de-uso\/","og_site_name":"sandsiv+","article_modified_time":"2023-05-09T13:20:52+00:00","twitter_card":"summary_large_image","schema":{"@context":"https:\/\/schema.org","@graph":[{"@type":"WebPage","@id":"https:\/\/sandsiv.com\/es\/condiciones-de-uso\/","url":"https:\/\/sandsiv.com\/es\/condiciones-de-uso\/","name":"Condiciones de uso - sandsiv+","isPartOf":{"@id":"https:\/\/sandsiv.com\/#website"},"datePublished":"2021-08-12T07:43:14+00:00","dateModified":"2023-05-09T13:20:52+00:00","description":"Al utilizar la p\u00e1gina SandSIV aceptas las Condiciones de Uso en su totalidad. Si no est\u00e1s de acuerdo, no debes utilizar esta p\u00e1gina web","breadcrumb":{"@id":"https:\/\/sandsiv.com\/es\/condiciones-de-uso\/#breadcrumb"},"inLanguage":"es","potentialAction":[{"@type":"ReadAction","target":["https:\/\/sandsiv.com\/es\/condiciones-de-uso\/"]}]},{"@type":"BreadcrumbList","@id":"https:\/\/sandsiv.com\/es\/condiciones-de-uso\/#breadcrumb","itemListElement":[{"@type":"ListItem","position":1,"name":"Home","item":"https:\/\/sandsiv.com\/es\/"},{"@type":"ListItem","position":2,"name":"Condiciones de uso"}]},{"@type":"WebSite","@id":"https:\/\/sandsiv.com\/#website","url":"https:\/\/sandsiv.com\/","name":"sandsiv+","description":"Customer Intelligence Made In Switzerland","publisher":{"@id":"https:\/\/sandsiv.com\/#organization"},"potentialAction":[{"@type":"SearchAction","target":{"@type":"EntryPoint","urlTemplate":"https:\/\/sandsiv.com\/?s={search_term_string}"},"query-input":{"@type":"PropertyValueSpecification","valueRequired":true,"valueName":"search_term_string"}}],"inLanguage":"es"},{"@type":"Organization","@id":"https:\/\/sandsiv.com\/#organization","name":"sandsiv+","url":"https:\/\/sandsiv.com\/","logo":{"@type":"ImageObject","inLanguage":"es","@id":"https:\/\/sandsiv.com\/#\/schema\/logo\/image\/","url":"https:\/\/sandsiv.com\/wp-content\/uploads\/2021\/08\/logo-light-normal.svg","contentUrl":"https:\/\/sandsiv.com\/wp-content\/uploads\/2021\/08\/logo-light-normal.svg","width":376,"height":67,"caption":"sandsiv+"},"image":{"@id":"https:\/\/sandsiv.com\/#\/schema\/logo\/image\/"}}]}},"_links":{"self":[{"href":"https:\/\/sandsiv.com\/es\/wp-json\/wp\/v2\/pages\/7534","targetHints":{"allow":["GET"]}}],"collection":[{"href":"https:\/\/sandsiv.com\/es\/wp-json\/wp\/v2\/pages"}],"about":[{"href":"https:\/\/sandsiv.com\/es\/wp-json\/wp\/v2\/types\/page"}],"author":[{"embeddable":true,"href":"https:\/\/sandsiv.com\/es\/wp-json\/wp\/v2\/users\/5"}],"replies":[{"embeddable":true,"href":"https:\/\/sandsiv.com\/es\/wp-json\/wp\/v2\/comments?post=7534"}],"version-history":[{"count":0,"href":"https:\/\/sandsiv.com\/es\/wp-json\/wp\/v2\/pages\/7534\/revisions"}],"wp:attachment":[{"href":"https:\/\/sandsiv.com\/es\/wp-json\/wp\/v2\/media?parent=7534"}],"curies":[{"name":"wp","href":"https:\/\/api.w.org\/{rel}","templated":true}]}}