
{"id":7529,"date":"2021-08-12T07:41:23","date_gmt":"2021-08-12T07:41:23","guid":{"rendered":"https:\/\/sandsiv.wpengine.com\/cookie-policy\/"},"modified":"2023-05-09T13:00:19","modified_gmt":"2023-05-09T13:00:19","slug":"politica-de-cookies","status":"publish","type":"page","link":"https:\/\/sandsiv.com\/es\/politica-de-cookies\/","title":{"rendered":"Pol\u00edtica de cookies"},"content":{"rendered":"\r\n<div id=\"blog_post_content-block_6114cc8dba2b8\" class=\"blog_post_content scroll-fade\">\r\n    <div class=\"module \">\r\n\r\n                    <div class=\"container\">\r\n                                \r\n            <div class=\"blog_post_content_inner\"> \r\n                                    <div class=\"heading_section\">\r\n                        <div class=\"heading_text h1\">\r\n                            Pol\u00edtica de cookies                        <\/div>\r\n                    <\/div>\r\n                                                    <div class=\"content_section\">\r\n                        <h2><strong><span data-sheets-value=\"{&quot;1&quot;:2,&quot;2&quot;:&quot;Introducci\u00f3n\\n\\nEste sitio web utiliza cookies, peque\u00f1os archivos de texto que se almacenan en tu ordenador para ayudar a mejorar la experiencia del usuario. En general, las cookies se utilizan para conservar las preferencias del usuario, almacenar informaci\u00f3n para cosas como los carritos de la compra y proporcionar datos de seguimiento an\u00f3nimos a aplicaciones de terceros como Google Analytics. Por regla general, las cookies mejorar\u00e1n tu experiencia de navegaci\u00f3n. Sin embargo, puede que prefieras desactivar las cookies en este sitio web y en otros. La forma m\u00e1s eficaz de hacerlo es desactivar las cookies en tu navegador o aplicar los cambios deseados en \\&quot;Configuraci\u00f3n de cookies\\&quot; m\u00e1s abajo.&quot;}\" data-sheets-userformat=\"{&quot;2&quot;:15233,&quot;3&quot;:{&quot;1&quot;:0},&quot;10&quot;:1,&quot;11&quot;:4,&quot;12&quot;:0,&quot;14&quot;:{&quot;1&quot;:3,&quot;3&quot;:1},&quot;15&quot;:&quot;Arial&quot;,&quot;16&quot;:10}\">Introducci\u00f3n\u00a0<\/span><\/strong><\/h2>\n<p>&nbsp;<\/p>\n<p>Este sitio web utiliza cookies, peque\u00f1os archivos de texto que se almacenan en tu ordenador para ayudar a mejorar la experiencia del usuario. En general, las cookies se utilizan para conservar las preferencias del usuario, almacenar informaci\u00f3n para cosas como los carritos de la compra y proporcionar datos de seguimiento an\u00f3nimos a aplicaciones de terceros como Google Analytics. Por regla general, las cookies mejorar\u00e1n tu experiencia de navegaci\u00f3n. Sin embargo, puede que prefieras desactivar las cookies en este sitio web y en otros. La forma m\u00e1s eficaz de hacerlo es desactivar las cookies en tu navegador o aplicar los cambios deseados en &#8220;Configuraci\u00f3n de cookies&#8221; m\u00e1s abajo.<\/p>\n<h2>Informaci\u00f3n sobre nuestra pol\u00edtica de cookies<\/h2>\n<p>&nbsp;<\/p>\n<p><span data-sheets-value=\"{&quot;1&quot;:2,&quot;2&quot;:&quot;Informaci\u00f3n\\n\\nCookies estrictamente necesarias\\n\\nEstas cookies son necesarias para el funcionamiento del sitio web y no pueden desactivarse en nuestros sistemas. Normalmente s\u00f3lo se instalan en respuesta a acciones realizadas por ti que equivalen a una solicitud de servicios, como configurar tus preferencias de privacidad, iniciar sesi\u00f3n o rellenar formularios. Puedes configurar tu navegador para que bloquee estas cookies o te avise de ellas, pero entonces algunas partes del sitio web no funcionar\u00e1n. Estas cookies no almacenan informaci\u00f3n personal identificable.\\n&quot;}\" data-sheets-userformat=\"{&quot;2&quot;:15233,&quot;3&quot;:{&quot;1&quot;:0},&quot;10&quot;:1,&quot;11&quot;:4,&quot;12&quot;:0,&quot;14&quot;:{&quot;1&quot;:3,&quot;3&quot;:1},&quot;15&quot;:&quot;Arial&quot;,&quot;16&quot;:10}\"><strong>Cookies estrictamente necesarias<\/strong><\/span><\/p>\n<p>Estas cookies son necesarias para el funcionamiento del sitio web y no pueden desactivarse en nuestros sistemas. Normalmente s\u00f3lo se instalan en respuesta a acciones realizadas por ti que equivalen a una solicitud de servicios, como configurar tus preferencias de privacidad, iniciar sesi\u00f3n o rellenar formularios. Puedes configurar tu navegador para que bloquee estas cookies o te avise de ellas, pero entonces algunas partes del sitio web no funcionar\u00e1n. Estas cookies no almacenan informaci\u00f3n personal identificable.<\/p>\n<p><span data-sheets-value=\"{&quot;1&quot;:2,&quot;2&quot;:&quot;Cookies de rendimiento\\n\\nEstas cookies nos permiten contar las visitas y las fuentes de tr\u00e1fico para que podamos medir y mejorar el rendimiento de nuestro sitio web. Nos ayudan a saber qu\u00e9 p\u00e1ginas son las m\u00e1s y las menos vistas y a ver c\u00f3mo se mueven los visitantes por la web. Toda la informaci\u00f3n que recogen estas cookies es agregada y, por tanto, an\u00f3nima. Si no permites estas cookies, no sabremos cu\u00e1ndo has visitado nuestra web y no podremos controlar su rendimiento.&quot;}\" data-sheets-userformat=\"{&quot;2&quot;:15233,&quot;3&quot;:{&quot;1&quot;:0},&quot;10&quot;:1,&quot;11&quot;:4,&quot;12&quot;:0,&quot;14&quot;:{&quot;1&quot;:3,&quot;3&quot;:1},&quot;15&quot;:&quot;Arial&quot;,&quot;16&quot;:10}\"><strong>Cookies de rendimiento<\/strong><\/span><\/p>\n<p>Estas cookies nos permiten contar las visitas y las fuentes de tr\u00e1fico para que podamos medir y mejorar el rendimiento de nuestro sitio web. Nos ayudan a saber qu\u00e9 p\u00e1ginas son las m\u00e1s y las menos vistas y a ver c\u00f3mo se mueven los visitantes por la web. Toda la informaci\u00f3n que recogen estas cookies es agregada y, por tanto, an\u00f3nima. Si no permites estas cookies, no sabremos cu\u00e1ndo has visitado nuestra web y no podremos controlar su rendimiento.<\/p>\n<p><span data-sheets-value=\"{&quot;1&quot;:2,&quot;2&quot;:&quot;Cookies funcionales\\n\\nEstas cookies permiten que el sitio web ofrezca una mayor funcionalidad y personalizaci\u00f3n. Pueden ser instaladas por nosotros o por terceros proveedores cuyos servicios hemos a\u00f1adido a nuestras p\u00e1ginas. Si no permites estas cookies, es posible que algunos o todos estos servicios no funcionen correctamente.\\n\\nCookies de segmentaci\u00f3n\\n\\nEstas cookies pueden ser instaladas a trav\u00e9s de nuestro sitio web por nuestros socios publicitarios. Estas empresas pueden utilizarlas para crear un perfil de tus intereses y mostrarte anuncios relevantes en otras p\u00e1ginas web. No almacenan directamente informaci\u00f3n personal, sino que se basan en la identificaci\u00f3n exclusiva de tu navegador y dispositivo de Internet. Si no permites el uso de estas cookies, recibir\u00e1s menos publicidad personalizada.&quot;}\" data-sheets-userformat=\"{&quot;2&quot;:15233,&quot;3&quot;:{&quot;1&quot;:0},&quot;10&quot;:1,&quot;11&quot;:4,&quot;12&quot;:0,&quot;14&quot;:{&quot;1&quot;:3,&quot;3&quot;:1},&quot;15&quot;:&quot;Arial&quot;,&quot;16&quot;:10}\"><strong>Cookies funcionales<\/strong><\/span><\/p>\n<p>Estas cookies permiten que el sitio web ofrezca una mayor funcionalidad y personalizaci\u00f3n. Pueden ser instaladas por nosotros o por terceros proveedores cuyos servicios hemos a\u00f1adido a nuestras p\u00e1ginas. Si no permites estas cookies, es posible que algunos o todos estos servicios no funcionen correctamente.<\/p>\n<p><strong>Cookies de segmentaci\u00f3n<\/strong><\/p>\n<p>Estas cookies pueden ser instaladas a trav\u00e9s de nuestro sitio web por nuestros socios publicitarios. Estas empresas pueden utilizarlas para crear un perfil de tus intereses y mostrarte anuncios relevantes en otras p\u00e1ginas web. No almacenan directamente informaci\u00f3n personal, sino que se basan en la identificaci\u00f3n exclusiva de tu navegador y dispositivo de Internet. Si no permites el uso de estas cookies, recibir\u00e1s menos publicidad personalizada.<\/p>\n                    <\/div>\r\n                            <\/div>\r\n        <\/div>\r\n    <\/div>\r\n<\/div>","protected":false},"excerpt":{"rendered":"","protected":false},"author":5,"featured_media":0,"parent":0,"menu_order":0,"comment_status":"closed","ping_status":"closed","template":"","meta":{"content-type":"","footnotes":""},"class_list":["post-7529","page","type-page","status-publish","hentry"],"acf":[],"yoast_head":"<!-- This site is optimized with the Yoast SEO Premium plugin v26.9 (Yoast SEO v27.4) - https:\/\/yoast.com\/product\/yoast-seo-premium-wordpress\/ -->\n<title>Pol\u00edtica de cookies - sandsiv+<\/title>\n<meta name=\"description\" content=\"Consulta nuestra pol\u00edtica de cookies, peque\u00f1os archivos de texto que se almacenan en tu ordenador para mejorar la experiencia del usuario.\" \/>\n<meta name=\"robots\" content=\"index, follow, max-snippet:-1, max-image-preview:large, max-video-preview:-1\" \/>\n<link rel=\"canonical\" href=\"https:\/\/sandsiv.com\/cookie-policy\/\" \/>\n<meta property=\"og:locale\" content=\"es_ES\" \/>\n<meta property=\"og:type\" content=\"article\" \/>\n<meta property=\"og:title\" content=\"Pol\u00edtica de cookies\" \/>\n<meta property=\"og:description\" content=\"Consulta nuestra pol\u00edtica de cookies, peque\u00f1os archivos de texto que se almacenan en tu ordenador para mejorar la experiencia del usuario.\" \/>\n<meta property=\"og:url\" content=\"https:\/\/sandsiv.com\/cookie-policy\/\" \/>\n<meta property=\"og:site_name\" content=\"sandsiv+\" \/>\n<meta property=\"article:modified_time\" content=\"2023-05-09T13:00:19+00:00\" \/>\n<meta name=\"twitter:card\" content=\"summary_large_image\" \/>\n<script type=\"application\/ld+json\" class=\"yoast-schema-graph\">{\"@context\":\"https:\\\/\\\/schema.org\",\"@graph\":[{\"@type\":\"WebPage\",\"@id\":\"https:\\\/\\\/sandsiv.com\\\/cookie-policy\\\/\",\"url\":\"https:\\\/\\\/sandsiv.com\\\/cookie-policy\\\/\",\"name\":\"Pol\u00edtica de cookies - sandsiv+\",\"isPartOf\":{\"@id\":\"https:\\\/\\\/sandsiv.com\\\/#website\"},\"datePublished\":\"2021-08-12T07:41:23+00:00\",\"dateModified\":\"2023-05-09T13:00:19+00:00\",\"description\":\"Consulta nuestra pol\u00edtica de cookies, peque\u00f1os archivos de texto que se almacenan en tu ordenador para mejorar la experiencia del usuario.\",\"breadcrumb\":{\"@id\":\"https:\\\/\\\/sandsiv.com\\\/cookie-policy\\\/#breadcrumb\"},\"inLanguage\":\"es\",\"potentialAction\":[{\"@type\":\"ReadAction\",\"target\":[\"https:\\\/\\\/sandsiv.com\\\/cookie-policy\\\/\"]}]},{\"@type\":\"BreadcrumbList\",\"@id\":\"https:\\\/\\\/sandsiv.com\\\/cookie-policy\\\/#breadcrumb\",\"itemListElement\":[{\"@type\":\"ListItem\",\"position\":1,\"name\":\"Home\",\"item\":\"https:\\\/\\\/sandsiv.com\\\/es\\\/\"},{\"@type\":\"ListItem\",\"position\":2,\"name\":\"Pol\u00edtica de cookies\"}]},{\"@type\":\"WebSite\",\"@id\":\"https:\\\/\\\/sandsiv.com\\\/#website\",\"url\":\"https:\\\/\\\/sandsiv.com\\\/\",\"name\":\"sandsiv+\",\"description\":\"Customer Intelligence Made In Switzerland\",\"publisher\":{\"@id\":\"https:\\\/\\\/sandsiv.com\\\/#organization\"},\"potentialAction\":[{\"@type\":\"SearchAction\",\"target\":{\"@type\":\"EntryPoint\",\"urlTemplate\":\"https:\\\/\\\/sandsiv.com\\\/?s={search_term_string}\"},\"query-input\":{\"@type\":\"PropertyValueSpecification\",\"valueRequired\":true,\"valueName\":\"search_term_string\"}}],\"inLanguage\":\"es\"},{\"@type\":\"Organization\",\"@id\":\"https:\\\/\\\/sandsiv.com\\\/#organization\",\"name\":\"sandsiv+\",\"url\":\"https:\\\/\\\/sandsiv.com\\\/\",\"logo\":{\"@type\":\"ImageObject\",\"inLanguage\":\"es\",\"@id\":\"https:\\\/\\\/sandsiv.com\\\/#\\\/schema\\\/logo\\\/image\\\/\",\"url\":\"https:\\\/\\\/sandsiv.com\\\/wp-content\\\/uploads\\\/2021\\\/08\\\/logo-light-normal.svg\",\"contentUrl\":\"https:\\\/\\\/sandsiv.com\\\/wp-content\\\/uploads\\\/2021\\\/08\\\/logo-light-normal.svg\",\"width\":376,\"height\":67,\"caption\":\"sandsiv+\"},\"image\":{\"@id\":\"https:\\\/\\\/sandsiv.com\\\/#\\\/schema\\\/logo\\\/image\\\/\"}}]}<\/script>\n<!-- \/ Yoast SEO Premium plugin. -->","yoast_head_json":{"title":"Pol\u00edtica de cookies - sandsiv+","description":"Consulta nuestra pol\u00edtica de cookies, peque\u00f1os archivos de texto que se almacenan en tu ordenador para mejorar la experiencia del usuario.","robots":{"index":"index","follow":"follow","max-snippet":"max-snippet:-1","max-image-preview":"max-image-preview:large","max-video-preview":"max-video-preview:-1"},"canonical":"https:\/\/sandsiv.com\/cookie-policy\/","og_locale":"es_ES","og_type":"article","og_title":"Pol\u00edtica de cookies","og_description":"Consulta nuestra pol\u00edtica de cookies, peque\u00f1os archivos de texto que se almacenan en tu ordenador para mejorar la experiencia del usuario.","og_url":"https:\/\/sandsiv.com\/cookie-policy\/","og_site_name":"sandsiv+","article_modified_time":"2023-05-09T13:00:19+00:00","twitter_card":"summary_large_image","schema":{"@context":"https:\/\/schema.org","@graph":[{"@type":"WebPage","@id":"https:\/\/sandsiv.com\/cookie-policy\/","url":"https:\/\/sandsiv.com\/cookie-policy\/","name":"Pol\u00edtica de cookies - sandsiv+","isPartOf":{"@id":"https:\/\/sandsiv.com\/#website"},"datePublished":"2021-08-12T07:41:23+00:00","dateModified":"2023-05-09T13:00:19+00:00","description":"Consulta nuestra pol\u00edtica de cookies, peque\u00f1os archivos de texto que se almacenan en tu ordenador para mejorar la experiencia del usuario.","breadcrumb":{"@id":"https:\/\/sandsiv.com\/cookie-policy\/#breadcrumb"},"inLanguage":"es","potentialAction":[{"@type":"ReadAction","target":["https:\/\/sandsiv.com\/cookie-policy\/"]}]},{"@type":"BreadcrumbList","@id":"https:\/\/sandsiv.com\/cookie-policy\/#breadcrumb","itemListElement":[{"@type":"ListItem","position":1,"name":"Home","item":"https:\/\/sandsiv.com\/es\/"},{"@type":"ListItem","position":2,"name":"Pol\u00edtica de cookies"}]},{"@type":"WebSite","@id":"https:\/\/sandsiv.com\/#website","url":"https:\/\/sandsiv.com\/","name":"sandsiv+","description":"Customer Intelligence Made In Switzerland","publisher":{"@id":"https:\/\/sandsiv.com\/#organization"},"potentialAction":[{"@type":"SearchAction","target":{"@type":"EntryPoint","urlTemplate":"https:\/\/sandsiv.com\/?s={search_term_string}"},"query-input":{"@type":"PropertyValueSpecification","valueRequired":true,"valueName":"search_term_string"}}],"inLanguage":"es"},{"@type":"Organization","@id":"https:\/\/sandsiv.com\/#organization","name":"sandsiv+","url":"https:\/\/sandsiv.com\/","logo":{"@type":"ImageObject","inLanguage":"es","@id":"https:\/\/sandsiv.com\/#\/schema\/logo\/image\/","url":"https:\/\/sandsiv.com\/wp-content\/uploads\/2021\/08\/logo-light-normal.svg","contentUrl":"https:\/\/sandsiv.com\/wp-content\/uploads\/2021\/08\/logo-light-normal.svg","width":376,"height":67,"caption":"sandsiv+"},"image":{"@id":"https:\/\/sandsiv.com\/#\/schema\/logo\/image\/"}}]}},"_links":{"self":[{"href":"https:\/\/sandsiv.com\/es\/wp-json\/wp\/v2\/pages\/7529","targetHints":{"allow":["GET"]}}],"collection":[{"href":"https:\/\/sandsiv.com\/es\/wp-json\/wp\/v2\/pages"}],"about":[{"href":"https:\/\/sandsiv.com\/es\/wp-json\/wp\/v2\/types\/page"}],"author":[{"embeddable":true,"href":"https:\/\/sandsiv.com\/es\/wp-json\/wp\/v2\/users\/5"}],"replies":[{"embeddable":true,"href":"https:\/\/sandsiv.com\/es\/wp-json\/wp\/v2\/comments?post=7529"}],"version-history":[{"count":0,"href":"https:\/\/sandsiv.com\/es\/wp-json\/wp\/v2\/pages\/7529\/revisions"}],"wp:attachment":[{"href":"https:\/\/sandsiv.com\/es\/wp-json\/wp\/v2\/media?parent=7529"}],"curies":[{"name":"wp","href":"https:\/\/api.w.org\/{rel}","templated":true}]}}