
{"id":14847,"date":"2021-07-13T05:15:21","date_gmt":"2021-07-13T05:15:21","guid":{"rendered":"https:\/\/sandsiv.com\/programa-de-socios\/flex-partnership\/"},"modified":"2024-09-26T08:13:43","modified_gmt":"2024-09-26T08:13:43","slug":"colaboracion-flex","status":"publish","type":"page","link":"https:\/\/sandsiv.com\/es\/programa-de-socios\/colaboracion-flex\/","title":{"rendered":"Colaboraci\u00f3n Flex"},"content":{"rendered":"<div id=\"banner-block_de496f0696daf85ac9e0247cfac3c051\"\r\n    class=\"banner scroll-fade\">\r\n    <div\r\n        class=\"module mt_0  mb_0\">\r\n        <div class=\"container\">\r\n            <div class=\"banner__inner\">\r\n                <div class=\"banner__data\">\r\n                                        <h1 class=\"heading\">Colaboraci\u00f3n Flex  <strong\r\n                            class=\"heading_red\">Dise\u00f1ada para ser \u00e1gil<\/strong>                    <\/h1>\r\n                                                            <div class=\"description\">La flexibilidad que necesitas sin comprometer la calidad y el control.\r\n                    <\/div>                                                            <div class=\"banner__button\">\r\n                        <a href=\"https:\/\/sandsiv.com\/es\/hazte-socio\/\"\r\n                            class=\"btn\" _self                            >Hazte socio Flex<\/a>\r\n                    <\/div>\r\n                                                                            <\/div>\r\n                <div class=\"banner__media\">\r\n                                        <div class=\"banner__image\">\r\n                        <picture class=\"image\">\r\n                            <source srcset=\"https:\/\/sandsiv.com\/wp-content\/uploads\/2024\/07\/Headers-1.svg\">\r\n                            <img decoding=\"async\" src=\"https:\/\/sandsiv.com\/wp-content\/uploads\/2024\/07\/Headers-1.svg\"\r\n                                alt=\"\" \/>\r\n                        <\/picture>\r\n                    <\/div>\r\n                                                                            <\/div>\r\n            <\/div>\r\n        <\/div>\r\n    <\/div>\r\n<\/div>\n\n\r\n<div id=\"frames_section-block_8c2b2a4363b1ced70f9ed697a2c4c0e6\" class=\"frames_section scroll-fade\">\r\n    <div class=\"module mt_0 \">  \r\n        <div class=\"bg_clr_section bg_clr_red\">               \r\n            <div class=\"container\">\r\n                <div class=\"frames_section_inner\"> \r\n                                            <div class=\"heading\">\r\n                            \u00bfNecesitas una tecnolog\u00eda f\u00e1cil de implementar?                        <\/div>\r\n                                                                <div class=\"text\">\r\n                            <p>Entonces eres un futuro socio Flex. El modelo Flex te ofrece la <b>flexibilidad<\/b> que necesitas sin comprometer la calidad ni el control.<\/p>\n                        <\/div>\r\n                                                                <div class=\"button_section\">\r\n                            <a class=\"btn btn--white \" href=\"https:\/\/sandsiv.com\/es\/hazte-socio\/\" >\r\n                                Hazte socio Flex                            <\/a>\r\n                        <\/div>\r\n                                    <\/div>\r\n            <\/div>\r\n        <\/div>\r\n    <\/div>\r\n<\/div>\n\n<div id=\"text_imagevideo-block_7e6a496b4573a02f1bc6d1f587e36200\"\r\n    class=\"text_imagevideo scroll-fade\">\r\n    <div class=\"container\">\r\n                <div class=\"text_imagevideo__inner\">\r\n                        <div\r\n                class=\"text_imagevideo__list \">\r\n                                <div class=\"text_imagevideo__item module scroll-fade\">\r\n                    <div\r\n                        class=\"text_imagevideo__item__inner imagePosition_right\">\r\n                        <div class=\"contant\">\r\n                                                        <h6 class=\"sub_heading\"\r\n                                style=\"color: #bf2025; \">\r\n                                Vamos, flex                            <\/h6>                                                        <h1 class=\"title\">Pensado para ti                            <\/h1>                                                        <div class=\"text\">Durante los \u00faltimos seis meses, las numerosas solicitudes de <b>proyectos con tiempo limitado y presupuesto ajustado<\/b> han impulsado la creaci\u00f3n de este modelo de negocio.\r\n                            <\/div>                                                        <a href=\"https:\/\/sandsiv.com\/es\/hazte-socio\/\"\r\n                                class=\"btn\"                                 >Hazte socio Flex<\/a>\r\n                                                    <\/div>\r\n                        <div class=\"image_video\">\r\n                                                        <picture class=\"img\"                                 >\r\n                                <source\r\n                                    srcset=\"https:\/\/sandsiv.com\/wp-content\/uploads\/2024\/07\/flex-partnership.svg\">\r\n                                <img decoding=\"async\" src=\"https:\/\/sandsiv.com\/wp-content\/uploads\/2024\/07\/flex-partnership.svg\"\r\n                                    alt=\"\" \/>\r\n                            <\/picture>\r\n                                                    <\/div>\r\n                    <\/div>\r\n                <\/div>\r\n                            <\/div>\r\n        <\/div>\r\n            <\/div>\r\n<\/div>\n\n<div id=\"card-block_adef0c65d4d115a5ef39adda409326e1\"\n    class=\"card scroll-fade\">\n    <div\n        class=\"module  mb_0\">\n        <div class=\"container\">\n            <div class=\"card__inner\">\n                <div class=\"card__header\">\n                                        <h4 class=\"tag_line\">6 razones para Flex                    <\/h4>                                         <h1\n                        class=\"heading heading__Normal\">\n                        \u00bfPor qu\u00e9 elegir la Colaboraci\u00f3n Flex?                        <\/h4>                                         <\/div>\n                                <div\n                    class=\"card__news_list custom_list list_column3_icon\">\n                                        <div class=\"newsItem\">\n                        <div\n                            class=\"newsItem__inner isIcon\">\n                                                        <div class=\"contant\">\n                                                                <h2 class=\"title\">Coste <span style=\"color: #bf2025;\">efectivo<\/span>                                <\/h2>                                                                <div class=\"short_description\">\n                                    A partir de s\u00f3lo 1.500 CHF al mes, obtendr\u00e1s funciones omnicanal de VOC directo y an\u00e1lisis avanzados.\r\n                                                                 <\/div>\n                                                                                                                                                            <\/div>\n                        <\/div>\n                    <\/div>\n                                        <div class=\"newsItem\">\n                        <div\n                            class=\"newsItem__inner isIcon\">\n                                                        <div class=\"contant\">\n                                                                <h2 class=\"title\">Control <span style=\"color: #bf2025;\">total<\/span>                                <\/h2>                                                                <div class=\"short_description\">\n                                    Los socios conservan el control total sobre las instancias y la relaci\u00f3n con los clientes.\r\n                                                                <\/div>\n                                                                                                <h6 class=\"question\">                                 <\/h6>                                                                                            <\/div>\n                        <\/div>\n                    <\/div>\n                                        <div class=\"newsItem\">\n                        <div\n                            class=\"newsItem__inner isIcon\">\n                                                        <div class=\"contant\">\n                                                                <h2 class=\"title\">Muy <span style=\"color: #bf2025;\">escalable<\/span>                                 <\/h2>                                                                <div class=\"short_description\">\n                                    Activa o desactiva f\u00e1cilmente las instancias de cliente para satisfacer las necesidades cambiantes y ampliar tu marco de consultor\u00eda.\r\n                                                                <\/div>\n                                                                                                <h6 class=\"question\">                                 <\/h6>                                                                                            <\/div>\n                        <\/div>\n                    <\/div>\n                                        <div class=\"newsItem\">\n                        <div\n                            class=\"newsItem__inner isIcon\">\n                                                        <div class=\"contant\">\n                                                                <h2 class=\"title\"><span style=\"color: #bf2025;\"> M\u00e1ximo<\/span> crecimiento                                <\/h2>                                                                <div class=\"short_description\">\n                                    Empieza desde el principio con una soluci\u00f3n empresarial que favorece el crecimiento y la escalabilidad.                                                                <\/div>\n                                                                                                <h6 class=\"question\">                                 <\/h6>                                                                                            <\/div>\n                        <\/div>\n                    <\/div>\n                                        <div class=\"newsItem\">\n                        <div\n                            class=\"newsItem__inner isIcon\">\n                                                        <div class=\"contant\">\n                                                                <h2 class=\"title\"><span style=\"color: #bf2025;\">Procesos<\/span> r\u00e1pidos                                <\/h2>                                                                <div class=\"short_description\">\n                                    Agiliza la toma de decisiones de los clientes salt\u00e1ndote los largos procedimientos de selecci\u00f3n de proveedores.                                                                <\/div>\n                                                                                                                                                            <\/div>\n                        <\/div>\n                    <\/div>\n                                        <div class=\"newsItem\">\n                        <div\n                            class=\"newsItem__inner isIcon\">\n                                                        <div class=\"contant\">\n                                                                <h2 class=\"title\"><span style=\"color: #bf2025;\">Datos<\/span> seguros                                <\/h2>                                                                <div class=\"short_description\">\n                                    Cada instancia de cliente mantiene los datos totalmente segregados para el cumplimiento del GDPR.\r\n                                                                <\/div>\n                                                                                                                                                            <\/div>\n                        <\/div>\n                    <\/div>\n                                    <\/div>\n                                                \n            <\/div>\n        <\/div>\n    <\/div>\n<\/div>\n\n<div id=\"text_imagevideo-block_4d49dd9af99d6db294a61104da75146d\"\r\n    class=\"text_imagevideo scroll-fade\">\r\n    <div class=\"container\">\r\n                <div class=\"text_imagevideo__inner\">\r\n                        <div\r\n                class=\"text_imagevideo__list \">\r\n                                <div class=\"text_imagevideo__item module scroll-fade\">\r\n                    <div\r\n                        class=\"text_imagevideo__item__inner imagePosition_left\">\r\n                        <div class=\"contant\">\r\n                                                        <h6 class=\"sub_heading\"\r\n                                style=\"color: #bf2025; \">\r\n                                Para tener en cuenta                            <\/h6>                                                        <h1 class=\"title\">C\u00f3mo funciona                            <\/h1>                                                        <div class=\"text\">Experimenta <b>beneficios<\/b> desde el mes 1, disfruta de pagos mensuales y gana <b>hasta un 50%<\/b> de marginalidad.\r\n                            <\/div>                                                        <a href=\"https:\/\/sandsiv.com\/es\/hazte-socio\/\"\r\n                                class=\"btn\"                                 >Empezar con Flex &gt;<\/a>\r\n                                                    <\/div>\r\n                        <div class=\"image_video\">\r\n                                                        <picture class=\"img\"                                 >\r\n                                <source\r\n                                    srcset=\"https:\/\/sandsiv.com\/wp-content\/uploads\/2024\/07\/flex-partnership-1-1.svg\">\r\n                                <img decoding=\"async\" src=\"https:\/\/sandsiv.com\/wp-content\/uploads\/2024\/07\/flex-partnership-1-1.svg\"\r\n                                    alt=\"\" \/>\r\n                            <\/picture>\r\n                                                    <\/div>\r\n                    <\/div>\r\n                <\/div>\r\n                            <\/div>\r\n        <\/div>\r\n            <\/div>\r\n<\/div>\n\n\r\n<div id=\"frames_section-block_bb9147a3dad76881d2c33b286da5d9be\" class=\"frames_section scroll-fade\">\r\n    <div class=\"module mt_0  mb_0\">  \r\n        <div class=\"bg_clr_section bg_clr_turquoise\">               \r\n            <div class=\"container\">\r\n                <div class=\"frames_section_inner\"> \r\n                                            <div class=\"heading\">\r\n                            <span style=\"color: #404040;\">\u00bfNo sabes si esto es para ti?<\/span>                        <\/div>\r\n                                                                <div class=\"text\">\r\n                            <p><span style=\"color: #404040;\">Si tienes un <strong>presupuesto dedicado<\/strong> y quieres <strong>escalar<\/strong>, entonces explora nuestro Programa de Referidos.<\/span><\/p>\n                        <\/div>\r\n                                                                <div class=\"button_section\">\r\n                            <a class=\"btn btn--white \" href=\"https:\/\/sandsiv.com\/partner-program\/referral-partnership\/\" >\r\n                                Sobre el Programa de Referidos                            <\/a>\r\n                        <\/div>\r\n                                    <\/div>\r\n            <\/div>\r\n        <\/div>\r\n    <\/div>\r\n<\/div>\n\n\r\n<div id=\"frames_section-block_1b5bba06940e795e8f42368336c39fdc\" class=\"frames_section scroll-fade\">\r\n    <div class=\"module mt_0  mb_0\">  \r\n        <div class=\"bg_clr_section bg_clr_red\">               \r\n            <div class=\"container\">\r\n                <div class=\"frames_section_inner\"> \r\n                                            <div class=\"heading\">\r\n                            Empieza a crecer hoy mismo con sandsiv+                        <\/div>\r\n                                                                                    <div class=\"button_section\">\r\n                            <a class=\"btn btn--white \" href=\"https:\/\/sandsiv.com\/es\/programa-de-socios\/\" >\r\n                                Hablemos                            <\/a>\r\n                        <\/div>\r\n                                    <\/div>\r\n            <\/div>\r\n        <\/div>\r\n    <\/div>\r\n<\/div>","protected":false},"excerpt":{"rendered":"","protected":false},"author":5,"featured_media":13891,"parent":7637,"menu_order":0,"comment_status":"closed","ping_status":"closed","template":"","meta":{"content-type":"","footnotes":""},"class_list":["post-14847","page","type-page","status-publish","has-post-thumbnail","hentry"],"acf":[],"yoast_head":"<!-- This site is optimized with the Yoast SEO Premium plugin v26.9 (Yoast SEO v27.4) - https:\/\/yoast.com\/product\/yoast-seo-premium-wordpress\/ -->\n<title>Colaboraci\u00f3n Flex - sandsiv+<\/title>\n<meta name=\"description\" content=\"Descubre la nueva Colaboraci\u00f3n Flex: la flexibilidad que necesitas sin comprometer la calidad y el control.\" \/>\n<meta name=\"robots\" content=\"index, follow, max-snippet:-1, max-image-preview:large, max-video-preview:-1\" \/>\n<link rel=\"canonical\" href=\"https:\/\/sandsiv.com\/es\/programa-de-socios\/colaboracion-flex\/\" \/>\n<meta property=\"og:locale\" content=\"es_ES\" \/>\n<meta property=\"og:type\" content=\"article\" \/>\n<meta property=\"og:title\" content=\"Colaboraci\u00f3n Flex\" \/>\n<meta property=\"og:description\" content=\"Descubre la nueva Colaboraci\u00f3n Flex: la flexibilidad que necesitas sin comprometer la calidad y el control.\" \/>\n<meta property=\"og:url\" content=\"https:\/\/sandsiv.com\/es\/programa-de-socios\/colaboracion-flex\/\" \/>\n<meta property=\"og:site_name\" content=\"sandsiv+\" \/>\n<meta property=\"article:modified_time\" content=\"2024-09-26T08:13:43+00:00\" \/>\n<meta name=\"twitter:card\" content=\"summary_large_image\" \/>\n<meta name=\"twitter:label1\" content=\"Tiempo de lectura\" \/>\n\t<meta name=\"twitter:data1\" content=\"2 minutos\" \/>\n<script type=\"application\/ld+json\" class=\"yoast-schema-graph\">{\"@context\":\"https:\\\/\\\/schema.org\",\"@graph\":[{\"@type\":\"WebPage\",\"@id\":\"https:\\\/\\\/sandsiv.com\\\/es\\\/programa-de-socios\\\/colaboracion-flex\\\/\",\"url\":\"https:\\\/\\\/sandsiv.com\\\/es\\\/programa-de-socios\\\/colaboracion-flex\\\/\",\"name\":\"Colaboraci\u00f3n Flex - sandsiv+\",\"isPartOf\":{\"@id\":\"https:\\\/\\\/sandsiv.com\\\/#website\"},\"primaryImageOfPage\":{\"@id\":\"https:\\\/\\\/sandsiv.com\\\/es\\\/programa-de-socios\\\/colaboracion-flex\\\/#primaryimage\"},\"image\":{\"@id\":\"https:\\\/\\\/sandsiv.com\\\/es\\\/programa-de-socios\\\/colaboracion-flex\\\/#primaryimage\"},\"thumbnailUrl\":\"https:\\\/\\\/sandsiv.com\\\/wp-content\\\/uploads\\\/2024\\\/07\\\/Headers-1.svg\",\"datePublished\":\"2021-07-13T05:15:21+00:00\",\"dateModified\":\"2024-09-26T08:13:43+00:00\",\"description\":\"Descubre la nueva Colaboraci\u00f3n Flex: la flexibilidad que necesitas sin comprometer la calidad y el control.\",\"breadcrumb\":{\"@id\":\"https:\\\/\\\/sandsiv.com\\\/es\\\/programa-de-socios\\\/colaboracion-flex\\\/#breadcrumb\"},\"inLanguage\":\"es\",\"potentialAction\":[{\"@type\":\"ReadAction\",\"target\":[\"https:\\\/\\\/sandsiv.com\\\/es\\\/programa-de-socios\\\/colaboracion-flex\\\/\"]}]},{\"@type\":\"ImageObject\",\"inLanguage\":\"es\",\"@id\":\"https:\\\/\\\/sandsiv.com\\\/es\\\/programa-de-socios\\\/colaboracion-flex\\\/#primaryimage\",\"url\":\"https:\\\/\\\/sandsiv.com\\\/wp-content\\\/uploads\\\/2024\\\/07\\\/Headers-1.svg\",\"contentUrl\":\"https:\\\/\\\/sandsiv.com\\\/wp-content\\\/uploads\\\/2024\\\/07\\\/Headers-1.svg\",\"width\":924,\"height\":964},{\"@type\":\"BreadcrumbList\",\"@id\":\"https:\\\/\\\/sandsiv.com\\\/es\\\/programa-de-socios\\\/colaboracion-flex\\\/#breadcrumb\",\"itemListElement\":[{\"@type\":\"ListItem\",\"position\":1,\"name\":\"Home\",\"item\":\"https:\\\/\\\/sandsiv.com\\\/es\\\/\"},{\"@type\":\"ListItem\",\"position\":2,\"name\":\"Programa de socios\",\"item\":\"https:\\\/\\\/sandsiv.com\\\/es\\\/programa-de-socios\\\/\"},{\"@type\":\"ListItem\",\"position\":3,\"name\":\"Colaboraci\u00f3n Flex\"}]},{\"@type\":\"WebSite\",\"@id\":\"https:\\\/\\\/sandsiv.com\\\/#website\",\"url\":\"https:\\\/\\\/sandsiv.com\\\/\",\"name\":\"sandsiv+\",\"description\":\"Customer Intelligence Made In Switzerland\",\"publisher\":{\"@id\":\"https:\\\/\\\/sandsiv.com\\\/#organization\"},\"potentialAction\":[{\"@type\":\"SearchAction\",\"target\":{\"@type\":\"EntryPoint\",\"urlTemplate\":\"https:\\\/\\\/sandsiv.com\\\/?s={search_term_string}\"},\"query-input\":{\"@type\":\"PropertyValueSpecification\",\"valueRequired\":true,\"valueName\":\"search_term_string\"}}],\"inLanguage\":\"es\"},{\"@type\":\"Organization\",\"@id\":\"https:\\\/\\\/sandsiv.com\\\/#organization\",\"name\":\"sandsiv+\",\"url\":\"https:\\\/\\\/sandsiv.com\\\/\",\"logo\":{\"@type\":\"ImageObject\",\"inLanguage\":\"es\",\"@id\":\"https:\\\/\\\/sandsiv.com\\\/#\\\/schema\\\/logo\\\/image\\\/\",\"url\":\"https:\\\/\\\/sandsiv.com\\\/wp-content\\\/uploads\\\/2021\\\/08\\\/logo-light-normal.svg\",\"contentUrl\":\"https:\\\/\\\/sandsiv.com\\\/wp-content\\\/uploads\\\/2021\\\/08\\\/logo-light-normal.svg\",\"width\":376,\"height\":67,\"caption\":\"sandsiv+\"},\"image\":{\"@id\":\"https:\\\/\\\/sandsiv.com\\\/#\\\/schema\\\/logo\\\/image\\\/\"}}]}<\/script>\n<!-- \/ Yoast SEO Premium plugin. -->","yoast_head_json":{"title":"Colaboraci\u00f3n Flex - sandsiv+","description":"Descubre la nueva Colaboraci\u00f3n Flex: la flexibilidad que necesitas sin comprometer la calidad y el control.","robots":{"index":"index","follow":"follow","max-snippet":"max-snippet:-1","max-image-preview":"max-image-preview:large","max-video-preview":"max-video-preview:-1"},"canonical":"https:\/\/sandsiv.com\/es\/programa-de-socios\/colaboracion-flex\/","og_locale":"es_ES","og_type":"article","og_title":"Colaboraci\u00f3n Flex","og_description":"Descubre la nueva Colaboraci\u00f3n Flex: la flexibilidad que necesitas sin comprometer la calidad y el control.","og_url":"https:\/\/sandsiv.com\/es\/programa-de-socios\/colaboracion-flex\/","og_site_name":"sandsiv+","article_modified_time":"2024-09-26T08:13:43+00:00","twitter_card":"summary_large_image","twitter_misc":{"Tiempo de lectura":"2 minutos"},"schema":{"@context":"https:\/\/schema.org","@graph":[{"@type":"WebPage","@id":"https:\/\/sandsiv.com\/es\/programa-de-socios\/colaboracion-flex\/","url":"https:\/\/sandsiv.com\/es\/programa-de-socios\/colaboracion-flex\/","name":"Colaboraci\u00f3n Flex - sandsiv+","isPartOf":{"@id":"https:\/\/sandsiv.com\/#website"},"primaryImageOfPage":{"@id":"https:\/\/sandsiv.com\/es\/programa-de-socios\/colaboracion-flex\/#primaryimage"},"image":{"@id":"https:\/\/sandsiv.com\/es\/programa-de-socios\/colaboracion-flex\/#primaryimage"},"thumbnailUrl":"https:\/\/sandsiv.com\/wp-content\/uploads\/2024\/07\/Headers-1.svg","datePublished":"2021-07-13T05:15:21+00:00","dateModified":"2024-09-26T08:13:43+00:00","description":"Descubre la nueva Colaboraci\u00f3n Flex: la flexibilidad que necesitas sin comprometer la calidad y el control.","breadcrumb":{"@id":"https:\/\/sandsiv.com\/es\/programa-de-socios\/colaboracion-flex\/#breadcrumb"},"inLanguage":"es","potentialAction":[{"@type":"ReadAction","target":["https:\/\/sandsiv.com\/es\/programa-de-socios\/colaboracion-flex\/"]}]},{"@type":"ImageObject","inLanguage":"es","@id":"https:\/\/sandsiv.com\/es\/programa-de-socios\/colaboracion-flex\/#primaryimage","url":"https:\/\/sandsiv.com\/wp-content\/uploads\/2024\/07\/Headers-1.svg","contentUrl":"https:\/\/sandsiv.com\/wp-content\/uploads\/2024\/07\/Headers-1.svg","width":924,"height":964},{"@type":"BreadcrumbList","@id":"https:\/\/sandsiv.com\/es\/programa-de-socios\/colaboracion-flex\/#breadcrumb","itemListElement":[{"@type":"ListItem","position":1,"name":"Home","item":"https:\/\/sandsiv.com\/es\/"},{"@type":"ListItem","position":2,"name":"Programa de socios","item":"https:\/\/sandsiv.com\/es\/programa-de-socios\/"},{"@type":"ListItem","position":3,"name":"Colaboraci\u00f3n Flex"}]},{"@type":"WebSite","@id":"https:\/\/sandsiv.com\/#website","url":"https:\/\/sandsiv.com\/","name":"sandsiv+","description":"Customer Intelligence Made In Switzerland","publisher":{"@id":"https:\/\/sandsiv.com\/#organization"},"potentialAction":[{"@type":"SearchAction","target":{"@type":"EntryPoint","urlTemplate":"https:\/\/sandsiv.com\/?s={search_term_string}"},"query-input":{"@type":"PropertyValueSpecification","valueRequired":true,"valueName":"search_term_string"}}],"inLanguage":"es"},{"@type":"Organization","@id":"https:\/\/sandsiv.com\/#organization","name":"sandsiv+","url":"https:\/\/sandsiv.com\/","logo":{"@type":"ImageObject","inLanguage":"es","@id":"https:\/\/sandsiv.com\/#\/schema\/logo\/image\/","url":"https:\/\/sandsiv.com\/wp-content\/uploads\/2021\/08\/logo-light-normal.svg","contentUrl":"https:\/\/sandsiv.com\/wp-content\/uploads\/2021\/08\/logo-light-normal.svg","width":376,"height":67,"caption":"sandsiv+"},"image":{"@id":"https:\/\/sandsiv.com\/#\/schema\/logo\/image\/"}}]}},"_links":{"self":[{"href":"https:\/\/sandsiv.com\/es\/wp-json\/wp\/v2\/pages\/14847","targetHints":{"allow":["GET"]}}],"collection":[{"href":"https:\/\/sandsiv.com\/es\/wp-json\/wp\/v2\/pages"}],"about":[{"href":"https:\/\/sandsiv.com\/es\/wp-json\/wp\/v2\/types\/page"}],"author":[{"embeddable":true,"href":"https:\/\/sandsiv.com\/es\/wp-json\/wp\/v2\/users\/5"}],"replies":[{"embeddable":true,"href":"https:\/\/sandsiv.com\/es\/wp-json\/wp\/v2\/comments?post=14847"}],"version-history":[{"count":0,"href":"https:\/\/sandsiv.com\/es\/wp-json\/wp\/v2\/pages\/14847\/revisions"}],"up":[{"embeddable":true,"href":"https:\/\/sandsiv.com\/es\/wp-json\/wp\/v2\/pages\/7637"}],"wp:featuredmedia":[{"embeddable":true,"href":"https:\/\/sandsiv.com\/es\/wp-json\/wp\/v2\/media\/13891"}],"wp:attachment":[{"href":"https:\/\/sandsiv.com\/es\/wp-json\/wp\/v2\/media?parent=14847"}],"curies":[{"name":"wp","href":"https:\/\/api.w.org\/{rel}","templated":true}]}}