
{"id":13354,"date":"2024-05-02T09:21:11","date_gmt":"2024-05-02T09:21:11","guid":{"rendered":"https:\/\/sandsiv.com\/?page_id=13354"},"modified":"2024-05-02T11:20:45","modified_gmt":"2024-05-02T11:20:45","slug":"quieres-ser-el-proximo-superheroe-cx","status":"publish","type":"page","link":"https:\/\/sandsiv.com\/es\/quieres-ser-el-proximo-superheroe-cx\/","title":{"rendered":"\u00bfQuieres ser el pr\u00f3ximo\u00a0superh\u00e9roe CX?"},"content":{"rendered":"<div id=\"banner-block_a6626b9fd7817dd9b11a99d764f5dac1\"\r\n    class=\"banner scroll-fade\">\r\n    <div\r\n        class=\"module mt_0  mb_0\">\r\n        <div class=\"container\">\r\n            <div class=\"banner__inner\">\r\n                <div class=\"banner__data\">\r\n                                        <h1 class=\"heading\">\u00bfQuieres ser el pr\u00f3ximo<strong\r\n                            class=\"heading_red\">superh\u00e9roe CX?<\/strong>                    <\/h1>\r\n                                                            <div class=\"description\">\u00bfListo para obtener tus superpoderes? Solo necesitamos tu correo y nos pondremos en contacto contigo en breve.                    <\/div>                                                                                                <\/div>\r\n                <div class=\"banner__media\">\r\n                                        <div class=\"banner__image\">\r\n                        <picture class=\"image\">\r\n                            <source srcset=\"\">\r\n                            <img decoding=\"async\" src=\"\"\r\n                                alt=\"\" \/>\r\n                        <\/picture>\r\n                    <\/div>\r\n                                                                            <\/div>\r\n            <\/div>\r\n        <\/div>\r\n    <\/div>\r\n<\/div>\n\n\r\n<div id=\"forms_section-block_c36890e7d2192b8a0d116b99bc395751\" class=\"forms_section scroll-fade\">\r\n    <div class=\"module mt_0  mb_0\">  \r\n        <div class=\"bg_clr_section bg_clr_red\">                \r\n            <div class=\"container\">\r\n                <div class=\"forms_inner\"> \r\n                                            <div class=\"heading_section heading_place_center\">\r\n                            <div class=\"heading_text h1\">\r\n                                Activa tus superpoderes                            <\/div>\r\n                        <\/div>\r\n                                                                <div class=\"contact_form_section\">\r\n                            <script type=\"text\/javascript\" src=\"https:\/\/mautic.sandsiv.com\/form\/generate.js?id=141\"><\/script>                        <\/div>\r\n                                    <\/div>\r\n            <\/div>\r\n        <\/div>\r\n    <\/div>\r\n<\/div>\n\n<div id=\"text_imagevideo-block_a6df4483710a1f44ae29993ac57a6b22\"\r\n    class=\"text_imagevideo scroll-fade\">\r\n    <div class=\"container\">\r\n                <div class=\"text_imagevideo__inner\">\r\n                        <div\r\n                class=\"text_imagevideo__list \">\r\n                                <div class=\"text_imagevideo__item module scroll-fade\">\r\n                    <div\r\n                        class=\"text_imagevideo__item__inner imagePosition_left\">\r\n                        <div class=\"contant\">\r\n                                                        <h6 class=\"sub_heading\"\r\n                                style=\"color: #bf2025; \">\r\n                                Descubre tu Superpoder CX con sandsiv+                            <\/h6>                                                        <h1 class=\"title\">\u00a1Queremos conocerte!                            <\/h1>                                                        <div class=\"text\">En SANDSIV, somos expertos en el mundo de la Voz del Cliente y colaboradores de DEC. <br>Estamos emocionados por conocerte y conversar sobre c\u00f3mo nuestra tecnolog\u00eda, impulsada por la IA, podr\u00eda ser <b>tu arma secreta para impulsar tu proyecto de Experiencia del Cliente<\/b>. <br>Estamos aqu\u00ed para transformarte en un aut\u00e9ntico superheroe de la CX.                             <\/div>                                                        <a href=\"https:\/\/sandsiv.com\/es\/producto\/\"\r\n                                class=\"btn\"                                 >Descubre c\u00f3mo<\/a>\r\n                                                    <\/div>\r\n                        <div class=\"image_video\">\r\n                                                        <picture class=\"img\"                                 >\r\n                                <source\r\n                                    srcset=\"https:\/\/sandsiv.com\/wp-content\/uploads\/2023\/07\/Headers_pr_events-9.png\">\r\n                                <img decoding=\"async\" src=\"https:\/\/sandsiv.com\/wp-content\/uploads\/2023\/07\/Headers_pr_events-9.png\"\r\n                                    alt=\"\" \/>\r\n                            <\/picture>\r\n                                                    <\/div>\r\n                    <\/div>\r\n                <\/div>\r\n                            <\/div>\r\n        <\/div>\r\n            <\/div>\r\n<\/div>\n\n\r\n<div id=\"frames_section-block_cea4358fde9f7d2048fd45d61ab7ffa6\" class=\"frames_section scroll-fade\">\r\n    <div class=\"module mt_0  mb_0\">  \r\n        <div class=\"bg_clr_section bg_clr_turquoise\">               \r\n            <div class=\"container\">\r\n                <div class=\"frames_section_inner\"> \r\n                                            <div class=\"heading\">\r\n                            <span style=\"color: #404040;\">Empieza a crecer con sandsiv+ hoy mismo<\/span>                        <\/div>\r\n                                                                                    <div class=\"button_section\">\r\n                            <a class=\"btn btn--white \" href=\"https:\/\/sandsiv.com\/es\/quiero-ver-una-demo\/\" >\r\n                                Quiero ver una demo                            <\/a>\r\n                        <\/div>\r\n                                    <\/div>\r\n            <\/div>\r\n        <\/div>\r\n    <\/div>\r\n<\/div>","protected":false},"excerpt":{"rendered":"","protected":false},"author":3,"featured_media":0,"parent":0,"menu_order":0,"comment_status":"closed","ping_status":"closed","template":"","meta":{"content-type":"","footnotes":""},"class_list":["post-13354","page","type-page","status-publish","hentry"],"acf":[],"yoast_head":"<!-- This site is optimized with the Yoast SEO Premium plugin v26.9 (Yoast SEO v27.5) - https:\/\/yoast.com\/product\/yoast-seo-premium-wordpress\/ -->\n<title>\u00bfQuieres ser el pr\u00f3ximo\u00a0superh\u00e9roe CX?<\/title>\n<meta name=\"description\" content=\"\u00bfQuieres ser el pr\u00f3ximo\u00a0superh\u00e9roe CX? Completa el formulario y nos pondremos en contacto contigo parea darte los superpoderes.\" \/>\n<meta name=\"robots\" content=\"index, follow, max-snippet:-1, max-image-preview:large, max-video-preview:-1\" \/>\n<link rel=\"canonical\" href=\"https:\/\/sandsiv.com\/es\/quieres-ser-el-proximo-superheroe-cx\/\" \/>\n<meta property=\"og:locale\" content=\"es_ES\" \/>\n<meta property=\"og:type\" content=\"article\" \/>\n<meta property=\"og:title\" content=\"\u00bfQuieres ser el pr\u00f3ximo\u00a0superh\u00e9roe CX?\" \/>\n<meta property=\"og:description\" content=\"\u00bfQuieres ser el pr\u00f3ximo\u00a0superh\u00e9roe CX? Completa el formulario y nos pondremos en contacto contigo parea darte los superpoderes.\" \/>\n<meta property=\"og:url\" content=\"https:\/\/sandsiv.com\/es\/quieres-ser-el-proximo-superheroe-cx\/\" \/>\n<meta property=\"og:site_name\" content=\"sandsiv+\" \/>\n<meta property=\"article:modified_time\" content=\"2024-05-02T11:20:45+00:00\" \/>\n<meta name=\"twitter:card\" content=\"summary_large_image\" \/>\n<meta name=\"twitter:label1\" content=\"Tiempo de lectura\" \/>\n\t<meta name=\"twitter:data1\" content=\"1 minuto\" \/>\n<script type=\"application\/ld+json\" class=\"yoast-schema-graph\">{\"@context\":\"https:\\\/\\\/schema.org\",\"@graph\":[{\"@type\":\"WebPage\",\"@id\":\"https:\\\/\\\/sandsiv.com\\\/es\\\/quieres-ser-el-proximo-superheroe-cx\\\/\",\"url\":\"https:\\\/\\\/sandsiv.com\\\/es\\\/quieres-ser-el-proximo-superheroe-cx\\\/\",\"name\":\"\u00bfQuieres ser el pr\u00f3ximo\u00a0superh\u00e9roe CX?\",\"isPartOf\":{\"@id\":\"https:\\\/\\\/sandsiv.com\\\/#website\"},\"datePublished\":\"2024-05-02T09:21:11+00:00\",\"dateModified\":\"2024-05-02T11:20:45+00:00\",\"description\":\"\u00bfQuieres ser el pr\u00f3ximo\u00a0superh\u00e9roe CX? Completa el formulario y nos pondremos en contacto contigo parea darte los superpoderes.\",\"breadcrumb\":{\"@id\":\"https:\\\/\\\/sandsiv.com\\\/es\\\/quieres-ser-el-proximo-superheroe-cx\\\/#breadcrumb\"},\"inLanguage\":\"es\",\"potentialAction\":[{\"@type\":\"ReadAction\",\"target\":[\"https:\\\/\\\/sandsiv.com\\\/es\\\/quieres-ser-el-proximo-superheroe-cx\\\/\"]}]},{\"@type\":\"BreadcrumbList\",\"@id\":\"https:\\\/\\\/sandsiv.com\\\/es\\\/quieres-ser-el-proximo-superheroe-cx\\\/#breadcrumb\",\"itemListElement\":[{\"@type\":\"ListItem\",\"position\":1,\"name\":\"Home\",\"item\":\"https:\\\/\\\/sandsiv.com\\\/es\\\/\"},{\"@type\":\"ListItem\",\"position\":2,\"name\":\"\u00bfQuieres ser el pr\u00f3ximo\u00a0superh\u00e9roe CX?\"}]},{\"@type\":\"WebSite\",\"@id\":\"https:\\\/\\\/sandsiv.com\\\/#website\",\"url\":\"https:\\\/\\\/sandsiv.com\\\/\",\"name\":\"sandsiv+\",\"description\":\"Customer Intelligence Made In Switzerland\",\"publisher\":{\"@id\":\"https:\\\/\\\/sandsiv.com\\\/#organization\"},\"potentialAction\":[{\"@type\":\"SearchAction\",\"target\":{\"@type\":\"EntryPoint\",\"urlTemplate\":\"https:\\\/\\\/sandsiv.com\\\/?s={search_term_string}\"},\"query-input\":{\"@type\":\"PropertyValueSpecification\",\"valueRequired\":true,\"valueName\":\"search_term_string\"}}],\"inLanguage\":\"es\"},{\"@type\":\"Organization\",\"@id\":\"https:\\\/\\\/sandsiv.com\\\/#organization\",\"name\":\"sandsiv+\",\"url\":\"https:\\\/\\\/sandsiv.com\\\/\",\"logo\":{\"@type\":\"ImageObject\",\"inLanguage\":\"es\",\"@id\":\"https:\\\/\\\/sandsiv.com\\\/#\\\/schema\\\/logo\\\/image\\\/\",\"url\":\"https:\\\/\\\/sandsiv.com\\\/wp-content\\\/uploads\\\/2021\\\/08\\\/logo-light-normal.svg\",\"contentUrl\":\"https:\\\/\\\/sandsiv.com\\\/wp-content\\\/uploads\\\/2021\\\/08\\\/logo-light-normal.svg\",\"width\":376,\"height\":67,\"caption\":\"sandsiv+\"},\"image\":{\"@id\":\"https:\\\/\\\/sandsiv.com\\\/#\\\/schema\\\/logo\\\/image\\\/\"}}]}<\/script>\n<!-- \/ Yoast SEO Premium plugin. -->","yoast_head_json":{"title":"\u00bfQuieres ser el pr\u00f3ximo\u00a0superh\u00e9roe CX?","description":"\u00bfQuieres ser el pr\u00f3ximo\u00a0superh\u00e9roe CX? Completa el formulario y nos pondremos en contacto contigo parea darte los superpoderes.","robots":{"index":"index","follow":"follow","max-snippet":"max-snippet:-1","max-image-preview":"max-image-preview:large","max-video-preview":"max-video-preview:-1"},"canonical":"https:\/\/sandsiv.com\/es\/quieres-ser-el-proximo-superheroe-cx\/","og_locale":"es_ES","og_type":"article","og_title":"\u00bfQuieres ser el pr\u00f3ximo\u00a0superh\u00e9roe CX?","og_description":"\u00bfQuieres ser el pr\u00f3ximo\u00a0superh\u00e9roe CX? Completa el formulario y nos pondremos en contacto contigo parea darte los superpoderes.","og_url":"https:\/\/sandsiv.com\/es\/quieres-ser-el-proximo-superheroe-cx\/","og_site_name":"sandsiv+","article_modified_time":"2024-05-02T11:20:45+00:00","twitter_card":"summary_large_image","twitter_misc":{"Tiempo de lectura":"1 minuto"},"schema":{"@context":"https:\/\/schema.org","@graph":[{"@type":"WebPage","@id":"https:\/\/sandsiv.com\/es\/quieres-ser-el-proximo-superheroe-cx\/","url":"https:\/\/sandsiv.com\/es\/quieres-ser-el-proximo-superheroe-cx\/","name":"\u00bfQuieres ser el pr\u00f3ximo\u00a0superh\u00e9roe CX?","isPartOf":{"@id":"https:\/\/sandsiv.com\/#website"},"datePublished":"2024-05-02T09:21:11+00:00","dateModified":"2024-05-02T11:20:45+00:00","description":"\u00bfQuieres ser el pr\u00f3ximo\u00a0superh\u00e9roe CX? Completa el formulario y nos pondremos en contacto contigo parea darte los superpoderes.","breadcrumb":{"@id":"https:\/\/sandsiv.com\/es\/quieres-ser-el-proximo-superheroe-cx\/#breadcrumb"},"inLanguage":"es","potentialAction":[{"@type":"ReadAction","target":["https:\/\/sandsiv.com\/es\/quieres-ser-el-proximo-superheroe-cx\/"]}]},{"@type":"BreadcrumbList","@id":"https:\/\/sandsiv.com\/es\/quieres-ser-el-proximo-superheroe-cx\/#breadcrumb","itemListElement":[{"@type":"ListItem","position":1,"name":"Home","item":"https:\/\/sandsiv.com\/es\/"},{"@type":"ListItem","position":2,"name":"\u00bfQuieres ser el pr\u00f3ximo\u00a0superh\u00e9roe CX?"}]},{"@type":"WebSite","@id":"https:\/\/sandsiv.com\/#website","url":"https:\/\/sandsiv.com\/","name":"sandsiv+","description":"Customer Intelligence Made In Switzerland","publisher":{"@id":"https:\/\/sandsiv.com\/#organization"},"potentialAction":[{"@type":"SearchAction","target":{"@type":"EntryPoint","urlTemplate":"https:\/\/sandsiv.com\/?s={search_term_string}"},"query-input":{"@type":"PropertyValueSpecification","valueRequired":true,"valueName":"search_term_string"}}],"inLanguage":"es"},{"@type":"Organization","@id":"https:\/\/sandsiv.com\/#organization","name":"sandsiv+","url":"https:\/\/sandsiv.com\/","logo":{"@type":"ImageObject","inLanguage":"es","@id":"https:\/\/sandsiv.com\/#\/schema\/logo\/image\/","url":"https:\/\/sandsiv.com\/wp-content\/uploads\/2021\/08\/logo-light-normal.svg","contentUrl":"https:\/\/sandsiv.com\/wp-content\/uploads\/2021\/08\/logo-light-normal.svg","width":376,"height":67,"caption":"sandsiv+"},"image":{"@id":"https:\/\/sandsiv.com\/#\/schema\/logo\/image\/"}}]}},"_links":{"self":[{"href":"https:\/\/sandsiv.com\/es\/wp-json\/wp\/v2\/pages\/13354","targetHints":{"allow":["GET"]}}],"collection":[{"href":"https:\/\/sandsiv.com\/es\/wp-json\/wp\/v2\/pages"}],"about":[{"href":"https:\/\/sandsiv.com\/es\/wp-json\/wp\/v2\/types\/page"}],"author":[{"embeddable":true,"href":"https:\/\/sandsiv.com\/es\/wp-json\/wp\/v2\/users\/3"}],"replies":[{"embeddable":true,"href":"https:\/\/sandsiv.com\/es\/wp-json\/wp\/v2\/comments?post=13354"}],"version-history":[{"count":0,"href":"https:\/\/sandsiv.com\/es\/wp-json\/wp\/v2\/pages\/13354\/revisions"}],"wp:attachment":[{"href":"https:\/\/sandsiv.com\/es\/wp-json\/wp\/v2\/media?parent=13354"}],"curies":[{"name":"wp","href":"https:\/\/api.w.org\/{rel}","templated":true}]}}