
{"id":13305,"date":"2024-08-27T14:31:15","date_gmt":"2024-08-27T14:31:15","guid":{"rendered":"https:\/\/sandsiv.com\/?page_id=13305"},"modified":"2024-04-30T11:05:58","modified_gmt":"2024-04-30T11:05:58","slug":"workshop-disney-reserva-tu-plaza","status":"publish","type":"page","link":"https:\/\/sandsiv.com\/es\/workshop-disney-reserva-tu-plaza\/","title":{"rendered":"&#8211; Workshop Disney: Reserva tu plaza"},"content":{"rendered":"<div id=\"banner-block_5bce7e6c7576adeb41df8fe7f1121987\"\r\n    class=\"banner scroll-fade\">\r\n    <div\r\n        class=\"module mt_0  mb_0\">\r\n        <div class=\"container\">\r\n            <div class=\"banner__inner\">\r\n                <div class=\"banner__data\">\r\n                                        <h1 class=\"heading\">Dale magia a tu CX<strong\r\n                            class=\"heading_red\">Reserva tu plaza<\/strong>                    <\/h1>\r\n                                                            <div class=\"description\">Evento exclusivo organizado en colaboraci\u00f3n entre SANDSIV y Connecting Visions.\r\n<br>El acceso es por invitaci\u00f3n: <b>completa el registro a continuaci\u00f3n<\/b> para reservar tu plaza.                     <\/div>                                                            <div class=\"banner__button\">\r\n                        <a href=\"https:\/\/sandsiv.com\/event\/dale-magia-a-tu-experiencia-del-cliente\/\"\r\n                            class=\"btn\" _self                            >Sobre el evento<\/a>\r\n                    <\/div>\r\n                                                                            <\/div>\r\n                <div class=\"banner__media\">\r\n                                        <div class=\"banner__image\">\r\n                        <picture class=\"image\">\r\n                            <source srcset=\"https:\/\/sandsiv.com\/wp-content\/uploads\/2024\/04\/co-event-visual-static-reduced.png\">\r\n                            <img decoding=\"async\" src=\"https:\/\/sandsiv.com\/wp-content\/uploads\/2024\/04\/co-event-visual-static-reduced.png\"\r\n                                alt=\"\" \/>\r\n                        <\/picture>\r\n                    <\/div>\r\n                                                                            <\/div>\r\n            <\/div>\r\n        <\/div>\r\n    <\/div>\r\n<\/div>\n\n\r\n<div id=\"forms_section-block_045f494f2a79b224e25b08b2cb11a394\" class=\"forms_section scroll-fade\">\r\n    <div class=\"module mt_0  mb_0\">  \r\n        <div class=\"bg_clr_section bg_clr_red\">                \r\n            <div class=\"container\">\r\n                <div class=\"forms_inner\"> \r\n                                            <div class=\"heading_section heading_place_center\">\r\n                            <div class=\"heading_text h1\">\r\n                                Reserva tu plaza                            <\/div>\r\n                        <\/div>\r\n                                                                <div class=\"contact_form_section\">\r\n                            <script type=\"text\/javascript\" src=\"https:\/\/mautic.sandsiv.com\/form\/generate.js?id=140\"><\/script>                        <\/div>\r\n                                    <\/div>\r\n            <\/div>\r\n        <\/div>\r\n    <\/div>\r\n<\/div>\n\n<div id=\"text_imagevideo-block_059b75ca24d9a0c0bff55973370b9e1d\"\r\n    class=\"text_imagevideo scroll-fade\">\r\n    <div class=\"container\">\r\n                <div class=\"text_imagevideo__inner\">\r\n                        <div\r\n                class=\"text_imagevideo__list \">\r\n                                <div class=\"text_imagevideo__item module scroll-fade\">\r\n                    <div\r\n                        class=\"text_imagevideo__item__inner imagePosition_left\">\r\n                        <div class=\"contant\">\r\n                                                        <h6 class=\"sub_heading\"\r\n                                style=\"color: #bf2025; \">\r\n                                Tu Mago de la Experiencia del Cliente                            <\/h6>                                                        <h1 class=\"title\">\u00a1Te esperamos!                            <\/h1>                                                        <div class=\"text\">En SANDSIV, somos aut\u00e9nticos magos de la Voz del Cliente y socios DEC. En este evento exclusivo, en colaboraci\u00f3n con <a href=\"https:\/\/connectingvisionsgroup.com\/\" style=\"color:#bf2025;\">Connecting Visions<\/a>, descubrir\u00e1s los secretos del Customer Journey en Disneyland Paris. Aprender\u00e1s a identificar puntos cr\u00edticos en menos de 60 segundos y, lo m\u00e1s importante, c\u00f3mo replicar estos resultados en tu empresa para optimizar las experiencias de tus clientes. Acomp\u00e1\u00f1anos y descubre c\u00f3mo puedes darle magia a tu Experiencia del Cliente.                            <\/div>                                                        <a href=\"https:\/\/sandsiv.com\/event\/dale-magia-a-tu-experiencia-del-cliente\/\"\r\n                                class=\"btn\"                                 >Ver la agenda<\/a>\r\n                                                    <\/div>\r\n                        <div class=\"image_video\">\r\n                                                        <picture class=\"img\"                                 >\r\n                                <source\r\n                                    srcset=\"https:\/\/sandsiv.com\/wp-content\/uploads\/2023\/07\/Headers_pr_events-9.png\">\r\n                                <img decoding=\"async\" src=\"https:\/\/sandsiv.com\/wp-content\/uploads\/2023\/07\/Headers_pr_events-9.png\"\r\n                                    alt=\"\" \/>\r\n                            <\/picture>\r\n                                                    <\/div>\r\n                    <\/div>\r\n                <\/div>\r\n                            <\/div>\r\n        <\/div>\r\n            <\/div>\r\n<\/div>\n\n\r\n<div id=\"frames_section-block_eb1f96672c6a5e8b866b5d6da1da4023\" class=\"frames_section scroll-fade\">\r\n    <div class=\"module mt_0  mb_0\">  \r\n        <div class=\"bg_clr_section bg_clr_turquoise\">               \r\n            <div class=\"container\">\r\n                <div class=\"frames_section_inner\"> \r\n                                            <div class=\"heading\">\r\n                            <span style=\"color: #404040;\">Empieza a crecer con sandsiv+ hoy mismo<\/span>                        <\/div>\r\n                                                                                    <div class=\"button_section\">\r\n                            <a class=\"btn btn--white \" href=\"https:\/\/sandsiv.com\/request-a-demo\/\" >\r\n                                Quiero ver una demo                            <\/a>\r\n                        <\/div>\r\n                                    <\/div>\r\n            <\/div>\r\n        <\/div>\r\n    <\/div>\r\n<\/div>","protected":false},"excerpt":{"rendered":"","protected":false},"author":3,"featured_media":0,"parent":0,"menu_order":0,"comment_status":"closed","ping_status":"closed","template":"","meta":{"content-type":"","footnotes":""},"class_list":["post-13305","page","type-page","status-publish","hentry"],"acf":[],"yoast_head":"<!-- This site is optimized with the Yoast SEO Premium plugin v26.9 (Yoast SEO v27.5) - https:\/\/yoast.com\/product\/yoast-seo-premium-wordpress\/ -->\n<title>- Workshop Disney: Reserva tu plaza<\/title>\n<meta name=\"description\" content=\"Workshop Disney: Reserva tu plaza y descubre c\u00f3mo desvelar los obst\u00e1culos en los recorridos de los clientes en menos de 60 segundos.\" \/>\n<meta name=\"robots\" content=\"index, follow, max-snippet:-1, max-image-preview:large, max-video-preview:-1\" \/>\n<link rel=\"canonical\" href=\"https:\/\/sandsiv.com\/es\/workshop-disney-reserva-tu-plaza\/\" \/>\n<meta property=\"og:locale\" content=\"es_ES\" \/>\n<meta property=\"og:type\" content=\"article\" \/>\n<meta property=\"og:title\" content=\"- Workshop Disney: Reserva tu plaza\" \/>\n<meta property=\"og:description\" content=\"Workshop Disney: Reserva tu plaza y descubre c\u00f3mo desvelar los obst\u00e1culos en los recorridos de los clientes en menos de 60 segundos.\" \/>\n<meta property=\"og:url\" content=\"https:\/\/sandsiv.com\/es\/workshop-disney-reserva-tu-plaza\/\" \/>\n<meta property=\"og:site_name\" content=\"sandsiv+\" \/>\n<meta name=\"twitter:card\" content=\"summary_large_image\" \/>\n<meta name=\"twitter:label1\" content=\"Tiempo de lectura\" \/>\n\t<meta name=\"twitter:data1\" content=\"1 minuto\" \/>\n<script type=\"application\/ld+json\" class=\"yoast-schema-graph\">{\"@context\":\"https:\\\/\\\/schema.org\",\"@graph\":[{\"@type\":\"WebPage\",\"@id\":\"https:\\\/\\\/sandsiv.com\\\/es\\\/workshop-disney-reserva-tu-plaza\\\/\",\"url\":\"https:\\\/\\\/sandsiv.com\\\/es\\\/workshop-disney-reserva-tu-plaza\\\/\",\"name\":\"- Workshop Disney: Reserva tu plaza\",\"isPartOf\":{\"@id\":\"https:\\\/\\\/sandsiv.com\\\/#website\"},\"datePublished\":\"2024-08-27T14:31:15+00:00\",\"description\":\"Workshop Disney: Reserva tu plaza y descubre c\u00f3mo desvelar los obst\u00e1culos en los recorridos de los clientes en menos de 60 segundos.\",\"breadcrumb\":{\"@id\":\"https:\\\/\\\/sandsiv.com\\\/es\\\/workshop-disney-reserva-tu-plaza\\\/#breadcrumb\"},\"inLanguage\":\"es\",\"potentialAction\":[{\"@type\":\"ReadAction\",\"target\":[\"https:\\\/\\\/sandsiv.com\\\/es\\\/workshop-disney-reserva-tu-plaza\\\/\"]}]},{\"@type\":\"BreadcrumbList\",\"@id\":\"https:\\\/\\\/sandsiv.com\\\/es\\\/workshop-disney-reserva-tu-plaza\\\/#breadcrumb\",\"itemListElement\":[{\"@type\":\"ListItem\",\"position\":1,\"name\":\"Home\",\"item\":\"https:\\\/\\\/sandsiv.com\\\/es\\\/\"},{\"@type\":\"ListItem\",\"position\":2,\"name\":\"&#8211; Workshop Disney: Reserva tu plaza\"}]},{\"@type\":\"WebSite\",\"@id\":\"https:\\\/\\\/sandsiv.com\\\/#website\",\"url\":\"https:\\\/\\\/sandsiv.com\\\/\",\"name\":\"sandsiv+\",\"description\":\"Customer Intelligence Made In Switzerland\",\"publisher\":{\"@id\":\"https:\\\/\\\/sandsiv.com\\\/#organization\"},\"potentialAction\":[{\"@type\":\"SearchAction\",\"target\":{\"@type\":\"EntryPoint\",\"urlTemplate\":\"https:\\\/\\\/sandsiv.com\\\/?s={search_term_string}\"},\"query-input\":{\"@type\":\"PropertyValueSpecification\",\"valueRequired\":true,\"valueName\":\"search_term_string\"}}],\"inLanguage\":\"es\"},{\"@type\":\"Organization\",\"@id\":\"https:\\\/\\\/sandsiv.com\\\/#organization\",\"name\":\"sandsiv+\",\"url\":\"https:\\\/\\\/sandsiv.com\\\/\",\"logo\":{\"@type\":\"ImageObject\",\"inLanguage\":\"es\",\"@id\":\"https:\\\/\\\/sandsiv.com\\\/#\\\/schema\\\/logo\\\/image\\\/\",\"url\":\"https:\\\/\\\/sandsiv.com\\\/wp-content\\\/uploads\\\/2021\\\/08\\\/logo-light-normal.svg\",\"contentUrl\":\"https:\\\/\\\/sandsiv.com\\\/wp-content\\\/uploads\\\/2021\\\/08\\\/logo-light-normal.svg\",\"width\":376,\"height\":67,\"caption\":\"sandsiv+\"},\"image\":{\"@id\":\"https:\\\/\\\/sandsiv.com\\\/#\\\/schema\\\/logo\\\/image\\\/\"}}]}<\/script>\n<!-- \/ Yoast SEO Premium plugin. -->","yoast_head_json":{"title":"- Workshop Disney: Reserva tu plaza","description":"Workshop Disney: Reserva tu plaza y descubre c\u00f3mo desvelar los obst\u00e1culos en los recorridos de los clientes en menos de 60 segundos.","robots":{"index":"index","follow":"follow","max-snippet":"max-snippet:-1","max-image-preview":"max-image-preview:large","max-video-preview":"max-video-preview:-1"},"canonical":"https:\/\/sandsiv.com\/es\/workshop-disney-reserva-tu-plaza\/","og_locale":"es_ES","og_type":"article","og_title":"- Workshop Disney: Reserva tu plaza","og_description":"Workshop Disney: Reserva tu plaza y descubre c\u00f3mo desvelar los obst\u00e1culos en los recorridos de los clientes en menos de 60 segundos.","og_url":"https:\/\/sandsiv.com\/es\/workshop-disney-reserva-tu-plaza\/","og_site_name":"sandsiv+","twitter_card":"summary_large_image","twitter_misc":{"Tiempo de lectura":"1 minuto"},"schema":{"@context":"https:\/\/schema.org","@graph":[{"@type":"WebPage","@id":"https:\/\/sandsiv.com\/es\/workshop-disney-reserva-tu-plaza\/","url":"https:\/\/sandsiv.com\/es\/workshop-disney-reserva-tu-plaza\/","name":"- Workshop Disney: Reserva tu plaza","isPartOf":{"@id":"https:\/\/sandsiv.com\/#website"},"datePublished":"2024-08-27T14:31:15+00:00","description":"Workshop Disney: Reserva tu plaza y descubre c\u00f3mo desvelar los obst\u00e1culos en los recorridos de los clientes en menos de 60 segundos.","breadcrumb":{"@id":"https:\/\/sandsiv.com\/es\/workshop-disney-reserva-tu-plaza\/#breadcrumb"},"inLanguage":"es","potentialAction":[{"@type":"ReadAction","target":["https:\/\/sandsiv.com\/es\/workshop-disney-reserva-tu-plaza\/"]}]},{"@type":"BreadcrumbList","@id":"https:\/\/sandsiv.com\/es\/workshop-disney-reserva-tu-plaza\/#breadcrumb","itemListElement":[{"@type":"ListItem","position":1,"name":"Home","item":"https:\/\/sandsiv.com\/es\/"},{"@type":"ListItem","position":2,"name":"&#8211; Workshop Disney: Reserva tu plaza"}]},{"@type":"WebSite","@id":"https:\/\/sandsiv.com\/#website","url":"https:\/\/sandsiv.com\/","name":"sandsiv+","description":"Customer Intelligence Made In Switzerland","publisher":{"@id":"https:\/\/sandsiv.com\/#organization"},"potentialAction":[{"@type":"SearchAction","target":{"@type":"EntryPoint","urlTemplate":"https:\/\/sandsiv.com\/?s={search_term_string}"},"query-input":{"@type":"PropertyValueSpecification","valueRequired":true,"valueName":"search_term_string"}}],"inLanguage":"es"},{"@type":"Organization","@id":"https:\/\/sandsiv.com\/#organization","name":"sandsiv+","url":"https:\/\/sandsiv.com\/","logo":{"@type":"ImageObject","inLanguage":"es","@id":"https:\/\/sandsiv.com\/#\/schema\/logo\/image\/","url":"https:\/\/sandsiv.com\/wp-content\/uploads\/2021\/08\/logo-light-normal.svg","contentUrl":"https:\/\/sandsiv.com\/wp-content\/uploads\/2021\/08\/logo-light-normal.svg","width":376,"height":67,"caption":"sandsiv+"},"image":{"@id":"https:\/\/sandsiv.com\/#\/schema\/logo\/image\/"}}]}},"_links":{"self":[{"href":"https:\/\/sandsiv.com\/es\/wp-json\/wp\/v2\/pages\/13305","targetHints":{"allow":["GET"]}}],"collection":[{"href":"https:\/\/sandsiv.com\/es\/wp-json\/wp\/v2\/pages"}],"about":[{"href":"https:\/\/sandsiv.com\/es\/wp-json\/wp\/v2\/types\/page"}],"author":[{"embeddable":true,"href":"https:\/\/sandsiv.com\/es\/wp-json\/wp\/v2\/users\/3"}],"replies":[{"embeddable":true,"href":"https:\/\/sandsiv.com\/es\/wp-json\/wp\/v2\/comments?post=13305"}],"version-history":[{"count":0,"href":"https:\/\/sandsiv.com\/es\/wp-json\/wp\/v2\/pages\/13305\/revisions"}],"wp:attachment":[{"href":"https:\/\/sandsiv.com\/es\/wp-json\/wp\/v2\/media?parent=13305"}],"curies":[{"name":"wp","href":"https:\/\/api.w.org\/{rel}","templated":true}]}}