
{"id":12325,"date":"2024-02-06T12:52:28","date_gmt":"2024-02-06T12:52:28","guid":{"rendered":"https:\/\/sandsiv.com\/?page_id=12325"},"modified":"2024-02-07T11:54:23","modified_gmt":"2024-02-07T11:54:23","slug":"sandsiv-puede-ayudarte-mapfre","status":"publish","type":"page","link":"https:\/\/sandsiv.com\/es\/sandsiv-puede-ayudarte-mapfre\/","title":{"rendered":"&#8211; sandsiv+ puede ayudarte: Mapfre"},"content":{"rendered":"<div id=\"banner-block_d6ab07da42f4b9de2bb6abddae837999\"\r\n    class=\"banner scroll-fade\">\r\n    <div\r\n        class=\"module mt_0  mb_0\">\r\n        <div class=\"container\">\r\n            <div class=\"banner__inner\">\r\n                <div class=\"banner__data\">\r\n                                        <h1 class=\"heading\">sandsiv+ puede<strong\r\n                            class=\"heading_red\">ayudarte<\/strong>                    <\/h1>\r\n                                                            <div class=\"description\">Somos tecnolog\u00eda, pero nuestra esencia se basa <b>en las personas<\/b>. Es el momento de comprobarlo: solicita una demo y descubre c\u00f3mo <b>sandsiv+<\/b> puede respaldar a <b>Mapfre<\/b>. Estamos aqu\u00ed para apoyarte en tu compromiso de contribuir al desarrollo de una sociedad m\u00e1s sostenible y solidaria.\r\n                    <\/div>                                                            <div class=\"banner__button\">\r\n                        <a href=\"https:\/\/sandsiv.com\/es\/contacto-con-cx-advisor\/\"\r\n                            class=\"btn\" _self                            >Mu\u00e9strame c\u00f3mo<\/a>\r\n                    <\/div>\r\n                                                                            <\/div>\r\n                <div class=\"banner__media\">\r\n                                                            <div class=\"banner__video\">\r\n                        <div class=\"video\">\r\n                            <video autoplay loop muted>\r\n                                <source\r\n                                    src=\"https:\/\/sandsiv.com\/wp-content\/uploads\/2021\/08\/sandsiv_header_fs.mp4\"\r\n                                    type=\"video\/mp4\" \/>\r\n                                <source\r\n                                    src=\"https:\/\/sandsiv.com\/wp-content\/uploads\/2021\/08\/sandsiv_header_fs.mp4\"\r\n                                    type=\"video\/webm\" \/>\r\n                            <\/video>\r\n                        <\/div>\r\n                    <\/div>\r\n                                                        <\/div>\r\n            <\/div>\r\n        <\/div>\r\n    <\/div>\r\n<\/div>\n\n\r\n<div id=\"logo_section-block_7d65d7745813b3e32affc92b2bacdafc\" class=\"logo_section scroll-fade\">\r\n    <div class=\"module mt_0 \">  \r\n        <div class=\"bg_clr_section bg_clr_red\">               \r\n            <div class=\"container container--medium\">\r\n                <div class=\"logo_section_inner\"> \r\n                    <div class=\"heading_section\"> \r\n                                                    <div class=\"sub_heading h4\">\r\n                                Algunos de nuestros clientes                            <\/div>\r\n                                                                            <div class=\"heading h1\">\r\n                                Entidades financieras destacadas                            <\/div>\r\n                                            <\/div>\r\n                                            <div class=\"logo_list columns_6\">\r\n                                                            \r\n                                                                    <div class=\"item\">\r\n                                            <img decoding=\"async\" src=\"https:\/\/sandsiv.com\/wp-content\/uploads\/2021\/08\/sandsiv_client_unipolsai.svg\" alt=\"\" \/>\r\n                                    <\/div>\r\n                                                                \r\n                                                            \r\n                                                                    <div class=\"item\">\r\n                                            <img decoding=\"async\" src=\"https:\/\/sandsiv.com\/wp-content\/uploads\/2021\/08\/sandsiv_client_itas_assicurazioni.svg\" alt=\"\" \/>\r\n                                    <\/div>\r\n                                                                \r\n                                                            \r\n                                                                    <div class=\"item\">\r\n                                            <img decoding=\"async\" src=\"https:\/\/sandsiv.com\/wp-content\/uploads\/2021\/08\/sandsiv_client_axa.svg\" alt=\"\" \/>\r\n                                    <\/div>\r\n                                                                \r\n                                                            \r\n                                                                    <div class=\"item\">\r\n                                            <img decoding=\"async\" src=\"https:\/\/sandsiv.com\/wp-content\/uploads\/2021\/08\/sandsiv_client_cembra-svg.svg\" alt=\"\" \/>\r\n                                    <\/div>\r\n                                                                \r\n                                                            \r\n                                                                    <div class=\"item\">\r\n                                            <img decoding=\"async\" src=\"https:\/\/sandsiv.com\/wp-content\/uploads\/2021\/08\/sandsiv_client_assicurazione-genialloyd.svg\" alt=\"\" \/>\r\n                                    <\/div>\r\n                                                                \r\n                                                            \r\n                                                                    <div class=\"item\">\r\n                                            <img decoding=\"async\" src=\"https:\/\/sandsiv.com\/wp-content\/uploads\/2021\/08\/sandsiv_clients_groupe-mutuel-white.svg\" alt=\"\" \/>\r\n                                    <\/div>\r\n                                                                \r\n                                                    <\/div>\r\n                                    <\/div>\r\n            <\/div>\r\n        <\/div>\r\n    <\/div>\r\n<\/div>\n\n<div id=\"card-block_9bf152b940298749fc2ced4128db5771\"\n    class=\"card scroll-fade\">\n    <div\n        class=\"module mt_0  mb_0\">\n        <div class=\"container\">\n            <div class=\"card__inner\">\n                <div class=\"card__header\">\n                                                            <h1\n                        class=\"heading heading__Big\">\n                        \u00bfQu\u00e9 se lleva Mapfre?                        <\/h4>                                         <\/div>\n                                <div\n                    class=\"card__news_list custom_list list_column3_icon\">\n                                        <div class=\"newsItem\">\n                        <div\n                            class=\"newsItem__inner isIcon\">\n                                                        <div class=\"icon\"\n                                >\n                                <img decoding=\"async\" src=\"https:\/\/sandsiv.com\/wp-content\/uploads\/2021\/08\/sandsiv_Insight_6.svg\"\n                                    alt=\"\" \/>\n                            <\/div>\n                                                        <div class=\"contant\">\n                                                                                                <div class=\"short_description\">\n                                    Un breve encuentro para evaluar qu\u00e9 puede hacer sandsiv+ puede contribuir a <b>fortalecer tu compromiso con los clientes<\/b>, brindarte apoyo en la aplicaci\u00f3n de tecnolog\u00eda consiguiendo mejoras que impactan directamente en la experiencia de tus clientes.                                                                <\/div>\n                                                                                                                                                            <\/div>\n                        <\/div>\n                    <\/div>\n                                        <div class=\"newsItem\">\n                        <div\n                            class=\"newsItem__inner isIcon\">\n                                                        <div class=\"icon\"\n                                >\n                                <img decoding=\"async\" src=\"https:\/\/sandsiv.com\/wp-content\/uploads\/2021\/08\/sandsiv_AdvancedDashboard_5.svg\"\n                                    alt=\"\" \/>\n                            <\/div>\n                                                        <div class=\"contant\">\n                                                                                                <div class=\"short_description\">\n                                    La demostraci\u00f3n en vivo de c\u00f3mo obtener el <b>m\u00e1ximo beneficio<\/b> de nuestra plataforma para que puedas seguir impulsando <b> una experiencia de cliente diferencial<\/b> y generar un gran impacto positivo en tu negocio y en la sociedad.                                                                <\/div>\n                                                                                                                                                            <\/div>\n                        <\/div>\n                    <\/div>\n                                        <div class=\"newsItem\">\n                        <div\n                            class=\"newsItem__inner isIcon\">\n                                                        <div class=\"icon\"\n                                >\n                                <img decoding=\"async\" src=\"https:\/\/sandsiv.com\/wp-content\/uploads\/2021\/08\/sandsiv_Insight_3.svg\"\n                                    alt=\"\" \/>\n                            <\/div>\n                                                        <div class=\"contant\">\n                                                                                                <div class=\"short_description\">\n                                    Un di\u00e1logo din\u00e1mico para investigar las \u00e1reas de mejora en tu proyecto.La innovaci\u00f3n impulsada por Mapfre, junto con nuestra tecnolog\u00eda basada en inteligencia artificial, tienen el potencial de generar un <b>impacto disruptivo<\/b> para la mejora de la sociedad en su conjunto.                                                                <\/div>\n                                                                                                                                                            <\/div>\n                        <\/div>\n                    <\/div>\n                                    <\/div>\n                                                \n            <\/div>\n        <\/div>\n    <\/div>\n<\/div>\n\n\r\n<div id=\"forms_section-block_f3b29d5e0d73558d0a5da92d11652a51\" class=\"forms_section scroll-fade\">\r\n    <div class=\"module \">  \r\n        <div class=\"bg_clr_section bg_clr_white\">                \r\n            <div class=\"container\">\r\n                <div class=\"forms_inner\"> \r\n                                            <div class=\"heading_section heading_place_center\">\r\n                            <div class=\"heading_text h1\">\r\n                                \u00a1Ahora toca demo!                            <\/div>\r\n                        <\/div>\r\n                                                                <div class=\"contact_form_section\">\r\n                            <script type=\"text\/javascript\" src=\"https:\/\/mautic.sandsiv.com\/form\/generate.js?id=97\"><\/script>                        <\/div>\r\n                                    <\/div>\r\n            <\/div>\r\n        <\/div>\r\n    <\/div>\r\n<\/div>\n\n\r\n<div id=\"frames_section-block_753b8daf2f9be803d98bbe3ad711904b\" class=\"frames_section scroll-fade\">\r\n    <div class=\"module  mb_0\">  \r\n        <div class=\"bg_clr_section bg_clr_red\">               \r\n            <div class=\"container\">\r\n                <div class=\"frames_section_inner\"> \r\n                                            <div class=\"heading\">\r\n                            Los expertos de CX a tu disposici\u00f3n                        <\/div>\r\n                                                                <div class=\"text\">\r\n                            <p>\u00bfListo para hablar con nuestro asesor de CX e identificar tus puntos de mejora en tan solo 30 minutos? Estamos aqu\u00ed para ayudarte a darle un toque m\u00e1gico a tu CX.<\/p>\n                        <\/div>\r\n                                                                <div class=\"button_section\">\r\n                            <a class=\"btn btn--white \" href=\"https:\/\/sandsiv.com\/es\/contacto-con-cx-advisor\/\" >\r\n                                Quiero saber m\u00e1s                            <\/a>\r\n                        <\/div>\r\n                                    <\/div>\r\n            <\/div>\r\n        <\/div>\r\n    <\/div>\r\n<\/div>\n\n\r\n<div id=\"logo_section-block_b5a91204833452f0ede3bac4c94a8d8f\" class=\"logo_section scroll-fade\">\r\n    <div class=\"module mt_0  mb_0\">  \r\n        <div class=\"bg_clr_section bg_clr_black\">               \r\n            <div class=\"container container--medium\">\r\n                <div class=\"logo_section_inner\"> \r\n                    <div class=\"heading_section\"> \r\n                                                                            <div class=\"heading h1\">\r\n                                Reconocidos a nivel internacional                            <\/div>\r\n                                            <\/div>\r\n                                            <div class=\"logo_list columns_6\">\r\n                                                            \r\n                                                                    <div class=\"item\">\r\n                                            <img decoding=\"async\" src=\"https:\/\/sandsiv.com\/wp-content\/uploads\/2021\/08\/sandsiv_logo_Gartner.svg\" alt=\"\" \/>\r\n                                    <\/div>\r\n                                                                \r\n                                                            \r\n                                                                    <div class=\"item\">\r\n                                            <img decoding=\"async\" src=\"https:\/\/sandsiv.com\/wp-content\/uploads\/2021\/08\/sandsiv_logo_Forrester.svg\" alt=\"\" \/>\r\n                                    <\/div>\r\n                                                                \r\n                                                            \r\n                                                                    <div class=\"item\">\r\n                                            <img decoding=\"async\" src=\"https:\/\/sandsiv.com\/wp-content\/uploads\/2023\/09\/infotech.png\" alt=\"\" \/>\r\n                                    <\/div>\r\n                                                                \r\n                                                            \r\n                                                                    <div class=\"item\">\r\n                                            <img decoding=\"async\" src=\"https:\/\/sandsiv.com\/wp-content\/uploads\/2021\/08\/sandsiv-frostsullivan-logo.png\" alt=\"\" \/>\r\n                                    <\/div>\r\n                                                                \r\n                                                            \r\n                                                                    <div class=\"item\">\r\n                                            <img decoding=\"async\" src=\"https:\/\/sandsiv.com\/wp-content\/uploads\/2021\/08\/sandsiv_logo_omdia.svg\" alt=\"\" \/>\r\n                                    <\/div>\r\n                                                                \r\n                                                            \r\n                                                                    <div class=\"item\">\r\n                                            <img decoding=\"async\" src=\"https:\/\/sandsiv.com\/wp-content\/uploads\/2023\/09\/quadrant.png\" alt=\"\" \/>\r\n                                    <\/div>\r\n                                                                \r\n                                                    <\/div>\r\n                                    <\/div>\r\n            <\/div>\r\n        <\/div>\r\n    <\/div>\r\n<\/div>","protected":false},"excerpt":{"rendered":"","protected":false},"author":3,"featured_media":0,"parent":0,"menu_order":0,"comment_status":"closed","ping_status":"closed","template":"","meta":{"content-type":"","footnotes":""},"class_list":["post-12325","page","type-page","status-publish","hentry"],"acf":[],"yoast_head":"<!-- This site is optimized with the Yoast SEO Premium plugin v26.9 (Yoast SEO v27.4) - https:\/\/yoast.com\/product\/yoast-seo-premium-wordpress\/ -->\n<title>- sandsiv+ puede ayudarte: Mapfre - sandsiv+<\/title>\n<meta name=\"description\" content=\"\u00bfSabes que sandsiv+ puede ayudar a Mapfre? Pide una demo para ver sandsiv+ en acci\u00f3n y c\u00f3mo puede ayudar a ti y a tus clientes.\" \/>\n<meta name=\"robots\" content=\"index, follow, max-snippet:-1, max-image-preview:large, max-video-preview:-1\" \/>\n<link rel=\"canonical\" href=\"https:\/\/sandsiv.com\/es\/sandsiv-puede-ayudarte-mapfre\/\" \/>\n<meta property=\"og:locale\" content=\"es_ES\" \/>\n<meta property=\"og:type\" content=\"article\" \/>\n<meta property=\"og:title\" content=\"- sandsiv+ puede ayudarte: Mapfre\" \/>\n<meta property=\"og:description\" content=\"\u00bfSabes que sandsiv+ puede ayudar a Mapfre? Pide una demo para ver sandsiv+ en acci\u00f3n y c\u00f3mo puede ayudar a ti y a tus clientes.\" \/>\n<meta property=\"og:url\" content=\"https:\/\/sandsiv.com\/es\/sandsiv-puede-ayudarte-mapfre\/\" \/>\n<meta property=\"og:site_name\" content=\"sandsiv+\" \/>\n<meta property=\"article:modified_time\" content=\"2024-02-07T11:54:23+00:00\" \/>\n<meta name=\"twitter:card\" content=\"summary_large_image\" \/>\n<meta name=\"twitter:label1\" content=\"Tiempo de lectura\" \/>\n\t<meta name=\"twitter:data1\" content=\"4 minutos\" \/>\n<script type=\"application\/ld+json\" class=\"yoast-schema-graph\">{\"@context\":\"https:\\\/\\\/schema.org\",\"@graph\":[{\"@type\":\"WebPage\",\"@id\":\"https:\\\/\\\/sandsiv.com\\\/es\\\/sandsiv-puede-ayudarte-mapfre\\\/\",\"url\":\"https:\\\/\\\/sandsiv.com\\\/es\\\/sandsiv-puede-ayudarte-mapfre\\\/\",\"name\":\"- sandsiv+ puede ayudarte: Mapfre - sandsiv+\",\"isPartOf\":{\"@id\":\"https:\\\/\\\/sandsiv.com\\\/#website\"},\"datePublished\":\"2024-02-06T12:52:28+00:00\",\"dateModified\":\"2024-02-07T11:54:23+00:00\",\"description\":\"\u00bfSabes que sandsiv+ puede ayudar a Mapfre? Pide una demo para ver sandsiv+ en acci\u00f3n y c\u00f3mo puede ayudar a ti y a tus clientes.\",\"breadcrumb\":{\"@id\":\"https:\\\/\\\/sandsiv.com\\\/es\\\/sandsiv-puede-ayudarte-mapfre\\\/#breadcrumb\"},\"inLanguage\":\"es\",\"potentialAction\":[{\"@type\":\"ReadAction\",\"target\":[\"https:\\\/\\\/sandsiv.com\\\/es\\\/sandsiv-puede-ayudarte-mapfre\\\/\"]}]},{\"@type\":\"BreadcrumbList\",\"@id\":\"https:\\\/\\\/sandsiv.com\\\/es\\\/sandsiv-puede-ayudarte-mapfre\\\/#breadcrumb\",\"itemListElement\":[{\"@type\":\"ListItem\",\"position\":1,\"name\":\"Home\",\"item\":\"https:\\\/\\\/sandsiv.com\\\/es\\\/\"},{\"@type\":\"ListItem\",\"position\":2,\"name\":\"&#8211; sandsiv+ puede ayudarte: Mapfre\"}]},{\"@type\":\"WebSite\",\"@id\":\"https:\\\/\\\/sandsiv.com\\\/#website\",\"url\":\"https:\\\/\\\/sandsiv.com\\\/\",\"name\":\"sandsiv+\",\"description\":\"Customer Intelligence Made In Switzerland\",\"publisher\":{\"@id\":\"https:\\\/\\\/sandsiv.com\\\/#organization\"},\"potentialAction\":[{\"@type\":\"SearchAction\",\"target\":{\"@type\":\"EntryPoint\",\"urlTemplate\":\"https:\\\/\\\/sandsiv.com\\\/?s={search_term_string}\"},\"query-input\":{\"@type\":\"PropertyValueSpecification\",\"valueRequired\":true,\"valueName\":\"search_term_string\"}}],\"inLanguage\":\"es\"},{\"@type\":\"Organization\",\"@id\":\"https:\\\/\\\/sandsiv.com\\\/#organization\",\"name\":\"sandsiv+\",\"url\":\"https:\\\/\\\/sandsiv.com\\\/\",\"logo\":{\"@type\":\"ImageObject\",\"inLanguage\":\"es\",\"@id\":\"https:\\\/\\\/sandsiv.com\\\/#\\\/schema\\\/logo\\\/image\\\/\",\"url\":\"https:\\\/\\\/sandsiv.com\\\/wp-content\\\/uploads\\\/2021\\\/08\\\/logo-light-normal.svg\",\"contentUrl\":\"https:\\\/\\\/sandsiv.com\\\/wp-content\\\/uploads\\\/2021\\\/08\\\/logo-light-normal.svg\",\"width\":376,\"height\":67,\"caption\":\"sandsiv+\"},\"image\":{\"@id\":\"https:\\\/\\\/sandsiv.com\\\/#\\\/schema\\\/logo\\\/image\\\/\"}}]}<\/script>\n<!-- \/ Yoast SEO Premium plugin. -->","yoast_head_json":{"title":"- sandsiv+ puede ayudarte: Mapfre - sandsiv+","description":"\u00bfSabes que sandsiv+ puede ayudar a Mapfre? Pide una demo para ver sandsiv+ en acci\u00f3n y c\u00f3mo puede ayudar a ti y a tus clientes.","robots":{"index":"index","follow":"follow","max-snippet":"max-snippet:-1","max-image-preview":"max-image-preview:large","max-video-preview":"max-video-preview:-1"},"canonical":"https:\/\/sandsiv.com\/es\/sandsiv-puede-ayudarte-mapfre\/","og_locale":"es_ES","og_type":"article","og_title":"- sandsiv+ puede ayudarte: Mapfre","og_description":"\u00bfSabes que sandsiv+ puede ayudar a Mapfre? Pide una demo para ver sandsiv+ en acci\u00f3n y c\u00f3mo puede ayudar a ti y a tus clientes.","og_url":"https:\/\/sandsiv.com\/es\/sandsiv-puede-ayudarte-mapfre\/","og_site_name":"sandsiv+","article_modified_time":"2024-02-07T11:54:23+00:00","twitter_card":"summary_large_image","twitter_misc":{"Tiempo de lectura":"4 minutos"},"schema":{"@context":"https:\/\/schema.org","@graph":[{"@type":"WebPage","@id":"https:\/\/sandsiv.com\/es\/sandsiv-puede-ayudarte-mapfre\/","url":"https:\/\/sandsiv.com\/es\/sandsiv-puede-ayudarte-mapfre\/","name":"- sandsiv+ puede ayudarte: Mapfre - sandsiv+","isPartOf":{"@id":"https:\/\/sandsiv.com\/#website"},"datePublished":"2024-02-06T12:52:28+00:00","dateModified":"2024-02-07T11:54:23+00:00","description":"\u00bfSabes que sandsiv+ puede ayudar a Mapfre? Pide una demo para ver sandsiv+ en acci\u00f3n y c\u00f3mo puede ayudar a ti y a tus clientes.","breadcrumb":{"@id":"https:\/\/sandsiv.com\/es\/sandsiv-puede-ayudarte-mapfre\/#breadcrumb"},"inLanguage":"es","potentialAction":[{"@type":"ReadAction","target":["https:\/\/sandsiv.com\/es\/sandsiv-puede-ayudarte-mapfre\/"]}]},{"@type":"BreadcrumbList","@id":"https:\/\/sandsiv.com\/es\/sandsiv-puede-ayudarte-mapfre\/#breadcrumb","itemListElement":[{"@type":"ListItem","position":1,"name":"Home","item":"https:\/\/sandsiv.com\/es\/"},{"@type":"ListItem","position":2,"name":"&#8211; sandsiv+ puede ayudarte: Mapfre"}]},{"@type":"WebSite","@id":"https:\/\/sandsiv.com\/#website","url":"https:\/\/sandsiv.com\/","name":"sandsiv+","description":"Customer Intelligence Made In Switzerland","publisher":{"@id":"https:\/\/sandsiv.com\/#organization"},"potentialAction":[{"@type":"SearchAction","target":{"@type":"EntryPoint","urlTemplate":"https:\/\/sandsiv.com\/?s={search_term_string}"},"query-input":{"@type":"PropertyValueSpecification","valueRequired":true,"valueName":"search_term_string"}}],"inLanguage":"es"},{"@type":"Organization","@id":"https:\/\/sandsiv.com\/#organization","name":"sandsiv+","url":"https:\/\/sandsiv.com\/","logo":{"@type":"ImageObject","inLanguage":"es","@id":"https:\/\/sandsiv.com\/#\/schema\/logo\/image\/","url":"https:\/\/sandsiv.com\/wp-content\/uploads\/2021\/08\/logo-light-normal.svg","contentUrl":"https:\/\/sandsiv.com\/wp-content\/uploads\/2021\/08\/logo-light-normal.svg","width":376,"height":67,"caption":"sandsiv+"},"image":{"@id":"https:\/\/sandsiv.com\/#\/schema\/logo\/image\/"}}]}},"_links":{"self":[{"href":"https:\/\/sandsiv.com\/es\/wp-json\/wp\/v2\/pages\/12325","targetHints":{"allow":["GET"]}}],"collection":[{"href":"https:\/\/sandsiv.com\/es\/wp-json\/wp\/v2\/pages"}],"about":[{"href":"https:\/\/sandsiv.com\/es\/wp-json\/wp\/v2\/types\/page"}],"author":[{"embeddable":true,"href":"https:\/\/sandsiv.com\/es\/wp-json\/wp\/v2\/users\/3"}],"replies":[{"embeddable":true,"href":"https:\/\/sandsiv.com\/es\/wp-json\/wp\/v2\/comments?post=12325"}],"version-history":[{"count":0,"href":"https:\/\/sandsiv.com\/es\/wp-json\/wp\/v2\/pages\/12325\/revisions"}],"wp:attachment":[{"href":"https:\/\/sandsiv.com\/es\/wp-json\/wp\/v2\/media?parent=12325"}],"curies":[{"name":"wp","href":"https:\/\/api.w.org\/{rel}","templated":true}]}}