
{"id":11954,"date":"2023-12-27T09:53:43","date_gmt":"2023-12-27T09:53:43","guid":{"rendered":"https:\/\/sandsiv.com\/nuestro-blog\/artificial-intelligence-and-human-experience\/"},"modified":"2023-12-27T10:18:49","modified_gmt":"2023-12-27T10:18:49","slug":"artificial-intelligence-and-human-experience","status":"publish","type":"page","link":"https:\/\/sandsiv.com\/es\/nuestro-blog\/artificial-intelligence-and-human-experience\/","title":{"rendered":"Inteligencia Artificial y Human Experience"},"content":{"rendered":"<div id=\"banner-block_91fcb58ad45004d4ecee1e65c2ff6dcd\"\r\n    class=\"banner scroll-fade\">\r\n    <div\r\n        class=\"module mt_0  mb_0\">\r\n        <div class=\"container\">\r\n            <div class=\"banner__inner\">\r\n                <div class=\"banner__data\">\r\n                                        <h1 class=\"heading\">Inteligencia Artificial y Human Experience<strong\r\n                            class=\"heading_red\">Art\u00edculo<\/strong>                    <\/h1>\r\n                                                            <div class=\"description\">27 de diciembre, 2023 &#8211; Inteligencia Artificial y Human Experience, la nueva tendencia de las marcas en 2024                    <\/div>                                                            <div class=\"banner__button\">\r\n                        <a href=\"https:\/\/sandsiv.com\/es\/quiero-ver-una-demo\/\"\r\n                            class=\"btn\" _self                            >Quiero ver una demo<\/a>\r\n                    <\/div>\r\n                                                                            <\/div>\r\n                <div class=\"banner__media\">\r\n                                        <div class=\"banner__image\">\r\n                        <picture class=\"image\">\r\n                            <source srcset=\"\">\r\n                            <img decoding=\"async\" src=\"\"\r\n                                alt=\"\" \/>\r\n                        <\/picture>\r\n                    <\/div>\r\n                                                                            <\/div>\r\n            <\/div>\r\n        <\/div>\r\n    <\/div>\r\n<\/div>\n\n\r\n<div id=\"frames_section-block_295eb3ed90e5479dda11c58618465eb2\" class=\"frames_section scroll-fade\">\r\n    <div class=\"module mt_0  mb_0\">  \r\n        <div class=\"bg_clr_section bg_clr_red\">               \r\n            <div class=\"container\">\r\n                <div class=\"frames_section_inner\"> \r\n                                                                <div class=\"text\">\r\n                            <p id=\"ember36\" class=\"ember-view\">Hoy te hablamos de las nuevas innovaciones de Inteligencia Artificial que transformar\u00e1n la disciplina de Experiencia de Cliente en la nueva Human Experience para este 2024.<\/p>\n                        <\/div>\r\n                                                        <\/div>\r\n            <\/div>\r\n        <\/div>\r\n    <\/div>\r\n<\/div>\n\n\r\n<div id=\"blog_post_content-block_7d6bc2d817b081440e2cb8fa09ce604e\" class=\"blog_post_content scroll-fade\">\r\n    <div class=\"module \">\r\n\r\n                            <div class=\"container container--medium\">\r\n                        \r\n            <div class=\"blog_post_content_inner\"> \r\n                                    <div class=\"heading_section\">\r\n                        <div class=\"heading_text h1\">\r\n                            <Div style = \"visibility: hidden\"> <\/ div>                        <\/div>\r\n                    <\/div>\r\n                                                    <div class=\"content_section\">\r\n                        <p>El a\u00f1o 2023 ha marcado un hito significativo en la evoluci\u00f3n de la\u00a0<strong>Inteligencia Artificial (IA)<\/strong>\u00a0y en su relaci\u00f3n con la\u00a0<strong>Experiencia del Cliente (CX)<\/strong>. En este contexto,\u00a0<strong>Federico Cesconi, CEO de\u00a0<\/strong><a href=\"https:\/\/sandsiv.com\/es\/\"><span style=\"color: #bf2025;\"><strong>SANDSIV<\/strong><\/span><\/a><strong>,<\/strong>\u00a0explica c\u00f3mo\u00a0<em>\u201cen 2024 los\u00a0 avances innovadores como la\u00a0<strong>IA, el Machine Learning o el an\u00e1lisis de datos<\/strong>\u00a0van a transformar la relaci\u00f3n marca-cliente en una estrategia mucho m\u00e1s global, girando, parad\u00f3jicamente, hacia un\u00a0<strong>enfoque mucho m\u00e1s humano<\/strong>\u00a0y hol\u00edstico, donde las personas ser\u00e1n el eje central de las compa\u00f1\u00edas bajo la denominaci\u00f3n de \u00b4<strong>Human Experience\u00b4\u201d<\/strong><\/em><strong>.<\/strong><\/p>\n<p><span style=\"color: #bf2025;\"><strong>El nuevo concepto hol\u00edstico de \u00b4Human Experience\u00b4<\/strong><\/span><\/p>\n<p>En los \u00faltimos meses, el potencial transformador de estas innovaciones ha redefinido la\u00a0<strong>relaci\u00f3n entre marcas y clientes<\/strong>, fundamental para comprender, mejorar y potenciar esa\u00a0<strong>experiencia humana.<\/strong>\u00a0Este concepto se centra en c\u00f3mo las marcas deben comprender las\u00a0<strong>necesidades, emociones y complejos comportamientos humanos\u00a0<\/strong>para proporcionar interacciones m\u00e1s emocionales<strong>\u00a0<\/strong>y\u00a0<strong>personalizadas<\/strong>.<\/p>\n<p>Mirando hacia\u00a0<strong>el 2024,<\/strong>\u00a0se espera que la convergencia entre IA y experiencia humana sea a\u00fan m\u00e1s relevante, ya que las\u00a0<strong>marcas buscar\u00e1n\u00a0<\/strong>establecer conexiones m\u00e1s profundas con sus clientes. Hoy enumeramos <strong>3 nuevas funcionalidades basadas en Inteligencia Artificial<\/strong>\u00a0que deben integrar las herramientas digitales de escucha del cliente para el avance hacia esa\u00a0<strong>Human Experience<\/strong>:<\/p>\n<ol start=\"1\" type=\"1\">\n<li><span style=\"color: #bf2025;\"><strong>Automatizaci\u00f3n y etiquetado de datos para identificar tendencias:<\/strong>\u00a0<\/span>La automatizaci\u00f3n del\u00a0<strong>etiquetado de datos<\/strong>\u00a0se ha convertido en una herramienta esencial para las empresas. Este proceso consiste en la\u00a0<strong>asignaci\u00f3n autom\u00e1tica de etiquetas<\/strong>\u00a0o categor\u00edas a grandes conjuntos de informaci\u00f3n, como comentarios de clientes o rese\u00f1as de productos. Con ello, las marcas que emplean esta tecnolog\u00eda que se ya ha incluido en la plataforma de\u00a0<span style=\"color: #bf2025;\"><a style=\"color: #bf2025;\" href=\"https:\/\/sandsiv.com\/es\/producto\/\"><strong>sandsiv+<\/strong><\/a><\/span>, podr\u00e1n clasificar r\u00e1pidamente las opiniones de sus productos en positivas, neutrales o negativas y, con ello, identificar las tendencias que se est\u00e1n perfilando en su mercado.<\/li>\n<li><span style=\"color: #bf2025;\"><strong>Identificaci\u00f3n autom\u00e1tica de los \u00b4topics\u00b4 m\u00e1s relevantes:<\/strong><\/span>\u00a0Detectar\u00a0<strong>temas relevantes dentro de enormes vol\u00famenes de datos de clientes<\/strong>\u00a0a\u00fan supone un desaf\u00edo para las compa\u00f1\u00edas. Ahora las marcas pueden aplicar\u00a0<strong>modelos de categorizaci\u00f3n<\/strong>\u00a0para identificar las interacciones de sus clientes de manera inmediata, permiti\u00e9ndoles predecir y resolver temas cr\u00edticos en tiempo real. El\u00a0<strong>m\u00f3dulo Topic AI\u00a0<\/strong>que ha integrado sandsiv+ podr\u00eda conseguir, por ejemplo, que una compa\u00f1\u00eda de telecomunicaciones pueda detectar posibles problemas t\u00e9cnicos, consultas de facturaci\u00f3n o solicitudes de servicios adicionales, permitiendo a los agentes abordar su trabajo con mayor eficiencia.<\/li>\n<li><span style=\"color: #bf2025;\"><strong>An\u00e1lisis del sentimiento de los clientes a trav\u00e9s del mapeo de su experiencia:\u00a0<\/strong><\/span>La posibilidad de\u00a0<strong>analizar todo lo que vive el cliente desde su primer contacto con la marca hasta despu\u00e9s de la compra<\/strong>\u00a0es una poderosa herramienta para comprender mejor sus necesidades y sentimientos a lo largo de todo ese\u00a0<strong>Customer Journey<\/strong>. Esta t\u00e9cnica utiliza la IA para examinar y comprender los puntos de dolor que un cliente tiene con una empresa en tiempo real y ofrece recomendaciones de mejoras para hacer que su experiencia sea memorable.<\/li>\n<\/ol>\n<p>En este contexto, las marcas han comprendido la importancia de\u00a0<strong>conectar emocionalmente con los clientes<\/strong>\u00a0mediante la comprensi\u00f3n de sus deseos y necesidades sirvi\u00e9ndose de la tecnolog\u00eda como aliada.\u00a0<em>\u201cDesde nuestra fundaci\u00f3n, la integraci\u00f3n del Machine Learning e Inteligencia Artificial ha sido un componente crucial en todos los aspectos de nuestras soluciones\u201d\u00a0<\/em>ha indicado\u00a0<strong>Federico Cesconi,\u00a0<\/strong>quien ha asegurado que la IA revolucionar\u00e1 la manera en que las empresas conectan con sus clientes, permiti\u00e9ndoles comprenderlos de verdad y ofrecerles esa experiencia humana que ser\u00e1 clave para el \u00e9xito empresarial futuro.<\/p>\n                    <\/div>\r\n                            <\/div>\r\n        <\/div>\r\n    <\/div>\r\n<\/div>\n\n\r\n<div id=\"blog_post_content-block_a30fead338d9641edf5ca399561b962d\" class=\"blog_post_content scroll-fade\">\r\n    <div class=\"module \">\r\n\r\n                    <div class=\"container\">\r\n                                \r\n            <div class=\"blog_post_content_inner\"> \r\n                                    <div class=\"heading_section\">\r\n                        <div class=\"heading_text h1\">\r\n                            Inteligencia Artificial y Human Experience                        <\/div>\r\n                    <\/div>\r\n                                                    <div class=\"content_section\">\r\n                        <p><strong>CONTACTO:<\/strong><br \/>\n<span style=\"color: #bf2025;\"><a style=\"color: #bf2025;\" href=\"mailto:media@SANDSIV.com\" target=\"_blank\" rel=\"noopener nofollow noopener noreferrer\">media@SANDSIV.com<\/a><\/span><\/p>\n                    <\/div>\r\n                            <\/div>\r\n        <\/div>\r\n    <\/div>\r\n<\/div>\n\n\r\n<div id=\"frames_section-block_0c972de0ee9b94bb0c2ada0be7b59459\" class=\"frames_section scroll-fade\">\r\n    <div class=\"module mt_0  mb_0\">  \r\n        <div class=\"bg_clr_section bg_clr_red\">               \r\n            <div class=\"container\">\r\n                <div class=\"frames_section_inner\"> \r\n                                            <div class=\"heading\">\r\n                            Empieza a crecer con sandsiv+ hoy mismo                        <\/div>\r\n                                                                                    <div class=\"button_section\">\r\n                            <a class=\"btn btn--white \" href=\"https:\/\/sandsiv.com\/es\/quiero-ver-una-demo\/\" >\r\n                                Quiero ver una demo                            <\/a>\r\n                        <\/div>\r\n                                    <\/div>\r\n            <\/div>\r\n        <\/div>\r\n    <\/div>\r\n<\/div>","protected":false},"excerpt":{"rendered":"","protected":false},"author":3,"featured_media":11953,"parent":8261,"menu_order":0,"comment_status":"closed","ping_status":"closed","template":"","meta":{"content-type":"","footnotes":""},"class_list":["post-11954","page","type-page","status-publish","has-post-thumbnail","hentry"],"acf":[],"yoast_head":"<!-- This site is optimized with the Yoast SEO Premium plugin v26.9 (Yoast SEO v27.4) - https:\/\/yoast.com\/product\/yoast-seo-premium-wordpress\/ -->\n<title>Inteligencia Artificial y Human Experience - sandsiv+<\/title>\n<meta name=\"description\" content=\"Inteligencia artificial y experiencia humana: descubre la nueva tendencia para las marcas en 2024 en nuestro art\u00edculo de blog.\" \/>\n<meta name=\"robots\" content=\"index, follow, max-snippet:-1, max-image-preview:large, max-video-preview:-1\" \/>\n<link rel=\"canonical\" href=\"https:\/\/sandsiv.com\/es\/nuestro-blog\/artificial-intelligence-and-human-experience\/\" \/>\n<meta property=\"og:locale\" content=\"es_ES\" \/>\n<meta property=\"og:type\" content=\"article\" \/>\n<meta property=\"og:title\" content=\"Inteligencia Artificial y Human Experience\" \/>\n<meta property=\"og:description\" content=\"Inteligencia artificial y experiencia humana: descubre la nueva tendencia para las marcas en 2024 en nuestro art\u00edculo de blog.\" \/>\n<meta property=\"og:url\" content=\"https:\/\/sandsiv.com\/es\/nuestro-blog\/artificial-intelligence-and-human-experience\/\" \/>\n<meta property=\"og:site_name\" content=\"sandsiv+\" \/>\n<meta property=\"article:modified_time\" content=\"2023-12-27T10:18:49+00:00\" \/>\n<meta property=\"og:image\" content=\"https:\/\/sandsiv.com\/wp-content\/uploads\/2023\/12\/unnamed-5-e1703670585813.jpg\" \/>\n\t<meta property=\"og:image:width\" content=\"1000\" \/>\n\t<meta property=\"og:image:height\" content=\"667\" \/>\n\t<meta property=\"og:image:type\" content=\"image\/jpeg\" \/>\n<meta name=\"twitter:card\" content=\"summary_large_image\" \/>\n<meta name=\"twitter:label1\" content=\"Tiempo de lectura\" \/>\n\t<meta name=\"twitter:data1\" content=\"3 minutos\" \/>\n<script type=\"application\/ld+json\" class=\"yoast-schema-graph\">{\"@context\":\"https:\\\/\\\/schema.org\",\"@graph\":[{\"@type\":\"WebPage\",\"@id\":\"https:\\\/\\\/sandsiv.com\\\/es\\\/nuestro-blog\\\/artificial-intelligence-and-human-experience\\\/\",\"url\":\"https:\\\/\\\/sandsiv.com\\\/es\\\/nuestro-blog\\\/artificial-intelligence-and-human-experience\\\/\",\"name\":\"Inteligencia Artificial y Human Experience - sandsiv+\",\"isPartOf\":{\"@id\":\"https:\\\/\\\/sandsiv.com\\\/#website\"},\"primaryImageOfPage\":{\"@id\":\"https:\\\/\\\/sandsiv.com\\\/es\\\/nuestro-blog\\\/artificial-intelligence-and-human-experience\\\/#primaryimage\"},\"image\":{\"@id\":\"https:\\\/\\\/sandsiv.com\\\/es\\\/nuestro-blog\\\/artificial-intelligence-and-human-experience\\\/#primaryimage\"},\"thumbnailUrl\":\"https:\\\/\\\/sandsiv.com\\\/wp-content\\\/uploads\\\/2023\\\/12\\\/unnamed-5-e1703670585813.jpg\",\"datePublished\":\"2023-12-27T09:53:43+00:00\",\"dateModified\":\"2023-12-27T10:18:49+00:00\",\"description\":\"Inteligencia artificial y experiencia humana: descubre la nueva tendencia para las marcas en 2024 en nuestro art\u00edculo de blog.\",\"breadcrumb\":{\"@id\":\"https:\\\/\\\/sandsiv.com\\\/es\\\/nuestro-blog\\\/artificial-intelligence-and-human-experience\\\/#breadcrumb\"},\"inLanguage\":\"es\",\"potentialAction\":[{\"@type\":\"ReadAction\",\"target\":[\"https:\\\/\\\/sandsiv.com\\\/es\\\/nuestro-blog\\\/artificial-intelligence-and-human-experience\\\/\"]}]},{\"@type\":\"ImageObject\",\"inLanguage\":\"es\",\"@id\":\"https:\\\/\\\/sandsiv.com\\\/es\\\/nuestro-blog\\\/artificial-intelligence-and-human-experience\\\/#primaryimage\",\"url\":\"https:\\\/\\\/sandsiv.com\\\/wp-content\\\/uploads\\\/2023\\\/12\\\/unnamed-5-e1703670585813.jpg\",\"contentUrl\":\"https:\\\/\\\/sandsiv.com\\\/wp-content\\\/uploads\\\/2023\\\/12\\\/unnamed-5-e1703670585813.jpg\",\"width\":1000,\"height\":667},{\"@type\":\"BreadcrumbList\",\"@id\":\"https:\\\/\\\/sandsiv.com\\\/es\\\/nuestro-blog\\\/artificial-intelligence-and-human-experience\\\/#breadcrumb\",\"itemListElement\":[{\"@type\":\"ListItem\",\"position\":1,\"name\":\"Home\",\"item\":\"https:\\\/\\\/sandsiv.com\\\/es\\\/\"},{\"@type\":\"ListItem\",\"position\":2,\"name\":\"Nuestro Blog\",\"item\":\"https:\\\/\\\/sandsiv.com\\\/es\\\/nuestro-blog\\\/\"},{\"@type\":\"ListItem\",\"position\":3,\"name\":\"Inteligencia Artificial y Human Experience\"}]},{\"@type\":\"WebSite\",\"@id\":\"https:\\\/\\\/sandsiv.com\\\/#website\",\"url\":\"https:\\\/\\\/sandsiv.com\\\/\",\"name\":\"sandsiv+\",\"description\":\"Customer Intelligence Made In Switzerland\",\"publisher\":{\"@id\":\"https:\\\/\\\/sandsiv.com\\\/#organization\"},\"potentialAction\":[{\"@type\":\"SearchAction\",\"target\":{\"@type\":\"EntryPoint\",\"urlTemplate\":\"https:\\\/\\\/sandsiv.com\\\/?s={search_term_string}\"},\"query-input\":{\"@type\":\"PropertyValueSpecification\",\"valueRequired\":true,\"valueName\":\"search_term_string\"}}],\"inLanguage\":\"es\"},{\"@type\":\"Organization\",\"@id\":\"https:\\\/\\\/sandsiv.com\\\/#organization\",\"name\":\"sandsiv+\",\"url\":\"https:\\\/\\\/sandsiv.com\\\/\",\"logo\":{\"@type\":\"ImageObject\",\"inLanguage\":\"es\",\"@id\":\"https:\\\/\\\/sandsiv.com\\\/#\\\/schema\\\/logo\\\/image\\\/\",\"url\":\"https:\\\/\\\/sandsiv.com\\\/wp-content\\\/uploads\\\/2021\\\/08\\\/logo-light-normal.svg\",\"contentUrl\":\"https:\\\/\\\/sandsiv.com\\\/wp-content\\\/uploads\\\/2021\\\/08\\\/logo-light-normal.svg\",\"width\":376,\"height\":67,\"caption\":\"sandsiv+\"},\"image\":{\"@id\":\"https:\\\/\\\/sandsiv.com\\\/#\\\/schema\\\/logo\\\/image\\\/\"}}]}<\/script>\n<!-- \/ Yoast SEO Premium plugin. -->","yoast_head_json":{"title":"Inteligencia Artificial y Human Experience - sandsiv+","description":"Inteligencia artificial y experiencia humana: descubre la nueva tendencia para las marcas en 2024 en nuestro art\u00edculo de blog.","robots":{"index":"index","follow":"follow","max-snippet":"max-snippet:-1","max-image-preview":"max-image-preview:large","max-video-preview":"max-video-preview:-1"},"canonical":"https:\/\/sandsiv.com\/es\/nuestro-blog\/artificial-intelligence-and-human-experience\/","og_locale":"es_ES","og_type":"article","og_title":"Inteligencia Artificial y Human Experience","og_description":"Inteligencia artificial y experiencia humana: descubre la nueva tendencia para las marcas en 2024 en nuestro art\u00edculo de blog.","og_url":"https:\/\/sandsiv.com\/es\/nuestro-blog\/artificial-intelligence-and-human-experience\/","og_site_name":"sandsiv+","article_modified_time":"2023-12-27T10:18:49+00:00","og_image":[{"width":1000,"height":667,"url":"https:\/\/sandsiv.com\/wp-content\/uploads\/2023\/12\/unnamed-5-e1703670585813.jpg","type":"image\/jpeg"}],"twitter_card":"summary_large_image","twitter_misc":{"Tiempo de lectura":"3 minutos"},"schema":{"@context":"https:\/\/schema.org","@graph":[{"@type":"WebPage","@id":"https:\/\/sandsiv.com\/es\/nuestro-blog\/artificial-intelligence-and-human-experience\/","url":"https:\/\/sandsiv.com\/es\/nuestro-blog\/artificial-intelligence-and-human-experience\/","name":"Inteligencia Artificial y Human Experience - sandsiv+","isPartOf":{"@id":"https:\/\/sandsiv.com\/#website"},"primaryImageOfPage":{"@id":"https:\/\/sandsiv.com\/es\/nuestro-blog\/artificial-intelligence-and-human-experience\/#primaryimage"},"image":{"@id":"https:\/\/sandsiv.com\/es\/nuestro-blog\/artificial-intelligence-and-human-experience\/#primaryimage"},"thumbnailUrl":"https:\/\/sandsiv.com\/wp-content\/uploads\/2023\/12\/unnamed-5-e1703670585813.jpg","datePublished":"2023-12-27T09:53:43+00:00","dateModified":"2023-12-27T10:18:49+00:00","description":"Inteligencia artificial y experiencia humana: descubre la nueva tendencia para las marcas en 2024 en nuestro art\u00edculo de blog.","breadcrumb":{"@id":"https:\/\/sandsiv.com\/es\/nuestro-blog\/artificial-intelligence-and-human-experience\/#breadcrumb"},"inLanguage":"es","potentialAction":[{"@type":"ReadAction","target":["https:\/\/sandsiv.com\/es\/nuestro-blog\/artificial-intelligence-and-human-experience\/"]}]},{"@type":"ImageObject","inLanguage":"es","@id":"https:\/\/sandsiv.com\/es\/nuestro-blog\/artificial-intelligence-and-human-experience\/#primaryimage","url":"https:\/\/sandsiv.com\/wp-content\/uploads\/2023\/12\/unnamed-5-e1703670585813.jpg","contentUrl":"https:\/\/sandsiv.com\/wp-content\/uploads\/2023\/12\/unnamed-5-e1703670585813.jpg","width":1000,"height":667},{"@type":"BreadcrumbList","@id":"https:\/\/sandsiv.com\/es\/nuestro-blog\/artificial-intelligence-and-human-experience\/#breadcrumb","itemListElement":[{"@type":"ListItem","position":1,"name":"Home","item":"https:\/\/sandsiv.com\/es\/"},{"@type":"ListItem","position":2,"name":"Nuestro Blog","item":"https:\/\/sandsiv.com\/es\/nuestro-blog\/"},{"@type":"ListItem","position":3,"name":"Inteligencia Artificial y Human Experience"}]},{"@type":"WebSite","@id":"https:\/\/sandsiv.com\/#website","url":"https:\/\/sandsiv.com\/","name":"sandsiv+","description":"Customer Intelligence Made In Switzerland","publisher":{"@id":"https:\/\/sandsiv.com\/#organization"},"potentialAction":[{"@type":"SearchAction","target":{"@type":"EntryPoint","urlTemplate":"https:\/\/sandsiv.com\/?s={search_term_string}"},"query-input":{"@type":"PropertyValueSpecification","valueRequired":true,"valueName":"search_term_string"}}],"inLanguage":"es"},{"@type":"Organization","@id":"https:\/\/sandsiv.com\/#organization","name":"sandsiv+","url":"https:\/\/sandsiv.com\/","logo":{"@type":"ImageObject","inLanguage":"es","@id":"https:\/\/sandsiv.com\/#\/schema\/logo\/image\/","url":"https:\/\/sandsiv.com\/wp-content\/uploads\/2021\/08\/logo-light-normal.svg","contentUrl":"https:\/\/sandsiv.com\/wp-content\/uploads\/2021\/08\/logo-light-normal.svg","width":376,"height":67,"caption":"sandsiv+"},"image":{"@id":"https:\/\/sandsiv.com\/#\/schema\/logo\/image\/"}}]}},"_links":{"self":[{"href":"https:\/\/sandsiv.com\/es\/wp-json\/wp\/v2\/pages\/11954","targetHints":{"allow":["GET"]}}],"collection":[{"href":"https:\/\/sandsiv.com\/es\/wp-json\/wp\/v2\/pages"}],"about":[{"href":"https:\/\/sandsiv.com\/es\/wp-json\/wp\/v2\/types\/page"}],"author":[{"embeddable":true,"href":"https:\/\/sandsiv.com\/es\/wp-json\/wp\/v2\/users\/3"}],"replies":[{"embeddable":true,"href":"https:\/\/sandsiv.com\/es\/wp-json\/wp\/v2\/comments?post=11954"}],"version-history":[{"count":0,"href":"https:\/\/sandsiv.com\/es\/wp-json\/wp\/v2\/pages\/11954\/revisions"}],"up":[{"embeddable":true,"href":"https:\/\/sandsiv.com\/es\/wp-json\/wp\/v2\/pages\/8261"}],"wp:featuredmedia":[{"embeddable":true,"href":"https:\/\/sandsiv.com\/es\/wp-json\/wp\/v2\/media\/11953"}],"wp:attachment":[{"href":"https:\/\/sandsiv.com\/es\/wp-json\/wp\/v2\/media?parent=11954"}],"curies":[{"name":"wp","href":"https:\/\/api.w.org\/{rel}","templated":true}]}}