
{"id":11568,"date":"2023-12-04T08:36:40","date_gmt":"2023-12-04T08:36:40","guid":{"rendered":"https:\/\/sandsiv.com\/?page_id=11568"},"modified":"2023-12-04T08:36:41","modified_gmt":"2023-12-04T08:36:41","slug":"cx-en-el-sector-bancario-y-financiero","status":"publish","type":"page","link":"https:\/\/sandsiv.com\/es\/nuestro-blog\/cx-en-el-sector-bancario-y-financiero\/","title":{"rendered":"CX en el sector bancario y financiero"},"content":{"rendered":"<div id=\"banner-block_6cedbba00d2c7e5c84ace61b49c3f9fd\"\r\n    class=\"banner scroll-fade\">\r\n    <div\r\n        class=\"module mt_0  mb_0\">\r\n        <div class=\"container\">\r\n            <div class=\"banner__inner\">\r\n                <div class=\"banner__data\">\r\n                                        <h1 class=\"heading\">CX en el sector bancario y financiero<strong\r\n                            class=\"heading_red\">Art\u00edculo<\/strong>                    <\/h1>\r\n                                                            <div class=\"description\">4 de diciembre de 2023 &#8211; Cuatro tips imprescindibles para mejorar la Experiencia del Cliente en el sector bancario y financiero\r\n                    <\/div>                                                            <div class=\"banner__button\">\r\n                        <a href=\"https:\/\/sandsiv.com\/es\/quiero-ver-una-demo\/\"\r\n                            class=\"btn\" _self                            >Quiero ver una demo<\/a>\r\n                    <\/div>\r\n                                                                            <\/div>\r\n                <div class=\"banner__media\">\r\n                                        <div class=\"banner__image\">\r\n                        <picture class=\"image\">\r\n                            <source srcset=\"\">\r\n                            <img decoding=\"async\" src=\"\"\r\n                                alt=\"\" \/>\r\n                        <\/picture>\r\n                    <\/div>\r\n                                                                            <\/div>\r\n            <\/div>\r\n        <\/div>\r\n    <\/div>\r\n<\/div>\n\n\r\n<div id=\"frames_section-block_89b5d1c5ee9dbc02771aed4466abb219\" class=\"frames_section scroll-fade\">\r\n    <div class=\"module mt_0  mb_0\">  \r\n        <div class=\"bg_clr_section bg_clr_red\">               \r\n            <div class=\"container\">\r\n                <div class=\"frames_section_inner\"> \r\n                                                                <div class=\"text\">\r\n                            <p>Te damos las claves para brindar una experiencia satisfactoria en el cliente de banca y servicios financieros, teniendo en cuenta la gran importancia que tienen para los ciudadanos sus finanzas personales.<\/p>\n                        <\/div>\r\n                                                        <\/div>\r\n            <\/div>\r\n        <\/div>\r\n    <\/div>\r\n<\/div>\n\n\r\n<div id=\"blog_post_content-block_6a3778c3ede893312b2a8019e7d4393e\" class=\"blog_post_content scroll-fade\">\r\n    <div class=\"module \">\r\n\r\n                            <div class=\"container container--medium\">\r\n                        \r\n            <div class=\"blog_post_content_inner\"> \r\n                                    <div class=\"heading_section\">\r\n                        <div class=\"heading_text h1\">\r\n                            <Div style = \"visibility: hidden\"> <\/ div>                        <\/div>\r\n                    <\/div>\r\n                                                    <div class=\"content_section\">\r\n                        <p><span style=\"font-weight: 400;\">La industria financiera ha atravesado una evoluci\u00f3n sin precedentes en los \u00faltimos a\u00f1os. Siendo hist\u00f3ricamente <\/span><b>un sector muy \u201ctradicional\u201d<\/b><span style=\"font-weight: 400;\">, ha tenido que adaptarse para satisfacer las demandas y expectativas de los clientes, sobre todo a partir de la digitalizaci\u00f3n. Los usuarios de servicios financieros ya no solo buscan transacciones y productos s\u00f3lidos; ahora esperan una <\/span><b>experiencia completa, personalizada y \u00e1gil<\/b><span style=\"font-weight: 400;\"> en cada interacci\u00f3n con su entidad bancaria.<\/span><\/p>\n<p><span style=\"font-weight: 400;\">En este nuevo escenario, las soluciones innovadoras para escuchar la <\/span><b>Voz del Cliente (VoC)<\/b><span style=\"font-weight: 400;\">, impulsadas por la <\/span><b>Inteligencia Artificial (IA),<\/b><span style=\"font-weight: 400;\"> han emergido como elementos clave para que la <\/span><b>banca y los servicios financieros<\/b><span style=\"font-weight: 400;\"> consigan comprender las necesidades reales de sus clientes.\u00a0<\/span><\/p>\n<h4><span style=\"color: #bf2025;\"><b>Claves para la mejora de la Experiencia de Cliente en el sector bancario y financiero:<\/b><\/span><\/h4>\n<p><span style=\"font-weight: 400;\">Tal como indica <\/span><b>Alejandro Conejero, Gerente de Alianzas Estrat\u00e9gicas y Licitaciones en SANDSIV<\/b><span style=\"font-weight: 400;\">, hay <\/span><b>4 acciones imprescindibles<\/b><span style=\"font-weight: 400;\"> para consolidar la relaci\u00f3n entre el cliente y su entidad bancaria, garantizando una experiencia satisfactoria y basada en la confianza:<\/span><\/p>\n<ol>\n<li style=\"font-weight: 400;\" aria-level=\"1\"><b>Personaliza la atenci\u00f3n, cada cliente es \u00fanico:<\/b><span style=\"font-weight: 400;\"> Las herramientas de <\/span><b>Voz del Cliente<\/b><span style=\"font-weight: 400;\"> pueden recopilar gran cantidad de datos de interacciones anteriores, preferencias y comportamientos de cada uno de los clientes. La <\/span><b>aplicaci\u00f3n de la IA y el an\u00e1lisis de datos <\/b><span style=\"font-weight: 400;\">son imprescindibles para que los bancos<\/span><b> comprendan realmente a sus clientes<\/b><span style=\"font-weight: 400;\">. <\/span><i><span style=\"font-weight: 400;\">\u201cLas soluciones tecnol\u00f3gicas como la de <\/span><\/i><span style=\"color: #bf2025;\"><a style=\"color: #bf2025;\" href=\"https:\/\/sandsiv.com\/es\/\"><b><i>sandsiv+<\/i><\/b><\/a><\/span><i><span style=\"font-weight: 400;\"> ofrecen una recopilaci\u00f3n integral de <\/span><\/i><b><i>feedback<\/i><\/b><i><span style=\"font-weight: 400;\"> a trav\u00e9s de diversos canales\u201d<\/span><\/i><span style=\"font-weight: 400;\"> ha indicado Alejandro. Esto permite entender mejor a cada perfil de cliente, identificar <\/span><b>puntos cr\u00edticos<\/b><span style=\"font-weight: 400;\"> en su experiencia y personalizar los servicios financieros en base a las necesidades de cada uno de ellos.<\/span><\/li>\n<li style=\"font-weight: 400;\" aria-level=\"1\"><b>Ofrece soluciones inmediatas y en tiempo real<\/b><span style=\"font-weight: 400;\">: En un mundo cada vez m\u00e1s r\u00e1pido, <\/span><b>el ciudadano ya no acepta las largas colas en su sucursal<\/b><span style=\"font-weight: 400;\"> o las llamadas en espera interminables para resolver cualquier duda. Las <\/span><b>soluciones de VoC<\/b><span style=\"font-weight: 400;\"> pueden incluir <\/span><b><i>chatbots<\/i><\/b><span style=\"font-weight: 400;\"> con capacidades de aprendizaje autom\u00e1tico y <\/span><b>Procesamiento de Lenguaje Natural<\/b> <b>(PNL)<\/b><span style=\"font-weight: 400;\"> para proporcionar <\/span><b>respuestas r\u00e1pidas y precisas<\/b><span style=\"font-weight: 400;\">. Adem\u00e1s, los empleados aprovechan el potencial de estas herramientas utilizando sus dashboard adaptables, capaces de fusionar los<\/span><i><span style=\"font-weight: 400;\"> insigths<\/span><\/i><span style=\"font-weight: 400;\"> captados con los datos internos de CRM. Tal como asegura Alejandro, <\/span><i><span style=\"font-weight: 400;\">\u201cesto es esencial para empoderarlos y que sean capaces de tomar decisiones \u00e1giles y eficaces por s\u00ed mismos ante cualquier inconveniente de su cliente\u201d.<\/span><\/i><\/li>\n<li style=\"font-weight: 400;\" aria-level=\"1\"><b>Atender al cliente en todos los canales disponibles:<\/b><span style=\"font-weight: 400;\"> La implementaci\u00f3n de soluciones de VoC en m\u00faltiples canales (como <\/span><b>llamadas, chats en l\u00ednea, redes sociales, etc<\/b><span style=\"font-weight: 400;\">.) asegura una <\/span><b>experiencia coherente<\/b><span style=\"font-weight: 400;\"> y sin fisuras. La capacidad de soluciones tecnol\u00f3gicas como la de <\/span><span style=\"color: #bf2025;\"><a style=\"color: #bf2025;\" href=\"https:\/\/sandsiv.com\/es\/producto\/\"><span style=\"font-weight: 400;\">sandsiv+<\/span><\/a><\/span><span style=\"font-weight: 400;\"> para integrarse en sistemas preexistentes es clave para captar y medir el <\/span><i><span style=\"font-weight: 400;\">feedback<\/span><\/i><span style=\"font-weight: 400;\"> en m\u00faltiples puntos de contacto, en todos los canales, y a lo largo todo el <\/span><b>customer journey<\/b><span style=\"font-weight: 400;\">.\u00a0<\/span><\/li>\n<li style=\"font-weight: 400;\" aria-level=\"1\"><b>Construir una relaci\u00f3n de confianza y seguridad:<\/b><span style=\"font-weight: 400;\"> Las herramientas de VoC contribuyen a <\/span><b>reforzar la confianza en la banca<\/b><span style=\"font-weight: 400;\"> al <\/span><b>identificar patrones de comportamiento sobre posibles problemas<\/b><span style=\"font-weight: 400;\"> y oportunidades de mejora. Esto supone un desaf\u00edo para compa\u00f1\u00edas que operan en varios pa\u00edses y que deben captar y analizar millones de datos. Como ejemplo, una compa\u00f1\u00eda <\/span><span style=\"color: #bf2025;\"><a style=\"color: #bf2025;\" href=\"https:\/\/sandsiv.com\/es\/casos-de-exito-de-clientes\/empresa-paytech\/\"><span style=\"font-weight: 400;\">PayTech<\/span><\/a><\/span><span style=\"font-weight: 400;\">\u00a0italiana, especializada en pagos digitales con tecnolog\u00eda omnicanal, con m\u00e1s de <\/span><b>2 millones de comercios y unos 21.000 millones de transacciones al a\u00f1o<\/b><span style=\"font-weight: 400;\">, <\/span><span style=\"font-weight: 400;\">se asoci\u00f3 <\/span><span style=\"font-weight: 400;\">con SANDSIV para<\/span><span style=\"font-weight: 400;\"> automatizar y unificar<\/span><span style=\"font-weight: 400;\"> todas las fuentes de datos estructurados y <\/span><span style=\"font-weight: 400;\">pudo enviar<\/span><span style=\"font-weight: 400;\"> m\u00e1s de 4 millones de encuestas, <\/span><span style=\"font-weight: 400;\">centralizando<\/span><span style=\"font-weight: 400;\"> todas las unidades organizativas de los canales business-to-business (B2B) y business-to-customer (B2C) en una sola plataforma, lo que l<\/span><span style=\"font-weight: 400;\">es permiti\u00f3 <\/span><span style=\"font-weight: 400;\">analizar<\/span><span style=\"font-weight: 400;\"> los datos de los clientes por sentimiento y tema y, por tanto, <\/span><span style=\"font-weight: 400;\">consigui\u00f3 reforzar<\/span><span style=\"font-weight: 400;\"> esa relaci\u00f3n de confianza y<\/span><i><span style=\"font-weight: 400;\"> engagement<\/span><\/i><span style=\"font-weight: 400;\">.<\/span><\/li>\n<\/ol>\n<p><span style=\"font-weight: 400;\">As\u00ed, la confianza y la estabilidad financiera son elementos cruciales para el ciudadano. La <\/span><b>sensibilidad en temas econ\u00f3micos hace que la confianza sea un elemento crucial en la relaci\u00f3n entre bancos y clientes<\/b><span style=\"font-weight: 400;\">. Para ellos, cualquier contratiempo o percance en esta \u00e1rea puede dejar una impresi\u00f3n muy negativa y afectar su lealtad. Por ello, soluciones innovadoras para escuchar la Voz del Cliente se destacan para abordar estos desaf\u00edos, crear una relaci\u00f3n de confianza a largo plazo y ofrecer al cliente una experiencia realmente satisfactoria. <\/span><\/p>\n                    <\/div>\r\n                            <\/div>\r\n        <\/div>\r\n    <\/div>\r\n<\/div>\n\n\r\n<div id=\"blog_post_content-block_a25ad9a27e739ab6d9a0f398a7940bbd\" class=\"blog_post_content scroll-fade\">\r\n    <div class=\"module \">\r\n\r\n                    <div class=\"container\">\r\n                                \r\n            <div class=\"blog_post_content_inner\"> \r\n                                    <div class=\"heading_section\">\r\n                        <div class=\"heading_text h1\">\r\n                            CX en el sector bancario y financiero                        <\/div>\r\n                    <\/div>\r\n                                                    <div class=\"content_section\">\r\n                        <h5>CONTACTO:<span style=\"font-weight: 400;\"><br \/>\n<\/span><a href=\"mailto:media@sandsiv.com\"><b>media@SANDSIV.com<\/b><\/a><\/h5>\n                    <\/div>\r\n                            <\/div>\r\n        <\/div>\r\n    <\/div>\r\n<\/div>\n\n\r\n<div id=\"frames_section-block_a08585f59bd2f36ab41b8bca7e8aab9e\" class=\"frames_section scroll-fade\">\r\n    <div class=\"module mt_0  mb_0\">  \r\n        <div class=\"bg_clr_section bg_clr_red\">               \r\n            <div class=\"container\">\r\n                <div class=\"frames_section_inner\"> \r\n                                            <div class=\"heading\">\r\n                            Empieza a crecer con sandsiv+ hoy mismo                        <\/div>\r\n                                                                                    <div class=\"button_section\">\r\n                            <a class=\"btn btn--white \" href=\"https:\/\/sandsiv.com\/es\/quiero-ver-una-demo\/\" >\r\n                                Quiero ver una demo                            <\/a>\r\n                        <\/div>\r\n                                    <\/div>\r\n            <\/div>\r\n        <\/div>\r\n    <\/div>\r\n<\/div>","protected":false},"excerpt":{"rendered":"","protected":false},"author":3,"featured_media":11593,"parent":8261,"menu_order":0,"comment_status":"closed","ping_status":"closed","template":"","meta":{"content-type":"","footnotes":""},"class_list":["post-11568","page","type-page","status-publish","has-post-thumbnail","hentry"],"acf":[],"yoast_head":"<!-- This site is optimized with the Yoast SEO Premium plugin v26.9 (Yoast SEO v27.4) - https:\/\/yoast.com\/product\/yoast-seo-premium-wordpress\/ -->\n<title>CX en el sector bancario y financiero - sandsiv+<\/title>\n<meta name=\"description\" content=\"Te revelamos las quatro claves imprenscindibles para brindar la mejor experiencia CX en el sector bancario y financiero.\" \/>\n<meta name=\"robots\" content=\"index, follow, max-snippet:-1, max-image-preview:large, max-video-preview:-1\" \/>\n<link rel=\"canonical\" href=\"https:\/\/sandsiv.com\/es\/nuestro-blog\/cx-en-el-sector-bancario-y-financiero\/\" \/>\n<meta property=\"og:locale\" content=\"es_ES\" \/>\n<meta property=\"og:type\" content=\"article\" \/>\n<meta property=\"og:title\" content=\"CX en el sector bancario y financiero\" \/>\n<meta property=\"og:description\" content=\"Te revelamos las quatro claves imprenscindibles para brindar la mejor experiencia CX en el sector bancario y financiero.\" \/>\n<meta property=\"og:url\" content=\"https:\/\/sandsiv.com\/es\/nuestro-blog\/cx-en-el-sector-bancario-y-financiero\/\" \/>\n<meta property=\"og:site_name\" content=\"sandsiv+\" \/>\n<meta property=\"article:modified_time\" content=\"2023-12-04T08:36:41+00:00\" \/>\n<meta property=\"og:image\" content=\"https:\/\/sandsiv.com\/wp-content\/uploads\/2023\/12\/unnamed-3-scaled.jpg\" \/>\n\t<meta property=\"og:image:width\" content=\"2560\" \/>\n\t<meta property=\"og:image:height\" content=\"1706\" \/>\n\t<meta property=\"og:image:type\" content=\"image\/jpeg\" \/>\n<meta name=\"twitter:card\" content=\"summary_large_image\" \/>\n<script type=\"application\/ld+json\" class=\"yoast-schema-graph\">{\"@context\":\"https:\\\/\\\/schema.org\",\"@graph\":[{\"@type\":\"WebPage\",\"@id\":\"https:\\\/\\\/sandsiv.com\\\/es\\\/nuestro-blog\\\/cx-en-el-sector-bancario-y-financiero\\\/\",\"url\":\"https:\\\/\\\/sandsiv.com\\\/es\\\/nuestro-blog\\\/cx-en-el-sector-bancario-y-financiero\\\/\",\"name\":\"CX en el sector bancario y financiero - sandsiv+\",\"isPartOf\":{\"@id\":\"https:\\\/\\\/sandsiv.com\\\/#website\"},\"primaryImageOfPage\":{\"@id\":\"https:\\\/\\\/sandsiv.com\\\/es\\\/nuestro-blog\\\/cx-en-el-sector-bancario-y-financiero\\\/#primaryimage\"},\"image\":{\"@id\":\"https:\\\/\\\/sandsiv.com\\\/es\\\/nuestro-blog\\\/cx-en-el-sector-bancario-y-financiero\\\/#primaryimage\"},\"thumbnailUrl\":\"https:\\\/\\\/sandsiv.com\\\/wp-content\\\/uploads\\\/2023\\\/12\\\/unnamed-3-scaled-e1703673686669.jpg\",\"datePublished\":\"2023-12-04T08:36:40+00:00\",\"dateModified\":\"2023-12-04T08:36:41+00:00\",\"description\":\"Te revelamos las quatro claves imprenscindibles para brindar la mejor experiencia CX en el sector bancario y financiero.\",\"breadcrumb\":{\"@id\":\"https:\\\/\\\/sandsiv.com\\\/es\\\/nuestro-blog\\\/cx-en-el-sector-bancario-y-financiero\\\/#breadcrumb\"},\"inLanguage\":\"es\",\"potentialAction\":[{\"@type\":\"ReadAction\",\"target\":[\"https:\\\/\\\/sandsiv.com\\\/es\\\/nuestro-blog\\\/cx-en-el-sector-bancario-y-financiero\\\/\"]}]},{\"@type\":\"ImageObject\",\"inLanguage\":\"es\",\"@id\":\"https:\\\/\\\/sandsiv.com\\\/es\\\/nuestro-blog\\\/cx-en-el-sector-bancario-y-financiero\\\/#primaryimage\",\"url\":\"https:\\\/\\\/sandsiv.com\\\/wp-content\\\/uploads\\\/2023\\\/12\\\/unnamed-3-scaled-e1703673686669.jpg\",\"contentUrl\":\"https:\\\/\\\/sandsiv.com\\\/wp-content\\\/uploads\\\/2023\\\/12\\\/unnamed-3-scaled-e1703673686669.jpg\",\"width\":2560,\"height\":1706,\"caption\":\"sandsiv blog article financial services\"},{\"@type\":\"BreadcrumbList\",\"@id\":\"https:\\\/\\\/sandsiv.com\\\/es\\\/nuestro-blog\\\/cx-en-el-sector-bancario-y-financiero\\\/#breadcrumb\",\"itemListElement\":[{\"@type\":\"ListItem\",\"position\":1,\"name\":\"Home\",\"item\":\"https:\\\/\\\/sandsiv.com\\\/es\\\/\"},{\"@type\":\"ListItem\",\"position\":2,\"name\":\"Nuestro Blog\",\"item\":\"https:\\\/\\\/sandsiv.com\\\/es\\\/nuestro-blog\\\/\"},{\"@type\":\"ListItem\",\"position\":3,\"name\":\"CX en el sector bancario y financiero\"}]},{\"@type\":\"WebSite\",\"@id\":\"https:\\\/\\\/sandsiv.com\\\/#website\",\"url\":\"https:\\\/\\\/sandsiv.com\\\/\",\"name\":\"sandsiv+\",\"description\":\"Customer Intelligence Made In Switzerland\",\"publisher\":{\"@id\":\"https:\\\/\\\/sandsiv.com\\\/#organization\"},\"potentialAction\":[{\"@type\":\"SearchAction\",\"target\":{\"@type\":\"EntryPoint\",\"urlTemplate\":\"https:\\\/\\\/sandsiv.com\\\/?s={search_term_string}\"},\"query-input\":{\"@type\":\"PropertyValueSpecification\",\"valueRequired\":true,\"valueName\":\"search_term_string\"}}],\"inLanguage\":\"es\"},{\"@type\":\"Organization\",\"@id\":\"https:\\\/\\\/sandsiv.com\\\/#organization\",\"name\":\"sandsiv+\",\"url\":\"https:\\\/\\\/sandsiv.com\\\/\",\"logo\":{\"@type\":\"ImageObject\",\"inLanguage\":\"es\",\"@id\":\"https:\\\/\\\/sandsiv.com\\\/#\\\/schema\\\/logo\\\/image\\\/\",\"url\":\"https:\\\/\\\/sandsiv.com\\\/wp-content\\\/uploads\\\/2021\\\/08\\\/logo-light-normal.svg\",\"contentUrl\":\"https:\\\/\\\/sandsiv.com\\\/wp-content\\\/uploads\\\/2021\\\/08\\\/logo-light-normal.svg\",\"width\":376,\"height\":67,\"caption\":\"sandsiv+\"},\"image\":{\"@id\":\"https:\\\/\\\/sandsiv.com\\\/#\\\/schema\\\/logo\\\/image\\\/\"}}]}<\/script>\n<!-- \/ Yoast SEO Premium plugin. -->","yoast_head_json":{"title":"CX en el sector bancario y financiero - sandsiv+","description":"Te revelamos las quatro claves imprenscindibles para brindar la mejor experiencia CX en el sector bancario y financiero.","robots":{"index":"index","follow":"follow","max-snippet":"max-snippet:-1","max-image-preview":"max-image-preview:large","max-video-preview":"max-video-preview:-1"},"canonical":"https:\/\/sandsiv.com\/es\/nuestro-blog\/cx-en-el-sector-bancario-y-financiero\/","og_locale":"es_ES","og_type":"article","og_title":"CX en el sector bancario y financiero","og_description":"Te revelamos las quatro claves imprenscindibles para brindar la mejor experiencia CX en el sector bancario y financiero.","og_url":"https:\/\/sandsiv.com\/es\/nuestro-blog\/cx-en-el-sector-bancario-y-financiero\/","og_site_name":"sandsiv+","article_modified_time":"2023-12-04T08:36:41+00:00","og_image":[{"width":2560,"height":1706,"url":"https:\/\/sandsiv.com\/wp-content\/uploads\/2023\/12\/unnamed-3-scaled.jpg","type":"image\/jpeg"}],"twitter_card":"summary_large_image","schema":{"@context":"https:\/\/schema.org","@graph":[{"@type":"WebPage","@id":"https:\/\/sandsiv.com\/es\/nuestro-blog\/cx-en-el-sector-bancario-y-financiero\/","url":"https:\/\/sandsiv.com\/es\/nuestro-blog\/cx-en-el-sector-bancario-y-financiero\/","name":"CX en el sector bancario y financiero - sandsiv+","isPartOf":{"@id":"https:\/\/sandsiv.com\/#website"},"primaryImageOfPage":{"@id":"https:\/\/sandsiv.com\/es\/nuestro-blog\/cx-en-el-sector-bancario-y-financiero\/#primaryimage"},"image":{"@id":"https:\/\/sandsiv.com\/es\/nuestro-blog\/cx-en-el-sector-bancario-y-financiero\/#primaryimage"},"thumbnailUrl":"https:\/\/sandsiv.com\/wp-content\/uploads\/2023\/12\/unnamed-3-scaled-e1703673686669.jpg","datePublished":"2023-12-04T08:36:40+00:00","dateModified":"2023-12-04T08:36:41+00:00","description":"Te revelamos las quatro claves imprenscindibles para brindar la mejor experiencia CX en el sector bancario y financiero.","breadcrumb":{"@id":"https:\/\/sandsiv.com\/es\/nuestro-blog\/cx-en-el-sector-bancario-y-financiero\/#breadcrumb"},"inLanguage":"es","potentialAction":[{"@type":"ReadAction","target":["https:\/\/sandsiv.com\/es\/nuestro-blog\/cx-en-el-sector-bancario-y-financiero\/"]}]},{"@type":"ImageObject","inLanguage":"es","@id":"https:\/\/sandsiv.com\/es\/nuestro-blog\/cx-en-el-sector-bancario-y-financiero\/#primaryimage","url":"https:\/\/sandsiv.com\/wp-content\/uploads\/2023\/12\/unnamed-3-scaled-e1703673686669.jpg","contentUrl":"https:\/\/sandsiv.com\/wp-content\/uploads\/2023\/12\/unnamed-3-scaled-e1703673686669.jpg","width":2560,"height":1706,"caption":"sandsiv blog article financial services"},{"@type":"BreadcrumbList","@id":"https:\/\/sandsiv.com\/es\/nuestro-blog\/cx-en-el-sector-bancario-y-financiero\/#breadcrumb","itemListElement":[{"@type":"ListItem","position":1,"name":"Home","item":"https:\/\/sandsiv.com\/es\/"},{"@type":"ListItem","position":2,"name":"Nuestro Blog","item":"https:\/\/sandsiv.com\/es\/nuestro-blog\/"},{"@type":"ListItem","position":3,"name":"CX en el sector bancario y financiero"}]},{"@type":"WebSite","@id":"https:\/\/sandsiv.com\/#website","url":"https:\/\/sandsiv.com\/","name":"sandsiv+","description":"Customer Intelligence Made In Switzerland","publisher":{"@id":"https:\/\/sandsiv.com\/#organization"},"potentialAction":[{"@type":"SearchAction","target":{"@type":"EntryPoint","urlTemplate":"https:\/\/sandsiv.com\/?s={search_term_string}"},"query-input":{"@type":"PropertyValueSpecification","valueRequired":true,"valueName":"search_term_string"}}],"inLanguage":"es"},{"@type":"Organization","@id":"https:\/\/sandsiv.com\/#organization","name":"sandsiv+","url":"https:\/\/sandsiv.com\/","logo":{"@type":"ImageObject","inLanguage":"es","@id":"https:\/\/sandsiv.com\/#\/schema\/logo\/image\/","url":"https:\/\/sandsiv.com\/wp-content\/uploads\/2021\/08\/logo-light-normal.svg","contentUrl":"https:\/\/sandsiv.com\/wp-content\/uploads\/2021\/08\/logo-light-normal.svg","width":376,"height":67,"caption":"sandsiv+"},"image":{"@id":"https:\/\/sandsiv.com\/#\/schema\/logo\/image\/"}}]}},"_links":{"self":[{"href":"https:\/\/sandsiv.com\/es\/wp-json\/wp\/v2\/pages\/11568","targetHints":{"allow":["GET"]}}],"collection":[{"href":"https:\/\/sandsiv.com\/es\/wp-json\/wp\/v2\/pages"}],"about":[{"href":"https:\/\/sandsiv.com\/es\/wp-json\/wp\/v2\/types\/page"}],"author":[{"embeddable":true,"href":"https:\/\/sandsiv.com\/es\/wp-json\/wp\/v2\/users\/3"}],"replies":[{"embeddable":true,"href":"https:\/\/sandsiv.com\/es\/wp-json\/wp\/v2\/comments?post=11568"}],"version-history":[{"count":0,"href":"https:\/\/sandsiv.com\/es\/wp-json\/wp\/v2\/pages\/11568\/revisions"}],"up":[{"embeddable":true,"href":"https:\/\/sandsiv.com\/es\/wp-json\/wp\/v2\/pages\/8261"}],"wp:featuredmedia":[{"embeddable":true,"href":"https:\/\/sandsiv.com\/es\/wp-json\/wp\/v2\/media\/11593"}],"wp:attachment":[{"href":"https:\/\/sandsiv.com\/es\/wp-json\/wp\/v2\/media?parent=11568"}],"curies":[{"name":"wp","href":"https:\/\/api.w.org\/{rel}","templated":true}]}}