
{"id":11395,"date":"2023-11-20T08:22:07","date_gmt":"2023-11-20T08:22:07","guid":{"rendered":"https:\/\/sandsiv.com\/?page_id=11395"},"modified":"2023-11-20T08:22:09","modified_gmt":"2023-11-20T08:22:09","slug":"la-transformacion-del-retail","status":"publish","type":"page","link":"https:\/\/sandsiv.com\/es\/nuestro-blog\/la-transformacion-del-retail\/","title":{"rendered":"La transformaci\u00f3n del Retail"},"content":{"rendered":"<div id=\"banner-block_163f7b4acab828501d423589e61d4f2f\"\r\n    class=\"banner scroll-fade\">\r\n    <div\r\n        class=\"module mt_0  mb_0\">\r\n        <div class=\"container\">\r\n            <div class=\"banner__inner\">\r\n                <div class=\"banner__data\">\r\n                                        <h1 class=\"heading\">Del caos de las multitudes al Black Friday Digital <strong\r\n                            class=\"heading_red\">Art\u00edculo<\/strong>                    <\/h1>\r\n                                                            <div class=\"description\">21 de noviembre de 2023 &#8211; Del caos de las multitudes al Black Friday Digital: Una mirada a la transformaci\u00f3n del Retail                    <\/div>                                                            <div class=\"banner__button\">\r\n                        <a href=\"https:\/\/sandsiv.com\/es\/quiero-ver-una-demo\/\"\r\n                            class=\"btn\" _self                            >Quiero ver una demo<\/a>\r\n                    <\/div>\r\n                                                                            <\/div>\r\n                <div class=\"banner__media\">\r\n                                        <div class=\"banner__image\">\r\n                        <picture class=\"image\">\r\n                            <source srcset=\"\">\r\n                            <img decoding=\"async\" src=\"\"\r\n                                alt=\"\" \/>\r\n                        <\/picture>\r\n                    <\/div>\r\n                                                                            <\/div>\r\n            <\/div>\r\n        <\/div>\r\n    <\/div>\r\n<\/div>\n\n\r\n<div id=\"frames_section-block_4c348377ea1b4a2a03bc92b298bcbcc6\" class=\"frames_section scroll-fade\">\r\n    <div class=\"module mt_0  mb_0\">  \r\n        <div class=\"bg_clr_section bg_clr_red\">               \r\n            <div class=\"container\">\r\n                <div class=\"frames_section_inner\"> \r\n                                                                <div class=\"text\">\r\n                            <p>Te explicamos <span style=\"font-weight: 400;\">c\u00f3mo<\/span> se ha transformado la Experiencia del Cliente en el sector del <strong>Retail<\/strong> desde sus inicios ca\u00f3ticos hasta la era de la <strong>Inteligencia Artificial.<\/strong><\/p>\n                        <\/div>\r\n                                                        <\/div>\r\n            <\/div>\r\n        <\/div>\r\n    <\/div>\r\n<\/div>\n\n\r\n<div id=\"blog_post_content-block_c16c3afcb577a13780f219fe461f98b4\" class=\"blog_post_content scroll-fade\">\r\n    <div class=\"module \">\r\n\r\n                            <div class=\"container container--medium\">\r\n                        \r\n            <div class=\"blog_post_content_inner\"> \r\n                                    <div class=\"heading_section\">\r\n                        <div class=\"heading_text h1\">\r\n                            <Div style = \"visibility: hidden\"> <\/ div>                        <\/div>\r\n                    <\/div>\r\n                                                    <div class=\"content_section\">\r\n                        <p><span style=\"font-weight: 400;\">El <\/span><b>Black Friday<\/b><span style=\"font-weight: 400;\">, un evento emblem\u00e1tico en el <\/span><b>sector del retail<\/b><span style=\"font-weight: 400;\">, marca el <\/span><b>inicio de la temporada de compras navide\u00f1as<\/b><span style=\"font-weight: 400;\"> y representa una oportunidad \u00fanica para que las marcas ofrezcan descuentos excepcionales a los consumidores sin perjudicar su experiencia de compra.\u00a0<\/span><\/p>\n<p><span style=\"font-weight: 400;\">En este contexto, te explicamos<\/span><span style=\"font-weight: 400;\">\u00a0c\u00f3mo el <\/span><b>comercio minorista<\/b><span style=\"font-weight: 400;\"> ha ido mejorando la <\/span><b>Experiencia del Cliente<\/b><span style=\"font-weight: 400;\"> desde los or\u00edgenes del Black Friday, hasta la actualidad con el uso tecnolog\u00edas basadas en <\/span><b>Inteligencia Artificial<\/b> <b>(IA)<\/b><span style=\"font-weight: 400;\"> como elemento cada vez m\u00e1s importante en la industria.<\/span><\/p>\n<h4><span style=\"color: #bf2025;\"><b>Desde los antiguos libros contables hasta la IA Generativa<\/b><\/span><\/h4>\n<p><span style=\"font-weight: 400;\">El Black Friday <\/span><b>tiene sus ra\u00edces en los Estados Unidos<\/b><span style=\"font-weight: 400;\"> y originalmente se utiliz\u00f3 para describir el caos y el tr\u00e1fico que se produc\u00eda el d\u00eda despu\u00e9s de <\/span><b>Acci\u00f3n de Gracias<\/b><span style=\"font-weight: 400;\"> debido a la gran cantidad de clientes comprando masivamente en las ciudades. As\u00ed, el t\u00e9rmino &#8220;Black&#8221; se relacionaba con el cambio en los libros contables, que pasaban <\/span><b>de n\u00fameros rojos<\/b><span style=\"font-weight: 400;\"> (p\u00e9rdidas)<\/span><b> a n\u00fameros negros <\/b><span style=\"font-weight: 400;\">(beneficios).<\/span><\/p>\n<p><span style=\"font-weight: 400;\">Desde que el fen\u00f3meno se expandiera m\u00e1s all\u00e1 de EEUU como un evento esperado por consumidores de todo el mundo, el retail ha ido evolucionando desde la tradicional experiencia en tienda a la experiencia online, buscando <\/span><b>aprovechar al m\u00e1ximo la tecnolog\u00eda<\/b><span style=\"font-weight: 400;\"> para personalizar ofertas y mejorar la atenci\u00f3n de los consumidores.<\/span><\/p>\n<p><span style=\"font-weight: 400;\">En un <\/span><span style=\"color: #bf2025;\"><a style=\"color: #bf2025;\" href=\"https:\/\/www.forrester.com\/blogs\/predictions-2024-artificial-intelligence\/\"><b>art\u00edculo reciente de Forrester<\/b><\/a><\/span><span style=\"font-weight: 400;\">, <\/span><b>Michele Goetz<\/b><span style=\"font-weight: 400;\">, VP &amp; Principal Analyst, se\u00f1al\u00f3 que <\/span><b>el 67 % de las empresas ya est\u00e1n incorporando la IA generativa <\/b><span style=\"font-weight: 400;\">como estrategia para transformar la manera en que las empresas minoristas interact\u00faan con los clientes.<\/span><\/p>\n<h4><span style=\"color: #bf2025;\"><b>La gran transformaci\u00f3n de la Experiencia del Cliente en Retail<\/b><\/span><\/h4>\n<p><span style=\"font-weight: 400;\">As\u00ed, tal como indica <\/span><b>Giada Longo, Digital Marketing Specialist <\/b><span style=\"font-weight: 400;\">en<\/span><b> SANDSIV<\/b><span style=\"font-weight: 400;\">, <\/span><i><span style=\"font-weight: 400;\">\u201den el competitivo sector del retail, donde la experiencia de compra es esencial, las soluciones tecnol\u00f3gicas que permitan tener en cuenta las necesidades y deseos de los clientes desempe\u00f1an un papel crucial al permitir a las marcas ofrecer una experiencia diferencial en esta fecha tan se\u00f1alada\u201d<\/span><\/i><span style=\"font-weight: 400;\">. Algunos de estos aspectos clave\u00a0 son:<\/span><\/p>\n<ol>\n<li style=\"font-weight: 400;\" aria-level=\"1\"><b>Experiencia Phygital Unificada:<\/b><span style=\"font-weight: 400;\"> Algunas soluciones de VOC como la de <\/span><a href=\"https:\/\/sandsiv.com\/es\/\"><span style=\"font-weight: 400;\">sandsiv+<\/span><\/a><span style=\"font-weight: 400;\"> son capaces de unificar los datos sobre el comportamiento y comentarios generados por los clientes, tanto en el entorno online como en las tiendas f\u00edsicas, lo que permite a los minoristas identificar los<\/span><b> puntos d\u00e9biles<\/b><span style=\"font-weight: 400;\"> en el <\/span><b>customer journey <\/b><span style=\"font-weight: 400;\">de sus clientes para poder actuar y garantizarles una experiencia fluida, tanto online como offline.<\/span><\/li>\n<li style=\"font-weight: 400;\" aria-level=\"1\"><b>Personalizaci\u00f3n de Ofertas con GenAI:<\/b><span style=\"font-weight: 400;\"> En 2024, <\/span><b>se espera que el 60% de los trabajadores utilicen Inteligencia Artificial Generativa (GenAI) para realizar su trabajo<\/b><span style=\"font-weight: 400;\">. Esta tendencia no ser\u00e1 diferente en el sector del retail, lo que posibilitar\u00e1 personalizar ofertas adaptadas a las necesidades y preferencias de distintos perfiles de clientes, algo especialmente relevante en fechas como el Black Friday.<\/span><\/li>\n<li style=\"font-weight: 400;\" aria-level=\"1\"><b>Expansi\u00f3n de la IA con Modelos de C\u00f3digo Abierto: <\/b><span style=\"font-weight: 400;\">El art\u00edculo de Forrester se\u00f1ala que <\/span><b>el 85% de las empresas ampliar\u00e1n la IA con modelos de c\u00f3digo abierto<\/b><span style=\"font-weight: 400;\">. En este sentido, los minoristas tendr\u00e1n que apoyarse en proveedores tecnol\u00f3gicos como SANDSIV que faciliten esta transici\u00f3n hacia la adopci\u00f3n de estos modelos de c\u00f3digo abierto para desarrollar estrategias exitosas.<\/span><\/li>\n<li style=\"font-weight: 400;\" aria-level=\"1\"><b>Informaci\u00f3n para los empleados en tiempo real<\/b><span style=\"font-weight: 400;\">: La colaboraci\u00f3n en tiempo real es esencial para garantizar que los equipos de CX, gestores de clientes, comerciales y equipos de marketing puedan gestionar las demandas de los clientes en tiempo real y ofrecerles un servicio excepcional.<\/span><\/li>\n<\/ol>\n                    <\/div>\r\n                            <\/div>\r\n        <\/div>\r\n    <\/div>\r\n<\/div>\n\n\r\n<div id=\"blog_post_content-block_a43877848d527295cd07678445d51415\" class=\"blog_post_content scroll-fade\">\r\n    <div class=\"module \">\r\n\r\n                    <div class=\"container\">\r\n                                \r\n            <div class=\"blog_post_content_inner\"> \r\n                                    <div class=\"heading_section\">\r\n                        <div class=\"heading_text h1\">\r\n                            La transformaci\u00f3n del Retail                        <\/div>\r\n                    <\/div>\r\n                                                    <div class=\"content_section\">\r\n                        <h5>CONTACTO:<span style=\"font-weight: 400;\"><br \/>\n<\/span><a href=\"mailto:media@sandsiv.com\"><b>media@SANDSIV.com<\/b><\/a><\/h5>\n                    <\/div>\r\n                            <\/div>\r\n        <\/div>\r\n    <\/div>\r\n<\/div>\n\n\r\n<div id=\"frames_section-block_32a543a13634910f53abdfc593d7533d\" class=\"frames_section scroll-fade\">\r\n    <div class=\"module mt_0  mb_0\">  \r\n        <div class=\"bg_clr_section bg_clr_red\">               \r\n            <div class=\"container\">\r\n                <div class=\"frames_section_inner\"> \r\n                                            <div class=\"heading\">\r\n                            Empieza a crecer con sandsiv+ hoy mismo                        <\/div>\r\n                                                                                    <div class=\"button_section\">\r\n                            <a class=\"btn btn--white \" href=\"https:\/\/sandsiv.com\/es\/quiero-ver-una-demo\/\" >\r\n                                Quiero ver una demo                            <\/a>\r\n                        <\/div>\r\n                                    <\/div>\r\n            <\/div>\r\n        <\/div>\r\n    <\/div>\r\n<\/div>","protected":false},"excerpt":{"rendered":"","protected":false},"author":9,"featured_media":0,"parent":8261,"menu_order":0,"comment_status":"closed","ping_status":"closed","template":"","meta":{"content-type":"","footnotes":""},"class_list":["post-11395","page","type-page","status-publish","hentry"],"acf":[],"yoast_head":"<!-- This site is optimized with the Yoast SEO Premium plugin v26.9 (Yoast SEO v27.3) - https:\/\/yoast.com\/product\/yoast-seo-premium-wordpress\/ -->\n<title>La transformaci\u00f3n del Retail - sandsiv+<\/title>\n<meta name=\"description\" content=\"La transformaci\u00f3n del Retail: te explicamos\u00a0c\u00f3mo el comercio minorista ha ido mejorando la CX desde los or\u00edgenes del Black Friday.\" \/>\n<meta name=\"robots\" content=\"index, follow, max-snippet:-1, max-image-preview:large, max-video-preview:-1\" \/>\n<link rel=\"canonical\" href=\"https:\/\/sandsiv.com\/es\/nuestro-blog\/la-transformacion-del-retail\/\" \/>\n<meta property=\"og:locale\" content=\"es_ES\" \/>\n<meta property=\"og:type\" content=\"article\" \/>\n<meta property=\"og:title\" content=\"La transformaci\u00f3n del Retail\" \/>\n<meta property=\"og:description\" content=\"La transformaci\u00f3n del Retail: te explicamos\u00a0c\u00f3mo el comercio minorista ha ido mejorando la CX desde los or\u00edgenes del Black Friday.\" \/>\n<meta property=\"og:url\" content=\"https:\/\/sandsiv.com\/es\/nuestro-blog\/la-transformacion-del-retail\/\" \/>\n<meta property=\"og:site_name\" content=\"sandsiv+\" \/>\n<meta property=\"article:modified_time\" content=\"2023-11-20T08:22:09+00:00\" \/>\n<meta name=\"twitter:card\" content=\"summary_large_image\" \/>\n<script type=\"application\/ld+json\" class=\"yoast-schema-graph\">{\"@context\":\"https:\\\/\\\/schema.org\",\"@graph\":[{\"@type\":\"WebPage\",\"@id\":\"https:\\\/\\\/sandsiv.com\\\/es\\\/nuestro-blog\\\/la-transformacion-del-retail\\\/\",\"url\":\"https:\\\/\\\/sandsiv.com\\\/es\\\/nuestro-blog\\\/la-transformacion-del-retail\\\/\",\"name\":\"La transformaci\u00f3n del Retail - sandsiv+\",\"isPartOf\":{\"@id\":\"https:\\\/\\\/sandsiv.com\\\/#website\"},\"datePublished\":\"2023-11-20T08:22:07+00:00\",\"dateModified\":\"2023-11-20T08:22:09+00:00\",\"description\":\"La transformaci\u00f3n del Retail: te explicamos\u00a0c\u00f3mo el comercio minorista ha ido mejorando la CX desde los or\u00edgenes del Black Friday.\",\"breadcrumb\":{\"@id\":\"https:\\\/\\\/sandsiv.com\\\/es\\\/nuestro-blog\\\/la-transformacion-del-retail\\\/#breadcrumb\"},\"inLanguage\":\"es\",\"potentialAction\":[{\"@type\":\"ReadAction\",\"target\":[\"https:\\\/\\\/sandsiv.com\\\/es\\\/nuestro-blog\\\/la-transformacion-del-retail\\\/\"]}]},{\"@type\":\"BreadcrumbList\",\"@id\":\"https:\\\/\\\/sandsiv.com\\\/es\\\/nuestro-blog\\\/la-transformacion-del-retail\\\/#breadcrumb\",\"itemListElement\":[{\"@type\":\"ListItem\",\"position\":1,\"name\":\"Home\",\"item\":\"https:\\\/\\\/sandsiv.com\\\/es\\\/\"},{\"@type\":\"ListItem\",\"position\":2,\"name\":\"Nuestro Blog\",\"item\":\"https:\\\/\\\/sandsiv.com\\\/es\\\/nuestro-blog\\\/\"},{\"@type\":\"ListItem\",\"position\":3,\"name\":\"La transformaci\u00f3n del Retail\"}]},{\"@type\":\"WebSite\",\"@id\":\"https:\\\/\\\/sandsiv.com\\\/#website\",\"url\":\"https:\\\/\\\/sandsiv.com\\\/\",\"name\":\"sandsiv+\",\"description\":\"Customer Intelligence Made In Switzerland\",\"publisher\":{\"@id\":\"https:\\\/\\\/sandsiv.com\\\/#organization\"},\"potentialAction\":[{\"@type\":\"SearchAction\",\"target\":{\"@type\":\"EntryPoint\",\"urlTemplate\":\"https:\\\/\\\/sandsiv.com\\\/?s={search_term_string}\"},\"query-input\":{\"@type\":\"PropertyValueSpecification\",\"valueRequired\":true,\"valueName\":\"search_term_string\"}}],\"inLanguage\":\"es\"},{\"@type\":\"Organization\",\"@id\":\"https:\\\/\\\/sandsiv.com\\\/#organization\",\"name\":\"sandsiv+\",\"url\":\"https:\\\/\\\/sandsiv.com\\\/\",\"logo\":{\"@type\":\"ImageObject\",\"inLanguage\":\"es\",\"@id\":\"https:\\\/\\\/sandsiv.com\\\/#\\\/schema\\\/logo\\\/image\\\/\",\"url\":\"https:\\\/\\\/sandsiv.com\\\/wp-content\\\/uploads\\\/2021\\\/08\\\/logo-light-normal.svg\",\"contentUrl\":\"https:\\\/\\\/sandsiv.com\\\/wp-content\\\/uploads\\\/2021\\\/08\\\/logo-light-normal.svg\",\"width\":376,\"height\":67,\"caption\":\"sandsiv+\"},\"image\":{\"@id\":\"https:\\\/\\\/sandsiv.com\\\/#\\\/schema\\\/logo\\\/image\\\/\"}}]}<\/script>\n<!-- \/ Yoast SEO Premium plugin. -->","yoast_head_json":{"title":"La transformaci\u00f3n del Retail - sandsiv+","description":"La transformaci\u00f3n del Retail: te explicamos\u00a0c\u00f3mo el comercio minorista ha ido mejorando la CX desde los or\u00edgenes del Black Friday.","robots":{"index":"index","follow":"follow","max-snippet":"max-snippet:-1","max-image-preview":"max-image-preview:large","max-video-preview":"max-video-preview:-1"},"canonical":"https:\/\/sandsiv.com\/es\/nuestro-blog\/la-transformacion-del-retail\/","og_locale":"es_ES","og_type":"article","og_title":"La transformaci\u00f3n del Retail","og_description":"La transformaci\u00f3n del Retail: te explicamos\u00a0c\u00f3mo el comercio minorista ha ido mejorando la CX desde los or\u00edgenes del Black Friday.","og_url":"https:\/\/sandsiv.com\/es\/nuestro-blog\/la-transformacion-del-retail\/","og_site_name":"sandsiv+","article_modified_time":"2023-11-20T08:22:09+00:00","twitter_card":"summary_large_image","schema":{"@context":"https:\/\/schema.org","@graph":[{"@type":"WebPage","@id":"https:\/\/sandsiv.com\/es\/nuestro-blog\/la-transformacion-del-retail\/","url":"https:\/\/sandsiv.com\/es\/nuestro-blog\/la-transformacion-del-retail\/","name":"La transformaci\u00f3n del Retail - sandsiv+","isPartOf":{"@id":"https:\/\/sandsiv.com\/#website"},"datePublished":"2023-11-20T08:22:07+00:00","dateModified":"2023-11-20T08:22:09+00:00","description":"La transformaci\u00f3n del Retail: te explicamos\u00a0c\u00f3mo el comercio minorista ha ido mejorando la CX desde los or\u00edgenes del Black Friday.","breadcrumb":{"@id":"https:\/\/sandsiv.com\/es\/nuestro-blog\/la-transformacion-del-retail\/#breadcrumb"},"inLanguage":"es","potentialAction":[{"@type":"ReadAction","target":["https:\/\/sandsiv.com\/es\/nuestro-blog\/la-transformacion-del-retail\/"]}]},{"@type":"BreadcrumbList","@id":"https:\/\/sandsiv.com\/es\/nuestro-blog\/la-transformacion-del-retail\/#breadcrumb","itemListElement":[{"@type":"ListItem","position":1,"name":"Home","item":"https:\/\/sandsiv.com\/es\/"},{"@type":"ListItem","position":2,"name":"Nuestro Blog","item":"https:\/\/sandsiv.com\/es\/nuestro-blog\/"},{"@type":"ListItem","position":3,"name":"La transformaci\u00f3n del Retail"}]},{"@type":"WebSite","@id":"https:\/\/sandsiv.com\/#website","url":"https:\/\/sandsiv.com\/","name":"sandsiv+","description":"Customer Intelligence Made In Switzerland","publisher":{"@id":"https:\/\/sandsiv.com\/#organization"},"potentialAction":[{"@type":"SearchAction","target":{"@type":"EntryPoint","urlTemplate":"https:\/\/sandsiv.com\/?s={search_term_string}"},"query-input":{"@type":"PropertyValueSpecification","valueRequired":true,"valueName":"search_term_string"}}],"inLanguage":"es"},{"@type":"Organization","@id":"https:\/\/sandsiv.com\/#organization","name":"sandsiv+","url":"https:\/\/sandsiv.com\/","logo":{"@type":"ImageObject","inLanguage":"es","@id":"https:\/\/sandsiv.com\/#\/schema\/logo\/image\/","url":"https:\/\/sandsiv.com\/wp-content\/uploads\/2021\/08\/logo-light-normal.svg","contentUrl":"https:\/\/sandsiv.com\/wp-content\/uploads\/2021\/08\/logo-light-normal.svg","width":376,"height":67,"caption":"sandsiv+"},"image":{"@id":"https:\/\/sandsiv.com\/#\/schema\/logo\/image\/"}}]}},"_links":{"self":[{"href":"https:\/\/sandsiv.com\/es\/wp-json\/wp\/v2\/pages\/11395","targetHints":{"allow":["GET"]}}],"collection":[{"href":"https:\/\/sandsiv.com\/es\/wp-json\/wp\/v2\/pages"}],"about":[{"href":"https:\/\/sandsiv.com\/es\/wp-json\/wp\/v2\/types\/page"}],"author":[{"embeddable":true,"href":"https:\/\/sandsiv.com\/es\/wp-json\/wp\/v2\/users\/9"}],"replies":[{"embeddable":true,"href":"https:\/\/sandsiv.com\/es\/wp-json\/wp\/v2\/comments?post=11395"}],"version-history":[{"count":0,"href":"https:\/\/sandsiv.com\/es\/wp-json\/wp\/v2\/pages\/11395\/revisions"}],"up":[{"embeddable":true,"href":"https:\/\/sandsiv.com\/es\/wp-json\/wp\/v2\/pages\/8261"}],"wp:attachment":[{"href":"https:\/\/sandsiv.com\/es\/wp-json\/wp\/v2\/media?parent=11395"}],"curies":[{"name":"wp","href":"https:\/\/api.w.org\/{rel}","templated":true}]}}