
{"id":11255,"date":"2023-11-07T08:57:15","date_gmt":"2023-11-07T08:57:15","guid":{"rendered":"https:\/\/sandsiv.com\/?page_id=11255"},"modified":"2023-11-07T08:57:20","modified_gmt":"2023-11-07T08:57:20","slug":"como-motivar-a-la-generacion-x","status":"publish","type":"page","link":"https:\/\/sandsiv.com\/es\/como-motivar-a-la-generacion-x\/","title":{"rendered":"C\u00f3mo motivar a la Generaci\u00f3n X"},"content":{"rendered":"<div id=\"banner-block_0df2d5bece0e8fc1d03b486abf7a8e2e\"\r\n    class=\"banner scroll-fade\">\r\n    <div\r\n        class=\"module mt_0  mb_0\">\r\n        <div class=\"container\">\r\n            <div class=\"banner__inner\">\r\n                <div class=\"banner__data\">\r\n                                        <h1 class=\"heading\">C\u00f3mo motivar a la Generaci\u00f3n X<strong\r\n                            class=\"heading_red\">Art\u00edculo<\/strong>                    <\/h1>\r\n                                                            <div class=\"description\">7 de noviembre de 2023 &#8211; C\u00f3mo motivar a la Generaci\u00f3n X a abrazar las nuevas tecnolog\u00edas en su trabajo diario                    <\/div>                                                            <div class=\"banner__button\">\r\n                        <a href=\"https:\/\/sandsiv.com\/es\/quiero-ver-una-demo\/\"\r\n                            class=\"btn\" _self                            >Quiero ver una demo<\/a>\r\n                    <\/div>\r\n                                                                            <\/div>\r\n                <div class=\"banner__media\">\r\n                                        <div class=\"banner__image\">\r\n                        <picture class=\"image\">\r\n                            <source srcset=\"\">\r\n                            <img decoding=\"async\" src=\"\"\r\n                                alt=\"\" \/>\r\n                        <\/picture>\r\n                    <\/div>\r\n                                                                            <\/div>\r\n            <\/div>\r\n        <\/div>\r\n    <\/div>\r\n<\/div>\n\n\r\n<div id=\"frames_section-block_436aa406f47188f2a74b8092794e00c2\" class=\"frames_section scroll-fade\">\r\n    <div class=\"module mt_0  mb_0\">  \r\n        <div class=\"bg_clr_section bg_clr_red\">               \r\n            <div class=\"container\">\r\n                <div class=\"frames_section_inner\"> \r\n                                                                <div class=\"text\">\r\n                            <p>Te explicamos las claves para una transici\u00f3n sin estr\u00e9s hacia el uso de nuevas soluciones tecnol\u00f3gicas basadas en automatizaci\u00f3n, Inteligencia Artificial y captaci\u00f3n de la Voz del Cliente.<\/p>\n                        <\/div>\r\n                                                        <\/div>\r\n            <\/div>\r\n        <\/div>\r\n    <\/div>\r\n<\/div>\n\n\r\n<div id=\"blog_post_content-block_b21af86c4533bdbf11812a4fde848c10\" class=\"blog_post_content scroll-fade\">\r\n    <div class=\"module \">\r\n\r\n                            <div class=\"container container--medium\">\r\n                        \r\n            <div class=\"blog_post_content_inner\"> \r\n                                    <div class=\"heading_section\">\r\n                        <div class=\"heading_text h1\">\r\n                            <Div style = \"visibility: hidden\"> <\/ div>                        <\/div>\r\n                    <\/div>\r\n                                                    <div class=\"content_section\">\r\n                        <p style=\"font-weight: 400;\">En un mundo empresarial en constante evoluci\u00f3n, las empresas est\u00e1n ajustando su estrategia bajo las llamadas\u00a0<strong>Tres P<\/strong>: desde una perspectiva\u00a0<strong>humana (People)<\/strong>,\u00a0<strong>econ\u00f3mica (Profit), y ambiental (Planet)<\/strong>. En los \u00faltimos a\u00f1os, el pilar de las personas ha cobrado especial importancia y las compa\u00f1\u00edas se esfuerzan en mejorar tanto la\u00a0<strong>experiencia del cliente<\/strong>\u00a0como la experiencia que vive\u00a0<strong>el empleado<\/strong>.<\/p>\n<p style=\"font-weight: 400;\">Desde el auge de la\u00a0<strong>digitalizaci\u00f3n a partir de los 2.000<\/strong>, con el boom de las punto-com, se aprecia un cambio generacional en la forma de entender el trabajo, donde la\u00a0<strong>tecnolog\u00eda y la innovaci\u00f3n\u00a0<\/strong>adquieren un papel protagonista. El\u00a0<strong>gran desaf\u00edo\u00a0<\/strong>ahora radica en\u00a0<strong>motivar a la Generaci\u00f3n X<\/strong>\u00a0(nacidos entre 1965 y 1981), e, incluso a los primeros\u00a0<strong>Millennials\u00a0<\/strong>(1981-1993), a\u00a0<strong>aceptar la automatizaci\u00f3n y la Inteligencia Artificial (IA)<\/strong>\u00a0de manera natural en su d\u00eda a d\u00eda laboral, sin que esto sea una<strong>\u00a0fuente de estr\u00e9s y desconfianza<\/strong>.<\/p>\n<ul>\n<li style=\"font-weight: 400;\"><span style=\"color: #bf2025;\">\u00a0<strong>Ventajas tangibles en las rutinas diarias: informaci\u00f3n valiosa y en tiempo real<\/strong><\/span><\/li>\n<\/ul>\n<p style=\"font-weight: 400;\">Es importante transmitir a los\u00a0<strong>empleados<\/strong>, sobre todo a aquellos\u00a0<strong>que no han nacido en la era digital<\/strong>, las\u00a0<strong>ventajas de la tecnolog\u00eda, no solo para su empresa, sino para su trabajo diario<\/strong>. Por ejemplo, disponer de una plataforma integrada de\u00a0<strong>Voz del Cliente (VOC)<\/strong>\u00a0no s\u00f3lo simplifica sus tareas al disponer de toda la informaci\u00f3n sobre los clientes en un solo panel personalizado, tambi\u00e9n facilita la\u00a0<strong>toma de decisiones estrat\u00e9gicas.<\/strong>\u00a0El hecho de que los empleados puedan acceder a esos datos por s\u00ed mismos de forma sencilla y en tiempo real, adem\u00e1s de los diferentes equipos y departamentos, facilita su rutina laboral, hace que todos saquen provecho a esa informaci\u00f3n e influye directamente en su eficiencia. Esto incluye al\u00a0<strong>equipo de recursos humanos<\/strong>\u00a0que, a su vez, puede usar estas herramientas para la\u00a0<strong>escucha del empleado<\/strong>\u00a0y la mejora interna a la empresa.<\/p>\n<ul>\n<li style=\"font-weight: 400;\"><span style=\"color: #bf2025;\">\u00a0<strong>La tecnolog\u00eda para \u201cempoderar\u201d a los empleados<\/strong><\/span><\/li>\n<\/ul>\n<p style=\"font-weight: 400;\">El hecho de ofrecer informaci\u00f3n en tiempo real ayuda a los empleados a hacer su trabajo de forma m\u00e1s r\u00e1pida. Sin embargo, es necesario, adem\u00e1s, otorgarles\u00a0<strong>el poder de tomar decisiones<\/strong>. Herramientas innovadoras como las que, a trav\u00e9s de\u00a0<strong>IA,<\/strong>\u00a0captan y analizan comentarios de los clientes, no son solo una herramienta digital m\u00e1s, sino una nueva perspectiva en la gesti\u00f3n empresarial. Esta tecnolog\u00eda sirve para\u00a0<strong>empoderar a los empleados\u00a0<\/strong>y<strong>\u00a0<\/strong>les permite<strong>\u00a0percibirla como un recurso que enriquece sus rutinas diarias<\/strong>.<\/p>\n<ul>\n<li style=\"font-weight: 400;\"><span style=\"color: #bf2025;\"><strong>Ofrecerles capacitaci\u00f3n y soporte personalizado<\/strong><\/span><\/li>\n<\/ul>\n<p style=\"font-weight: 400;\">Para\u00a0<strong>promover una cultura laboral positiva<\/strong>\u00a0y asegurar una<strong>\u00a0transici\u00f3n sin ansiedad<\/strong>\u00a0en la implantaci\u00f3n de una herramienta desconocida para los empleados es fundamental ofrecerles una\u00a0<strong>capacitaci\u00f3n efectiva<\/strong>. Esto implica proporcionar una amplia variedad de opciones, desde tutoriales de autoaprendizaje hasta clases con expertos que ayuden a los empleados a sentirse c\u00f3modos al\u00a0<strong>incorporar esta soluci\u00f3n tecnol\u00f3gica en su d\u00eda a d\u00eda<\/strong>. Es crucial contar con un\u00a0<strong>equipo de profesionales de soporte experto y dedicado<\/strong>, capaces de ayudar en esa transici\u00f3n tecnol\u00f3gica, adapt\u00e1ndose a las necesidades individuales de los empleados y garantizando una transici\u00f3n sin estr\u00e9s.<\/p>\n<ul>\n<li style=\"font-weight: 400;\"><span style=\"color: #bf2025;\"><strong>Una Integraci\u00f3n sencilla para generar alivio, no estr\u00e9s<\/strong><\/span><\/li>\n<\/ul>\n<p style=\"font-weight: 400;\">Uno de los mayores obst\u00e1culos que enfrentan las empresas es\u00a0<strong>la integraci\u00f3n de nuevas soluciones tecnol\u00f3gicas en la vida de los empleados<\/strong>\u00a0ya que la\u00a0<strong>transici\u00f3n hacia lo digital<\/strong>\u00a0a menudo genera aprehensi\u00f3n y preocupaci\u00f3n. Seg\u00fan\u00a0<strong>Federico Cesconi<\/strong>, CEO de SANDSIV,\u00a0<em>\u201cuna soluci\u00f3n de integraci\u00f3n completamente gestionada que se adapta a las necesidades de cada empresa garantiza que los empleados no se sientan abrumados por el cambio. Existen herramientas como la de\u00a0<\/em><span style=\"color: #bf2025;\"><a style=\"color: #bf2025;\" href=\"https:\/\/sandsiv.com\/es\/producto\/\"><em>sandsiv+<\/em><\/a><\/span><em><span style=\"color: #bf2025;\">\u00a0<\/span>que realmente son capaces de simplificar su trabajo diario\u201d.<\/em><\/p>\n<p style=\"font-weight: 400;\">As\u00ed, motivar a los empleados, en particular a aquellos pertenecientes a la\u00a0<strong>Generaci\u00f3n X<\/strong>, que suelen experimentar dificultades al adoptar innovaciones tecnol\u00f3gicas en el entorno laboral, se convierte en un pilar fundamental para el \u00e9xito empresarial. Este enfoque no solo asegura\u00a0<strong>una transici\u00f3n sin sobresaltos hacia herramientas de automatizaci\u00f3n e Inteligencia Artificial<\/strong>, evitando ansiedad y desconfianza, sino que establece una simbiosis entre el bienestar emocional de los empleados y la excelencia en la\u00a0<strong>Experiencia de Cliente<\/strong>.<\/p>\n                    <\/div>\r\n                            <\/div>\r\n        <\/div>\r\n    <\/div>\r\n<\/div>\n\n\r\n<div id=\"blog_post_content-block_9ce091fd9e49665e5f6ad09788389275\" class=\"blog_post_content scroll-fade\">\r\n    <div class=\"module \">\r\n\r\n                    <div class=\"container\">\r\n                                \r\n            <div class=\"blog_post_content_inner\"> \r\n                                    <div class=\"heading_section\">\r\n                        <div class=\"heading_text h1\">\r\n                            C\u00f3mo motivar a la Generaci\u00f3n X                        <\/div>\r\n                    <\/div>\r\n                                                    <div class=\"content_section\">\r\n                        <h5>CONTACTO:<span style=\"font-weight: 400;\"><br \/>\n<\/span><a href=\"mailto:media@sandsiv.com\"><b>media@SANDSIV.com<\/b><\/a><\/h5>\n                    <\/div>\r\n                            <\/div>\r\n        <\/div>\r\n    <\/div>\r\n<\/div>\n\n\r\n<div id=\"frames_section-block_e1bf5bbc111902f6f89f30ecae7a530d\" class=\"frames_section scroll-fade\">\r\n    <div class=\"module mt_0  mb_0\">  \r\n        <div class=\"bg_clr_section bg_clr_red\">               \r\n            <div class=\"container\">\r\n                <div class=\"frames_section_inner\"> \r\n                                            <div class=\"heading\">\r\n                            Empieza a crecer con sandsiv+ hoy mismo                        <\/div>\r\n                                                                                    <div class=\"button_section\">\r\n                            <a class=\"btn btn--white \" href=\"https:\/\/sandsiv.com\/es\/quiero-ver-una-demo\/\" >\r\n                                Quiero ver una demo                            <\/a>\r\n                        <\/div>\r\n                                    <\/div>\r\n            <\/div>\r\n        <\/div>\r\n    <\/div>\r\n<\/div>","protected":false},"excerpt":{"rendered":"","protected":false},"author":3,"featured_media":0,"parent":0,"menu_order":0,"comment_status":"closed","ping_status":"closed","template":"","meta":{"content-type":"","footnotes":""},"class_list":["post-11255","page","type-page","status-publish","hentry"],"acf":[],"yoast_head":"<!-- This site is optimized with the Yoast SEO Premium plugin v26.9 (Yoast SEO v27.4) - https:\/\/yoast.com\/product\/yoast-seo-premium-wordpress\/ -->\n<title>C\u00f3mo motivar a la Generaci\u00f3n X - sandsiv+<\/title>\n<meta name=\"description\" content=\"C\u00f3mo motivar a la Generaci\u00f3n X: te explicamos las claves para una transici\u00f3n sin estr\u00e9s hacia el uso de nuevas soluciones tecnol\u00f3gicas.\" \/>\n<meta name=\"robots\" content=\"index, follow, max-snippet:-1, max-image-preview:large, max-video-preview:-1\" \/>\n<link rel=\"canonical\" href=\"https:\/\/sandsiv.com\/es\/como-motivar-a-la-generacion-x\/\" \/>\n<meta property=\"og:locale\" content=\"es_ES\" \/>\n<meta property=\"og:type\" content=\"article\" \/>\n<meta property=\"og:title\" content=\"C\u00f3mo motivar a la Generaci\u00f3n X\" \/>\n<meta property=\"og:description\" content=\"C\u00f3mo motivar a la Generaci\u00f3n X: te explicamos las claves para una transici\u00f3n sin estr\u00e9s hacia el uso de nuevas soluciones tecnol\u00f3gicas.\" \/>\n<meta property=\"og:url\" content=\"https:\/\/sandsiv.com\/es\/como-motivar-a-la-generacion-x\/\" \/>\n<meta property=\"og:site_name\" content=\"sandsiv+\" \/>\n<meta property=\"article:modified_time\" content=\"2023-11-07T08:57:20+00:00\" \/>\n<meta name=\"twitter:card\" content=\"summary_large_image\" \/>\n<script type=\"application\/ld+json\" class=\"yoast-schema-graph\">{\"@context\":\"https:\\\/\\\/schema.org\",\"@graph\":[{\"@type\":\"WebPage\",\"@id\":\"https:\\\/\\\/sandsiv.com\\\/es\\\/como-motivar-a-la-generacion-x\\\/\",\"url\":\"https:\\\/\\\/sandsiv.com\\\/es\\\/como-motivar-a-la-generacion-x\\\/\",\"name\":\"C\u00f3mo motivar a la Generaci\u00f3n X - sandsiv+\",\"isPartOf\":{\"@id\":\"https:\\\/\\\/sandsiv.com\\\/#website\"},\"datePublished\":\"2023-11-07T08:57:15+00:00\",\"dateModified\":\"2023-11-07T08:57:20+00:00\",\"description\":\"C\u00f3mo motivar a la Generaci\u00f3n X: te explicamos las claves para una transici\u00f3n sin estr\u00e9s hacia el uso de nuevas soluciones tecnol\u00f3gicas.\",\"breadcrumb\":{\"@id\":\"https:\\\/\\\/sandsiv.com\\\/es\\\/como-motivar-a-la-generacion-x\\\/#breadcrumb\"},\"inLanguage\":\"es\",\"potentialAction\":[{\"@type\":\"ReadAction\",\"target\":[\"https:\\\/\\\/sandsiv.com\\\/es\\\/como-motivar-a-la-generacion-x\\\/\"]}]},{\"@type\":\"BreadcrumbList\",\"@id\":\"https:\\\/\\\/sandsiv.com\\\/es\\\/como-motivar-a-la-generacion-x\\\/#breadcrumb\",\"itemListElement\":[{\"@type\":\"ListItem\",\"position\":1,\"name\":\"Home\",\"item\":\"https:\\\/\\\/sandsiv.com\\\/es\\\/\"},{\"@type\":\"ListItem\",\"position\":2,\"name\":\"C\u00f3mo motivar a la Generaci\u00f3n X\"}]},{\"@type\":\"WebSite\",\"@id\":\"https:\\\/\\\/sandsiv.com\\\/#website\",\"url\":\"https:\\\/\\\/sandsiv.com\\\/\",\"name\":\"sandsiv+\",\"description\":\"Customer Intelligence Made In Switzerland\",\"publisher\":{\"@id\":\"https:\\\/\\\/sandsiv.com\\\/#organization\"},\"potentialAction\":[{\"@type\":\"SearchAction\",\"target\":{\"@type\":\"EntryPoint\",\"urlTemplate\":\"https:\\\/\\\/sandsiv.com\\\/?s={search_term_string}\"},\"query-input\":{\"@type\":\"PropertyValueSpecification\",\"valueRequired\":true,\"valueName\":\"search_term_string\"}}],\"inLanguage\":\"es\"},{\"@type\":\"Organization\",\"@id\":\"https:\\\/\\\/sandsiv.com\\\/#organization\",\"name\":\"sandsiv+\",\"url\":\"https:\\\/\\\/sandsiv.com\\\/\",\"logo\":{\"@type\":\"ImageObject\",\"inLanguage\":\"es\",\"@id\":\"https:\\\/\\\/sandsiv.com\\\/#\\\/schema\\\/logo\\\/image\\\/\",\"url\":\"https:\\\/\\\/sandsiv.com\\\/wp-content\\\/uploads\\\/2021\\\/08\\\/logo-light-normal.svg\",\"contentUrl\":\"https:\\\/\\\/sandsiv.com\\\/wp-content\\\/uploads\\\/2021\\\/08\\\/logo-light-normal.svg\",\"width\":376,\"height\":67,\"caption\":\"sandsiv+\"},\"image\":{\"@id\":\"https:\\\/\\\/sandsiv.com\\\/#\\\/schema\\\/logo\\\/image\\\/\"}}]}<\/script>\n<!-- \/ Yoast SEO Premium plugin. -->","yoast_head_json":{"title":"C\u00f3mo motivar a la Generaci\u00f3n X - sandsiv+","description":"C\u00f3mo motivar a la Generaci\u00f3n X: te explicamos las claves para una transici\u00f3n sin estr\u00e9s hacia el uso de nuevas soluciones tecnol\u00f3gicas.","robots":{"index":"index","follow":"follow","max-snippet":"max-snippet:-1","max-image-preview":"max-image-preview:large","max-video-preview":"max-video-preview:-1"},"canonical":"https:\/\/sandsiv.com\/es\/como-motivar-a-la-generacion-x\/","og_locale":"es_ES","og_type":"article","og_title":"C\u00f3mo motivar a la Generaci\u00f3n X","og_description":"C\u00f3mo motivar a la Generaci\u00f3n X: te explicamos las claves para una transici\u00f3n sin estr\u00e9s hacia el uso de nuevas soluciones tecnol\u00f3gicas.","og_url":"https:\/\/sandsiv.com\/es\/como-motivar-a-la-generacion-x\/","og_site_name":"sandsiv+","article_modified_time":"2023-11-07T08:57:20+00:00","twitter_card":"summary_large_image","schema":{"@context":"https:\/\/schema.org","@graph":[{"@type":"WebPage","@id":"https:\/\/sandsiv.com\/es\/como-motivar-a-la-generacion-x\/","url":"https:\/\/sandsiv.com\/es\/como-motivar-a-la-generacion-x\/","name":"C\u00f3mo motivar a la Generaci\u00f3n X - sandsiv+","isPartOf":{"@id":"https:\/\/sandsiv.com\/#website"},"datePublished":"2023-11-07T08:57:15+00:00","dateModified":"2023-11-07T08:57:20+00:00","description":"C\u00f3mo motivar a la Generaci\u00f3n X: te explicamos las claves para una transici\u00f3n sin estr\u00e9s hacia el uso de nuevas soluciones tecnol\u00f3gicas.","breadcrumb":{"@id":"https:\/\/sandsiv.com\/es\/como-motivar-a-la-generacion-x\/#breadcrumb"},"inLanguage":"es","potentialAction":[{"@type":"ReadAction","target":["https:\/\/sandsiv.com\/es\/como-motivar-a-la-generacion-x\/"]}]},{"@type":"BreadcrumbList","@id":"https:\/\/sandsiv.com\/es\/como-motivar-a-la-generacion-x\/#breadcrumb","itemListElement":[{"@type":"ListItem","position":1,"name":"Home","item":"https:\/\/sandsiv.com\/es\/"},{"@type":"ListItem","position":2,"name":"C\u00f3mo motivar a la Generaci\u00f3n X"}]},{"@type":"WebSite","@id":"https:\/\/sandsiv.com\/#website","url":"https:\/\/sandsiv.com\/","name":"sandsiv+","description":"Customer Intelligence Made In Switzerland","publisher":{"@id":"https:\/\/sandsiv.com\/#organization"},"potentialAction":[{"@type":"SearchAction","target":{"@type":"EntryPoint","urlTemplate":"https:\/\/sandsiv.com\/?s={search_term_string}"},"query-input":{"@type":"PropertyValueSpecification","valueRequired":true,"valueName":"search_term_string"}}],"inLanguage":"es"},{"@type":"Organization","@id":"https:\/\/sandsiv.com\/#organization","name":"sandsiv+","url":"https:\/\/sandsiv.com\/","logo":{"@type":"ImageObject","inLanguage":"es","@id":"https:\/\/sandsiv.com\/#\/schema\/logo\/image\/","url":"https:\/\/sandsiv.com\/wp-content\/uploads\/2021\/08\/logo-light-normal.svg","contentUrl":"https:\/\/sandsiv.com\/wp-content\/uploads\/2021\/08\/logo-light-normal.svg","width":376,"height":67,"caption":"sandsiv+"},"image":{"@id":"https:\/\/sandsiv.com\/#\/schema\/logo\/image\/"}}]}},"_links":{"self":[{"href":"https:\/\/sandsiv.com\/es\/wp-json\/wp\/v2\/pages\/11255","targetHints":{"allow":["GET"]}}],"collection":[{"href":"https:\/\/sandsiv.com\/es\/wp-json\/wp\/v2\/pages"}],"about":[{"href":"https:\/\/sandsiv.com\/es\/wp-json\/wp\/v2\/types\/page"}],"author":[{"embeddable":true,"href":"https:\/\/sandsiv.com\/es\/wp-json\/wp\/v2\/users\/3"}],"replies":[{"embeddable":true,"href":"https:\/\/sandsiv.com\/es\/wp-json\/wp\/v2\/comments?post=11255"}],"version-history":[{"count":0,"href":"https:\/\/sandsiv.com\/es\/wp-json\/wp\/v2\/pages\/11255\/revisions"}],"wp:attachment":[{"href":"https:\/\/sandsiv.com\/es\/wp-json\/wp\/v2\/media?parent=11255"}],"curies":[{"name":"wp","href":"https:\/\/api.w.org\/{rel}","templated":true}]}}