
{"id":11103,"date":"2023-06-22T10:43:51","date_gmt":"2023-06-22T10:43:51","guid":{"rendered":"https:\/\/sandsiv.com\/unlock-the-secrets-of-disneyland-paris-customer-journeys\/"},"modified":"2023-10-18T06:50:06","modified_gmt":"2023-10-18T06:50:06","slug":"la-experiencia-del-cliente-en-disney","status":"publish","type":"page","link":"https:\/\/sandsiv.com\/es\/la-experiencia-del-cliente-en-disney\/","title":{"rendered":"&#8211; La Experiencia del Cliente en Disney"},"content":{"rendered":"<div id=\"banner-block_128a64c17d68438299de094e98c0b567\"\r\n    class=\"banner scroll-fade\">\r\n    <div\r\n        class=\"module mt_0  mb_0\">\r\n        <div class=\"container\">\r\n            <div class=\"banner__inner\">\r\n                <div class=\"banner__data\">\r\n                                        <h1 class=\"heading\">La Magia de <strong\r\n                            class=\"heading_red\">la Experiencia del Cliente en Disney<\/strong>                    <\/h1>\r\n                                                            <div class=\"description\">\u00a1Emprende un emocionante viaje en Disneyland Paris! Vamos cuatro a\u00f1os atr\u00e1s, al comienzo de nuestro an\u00e1lisis de las opiniones de los visitantes en el parque de atracciones m\u00e1s famoso del mundo. Hoy, te presentamos un m\u00e9todo revolucionario para <b>descubrir obst\u00e1culos en los recorridos de los clientes en menos de 60 segundos<\/b>.                    <\/div>                                                            <div class=\"banner__button\">\r\n                        <a href=\"https:\/\/sandsiv.com\/la-experiencia-del-cliente-en-disney-gracias\/\"\r\n                            class=\"btn\" _self                            >Descubre m\u00e1s<\/a>\r\n                    <\/div>\r\n                                                                            <\/div>\r\n                <div class=\"banner__media\">\r\n                                        <div class=\"banner__image\">\r\n                        <picture class=\"image\">\r\n                            <source srcset=\"https:\/\/sandsiv.com\/wp-content\/uploads\/2023\/10\/Headers_pr_events-19.png\">\r\n                            <img decoding=\"async\" src=\"https:\/\/sandsiv.com\/wp-content\/uploads\/2023\/10\/Headers_pr_events-19.png\"\r\n                                alt=\"\" \/>\r\n                        <\/picture>\r\n                    <\/div>\r\n                                                                            <\/div>\r\n            <\/div>\r\n        <\/div>\r\n    <\/div>\r\n<\/div>\n\n<div id=\"card-block_add5ea9d7caaec511a2408d1aa4375d6\"\n    class=\"card scroll-fade\">\n    <div\n        class=\"module mt_0  mb_0\">\n        <div class=\"container\">\n            <div class=\"card__inner\">\n                <div class=\"card__header\">\n                                                                                <\/div>\n                                <div\n                    class=\"card__news_list custom_list list_column4\">\n                                        <div class=\"newsItem\">\n                        <div\n                            class=\"newsItem__inner \">\n                                                        <div class=\"image\"\n                                                                style=\"background-image: url('https:\/\/sandsiv.com\/wp-content\/uploads\/2023\/10\/Headers_pr_events-23.png');\"\n                                >\n                                <img decoding=\"async\" src=\"https:\/\/sandsiv.com\/wp-content\/uploads\/2023\/10\/Headers_pr_events-23.png\"\n                                    alt=\"\" \/>\n                            <\/div>\n                                                        <div class=\"contant\">\n                                                                                                <div class=\"short_description\">\n                                    An\u00e1lisis de datos de rese\u00f1as de clientes de <b>Facebook, TripAdvisor, Google e Instagram<\/b> para Disneyland Par\u00eds.                                                                <\/div>\n                                                                                                                                                            <\/div>\n                        <\/div>\n                    <\/div>\n                                        <div class=\"newsItem\">\n                        <div\n                            class=\"newsItem__inner \">\n                                                        <div class=\"image\"\n                                                                style=\"background-image: url('https:\/\/sandsiv.com\/wp-content\/uploads\/2023\/10\/Headers_pr_events-20.png');\"\n                                >\n                                <img decoding=\"async\" src=\"https:\/\/sandsiv.com\/wp-content\/uploads\/2023\/10\/Headers_pr_events-20.png\"\n                                    alt=\"\" \/>\n                            <\/div>\n                                                        <div class=\"contant\">\n                                                                                                <div class=\"short_description\">\n                                    Identificaci\u00f3n de <b>obst\u00e1culos en el recorrido del cliente<\/b> y sugerencias de mejora a trav\u00e9s de un panel interactivo.                                                                <\/div>\n                                                                                                                                                            <\/div>\n                        <\/div>\n                    <\/div>\n                                        <div class=\"newsItem\">\n                        <div\n                            class=\"newsItem__inner \">\n                                                        <div class=\"image\"\n                                                                style=\"background-image: url('https:\/\/sandsiv.com\/wp-content\/uploads\/2023\/10\/Headers_pr_events-22.png');\"\n                                >\n                                <img decoding=\"async\" src=\"https:\/\/sandsiv.com\/wp-content\/uploads\/2023\/10\/Headers_pr_events-22.png\"\n                                    alt=\"\" \/>\n                            <\/div>\n                                                        <div class=\"contant\">\n                                                                                                <div class=\"short_description\">\n                                    Implantaci\u00f3n m\u00e1s r\u00e1pida, formaci\u00f3n simplificada, menor dependencia de datos preetiquetados, informes automatizados y <b>gestores de la experiencia del cliente capacitados<\/b>.                                                                <\/div>\n                                                                                                                                                            <\/div>\n                        <\/div>\n                    <\/div>\n                                        <div class=\"newsItem\">\n                        <div\n                            class=\"newsItem__inner \">\n                                                        <div class=\"image\"\n                                                                style=\"background-image: url('https:\/\/sandsiv.com\/wp-content\/uploads\/2023\/10\/Headers_pr_events-21.png');\"\n                                >\n                                <img decoding=\"async\" src=\"https:\/\/sandsiv.com\/wp-content\/uploads\/2023\/10\/Headers_pr_events-21.png\"\n                                    alt=\"\" \/>\n                            <\/div>\n                                                        <div class=\"contant\">\n                                                                                                <div class=\"short_description\">\n                                    El enfoque incluye <b>An\u00e1lisis de Sentimiento basado en Aspectos (ABSA)<\/b>, detecci\u00f3n en tiempo real del <b>recorrido del cliente<\/b> y el uso de OpenAI GPT-3.5-TURBO.                                                                <\/div>\n                                                                                                                                                            <\/div>\n                        <\/div>\n                    <\/div>\n                                    <\/div>\n                                                \n            <\/div>\n        <\/div>\n    <\/div>\n<\/div>\n\n\r\n<div id=\"frames_section-block_f4ce7d9bf157f1217a81ef211d1d1726\" class=\"frames_section scroll-fade\">\r\n    <div class=\"module mt_0  mb_0\">  \r\n        <div class=\"bg_clr_section bg_clr_red\">               \r\n            <div class=\"container\">\r\n                <div class=\"frames_section_inner\"> \r\n                                                                <div class=\"text\">\r\n                            <p>Obt\u00e9n acceso exclusivo al exhaustivo informe que revela las conclusiones de nuestro an\u00e1lisis. Desvela los secretos de los recorridos de los clientes de Disneyland Par\u00eds y descubre c\u00f3mo puedes optimizar tus propias experiencias de cliente.<\/p>\n                        <\/div>\r\n                                                                <div class=\"button_section\">\r\n                            <a class=\"btn btn--white \" href=\"https:\/\/sandsiv.com\/la-experiencia-del-cliente-en-disney-gracias\/\" >\r\n                                Descargar                            <\/a>\r\n                        <\/div>\r\n                                    <\/div>\r\n            <\/div>\r\n        <\/div>\r\n    <\/div>\r\n<\/div>\n\n<div id=\"text_imagevideo-block_492d3aa0de03df78041935535ffd5a49\"\r\n    class=\"text_imagevideo scroll-fade\">\r\n    <div class=\"container\">\r\n                <div class=\"text_imagevideo__inner\">\r\n                        <div\r\n                class=\"text_imagevideo__list \">\r\n                                <div class=\"text_imagevideo__item module scroll-fade\">\r\n                    <div\r\n                        class=\"text_imagevideo__item__inner imagePosition_left\">\r\n                        <div class=\"contant\">\r\n                                                        <h6 class=\"sub_heading\"\r\n                                style=\"color: #bf2025; \">\r\n                                Tu Mago de la Experiencia del Cliente                            <\/h6>                                                        <h1 class=\"title\">\u00a1Queremos conocerte!                            <\/h1>                                                        <div class=\"text\">En SANDSIV, somos aut\u00e9nticos expertos en el mundo de la Voz del Cliente y colaboradores de DEC. <br>Estamos emocionados por conocerte y conversar sobre c\u00f3mo nuestra plataforma, impulsada por la IA, podr\u00eda convertirse en <b>la innovaci\u00f3n esencial para potenciar tu proyecto de Experiencia del Cliente<\/b>. <br>\u00bfListo para hablar con nuestro asesor de CX y explorar <b>tus puntos de mejora en solo 30 minutos<\/b>? Estamos aqu\u00ed para ayudarte a darle un toque m\u00e1gico a tu CX.                            <\/div>                                                        <a href=\"https:\/\/sandsiv.com\/es\/contacto-con-cx-advisor\/\"\r\n                                class=\"btn\"                                 >\u00bfCharlamos?<\/a>\r\n                                                    <\/div>\r\n                        <div class=\"image_video\">\r\n                                                        <picture class=\"img\"                                 >\r\n                                <source\r\n                                    srcset=\"https:\/\/sandsiv.com\/wp-content\/uploads\/2023\/07\/Headers_pr_events-9.png\">\r\n                                <img decoding=\"async\" src=\"https:\/\/sandsiv.com\/wp-content\/uploads\/2023\/07\/Headers_pr_events-9.png\"\r\n                                    alt=\"\" \/>\r\n                            <\/picture>\r\n                                                    <\/div>\r\n                    <\/div>\r\n                <\/div>\r\n                            <\/div>\r\n        <\/div>\r\n            <\/div>\r\n<\/div>\n\n\r\n<div id=\"logo_section-block_563ebe21eea50572986351decda8bb6e\" class=\"logo_section scroll-fade\">\r\n    <div class=\"module mt_0  mb_0\">  \r\n        <div class=\"bg_clr_section bg_clr_black\">               \r\n            <div class=\"container container--medium\">\r\n                <div class=\"logo_section_inner\"> \r\n                    <div class=\"heading_section\"> \r\n                                                                            <div class=\"heading h1\">\r\n                                No lo decimos nosotros, sino analistas y expertos del sector                             <\/div>\r\n                                            <\/div>\r\n                                            <div class=\"logo_list columns_6\">\r\n                                                            \r\n                                                                    <div class=\"item\">\r\n                                            <img decoding=\"async\" src=\"https:\/\/sandsiv.com\/wp-content\/uploads\/2021\/08\/sandsiv_logo_Forrester.svg\" alt=\"\" \/>\r\n                                    <\/div>\r\n                                                                \r\n                                                            \r\n                                                                    <div class=\"item\">\r\n                                            <img decoding=\"async\" src=\"https:\/\/sandsiv.com\/wp-content\/uploads\/2021\/08\/sandsiv_logo_Gartner.svg\" alt=\"\" \/>\r\n                                    <\/div>\r\n                                                                \r\n                                                            \r\n                                                                    <div class=\"item\">\r\n                                            <img decoding=\"async\" src=\"https:\/\/sandsiv.com\/wp-content\/uploads\/2023\/09\/dec-1-150x150.png\" alt=\"\" \/>\r\n                                    <\/div>\r\n                                                                \r\n                                                            \r\n                                                                    <div class=\"item\">\r\n                                            <img decoding=\"async\" src=\"https:\/\/sandsiv.com\/wp-content\/uploads\/2021\/08\/sandsiv_logo_omdia.svg\" alt=\"\" \/>\r\n                                    <\/div>\r\n                                                                \r\n                                                            \r\n                                                                    <div class=\"item\">\r\n                                            <img decoding=\"async\" src=\"https:\/\/sandsiv.com\/wp-content\/uploads\/2021\/08\/sandsiv-frostsullivan-logo.png\" alt=\"\" \/>\r\n                                    <\/div>\r\n                                                                \r\n                                                            \r\n                                                                    <div class=\"item\">\r\n                                            <img decoding=\"async\" src=\"https:\/\/sandsiv.com\/wp-content\/uploads\/2023\/09\/infotech.png\" alt=\"\" \/>\r\n                                    <\/div>\r\n                                                                \r\n                                                    <\/div>\r\n                                    <\/div>\r\n            <\/div>\r\n        <\/div>\r\n    <\/div>\r\n<\/div>","protected":false},"excerpt":{"rendered":"","protected":false},"author":5,"featured_media":0,"parent":0,"menu_order":0,"comment_status":"closed","ping_status":"closed","template":"","meta":{"content-type":"","footnotes":""},"class_list":["post-11103","page","type-page","status-publish","hentry"],"acf":[],"yoast_head":"<!-- This site is optimized with the Yoast SEO Premium plugin v26.9 (Yoast SEO v27.4) - https:\/\/yoast.com\/product\/yoast-seo-premium-wordpress\/ -->\n<title>- La Experiencia del Cliente en Disney<\/title>\n<meta name=\"description\" content=\"La Experiencia del Cliente en Disney: descubre c\u00f3mo desvelar los obst\u00e1culos en los recorridos de los clientes en menos de 60 segundos.\" \/>\n<meta name=\"robots\" content=\"index, follow, max-snippet:-1, max-image-preview:large, max-video-preview:-1\" \/>\n<link rel=\"canonical\" href=\"https:\/\/sandsiv.com\/es\/la-experiencia-del-cliente-en-disney\/\" \/>\n<meta property=\"og:locale\" content=\"es_ES\" \/>\n<meta property=\"og:type\" content=\"article\" \/>\n<meta property=\"og:title\" content=\"- La Experiencia del Cliente en Disney\" \/>\n<meta property=\"og:description\" content=\"La Experiencia del Cliente en Disney: descubre c\u00f3mo desvelar los obst\u00e1culos en los recorridos de los clientes en menos de 60 segundos.\" \/>\n<meta property=\"og:url\" content=\"https:\/\/sandsiv.com\/es\/la-experiencia-del-cliente-en-disney\/\" \/>\n<meta property=\"og:site_name\" content=\"sandsiv+\" \/>\n<meta property=\"article:modified_time\" content=\"2023-10-18T06:50:06+00:00\" \/>\n<meta name=\"twitter:card\" content=\"summary_large_image\" \/>\n<script type=\"application\/ld+json\" class=\"yoast-schema-graph\">{\"@context\":\"https:\\\/\\\/schema.org\",\"@graph\":[{\"@type\":\"WebPage\",\"@id\":\"https:\\\/\\\/sandsiv.com\\\/es\\\/la-experiencia-del-cliente-en-disney\\\/\",\"url\":\"https:\\\/\\\/sandsiv.com\\\/es\\\/la-experiencia-del-cliente-en-disney\\\/\",\"name\":\"- La Experiencia del Cliente en Disney\",\"isPartOf\":{\"@id\":\"https:\\\/\\\/sandsiv.com\\\/#website\"},\"datePublished\":\"2023-06-22T10:43:51+00:00\",\"dateModified\":\"2023-10-18T06:50:06+00:00\",\"description\":\"La Experiencia del Cliente en Disney: descubre c\u00f3mo desvelar los obst\u00e1culos en los recorridos de los clientes en menos de 60 segundos.\",\"breadcrumb\":{\"@id\":\"https:\\\/\\\/sandsiv.com\\\/es\\\/la-experiencia-del-cliente-en-disney\\\/#breadcrumb\"},\"inLanguage\":\"es\",\"potentialAction\":[{\"@type\":\"ReadAction\",\"target\":[\"https:\\\/\\\/sandsiv.com\\\/es\\\/la-experiencia-del-cliente-en-disney\\\/\"]}]},{\"@type\":\"BreadcrumbList\",\"@id\":\"https:\\\/\\\/sandsiv.com\\\/es\\\/la-experiencia-del-cliente-en-disney\\\/#breadcrumb\",\"itemListElement\":[{\"@type\":\"ListItem\",\"position\":1,\"name\":\"Home\",\"item\":\"https:\\\/\\\/sandsiv.com\\\/es\\\/\"},{\"@type\":\"ListItem\",\"position\":2,\"name\":\"&#8211; La Experiencia del Cliente en Disney\"}]},{\"@type\":\"WebSite\",\"@id\":\"https:\\\/\\\/sandsiv.com\\\/#website\",\"url\":\"https:\\\/\\\/sandsiv.com\\\/\",\"name\":\"sandsiv+\",\"description\":\"Customer Intelligence Made In Switzerland\",\"publisher\":{\"@id\":\"https:\\\/\\\/sandsiv.com\\\/#organization\"},\"potentialAction\":[{\"@type\":\"SearchAction\",\"target\":{\"@type\":\"EntryPoint\",\"urlTemplate\":\"https:\\\/\\\/sandsiv.com\\\/?s={search_term_string}\"},\"query-input\":{\"@type\":\"PropertyValueSpecification\",\"valueRequired\":true,\"valueName\":\"search_term_string\"}}],\"inLanguage\":\"es\"},{\"@type\":\"Organization\",\"@id\":\"https:\\\/\\\/sandsiv.com\\\/#organization\",\"name\":\"sandsiv+\",\"url\":\"https:\\\/\\\/sandsiv.com\\\/\",\"logo\":{\"@type\":\"ImageObject\",\"inLanguage\":\"es\",\"@id\":\"https:\\\/\\\/sandsiv.com\\\/#\\\/schema\\\/logo\\\/image\\\/\",\"url\":\"https:\\\/\\\/sandsiv.com\\\/wp-content\\\/uploads\\\/2021\\\/08\\\/logo-light-normal.svg\",\"contentUrl\":\"https:\\\/\\\/sandsiv.com\\\/wp-content\\\/uploads\\\/2021\\\/08\\\/logo-light-normal.svg\",\"width\":376,\"height\":67,\"caption\":\"sandsiv+\"},\"image\":{\"@id\":\"https:\\\/\\\/sandsiv.com\\\/#\\\/schema\\\/logo\\\/image\\\/\"}}]}<\/script>\n<!-- \/ Yoast SEO Premium plugin. -->","yoast_head_json":{"title":"- La Experiencia del Cliente en Disney","description":"La Experiencia del Cliente en Disney: descubre c\u00f3mo desvelar los obst\u00e1culos en los recorridos de los clientes en menos de 60 segundos.","robots":{"index":"index","follow":"follow","max-snippet":"max-snippet:-1","max-image-preview":"max-image-preview:large","max-video-preview":"max-video-preview:-1"},"canonical":"https:\/\/sandsiv.com\/es\/la-experiencia-del-cliente-en-disney\/","og_locale":"es_ES","og_type":"article","og_title":"- La Experiencia del Cliente en Disney","og_description":"La Experiencia del Cliente en Disney: descubre c\u00f3mo desvelar los obst\u00e1culos en los recorridos de los clientes en menos de 60 segundos.","og_url":"https:\/\/sandsiv.com\/es\/la-experiencia-del-cliente-en-disney\/","og_site_name":"sandsiv+","article_modified_time":"2023-10-18T06:50:06+00:00","twitter_card":"summary_large_image","schema":{"@context":"https:\/\/schema.org","@graph":[{"@type":"WebPage","@id":"https:\/\/sandsiv.com\/es\/la-experiencia-del-cliente-en-disney\/","url":"https:\/\/sandsiv.com\/es\/la-experiencia-del-cliente-en-disney\/","name":"- La Experiencia del Cliente en Disney","isPartOf":{"@id":"https:\/\/sandsiv.com\/#website"},"datePublished":"2023-06-22T10:43:51+00:00","dateModified":"2023-10-18T06:50:06+00:00","description":"La Experiencia del Cliente en Disney: descubre c\u00f3mo desvelar los obst\u00e1culos en los recorridos de los clientes en menos de 60 segundos.","breadcrumb":{"@id":"https:\/\/sandsiv.com\/es\/la-experiencia-del-cliente-en-disney\/#breadcrumb"},"inLanguage":"es","potentialAction":[{"@type":"ReadAction","target":["https:\/\/sandsiv.com\/es\/la-experiencia-del-cliente-en-disney\/"]}]},{"@type":"BreadcrumbList","@id":"https:\/\/sandsiv.com\/es\/la-experiencia-del-cliente-en-disney\/#breadcrumb","itemListElement":[{"@type":"ListItem","position":1,"name":"Home","item":"https:\/\/sandsiv.com\/es\/"},{"@type":"ListItem","position":2,"name":"&#8211; La Experiencia del Cliente en Disney"}]},{"@type":"WebSite","@id":"https:\/\/sandsiv.com\/#website","url":"https:\/\/sandsiv.com\/","name":"sandsiv+","description":"Customer Intelligence Made In Switzerland","publisher":{"@id":"https:\/\/sandsiv.com\/#organization"},"potentialAction":[{"@type":"SearchAction","target":{"@type":"EntryPoint","urlTemplate":"https:\/\/sandsiv.com\/?s={search_term_string}"},"query-input":{"@type":"PropertyValueSpecification","valueRequired":true,"valueName":"search_term_string"}}],"inLanguage":"es"},{"@type":"Organization","@id":"https:\/\/sandsiv.com\/#organization","name":"sandsiv+","url":"https:\/\/sandsiv.com\/","logo":{"@type":"ImageObject","inLanguage":"es","@id":"https:\/\/sandsiv.com\/#\/schema\/logo\/image\/","url":"https:\/\/sandsiv.com\/wp-content\/uploads\/2021\/08\/logo-light-normal.svg","contentUrl":"https:\/\/sandsiv.com\/wp-content\/uploads\/2021\/08\/logo-light-normal.svg","width":376,"height":67,"caption":"sandsiv+"},"image":{"@id":"https:\/\/sandsiv.com\/#\/schema\/logo\/image\/"}}]}},"_links":{"self":[{"href":"https:\/\/sandsiv.com\/es\/wp-json\/wp\/v2\/pages\/11103","targetHints":{"allow":["GET"]}}],"collection":[{"href":"https:\/\/sandsiv.com\/es\/wp-json\/wp\/v2\/pages"}],"about":[{"href":"https:\/\/sandsiv.com\/es\/wp-json\/wp\/v2\/types\/page"}],"author":[{"embeddable":true,"href":"https:\/\/sandsiv.com\/es\/wp-json\/wp\/v2\/users\/5"}],"replies":[{"embeddable":true,"href":"https:\/\/sandsiv.com\/es\/wp-json\/wp\/v2\/comments?post=11103"}],"version-history":[{"count":0,"href":"https:\/\/sandsiv.com\/es\/wp-json\/wp\/v2\/pages\/11103\/revisions"}],"wp:attachment":[{"href":"https:\/\/sandsiv.com\/es\/wp-json\/wp\/v2\/media?parent=11103"}],"curies":[{"name":"wp","href":"https:\/\/api.w.org\/{rel}","templated":true}]}}