
{"id":10987,"date":"2023-09-27T07:28:38","date_gmt":"2023-09-27T07:28:38","guid":{"rendered":"https:\/\/sandsiv.com\/?page_id=10987"},"modified":"2023-09-27T07:28:41","modified_gmt":"2023-09-27T07:28:41","slug":"la-experiencia-del-turista","status":"publish","type":"page","link":"https:\/\/sandsiv.com\/es\/la-experiencia-del-turista\/","title":{"rendered":"La Experiencia del Turista"},"content":{"rendered":"<div id=\"banner-block_3b481aa7b45688a96c53ce472738140a\"\r\n    class=\"banner scroll-fade\">\r\n    <div\r\n        class=\"module mt_0  mb_0\">\r\n        <div class=\"container\">\r\n            <div class=\"banner__inner\">\r\n                <div class=\"banner__data\">\r\n                                        <h1 class=\"heading\">La Experiencia del Turista <strong\r\n                            class=\"heading_red\">Art\u00edculo<\/strong>                    <\/h1>\r\n                                                            <div class=\"description\">27 de septiembre de 2023 &#8211; Retos de las aerol\u00edneas para mejorar la Experiencia del Turista en la era \u00b4postpandemia\u00b4                    <\/div>                                                            <div class=\"banner__button\">\r\n                        <a href=\"https:\/\/sandsiv.com\/es\/quiero-ver-una-demo\/\"\r\n                            class=\"btn\" _self                            >Quiero ver una demo<\/a>\r\n                    <\/div>\r\n                                                                            <\/div>\r\n                <div class=\"banner__media\">\r\n                                        <div class=\"banner__image\">\r\n                        <picture class=\"image\">\r\n                            <source srcset=\"\">\r\n                            <img decoding=\"async\" src=\"\"\r\n                                alt=\"\" \/>\r\n                        <\/picture>\r\n                    <\/div>\r\n                                                                            <\/div>\r\n            <\/div>\r\n        <\/div>\r\n    <\/div>\r\n<\/div>\n\n\r\n<div id=\"frames_section-block_78fd5bf32f6874e4fb5e19cc7653cbed\" class=\"frames_section scroll-fade\">\r\n    <div class=\"module mt_0  mb_0\">  \r\n        <div class=\"bg_clr_section bg_clr_red\">               \r\n            <div class=\"container\">\r\n                <div class=\"frames_section_inner\"> \r\n                                                                <div class=\"text\">\r\n                            <p>En el marco del D\u00eda Mundial del Turismo, enfatizamos la relevancia de la experiencia del turista en la recuperaci\u00f3n de la industria a\u00e9rea a trav\u00e9s de la automatizaci\u00f3n y la Inteligencia Artificial.<\/p>\n                        <\/div>\r\n                                                        <\/div>\r\n            <\/div>\r\n        <\/div>\r\n    <\/div>\r\n<\/div>\n\n\r\n<div id=\"blog_post_content-block_b3b5384e536c23eedc6a65153e48594b\" class=\"blog_post_content scroll-fade\">\r\n    <div class=\"module \">\r\n\r\n                            <div class=\"container container--medium\">\r\n                        \r\n            <div class=\"blog_post_content_inner\"> \r\n                                    <div class=\"heading_section\">\r\n                        <div class=\"heading_text h1\">\r\n                            <Div style = \"visibility: hidden\"> <\/ div>                        <\/div>\r\n                    <\/div>\r\n                                                    <div class=\"content_section\">\r\n                        <p><span style=\"font-weight: 400;\">Desde la crisis mundial que provoc\u00f3 la ya casi olvidada <\/span><b>pandemia del COVID-19<\/b><span style=\"font-weight: 400;\">, el mundo y el mercado han sufrido cambios radicales en muchos sectores, y la <\/span><b>industria de los viajes<\/b><span style=\"font-weight: 400;\"> (en concreto la del sector a\u00e9reo) experiment\u00f3 desde entonces importantes desaf\u00edos a los que se ha visto obligada a adaptarse a una velocidad sin precedentes. En esta nueva era, es fundamental comprender que la inversi\u00f3n en la disciplina de <\/span><b>Customer Experience (CX) <\/b><span style=\"font-weight: 400;\">es la clave para aprovechar la oportunidad de recuperar a los viajeros habituales, mejorando su experiencia y ofreci\u00e9ndoles un servicio memorable.<\/span><\/p>\n<p><span style=\"color: #bf2025;\"><b>Analizar la oportunidad, evaluar los desaf\u00edos y planificar la estrategia<\/b><\/span><\/p>\n<p><span style=\"font-weight: 400;\">La inversi\u00f3n en la mejora de la experiencia del viajero en la industria de las aerol\u00edneas se presenta como una gran oportunidad para diferenciarse en un mercado tan competitivo. Con <\/span><b>el 38% de los pasajeros de negocios que afirman estar insatisfechos con las aerol\u00edneas<\/b><span style=\"font-weight: 400;\">, el panorama en el sector se ha vuelto altamente vol\u00e1til, pues los consumidores muestran una disposici\u00f3n cada vez mayor a cambiar de compa\u00f1\u00eda a\u00e9rea ante cualquier imprevisto. En este contexto, aquellas empresas que han invertido en CX durante momentos de crisis no solo han logrado retener a sus clientes, sino que tambi\u00e9n han atra\u00eddo a nuevos viajeros. Para alcanzar este objetivo, resulta esencial contar con <\/span><b>plataformas avanzadas<\/b><span style=\"font-weight: 400;\"> que posibiliten, a trav\u00e9s de tecnolog\u00edas basadas en<\/span><b> Inteligencia Artificial (IA)<\/b><span style=\"font-weight: 400;\"> una <\/span><b>medici\u00f3n completa, prioritaria, predictiva y prescriptiva de la experiencia del viajero y el sentimiento del cliente<\/b><span style=\"font-weight: 400;\">:\u00a0\u00a0<\/span><\/p>\n<p><span style=\"font-weight: 400;\">Con motivo del <\/span><b>D\u00eda Mundial del Turista<\/b><span style=\"font-weight: 400;\"> este 27 de septiembre, te proponemos algunas soluciones que <\/span><b>abordan los cuatro grandes retos que enfrentan las aerol\u00edneas <\/b><span style=\"font-weight: 400;\">en esta nueva era:<\/span><\/p>\n<ul>\n<li style=\"font-weight: 400;\" aria-level=\"1\"><b>Integraci\u00f3n de datos:<\/b><span style=\"font-weight: 400;\"> Es imprescindible la integraci\u00f3n de datos <\/span><b>estructurados y no estructurados<\/b><span style=\"font-weight: 400;\"> de <\/span><b>m\u00faltiples fuentes<\/b><span style=\"font-weight: 400;\"> en un repositorio anal\u00edtico centralizado. Esto incluye, por ejemplo, las bases de <\/span><b>datos de quejas o comentarios en Tripadvisor<\/b><span style=\"font-weight: 400;\">, junto con el lanzamiento de encuestas en \u00e1reas cr\u00edticas como las <\/span><b>salas VIP<\/b><span style=\"font-weight: 400;\"> o el <\/span><b>servicio al cliente,<\/b><span style=\"font-weight: 400;\"> entre otros.<\/span><\/li>\n<\/ul>\n<ul>\n<li style=\"font-weight: 400;\" aria-level=\"1\"><b>An\u00e1lisis de los comentarios del cliente en tiempo real:<\/b><span style=\"font-weight: 400;\"> Para identificar <\/span><b>puntos cr\u00edticos <\/b><span style=\"font-weight: 400;\">y problemas de forma inmediata, plataformas de escucha del cliente como <\/span><span style=\"color: #bf2025;\"><a style=\"color: #bf2025;\" href=\"https:\/\/sandsiv.com\/es\/\"><span style=\"font-weight: 400;\">sandsiv+<\/span><\/a><\/span><span style=\"font-weight: 400;\">, son capaces de crear modelos de <\/span><b>clasificaci\u00f3n de sentimientos<\/b><span style=\"font-weight: 400;\"> y temas alineados con el <\/span><b>Viaje del Cliente<\/b><span style=\"font-weight: 400;\">. Estos modelos permiten un an\u00e1lisis en tiempo real que se cruza con <\/span><b>KPIs comerciales y atributos<\/b><span style=\"font-weight: 400;\">, como el <\/span><b>Net Promoter Score (NPS)<\/b><span style=\"font-weight: 400;\"> o datos financieros. Esto se logra a trav\u00e9s de una interfaz de creaci\u00f3n de <\/span><b>encuestas f\u00e1cil de usar<\/b><span style=\"font-weight: 400;\"> y la capacidad de integraci\u00f3n con <\/span><b>m\u00faltiples canales<\/b><span style=\"font-weight: 400;\">.<\/span><\/li>\n<li style=\"font-weight: 400;\" aria-level=\"1\"><b>Multiling\u00fcismo:<\/b><span style=\"font-weight: 400;\"> La retroalimentaci\u00f3n de los clientes se recopila en m\u00faltiples idiomas. Los modelos de clasificaci\u00f3n desplegados en diferentes idiomas permiten la <\/span><b>comprensi\u00f3n y la acci\u00f3n en todo el mundo<\/b><span style=\"font-weight: 400;\">, y <\/span><b>el feedback se transmite en directo a los empleados<\/b><span style=\"font-weight: 400;\"> de primera l\u00ednea para maximizar su informaci\u00f3n sobre el cliente y poder resolver sus problemas a tiempo.<\/span><\/li>\n<li style=\"font-weight: 400;\" aria-level=\"1\"><b>Comparaci\u00f3n con la competencia:<\/b><span style=\"font-weight: 400;\"> La integraci\u00f3n de los comentarios de los clientes y an\u00e1lisis de los competidores permite a las aerol\u00edneas <\/span><b>comparar su rendimiento en puntos de contacto y fases del viaje con su competencia<\/b><span style=\"font-weight: 400;\">, identificando factores diferenciadores clave que marcar\u00e1n la diferencia en la experiencia que ofrecen a sus viajeros.<\/span><\/li>\n<\/ul>\n<p><span style=\"color: #bf2025;\"><b>El \u00b4journey\u00b4 ideal del viajero<\/b><\/span><\/p>\n<p><span style=\"font-weight: 400;\">As\u00ed, el viaje del nuevo turista \u00b4a\u00e9reo\u00b4 debe ser una <\/span><b>experiencia excepcional y personalizada<\/b><span style=\"font-weight: 400;\">:<\/span><\/p>\n<p><span style=\"font-weight: 400;\">Desde el momento del <\/span><b>compromiso y la reserva<\/b><span style=\"font-weight: 400;\">, los viajeros deben experimentar una <\/span><b>atenci\u00f3n personalizada y eficiente<\/b><span style=\"font-weight: 400;\">. Las encuestas de experiencia, como pueden ser, por ejemplo, la evaluaci\u00f3n de la <\/span><b>comida a bordo<\/b><span style=\"font-weight: 400;\">, permiten que los clientes compartan sus comentarios de manera sencilla, brindando a las aerol\u00edneas informaci\u00f3n muy valiosa para mejorar su servicio.<\/span><\/p>\n<p><span style=\"font-weight: 400;\">Ya <\/span><b>en el aeropuerto<\/b><span style=\"font-weight: 400;\">, <\/span><b>la experiencia debe ser fluida y libre de estr\u00e9s<\/b><span style=\"font-weight: 400;\">. Algunas iniciativas pueden ser que las salas VIP ofrezcan comodidad y opciones que satisfagan las necesidades de todos los pasajeros, incluyendo, por ejemplo, opciones vegetarianas. Adem\u00e1s, la <\/span><b>informaci\u00f3n sobre equipaje<\/b><span style=\"font-weight: 400;\"> debe abordarse con claridad con tarifas detalladas y transparentes.<\/span><\/p>\n<p><b>Durante el vuelo<\/b><span style=\"font-weight: 400;\">, la <\/span><b>comodidad y el entretenimiento<\/b><span style=\"font-weight: 400;\"> son fundamentales, brindando a los pasajeros un servicio diferencial y de alto valor.<\/span><\/p>\n<h4><b>Giada Longo, Digital Marketing Specialist<\/b><span style=\"font-weight: 400;\"> en<\/span><b> SANDSIV<\/b><span style=\"font-weight: 400;\"> asegura que \u201cla<\/span><i><span style=\"font-weight: 400;\"> inversi\u00f3n en soluciones de feedback en tiempo real representa, hoy en d\u00eda, un paso esencial hacia la excelencia en un mercado tan competitivo como el de las aerol\u00edneas. Gracias a su integraci\u00f3n las compa\u00f1\u00edas a\u00e9reas ser\u00e1n capaces de comprender claramente las necesidades de los pasajeros en cada punto de contacto a trav\u00e9s de la captura de comentarios de m\u00faltiples fuentes y la aplicaci\u00f3n de an\u00e1lisis de sentimiento en datos multicanal y multiling\u00fces. Solo as\u00ed ser\u00e1 posible para esta industria\u00a0 retener a sus clientes y conseguir fidelizarlos en esta nueva era\u201d.<\/span><\/i><\/h4>\n                    <\/div>\r\n                            <\/div>\r\n        <\/div>\r\n    <\/div>\r\n<\/div>\n\n\r\n<div id=\"blog_post_content-block_24ab7a75c95aec0369224b04fb28a097\" class=\"blog_post_content scroll-fade\">\r\n    <div class=\"module \">\r\n\r\n                    <div class=\"container\">\r\n                                \r\n            <div class=\"blog_post_content_inner\"> \r\n                                    <div class=\"heading_section\">\r\n                        <div class=\"heading_text h1\">\r\n                            La Experiencia del Turista                        <\/div>\r\n                    <\/div>\r\n                                                    <div class=\"content_section\">\r\n                        <h5>CONTACTO:<span style=\"font-weight: 400;\"><br \/>\n<\/span><a href=\"mailto:media@sandsiv.com\"><b>media@SANDSIV.com<\/b><\/a><\/h5>\n                    <\/div>\r\n                            <\/div>\r\n        <\/div>\r\n    <\/div>\r\n<\/div>\n\n\r\n<div id=\"frames_section-block_55f6e5e9945425fc41d1b89e4950456b\" class=\"frames_section scroll-fade\">\r\n    <div class=\"module mt_0  mb_0\">  \r\n        <div class=\"bg_clr_section bg_clr_red\">               \r\n            <div class=\"container\">\r\n                <div class=\"frames_section_inner\"> \r\n                                            <div class=\"heading\">\r\n                            Empieza a crecer con sandsiv+ hoy mismo                        <\/div>\r\n                                                                                    <div class=\"button_section\">\r\n                            <a class=\"btn btn--white \" href=\"https:\/\/sandsiv.com\/es\/quiero-ver-una-demo\/\" >\r\n                                Quiero ver una demo                            <\/a>\r\n                        <\/div>\r\n                                    <\/div>\r\n            <\/div>\r\n        <\/div>\r\n    <\/div>\r\n<\/div>","protected":false},"excerpt":{"rendered":"","protected":false},"author":3,"featured_media":0,"parent":0,"menu_order":0,"comment_status":"closed","ping_status":"closed","template":"","meta":{"content-type":"","footnotes":""},"class_list":["post-10987","page","type-page","status-publish","hentry"],"acf":[],"yoast_head":"<!-- This site is optimized with the Yoast SEO Premium plugin v26.9 (Yoast SEO v27.3) - https:\/\/yoast.com\/product\/yoast-seo-premium-wordpress\/ -->\n<title>La Experiencia del Turista - sandsiv+<\/title>\n<meta name=\"description\" content=\"D\u00eda Mundial del Turismo: Retos de las aerol\u00edneas para mejorar la Experiencia del Turista en la era \u00b4postpandemia\u00b4.\" \/>\n<meta name=\"robots\" content=\"index, follow, max-snippet:-1, max-image-preview:large, max-video-preview:-1\" \/>\n<link rel=\"canonical\" href=\"https:\/\/sandsiv.com\/es\/la-experiencia-del-turista\/\" \/>\n<meta property=\"og:locale\" content=\"es_ES\" \/>\n<meta property=\"og:type\" content=\"article\" \/>\n<meta property=\"og:title\" content=\"La Experiencia del Turista\" \/>\n<meta property=\"og:description\" content=\"D\u00eda Mundial del Turismo: Retos de las aerol\u00edneas para mejorar la Experiencia del Turista en la era \u00b4postpandemia\u00b4.\" \/>\n<meta property=\"og:url\" content=\"https:\/\/sandsiv.com\/es\/la-experiencia-del-turista\/\" \/>\n<meta property=\"og:site_name\" content=\"sandsiv+\" \/>\n<meta property=\"article:modified_time\" content=\"2023-09-27T07:28:41+00:00\" \/>\n<meta name=\"twitter:card\" content=\"summary_large_image\" \/>\n<script type=\"application\/ld+json\" class=\"yoast-schema-graph\">{\"@context\":\"https:\\\/\\\/schema.org\",\"@graph\":[{\"@type\":\"WebPage\",\"@id\":\"https:\\\/\\\/sandsiv.com\\\/es\\\/la-experiencia-del-turista\\\/\",\"url\":\"https:\\\/\\\/sandsiv.com\\\/es\\\/la-experiencia-del-turista\\\/\",\"name\":\"La Experiencia del Turista - sandsiv+\",\"isPartOf\":{\"@id\":\"https:\\\/\\\/sandsiv.com\\\/#website\"},\"datePublished\":\"2023-09-27T07:28:38+00:00\",\"dateModified\":\"2023-09-27T07:28:41+00:00\",\"description\":\"D\u00eda Mundial del Turismo: Retos de las aerol\u00edneas para mejorar la Experiencia del Turista en la era \u00b4postpandemia\u00b4.\",\"breadcrumb\":{\"@id\":\"https:\\\/\\\/sandsiv.com\\\/es\\\/la-experiencia-del-turista\\\/#breadcrumb\"},\"inLanguage\":\"es\",\"potentialAction\":[{\"@type\":\"ReadAction\",\"target\":[\"https:\\\/\\\/sandsiv.com\\\/es\\\/la-experiencia-del-turista\\\/\"]}]},{\"@type\":\"BreadcrumbList\",\"@id\":\"https:\\\/\\\/sandsiv.com\\\/es\\\/la-experiencia-del-turista\\\/#breadcrumb\",\"itemListElement\":[{\"@type\":\"ListItem\",\"position\":1,\"name\":\"Home\",\"item\":\"https:\\\/\\\/sandsiv.com\\\/es\\\/\"},{\"@type\":\"ListItem\",\"position\":2,\"name\":\"La Experiencia del Turista\"}]},{\"@type\":\"WebSite\",\"@id\":\"https:\\\/\\\/sandsiv.com\\\/#website\",\"url\":\"https:\\\/\\\/sandsiv.com\\\/\",\"name\":\"sandsiv+\",\"description\":\"Customer Intelligence Made In Switzerland\",\"publisher\":{\"@id\":\"https:\\\/\\\/sandsiv.com\\\/#organization\"},\"potentialAction\":[{\"@type\":\"SearchAction\",\"target\":{\"@type\":\"EntryPoint\",\"urlTemplate\":\"https:\\\/\\\/sandsiv.com\\\/?s={search_term_string}\"},\"query-input\":{\"@type\":\"PropertyValueSpecification\",\"valueRequired\":true,\"valueName\":\"search_term_string\"}}],\"inLanguage\":\"es\"},{\"@type\":\"Organization\",\"@id\":\"https:\\\/\\\/sandsiv.com\\\/#organization\",\"name\":\"sandsiv+\",\"url\":\"https:\\\/\\\/sandsiv.com\\\/\",\"logo\":{\"@type\":\"ImageObject\",\"inLanguage\":\"es\",\"@id\":\"https:\\\/\\\/sandsiv.com\\\/#\\\/schema\\\/logo\\\/image\\\/\",\"url\":\"https:\\\/\\\/sandsiv.com\\\/wp-content\\\/uploads\\\/2021\\\/08\\\/logo-light-normal.svg\",\"contentUrl\":\"https:\\\/\\\/sandsiv.com\\\/wp-content\\\/uploads\\\/2021\\\/08\\\/logo-light-normal.svg\",\"width\":376,\"height\":67,\"caption\":\"sandsiv+\"},\"image\":{\"@id\":\"https:\\\/\\\/sandsiv.com\\\/#\\\/schema\\\/logo\\\/image\\\/\"}}]}<\/script>\n<!-- \/ Yoast SEO Premium plugin. -->","yoast_head_json":{"title":"La Experiencia del Turista - sandsiv+","description":"D\u00eda Mundial del Turismo: Retos de las aerol\u00edneas para mejorar la Experiencia del Turista en la era \u00b4postpandemia\u00b4.","robots":{"index":"index","follow":"follow","max-snippet":"max-snippet:-1","max-image-preview":"max-image-preview:large","max-video-preview":"max-video-preview:-1"},"canonical":"https:\/\/sandsiv.com\/es\/la-experiencia-del-turista\/","og_locale":"es_ES","og_type":"article","og_title":"La Experiencia del Turista","og_description":"D\u00eda Mundial del Turismo: Retos de las aerol\u00edneas para mejorar la Experiencia del Turista en la era \u00b4postpandemia\u00b4.","og_url":"https:\/\/sandsiv.com\/es\/la-experiencia-del-turista\/","og_site_name":"sandsiv+","article_modified_time":"2023-09-27T07:28:41+00:00","twitter_card":"summary_large_image","schema":{"@context":"https:\/\/schema.org","@graph":[{"@type":"WebPage","@id":"https:\/\/sandsiv.com\/es\/la-experiencia-del-turista\/","url":"https:\/\/sandsiv.com\/es\/la-experiencia-del-turista\/","name":"La Experiencia del Turista - sandsiv+","isPartOf":{"@id":"https:\/\/sandsiv.com\/#website"},"datePublished":"2023-09-27T07:28:38+00:00","dateModified":"2023-09-27T07:28:41+00:00","description":"D\u00eda Mundial del Turismo: Retos de las aerol\u00edneas para mejorar la Experiencia del Turista en la era \u00b4postpandemia\u00b4.","breadcrumb":{"@id":"https:\/\/sandsiv.com\/es\/la-experiencia-del-turista\/#breadcrumb"},"inLanguage":"es","potentialAction":[{"@type":"ReadAction","target":["https:\/\/sandsiv.com\/es\/la-experiencia-del-turista\/"]}]},{"@type":"BreadcrumbList","@id":"https:\/\/sandsiv.com\/es\/la-experiencia-del-turista\/#breadcrumb","itemListElement":[{"@type":"ListItem","position":1,"name":"Home","item":"https:\/\/sandsiv.com\/es\/"},{"@type":"ListItem","position":2,"name":"La Experiencia del Turista"}]},{"@type":"WebSite","@id":"https:\/\/sandsiv.com\/#website","url":"https:\/\/sandsiv.com\/","name":"sandsiv+","description":"Customer Intelligence Made In Switzerland","publisher":{"@id":"https:\/\/sandsiv.com\/#organization"},"potentialAction":[{"@type":"SearchAction","target":{"@type":"EntryPoint","urlTemplate":"https:\/\/sandsiv.com\/?s={search_term_string}"},"query-input":{"@type":"PropertyValueSpecification","valueRequired":true,"valueName":"search_term_string"}}],"inLanguage":"es"},{"@type":"Organization","@id":"https:\/\/sandsiv.com\/#organization","name":"sandsiv+","url":"https:\/\/sandsiv.com\/","logo":{"@type":"ImageObject","inLanguage":"es","@id":"https:\/\/sandsiv.com\/#\/schema\/logo\/image\/","url":"https:\/\/sandsiv.com\/wp-content\/uploads\/2021\/08\/logo-light-normal.svg","contentUrl":"https:\/\/sandsiv.com\/wp-content\/uploads\/2021\/08\/logo-light-normal.svg","width":376,"height":67,"caption":"sandsiv+"},"image":{"@id":"https:\/\/sandsiv.com\/#\/schema\/logo\/image\/"}}]}},"_links":{"self":[{"href":"https:\/\/sandsiv.com\/es\/wp-json\/wp\/v2\/pages\/10987","targetHints":{"allow":["GET"]}}],"collection":[{"href":"https:\/\/sandsiv.com\/es\/wp-json\/wp\/v2\/pages"}],"about":[{"href":"https:\/\/sandsiv.com\/es\/wp-json\/wp\/v2\/types\/page"}],"author":[{"embeddable":true,"href":"https:\/\/sandsiv.com\/es\/wp-json\/wp\/v2\/users\/3"}],"replies":[{"embeddable":true,"href":"https:\/\/sandsiv.com\/es\/wp-json\/wp\/v2\/comments?post=10987"}],"version-history":[{"count":0,"href":"https:\/\/sandsiv.com\/es\/wp-json\/wp\/v2\/pages\/10987\/revisions"}],"wp:attachment":[{"href":"https:\/\/sandsiv.com\/es\/wp-json\/wp\/v2\/media?parent=10987"}],"curies":[{"name":"wp","href":"https:\/\/api.w.org\/{rel}","templated":true}]}}