
{"id":10526,"date":"2023-07-14T07:09:27","date_gmt":"2023-07-14T07:09:27","guid":{"rendered":"https:\/\/sandsiv.com\/social-media-day-at-sandsiv\/"},"modified":"2023-08-30T07:45:51","modified_gmt":"2023-08-30T07:45:51","slug":"dia-mundial-de-las-rrss","status":"publish","type":"page","link":"https:\/\/sandsiv.com\/es\/dia-mundial-de-las-rrss\/","title":{"rendered":"D\u00eda Mundial de las RRSS"},"content":{"rendered":"<div id=\"banner-block_f14a1b078276eab46dc93635d801874c\"\r\n    class=\"banner scroll-fade\">\r\n    <div\r\n        class=\"module mt_0  mb_0\">\r\n        <div class=\"container\">\r\n            <div class=\"banner__inner\">\r\n                <div class=\"banner__data\">\r\n                                        <h1 class=\"heading\">D\u00eda Mundial de las RRSS<strong\r\n                            class=\"heading_red\">Art\u00edculo<\/strong>                    <\/h1>\r\n                                                            <div class=\"description\">29 de junio de 2023 &#8211; D\u00eda Mundial de las RRSS                    <\/div>                                                            <div class=\"banner__button\">\r\n                        <a href=\"https:\/\/sandsiv.com\/es\/quiero-ver-una-demo\/\"\r\n                            class=\"btn\" _self                            >Quiero ver una demo<\/a>\r\n                    <\/div>\r\n                                                                            <\/div>\r\n                <div class=\"banner__media\">\r\n                                        <div class=\"banner__image\">\r\n                        <picture class=\"image\">\r\n                            <source srcset=\"\">\r\n                            <img decoding=\"async\" src=\"\"\r\n                                alt=\"\" \/>\r\n                        <\/picture>\r\n                    <\/div>\r\n                                                                            <\/div>\r\n            <\/div>\r\n        <\/div>\r\n    <\/div>\r\n<\/div>\n\n\r\n<div id=\"frames_section-block_6e028f63b852baafb17306a40fda407a\" class=\"frames_section scroll-fade\">\r\n    <div class=\"module mt_0  mb_0\">  \r\n        <div class=\"bg_clr_section bg_clr_red\">               \r\n            <div class=\"container\">\r\n                <div class=\"frames_section_inner\"> \r\n                                                                <div class=\"text\">\r\n                            <p><span style=\"font-weight: 400;\">Durante los \u00faltimos a\u00f1os, y m\u00e1s a\u00fan desde el inicio de la pandemia de 2020, las<\/span><b> Redes Sociales<\/b><span style=\"font-weight: 400;\"> se han posicionado como un <\/span><b>canal fundamental<\/b><span style=\"font-weight: 400;\">, incluso por encima del f\u00edsico, para <\/span><b>que las marcas interact\u00faen en tiempo real<\/b><span style=\"font-weight: 400;\"> con sus clientes.<\/span><\/p>\n<p><span style=\"font-weight: 400;\">Por el <\/span><b>D\u00eda Mundial de las RRSS, SANDSIV <\/b><span style=\"font-weight: 400;\">nos ofrece algunos de los puntos diferenciadores que caracterizan a las marcas l\u00edderes en <\/span><b>Customer Experience (CX)<\/b><span style=\"font-weight: 400;\"> a la hora de ofrecer una experiencia de cliente \u00fanica utilizando como fuente de captaci\u00f3n de datos de inter\u00e9s sus perfiles sociales, un potencial que muchas compa\u00f1\u00edas todav\u00eda no saben aprovechar en el desarrollo de su estrategia empresarial.\u00a0\u00a0<\/span><\/p>\n<p><span style=\"font-weight: 400;\">Por eso, las marcas que triunfan en su sector saben que sus perfiles no son solo un simple canal para<\/span> <span style=\"font-weight: 400;\">publicar contenido promocional, pues las redes sociales pueden brindar <\/span><b>informaci\u00f3n valios\u00edsima sobre el comportamiento y necesidades de los clientes <\/b><span style=\"font-weight: 400;\">que van mucho m\u00e1s all\u00e1 de los <\/span><i><span style=\"font-weight: 400;\">insigths<\/span><\/i><span style=\"font-weight: 400;\"> que son captados, por ejemplo, en las encuestas.<\/span><\/p>\n                        <\/div>\r\n                                                        <\/div>\r\n            <\/div>\r\n        <\/div>\r\n    <\/div>\r\n<\/div>\n\n\r\n<div id=\"blog_post_content-block_c69f91ad9ddc099a8135cef016aeb0e9\" class=\"blog_post_content scroll-fade\">\r\n    <div class=\"module \">\r\n\r\n                            <div class=\"container container--medium\">\r\n                        \r\n            <div class=\"blog_post_content_inner\"> \r\n                                    <div class=\"heading_section\">\r\n                        <div class=\"heading_text h1\">\r\n                            <Div style = \"visibility: hidden\"> <\/ div>                        <\/div>\r\n                    <\/div>\r\n                                                    <div class=\"content_section\">\r\n                        <h4><span style=\"color: #bf2025;\"><b>Las RRSS ofrecen informaci\u00f3n que no ofrecen las encuestas.<\/b><\/span><\/h4>\n<p><span style=\"font-weight: 400;\">Tal como asegura <\/span><b>Federico Cesconi , fundador y CEO de SANDSIV<\/b><span style=\"font-weight: 400;\">,<\/span><a href=\"https:\/\/www.linkedin.com\/pulse\/say-goodbye-low-response-rates-hello-roi-ai-powered-customer-cesconi\/?trackingId=G%2BfyqcoRQ8CAxVoKrIN64w%3D%3D\"> <span style=\"font-weight: 400;\">los bajos \u00edndices de respuesta en las encuestas<\/span><\/a><span style=\"font-weight: 400;\"> a los clientes pueden ser un problema importante para las empresas que intentan recopilar datos sobre la experiencia del cliente, lo que dificulta la obtenci\u00f3n de una muestra representativa. <\/span><i><span style=\"font-weight: 400;\">\u201cEsto puede dar lugar a datos inexactos o incompletos, lo que dificulta la identificaci\u00f3n de \u00e1reas problem\u00e1ticas y el seguimiento del \u00e9xito de las iniciativas de experiencia del cliente\u201d,<\/span><\/i><span style=\"font-weight: 400;\"> a\u00f1ade Cesconi.<\/span><\/p>\n<p><span style=\"font-weight: 400;\">La clave para obtener una <\/span><b>visi\u00f3n global del cliente<\/b><span style=\"font-weight: 400;\"> es tener la <\/span><b>capacidad de analizar e interpretar grandes cantidades de datos <\/b><b>de alta calidad<\/b><b> en tiempo real. <\/b><span style=\"font-weight: 400;\">Estos datos pueden incluir <\/span><b>interacciones de los clientes en las redes sociales<\/b><span style=\"font-weight: 400;\">, el comportamiento en el <\/span><b>sitio web<\/b><span style=\"font-weight: 400;\"> y\/o los comentarios de los clientes <\/span><span style=\"font-weight: 400;\">en los distintos canales, incluidas las encuestas y rese\u00f1as<\/span><span style=\"font-weight: 400;\">. Solo de esa forma el equipo encargado de gestionar la <\/span><b>Voz del Cliente (VOC) <\/b><span style=\"font-weight: 400;\">podr\u00e1 contar con una ventaja comercial para mejorar la lealtad del consumidor.<\/span><\/p>\n<h4><span style=\"color: #bf2025;\"><b>La Inteligencia Artificial en las Redes Sociales<\/b><\/span><\/h4>\n<p><span style=\"font-weight: 400;\">En los \u00faltimos a\u00f1os, el uso de la <\/span><b>inteligencia artificial (IA)<\/b><span style=\"font-weight: 400;\"> ha comenzado a desempe\u00f1ar un papel significativo en la escucha y an\u00e1lisis del comportamiento de los consumidores, lo que ha llevado a la evoluci\u00f3n de la gesti\u00f3n de CX hacia la <\/span><b>inteligencia del cliente (CI).<\/b><\/p>\n<p><span style=\"font-weight: 400;\">La IA ayuda a analizar grandes vol\u00famenes de datos de las <\/span><b>Redes Sociales<\/b><span style=\"font-weight: 400;\"> que contribuyen a entender el comportamiento del usuario. Los algoritmos de IA pueden monitorear millones de informaciones de usuarios para identificar situaciones cr\u00edticas o tendencias <\/span><b>para brindar una experiencia personalizada.<\/b><\/p>\n<p><span style=\"font-weight: 400;\">Los expertos de SANDSIV aseguran que es imprescindible contar con una tecnolog\u00eda avanzada en <\/span><b>IA<\/b><span style=\"font-weight: 400;\"> que pueda extraer sin esfuerzo <\/span><b>el sentimiento del cliente<\/b><span style=\"font-weight: 400;\"> y utilizarlo como ventaja competitiva.<\/span><\/p>\n<p><i><span style=\"font-weight: 400;\">\u201cCuando creamos la soluci\u00f3n de VoC <\/span><\/i><b><i>sandsiv+,<\/i><\/b><i><span style=\"font-weight: 400;\"> pensamos en esas personas del negocio que necesitan nociones t\u00e9cnicas para crear soluciones de inteligencia artificial. A trav\u00e9s de una interfaz gr\u00e1fica de usuario intuitiva, el usuario puede conectar, transformar y generar conjuntos de datos y entrenar modelos de aprendizaje autom\u00e1tico de manera eficiente. Todo esto con solo unos pocos clics\u201d,<\/span><\/i><span style=\"font-weight: 400;\"> a\u00f1ade Federico Cesconi.<\/span><\/p>\n<h4><span style=\"color: #bf2025;\"><b>Inversi\u00f3n en la personalizaci\u00f3n<\/b><\/span><\/h4>\n<p><span style=\"font-weight: 400;\">Cada cliente es \u00fanico, y las marcas pueden aprovechar las RRSS <\/span><b>para personalizar su comunicaci\u00f3n<\/b><span style=\"font-weight: 400;\">. La inversi\u00f3n en plataformas que permiten la personalizaci\u00f3n de la experiencia se convierte en un componente esencial del ecosistema tecnol\u00f3gico de una empresa. Permite la recopilaci\u00f3n de <\/span><i><span style=\"font-weight: 400;\">insights<\/span><\/i><span style=\"font-weight: 400;\"> valiosos que pueden ser utilizados para <\/span><b>mejorar sus recomendaciones a cliente<\/b><span style=\"font-weight: 400;\">, sus servicios y estrategias de marketing a trav\u00e9s de sus perfiles sociales.<\/span><\/p>\n<p><span style=\"font-weight: 400;\">Las capacidades avanzadas de algunas herramientas de escucha permiten ejecutar <\/span><b>modelos predictivos en tiempo real <\/b><span style=\"font-weight: 400;\">para analizar el comportamiento de aquellos clientes que, como dec\u00edamos, no participan en encuestas<\/span><b>.<\/b><span style=\"font-weight: 400;\"> \u201c<\/span><i><span style=\"font-weight: 400;\">Adem\u00e1s,<\/span><\/i><a href=\"https:\/\/www.linkedin.com\/pulse\/beyond-basics-nps-building-ai-model-uncover-silent-federico-cesconi\/?trackingId=G%2BfyqcoRQ8CAxVoKrIN64w%3D%3D\"> <i><span style=\"font-weight: 400;\">sandsiv+ ofrece un alto nivel de flexibilidad<\/span><\/i><\/a><i><span style=\"font-weight: 400;\">, lo que permite a los usuarios crear modelos personalizados que se adaptan a sus necesidades empresariales espec\u00edficas. Esta personalizaci\u00f3n garantiza que los modelos sean relevantes para el negocio, lo que conduce a una mejor toma de decisiones y a una mayor satisfacci\u00f3n del cliente\u201d, <\/span><\/i><span style=\"font-weight: 400;\">explica el CEO de SANDSIV.<\/span><\/p>\n<h4><span style=\"color: #bf2025;\"><b>La inmediatez es clave\u00a0<\/b><\/span><\/h4>\n<p><span style=\"font-weight: 400;\">La inmediatez es clave en las redes sociales. Los clientes esperan respuestas r\u00e1pidas a sus preguntas o inquietudes. Para esto es imprescindible <\/span><b>identificar a los clientes de riesgo, <\/b><span style=\"font-weight: 400;\">es decir,<\/span> <span style=\"font-weight: 400;\">aquellos que podr\u00edan tener una baja satisfacci\u00f3n o estar<\/span><b> en riesgo de convertirse en detractores.<\/b><\/p>\n<p><span style=\"font-weight: 400;\">Una respuesta oportuna e inmediata<\/span> <span style=\"font-weight: 400;\">al contar con esta informaci\u00f3n permite a las empresas tomar <\/span><b>medidas proactivas<\/b><span style=\"font-weight: 400;\"> para retener a estos posibles detractores y demuestra el compromiso de la marca con sus clientes y sus seguidores en las redes.<\/span><\/p>\n<h4><span style=\"color: #bf2025;\"><b>Humanizar y sorprender<\/b><\/span><\/h4>\n<p><span style=\"font-weight: 400;\">Trabajando de manera organizada y coordinada, todos los departamentos de la empresa tienen la capacidad de sorprender a los clientes a trav\u00e9s del poder de las Redes Sociales. Utilizando los valiosos conocimientos que obtenemos de las distintas plataformas, podemos aprovecharlos en toda la organizaci\u00f3n para crear experiencias agradables para nuestros clientes. Esto incluye implementar estrategias de marketing innovadoras que humanicen nuestra marca por ejemplo en los puntos de contacto f\u00edsicos. Tambi\u00e9n podemos utilizar estos conocimientos en nuestras iniciativas de atenci\u00f3n al cliente para abordar de manera efectiva a los detractores, convirti\u00e9ndolos en promotores entusiastas de nuestros productos o servicios.\u00a0<\/span><\/p>\n<p><span style=\"font-weight: 400;\">En resumen, se puede afirmar que es posible capitalizar estos conocimientos para ejecutar acciones de venta adicional y venta cruzada, mejorando a\u00fan m\u00e1s la experiencia del cliente y su satisfacci\u00f3n al mismo tiempo que damos un impulso al crecimiento del negocio.<\/span><\/p>\n                    <\/div>\r\n                            <\/div>\r\n        <\/div>\r\n    <\/div>\r\n<\/div>\n\n\r\n<div id=\"blog_post_content-block_15bf582fd05322139ffcdd22dfd0bff4\" class=\"blog_post_content scroll-fade\">\r\n    <div class=\"module \">\r\n\r\n                    <div class=\"container\">\r\n                                \r\n            <div class=\"blog_post_content_inner\"> \r\n                                    <div class=\"heading_section\">\r\n                        <div class=\"heading_text h1\">\r\n                            D\u00eda Mundial de las RRSS                        <\/div>\r\n                    <\/div>\r\n                                                    <div class=\"content_section\">\r\n                        <h5>CONTACTO:<span style=\"font-weight: 400;\"><br \/>\n<\/span><a href=\"mailto:media@sandsiv.com\"><b>media@SANDSIV.com<\/b><\/a><\/h5>\n                    <\/div>\r\n                            <\/div>\r\n        <\/div>\r\n    <\/div>\r\n<\/div>\n\n\r\n<div id=\"frames_section-block_c3099b178510c96477fa9ea0a72bbabc\" class=\"frames_section scroll-fade\">\r\n    <div class=\"module mt_0  mb_0\">  \r\n        <div class=\"bg_clr_section bg_clr_red\">               \r\n            <div class=\"container\">\r\n                <div class=\"frames_section_inner\"> \r\n                                            <div class=\"heading\">\r\n                            Empieza a crecer con sandsiv+ hoy mismo                        <\/div>\r\n                                                                                    <div class=\"button_section\">\r\n                            <a class=\"btn btn--white \" href=\"https:\/\/sandsiv.com\/es\/quiero-ver-una-demo\/\" >\r\n                                Quiero ver una demo                            <\/a>\r\n                        <\/div>\r\n                                    <\/div>\r\n            <\/div>\r\n        <\/div>\r\n    <\/div>\r\n<\/div>","protected":false},"excerpt":{"rendered":"","protected":false},"author":9,"featured_media":0,"parent":0,"menu_order":0,"comment_status":"closed","ping_status":"closed","template":"","meta":{"content-type":"","footnotes":""},"class_list":["post-10526","page","type-page","status-publish","hentry"],"acf":[],"yoast_head":"<!-- This site is optimized with the Yoast SEO Premium plugin v26.9 (Yoast SEO v27.3) - https:\/\/yoast.com\/product\/yoast-seo-premium-wordpress\/ -->\n<title>D\u00eda Mundial de las RRSS - sandsiv+<\/title>\n<meta name=\"description\" content=\"D\u00eda Mundial de las RRSS: los puntos diferenciadores para ofrecer una CX \u00fanica utilizando las redes como fuente de datos de inter\u00e9s.\" \/>\n<meta name=\"robots\" content=\"index, follow, max-snippet:-1, max-image-preview:large, max-video-preview:-1\" \/>\n<link rel=\"canonical\" href=\"https:\/\/sandsiv.com\/es\/dia-mundial-de-las-rrss\/\" \/>\n<meta property=\"og:locale\" content=\"es_ES\" \/>\n<meta property=\"og:type\" content=\"article\" \/>\n<meta property=\"og:title\" content=\"D\u00eda Mundial de las RRSS\" \/>\n<meta property=\"og:description\" content=\"D\u00eda Mundial de las RRSS: los puntos diferenciadores para ofrecer una CX \u00fanica utilizando las redes como fuente de datos de inter\u00e9s.\" \/>\n<meta property=\"og:url\" content=\"https:\/\/sandsiv.com\/es\/dia-mundial-de-las-rrss\/\" \/>\n<meta property=\"og:site_name\" content=\"sandsiv+\" \/>\n<meta property=\"article:modified_time\" content=\"2023-08-30T07:45:51+00:00\" \/>\n<meta name=\"twitter:card\" content=\"summary_large_image\" \/>\n<script type=\"application\/ld+json\" class=\"yoast-schema-graph\">{\"@context\":\"https:\\\/\\\/schema.org\",\"@graph\":[{\"@type\":\"WebPage\",\"@id\":\"https:\\\/\\\/sandsiv.com\\\/es\\\/dia-mundial-de-las-rrss\\\/\",\"url\":\"https:\\\/\\\/sandsiv.com\\\/es\\\/dia-mundial-de-las-rrss\\\/\",\"name\":\"D\u00eda Mundial de las RRSS - sandsiv+\",\"isPartOf\":{\"@id\":\"https:\\\/\\\/sandsiv.com\\\/#website\"},\"datePublished\":\"2023-07-14T07:09:27+00:00\",\"dateModified\":\"2023-08-30T07:45:51+00:00\",\"description\":\"D\u00eda Mundial de las RRSS: los puntos diferenciadores para ofrecer una CX \u00fanica utilizando las redes como fuente de datos de inter\u00e9s.\",\"breadcrumb\":{\"@id\":\"https:\\\/\\\/sandsiv.com\\\/es\\\/dia-mundial-de-las-rrss\\\/#breadcrumb\"},\"inLanguage\":\"es\",\"potentialAction\":[{\"@type\":\"ReadAction\",\"target\":[\"https:\\\/\\\/sandsiv.com\\\/es\\\/dia-mundial-de-las-rrss\\\/\"]}]},{\"@type\":\"BreadcrumbList\",\"@id\":\"https:\\\/\\\/sandsiv.com\\\/es\\\/dia-mundial-de-las-rrss\\\/#breadcrumb\",\"itemListElement\":[{\"@type\":\"ListItem\",\"position\":1,\"name\":\"Home\",\"item\":\"https:\\\/\\\/sandsiv.com\\\/es\\\/\"},{\"@type\":\"ListItem\",\"position\":2,\"name\":\"D\u00eda Mundial de las RRSS\"}]},{\"@type\":\"WebSite\",\"@id\":\"https:\\\/\\\/sandsiv.com\\\/#website\",\"url\":\"https:\\\/\\\/sandsiv.com\\\/\",\"name\":\"sandsiv+\",\"description\":\"Customer Intelligence Made In Switzerland\",\"publisher\":{\"@id\":\"https:\\\/\\\/sandsiv.com\\\/#organization\"},\"potentialAction\":[{\"@type\":\"SearchAction\",\"target\":{\"@type\":\"EntryPoint\",\"urlTemplate\":\"https:\\\/\\\/sandsiv.com\\\/?s={search_term_string}\"},\"query-input\":{\"@type\":\"PropertyValueSpecification\",\"valueRequired\":true,\"valueName\":\"search_term_string\"}}],\"inLanguage\":\"es\"},{\"@type\":\"Organization\",\"@id\":\"https:\\\/\\\/sandsiv.com\\\/#organization\",\"name\":\"sandsiv+\",\"url\":\"https:\\\/\\\/sandsiv.com\\\/\",\"logo\":{\"@type\":\"ImageObject\",\"inLanguage\":\"es\",\"@id\":\"https:\\\/\\\/sandsiv.com\\\/#\\\/schema\\\/logo\\\/image\\\/\",\"url\":\"https:\\\/\\\/sandsiv.com\\\/wp-content\\\/uploads\\\/2021\\\/08\\\/logo-light-normal.svg\",\"contentUrl\":\"https:\\\/\\\/sandsiv.com\\\/wp-content\\\/uploads\\\/2021\\\/08\\\/logo-light-normal.svg\",\"width\":376,\"height\":67,\"caption\":\"sandsiv+\"},\"image\":{\"@id\":\"https:\\\/\\\/sandsiv.com\\\/#\\\/schema\\\/logo\\\/image\\\/\"}}]}<\/script>\n<!-- \/ Yoast SEO Premium plugin. -->","yoast_head_json":{"title":"D\u00eda Mundial de las RRSS - sandsiv+","description":"D\u00eda Mundial de las RRSS: los puntos diferenciadores para ofrecer una CX \u00fanica utilizando las redes como fuente de datos de inter\u00e9s.","robots":{"index":"index","follow":"follow","max-snippet":"max-snippet:-1","max-image-preview":"max-image-preview:large","max-video-preview":"max-video-preview:-1"},"canonical":"https:\/\/sandsiv.com\/es\/dia-mundial-de-las-rrss\/","og_locale":"es_ES","og_type":"article","og_title":"D\u00eda Mundial de las RRSS","og_description":"D\u00eda Mundial de las RRSS: los puntos diferenciadores para ofrecer una CX \u00fanica utilizando las redes como fuente de datos de inter\u00e9s.","og_url":"https:\/\/sandsiv.com\/es\/dia-mundial-de-las-rrss\/","og_site_name":"sandsiv+","article_modified_time":"2023-08-30T07:45:51+00:00","twitter_card":"summary_large_image","schema":{"@context":"https:\/\/schema.org","@graph":[{"@type":"WebPage","@id":"https:\/\/sandsiv.com\/es\/dia-mundial-de-las-rrss\/","url":"https:\/\/sandsiv.com\/es\/dia-mundial-de-las-rrss\/","name":"D\u00eda Mundial de las RRSS - sandsiv+","isPartOf":{"@id":"https:\/\/sandsiv.com\/#website"},"datePublished":"2023-07-14T07:09:27+00:00","dateModified":"2023-08-30T07:45:51+00:00","description":"D\u00eda Mundial de las RRSS: los puntos diferenciadores para ofrecer una CX \u00fanica utilizando las redes como fuente de datos de inter\u00e9s.","breadcrumb":{"@id":"https:\/\/sandsiv.com\/es\/dia-mundial-de-las-rrss\/#breadcrumb"},"inLanguage":"es","potentialAction":[{"@type":"ReadAction","target":["https:\/\/sandsiv.com\/es\/dia-mundial-de-las-rrss\/"]}]},{"@type":"BreadcrumbList","@id":"https:\/\/sandsiv.com\/es\/dia-mundial-de-las-rrss\/#breadcrumb","itemListElement":[{"@type":"ListItem","position":1,"name":"Home","item":"https:\/\/sandsiv.com\/es\/"},{"@type":"ListItem","position":2,"name":"D\u00eda Mundial de las RRSS"}]},{"@type":"WebSite","@id":"https:\/\/sandsiv.com\/#website","url":"https:\/\/sandsiv.com\/","name":"sandsiv+","description":"Customer Intelligence Made In Switzerland","publisher":{"@id":"https:\/\/sandsiv.com\/#organization"},"potentialAction":[{"@type":"SearchAction","target":{"@type":"EntryPoint","urlTemplate":"https:\/\/sandsiv.com\/?s={search_term_string}"},"query-input":{"@type":"PropertyValueSpecification","valueRequired":true,"valueName":"search_term_string"}}],"inLanguage":"es"},{"@type":"Organization","@id":"https:\/\/sandsiv.com\/#organization","name":"sandsiv+","url":"https:\/\/sandsiv.com\/","logo":{"@type":"ImageObject","inLanguage":"es","@id":"https:\/\/sandsiv.com\/#\/schema\/logo\/image\/","url":"https:\/\/sandsiv.com\/wp-content\/uploads\/2021\/08\/logo-light-normal.svg","contentUrl":"https:\/\/sandsiv.com\/wp-content\/uploads\/2021\/08\/logo-light-normal.svg","width":376,"height":67,"caption":"sandsiv+"},"image":{"@id":"https:\/\/sandsiv.com\/#\/schema\/logo\/image\/"}}]}},"_links":{"self":[{"href":"https:\/\/sandsiv.com\/es\/wp-json\/wp\/v2\/pages\/10526","targetHints":{"allow":["GET"]}}],"collection":[{"href":"https:\/\/sandsiv.com\/es\/wp-json\/wp\/v2\/pages"}],"about":[{"href":"https:\/\/sandsiv.com\/es\/wp-json\/wp\/v2\/types\/page"}],"author":[{"embeddable":true,"href":"https:\/\/sandsiv.com\/es\/wp-json\/wp\/v2\/users\/9"}],"replies":[{"embeddable":true,"href":"https:\/\/sandsiv.com\/es\/wp-json\/wp\/v2\/comments?post=10526"}],"version-history":[{"count":0,"href":"https:\/\/sandsiv.com\/es\/wp-json\/wp\/v2\/pages\/10526\/revisions"}],"wp:attachment":[{"href":"https:\/\/sandsiv.com\/es\/wp-json\/wp\/v2\/media?parent=10526"}],"curies":[{"name":"wp","href":"https:\/\/api.w.org\/{rel}","templated":true}]}}