
{"id":10469,"date":"2023-03-23T08:31:13","date_gmt":"2023-03-23T08:31:13","guid":{"rendered":"https:\/\/sandsiv.com\/softwarereviews-report-voc-global-leader-2023\/"},"modified":"2023-08-29T07:20:03","modified_gmt":"2023-08-29T07:20:03","slug":"softwarereviews-informe-2023","status":"publish","type":"page","link":"https:\/\/sandsiv.com\/es\/softwarereviews-informe-2023\/","title":{"rendered":"SoftwareReviews informe 2023"},"content":{"rendered":"<div id=\"banner-block_72876480e0ad1d3b14e25fdcd86f0102\"\r\n    class=\"banner scroll-fade\">\r\n    <div\r\n        class=\"module mt_0  mb_0\">\r\n        <div class=\"container\">\r\n            <div class=\"banner__inner\">\r\n                <div class=\"banner__data\">\r\n                                        <h1 class=\"heading\">SoftwareReviews informe<strong\r\n                            class=\"heading_red\">L\u00edder mundial 2023<\/strong>                    <\/h1>\r\n                                                            <div class=\"description\">SANDSIV ha logrado la mayor puntuaci\u00f3n de satisfacci\u00f3n agregada de 8,8 entre 11 proveedores de VOC, lo que nos ha valido el prestigioso t\u00edtulo de Medallista de Oro y L\u00edder en el \u00faltimo informe de SoftwareReviews.                    <\/div>                                                            <div class=\"banner__button\">\r\n                        <a href=\"https:\/\/sandsiv.com\/es\/quiero-ver-una-demo\/\"\r\n                            class=\"btn\" _self                            >Quiero ver una demo<\/a>\r\n                    <\/div>\r\n                                                                            <\/div>\r\n                <div class=\"banner__media\">\r\n                                        <div class=\"banner__image\">\r\n                        <picture class=\"image\">\r\n                            <source srcset=\"https:\/\/sandsiv.com\/wp-content\/uploads\/2023\/03\/SANDSIV_infotech_VoC_2023_quadrant-1.jpeg\">\r\n                            <img decoding=\"async\" src=\"https:\/\/sandsiv.com\/wp-content\/uploads\/2023\/03\/SANDSIV_infotech_VoC_2023_quadrant-1.jpeg\"\r\n                                alt=\"\" \/>\r\n                        <\/picture>\r\n                    <\/div>\r\n                                                                            <\/div>\r\n            <\/div>\r\n        <\/div>\r\n    <\/div>\r\n<\/div>\n\n\n<div id=\"post_content_with_download_link_two_columns-block_4089931930be7cae6bf1536967bc88aa\" class=\"post_content_with_download_link_two_columns scroll-fade\">\n    <div class=\"module \">                \n        <div class=\"container\">\n            <div class=\"post_content_with_download_link_two_columns_inner\"> \n                \t\t\t\t\t<div class=\"content_section\">\n\t\t\t\t\t\t\t\t\t\t\t\t\t<div class=\"content_section_inner\">\n                                                                    <div class=\"heading_text\">\n                                        Descargar                                    <\/div>\n                                                                                                    <div class=\"content\">\n                                        <p>La puntuaci\u00f3n compuesta de SANDSIV de 8,8 super\u00f3 a los principales competidores como Qualtrics, Medallia, SurveyMonkey, GetFeedback, Gainsight, Alchemer, Forsta, AskNicely, InMoment y SurveySparrow. De hecho, Qualtrics obtuvo una puntuaci\u00f3n de 8,0 y Medallia una puntuaci\u00f3n de 7,4, haciendo de SANDSIV la elecci\u00f3n clara para las empresas que buscan mejorar sus experiencias de los clientes e impulsar el crecimiento.<\/p>\n<p><strong>\u00bfQu\u00e9 significa esto para ti?<\/strong> Significa que al elegir SANDSIV, usted est\u00e1 eligiendo un socio que se ha comprometido a ofrecer una experiencia de usuario excepcional y ayudarle a entender y mejorar las experiencias de sus clientes como nunca antes. SoftwareReviews eval\u00faa aspectos de las capacidades y caracter\u00edsticas del software utilizando un promedio ponderado de las puntuaciones de satisfacci\u00f3n del usuario. Estas puntuaciones utilizan una escala de satisfacci\u00f3n para determinar si un software deleita o decepciona, creando un potente indicador del valor general para el usuario.<\/p>\n<p>Pero no se f\u00ede s\u00f3lo de nuestra palabra. Descarga nuestros informes hoy y comprueba por ti mismo por qu\u00e9 SANDSIV es la elecci\u00f3n clara para las empresas que buscan mejorar la experiencia de sus clientes e impulsar el crecimiento. Rellena el formulario para aprender:<\/p>\n<ul>\n<li>Las tendencias que est\u00e1n dando forma al futuro del mercado CXM<\/li>\n<li>C\u00f3mo SANDSIV se compara con la competencia y por qu\u00e9 los usuarios finales eligen sandsiv+ como el software de soluciones de voz del cliente mejor valorado.<\/li>\n<li>C\u00f3mo va<strong> SANDSIV en comparaci\u00f3n con Qualtrics y Medallia<\/strong>, dos de los grandes nombres de la industria<\/li>\n<\/ul>\n<p>En SANDSIV, estamos comprometidos a <strong>ofrecer un valor excepcional y apoyo a nuestros clientes<\/strong>, y nuestro reconocimiento como el proveedor de soluciones VOC No.1 del mundo es un testimonio de nuestro compromiso con la excelencia. \u00bfPor qu\u00e9 esperar?<\/p>\n                                    <\/div>\n                                \t\t\t\t\t\t\t<\/div>\n\t\t\t\t\t\t\t\t\t\t\t<\/div>\n                                <div class=\"download_link_section\">\n                    <div class=\"download_link_section_inner\">\n                                                                                                                                                                                                                <div class=\"contact_form_section\">\n                                    <script type=\"text\/javascript\" src=\"https:\/\/mautic.sandsiv.com\/form\/generate.js?id=114\"><\/script>                                <\/div>\n                                                                                <\/div>\n\n\t\t\t\t\t<\/div>\n\n\n  \n            <\/div>\n        <\/div>\n    <\/div>\n<\/div>\n\n\r\n<div id=\"frames_section-block_e26a89df3ac01eb1ca4f223287083b0d\" class=\"frames_section scroll-fade\">\r\n    <div class=\"module mt_0  mb_0\">  \r\n        <div class=\"bg_clr_section bg_clr_turquoise\">               \r\n            <div class=\"container\">\r\n                <div class=\"frames_section_inner\"> \r\n                                            <div class=\"heading\">\r\n                            <span style=\"color: #404040;\">El mercado de los proveedores de CX es muy competitivo.<\/span>                        <\/div>\r\n                                                                <div class=\"text\">\r\n                            <p><span style=\"color: #404040;\">Elegir al socio adecuado es importante.<\/span><\/p>\n                        <\/div>\r\n                                                                <div class=\"button_section\">\r\n                            <a class=\"btn btn--white \" href=\"https:\/\/sandsiv.com\/es\/premios-y-reconocimientos\/\" >\r\n                                Descubre nuestros galardones                            <\/a>\r\n                        <\/div>\r\n                                    <\/div>\r\n            <\/div>\r\n        <\/div>\r\n    <\/div>\r\n<\/div>\n\n\r\n<div id=\"frames_section-block_33e5e06bbc89a58783683ba71c4d0b06\" class=\"frames_section scroll-fade\">\r\n    <div class=\"module mt_0  mb_0\">  \r\n        <div class=\"bg_clr_section bg_clr_red\">               \r\n            <div class=\"container\">\r\n                <div class=\"frames_section_inner\"> \r\n                                            <div class=\"heading\">\r\n                            Empieza a crecer con sandsiv+ hoy mismo                        <\/div>\r\n                                                                                    <div class=\"button_section\">\r\n                            <a class=\"btn btn--white \" href=\"https:\/\/sandsiv.com\/es\/quiero-ver-una-demo\/\" >\r\n                                Quiero ver una demo                            <\/a>\r\n                        <\/div>\r\n                                    <\/div>\r\n            <\/div>\r\n        <\/div>\r\n    <\/div>\r\n<\/div>\n\n\n<p><\/p>\n","protected":false},"excerpt":{"rendered":"","protected":false},"author":5,"featured_media":0,"parent":0,"menu_order":0,"comment_status":"closed","ping_status":"closed","template":"","meta":{"content-type":"","footnotes":""},"class_list":["post-10469","page","type-page","status-publish","hentry"],"acf":[],"yoast_head":"<!-- This site is optimized with the Yoast SEO Premium plugin v26.9 (Yoast SEO v27.5) - https:\/\/yoast.com\/product\/yoast-seo-premium-wordpress\/ -->\n<title>CXM Global report 2023 SoftwareReviews informe 2023 - sandsiv+<\/title>\n<meta name=\"description\" content=\"SANDSIV super\u00f3 a los 11 principales competidores como Qualtrics y Medallia. Descarga el informe de SoftwareReviews para ver c\u00f3mo.\" \/>\n<meta name=\"robots\" content=\"index, follow, max-snippet:-1, max-image-preview:large, max-video-preview:-1\" \/>\n<link rel=\"canonical\" href=\"https:\/\/sandsiv.com\/es\/softwarereviews-informe-2023\/\" \/>\n<meta property=\"og:locale\" content=\"es_ES\" \/>\n<meta property=\"og:type\" content=\"article\" \/>\n<meta property=\"og:title\" content=\"SoftwareReviews informe 2023\" \/>\n<meta property=\"og:description\" content=\"SANDSIV super\u00f3 a los 11 principales competidores como Qualtrics y Medallia. Descarga el informe de SoftwareReviews para ver c\u00f3mo.\" \/>\n<meta property=\"og:url\" content=\"https:\/\/sandsiv.com\/es\/softwarereviews-informe-2023\/\" \/>\n<meta property=\"og:site_name\" content=\"sandsiv+\" \/>\n<meta property=\"article:modified_time\" content=\"2023-08-29T07:20:03+00:00\" \/>\n<meta name=\"twitter:card\" content=\"summary_large_image\" \/>\n<script type=\"application\/ld+json\" class=\"yoast-schema-graph\">{\"@context\":\"https:\\\/\\\/schema.org\",\"@graph\":[{\"@type\":\"WebPage\",\"@id\":\"https:\\\/\\\/sandsiv.com\\\/es\\\/softwarereviews-informe-2023\\\/\",\"url\":\"https:\\\/\\\/sandsiv.com\\\/es\\\/softwarereviews-informe-2023\\\/\",\"name\":\"CXM Global report 2023 SoftwareReviews informe 2023 - sandsiv+\",\"isPartOf\":{\"@id\":\"https:\\\/\\\/sandsiv.com\\\/#website\"},\"datePublished\":\"2023-03-23T08:31:13+00:00\",\"dateModified\":\"2023-08-29T07:20:03+00:00\",\"description\":\"SANDSIV super\u00f3 a los 11 principales competidores como Qualtrics y Medallia. Descarga el informe de SoftwareReviews para ver c\u00f3mo.\",\"breadcrumb\":{\"@id\":\"https:\\\/\\\/sandsiv.com\\\/es\\\/softwarereviews-informe-2023\\\/#breadcrumb\"},\"inLanguage\":\"es\",\"potentialAction\":[{\"@type\":\"ReadAction\",\"target\":[\"https:\\\/\\\/sandsiv.com\\\/es\\\/softwarereviews-informe-2023\\\/\"]}]},{\"@type\":\"BreadcrumbList\",\"@id\":\"https:\\\/\\\/sandsiv.com\\\/es\\\/softwarereviews-informe-2023\\\/#breadcrumb\",\"itemListElement\":[{\"@type\":\"ListItem\",\"position\":1,\"name\":\"Home\",\"item\":\"https:\\\/\\\/sandsiv.com\\\/es\\\/\"},{\"@type\":\"ListItem\",\"position\":2,\"name\":\"SoftwareReviews informe 2023\"}]},{\"@type\":\"WebSite\",\"@id\":\"https:\\\/\\\/sandsiv.com\\\/#website\",\"url\":\"https:\\\/\\\/sandsiv.com\\\/\",\"name\":\"sandsiv+\",\"description\":\"Customer Intelligence Made In Switzerland\",\"publisher\":{\"@id\":\"https:\\\/\\\/sandsiv.com\\\/#organization\"},\"potentialAction\":[{\"@type\":\"SearchAction\",\"target\":{\"@type\":\"EntryPoint\",\"urlTemplate\":\"https:\\\/\\\/sandsiv.com\\\/?s={search_term_string}\"},\"query-input\":{\"@type\":\"PropertyValueSpecification\",\"valueRequired\":true,\"valueName\":\"search_term_string\"}}],\"inLanguage\":\"es\"},{\"@type\":\"Organization\",\"@id\":\"https:\\\/\\\/sandsiv.com\\\/#organization\",\"name\":\"sandsiv+\",\"url\":\"https:\\\/\\\/sandsiv.com\\\/\",\"logo\":{\"@type\":\"ImageObject\",\"inLanguage\":\"es\",\"@id\":\"https:\\\/\\\/sandsiv.com\\\/#\\\/schema\\\/logo\\\/image\\\/\",\"url\":\"https:\\\/\\\/sandsiv.com\\\/wp-content\\\/uploads\\\/2021\\\/08\\\/logo-light-normal.svg\",\"contentUrl\":\"https:\\\/\\\/sandsiv.com\\\/wp-content\\\/uploads\\\/2021\\\/08\\\/logo-light-normal.svg\",\"width\":376,\"height\":67,\"caption\":\"sandsiv+\"},\"image\":{\"@id\":\"https:\\\/\\\/sandsiv.com\\\/#\\\/schema\\\/logo\\\/image\\\/\"}}]}<\/script>\n<!-- \/ Yoast SEO Premium plugin. -->","yoast_head_json":{"title":"CXM Global report 2023 SoftwareReviews informe 2023 - sandsiv+","description":"SANDSIV super\u00f3 a los 11 principales competidores como Qualtrics y Medallia. Descarga el informe de SoftwareReviews para ver c\u00f3mo.","robots":{"index":"index","follow":"follow","max-snippet":"max-snippet:-1","max-image-preview":"max-image-preview:large","max-video-preview":"max-video-preview:-1"},"canonical":"https:\/\/sandsiv.com\/es\/softwarereviews-informe-2023\/","og_locale":"es_ES","og_type":"article","og_title":"SoftwareReviews informe 2023","og_description":"SANDSIV super\u00f3 a los 11 principales competidores como Qualtrics y Medallia. Descarga el informe de SoftwareReviews para ver c\u00f3mo.","og_url":"https:\/\/sandsiv.com\/es\/softwarereviews-informe-2023\/","og_site_name":"sandsiv+","article_modified_time":"2023-08-29T07:20:03+00:00","twitter_card":"summary_large_image","schema":{"@context":"https:\/\/schema.org","@graph":[{"@type":"WebPage","@id":"https:\/\/sandsiv.com\/es\/softwarereviews-informe-2023\/","url":"https:\/\/sandsiv.com\/es\/softwarereviews-informe-2023\/","name":"CXM Global report 2023 SoftwareReviews informe 2023 - sandsiv+","isPartOf":{"@id":"https:\/\/sandsiv.com\/#website"},"datePublished":"2023-03-23T08:31:13+00:00","dateModified":"2023-08-29T07:20:03+00:00","description":"SANDSIV super\u00f3 a los 11 principales competidores como Qualtrics y Medallia. Descarga el informe de SoftwareReviews para ver c\u00f3mo.","breadcrumb":{"@id":"https:\/\/sandsiv.com\/es\/softwarereviews-informe-2023\/#breadcrumb"},"inLanguage":"es","potentialAction":[{"@type":"ReadAction","target":["https:\/\/sandsiv.com\/es\/softwarereviews-informe-2023\/"]}]},{"@type":"BreadcrumbList","@id":"https:\/\/sandsiv.com\/es\/softwarereviews-informe-2023\/#breadcrumb","itemListElement":[{"@type":"ListItem","position":1,"name":"Home","item":"https:\/\/sandsiv.com\/es\/"},{"@type":"ListItem","position":2,"name":"SoftwareReviews informe 2023"}]},{"@type":"WebSite","@id":"https:\/\/sandsiv.com\/#website","url":"https:\/\/sandsiv.com\/","name":"sandsiv+","description":"Customer Intelligence Made In Switzerland","publisher":{"@id":"https:\/\/sandsiv.com\/#organization"},"potentialAction":[{"@type":"SearchAction","target":{"@type":"EntryPoint","urlTemplate":"https:\/\/sandsiv.com\/?s={search_term_string}"},"query-input":{"@type":"PropertyValueSpecification","valueRequired":true,"valueName":"search_term_string"}}],"inLanguage":"es"},{"@type":"Organization","@id":"https:\/\/sandsiv.com\/#organization","name":"sandsiv+","url":"https:\/\/sandsiv.com\/","logo":{"@type":"ImageObject","inLanguage":"es","@id":"https:\/\/sandsiv.com\/#\/schema\/logo\/image\/","url":"https:\/\/sandsiv.com\/wp-content\/uploads\/2021\/08\/logo-light-normal.svg","contentUrl":"https:\/\/sandsiv.com\/wp-content\/uploads\/2021\/08\/logo-light-normal.svg","width":376,"height":67,"caption":"sandsiv+"},"image":{"@id":"https:\/\/sandsiv.com\/#\/schema\/logo\/image\/"}}]}},"_links":{"self":[{"href":"https:\/\/sandsiv.com\/es\/wp-json\/wp\/v2\/pages\/10469","targetHints":{"allow":["GET"]}}],"collection":[{"href":"https:\/\/sandsiv.com\/es\/wp-json\/wp\/v2\/pages"}],"about":[{"href":"https:\/\/sandsiv.com\/es\/wp-json\/wp\/v2\/types\/page"}],"author":[{"embeddable":true,"href":"https:\/\/sandsiv.com\/es\/wp-json\/wp\/v2\/users\/5"}],"replies":[{"embeddable":true,"href":"https:\/\/sandsiv.com\/es\/wp-json\/wp\/v2\/comments?post=10469"}],"version-history":[{"count":0,"href":"https:\/\/sandsiv.com\/es\/wp-json\/wp\/v2\/pages\/10469\/revisions"}],"wp:attachment":[{"href":"https:\/\/sandsiv.com\/es\/wp-json\/wp\/v2\/media?parent=10469"}],"curies":[{"name":"wp","href":"https:\/\/api.w.org\/{rel}","templated":true}]}}