
{"id":10345,"date":"2023-07-20T14:53:03","date_gmt":"2023-07-20T14:53:03","guid":{"rendered":"https:\/\/sandsiv.com\/voice-of-the-customer-leader-by-spark-matrix-2023\/"},"modified":"2023-08-28T12:41:16","modified_gmt":"2023-08-28T12:41:16","slug":"informe-global-spark-matrix","status":"publish","type":"page","link":"https:\/\/sandsiv.com\/es\/informe-global-spark-matrix\/","title":{"rendered":"Informe global SPARK Matrix"},"content":{"rendered":"<div id=\"banner-block_b56f1160721f41eba5c848cdec1f49ef\"\r\n    class=\"banner scroll-fade\">\r\n    <div\r\n        class=\"module mt_0  mb_0\">\r\n        <div class=\"container\">\r\n            <div class=\"banner__inner\">\r\n                <div class=\"banner__data\">\r\n                                        <h1 class=\"heading\">SPARK Matrix\u2122 para Voz del Cliente<strong\r\n                            class=\"heading_red\">L\u00edder mundial 2023<\/strong>                    <\/h1>\r\n                                                            <div class=\"description\">SANDSIV ha sido reconocida como L\u00edder en el informe global &#8220;SPARK Matrix\u2122: Voice of the Customer (VoC) Market, 2023&#8221; de Quadrant Knowledge Solutions.                    <\/div>                                                            <div class=\"banner__button\">\r\n                        <a href=\"https:\/\/sandsiv.com\/es\/quiero-ver-una-demo\/\"\r\n                            class=\"btn\" _self                            >Quiero ver una demo<\/a>\r\n                    <\/div>\r\n                                                                            <\/div>\r\n                <div class=\"banner__media\">\r\n                                        <div class=\"banner__image\">\r\n                        <picture class=\"image\">\r\n                            <source srcset=\"https:\/\/sandsiv.com\/wp-content\/uploads\/2023\/07\/SPARK-Matrix_Voice-of-the-Customer-VoC_2023-01-scaled.jpg\">\r\n                            <img decoding=\"async\" src=\"https:\/\/sandsiv.com\/wp-content\/uploads\/2023\/07\/SPARK-Matrix_Voice-of-the-Customer-VoC_2023-01-scaled.jpg\"\r\n                                alt=\"\" \/>\r\n                        <\/picture>\r\n                    <\/div>\r\n                                                                            <\/div>\r\n            <\/div>\r\n        <\/div>\r\n    <\/div>\r\n<\/div>\n\n\n<div id=\"post_content_with_download_link_two_columns-block_2d4f40043af4e0ee492e4391372bd42a\" class=\"post_content_with_download_link_two_columns scroll-fade\">\n    <div class=\"module \">                \n        <div class=\"container\">\n            <div class=\"post_content_with_download_link_two_columns_inner\"> \n                \t\t\t\t\t<div class=\"content_section\">\n\t\t\t\t\t\t\t\t\t\t\t\t\t<div class=\"content_section_inner\">\n                                                                    <div class=\"heading_text\">\n                                        Descarga                                    <\/div>\n                                                                                                    <div class=\"content\">\n                                        <p>Obten acceso exclusivo al <strong>Informe global SPARK Matrix\u2122 2023 de Quadrant Knowledge Solutions<\/strong> y descubre por qu\u00e9 la plataforma sandsiv+ ha sido reconocida como L\u00edder Tecnol\u00f3gico en el mercado de Voz del Cliente (VoC).<\/p>\n<p><strong>Aprovecha los conocimientos avanzados de CX:<\/strong> Experimenta el poder de sandsiv+ ya que empodera a las empresas con insights impulsados por IA, convirtiendo la retroalimentaci\u00f3n del cliente en inteligencia procesable para una mayor satisfacci\u00f3n, lealtad y una ventaja competitiva en el din\u00e1mico mercado actual.<\/p>\n<p><strong>Mejore la experiencia de tus clientes:<\/strong> \u00danete a las principales organizaciones de todo el mundo que conf\u00edan en las soluciones VoC de vanguardia de SANDSIV para revolucionar las interacciones con los clientes y lograr un \u00e9xito extraordinario.<\/p>\n<p>\u00a1No te pierdas esta oportunidad excepcional! Descarga el informe ahora y desbloquea el potencial de la excelencia VoC de SANDSIV.<\/p>\n<p><strong>Qu\u00e9 es SPARK Matrix\u2122?<\/strong><br \/>\nSPARK Matrix\u2122 de Quadrant Knowledge Solutions es una evaluaci\u00f3n que analiza y posiciona a los principales proveedores en funci\u00f3n de sus capacidades tecnol\u00f3gicas y su impacto en el cliente. La evaluaci\u00f3n proporciona un an\u00e1lisis en profundidad de la din\u00e1mica del mercado de la Gesti\u00f3n de la Experiencia del Cliente (CXM), las principales tendencias, el panorama de proveedores y el posicionamiento competitivo. El SPARK Matrix\u2122 2023 evalu\u00f3 a 21 proveedores l\u00edderes de VoC.<\/p>\n                                    <\/div>\n                                \t\t\t\t\t\t\t<\/div>\n\t\t\t\t\t\t\t\t\t\t\t<\/div>\n                                <div class=\"download_link_section\">\n                    <div class=\"download_link_section_inner\">\n                                                                                                                                                                                                                <div class=\"contact_form_section\">\n                                    <script type=\"text\/javascript\" src=\"https:\/\/mautic.sandsiv.com\/form\/generate.js?id=106\"><\/script>                                <\/div>\n                                                                                <\/div>\n\n\t\t\t\t\t<\/div>\n\n\n  \n            <\/div>\n        <\/div>\n    <\/div>\n<\/div>\n\n\r\n<div id=\"frames_section-block_977629cd6dfa7073427c0bb9e9b899f1\" class=\"frames_section scroll-fade\">\r\n    <div class=\"module mt_0  mb_0\">  \r\n        <div class=\"bg_clr_section bg_clr_turquoise\">               \r\n            <div class=\"container\">\r\n                <div class=\"frames_section_inner\"> \r\n                                            <div class=\"heading\">\r\n                            <span style=\"color: #404040;\">El panorama de los proveedores de CX es muy competitivo.<\/span>                        <\/div>\r\n                                                                <div class=\"text\">\r\n                            <p><span style=\"color: #404040;\">Elegir al socio adecuado es importante.<\/span><\/p>\n                        <\/div>\r\n                                                                <div class=\"button_section\">\r\n                            <a class=\"btn btn--white \" href=\"https:\/\/sandsiv.com\/es\/premios-y-reconocimientos\/\" >\r\n                                Premios y reconocimientos                            <\/a>\r\n                        <\/div>\r\n                                    <\/div>\r\n            <\/div>\r\n        <\/div>\r\n    <\/div>\r\n<\/div>\n\n\r\n<div id=\"frames_section-block_a3894cd8014bf062460ae76ce167368c\" class=\"frames_section scroll-fade\">\r\n    <div class=\"module mt_0  mb_0\">  \r\n        <div class=\"bg_clr_section bg_clr_red\">               \r\n            <div class=\"container\">\r\n                <div class=\"frames_section_inner\"> \r\n                                            <div class=\"heading\">\r\n                            Empieza a crecer con sandsiv+ hoy mismo                        <\/div>\r\n                                                                                    <div class=\"button_section\">\r\n                            <a class=\"btn btn--white \" href=\"https:\/\/sandsiv.com\/es\/quiero-ver-una-demo\/\" >\r\n                                Quiero ver una demo                            <\/a>\r\n                        <\/div>\r\n                                    <\/div>\r\n            <\/div>\r\n        <\/div>\r\n    <\/div>\r\n<\/div>\n\n\n<p><\/p>\n","protected":false},"excerpt":{"rendered":"","protected":false},"author":5,"featured_media":0,"parent":0,"menu_order":0,"comment_status":"closed","ping_status":"closed","template":"","meta":{"content-type":"","footnotes":""},"class_list":["post-10345","page","type-page","status-publish","hentry"],"acf":[],"yoast_head":"<!-- This site is optimized with the Yoast SEO Premium plugin v26.9 (Yoast SEO v27.4) - https:\/\/yoast.com\/product\/yoast-seo-premium-wordpress\/ -->\n<title>CXM Global report 2023 Informe global SPARK Matrix - sandsiv+<\/title>\n<meta name=\"description\" content=\"Obten acceso exclusivo al Informe global SPARK Matrix\u2122 y descubre por qu\u00e9 sandsiv+ ha sido reconocido como L\u00edder Tecnol\u00f3gico VoC.\" \/>\n<meta name=\"robots\" content=\"index, follow, max-snippet:-1, max-image-preview:large, max-video-preview:-1\" \/>\n<link rel=\"canonical\" href=\"https:\/\/sandsiv.com\/es\/informe-global-spark-matrix\/\" \/>\n<meta property=\"og:locale\" content=\"es_ES\" \/>\n<meta property=\"og:type\" content=\"article\" \/>\n<meta property=\"og:title\" content=\"Informe global SPARK Matrix\" \/>\n<meta property=\"og:description\" content=\"Obten acceso exclusivo al Informe global SPARK Matrix\u2122 y descubre por qu\u00e9 sandsiv+ ha sido reconocido como L\u00edder Tecnol\u00f3gico VoC.\" \/>\n<meta property=\"og:url\" content=\"https:\/\/sandsiv.com\/es\/informe-global-spark-matrix\/\" \/>\n<meta property=\"og:site_name\" content=\"sandsiv+\" \/>\n<meta property=\"article:modified_time\" content=\"2023-08-28T12:41:16+00:00\" \/>\n<meta name=\"twitter:card\" content=\"summary_large_image\" \/>\n<script type=\"application\/ld+json\" class=\"yoast-schema-graph\">{\"@context\":\"https:\\\/\\\/schema.org\",\"@graph\":[{\"@type\":\"WebPage\",\"@id\":\"https:\\\/\\\/sandsiv.com\\\/es\\\/informe-global-spark-matrix\\\/\",\"url\":\"https:\\\/\\\/sandsiv.com\\\/es\\\/informe-global-spark-matrix\\\/\",\"name\":\"CXM Global report 2023 Informe global SPARK Matrix - sandsiv+\",\"isPartOf\":{\"@id\":\"https:\\\/\\\/sandsiv.com\\\/#website\"},\"datePublished\":\"2023-07-20T14:53:03+00:00\",\"dateModified\":\"2023-08-28T12:41:16+00:00\",\"description\":\"Obten acceso exclusivo al Informe global SPARK Matrix\u2122 y descubre por qu\u00e9 sandsiv+ ha sido reconocido como L\u00edder Tecnol\u00f3gico VoC.\",\"breadcrumb\":{\"@id\":\"https:\\\/\\\/sandsiv.com\\\/es\\\/informe-global-spark-matrix\\\/#breadcrumb\"},\"inLanguage\":\"es\",\"potentialAction\":[{\"@type\":\"ReadAction\",\"target\":[\"https:\\\/\\\/sandsiv.com\\\/es\\\/informe-global-spark-matrix\\\/\"]}]},{\"@type\":\"BreadcrumbList\",\"@id\":\"https:\\\/\\\/sandsiv.com\\\/es\\\/informe-global-spark-matrix\\\/#breadcrumb\",\"itemListElement\":[{\"@type\":\"ListItem\",\"position\":1,\"name\":\"Home\",\"item\":\"https:\\\/\\\/sandsiv.com\\\/es\\\/\"},{\"@type\":\"ListItem\",\"position\":2,\"name\":\"Informe global SPARK Matrix\"}]},{\"@type\":\"WebSite\",\"@id\":\"https:\\\/\\\/sandsiv.com\\\/#website\",\"url\":\"https:\\\/\\\/sandsiv.com\\\/\",\"name\":\"sandsiv+\",\"description\":\"Customer Intelligence Made In Switzerland\",\"publisher\":{\"@id\":\"https:\\\/\\\/sandsiv.com\\\/#organization\"},\"potentialAction\":[{\"@type\":\"SearchAction\",\"target\":{\"@type\":\"EntryPoint\",\"urlTemplate\":\"https:\\\/\\\/sandsiv.com\\\/?s={search_term_string}\"},\"query-input\":{\"@type\":\"PropertyValueSpecification\",\"valueRequired\":true,\"valueName\":\"search_term_string\"}}],\"inLanguage\":\"es\"},{\"@type\":\"Organization\",\"@id\":\"https:\\\/\\\/sandsiv.com\\\/#organization\",\"name\":\"sandsiv+\",\"url\":\"https:\\\/\\\/sandsiv.com\\\/\",\"logo\":{\"@type\":\"ImageObject\",\"inLanguage\":\"es\",\"@id\":\"https:\\\/\\\/sandsiv.com\\\/#\\\/schema\\\/logo\\\/image\\\/\",\"url\":\"https:\\\/\\\/sandsiv.com\\\/wp-content\\\/uploads\\\/2021\\\/08\\\/logo-light-normal.svg\",\"contentUrl\":\"https:\\\/\\\/sandsiv.com\\\/wp-content\\\/uploads\\\/2021\\\/08\\\/logo-light-normal.svg\",\"width\":376,\"height\":67,\"caption\":\"sandsiv+\"},\"image\":{\"@id\":\"https:\\\/\\\/sandsiv.com\\\/#\\\/schema\\\/logo\\\/image\\\/\"}}]}<\/script>\n<!-- \/ Yoast SEO Premium plugin. -->","yoast_head_json":{"title":"CXM Global report 2023 Informe global SPARK Matrix - sandsiv+","description":"Obten acceso exclusivo al Informe global SPARK Matrix\u2122 y descubre por qu\u00e9 sandsiv+ ha sido reconocido como L\u00edder Tecnol\u00f3gico VoC.","robots":{"index":"index","follow":"follow","max-snippet":"max-snippet:-1","max-image-preview":"max-image-preview:large","max-video-preview":"max-video-preview:-1"},"canonical":"https:\/\/sandsiv.com\/es\/informe-global-spark-matrix\/","og_locale":"es_ES","og_type":"article","og_title":"Informe global SPARK Matrix","og_description":"Obten acceso exclusivo al Informe global SPARK Matrix\u2122 y descubre por qu\u00e9 sandsiv+ ha sido reconocido como L\u00edder Tecnol\u00f3gico VoC.","og_url":"https:\/\/sandsiv.com\/es\/informe-global-spark-matrix\/","og_site_name":"sandsiv+","article_modified_time":"2023-08-28T12:41:16+00:00","twitter_card":"summary_large_image","schema":{"@context":"https:\/\/schema.org","@graph":[{"@type":"WebPage","@id":"https:\/\/sandsiv.com\/es\/informe-global-spark-matrix\/","url":"https:\/\/sandsiv.com\/es\/informe-global-spark-matrix\/","name":"CXM Global report 2023 Informe global SPARK Matrix - sandsiv+","isPartOf":{"@id":"https:\/\/sandsiv.com\/#website"},"datePublished":"2023-07-20T14:53:03+00:00","dateModified":"2023-08-28T12:41:16+00:00","description":"Obten acceso exclusivo al Informe global SPARK Matrix\u2122 y descubre por qu\u00e9 sandsiv+ ha sido reconocido como L\u00edder Tecnol\u00f3gico VoC.","breadcrumb":{"@id":"https:\/\/sandsiv.com\/es\/informe-global-spark-matrix\/#breadcrumb"},"inLanguage":"es","potentialAction":[{"@type":"ReadAction","target":["https:\/\/sandsiv.com\/es\/informe-global-spark-matrix\/"]}]},{"@type":"BreadcrumbList","@id":"https:\/\/sandsiv.com\/es\/informe-global-spark-matrix\/#breadcrumb","itemListElement":[{"@type":"ListItem","position":1,"name":"Home","item":"https:\/\/sandsiv.com\/es\/"},{"@type":"ListItem","position":2,"name":"Informe global SPARK Matrix"}]},{"@type":"WebSite","@id":"https:\/\/sandsiv.com\/#website","url":"https:\/\/sandsiv.com\/","name":"sandsiv+","description":"Customer Intelligence Made In Switzerland","publisher":{"@id":"https:\/\/sandsiv.com\/#organization"},"potentialAction":[{"@type":"SearchAction","target":{"@type":"EntryPoint","urlTemplate":"https:\/\/sandsiv.com\/?s={search_term_string}"},"query-input":{"@type":"PropertyValueSpecification","valueRequired":true,"valueName":"search_term_string"}}],"inLanguage":"es"},{"@type":"Organization","@id":"https:\/\/sandsiv.com\/#organization","name":"sandsiv+","url":"https:\/\/sandsiv.com\/","logo":{"@type":"ImageObject","inLanguage":"es","@id":"https:\/\/sandsiv.com\/#\/schema\/logo\/image\/","url":"https:\/\/sandsiv.com\/wp-content\/uploads\/2021\/08\/logo-light-normal.svg","contentUrl":"https:\/\/sandsiv.com\/wp-content\/uploads\/2021\/08\/logo-light-normal.svg","width":376,"height":67,"caption":"sandsiv+"},"image":{"@id":"https:\/\/sandsiv.com\/#\/schema\/logo\/image\/"}}]}},"_links":{"self":[{"href":"https:\/\/sandsiv.com\/es\/wp-json\/wp\/v2\/pages\/10345","targetHints":{"allow":["GET"]}}],"collection":[{"href":"https:\/\/sandsiv.com\/es\/wp-json\/wp\/v2\/pages"}],"about":[{"href":"https:\/\/sandsiv.com\/es\/wp-json\/wp\/v2\/types\/page"}],"author":[{"embeddable":true,"href":"https:\/\/sandsiv.com\/es\/wp-json\/wp\/v2\/users\/5"}],"replies":[{"embeddable":true,"href":"https:\/\/sandsiv.com\/es\/wp-json\/wp\/v2\/comments?post=10345"}],"version-history":[{"count":0,"href":"https:\/\/sandsiv.com\/es\/wp-json\/wp\/v2\/pages\/10345\/revisions"}],"wp:attachment":[{"href":"https:\/\/sandsiv.com\/es\/wp-json\/wp\/v2\/media?parent=10345"}],"curies":[{"name":"wp","href":"https:\/\/api.w.org\/{rel}","templated":true}]}}