
{"id":10331,"date":"2023-08-25T14:27:35","date_gmt":"2023-08-25T14:27:35","guid":{"rendered":"https:\/\/sandsiv.com\/?page_id=10331"},"modified":"2023-09-20T09:07:15","modified_gmt":"2023-09-20T09:07:15","slug":"frustrado-con-los-limites-de-tus-soluciones-cx","status":"publish","type":"page","link":"https:\/\/sandsiv.com\/es\/frustrado-con-los-limites-de-tus-soluciones-cx\/","title":{"rendered":"&#8211; \u00bfFrustrado con los l\u00edmites de tus soluciones CX?"},"content":{"rendered":"<div id=\"banner-block_79227200c78af55eb3650bb7fbf63f7a\"\r\n    class=\"banner scroll-fade\">\r\n    <div\r\n        class=\"module mt_0  mb_0\">\r\n        <div class=\"container\">\r\n            <div class=\"banner__inner\">\r\n                <div class=\"banner__data\">\r\n                                        <h1 class=\"heading\">\u00bfFrustrado con los l\u00edmites<strong\r\n                            class=\"heading_red\">de tus soluciones CX?<\/strong>                    <\/h1>\r\n                                                            <div class=\"description\">\u00a1Entra en una nueva era de excelencia CXM &#038; VOC con SANDSIV! <br>Entendemos tus luchas y estamos aqu\u00ed para <b>proporcionarte exactamente lo que necesitas <\/b>, sin retrasos, interrupciones o aumentos de costes inesperados.                    <\/div>                                                            <div class=\"banner__button\">\r\n                        <a href=\"https:\/\/sandsiv.com\/es\/quiero-ver-una-demo\/\"\r\n                            class=\"btn\" _self                            >Aprende c\u00f3mo. Con\u00f3cenos<\/a>\r\n                    <\/div>\r\n                                                                            <\/div>\r\n                <div class=\"banner__media\">\r\n                                        <div class=\"banner__image\">\r\n                        <picture class=\"image\">\r\n                            <source srcset=\"https:\/\/sandsiv.com\/wp-content\/uploads\/2023\/09\/presentazione-2.png\">\r\n                            <img decoding=\"async\" src=\"https:\/\/sandsiv.com\/wp-content\/uploads\/2023\/09\/presentazione-2.png\"\r\n                                alt=\"\" \/>\r\n                        <\/picture>\r\n                    <\/div>\r\n                                                                            <\/div>\r\n            <\/div>\r\n        <\/div>\r\n    <\/div>\r\n<\/div>\n\n<div id=\"card-block_9254e63cbc75904f75d4ae55468661e6\"\n    class=\"card scroll-fade\">\n    <div\n        class=\"module  mb_0\">\n        <div class=\"container\">\n            <div class=\"card__inner\">\n                <div class=\"card__header\">\n                                                            <h1\n                        class=\"heading heading__Big\">\n                        \u00bfPor qu\u00e9 pasar a SANDSIV?                        <\/h4>                                         <\/div>\n                                <div\n                    class=\"card__news_list custom_list list_column3\">\n                                        <div class=\"newsItem\">\n                        <div\n                            class=\"newsItem__inner \">\n                                                        <div class=\"image\"\n                                                                style=\"background-image: url('https:\/\/sandsiv.com\/wp-content\/uploads\/2023\/09\/money.png');\"\n                                >\n                                <img decoding=\"async\" src=\"https:\/\/sandsiv.com\/wp-content\/uploads\/2023\/09\/money.png\"\n                                    alt=\"\" \/>\n                            <\/div>\n                                                        <div class=\"contant\">\n                                                                <h2 class=\"title\">Una soluci\u00f3n rentable                                <\/h2>                                                                <div class=\"short_description\">\n                                    A diferencia de nuestros competidores, <b>no te cargamos con costes adicionales<\/b> por cada configuraci\u00f3n. En SANDSIV, creemos en dejar respirar tu presupuesto para un crecimiento significativo.                                                                <\/div>\n                                                                                                                                                            <\/div>\n                        <\/div>\n                    <\/div>\n                                        <div class=\"newsItem\">\n                        <div\n                            class=\"newsItem__inner \">\n                                                        <div class=\"image\"\n                                                                style=\"background-image: url('https:\/\/sandsiv.com\/wp-content\/uploads\/2023\/08\/Headers_pr_events-11.png');\"\n                                >\n                                <img decoding=\"async\" src=\"https:\/\/sandsiv.com\/wp-content\/uploads\/2023\/08\/Headers_pr_events-11.png\"\n                                    alt=\"\" \/>\n                            <\/div>\n                                                        <div class=\"contant\">\n                                                                <h2 class=\"title\">Integraci\u00f3n total                                <\/h2>                                                                <div class=\"short_description\">\n                                    Nuestro <b>sencillo proceso de integraci\u00f3n<\/b> te permite centrarte en perfeccionar tu estrategia de CX sin tener que lidiar con complejidades t\u00e9cnicas.                                                                <\/div>\n                                                                                                                                                            <\/div>\n                        <\/div>\n                    <\/div>\n                                        <div class=\"newsItem\">\n                        <div\n                            class=\"newsItem__inner \">\n                                                        <div class=\"image\"\n                                                                style=\"background-image: url('https:\/\/sandsiv.com\/wp-content\/uploads\/2023\/09\/innovation.png');\"\n                                >\n                                <img decoding=\"async\" src=\"https:\/\/sandsiv.com\/wp-content\/uploads\/2023\/09\/innovation.png\"\n                                    alt=\"\" \/>\n                            <\/div>\n                                                        <div class=\"contant\">\n                                                                <h2 class=\"title\">Innovaci\u00f3n para cada empresa                                <\/h2>                                                                <div class=\"short_description\">\n                                    Abraza la innovaci\u00f3n a diario. Pasarse a sandsiv+ no es s\u00f3lo una transici\u00f3n; es un salto inmediato hacia la excelencia en CX. Nuestra soluci\u00f3n se adapta perfectamente a <b>las necesidades \u00fanicas de cada empresa<\/b>.                                                                <\/div>\n                                                                                                                                                            <\/div>\n                        <\/div>\n                    <\/div>\n                                        <div class=\"newsItem\">\n                        <div\n                            class=\"newsItem__inner \">\n                                                        <div class=\"image\"\n                                                                style=\"background-image: url('https:\/\/sandsiv.com\/wp-content\/uploads\/2023\/09\/support.png');\"\n                                >\n                                <img decoding=\"async\" src=\"https:\/\/sandsiv.com\/wp-content\/uploads\/2023\/09\/support.png\"\n                                    alt=\"\" \/>\n                            <\/div>\n                                                        <div class=\"contant\">\n                                                                <h2 class=\"title\">Asistencia r\u00e1pida                                <\/h2>                                                                <div class=\"short_description\">\n                                    Valoramos tu tiempo. El soporte de SANDSIV es conocido por su rapidez, asegurando que recibas <b>la asistencia que mereces<\/b> sin retrasos innecesarios.                                                                <\/div>\n                                                                                                                                                            <\/div>\n                        <\/div>\n                    <\/div>\n                                        <div class=\"newsItem\">\n                        <div\n                            class=\"newsItem__inner \">\n                                                        <div class=\"image\"\n                                                                style=\"background-image: url('https:\/\/sandsiv.com\/wp-content\/uploads\/2023\/09\/local.png');\"\n                                >\n                                <img decoding=\"async\" src=\"https:\/\/sandsiv.com\/wp-content\/uploads\/2023\/09\/local.png\"\n                                    alt=\"\" \/>\n                            <\/div>\n                                                        <div class=\"contant\">\n                                                                <h2 class=\"title\">Conocimiento del mercado local                                <\/h2>                                                                <div class=\"short_description\">\n                                    Creemos en la <b>adaptaci\u00f3n a tu mercado local<\/b>. A diferencia de otros, SANDSIV adapta nuestro soporte y soluciones a los matices de tu propio mercado.                                                                <\/div>\n                                                                                                                                                            <\/div>\n                        <\/div>\n                    <\/div>\n                                        <div class=\"newsItem\">\n                        <div\n                            class=\"newsItem__inner \">\n                                                        <div class=\"image\"\n                                                                style=\"background-image: url('https:\/\/sandsiv.com\/wp-content\/uploads\/2023\/09\/partner.png');\"\n                                >\n                                <img decoding=\"async\" src=\"https:\/\/sandsiv.com\/wp-content\/uploads\/2023\/09\/partner.png\"\n                                    alt=\"\" \/>\n                            <\/div>\n                                                        <div class=\"contant\">\n                                                                <h2 class=\"title\">\u00c9xito compartido                                <\/h2>                                                                <div class=\"short_description\">\n                                    Entendemos la importancia de las colaboraciones locales. En SANDSIV, colaboramos con <b>socios in situ<\/b>, garantizando que nuestras soluciones se adapten perfectamente a las demandas de los mercados emergentes.                                                                <\/div>\n                                                                                                                                                            <\/div>\n                        <\/div>\n                    <\/div>\n                                    <\/div>\n                                                \n            <\/div>\n        <\/div>\n    <\/div>\n<\/div>\n\n\r\n<div id=\"logo_section-block_c0cb9d17a6678c7be296f5b9aac89c97\" class=\"logo_section scroll-fade\">\r\n    <div class=\"module mt_0  mb_0\">  \r\n        <div class=\"bg_clr_section bg_clr_red\">               \r\n            <div class=\"container container--medium\">\r\n                <div class=\"logo_section_inner\"> \r\n                    <div class=\"heading_section\"> \r\n                                                                            <div class=\"heading h1\">\r\n                                No lo decimos nosotros, sino expertos del sector y clientes                            <\/div>\r\n                                            <\/div>\r\n                                            <div class=\"logo_list columns_5\">\r\n                                                            \r\n                                                                    <div class=\"item\">\r\n                                            <img decoding=\"async\" src=\"https:\/\/sandsiv.com\/wp-content\/uploads\/2021\/08\/sandsiv_client_iberdrola.svg\" alt=\"\" \/>\r\n                                    <\/div>\r\n                                                                \r\n                                                            \r\n                                                                    <div class=\"item\">\r\n                                            <img decoding=\"async\" src=\"https:\/\/sandsiv.com\/wp-content\/uploads\/2021\/08\/sandsiv_client_Lufthansa.svg\" alt=\"\" \/>\r\n                                    <\/div>\r\n                                                                \r\n                                                            \r\n                                                                    <div class=\"item\">\r\n                                            <img decoding=\"async\" src=\"https:\/\/sandsiv.com\/wp-content\/uploads\/2023\/09\/dec-1-150x150.png\" alt=\"\" \/>\r\n                                    <\/div>\r\n                                                                \r\n                                                            \r\n                                                                    <div class=\"item\">\r\n                                            <img decoding=\"async\" src=\"https:\/\/sandsiv.com\/wp-content\/uploads\/2021\/08\/sandsiv_client_enel.svg\" alt=\"\" \/>\r\n                                    <\/div>\r\n                                                                \r\n                                                            \r\n                                                                    <div class=\"item\">\r\n                                            <img decoding=\"async\" src=\"https:\/\/sandsiv.com\/wp-content\/uploads\/2021\/08\/sandsiv_client_fastweb.svg\" alt=\"\" \/>\r\n                                    <\/div>\r\n                                                                \r\n                                                    <\/div>\r\n                                    <\/div>\r\n            <\/div>\r\n        <\/div>\r\n    <\/div>\r\n<\/div>\n\n<div id=\"text_imagevideo-block_251906519bc1bd9c8bdd4aa4286658d1\"\r\n    class=\"text_imagevideo scroll-fade\">\r\n    <div class=\"container\">\r\n                <div class=\"text_imagevideo__inner\">\r\n                        <div\r\n                class=\"text_imagevideo__list text_imagevideo_slider\">\r\n                                <div class=\"text_imagevideo__item module scroll-fade\">\r\n                    <div\r\n                        class=\"text_imagevideo__item__inner imagePosition_left\">\r\n                        <div class=\"contant\">\r\n                                                        <h6 class=\"sub_heading\"\r\n                                style=\"color: #bf2025; \">\r\n                                Echa un vistazo a este informe                            <\/h6>                                                        <h1 class=\"title\">Evaluaci\u00f3n comparativa de proveedores de CXM en el mundo                            <\/h1>                                                        <div class=\"text\">La puntuaci\u00f3n de SANDSIV de 8,8 <b>super\u00f3 a los principales competidores<\/b> como Qualtrics, Medallia, SurveyMonkey, GetFeedback, Gainsight, Alchemer, Forsta, AskNicely, InMoment y SurveySparrow. De hecho, Qualtrics obtuvo una puntuaci\u00f3n de 8,0 y Medallia una puntuaci\u00f3n de 7,4, haciendo de SANDSIV la elecci\u00f3n clara para las empresas que buscan mejorar sus experiencias de cliente e impulsar el crecimiento.                            <\/div>                                                        <a href=\"https:\/\/sandsiv.com\/es\/softwarereviews-informe-2023\/\"\r\n                                class=\"btn\"                                 >Leer m\u00e1s<\/a>\r\n                                                    <\/div>\r\n                        <div class=\"image_video\">\r\n                                                        <picture class=\"img\"                                 >\r\n                                <source\r\n                                    srcset=\"https:\/\/sandsiv.com\/wp-content\/uploads\/2023\/03\/SANDSIV_infotech_VoC_2023_quadrant-1.jpeg\">\r\n                                <img decoding=\"async\" src=\"https:\/\/sandsiv.com\/wp-content\/uploads\/2023\/03\/SANDSIV_infotech_VoC_2023_quadrant-1.jpeg\"\r\n                                    alt=\"\" \/>\r\n                            <\/picture>\r\n                                                    <\/div>\r\n                    <\/div>\r\n                <\/div>\r\n                            <\/div>\r\n        <\/div>\r\n            <\/div>\r\n<\/div>\n\n\r\n<div id=\"frames_section-block_14dd717a68fdb80dd930d81208fe6d17\" class=\"frames_section scroll-fade\">\r\n    <div class=\"module mt_0  mb_0\">  \r\n        <div class=\"bg_clr_section bg_clr_red\">               \r\n            <div class=\"container\">\r\n                <div class=\"frames_section_inner\"> \r\n                                            <div class=\"heading\">\r\n                            Empieza a crecer hoy mismo con sandsiv+                        <\/div>\r\n                                                                                    <div class=\"button_section\">\r\n                            <a class=\"btn btn--white \" href=\"https:\/\/sandsiv.com\/es\/quiero-ver-una-demo\/\" >\r\n                                Quiero ver una demo                            <\/a>\r\n                        <\/div>\r\n                                    <\/div>\r\n            <\/div>\r\n        <\/div>\r\n    <\/div>\r\n<\/div>","protected":false},"excerpt":{"rendered":"","protected":false},"author":5,"featured_media":0,"parent":0,"menu_order":0,"comment_status":"closed","ping_status":"closed","template":"","meta":{"content-type":"","footnotes":""},"class_list":["post-10331","page","type-page","status-publish","hentry"],"acf":[],"yoast_head":"<!-- This site is optimized with the Yoast SEO Premium plugin v26.9 (Yoast SEO v27.4) - https:\/\/yoast.com\/product\/yoast-seo-premium-wordpress\/ -->\n<title>- \u00bfFrustrado con los l\u00edmites de tus soluciones CX? - sandsiv+<\/title>\n<meta name=\"description\" content=\"\u00bfFrustrado con los l\u00edmites de tus soluciones CX? Estamos aqu\u00ed para proporcionarte exactamente lo que necesitas.\" \/>\n<meta name=\"robots\" content=\"index, follow, max-snippet:-1, max-image-preview:large, max-video-preview:-1\" \/>\n<link rel=\"canonical\" href=\"https:\/\/sandsiv.com\/es\/frustrado-con-los-limites-de-tus-soluciones-cx\/\" \/>\n<meta property=\"og:locale\" content=\"es_ES\" \/>\n<meta property=\"og:type\" content=\"article\" \/>\n<meta property=\"og:title\" content=\"- \u00bfFrustrado con los l\u00edmites de tus soluciones CX?\" \/>\n<meta property=\"og:description\" content=\"\u00bfFrustrado con los l\u00edmites de tus soluciones CX? Estamos aqu\u00ed para proporcionarte exactamente lo que necesitas.\" \/>\n<meta property=\"og:url\" content=\"https:\/\/sandsiv.com\/es\/frustrado-con-los-limites-de-tus-soluciones-cx\/\" \/>\n<meta property=\"og:site_name\" content=\"sandsiv+\" \/>\n<meta property=\"article:modified_time\" content=\"2023-09-20T09:07:15+00:00\" \/>\n<meta name=\"twitter:card\" content=\"summary_large_image\" \/>\n<script type=\"application\/ld+json\" class=\"yoast-schema-graph\">{\"@context\":\"https:\\\/\\\/schema.org\",\"@graph\":[{\"@type\":\"WebPage\",\"@id\":\"https:\\\/\\\/sandsiv.com\\\/es\\\/frustrado-con-los-limites-de-tus-soluciones-cx\\\/\",\"url\":\"https:\\\/\\\/sandsiv.com\\\/es\\\/frustrado-con-los-limites-de-tus-soluciones-cx\\\/\",\"name\":\"- \u00bfFrustrado con los l\u00edmites de tus soluciones CX? - sandsiv+\",\"isPartOf\":{\"@id\":\"https:\\\/\\\/sandsiv.com\\\/#website\"},\"datePublished\":\"2023-08-25T14:27:35+00:00\",\"dateModified\":\"2023-09-20T09:07:15+00:00\",\"description\":\"\u00bfFrustrado con los l\u00edmites de tus soluciones CX? Estamos aqu\u00ed para proporcionarte exactamente lo que necesitas.\",\"breadcrumb\":{\"@id\":\"https:\\\/\\\/sandsiv.com\\\/es\\\/frustrado-con-los-limites-de-tus-soluciones-cx\\\/#breadcrumb\"},\"inLanguage\":\"es\",\"potentialAction\":[{\"@type\":\"ReadAction\",\"target\":[\"https:\\\/\\\/sandsiv.com\\\/es\\\/frustrado-con-los-limites-de-tus-soluciones-cx\\\/\"]}]},{\"@type\":\"BreadcrumbList\",\"@id\":\"https:\\\/\\\/sandsiv.com\\\/es\\\/frustrado-con-los-limites-de-tus-soluciones-cx\\\/#breadcrumb\",\"itemListElement\":[{\"@type\":\"ListItem\",\"position\":1,\"name\":\"Home\",\"item\":\"https:\\\/\\\/sandsiv.com\\\/es\\\/\"},{\"@type\":\"ListItem\",\"position\":2,\"name\":\"&#8211; \u00bfFrustrado con los l\u00edmites de tus soluciones CX?\"}]},{\"@type\":\"WebSite\",\"@id\":\"https:\\\/\\\/sandsiv.com\\\/#website\",\"url\":\"https:\\\/\\\/sandsiv.com\\\/\",\"name\":\"sandsiv+\",\"description\":\"Customer Intelligence Made In Switzerland\",\"publisher\":{\"@id\":\"https:\\\/\\\/sandsiv.com\\\/#organization\"},\"potentialAction\":[{\"@type\":\"SearchAction\",\"target\":{\"@type\":\"EntryPoint\",\"urlTemplate\":\"https:\\\/\\\/sandsiv.com\\\/?s={search_term_string}\"},\"query-input\":{\"@type\":\"PropertyValueSpecification\",\"valueRequired\":true,\"valueName\":\"search_term_string\"}}],\"inLanguage\":\"es\"},{\"@type\":\"Organization\",\"@id\":\"https:\\\/\\\/sandsiv.com\\\/#organization\",\"name\":\"sandsiv+\",\"url\":\"https:\\\/\\\/sandsiv.com\\\/\",\"logo\":{\"@type\":\"ImageObject\",\"inLanguage\":\"es\",\"@id\":\"https:\\\/\\\/sandsiv.com\\\/#\\\/schema\\\/logo\\\/image\\\/\",\"url\":\"https:\\\/\\\/sandsiv.com\\\/wp-content\\\/uploads\\\/2021\\\/08\\\/logo-light-normal.svg\",\"contentUrl\":\"https:\\\/\\\/sandsiv.com\\\/wp-content\\\/uploads\\\/2021\\\/08\\\/logo-light-normal.svg\",\"width\":376,\"height\":67,\"caption\":\"sandsiv+\"},\"image\":{\"@id\":\"https:\\\/\\\/sandsiv.com\\\/#\\\/schema\\\/logo\\\/image\\\/\"}}]}<\/script>\n<!-- \/ Yoast SEO Premium plugin. -->","yoast_head_json":{"title":"- \u00bfFrustrado con los l\u00edmites de tus soluciones CX? - sandsiv+","description":"\u00bfFrustrado con los l\u00edmites de tus soluciones CX? Estamos aqu\u00ed para proporcionarte exactamente lo que necesitas.","robots":{"index":"index","follow":"follow","max-snippet":"max-snippet:-1","max-image-preview":"max-image-preview:large","max-video-preview":"max-video-preview:-1"},"canonical":"https:\/\/sandsiv.com\/es\/frustrado-con-los-limites-de-tus-soluciones-cx\/","og_locale":"es_ES","og_type":"article","og_title":"- \u00bfFrustrado con los l\u00edmites de tus soluciones CX?","og_description":"\u00bfFrustrado con los l\u00edmites de tus soluciones CX? Estamos aqu\u00ed para proporcionarte exactamente lo que necesitas.","og_url":"https:\/\/sandsiv.com\/es\/frustrado-con-los-limites-de-tus-soluciones-cx\/","og_site_name":"sandsiv+","article_modified_time":"2023-09-20T09:07:15+00:00","twitter_card":"summary_large_image","schema":{"@context":"https:\/\/schema.org","@graph":[{"@type":"WebPage","@id":"https:\/\/sandsiv.com\/es\/frustrado-con-los-limites-de-tus-soluciones-cx\/","url":"https:\/\/sandsiv.com\/es\/frustrado-con-los-limites-de-tus-soluciones-cx\/","name":"- \u00bfFrustrado con los l\u00edmites de tus soluciones CX? - sandsiv+","isPartOf":{"@id":"https:\/\/sandsiv.com\/#website"},"datePublished":"2023-08-25T14:27:35+00:00","dateModified":"2023-09-20T09:07:15+00:00","description":"\u00bfFrustrado con los l\u00edmites de tus soluciones CX? Estamos aqu\u00ed para proporcionarte exactamente lo que necesitas.","breadcrumb":{"@id":"https:\/\/sandsiv.com\/es\/frustrado-con-los-limites-de-tus-soluciones-cx\/#breadcrumb"},"inLanguage":"es","potentialAction":[{"@type":"ReadAction","target":["https:\/\/sandsiv.com\/es\/frustrado-con-los-limites-de-tus-soluciones-cx\/"]}]},{"@type":"BreadcrumbList","@id":"https:\/\/sandsiv.com\/es\/frustrado-con-los-limites-de-tus-soluciones-cx\/#breadcrumb","itemListElement":[{"@type":"ListItem","position":1,"name":"Home","item":"https:\/\/sandsiv.com\/es\/"},{"@type":"ListItem","position":2,"name":"&#8211; \u00bfFrustrado con los l\u00edmites de tus soluciones CX?"}]},{"@type":"WebSite","@id":"https:\/\/sandsiv.com\/#website","url":"https:\/\/sandsiv.com\/","name":"sandsiv+","description":"Customer Intelligence Made In Switzerland","publisher":{"@id":"https:\/\/sandsiv.com\/#organization"},"potentialAction":[{"@type":"SearchAction","target":{"@type":"EntryPoint","urlTemplate":"https:\/\/sandsiv.com\/?s={search_term_string}"},"query-input":{"@type":"PropertyValueSpecification","valueRequired":true,"valueName":"search_term_string"}}],"inLanguage":"es"},{"@type":"Organization","@id":"https:\/\/sandsiv.com\/#organization","name":"sandsiv+","url":"https:\/\/sandsiv.com\/","logo":{"@type":"ImageObject","inLanguage":"es","@id":"https:\/\/sandsiv.com\/#\/schema\/logo\/image\/","url":"https:\/\/sandsiv.com\/wp-content\/uploads\/2021\/08\/logo-light-normal.svg","contentUrl":"https:\/\/sandsiv.com\/wp-content\/uploads\/2021\/08\/logo-light-normal.svg","width":376,"height":67,"caption":"sandsiv+"},"image":{"@id":"https:\/\/sandsiv.com\/#\/schema\/logo\/image\/"}}]}},"_links":{"self":[{"href":"https:\/\/sandsiv.com\/es\/wp-json\/wp\/v2\/pages\/10331","targetHints":{"allow":["GET"]}}],"collection":[{"href":"https:\/\/sandsiv.com\/es\/wp-json\/wp\/v2\/pages"}],"about":[{"href":"https:\/\/sandsiv.com\/es\/wp-json\/wp\/v2\/types\/page"}],"author":[{"embeddable":true,"href":"https:\/\/sandsiv.com\/es\/wp-json\/wp\/v2\/users\/5"}],"replies":[{"embeddable":true,"href":"https:\/\/sandsiv.com\/es\/wp-json\/wp\/v2\/comments?post=10331"}],"version-history":[{"count":0,"href":"https:\/\/sandsiv.com\/es\/wp-json\/wp\/v2\/pages\/10331\/revisions"}],"wp:attachment":[{"href":"https:\/\/sandsiv.com\/es\/wp-json\/wp\/v2\/media?parent=10331"}],"curies":[{"name":"wp","href":"https:\/\/api.w.org\/{rel}","templated":true}]}}