
{"id":15453,"date":"2025-01-23T12:41:23","date_gmt":"2025-01-23T12:41:23","guid":{"rendered":"https:\/\/sandsiv.com\/?page_id=15453"},"modified":"2025-01-30T15:42:23","modified_gmt":"2025-01-30T15:42:23","slug":"die-reise-von-sunrise-mit-insight-narrator","status":"publish","type":"page","link":"https:\/\/sandsiv.com\/de\/der-blog\/die-reise-von-sunrise-mit-insight-narrator\/","title":{"rendered":"Die Reise von Sunrise mit Insight Narrator"},"content":{"rendered":"<div id=\"banner-block_2c938d1243d7d41576595cb6e7eb18e2\"\r\n    class=\"banner scroll-fade\">\r\n    <div\r\n        class=\"module mt_0  mb_0\">\r\n        <div class=\"container\">\r\n            <div class=\"banner__inner\">\r\n                <div class=\"banner__data\">\r\n                                        <h1 class=\"heading\">Die Reise von Sunrise mit Insight Narrator<strong\r\n                            class=\"heading_red\">Interview<\/strong>                    <\/h1>\r\n                                                            <div class=\"description\">28. Januar 2025 &#8211; Die Reise von Sunrise mit Insight Narrator                    <\/div>                                                            <div class=\"banner__button\">\r\n                        <a href=\"https:\/\/sandsiv.com\/de\/demo-anfordern\/\"\r\n                            class=\"btn\" _self                            >Demo anfordern<\/a>\r\n                    <\/div>\r\n                                                                            <\/div>\r\n                <div class=\"banner__media\">\r\n                                        <div class=\"banner__image\">\r\n                        <picture class=\"image\">\r\n                            <source srcset=\"https:\/\/sandsiv.com\/wp-content\/uploads\/2025\/01\/Sandsiv-social-IG-2025-01-29T122908.844.png\">\r\n                            <img decoding=\"async\" src=\"https:\/\/sandsiv.com\/wp-content\/uploads\/2025\/01\/Sandsiv-social-IG-2025-01-29T122908.844.png\"\r\n                                alt=\"\" \/>\r\n                        <\/picture>\r\n                    <\/div>\r\n                                                                            <\/div>\r\n            <\/div>\r\n        <\/div>\r\n    <\/div>\r\n<\/div>\n\n\r\n<div id=\"frames_section-block_468d96ec7abea3ff63eae63717f76019\" class=\"frames_section scroll-fade\">\r\n    <div class=\"module mt_0  mb_0\">  \r\n        <div class=\"bg_clr_section bg_clr_red\">               \r\n            <div class=\"container\">\r\n                <div class=\"frames_section_inner\"> \r\n                                                                <div class=\"text\">\r\n                            <p>Lesen Sie hier unser Q&amp;A mit Helen, Senior Director Customer Experience and Quality bei <strong>Sunrise<\/strong>. Sie berichtet \u00fcber ihre direkten Erfahrungen mit <strong>Insight Narrator<\/strong> und wie es den Unterschied bei Sunrise, einem der gr\u00f6\u00dften Telekommunikationsanbieter der Schweiz, ausgemacht hat.<\/p>\n                        <\/div>\r\n                                                        <\/div>\r\n            <\/div>\r\n        <\/div>\r\n    <\/div>\r\n<\/div>\n\n\r\n<div id=\"blog_post_content-block_f7b248fbfc530ff0086c3e74eefe3cb2\" class=\"blog_post_content scroll-fade\">\r\n    <div class=\"module \">\r\n\r\n                            <div class=\"container container--medium\">\r\n                        \r\n            <div class=\"blog_post_content_inner\"> \r\n                                    <div class=\"heading_section\">\r\n                        <div class=\"heading_text h1\">\r\n                            <Div style = \"visibility: hidden\"> <\/ div>                        <\/div>\r\n                    <\/div>\r\n                                                    <div class=\"content_section\">\r\n                        <p><strong><span style=\"color: #bf2025;\">F1: K\u00f6nnten Sie zu Beginn kurz Ihr Unternehmen und Ihre Rolle vorstellen und erl\u00e4utern, wie Insight Narrator von SANDSIV als KI Data Analysis Accelerator Tool in Ihren Datenanalyseprozess integriert wurde? Welche spezifischen Anforderungen haben Sie dazu veranlasst, diese L\u00f6sung in Betracht zu ziehen?<\/span><\/strong><\/p>\n<p><strong>Helen:<\/strong> Ich bin Senior Director of Customer Experience and Quality bei <span style=\"color: #bf2025;\"><a style=\"color: #bf2025;\" href=\"https:\/\/www.sunrise.ch\/de\/home\">Sunrise<\/a><\/span>, dem zweitgr\u00f6\u00dften Telekommunikationsanbieter der Schweiz. Wir bieten Mobilfunk-, Festnetz- und TV-Produkte sowie eine Reihe angrenzender Dienstleistungen an.<\/p>\n<p>Als wir mit dem Einsatz von Insight Narrator begannen, waren wir auf der Suche nach einem Tool zur Verbesserung unserer Analyse von Kundenfeedback, insbesondere von NPS-Umfragen und Beschwerden. Insight Narrator wurde als eigenst\u00e4ndiges Produkt eingef\u00fchrt, das sich nahtlos in unsere bestehenden VOC- und CX-Tools integrieren l\u00e4sst. Es erm\u00f6glichte uns, tiefer in die Daten einzudringen und Muster und Beziehungen aufzudecken, die mit traditionellen Analysen nicht erfasst werden konnten.<\/p>\n<p>Wir implementierten es zun\u00e4chst als \u201eKochtopf\u201c, um Stimmungen zu analysieren und nat\u00fcrliche Cluster von Treibern zu identifizieren. Das Ziel war es, das Gewicht und die Besonderheiten dieser Faktoren bei der Gestaltung der allgemeinen Kundenzufriedenheit besser zu verstehen.<\/p>\n<p><span style=\"color: #bf2025;\"><strong>F2: Auf welche Herausforderungen stie\u00dfen Sie vor der Einf\u00fchrung von Insight Narrator bei der Analyse von Kundenfeedback mit den von Ihnen verwendeten CX-Tools? Welche L\u00fccken haben Sie entdeckt, die Sie daran gehindert haben, tiefere und zeitn\u00e4here Einblicke zu gewinnen?<\/strong><\/span><\/p>\n<p><strong>Helen:<\/strong> Mit unseren vorherigen Tools haben wir uns stark auf Textanalysen verlassen, aber wir sind auf mehrere Probleme gesto\u00dfen:<\/p>\n<ul>\n<li><strong>Tagging-L\u00fccken:<\/strong> Ein erheblicher Teil der Kommentare wurde nicht getagt, weil immer wieder neue Wortcluster auftauchten.<\/li>\n<li><strong>Mangel an Trend-Insights:<\/strong> Die Tools konnten zwar dominante Themen aufzeigen, aber Schwankungen oder Ver\u00e4nderungen im Zeitverlauf nicht effektiv erfassen.<\/li>\n<li><strong>Oberfl\u00e4chliche Analyse:<\/strong> Die Textanalyse-Tools waren gut darin, uns zu sagen, \u201ewor\u00fcber\u201c die Kunden sprachen, aber nicht \u201ewarum\u201c.<\/li>\n<\/ul>\n<p>Diese Einschr\u00e4nkungen hinderten uns daran, die f\u00fcr fundierte Entscheidungen erforderlichen Erkenntnisse zu gewinnen.<\/p>\n<p><strong><span style=\"color: #bf2025;\">F3: K\u00f6nnen Sie ein konkretes Beispiel nennen, bei dem Insight Narrator zur L\u00f6sung einer analytischen Herausforderung beigetragen hat? Welche Erkenntnisse hat das Tool aufgedeckt, die mit Ihren vorherigen Tools nicht erkennbar waren?<\/span><\/strong><\/p>\n<p><strong>Helen:<\/strong> Eine der faszinierendsten Entdeckungen war, als wir Feedback aus NPS-Umfragen mit Kundenbeschwerden kombinierten. Durch die gemeinsame Analyse dieser Datens\u00e4tze konnten wir neue Priorit\u00e4ten setzen und die wahre Bedeutung bestimmter Bereiche erkennen, die im NPS-Feedback allein nicht sofort ersichtlich waren.<\/p>\n<p>So stellten wir beispielsweise fest, dass einige Bereiche, die f\u00fcr NPS-Verweigerer nicht zu den wichtigsten Anliegen geh\u00f6rten, in Verbindung mit den Beschwerdedaten zu kritischen Bereichen wurden. Dadurch wurden klare Priorit\u00e4ten f\u00fcr sofortige Ma\u00dfnahmen deutlich und wir konnten unsere Ressourcen dort einsetzen, wo sie die gr\u00f6\u00dfte Wirkung erzielen w\u00fcrden.<\/p>\n<p><strong><span style=\"color: #bf2025;\">F4: Welche signifikanten Ver\u00e4nderungen haben Sie seit der Integration von Insight Narrator in Bezug auf die betriebliche Effizienz und die Reaktionszeiten auf die Erkenntnisse festgestellt? Wie haben Sie diese Erkenntnisse team\u00fcbergreifend genutzt, und wie haben sie sich auf strategische Entscheidungen und das Kundenerlebnis ausgewirkt?<\/span><\/strong><\/p>\n<p><strong>Helen:<\/strong> Wir haben noch keine messbaren Ergebnisse, aber mein Hauptziel mit Insight Narrator ist es, \u00fcber oberfl\u00e4chliche Analysen hinauszugehen. Das Tool zeigt bereits sein Potenzial, nicht nur fehlerhafte Prozesse, sondern auch die genauen Bereiche aufzuzeigen, die Aufmerksamkeit ben\u00f6tigen. Diese Pr\u00e4zision wird es uns erm\u00f6glichen, spezifische Ma\u00dfnahmen zu ergreifen, um sowohl die betriebliche Effizienz als auch die Kundenzufriedenheit langfristig zu verbessern.<\/p>\n<p><span style=\"color: #bf2025;\"><strong>&#8212;Was ist Insight Narrator?<\/strong><\/span><\/p>\n<p>Insight Narrator ist eine erz\u00e4hlerische L\u00f6sung, die Ihr CX-Team von komplexen Datenanalysen befreit. Sie bietet pr\u00e4zise Anleitungen und umsetzbare Feedback-Informationen, so dass sich Ihr Team darauf konzentrieren kann, wirkungsvolle Projekte voranzutreiben und das Kundenerlebnis mit Zuversicht und Geschwindigkeit zu verbessern.<\/p>\n                    <\/div>\r\n                            <\/div>\r\n        <\/div>\r\n    <\/div>\r\n<\/div>\n\n\r\n<div id=\"blog_post_content-block_01891443e6c320a3043cfcb95b2d0952\" class=\"blog_post_content scroll-fade\">\r\n    <div class=\"module \">\r\n\r\n                    <div class=\"container\">\r\n                                \r\n            <div class=\"blog_post_content_inner\"> \r\n                                    <div class=\"heading_section\">\r\n                        <div class=\"heading_text h1\">\r\n                            Die Reise von Sunrise mit Insight Narrator                        <\/div>\r\n                    <\/div>\r\n                                                    <div class=\"content_section\">\r\n                        <p>Lesen Sie mehr \u00fcber <span style=\"color: #bf2025;\"><a style=\"color: #bf2025;\" href=\"https:\/\/www.linkedin.com\/in\/helen-gavrilova1981\/\">Helen Gavrilova<\/a><\/span><\/p>\n                    <\/div>\r\n                            <\/div>\r\n        <\/div>\r\n    <\/div>\r\n<\/div>\n\n\r\n<div id=\"frames_section-block_0292b396792de209aafa4ba7ab55bddb\" class=\"frames_section scroll-fade\">\r\n    <div class=\"module mt_0  mb_0\">  \r\n        <div class=\"bg_clr_section bg_clr_red\">               \r\n            <div class=\"container\">\r\n                <div class=\"frames_section_inner\"> \r\n                                            <div class=\"heading\">\r\n                            Beginnen Sie heute, mit sandsiv+ zu wachsen                        <\/div>\r\n                                                                                    <div class=\"button_section\">\r\n                            <a class=\"btn btn--white \" href=\"https:\/\/sandsiv.com\/de\/demo-anfordern\/\" >\r\n                                Demo anfordern                            <\/a>\r\n                        <\/div>\r\n                                    <\/div>\r\n            <\/div>\r\n        <\/div>\r\n    <\/div>\r\n<\/div>","protected":false},"excerpt":{"rendered":"","protected":false},"author":3,"featured_media":0,"parent":10507,"menu_order":0,"comment_status":"closed","ping_status":"closed","template":"","meta":{"content-type":"","footnotes":""},"class_list":["post-15453","page","type-page","status-publish","hentry"],"acf":[],"yoast_head":"<!-- This site is optimized with the Yoast SEO Premium plugin v26.9 (Yoast SEO v27.4) - https:\/\/yoast.com\/product\/yoast-seo-premium-wordpress\/ -->\n<title>Die Reise von Sunrise mit Insight Narrator - sandsiv+<\/title>\n<meta name=\"description\" content=\"Die Reise von Sunrise mit Insight Narrator: Lesen Sie hier unser Q&amp;A mit Helen, Senior Director Customer Experience and Quality bei Sunrise.\" \/>\n<meta name=\"robots\" content=\"index, follow, max-snippet:-1, max-image-preview:large, max-video-preview:-1\" \/>\n<link rel=\"canonical\" href=\"https:\/\/sandsiv.com\/de\/der-blog\/die-reise-von-sunrise-mit-insight-narrator\/\" \/>\n<meta property=\"og:locale\" content=\"de_DE\" \/>\n<meta property=\"og:type\" content=\"article\" \/>\n<meta property=\"og:title\" content=\"Die Reise von Sunrise mit Insight Narrator\" \/>\n<meta property=\"og:description\" content=\"Die Reise von Sunrise mit Insight Narrator: Lesen Sie hier unser Q&amp;A mit Helen, Senior Director Customer Experience and Quality bei Sunrise.\" \/>\n<meta property=\"og:url\" content=\"https:\/\/sandsiv.com\/de\/der-blog\/die-reise-von-sunrise-mit-insight-narrator\/\" \/>\n<meta property=\"og:site_name\" content=\"sandsiv+\" \/>\n<meta property=\"article:modified_time\" content=\"2025-01-30T15:42:23+00:00\" \/>\n<meta name=\"twitter:card\" content=\"summary_large_image\" \/>\n<meta name=\"twitter:label1\" content=\"Gesch\u00e4tzte Lesezeit\" \/>\n\t<meta name=\"twitter:data1\" content=\"3 Minuten\" \/>\n<script type=\"application\/ld+json\" class=\"yoast-schema-graph\">{\"@context\":\"https:\\\/\\\/schema.org\",\"@graph\":[{\"@type\":\"WebPage\",\"@id\":\"https:\\\/\\\/sandsiv.com\\\/de\\\/der-blog\\\/die-reise-von-sunrise-mit-insight-narrator\\\/\",\"url\":\"https:\\\/\\\/sandsiv.com\\\/de\\\/der-blog\\\/die-reise-von-sunrise-mit-insight-narrator\\\/\",\"name\":\"Die Reise von Sunrise mit Insight Narrator - sandsiv+\",\"isPartOf\":{\"@id\":\"https:\\\/\\\/sandsiv.com\\\/#website\"},\"datePublished\":\"2025-01-23T12:41:23+00:00\",\"dateModified\":\"2025-01-30T15:42:23+00:00\",\"description\":\"Die Reise von Sunrise mit Insight Narrator: Lesen Sie hier unser Q&A mit Helen, Senior Director Customer Experience and Quality bei Sunrise.\",\"breadcrumb\":{\"@id\":\"https:\\\/\\\/sandsiv.com\\\/de\\\/der-blog\\\/die-reise-von-sunrise-mit-insight-narrator\\\/#breadcrumb\"},\"inLanguage\":\"de-DE\",\"potentialAction\":[{\"@type\":\"ReadAction\",\"target\":[\"https:\\\/\\\/sandsiv.com\\\/de\\\/der-blog\\\/die-reise-von-sunrise-mit-insight-narrator\\\/\"]}]},{\"@type\":\"BreadcrumbList\",\"@id\":\"https:\\\/\\\/sandsiv.com\\\/de\\\/der-blog\\\/die-reise-von-sunrise-mit-insight-narrator\\\/#breadcrumb\",\"itemListElement\":[{\"@type\":\"ListItem\",\"position\":1,\"name\":\"Home\",\"item\":\"https:\\\/\\\/sandsiv.com\\\/de\\\/\"},{\"@type\":\"ListItem\",\"position\":2,\"name\":\"Der Blog\",\"item\":\"https:\\\/\\\/sandsiv.com\\\/de\\\/der-blog\\\/\"},{\"@type\":\"ListItem\",\"position\":3,\"name\":\"Die Reise von Sunrise mit Insight Narrator\"}]},{\"@type\":\"WebSite\",\"@id\":\"https:\\\/\\\/sandsiv.com\\\/#website\",\"url\":\"https:\\\/\\\/sandsiv.com\\\/\",\"name\":\"sandsiv+\",\"description\":\"Customer Intelligence Made In Switzerland\",\"publisher\":{\"@id\":\"https:\\\/\\\/sandsiv.com\\\/#organization\"},\"potentialAction\":[{\"@type\":\"SearchAction\",\"target\":{\"@type\":\"EntryPoint\",\"urlTemplate\":\"https:\\\/\\\/sandsiv.com\\\/?s={search_term_string}\"},\"query-input\":{\"@type\":\"PropertyValueSpecification\",\"valueRequired\":true,\"valueName\":\"search_term_string\"}}],\"inLanguage\":\"de-DE\"},{\"@type\":\"Organization\",\"@id\":\"https:\\\/\\\/sandsiv.com\\\/#organization\",\"name\":\"sandsiv+\",\"url\":\"https:\\\/\\\/sandsiv.com\\\/\",\"logo\":{\"@type\":\"ImageObject\",\"inLanguage\":\"de-DE\",\"@id\":\"https:\\\/\\\/sandsiv.com\\\/#\\\/schema\\\/logo\\\/image\\\/\",\"url\":\"https:\\\/\\\/sandsiv.com\\\/wp-content\\\/uploads\\\/2021\\\/08\\\/logo-light-normal.svg\",\"contentUrl\":\"https:\\\/\\\/sandsiv.com\\\/wp-content\\\/uploads\\\/2021\\\/08\\\/logo-light-normal.svg\",\"width\":376,\"height\":67,\"caption\":\"sandsiv+\"},\"image\":{\"@id\":\"https:\\\/\\\/sandsiv.com\\\/#\\\/schema\\\/logo\\\/image\\\/\"}}]}<\/script>\n<!-- \/ Yoast SEO Premium plugin. -->","yoast_head_json":{"title":"Die Reise von Sunrise mit Insight Narrator - sandsiv+","description":"Die Reise von Sunrise mit Insight Narrator: Lesen Sie hier unser Q&A mit Helen, Senior Director Customer Experience and Quality bei Sunrise.","robots":{"index":"index","follow":"follow","max-snippet":"max-snippet:-1","max-image-preview":"max-image-preview:large","max-video-preview":"max-video-preview:-1"},"canonical":"https:\/\/sandsiv.com\/de\/der-blog\/die-reise-von-sunrise-mit-insight-narrator\/","og_locale":"de_DE","og_type":"article","og_title":"Die Reise von Sunrise mit Insight Narrator","og_description":"Die Reise von Sunrise mit Insight Narrator: Lesen Sie hier unser Q&A mit Helen, Senior Director Customer Experience and Quality bei Sunrise.","og_url":"https:\/\/sandsiv.com\/de\/der-blog\/die-reise-von-sunrise-mit-insight-narrator\/","og_site_name":"sandsiv+","article_modified_time":"2025-01-30T15:42:23+00:00","twitter_card":"summary_large_image","twitter_misc":{"Gesch\u00e4tzte Lesezeit":"3 Minuten"},"schema":{"@context":"https:\/\/schema.org","@graph":[{"@type":"WebPage","@id":"https:\/\/sandsiv.com\/de\/der-blog\/die-reise-von-sunrise-mit-insight-narrator\/","url":"https:\/\/sandsiv.com\/de\/der-blog\/die-reise-von-sunrise-mit-insight-narrator\/","name":"Die Reise von Sunrise mit Insight Narrator - sandsiv+","isPartOf":{"@id":"https:\/\/sandsiv.com\/#website"},"datePublished":"2025-01-23T12:41:23+00:00","dateModified":"2025-01-30T15:42:23+00:00","description":"Die Reise von Sunrise mit Insight Narrator: Lesen Sie hier unser Q&A mit Helen, Senior Director Customer Experience and Quality bei Sunrise.","breadcrumb":{"@id":"https:\/\/sandsiv.com\/de\/der-blog\/die-reise-von-sunrise-mit-insight-narrator\/#breadcrumb"},"inLanguage":"de-DE","potentialAction":[{"@type":"ReadAction","target":["https:\/\/sandsiv.com\/de\/der-blog\/die-reise-von-sunrise-mit-insight-narrator\/"]}]},{"@type":"BreadcrumbList","@id":"https:\/\/sandsiv.com\/de\/der-blog\/die-reise-von-sunrise-mit-insight-narrator\/#breadcrumb","itemListElement":[{"@type":"ListItem","position":1,"name":"Home","item":"https:\/\/sandsiv.com\/de\/"},{"@type":"ListItem","position":2,"name":"Der Blog","item":"https:\/\/sandsiv.com\/de\/der-blog\/"},{"@type":"ListItem","position":3,"name":"Die Reise von Sunrise mit Insight Narrator"}]},{"@type":"WebSite","@id":"https:\/\/sandsiv.com\/#website","url":"https:\/\/sandsiv.com\/","name":"sandsiv+","description":"Customer Intelligence Made In Switzerland","publisher":{"@id":"https:\/\/sandsiv.com\/#organization"},"potentialAction":[{"@type":"SearchAction","target":{"@type":"EntryPoint","urlTemplate":"https:\/\/sandsiv.com\/?s={search_term_string}"},"query-input":{"@type":"PropertyValueSpecification","valueRequired":true,"valueName":"search_term_string"}}],"inLanguage":"de-DE"},{"@type":"Organization","@id":"https:\/\/sandsiv.com\/#organization","name":"sandsiv+","url":"https:\/\/sandsiv.com\/","logo":{"@type":"ImageObject","inLanguage":"de-DE","@id":"https:\/\/sandsiv.com\/#\/schema\/logo\/image\/","url":"https:\/\/sandsiv.com\/wp-content\/uploads\/2021\/08\/logo-light-normal.svg","contentUrl":"https:\/\/sandsiv.com\/wp-content\/uploads\/2021\/08\/logo-light-normal.svg","width":376,"height":67,"caption":"sandsiv+"},"image":{"@id":"https:\/\/sandsiv.com\/#\/schema\/logo\/image\/"}}]}},"_links":{"self":[{"href":"https:\/\/sandsiv.com\/de\/wp-json\/wp\/v2\/pages\/15453","targetHints":{"allow":["GET"]}}],"collection":[{"href":"https:\/\/sandsiv.com\/de\/wp-json\/wp\/v2\/pages"}],"about":[{"href":"https:\/\/sandsiv.com\/de\/wp-json\/wp\/v2\/types\/page"}],"author":[{"embeddable":true,"href":"https:\/\/sandsiv.com\/de\/wp-json\/wp\/v2\/users\/3"}],"replies":[{"embeddable":true,"href":"https:\/\/sandsiv.com\/de\/wp-json\/wp\/v2\/comments?post=15453"}],"version-history":[{"count":0,"href":"https:\/\/sandsiv.com\/de\/wp-json\/wp\/v2\/pages\/15453\/revisions"}],"up":[{"embeddable":true,"href":"https:\/\/sandsiv.com\/de\/wp-json\/wp\/v2\/pages\/10507"}],"wp:attachment":[{"href":"https:\/\/sandsiv.com\/de\/wp-json\/wp\/v2\/media?parent=15453"}],"curies":[{"name":"wp","href":"https:\/\/api.w.org\/{rel}","templated":true}]}}