
{"id":15440,"date":"2024-12-11T12:31:03","date_gmt":"2024-12-11T12:31:03","guid":{"rendered":"https:\/\/sandsiv.com\/?page_id=15440"},"modified":"2025-01-30T15:40:51","modified_gmt":"2025-01-30T15:40:51","slug":"gregorio-uglioni-ueber-die-macht-von-insight-narrator","status":"publish","type":"page","link":"https:\/\/sandsiv.com\/de\/der-blog\/gregorio-uglioni-ueber-die-macht-von-insight-narrator\/","title":{"rendered":"Gregorio Uglioni \u00fcber die Macht von Insight Narrator"},"content":{"rendered":"<div id=\"banner-block_2fd88817f4c58b582ea806fa91a1bcc5\"\r\n    class=\"banner scroll-fade\">\r\n    <div\r\n        class=\"module mt_0  mb_0\">\r\n        <div class=\"container\">\r\n            <div class=\"banner__inner\">\r\n                <div class=\"banner__data\">\r\n                                        <h1 class=\"heading\">Gregorio Uglioni \u00fcber die Macht von Insight Narrator<strong\r\n                            class=\"heading_red\">Interview<\/strong>                    <\/h1>\r\n                                                            <div class=\"description\">13. Dezember 2024 &#8211; Gregorio Uglioni \u00fcber die Macht von Insight Narrator                    <\/div>                                                            <div class=\"banner__button\">\r\n                        <a href=\"https:\/\/sandsiv.com\/de\/demo-anfordern\/\"\r\n                            class=\"btn\" _self                            >Demo anfordern<\/a>\r\n                    <\/div>\r\n                                                                            <\/div>\r\n                <div class=\"banner__media\">\r\n                                        <div class=\"banner__image\">\r\n                        <picture class=\"image\">\r\n                            <source srcset=\"https:\/\/sandsiv.com\/wp-content\/uploads\/2024\/12\/Headers_events-14.png\">\r\n                            <img decoding=\"async\" src=\"https:\/\/sandsiv.com\/wp-content\/uploads\/2024\/12\/Headers_events-14.png\"\r\n                                alt=\"\" \/>\r\n                        <\/picture>\r\n                    <\/div>\r\n                                                                            <\/div>\r\n            <\/div>\r\n        <\/div>\r\n    <\/div>\r\n<\/div>\n\n\r\n<div id=\"frames_section-block_9ff6f88f57a4733e99bada900cda860e\" class=\"frames_section scroll-fade\">\r\n    <div class=\"module mt_0  mb_0\">  \r\n        <div class=\"bg_clr_section bg_clr_red\">               \r\n            <div class=\"container\">\r\n                <div class=\"frames_section_inner\"> \r\n                                                                <div class=\"text\">\r\n                            <p>In diesem Interview teilt Gregorio Uglioni, CX-Experte, seine direkten Erfahrungen mit <strong>Insight Narrator<\/strong> und erkl\u00e4rt, wie das Tool komplexe Kundendaten in klare, umsetzbare Erkenntnisse umwandelt. Er verr\u00e4t, wie dies Unternehmen hilft, gro\u00dfe Mengen an Feedback schnell zu analysieren und wie Tools wie dieses den Prozess rationalisieren und komplexe Daten in Rekordzeit in umsetzbare Erkenntnisse verwandeln.<\/p>\n                        <\/div>\r\n                                                        <\/div>\r\n            <\/div>\r\n        <\/div>\r\n    <\/div>\r\n<\/div>\n\n\r\n<div id=\"blog_post_content-block_41ab8f476e42b0b903ce269ff43b1e9d\" class=\"blog_post_content scroll-fade\">\r\n    <div class=\"module \">\r\n\r\n                            <div class=\"container container--medium\">\r\n                        \r\n            <div class=\"blog_post_content_inner\"> \r\n                                    <div class=\"heading_section\">\r\n                        <div class=\"heading_text h1\">\r\n                            <Div style = \"visibility: hidden\"> <\/ div>                        <\/div>\r\n                    <\/div>\r\n                                                    <div class=\"content_section\">\r\n                        <p><strong><span style=\"color: #bf2025;\">Gregorio, Unternehmen haben heute mit einer wachsenden Menge an Kundendaten zu tun. Welches sind die gr\u00f6\u00dften Herausforderungen bei der Analyse dieser Daten, und wie k\u00f6nnen sie diese effektiv bew\u00e4ltigen?<\/span><\/strong><\/p>\n<p>Die gr\u00f6\u00dfte Herausforderung besteht darin, dass Unternehmen riesige Datenmengen sammeln, aber oft nicht in der Lage sind, diese effektiv zu nutzen, um die Kundenerfahrung, die Mitarbeiterzufriedenheit und die Gesch\u00e4ftsergebnisse zu verbessern. Es ist, als h\u00e4tte man ein Puzzle mit zu vielen Teilen und keinem Bild, an dem man sich orientieren kann! Tools wie Insight Narrator helfen bei der Organisation von Daten, erm\u00f6glichen eine reibungslose Analyse und nutzen KI, um innerhalb von Minuten Erkenntnisse zu gewinnen &#8211; eine Arbeit, die sonst Tage dauern w\u00fcrde.<\/p>\n<p><strong><span style=\"color: #bf2025;\">Wie gehen fortschrittliche Tools wie Insight Narrator mit den Herausforderungen der Datenanalyse um? Welche Funktionen machen dieses Tool besonders effektiv f\u00fcr Unternehmen, die pr\u00e4zisere und umsetzbare Erkenntnisse gewinnen wollen?<\/span><\/strong><\/p>\n<p>Insight Narrator wandelt unstrukturiertes Kundenfeedback in strukturierte, umsetzbare Erkenntnisse um. Es nutzt fortschrittliche Techniken wie die Analyse von \u00dcbereinstimmungen und H\u00e4ufigkeiten, um Muster zu erkennen, und liefert durch die Verarbeitung nat\u00fcrlicher Sprache klare, umsetzbare Empfehlungen. Die Software ist wie ein \u00dcbersetzer, der komplexe Daten vereinfacht, so dass sie leicht zu verstehen und f\u00fcr die Unternehmensziele relevant sind. So m\u00fcssen Fachleute weniger Zeit mit der Datenanalyse verbringen und haben mehr Zeit, echte Probleme zu l\u00f6sen und intelligentere Entscheidungen zu treffen.<\/p>\n<p><strong><span style=\"color: #bf2025;\">Wie l\u00e4sst sich Insight Narrator in die Tools integrieren, die Unternehmen bereits verwenden, und welche konkreten Vorteile bietet er in Bezug auf Effizienz und Entscheidungsunterst\u00fctzung?<\/span><\/strong><\/p>\n<p>Insight Narrator l\u00e4sst sich nahtlos in bestehende Customer Experience Management (CXM)- und Voice of the Customer (VoC)-Plattformen integrieren und erweitert deren Analysef\u00e4higkeiten, ohne die bestehenden Arbeitsabl\u00e4ufe zu st\u00f6ren. Diese Integration erm\u00f6glicht es Fachleuten, Rohdaten in aussagekr\u00e4ftige Berichte umzuwandeln und so leichter zu erkennen, was funktioniert und was nicht. Durch die Bereitstellung klarer, umsetzbarer Erkenntnisse erm\u00f6glicht Insight Narrator den Teams, Zeit zu sparen und fundiertere Entscheidungen zu treffen, so wie ein GPS im Auto dem Fahrer hilft, effizient zu navigieren.<\/p>\n<p><strong><span style=\"color: #bf2025;\">K\u00f6nnen Sie ein aktuelles Projekt nennen, an dem Sie gearbeitet haben und das die positiven Auswirkungen dieses Tools sowohl aus der Sicht eines Beraters als auch aus der Perspektive des Endkunden verdeutlicht?<\/span><\/strong><\/p>\n<p>In einem k\u00fcrzlich durchgef\u00fchrten Projekt haben wir das Kundenfeedback des vergangenen Jahres mit Insight Narrator analysiert. Innerhalb weniger Stunden konnten wir die wichtigsten verbesserungsw\u00fcrdigen Bereiche identifizieren, z. B. die Verbesserung der Kundendienstschulung, um L\u00fccken in der Produktkenntnis zu schlie\u00dfen, die Behebung von Prozessm\u00e4ngeln wie Lieferschwierigkeiten und die Behebung technologischer Probleme wie Webshops, die mit bestimmten Browsern nicht kompatibel sind. Das Tool zeigte M\u00f6glichkeiten auf, wie die Automatisierung von Bestellungsaktualisierungen, die die Beteiligten sofort umsetzen k\u00f6nnen. Was fr\u00fcher Tage oder Wochen dauerte, wurde in einem Bruchteil der Zeit erledigt und lieferte dem Kunden sofortige, umsetzbare Erkenntnisse.<\/p>\n<p><strong><span style=\"color: #bf2025;\">Wie wird sich Ihrer Meinung nach k\u00fcnstliche Intelligenz in Zukunft entwickeln, um Unternehmen bei der Verbesserung der Kundenerfahrung und der Optimierung ihrer Prozesse zu unterst\u00fctzen?<\/span><\/strong><\/p>\n<p>KI wird es Unternehmen erm\u00f6glichen, Kundenbed\u00fcrfnisse zu antizipieren, noch bevor sie ge\u00e4u\u00dfert werden. Es ist, als h\u00e4tte man einen Freund, der die Lieblingssnacks kennt und sie ungefragt mitbringt. Durch den Einsatz von Verhaltenswissenschaft kann KI beil\u00e4ufige Interaktionen in sinnvolle, langfristige Beziehungen verwandeln, von denen Kunden und Unternehmen profitieren. Dies wird personalisierte und bemerkenswerte Erfahrungen schaffen, die Loyalit\u00e4t st\u00e4rken und den gegenseitigen Erfolg f\u00f6rdern, w\u00e4hrend die Unternehmen zuverl\u00e4ssiger werden als je zuvor.<\/p>\n                    <\/div>\r\n                            <\/div>\r\n        <\/div>\r\n    <\/div>\r\n<\/div>\n\n\r\n<div id=\"blog_post_content-block_ba37ffe2987fe4d6179212a2b830c21b\" class=\"blog_post_content scroll-fade\">\r\n    <div class=\"module \">\r\n\r\n                    <div class=\"container\">\r\n                                \r\n            <div class=\"blog_post_content_inner\"> \r\n                                    <div class=\"heading_section\">\r\n                        <div class=\"heading_text h1\">\r\n                            Gregorio Uglioni \u00fcber die Macht von Insight Narrator                        <\/div>\r\n                    <\/div>\r\n                                                    <div class=\"content_section\">\r\n                        <p>Lesen Sie mehr \u00fcber <span style=\"color: #bf2025;\"><a style=\"color: #bf2025;\" href=\"https:\/\/cxgoalkeeper.com\/aboutme\/\">Gregorio Uglioni<\/a><\/span><\/p>\n                    <\/div>\r\n                            <\/div>\r\n        <\/div>\r\n    <\/div>\r\n<\/div>\n\n\r\n<div id=\"frames_section-block_a39f344598771954d4049b461bd2399c\" class=\"frames_section scroll-fade\">\r\n    <div class=\"module mt_0  mb_0\">  \r\n        <div class=\"bg_clr_section bg_clr_red\">               \r\n            <div class=\"container\">\r\n                <div class=\"frames_section_inner\"> \r\n                                            <div class=\"heading\">\r\n                            Beginnen Sie heute, mit sandsiv+ zu wachsen                        <\/div>\r\n                                                                                    <div class=\"button_section\">\r\n                            <a class=\"btn btn--white \" href=\"https:\/\/sandsiv.com\/de\/demo-anfordern\/\" >\r\n                                Demo anfordern                            <\/a>\r\n                        <\/div>\r\n                                    <\/div>\r\n            <\/div>\r\n        <\/div>\r\n    <\/div>\r\n<\/div>","protected":false},"excerpt":{"rendered":"","protected":false},"author":3,"featured_media":0,"parent":10507,"menu_order":0,"comment_status":"closed","ping_status":"closed","template":"","meta":{"content-type":"","footnotes":""},"class_list":["post-15440","page","type-page","status-publish","hentry"],"acf":[],"yoast_head":"<!-- This site is optimized with the Yoast SEO Premium plugin v26.9 (Yoast SEO v27.3) - https:\/\/yoast.com\/product\/yoast-seo-premium-wordpress\/ -->\n<title>Gregorio Uglioni \u00fcber die Macht von Insight Narrator - sandsiv+<\/title>\n<meta name=\"description\" content=\"Die Macht von Insight Narrator: In diesem Interview teilt Gregorio Uglioni, CX-Experte, seine direkten Erfahrungen mit Insight Narrator.\" \/>\n<meta name=\"robots\" content=\"index, follow, max-snippet:-1, max-image-preview:large, max-video-preview:-1\" \/>\n<link rel=\"canonical\" href=\"https:\/\/sandsiv.com\/de\/der-blog\/gregorio-uglioni-ueber-die-macht-von-insight-narrator\/\" \/>\n<meta property=\"og:locale\" content=\"de_DE\" \/>\n<meta property=\"og:type\" content=\"article\" \/>\n<meta property=\"og:title\" content=\"Gregorio Uglioni \u00fcber die Macht von Insight Narrator\" \/>\n<meta property=\"og:description\" content=\"Die Macht von Insight Narrator: In diesem Interview teilt Gregorio Uglioni, CX-Experte, seine direkten Erfahrungen mit Insight Narrator.\" \/>\n<meta property=\"og:url\" content=\"https:\/\/sandsiv.com\/de\/der-blog\/gregorio-uglioni-ueber-die-macht-von-insight-narrator\/\" \/>\n<meta property=\"og:site_name\" content=\"sandsiv+\" \/>\n<meta property=\"article:modified_time\" content=\"2025-01-30T15:40:51+00:00\" \/>\n<meta name=\"twitter:card\" content=\"summary_large_image\" \/>\n<meta name=\"twitter:label1\" content=\"Gesch\u00e4tzte Lesezeit\" \/>\n\t<meta name=\"twitter:data1\" content=\"3 Minuten\" \/>\n<script type=\"application\/ld+json\" class=\"yoast-schema-graph\">{\"@context\":\"https:\\\/\\\/schema.org\",\"@graph\":[{\"@type\":\"WebPage\",\"@id\":\"https:\\\/\\\/sandsiv.com\\\/de\\\/der-blog\\\/gregorio-uglioni-ueber-die-macht-von-insight-narrator\\\/\",\"url\":\"https:\\\/\\\/sandsiv.com\\\/de\\\/der-blog\\\/gregorio-uglioni-ueber-die-macht-von-insight-narrator\\\/\",\"name\":\"Gregorio Uglioni \u00fcber die Macht von Insight Narrator - sandsiv+\",\"isPartOf\":{\"@id\":\"https:\\\/\\\/sandsiv.com\\\/#website\"},\"datePublished\":\"2024-12-11T12:31:03+00:00\",\"dateModified\":\"2025-01-30T15:40:51+00:00\",\"description\":\"Die Macht von Insight Narrator: In diesem Interview teilt Gregorio Uglioni, CX-Experte, seine direkten Erfahrungen mit Insight Narrator.\",\"breadcrumb\":{\"@id\":\"https:\\\/\\\/sandsiv.com\\\/de\\\/der-blog\\\/gregorio-uglioni-ueber-die-macht-von-insight-narrator\\\/#breadcrumb\"},\"inLanguage\":\"de-DE\",\"potentialAction\":[{\"@type\":\"ReadAction\",\"target\":[\"https:\\\/\\\/sandsiv.com\\\/de\\\/der-blog\\\/gregorio-uglioni-ueber-die-macht-von-insight-narrator\\\/\"]}]},{\"@type\":\"BreadcrumbList\",\"@id\":\"https:\\\/\\\/sandsiv.com\\\/de\\\/der-blog\\\/gregorio-uglioni-ueber-die-macht-von-insight-narrator\\\/#breadcrumb\",\"itemListElement\":[{\"@type\":\"ListItem\",\"position\":1,\"name\":\"Home\",\"item\":\"https:\\\/\\\/sandsiv.com\\\/de\\\/\"},{\"@type\":\"ListItem\",\"position\":2,\"name\":\"Der Blog\",\"item\":\"https:\\\/\\\/sandsiv.com\\\/de\\\/der-blog\\\/\"},{\"@type\":\"ListItem\",\"position\":3,\"name\":\"Gregorio Uglioni \u00fcber die Macht von Insight Narrator\"}]},{\"@type\":\"WebSite\",\"@id\":\"https:\\\/\\\/sandsiv.com\\\/#website\",\"url\":\"https:\\\/\\\/sandsiv.com\\\/\",\"name\":\"sandsiv+\",\"description\":\"Customer Intelligence Made In Switzerland\",\"publisher\":{\"@id\":\"https:\\\/\\\/sandsiv.com\\\/#organization\"},\"potentialAction\":[{\"@type\":\"SearchAction\",\"target\":{\"@type\":\"EntryPoint\",\"urlTemplate\":\"https:\\\/\\\/sandsiv.com\\\/?s={search_term_string}\"},\"query-input\":{\"@type\":\"PropertyValueSpecification\",\"valueRequired\":true,\"valueName\":\"search_term_string\"}}],\"inLanguage\":\"de-DE\"},{\"@type\":\"Organization\",\"@id\":\"https:\\\/\\\/sandsiv.com\\\/#organization\",\"name\":\"sandsiv+\",\"url\":\"https:\\\/\\\/sandsiv.com\\\/\",\"logo\":{\"@type\":\"ImageObject\",\"inLanguage\":\"de-DE\",\"@id\":\"https:\\\/\\\/sandsiv.com\\\/#\\\/schema\\\/logo\\\/image\\\/\",\"url\":\"https:\\\/\\\/sandsiv.com\\\/wp-content\\\/uploads\\\/2021\\\/08\\\/logo-light-normal.svg\",\"contentUrl\":\"https:\\\/\\\/sandsiv.com\\\/wp-content\\\/uploads\\\/2021\\\/08\\\/logo-light-normal.svg\",\"width\":376,\"height\":67,\"caption\":\"sandsiv+\"},\"image\":{\"@id\":\"https:\\\/\\\/sandsiv.com\\\/#\\\/schema\\\/logo\\\/image\\\/\"}}]}<\/script>\n<!-- \/ Yoast SEO Premium plugin. -->","yoast_head_json":{"title":"Gregorio Uglioni \u00fcber die Macht von Insight Narrator - sandsiv+","description":"Die Macht von Insight Narrator: In diesem Interview teilt Gregorio Uglioni, CX-Experte, seine direkten Erfahrungen mit Insight Narrator.","robots":{"index":"index","follow":"follow","max-snippet":"max-snippet:-1","max-image-preview":"max-image-preview:large","max-video-preview":"max-video-preview:-1"},"canonical":"https:\/\/sandsiv.com\/de\/der-blog\/gregorio-uglioni-ueber-die-macht-von-insight-narrator\/","og_locale":"de_DE","og_type":"article","og_title":"Gregorio Uglioni \u00fcber die Macht von Insight Narrator","og_description":"Die Macht von Insight Narrator: In diesem Interview teilt Gregorio Uglioni, CX-Experte, seine direkten Erfahrungen mit Insight Narrator.","og_url":"https:\/\/sandsiv.com\/de\/der-blog\/gregorio-uglioni-ueber-die-macht-von-insight-narrator\/","og_site_name":"sandsiv+","article_modified_time":"2025-01-30T15:40:51+00:00","twitter_card":"summary_large_image","twitter_misc":{"Gesch\u00e4tzte Lesezeit":"3 Minuten"},"schema":{"@context":"https:\/\/schema.org","@graph":[{"@type":"WebPage","@id":"https:\/\/sandsiv.com\/de\/der-blog\/gregorio-uglioni-ueber-die-macht-von-insight-narrator\/","url":"https:\/\/sandsiv.com\/de\/der-blog\/gregorio-uglioni-ueber-die-macht-von-insight-narrator\/","name":"Gregorio Uglioni \u00fcber die Macht von Insight Narrator - sandsiv+","isPartOf":{"@id":"https:\/\/sandsiv.com\/#website"},"datePublished":"2024-12-11T12:31:03+00:00","dateModified":"2025-01-30T15:40:51+00:00","description":"Die Macht von Insight Narrator: In diesem Interview teilt Gregorio Uglioni, CX-Experte, seine direkten Erfahrungen mit Insight Narrator.","breadcrumb":{"@id":"https:\/\/sandsiv.com\/de\/der-blog\/gregorio-uglioni-ueber-die-macht-von-insight-narrator\/#breadcrumb"},"inLanguage":"de-DE","potentialAction":[{"@type":"ReadAction","target":["https:\/\/sandsiv.com\/de\/der-blog\/gregorio-uglioni-ueber-die-macht-von-insight-narrator\/"]}]},{"@type":"BreadcrumbList","@id":"https:\/\/sandsiv.com\/de\/der-blog\/gregorio-uglioni-ueber-die-macht-von-insight-narrator\/#breadcrumb","itemListElement":[{"@type":"ListItem","position":1,"name":"Home","item":"https:\/\/sandsiv.com\/de\/"},{"@type":"ListItem","position":2,"name":"Der Blog","item":"https:\/\/sandsiv.com\/de\/der-blog\/"},{"@type":"ListItem","position":3,"name":"Gregorio Uglioni \u00fcber die Macht von Insight Narrator"}]},{"@type":"WebSite","@id":"https:\/\/sandsiv.com\/#website","url":"https:\/\/sandsiv.com\/","name":"sandsiv+","description":"Customer Intelligence Made In Switzerland","publisher":{"@id":"https:\/\/sandsiv.com\/#organization"},"potentialAction":[{"@type":"SearchAction","target":{"@type":"EntryPoint","urlTemplate":"https:\/\/sandsiv.com\/?s={search_term_string}"},"query-input":{"@type":"PropertyValueSpecification","valueRequired":true,"valueName":"search_term_string"}}],"inLanguage":"de-DE"},{"@type":"Organization","@id":"https:\/\/sandsiv.com\/#organization","name":"sandsiv+","url":"https:\/\/sandsiv.com\/","logo":{"@type":"ImageObject","inLanguage":"de-DE","@id":"https:\/\/sandsiv.com\/#\/schema\/logo\/image\/","url":"https:\/\/sandsiv.com\/wp-content\/uploads\/2021\/08\/logo-light-normal.svg","contentUrl":"https:\/\/sandsiv.com\/wp-content\/uploads\/2021\/08\/logo-light-normal.svg","width":376,"height":67,"caption":"sandsiv+"},"image":{"@id":"https:\/\/sandsiv.com\/#\/schema\/logo\/image\/"}}]}},"_links":{"self":[{"href":"https:\/\/sandsiv.com\/de\/wp-json\/wp\/v2\/pages\/15440","targetHints":{"allow":["GET"]}}],"collection":[{"href":"https:\/\/sandsiv.com\/de\/wp-json\/wp\/v2\/pages"}],"about":[{"href":"https:\/\/sandsiv.com\/de\/wp-json\/wp\/v2\/types\/page"}],"author":[{"embeddable":true,"href":"https:\/\/sandsiv.com\/de\/wp-json\/wp\/v2\/users\/3"}],"replies":[{"embeddable":true,"href":"https:\/\/sandsiv.com\/de\/wp-json\/wp\/v2\/comments?post=15440"}],"version-history":[{"count":0,"href":"https:\/\/sandsiv.com\/de\/wp-json\/wp\/v2\/pages\/15440\/revisions"}],"up":[{"embeddable":true,"href":"https:\/\/sandsiv.com\/de\/wp-json\/wp\/v2\/pages\/10507"}],"wp:attachment":[{"href":"https:\/\/sandsiv.com\/de\/wp-json\/wp\/v2\/media?parent=15440"}],"curies":[{"name":"wp","href":"https:\/\/api.w.org\/{rel}","templated":true}]}}