
{"id":14871,"date":"2021-07-13T05:15:21","date_gmt":"2021-07-13T05:15:21","guid":{"rendered":"https:\/\/sandsiv.com\/partnerprogramm\/flex-partnership\/"},"modified":"2024-09-26T12:14:29","modified_gmt":"2024-09-26T12:14:29","slug":"flex-partnerschaft","status":"publish","type":"page","link":"https:\/\/sandsiv.com\/de\/partnerprogramm\/flex-partnerschaft\/","title":{"rendered":"Flex Partnerschaft"},"content":{"rendered":"<div id=\"banner-block_a9d6b11c6437bbca99e9bc40fa09f8ef\"\r\n    class=\"banner scroll-fade\">\r\n    <div\r\n        class=\"module mt_0  mb_0\">\r\n        <div class=\"container\">\r\n            <div class=\"banner__inner\">\r\n                <div class=\"banner__data\">\r\n                                        <h1 class=\"heading\">Flex Partnerschaft<strong\r\n                            class=\"heading_red\">F\u00fcr Agilit\u00e4t konzipiert<\/strong>                    <\/h1>\r\n                                                            <div class=\"description\">Die Flexibilit\u00e4t, die Sie ben\u00f6tigen, ohne Kompromisse bei Qualit\u00e4t und Kontrolle einzugehen.\r\n                    <\/div>                                                            <div class=\"banner__button\">\r\n                        <a href=\"https:\/\/sandsiv.com\/de\/werden-sie-partner\/\"\r\n                            class=\"btn\" _self                            >Werden Sie Flex Partner<\/a>\r\n                    <\/div>\r\n                                                                            <\/div>\r\n                <div class=\"banner__media\">\r\n                                        <div class=\"banner__image\">\r\n                        <picture class=\"image\">\r\n                            <source srcset=\"https:\/\/sandsiv.com\/wp-content\/uploads\/2024\/07\/Headers-1.svg\">\r\n                            <img decoding=\"async\" src=\"https:\/\/sandsiv.com\/wp-content\/uploads\/2024\/07\/Headers-1.svg\"\r\n                                alt=\"\" \/>\r\n                        <\/picture>\r\n                    <\/div>\r\n                                                                            <\/div>\r\n            <\/div>\r\n        <\/div>\r\n    <\/div>\r\n<\/div>\n\n\r\n<div id=\"frames_section-block_ead63b635b426acf7ebdfa6f1bdd0bc3\" class=\"frames_section scroll-fade\">\r\n    <div class=\"module mt_0 \">  \r\n        <div class=\"bg_clr_section bg_clr_red\">               \r\n            <div class=\"container\">\r\n                <div class=\"frames_section_inner\"> \r\n                                            <div class=\"heading\">\r\n                            Ben\u00f6tigen Sie eine einfache technische Umsetzung?                        <\/div>\r\n                                                                <div class=\"text\">\r\n                            <p>Dann sind Sie ein zuk\u00fcnftiger Flex-Partner. Das Flex-Modell bietet die <b>Flexibilit\u00e4t<\/b>, die Sie ben\u00f6tigen, ohne Kompromisse bei Qualit\u00e4t und Kontrolle einzugehen.<\/p>\n                        <\/div>\r\n                                                                <div class=\"button_section\">\r\n                            <a class=\"btn btn--white \" href=\"https:\/\/sandsiv.com\/de\/werden-sie-partner\/\" >\r\n                                Werden Sie Flex Partner                            <\/a>\r\n                        <\/div>\r\n                                    <\/div>\r\n            <\/div>\r\n        <\/div>\r\n    <\/div>\r\n<\/div>\n\n<div id=\"text_imagevideo-block_ed3647599c60204aa0406cef4b9f2515\"\r\n    class=\"text_imagevideo scroll-fade\">\r\n    <div class=\"container\">\r\n                <div class=\"text_imagevideo__inner\">\r\n                        <div\r\n                class=\"text_imagevideo__list \">\r\n                                <div class=\"text_imagevideo__item module scroll-fade\">\r\n                    <div\r\n                        class=\"text_imagevideo__item__inner imagePosition_right\">\r\n                        <div class=\"contant\">\r\n                                                        <h6 class=\"sub_heading\"\r\n                                style=\"color: #bf2025; \">\r\n                                Go Flex                            <\/h6>                                                        <h1 class=\"title\">Speziell f\u00fcr Sie entwickelt                            <\/h1>                                                        <div class=\"text\">In den letzten sechs Monaten f\u00fchrten viele Anfragen nach <b>begrenzten, budgetfreundlichen<\/b> Partnerprojekten zur Entwicklung dieses Gesch\u00e4ftsmodells.                            <\/div>                                                        <a href=\"https:\/\/sandsiv.com\/de\/werden-sie-partner\/\"\r\n                                class=\"btn\"                                 >Werden Sie Flex Partner<\/a>\r\n                                                    <\/div>\r\n                        <div class=\"image_video\">\r\n                                                        <picture class=\"img\"                                 >\r\n                                <source\r\n                                    srcset=\"https:\/\/sandsiv.com\/wp-content\/uploads\/2024\/07\/flex-partnership.svg\">\r\n                                <img decoding=\"async\" src=\"https:\/\/sandsiv.com\/wp-content\/uploads\/2024\/07\/flex-partnership.svg\"\r\n                                    alt=\"\" \/>\r\n                            <\/picture>\r\n                                                    <\/div>\r\n                    <\/div>\r\n                <\/div>\r\n                            <\/div>\r\n        <\/div>\r\n            <\/div>\r\n<\/div>\n\n<div id=\"card-block_7f7a120c048993262dccffcc51682483\"\n    class=\"card scroll-fade\">\n    <div\n        class=\"module  mb_0\">\n        <div class=\"container\">\n            <div class=\"card__inner\">\n                <div class=\"card__header\">\n                                        <h4 class=\"tag_line\">6 Gr\u00fcnde f\u00fcr Flex                    <\/h4>                                         <h1\n                        class=\"heading heading__Normal\">\n                        Warum die Flex-Partnerschaft w\u00e4hlen?                        <\/h4>                                         <\/div>\n                                <div\n                    class=\"card__news_list custom_list list_column3_icon\">\n                                        <div class=\"newsItem\">\n                        <div\n                            class=\"newsItem__inner isIcon\">\n                                                        <div class=\"contant\">\n                                                                <h2 class=\"title\">Kosten <span style=\"color: #bf2025;\">sparen<\/span>                                <\/h2>                                                                <div class=\"short_description\">\n                                    Schon ab 1.500 CHF\/Monat erhalten Sie direkte VOC-Omnichannel-Funktionen und erweiterte Analysen.\r\n                                                                 <\/div>\n                                                                                                                                                            <\/div>\n                        <\/div>\n                    <\/div>\n                                        <div class=\"newsItem\">\n                        <div\n                            class=\"newsItem__inner isIcon\">\n                                                        <div class=\"contant\">\n                                                                <h2 class=\"title\">Volle <span style=\"color: #bf2025;\">Kontrolle<\/span>                                <\/h2>                                                                <div class=\"short_description\">\n                                    Die Partner behalten die volle Kontrolle \u00fcber die Instanzen und die Beziehung zu den Kunden.\r\n                                                                <\/div>\n                                                                                                <h6 class=\"question\">                                 <\/h6>                                                                                            <\/div>\n                        <\/div>\n                    <\/div>\n                                        <div class=\"newsItem\">\n                        <div\n                            class=\"newsItem__inner isIcon\">\n                                                        <div class=\"contant\">\n                                                                <h2 class=\"title\">Hoch <span style=\"color: #bf2025;\">skaliebar<\/span>                                 <\/h2>                                                                <div class=\"short_description\">\n                                    Aktivieren oder deaktivieren Sie Client-Instanzen ganz einfach, um sich \u00e4ndernden Anforderungen gerecht zu werden und Ihren Beratungsrahmen zu skalieren.\r\n                                                                <\/div>\n                                                                                                <h6 class=\"question\">                                 <\/h6>                                                                                            <\/div>\n                        <\/div>\n                    <\/div>\n                                        <div class=\"newsItem\">\n                        <div\n                            class=\"newsItem__inner isIcon\">\n                                                        <div class=\"contant\">\n                                                                <h2 class=\"title\"><span style=\"color: #bf2025;\">Mehr<\/span> Wachstum                                <\/h2>                                                                <div class=\"short_description\">\n                                    Beginnen Sie von Anfang an mit einer Unternehmensl\u00f6sung, die Wachstum und Skalierbarkeit unterst\u00fctzt.                                                                <\/div>\n                                                                                                <h6 class=\"question\">                                 <\/h6>                                                                                            <\/div>\n                        <\/div>\n                    <\/div>\n                                        <div class=\"newsItem\">\n                        <div\n                            class=\"newsItem__inner isIcon\">\n                                                        <div class=\"contant\">\n                                                                <h2 class=\"title\"><span style=\"color: #bf2025;\">Schnelle<\/span> Prozesse                                <\/h2>                                                                <div class=\"short_description\">\n                                    Optimieren Sie die Entscheidungsfindung Ihrer Kunden, indem Sie langwierige Verfahren zur Lieferantenauswahl \u00fcberspringen.                                                                <\/div>\n                                                                                                                                                            <\/div>\n                        <\/div>\n                    <\/div>\n                                        <div class=\"newsItem\">\n                        <div\n                            class=\"newsItem__inner isIcon\">\n                                                        <div class=\"contant\">\n                                                                <h2 class=\"title\"><span style=\"color: #bf2025;\">Sichere<\/span> Daten                                <\/h2>                                                                <div class=\"short_description\">\n                                    Jede Client-Instanz verwaltet vollst\u00e4ndig getrennte Daten zur Einhaltung der GDPR.                                                                <\/div>\n                                                                                                                                                            <\/div>\n                        <\/div>\n                    <\/div>\n                                    <\/div>\n                                                \n            <\/div>\n        <\/div>\n    <\/div>\n<\/div>\n\n<div id=\"text_imagevideo-block_da4ffd5451bc1499b76812a94bf74f78\"\r\n    class=\"text_imagevideo scroll-fade\">\r\n    <div class=\"container\">\r\n                <div class=\"text_imagevideo__inner\">\r\n                        <div\r\n                class=\"text_imagevideo__list \">\r\n                                <div class=\"text_imagevideo__item module scroll-fade\">\r\n                    <div\r\n                        class=\"text_imagevideo__item__inner imagePosition_left\">\r\n                        <div class=\"contant\">\r\n                                                        <h6 class=\"sub_heading\"\r\n                                style=\"color: #bf2025; \">\r\n                                Denken Sie daran                            <\/h6>                                                        <h1 class=\"title\">Wie es funktioniert                            <\/h1>                                                        <div class=\"text\">Profitieren Sie ab dem ersten Monat von <b>Vorteilen<\/b>, genie\u00dfen Sie monatliche Zahlungen und verdienen Sie <b>bis zu 50 %<\/b> Marge.\r\n                            <\/div>                                                        <a href=\"https:\/\/sandsiv.com\/de\/werden-sie-partner\/\"\r\n                                class=\"btn\"                                 >Legen Sie los mit Flex<\/a>\r\n                                                    <\/div>\r\n                        <div class=\"image_video\">\r\n                                                        <picture class=\"img\"                                 >\r\n                                <source\r\n                                    srcset=\"https:\/\/sandsiv.com\/wp-content\/uploads\/2024\/07\/flex-partnership-1-1.svg\">\r\n                                <img decoding=\"async\" src=\"https:\/\/sandsiv.com\/wp-content\/uploads\/2024\/07\/flex-partnership-1-1.svg\"\r\n                                    alt=\"\" \/>\r\n                            <\/picture>\r\n                                                    <\/div>\r\n                    <\/div>\r\n                <\/div>\r\n                            <\/div>\r\n        <\/div>\r\n            <\/div>\r\n<\/div>\n\n\r\n<div id=\"frames_section-block_29552e747c09a9b197e67c013359e5a5\" class=\"frames_section scroll-fade\">\r\n    <div class=\"module mt_0  mb_0\">  \r\n        <div class=\"bg_clr_section bg_clr_turquoise\">               \r\n            <div class=\"container\">\r\n                <div class=\"frames_section_inner\"> \r\n                                            <div class=\"heading\">\r\n                            <span style=\"color: #404040;\">Nicht sicher, ob das was f\u00fcr Sie ist?<\/span>                        <\/div>\r\n                                                                <div class=\"text\">\r\n                            <p><span style=\"color: #404040;\">Wenn Sie \u00fcber ein <strong>festes Budget<\/strong> verf\u00fcgen und <strong>wachsen<\/strong> m\u00f6chten, dann informieren Sie sich \u00fcber unsere Empfehlungspartnerschaft.<\/span><\/p>\n                        <\/div>\r\n                                                                <div class=\"button_section\">\r\n                            <a class=\"btn btn--white \" href=\"https:\/\/sandsiv.com\/de\/partnerprogramm\/empfehlungspartnerschaft\/\" >\r\n                                Los geht&#8217;s mit der Empfehlungpartnerschaft &gt;                            <\/a>\r\n                        <\/div>\r\n                                    <\/div>\r\n            <\/div>\r\n        <\/div>\r\n    <\/div>\r\n<\/div>\n\n\r\n<div id=\"frames_section-block_851c5663a48951e63ee7392c71b02139\" class=\"frames_section scroll-fade\">\r\n    <div class=\"module mt_0  mb_0\">  \r\n        <div class=\"bg_clr_section bg_clr_red\">               \r\n            <div class=\"container\">\r\n                <div class=\"frames_section_inner\"> \r\n                                            <div class=\"heading\">\r\n                            Beginnen Sie noch heute mit sandsiv+ zu wachsen                        <\/div>\r\n                                                                                    <div class=\"button_section\">\r\n                            <a class=\"btn btn--white \" href=\"https:\/\/sandsiv.com\/partner-program\/\" >\r\n                                Lassen Sie uns dar\u00fcber reden                            <\/a>\r\n                        <\/div>\r\n                                    <\/div>\r\n            <\/div>\r\n        <\/div>\r\n    <\/div>\r\n<\/div>","protected":false},"excerpt":{"rendered":"","protected":false},"author":5,"featured_media":13889,"parent":10252,"menu_order":0,"comment_status":"closed","ping_status":"closed","template":"","meta":{"content-type":"","footnotes":""},"class_list":["post-14871","page","type-page","status-publish","has-post-thumbnail","hentry"],"acf":[],"yoast_head":"<!-- This site is optimized with the Yoast SEO Premium plugin v26.9 (Yoast SEO v27.4) - https:\/\/yoast.com\/product\/yoast-seo-premium-wordpress\/ -->\n<title>Flex Partnerschaft - sandsiv+<\/title>\n<meta name=\"description\" content=\"Flex Partnerschaft: Die Flexibilit\u00e4t, die Sie ben\u00f6tigen, ohne Kompromisse bei Qualit\u00e4t und Kontrolle einzugehen.\" \/>\n<meta name=\"robots\" content=\"index, follow, max-snippet:-1, max-image-preview:large, max-video-preview:-1\" \/>\n<link rel=\"canonical\" href=\"https:\/\/sandsiv.com\/de\/partnerprogramm\/flex-partnerschaft\/\" \/>\n<meta property=\"og:locale\" content=\"de_DE\" \/>\n<meta property=\"og:type\" content=\"article\" \/>\n<meta property=\"og:title\" content=\"Flex Partnerschaft\" \/>\n<meta property=\"og:description\" content=\"Flex Partnerschaft: Die Flexibilit\u00e4t, die Sie ben\u00f6tigen, ohne Kompromisse bei Qualit\u00e4t und Kontrolle einzugehen.\" \/>\n<meta property=\"og:url\" content=\"https:\/\/sandsiv.com\/de\/partnerprogramm\/flex-partnerschaft\/\" \/>\n<meta property=\"og:site_name\" content=\"sandsiv+\" \/>\n<meta property=\"article:modified_time\" content=\"2024-09-26T12:14:29+00:00\" \/>\n<meta name=\"twitter:card\" content=\"summary_large_image\" \/>\n<meta name=\"twitter:label1\" content=\"Gesch\u00e4tzte Lesezeit\" \/>\n\t<meta name=\"twitter:data1\" content=\"2 Minuten\" \/>\n<script type=\"application\/ld+json\" class=\"yoast-schema-graph\">{\"@context\":\"https:\\\/\\\/schema.org\",\"@graph\":[{\"@type\":\"WebPage\",\"@id\":\"https:\\\/\\\/sandsiv.com\\\/de\\\/partnerprogramm\\\/flex-partnerschaft\\\/\",\"url\":\"https:\\\/\\\/sandsiv.com\\\/de\\\/partnerprogramm\\\/flex-partnerschaft\\\/\",\"name\":\"Flex Partnerschaft - sandsiv+\",\"isPartOf\":{\"@id\":\"https:\\\/\\\/sandsiv.com\\\/#website\"},\"primaryImageOfPage\":{\"@id\":\"https:\\\/\\\/sandsiv.com\\\/de\\\/partnerprogramm\\\/flex-partnerschaft\\\/#primaryimage\"},\"image\":{\"@id\":\"https:\\\/\\\/sandsiv.com\\\/de\\\/partnerprogramm\\\/flex-partnerschaft\\\/#primaryimage\"},\"thumbnailUrl\":\"https:\\\/\\\/sandsiv.com\\\/wp-content\\\/uploads\\\/2024\\\/07\\\/Headers-1.svg\",\"datePublished\":\"2021-07-13T05:15:21+00:00\",\"dateModified\":\"2024-09-26T12:14:29+00:00\",\"description\":\"Flex Partnerschaft: Die Flexibilit\u00e4t, die Sie ben\u00f6tigen, ohne Kompromisse bei Qualit\u00e4t und Kontrolle einzugehen.\",\"breadcrumb\":{\"@id\":\"https:\\\/\\\/sandsiv.com\\\/de\\\/partnerprogramm\\\/flex-partnerschaft\\\/#breadcrumb\"},\"inLanguage\":\"de-DE\",\"potentialAction\":[{\"@type\":\"ReadAction\",\"target\":[\"https:\\\/\\\/sandsiv.com\\\/de\\\/partnerprogramm\\\/flex-partnerschaft\\\/\"]}]},{\"@type\":\"ImageObject\",\"inLanguage\":\"de-DE\",\"@id\":\"https:\\\/\\\/sandsiv.com\\\/de\\\/partnerprogramm\\\/flex-partnerschaft\\\/#primaryimage\",\"url\":\"https:\\\/\\\/sandsiv.com\\\/wp-content\\\/uploads\\\/2024\\\/07\\\/Headers-1.svg\",\"contentUrl\":\"https:\\\/\\\/sandsiv.com\\\/wp-content\\\/uploads\\\/2024\\\/07\\\/Headers-1.svg\",\"width\":924,\"height\":964},{\"@type\":\"BreadcrumbList\",\"@id\":\"https:\\\/\\\/sandsiv.com\\\/de\\\/partnerprogramm\\\/flex-partnerschaft\\\/#breadcrumb\",\"itemListElement\":[{\"@type\":\"ListItem\",\"position\":1,\"name\":\"Home\",\"item\":\"https:\\\/\\\/sandsiv.com\\\/de\\\/\"},{\"@type\":\"ListItem\",\"position\":2,\"name\":\"Partnerprogramm\",\"item\":\"https:\\\/\\\/sandsiv.com\\\/de\\\/partnerprogramm\\\/\"},{\"@type\":\"ListItem\",\"position\":3,\"name\":\"Flex Partnerschaft\"}]},{\"@type\":\"WebSite\",\"@id\":\"https:\\\/\\\/sandsiv.com\\\/#website\",\"url\":\"https:\\\/\\\/sandsiv.com\\\/\",\"name\":\"sandsiv+\",\"description\":\"Customer Intelligence Made In Switzerland\",\"publisher\":{\"@id\":\"https:\\\/\\\/sandsiv.com\\\/#organization\"},\"potentialAction\":[{\"@type\":\"SearchAction\",\"target\":{\"@type\":\"EntryPoint\",\"urlTemplate\":\"https:\\\/\\\/sandsiv.com\\\/?s={search_term_string}\"},\"query-input\":{\"@type\":\"PropertyValueSpecification\",\"valueRequired\":true,\"valueName\":\"search_term_string\"}}],\"inLanguage\":\"de-DE\"},{\"@type\":\"Organization\",\"@id\":\"https:\\\/\\\/sandsiv.com\\\/#organization\",\"name\":\"sandsiv+\",\"url\":\"https:\\\/\\\/sandsiv.com\\\/\",\"logo\":{\"@type\":\"ImageObject\",\"inLanguage\":\"de-DE\",\"@id\":\"https:\\\/\\\/sandsiv.com\\\/#\\\/schema\\\/logo\\\/image\\\/\",\"url\":\"https:\\\/\\\/sandsiv.com\\\/wp-content\\\/uploads\\\/2021\\\/08\\\/logo-light-normal.svg\",\"contentUrl\":\"https:\\\/\\\/sandsiv.com\\\/wp-content\\\/uploads\\\/2021\\\/08\\\/logo-light-normal.svg\",\"width\":376,\"height\":67,\"caption\":\"sandsiv+\"},\"image\":{\"@id\":\"https:\\\/\\\/sandsiv.com\\\/#\\\/schema\\\/logo\\\/image\\\/\"}}]}<\/script>\n<!-- \/ Yoast SEO Premium plugin. -->","yoast_head_json":{"title":"Flex Partnerschaft - sandsiv+","description":"Flex Partnerschaft: Die Flexibilit\u00e4t, die Sie ben\u00f6tigen, ohne Kompromisse bei Qualit\u00e4t und Kontrolle einzugehen.","robots":{"index":"index","follow":"follow","max-snippet":"max-snippet:-1","max-image-preview":"max-image-preview:large","max-video-preview":"max-video-preview:-1"},"canonical":"https:\/\/sandsiv.com\/de\/partnerprogramm\/flex-partnerschaft\/","og_locale":"de_DE","og_type":"article","og_title":"Flex Partnerschaft","og_description":"Flex Partnerschaft: Die Flexibilit\u00e4t, die Sie ben\u00f6tigen, ohne Kompromisse bei Qualit\u00e4t und Kontrolle einzugehen.","og_url":"https:\/\/sandsiv.com\/de\/partnerprogramm\/flex-partnerschaft\/","og_site_name":"sandsiv+","article_modified_time":"2024-09-26T12:14:29+00:00","twitter_card":"summary_large_image","twitter_misc":{"Gesch\u00e4tzte Lesezeit":"2 Minuten"},"schema":{"@context":"https:\/\/schema.org","@graph":[{"@type":"WebPage","@id":"https:\/\/sandsiv.com\/de\/partnerprogramm\/flex-partnerschaft\/","url":"https:\/\/sandsiv.com\/de\/partnerprogramm\/flex-partnerschaft\/","name":"Flex Partnerschaft - sandsiv+","isPartOf":{"@id":"https:\/\/sandsiv.com\/#website"},"primaryImageOfPage":{"@id":"https:\/\/sandsiv.com\/de\/partnerprogramm\/flex-partnerschaft\/#primaryimage"},"image":{"@id":"https:\/\/sandsiv.com\/de\/partnerprogramm\/flex-partnerschaft\/#primaryimage"},"thumbnailUrl":"https:\/\/sandsiv.com\/wp-content\/uploads\/2024\/07\/Headers-1.svg","datePublished":"2021-07-13T05:15:21+00:00","dateModified":"2024-09-26T12:14:29+00:00","description":"Flex Partnerschaft: Die Flexibilit\u00e4t, die Sie ben\u00f6tigen, ohne Kompromisse bei Qualit\u00e4t und Kontrolle einzugehen.","breadcrumb":{"@id":"https:\/\/sandsiv.com\/de\/partnerprogramm\/flex-partnerschaft\/#breadcrumb"},"inLanguage":"de-DE","potentialAction":[{"@type":"ReadAction","target":["https:\/\/sandsiv.com\/de\/partnerprogramm\/flex-partnerschaft\/"]}]},{"@type":"ImageObject","inLanguage":"de-DE","@id":"https:\/\/sandsiv.com\/de\/partnerprogramm\/flex-partnerschaft\/#primaryimage","url":"https:\/\/sandsiv.com\/wp-content\/uploads\/2024\/07\/Headers-1.svg","contentUrl":"https:\/\/sandsiv.com\/wp-content\/uploads\/2024\/07\/Headers-1.svg","width":924,"height":964},{"@type":"BreadcrumbList","@id":"https:\/\/sandsiv.com\/de\/partnerprogramm\/flex-partnerschaft\/#breadcrumb","itemListElement":[{"@type":"ListItem","position":1,"name":"Home","item":"https:\/\/sandsiv.com\/de\/"},{"@type":"ListItem","position":2,"name":"Partnerprogramm","item":"https:\/\/sandsiv.com\/de\/partnerprogramm\/"},{"@type":"ListItem","position":3,"name":"Flex Partnerschaft"}]},{"@type":"WebSite","@id":"https:\/\/sandsiv.com\/#website","url":"https:\/\/sandsiv.com\/","name":"sandsiv+","description":"Customer Intelligence Made In Switzerland","publisher":{"@id":"https:\/\/sandsiv.com\/#organization"},"potentialAction":[{"@type":"SearchAction","target":{"@type":"EntryPoint","urlTemplate":"https:\/\/sandsiv.com\/?s={search_term_string}"},"query-input":{"@type":"PropertyValueSpecification","valueRequired":true,"valueName":"search_term_string"}}],"inLanguage":"de-DE"},{"@type":"Organization","@id":"https:\/\/sandsiv.com\/#organization","name":"sandsiv+","url":"https:\/\/sandsiv.com\/","logo":{"@type":"ImageObject","inLanguage":"de-DE","@id":"https:\/\/sandsiv.com\/#\/schema\/logo\/image\/","url":"https:\/\/sandsiv.com\/wp-content\/uploads\/2021\/08\/logo-light-normal.svg","contentUrl":"https:\/\/sandsiv.com\/wp-content\/uploads\/2021\/08\/logo-light-normal.svg","width":376,"height":67,"caption":"sandsiv+"},"image":{"@id":"https:\/\/sandsiv.com\/#\/schema\/logo\/image\/"}}]}},"_links":{"self":[{"href":"https:\/\/sandsiv.com\/de\/wp-json\/wp\/v2\/pages\/14871","targetHints":{"allow":["GET"]}}],"collection":[{"href":"https:\/\/sandsiv.com\/de\/wp-json\/wp\/v2\/pages"}],"about":[{"href":"https:\/\/sandsiv.com\/de\/wp-json\/wp\/v2\/types\/page"}],"author":[{"embeddable":true,"href":"https:\/\/sandsiv.com\/de\/wp-json\/wp\/v2\/users\/5"}],"replies":[{"embeddable":true,"href":"https:\/\/sandsiv.com\/de\/wp-json\/wp\/v2\/comments?post=14871"}],"version-history":[{"count":0,"href":"https:\/\/sandsiv.com\/de\/wp-json\/wp\/v2\/pages\/14871\/revisions"}],"up":[{"embeddable":true,"href":"https:\/\/sandsiv.com\/de\/wp-json\/wp\/v2\/pages\/10252"}],"wp:featuredmedia":[{"embeddable":true,"href":"https:\/\/sandsiv.com\/de\/wp-json\/wp\/v2\/media\/13889"}],"wp:attachment":[{"href":"https:\/\/sandsiv.com\/de\/wp-json\/wp\/v2\/media?parent=14871"}],"curies":[{"name":"wp","href":"https:\/\/api.w.org\/{rel}","templated":true}]}}