
{"id":13020,"date":"2024-03-28T14:14:10","date_gmt":"2024-03-28T14:14:10","guid":{"rendered":"https:\/\/sandsiv.com\/?page_id=13020"},"modified":"2024-03-28T12:21:35","modified_gmt":"2024-03-28T12:21:35","slug":"softwarereviews-bericht-2024","status":"publish","type":"page","link":"https:\/\/sandsiv.com\/de\/softwarereviews-bericht-2024\/","title":{"rendered":"SoftwareReviews Bericht 2024"},"content":{"rendered":"<div id=\"banner-block_f60e3eef1e88de437767d7119b2b56ff\"\r\n    class=\"banner scroll-fade\">\r\n    <div\r\n        class=\"module mt_0  mb_0\">\r\n        <div class=\"container\">\r\n            <div class=\"banner__inner\">\r\n                <div class=\"banner__data\">\r\n                                        <h1 class=\"heading\">SoftwareReviews Bericht<strong\r\n                            class=\"heading_red\">Weltweiter Marktf\u00fchrer 2024<\/strong>                    <\/h1>\r\n                                                            <div class=\"description\">SANDSIV hat unter 16 VoC-Anbietern die h\u00f6chste Gesamtzufriedenheitsbewertung von 8,4 erreicht, was uns den prestigetr\u00e4chtigen Titel &#8220;Gold Medallist and Leader&#8221; im j\u00fcngsten SoftwareReviews-Bericht einbrachte.                    <\/div>                                                            <div class=\"banner__button\">\r\n                        <a href=\"https:\/\/sandsiv.com\/de\/demo-anfordern\/\"\r\n                            class=\"btn\" _self                            >Demo anfordern<\/a>\r\n                    <\/div>\r\n                                                                            <\/div>\r\n                <div class=\"banner__media\">\r\n                                        <div class=\"banner__image\">\r\n                        <picture class=\"image\">\r\n                            <source srcset=\"\">\r\n                            <img decoding=\"async\" src=\"\"\r\n                                alt=\"\" \/>\r\n                        <\/picture>\r\n                    <\/div>\r\n                                                                            <\/div>\r\n            <\/div>\r\n        <\/div>\r\n    <\/div>\r\n<\/div>\n\n\n<div id=\"post_content_with_download_link_two_columns-block_e260497c033881f841d2cb573160a41a\" class=\"post_content_with_download_link_two_columns scroll-fade\">\n    <div class=\"module \">                \n        <div class=\"container\">\n            <div class=\"post_content_with_download_link_two_columns_inner\"> \n                \t\t\t\t\t<div class=\"content_section\">\n\t\t\t\t\t\t\t\t\t\t\t\t\t<div class=\"content_section_inner\">\n                                                                    <div class=\"heading_text\">\n                                        Jetzt herunterladen                                    <\/div>\n                                                                                                    <div class=\"content\">\n                                        <p>Mit einer Gesamtpunktzahl von 8,4 \u00fcbertraf SANDSIV wichtige Wettbewerber wie Qualtrics, Medallia, SurveyMonkey, GetFeedback, Gainsight, Alchemer, Forsta, AskNicely, InMoment und SurveySparrow. Qualtrics erhielt die Note 7,2 und Medallia die Note 7,3. Damit ist SANDSIV eindeutig die erste Wahl f\u00fcr Unternehmen, die ihre Kundenerfahrungen verbessern und ihr Wachstum f\u00f6rdern m\u00f6chten.<\/p>\n<p><strong>Was bedeutet das f\u00fcr Sie?<\/strong> Es bedeutet, dass Sie sich mit SANDSIV f\u00fcr einen Partner entscheiden, der sich f\u00fcr ein au\u00dfergew\u00f6hnliches Benutzererlebnis einsetzt und Ihnen hilft, die Erfahrungen Ihrer Kunden besser zu verstehen und zu verbessern als je zuvor. SoftwareReviews bewertet Aspekte von Softwarefunktionen und -merkmalen anhand eines gewichteten Durchschnitts von Benutzerzufriedenheitswerten. Diese Bewertungen verwenden eine Zufriedenheitsskala, um festzustellen, ob eine Software begeistert oder entt\u00e4uscht, was einen aussagekr\u00e4ftigen Indikator f\u00fcr den Gesamtwert f\u00fcr den Benutzer darstellt.<\/p>\n<p>Aber verlassen Sie sich nicht nur auf unser Wort. Laden Sie noch heute unsere Berichte herunter und \u00fcberzeugen Sie sich selbst davon, warum SANDSIV die erste Wahl f\u00fcr Unternehmen ist, die ihr Kundenerlebnis verbessern und ihr Wachstum vorantreiben m\u00f6chten. F\u00fcllen Sie das Formular aus, um mehr zu erfahren:<\/p>\n<ul>\n<li>Die Trends, die die Zukunft des CFM-Marktes pr\u00e4gen;<\/li>\n<li>Wie SANDSIV im Vergleich zur Konkurrenz abschneidet und warum sich Endbenutzer f\u00fcr sandsiv+ als <strong>die am besten bewertete Software f\u00fcr Voice of Customer Solutions<\/strong> entscheiden;<\/li>\n<li>Wie SANDSIV im Vergleich zu Qualtrics, der gr\u00f6\u00dfte Namen in der Branche, abschneidet.<\/li>\n<\/ul>\n<p>Wir bei SANDSIV sind bestrebt, <strong>unseren Kunden einen au\u00dfergew\u00f6hnlichen Wert und Support zu bieten<\/strong>, und unsere Anerkennung als weltweit f\u00fchrender Anbieter von VOC-L\u00f6sungen ist ein Beweis f\u00fcr unser Engagement f\u00fcr hervorragende Leistungen. Warum also warten?<\/p>\n                                    <\/div>\n                                \t\t\t\t\t\t\t<\/div>\n\t\t\t\t\t\t\t\t\t\t\t<\/div>\n                                <div class=\"download_link_section\">\n                    <div class=\"download_link_section_inner\">\n                                                                                                                                                                                                                <div class=\"contact_form_section\">\n                                    <script type=\"text\/javascript\" src=\"https:\/\/mautic.sandsiv.com\/form\/generate.js?id=139\"><\/script>                                <\/div>\n                                                                                <\/div>\n\n\t\t\t\t\t<\/div>\n\n\n  \n            <\/div>\n        <\/div>\n    <\/div>\n<\/div>\n\n\r\n<div id=\"frames_section-block_fad4a3b11675a907e36115854b6c6124\" class=\"frames_section scroll-fade\">\r\n    <div class=\"module mt_0  mb_0\">  \r\n        <div class=\"bg_clr_section bg_clr_turquoise\">               \r\n            <div class=\"container\">\r\n                <div class=\"frames_section_inner\"> \r\n                                            <div class=\"heading\">\r\n                            <span style=\"color: #404040;\">Der Markt f\u00fcr CX-Anbieter ist sehr umk\u00e4mpft.<\/span>                        <\/div>\r\n                                                                <div class=\"text\">\r\n                            <p><span style=\"color: #404040;\">Die Wahl des richtigen Partners ist wichtig.<\/span><\/p>\n                        <\/div>\r\n                                                                <div class=\"button_section\">\r\n                            <a class=\"btn btn--white \" href=\"https:\/\/sandsiv.com\/de\/auszeichnungen-und-preise\/\" >\r\n                                Entdecken Sie unsere Auszeichnungen                            <\/a>\r\n                        <\/div>\r\n                                    <\/div>\r\n            <\/div>\r\n        <\/div>\r\n    <\/div>\r\n<\/div>\n\n\r\n<div id=\"frames_section-block_ba767d57ca53543f1da2fb8417d5edee\" class=\"frames_section scroll-fade\">\r\n    <div class=\"module mt_0  mb_0\">  \r\n        <div class=\"bg_clr_section bg_clr_red\">               \r\n            <div class=\"container\">\r\n                <div class=\"frames_section_inner\"> \r\n                                            <div class=\"heading\">\r\n                            Beginnen Sie noch heute mit sandsiv+ zu wachsen                        <\/div>\r\n                                                                                    <div class=\"button_section\">\r\n                            <a class=\"btn btn--white \" href=\"https:\/\/sandsiv.com\/de\/demo-anfordern\/\" >\r\n                                Demo anfordern                            <\/a>\r\n                        <\/div>\r\n                                    <\/div>\r\n            <\/div>\r\n        <\/div>\r\n    <\/div>\r\n<\/div>\n\n\n<p><\/p>\n","protected":false},"excerpt":{"rendered":"","protected":false},"author":3,"featured_media":0,"parent":0,"menu_order":0,"comment_status":"closed","ping_status":"closed","template":"","meta":{"content-type":"","footnotes":""},"class_list":["post-13020","page","type-page","status-publish","hentry"],"acf":[],"yoast_head":"<!-- This site is optimized with the Yoast SEO Premium plugin v26.9 (Yoast SEO v27.3) - https:\/\/yoast.com\/product\/yoast-seo-premium-wordpress\/ -->\n<title>CXM Global report 2023 SoftwareReviews Bericht 2024 - sandsiv+<\/title>\n<meta name=\"description\" content=\"Lesen Sie den SoftwareReviews Bericht 2024 und erfahren Sie, wie SANDSIV im Vergleich zu Qualtrics abschneidet.\" \/>\n<meta name=\"robots\" content=\"index, follow, max-snippet:-1, max-image-preview:large, max-video-preview:-1\" \/>\n<link rel=\"canonical\" href=\"https:\/\/sandsiv.com\/de\/softwarereviews-bericht-2024\/\" \/>\n<meta property=\"og:locale\" content=\"de_DE\" \/>\n<meta property=\"og:type\" content=\"article\" \/>\n<meta property=\"og:title\" content=\"SoftwareReviews Bericht 2024\" \/>\n<meta property=\"og:description\" content=\"Lesen Sie den SoftwareReviews Bericht 2024 und erfahren Sie, wie SANDSIV im Vergleich zu Qualtrics abschneidet.\" \/>\n<meta property=\"og:url\" content=\"https:\/\/sandsiv.com\/de\/softwarereviews-bericht-2024\/\" \/>\n<meta property=\"og:site_name\" content=\"sandsiv+\" \/>\n<meta name=\"twitter:card\" content=\"summary_large_image\" \/>\n<meta name=\"twitter:label1\" content=\"Gesch\u00e4tzte Lesezeit\" \/>\n\t<meta name=\"twitter:data1\" content=\"2 Minuten\" \/>\n<script type=\"application\/ld+json\" class=\"yoast-schema-graph\">{\"@context\":\"https:\\\/\\\/schema.org\",\"@graph\":[{\"@type\":\"WebPage\",\"@id\":\"https:\\\/\\\/sandsiv.com\\\/de\\\/softwarereviews-bericht-2024\\\/\",\"url\":\"https:\\\/\\\/sandsiv.com\\\/de\\\/softwarereviews-bericht-2024\\\/\",\"name\":\"CXM Global report 2023 SoftwareReviews Bericht 2024 - sandsiv+\",\"isPartOf\":{\"@id\":\"https:\\\/\\\/sandsiv.com\\\/#website\"},\"datePublished\":\"2024-03-28T14:14:10+00:00\",\"description\":\"Lesen Sie den SoftwareReviews Bericht 2024 und erfahren Sie, wie SANDSIV im Vergleich zu Qualtrics abschneidet.\",\"breadcrumb\":{\"@id\":\"https:\\\/\\\/sandsiv.com\\\/de\\\/softwarereviews-bericht-2024\\\/#breadcrumb\"},\"inLanguage\":\"de-DE\",\"potentialAction\":[{\"@type\":\"ReadAction\",\"target\":[\"https:\\\/\\\/sandsiv.com\\\/de\\\/softwarereviews-bericht-2024\\\/\"]}]},{\"@type\":\"BreadcrumbList\",\"@id\":\"https:\\\/\\\/sandsiv.com\\\/de\\\/softwarereviews-bericht-2024\\\/#breadcrumb\",\"itemListElement\":[{\"@type\":\"ListItem\",\"position\":1,\"name\":\"Home\",\"item\":\"https:\\\/\\\/sandsiv.com\\\/de\\\/\"},{\"@type\":\"ListItem\",\"position\":2,\"name\":\"SoftwareReviews Bericht 2024\"}]},{\"@type\":\"WebSite\",\"@id\":\"https:\\\/\\\/sandsiv.com\\\/#website\",\"url\":\"https:\\\/\\\/sandsiv.com\\\/\",\"name\":\"sandsiv+\",\"description\":\"Customer Intelligence Made In Switzerland\",\"publisher\":{\"@id\":\"https:\\\/\\\/sandsiv.com\\\/#organization\"},\"potentialAction\":[{\"@type\":\"SearchAction\",\"target\":{\"@type\":\"EntryPoint\",\"urlTemplate\":\"https:\\\/\\\/sandsiv.com\\\/?s={search_term_string}\"},\"query-input\":{\"@type\":\"PropertyValueSpecification\",\"valueRequired\":true,\"valueName\":\"search_term_string\"}}],\"inLanguage\":\"de-DE\"},{\"@type\":\"Organization\",\"@id\":\"https:\\\/\\\/sandsiv.com\\\/#organization\",\"name\":\"sandsiv+\",\"url\":\"https:\\\/\\\/sandsiv.com\\\/\",\"logo\":{\"@type\":\"ImageObject\",\"inLanguage\":\"de-DE\",\"@id\":\"https:\\\/\\\/sandsiv.com\\\/#\\\/schema\\\/logo\\\/image\\\/\",\"url\":\"https:\\\/\\\/sandsiv.com\\\/wp-content\\\/uploads\\\/2021\\\/08\\\/logo-light-normal.svg\",\"contentUrl\":\"https:\\\/\\\/sandsiv.com\\\/wp-content\\\/uploads\\\/2021\\\/08\\\/logo-light-normal.svg\",\"width\":376,\"height\":67,\"caption\":\"sandsiv+\"},\"image\":{\"@id\":\"https:\\\/\\\/sandsiv.com\\\/#\\\/schema\\\/logo\\\/image\\\/\"}}]}<\/script>\n<!-- \/ Yoast SEO Premium plugin. -->","yoast_head_json":{"title":"CXM Global report 2023 SoftwareReviews Bericht 2024 - sandsiv+","description":"Lesen Sie den SoftwareReviews Bericht 2024 und erfahren Sie, wie SANDSIV im Vergleich zu Qualtrics abschneidet.","robots":{"index":"index","follow":"follow","max-snippet":"max-snippet:-1","max-image-preview":"max-image-preview:large","max-video-preview":"max-video-preview:-1"},"canonical":"https:\/\/sandsiv.com\/de\/softwarereviews-bericht-2024\/","og_locale":"de_DE","og_type":"article","og_title":"SoftwareReviews Bericht 2024","og_description":"Lesen Sie den SoftwareReviews Bericht 2024 und erfahren Sie, wie SANDSIV im Vergleich zu Qualtrics abschneidet.","og_url":"https:\/\/sandsiv.com\/de\/softwarereviews-bericht-2024\/","og_site_name":"sandsiv+","twitter_card":"summary_large_image","twitter_misc":{"Gesch\u00e4tzte Lesezeit":"2 Minuten"},"schema":{"@context":"https:\/\/schema.org","@graph":[{"@type":"WebPage","@id":"https:\/\/sandsiv.com\/de\/softwarereviews-bericht-2024\/","url":"https:\/\/sandsiv.com\/de\/softwarereviews-bericht-2024\/","name":"CXM Global report 2023 SoftwareReviews Bericht 2024 - sandsiv+","isPartOf":{"@id":"https:\/\/sandsiv.com\/#website"},"datePublished":"2024-03-28T14:14:10+00:00","description":"Lesen Sie den SoftwareReviews Bericht 2024 und erfahren Sie, wie SANDSIV im Vergleich zu Qualtrics abschneidet.","breadcrumb":{"@id":"https:\/\/sandsiv.com\/de\/softwarereviews-bericht-2024\/#breadcrumb"},"inLanguage":"de-DE","potentialAction":[{"@type":"ReadAction","target":["https:\/\/sandsiv.com\/de\/softwarereviews-bericht-2024\/"]}]},{"@type":"BreadcrumbList","@id":"https:\/\/sandsiv.com\/de\/softwarereviews-bericht-2024\/#breadcrumb","itemListElement":[{"@type":"ListItem","position":1,"name":"Home","item":"https:\/\/sandsiv.com\/de\/"},{"@type":"ListItem","position":2,"name":"SoftwareReviews Bericht 2024"}]},{"@type":"WebSite","@id":"https:\/\/sandsiv.com\/#website","url":"https:\/\/sandsiv.com\/","name":"sandsiv+","description":"Customer Intelligence Made In Switzerland","publisher":{"@id":"https:\/\/sandsiv.com\/#organization"},"potentialAction":[{"@type":"SearchAction","target":{"@type":"EntryPoint","urlTemplate":"https:\/\/sandsiv.com\/?s={search_term_string}"},"query-input":{"@type":"PropertyValueSpecification","valueRequired":true,"valueName":"search_term_string"}}],"inLanguage":"de-DE"},{"@type":"Organization","@id":"https:\/\/sandsiv.com\/#organization","name":"sandsiv+","url":"https:\/\/sandsiv.com\/","logo":{"@type":"ImageObject","inLanguage":"de-DE","@id":"https:\/\/sandsiv.com\/#\/schema\/logo\/image\/","url":"https:\/\/sandsiv.com\/wp-content\/uploads\/2021\/08\/logo-light-normal.svg","contentUrl":"https:\/\/sandsiv.com\/wp-content\/uploads\/2021\/08\/logo-light-normal.svg","width":376,"height":67,"caption":"sandsiv+"},"image":{"@id":"https:\/\/sandsiv.com\/#\/schema\/logo\/image\/"}}]}},"_links":{"self":[{"href":"https:\/\/sandsiv.com\/de\/wp-json\/wp\/v2\/pages\/13020","targetHints":{"allow":["GET"]}}],"collection":[{"href":"https:\/\/sandsiv.com\/de\/wp-json\/wp\/v2\/pages"}],"about":[{"href":"https:\/\/sandsiv.com\/de\/wp-json\/wp\/v2\/types\/page"}],"author":[{"embeddable":true,"href":"https:\/\/sandsiv.com\/de\/wp-json\/wp\/v2\/users\/3"}],"replies":[{"embeddable":true,"href":"https:\/\/sandsiv.com\/de\/wp-json\/wp\/v2\/comments?post=13020"}],"version-history":[{"count":0,"href":"https:\/\/sandsiv.com\/de\/wp-json\/wp\/v2\/pages\/13020\/revisions"}],"wp:attachment":[{"href":"https:\/\/sandsiv.com\/de\/wp-json\/wp\/v2\/media?parent=13020"}],"curies":[{"name":"wp","href":"https:\/\/api.w.org\/{rel}","templated":true}]}}