
{"id":12045,"date":"2024-01-08T16:44:03","date_gmt":"2024-01-08T16:44:03","guid":{"rendered":"https:\/\/sandsiv.com\/?page_id=12045"},"modified":"2024-01-26T12:21:49","modified_gmt":"2024-01-26T12:21:49","slug":"ihr-kostenloser-aktionsplan","status":"publish","type":"page","link":"https:\/\/sandsiv.com\/de\/ihr-kostenloser-aktionsplan\/","title":{"rendered":"&#8211; Ihr kostenloser Aktionsplan"},"content":{"rendered":"<div id=\"banner-block_95e3805335f6fa50b9d1f2800baa261b\"\r\n    class=\"banner scroll-fade\">\r\n    <div\r\n        class=\"module mt_0  mb_0\">\r\n        <div class=\"container\">\r\n            <div class=\"banner__inner\">\r\n                <div class=\"banner__data\">\r\n                                        <h1 class=\"heading\">Erhalten Sie <strong\r\n                            class=\"heading_red\">Ihr kostenloser Aktionsplan<\/strong>                    <\/h1>\r\n                                                            <div class=\"description\">R\u00fcckmeldung unklar? SANDSIV hat das im Griff. Holen Sie sich jetzt einen ma\u00dfgeschneiderten Aktionsplan f\u00fcr das Feedback Ihrer Kunden \u2013 exklusiv f\u00fcr die ersten 5 Anfragen!\r\n\r\n<br><br>\u27a4 Einfach das Formular unten ausf\u00fcllen und loslegen.                    <\/div>                                                            <div class=\"banner__button\">\r\n                        <a href=\"https:\/\/mautic.sandsiv.com\/asset\/150:sandsivcx-brilliance-your-free-action-planexamplepdf\"\r\n                            class=\"btn\" _self                            >Lade eine Vorschau herunter!<\/a>\r\n                    <\/div>\r\n                                                                            <\/div>\r\n                <div class=\"banner__media\">\r\n                                        <div class=\"banner__image\">\r\n                        <picture class=\"image\">\r\n                            <source srcset=\"https:\/\/sandsiv.com\/wp-content\/uploads\/2024\/01\/Headers-1.png\">\r\n                            <img decoding=\"async\" src=\"https:\/\/sandsiv.com\/wp-content\/uploads\/2024\/01\/Headers-1.png\"\r\n                                alt=\"kostenloser Aktionsplan\" \/>\r\n                        <\/picture>\r\n                    <\/div>\r\n                                                                            <\/div>\r\n            <\/div>\r\n        <\/div>\r\n    <\/div>\r\n<\/div>\n\n\r\n<div id=\"forms_section-block_09b1b5d8c302351d29c60113c95b13b9\" class=\"forms_section scroll-fade\">\r\n    <div class=\"module  mb_0\">  \r\n        <div class=\"bg_clr_section bg_clr_red\">                \r\n            <div class=\"container\">\r\n                <div class=\"forms_inner\"> \r\n                                            <div class=\"heading_section heading_place_center\">\r\n                            <div class=\"heading_text h1\">\r\n                                Erhalten Sie es                            <\/div>\r\n                        <\/div>\r\n                                                                <div class=\"contact_form_section\">\r\n                            <script type=\"text\/javascript\" src=\"https:\/\/mautic.sandsiv.com\/form\/generate.js?id=130\"><\/script>                        <\/div>\r\n                                    <\/div>\r\n            <\/div>\r\n        <\/div>\r\n    <\/div>\r\n<\/div>\n\n\r\n<div id=\"tab_section-block_0ab72baa385f7b34647efc0e9b079a24\" class=\"tab_section scroll-fade\">\r\n    <div class=\"tab__section__inner\">  \r\n        <div class=\"module  mb_0\">                 \r\n            <div class=\"container container--medium\">\r\n                \t\t\t\t\t<div class=\"heading_section\">\r\n\t\t\t\t\t\t\t\t\t\t\t\t\t                                <div class=\"heading h1\">\r\n                                    So sieht es aus:                                <\/div>\r\n                                                        \t\t\t\t\t\t\t\t\t\t\t<\/div>\r\n                                <div class=\"tab__list\">\r\n                    <div id=\"tabs\" class=\"tabs\">\r\n                        <ul class=\"ui-tabs-nav\">\r\n                                                                                                                        <li class=\"tablinks active\" data-tab=\"tab-1\" style=\"width:50%\">\r\n                                        <div class=\"tablinks_inner\">\r\n                                            \r\n                                            <div class=\"tab_icon\">\r\n                                                                                                    <img decoding=\"async\" class=\"normal_state\" src=\"https:\/\/sandsiv.com\/wp-content\/uploads\/2021\/07\/location_icon_hover.png\" alt=\"location_icon_hover\" \/>\r\n                                                                                                                                                    <img decoding=\"async\" class=\"hover_state\" src=\"https:\/\/sandsiv.com\/wp-content\/uploads\/2021\/07\/location_icon.png\" alt=\"location_icon\" \/>\r\n                                                                                            <\/div>\r\n                                            \r\n                                            <div class=\"tab_tag\">\r\n                                                <a href=\"\">\r\n                                                    Was Sie geben:                                                <\/a>\r\n                                            <\/div>\r\n                                        <\/div>\r\n                                    <\/li>\r\n                                                                    <li class=\"tablinks\" data-tab=\"tab-2\" style=\"width:50%\">\r\n                                        <div class=\"tablinks_inner\">\r\n                                            \r\n                                            <div class=\"tab_icon\">\r\n                                                                                                    <img decoding=\"async\" class=\"normal_state\" src=\"https:\/\/sandsiv.com\/wp-content\/uploads\/2021\/07\/location_icon_hover.png\" alt=\"location_icon_hover\" \/>\r\n                                                                                                                                                    <img decoding=\"async\" class=\"hover_state\" src=\"https:\/\/sandsiv.com\/wp-content\/uploads\/2021\/07\/location_icon.png\" alt=\"location_icon\" \/>\r\n                                                                                            <\/div>\r\n                                            \r\n                                            <div class=\"tab_tag\">\r\n                                                <a href=\"\">\r\n                                                    Was Sie erhalten:                                                <\/a>\r\n                                            <\/div>\r\n                                        <\/div>\r\n                                    <\/li>\r\n                                                                                    <\/ul>\r\n                    <\/div>\r\n                    \r\n                                                                        <div class=\"tabcontent active\" id=\"tab-1\">\r\n                                                                    <div class=\"tabcontent__inner\">\r\n                                                                                    \r\n                                            <div class=\"tabcontent__item content_with_image\">\r\n                                                                                                    <div class=\"tab_item_content\">\r\n                                                                                                                                                                            <div class=\"content\">\r\n                                                                <p>Wir freuen uns auf eine .csv- oder .xlsx-Datei, die nur eine Spalte mit dem <strong>Feedback Ihrer Kunden<\/strong> enth\u00e4lt. Einfach und schnell.<\/p>\n<p>Und hey, Sicherheit und Vertraulichkeit? Absolut gew\u00e4hrleistet!<\/p>\n                                                            <\/div>\r\n                                                                                                                                                                    <\/div>\r\n                                                                                                                                                                        <div class=\"image_section\">\r\n                                                                <img decoding=\"async\" src=\"https:\/\/sandsiv.com\/wp-content\/uploads\/2024\/01\/sandsiv_icon_pdf.png\" alt=\"\" \/>\r\n                                                            <\/div>\r\n                                                                                                                                                                                                        <\/div>\r\n\r\n                                                                            <\/div>\r\n                                                            <\/div>\r\n                                                    <div class=\"tabcontent\" id=\"tab-2\">\r\n                                                                    <div class=\"tabcontent__inner\">\r\n                                                                                    \r\n                                            <div class=\"tabcontent__item content_with_image\">\r\n                                                                                                    <div class=\"tab_item_content\">\r\n                                                                                                                                                                            <div class=\"content\">\r\n                                                                <p>In nur einer Woche erhalten Sie einen detaillierten <strong>PDF-Bericht<\/strong> mit folgenden Informationen:<\/p>\n<ul>\n<li>Zusammengefasstes Kundenfeedback mit St\u00e4rken und Schw\u00e4chen<\/li>\n<li>Top 10 der Verbesserungsvorschl\u00e4ge<\/li>\n<li>Priorisierte Vorschl\u00e4ge nach Umsetzungsaufwand<\/li>\n<\/ul>\n                                                            <\/div>\r\n                                                                                                                                                                    <\/div>\r\n                                                                                                                                                                        <div class=\"image_section\">\r\n                                                                <img decoding=\"async\" src=\"https:\/\/sandsiv.com\/wp-content\/uploads\/2024\/01\/sandsiv_icon_feedback.png\" alt=\"\" \/>\r\n                                                            <\/div>\r\n                                                                                                                                                                                                        <\/div>\r\n\r\n                                                                            <\/div>\r\n                                                            <\/div>\r\n                                                            <\/div>\r\n            <\/div>\r\n        <\/div>\r\n    <\/div>\r\n<\/div>","protected":false},"excerpt":{"rendered":"","protected":false},"author":5,"featured_media":0,"parent":0,"menu_order":0,"comment_status":"closed","ping_status":"closed","template":"","meta":{"content-type":"","footnotes":""},"class_list":["post-12045","page","type-page","status-publish","hentry"],"acf":[],"yoast_head":"<!-- This site is optimized with the Yoast SEO Premium plugin v26.9 (Yoast SEO v27.5) - https:\/\/yoast.com\/product\/yoast-seo-premium-wordpress\/ -->\n<title>- Ihr kostenloser Aktionsplan - sandsiv+<\/title>\n<meta name=\"description\" content=\"Holen Sie sich jetzt einen ma\u00dfgeschneiderten Aktionsplan f\u00fcr das Feedback Ihrer Kunden \u2013 exklusiv f\u00fcr die ersten 5 Anfragen.\" \/>\n<meta name=\"robots\" content=\"index, follow, max-snippet:-1, max-image-preview:large, max-video-preview:-1\" \/>\n<link rel=\"canonical\" href=\"https:\/\/sandsiv.com\/de\/ihr-kostenloser-aktionsplan\/\" \/>\n<meta property=\"og:locale\" content=\"de_DE\" \/>\n<meta property=\"og:type\" content=\"article\" \/>\n<meta property=\"og:title\" content=\"- Ihr kostenloser Aktionsplan\" \/>\n<meta property=\"og:description\" content=\"Holen Sie sich jetzt einen ma\u00dfgeschneiderten Aktionsplan f\u00fcr das Feedback Ihrer Kunden \u2013 exklusiv f\u00fcr die ersten 5 Anfragen.\" \/>\n<meta property=\"og:url\" content=\"https:\/\/sandsiv.com\/de\/ihr-kostenloser-aktionsplan\/\" \/>\n<meta property=\"og:site_name\" content=\"sandsiv+\" \/>\n<meta property=\"article:modified_time\" content=\"2024-01-26T12:21:49+00:00\" \/>\n<meta name=\"twitter:card\" content=\"summary_large_image\" \/>\n<meta name=\"twitter:label1\" content=\"Gesch\u00e4tzte Lesezeit\" \/>\n\t<meta name=\"twitter:data1\" content=\"1 Minute\" \/>\n<script type=\"application\/ld+json\" class=\"yoast-schema-graph\">{\"@context\":\"https:\\\/\\\/schema.org\",\"@graph\":[{\"@type\":\"WebPage\",\"@id\":\"https:\\\/\\\/sandsiv.com\\\/de\\\/ihr-kostenloser-aktionsplan\\\/\",\"url\":\"https:\\\/\\\/sandsiv.com\\\/de\\\/ihr-kostenloser-aktionsplan\\\/\",\"name\":\"- Ihr kostenloser Aktionsplan - sandsiv+\",\"isPartOf\":{\"@id\":\"https:\\\/\\\/sandsiv.com\\\/#website\"},\"datePublished\":\"2024-01-08T16:44:03+00:00\",\"dateModified\":\"2024-01-26T12:21:49+00:00\",\"description\":\"Holen Sie sich jetzt einen ma\u00dfgeschneiderten Aktionsplan f\u00fcr das Feedback Ihrer Kunden \u2013 exklusiv f\u00fcr die ersten 5 Anfragen.\",\"breadcrumb\":{\"@id\":\"https:\\\/\\\/sandsiv.com\\\/de\\\/ihr-kostenloser-aktionsplan\\\/#breadcrumb\"},\"inLanguage\":\"de-DE\",\"potentialAction\":[{\"@type\":\"ReadAction\",\"target\":[\"https:\\\/\\\/sandsiv.com\\\/de\\\/ihr-kostenloser-aktionsplan\\\/\"]}]},{\"@type\":\"BreadcrumbList\",\"@id\":\"https:\\\/\\\/sandsiv.com\\\/de\\\/ihr-kostenloser-aktionsplan\\\/#breadcrumb\",\"itemListElement\":[{\"@type\":\"ListItem\",\"position\":1,\"name\":\"Home\",\"item\":\"https:\\\/\\\/sandsiv.com\\\/de\\\/\"},{\"@type\":\"ListItem\",\"position\":2,\"name\":\"&#8211; Ihr kostenloser Aktionsplan\"}]},{\"@type\":\"WebSite\",\"@id\":\"https:\\\/\\\/sandsiv.com\\\/#website\",\"url\":\"https:\\\/\\\/sandsiv.com\\\/\",\"name\":\"sandsiv+\",\"description\":\"Customer Intelligence Made In Switzerland\",\"publisher\":{\"@id\":\"https:\\\/\\\/sandsiv.com\\\/#organization\"},\"potentialAction\":[{\"@type\":\"SearchAction\",\"target\":{\"@type\":\"EntryPoint\",\"urlTemplate\":\"https:\\\/\\\/sandsiv.com\\\/?s={search_term_string}\"},\"query-input\":{\"@type\":\"PropertyValueSpecification\",\"valueRequired\":true,\"valueName\":\"search_term_string\"}}],\"inLanguage\":\"de-DE\"},{\"@type\":\"Organization\",\"@id\":\"https:\\\/\\\/sandsiv.com\\\/#organization\",\"name\":\"sandsiv+\",\"url\":\"https:\\\/\\\/sandsiv.com\\\/\",\"logo\":{\"@type\":\"ImageObject\",\"inLanguage\":\"de-DE\",\"@id\":\"https:\\\/\\\/sandsiv.com\\\/#\\\/schema\\\/logo\\\/image\\\/\",\"url\":\"https:\\\/\\\/sandsiv.com\\\/wp-content\\\/uploads\\\/2021\\\/08\\\/logo-light-normal.svg\",\"contentUrl\":\"https:\\\/\\\/sandsiv.com\\\/wp-content\\\/uploads\\\/2021\\\/08\\\/logo-light-normal.svg\",\"width\":376,\"height\":67,\"caption\":\"sandsiv+\"},\"image\":{\"@id\":\"https:\\\/\\\/sandsiv.com\\\/#\\\/schema\\\/logo\\\/image\\\/\"}}]}<\/script>\n<!-- \/ Yoast SEO Premium plugin. -->","yoast_head_json":{"title":"- Ihr kostenloser Aktionsplan - sandsiv+","description":"Holen Sie sich jetzt einen ma\u00dfgeschneiderten Aktionsplan f\u00fcr das Feedback Ihrer Kunden \u2013 exklusiv f\u00fcr die ersten 5 Anfragen.","robots":{"index":"index","follow":"follow","max-snippet":"max-snippet:-1","max-image-preview":"max-image-preview:large","max-video-preview":"max-video-preview:-1"},"canonical":"https:\/\/sandsiv.com\/de\/ihr-kostenloser-aktionsplan\/","og_locale":"de_DE","og_type":"article","og_title":"- Ihr kostenloser Aktionsplan","og_description":"Holen Sie sich jetzt einen ma\u00dfgeschneiderten Aktionsplan f\u00fcr das Feedback Ihrer Kunden \u2013 exklusiv f\u00fcr die ersten 5 Anfragen.","og_url":"https:\/\/sandsiv.com\/de\/ihr-kostenloser-aktionsplan\/","og_site_name":"sandsiv+","article_modified_time":"2024-01-26T12:21:49+00:00","twitter_card":"summary_large_image","twitter_misc":{"Gesch\u00e4tzte Lesezeit":"1 Minute"},"schema":{"@context":"https:\/\/schema.org","@graph":[{"@type":"WebPage","@id":"https:\/\/sandsiv.com\/de\/ihr-kostenloser-aktionsplan\/","url":"https:\/\/sandsiv.com\/de\/ihr-kostenloser-aktionsplan\/","name":"- Ihr kostenloser Aktionsplan - sandsiv+","isPartOf":{"@id":"https:\/\/sandsiv.com\/#website"},"datePublished":"2024-01-08T16:44:03+00:00","dateModified":"2024-01-26T12:21:49+00:00","description":"Holen Sie sich jetzt einen ma\u00dfgeschneiderten Aktionsplan f\u00fcr das Feedback Ihrer Kunden \u2013 exklusiv f\u00fcr die ersten 5 Anfragen.","breadcrumb":{"@id":"https:\/\/sandsiv.com\/de\/ihr-kostenloser-aktionsplan\/#breadcrumb"},"inLanguage":"de-DE","potentialAction":[{"@type":"ReadAction","target":["https:\/\/sandsiv.com\/de\/ihr-kostenloser-aktionsplan\/"]}]},{"@type":"BreadcrumbList","@id":"https:\/\/sandsiv.com\/de\/ihr-kostenloser-aktionsplan\/#breadcrumb","itemListElement":[{"@type":"ListItem","position":1,"name":"Home","item":"https:\/\/sandsiv.com\/de\/"},{"@type":"ListItem","position":2,"name":"&#8211; Ihr kostenloser Aktionsplan"}]},{"@type":"WebSite","@id":"https:\/\/sandsiv.com\/#website","url":"https:\/\/sandsiv.com\/","name":"sandsiv+","description":"Customer Intelligence Made In Switzerland","publisher":{"@id":"https:\/\/sandsiv.com\/#organization"},"potentialAction":[{"@type":"SearchAction","target":{"@type":"EntryPoint","urlTemplate":"https:\/\/sandsiv.com\/?s={search_term_string}"},"query-input":{"@type":"PropertyValueSpecification","valueRequired":true,"valueName":"search_term_string"}}],"inLanguage":"de-DE"},{"@type":"Organization","@id":"https:\/\/sandsiv.com\/#organization","name":"sandsiv+","url":"https:\/\/sandsiv.com\/","logo":{"@type":"ImageObject","inLanguage":"de-DE","@id":"https:\/\/sandsiv.com\/#\/schema\/logo\/image\/","url":"https:\/\/sandsiv.com\/wp-content\/uploads\/2021\/08\/logo-light-normal.svg","contentUrl":"https:\/\/sandsiv.com\/wp-content\/uploads\/2021\/08\/logo-light-normal.svg","width":376,"height":67,"caption":"sandsiv+"},"image":{"@id":"https:\/\/sandsiv.com\/#\/schema\/logo\/image\/"}}]}},"_links":{"self":[{"href":"https:\/\/sandsiv.com\/de\/wp-json\/wp\/v2\/pages\/12045","targetHints":{"allow":["GET"]}}],"collection":[{"href":"https:\/\/sandsiv.com\/de\/wp-json\/wp\/v2\/pages"}],"about":[{"href":"https:\/\/sandsiv.com\/de\/wp-json\/wp\/v2\/types\/page"}],"author":[{"embeddable":true,"href":"https:\/\/sandsiv.com\/de\/wp-json\/wp\/v2\/users\/5"}],"replies":[{"embeddable":true,"href":"https:\/\/sandsiv.com\/de\/wp-json\/wp\/v2\/comments?post=12045"}],"version-history":[{"count":0,"href":"https:\/\/sandsiv.com\/de\/wp-json\/wp\/v2\/pages\/12045\/revisions"}],"wp:attachment":[{"href":"https:\/\/sandsiv.com\/de\/wp-json\/wp\/v2\/media?parent=12045"}],"curies":[{"name":"wp","href":"https:\/\/api.w.org\/{rel}","templated":true}]}}