
{"id":11960,"date":"2023-12-27T09:53:43","date_gmt":"2023-12-27T09:53:43","guid":{"rendered":"https:\/\/sandsiv.com\/der-blog\/artificial-intelligence-and-human-experience\/"},"modified":"2024-02-08T12:13:23","modified_gmt":"2024-02-08T12:13:23","slug":"kuenstliche-intelligenz-und-human-experience","status":"publish","type":"page","link":"https:\/\/sandsiv.com\/de\/der-blog\/kuenstliche-intelligenz-und-human-experience\/","title":{"rendered":"K\u00fcnstliche Intelligenz und Human Experience"},"content":{"rendered":"<div id=\"banner-block_452c2494dff32323965c082ad7f9e52c\"\r\n    class=\"banner scroll-fade\">\r\n    <div\r\n        class=\"module mt_0  mb_0\">\r\n        <div class=\"container\">\r\n            <div class=\"banner__inner\">\r\n                <div class=\"banner__data\">\r\n                                        <h1 class=\"heading\">K\u00fcnstliche Intelligenz und Human Experience<strong\r\n                            class=\"heading_red\">Artikel<\/strong>                    <\/h1>\r\n                                                            <div class=\"description\">27. Dezember 2023 &#8211; K\u00fcnstliche Intelligenz und Human Experience, der neue Trend f\u00fcr Marken im Jahr 2024                    <\/div>                                                            <div class=\"banner__button\">\r\n                        <a href=\"https:\/\/sandsiv.com\/de\/demo-anfordern\/\"\r\n                            class=\"btn\" _self                            >Demo anfordern<\/a>\r\n                    <\/div>\r\n                                                                            <\/div>\r\n                <div class=\"banner__media\">\r\n                                        <div class=\"banner__image\">\r\n                        <picture class=\"image\">\r\n                            <source srcset=\"\">\r\n                            <img decoding=\"async\" src=\"\"\r\n                                alt=\"\" \/>\r\n                        <\/picture>\r\n                    <\/div>\r\n                                                                            <\/div>\r\n            <\/div>\r\n        <\/div>\r\n    <\/div>\r\n<\/div>\n\n\r\n<div id=\"frames_section-block_b4e196c54c8f6f620d4d81cc28bdd370\" class=\"frames_section scroll-fade\">\r\n    <div class=\"module mt_0  mb_0\">  \r\n        <div class=\"bg_clr_section bg_clr_red\">               \r\n            <div class=\"container\">\r\n                <div class=\"frames_section_inner\"> \r\n                                                                <div class=\"text\">\r\n                            <p id=\"ember36\" class=\"ember-view\">Wir diskutieren die neuen Innovationen im Bereich der k\u00fcnstlichen Intelligenz, die die Customer Experience bis 2024 in die neue Human Experience verwandeln werden.<\/p>\n                        <\/div>\r\n                                                        <\/div>\r\n            <\/div>\r\n        <\/div>\r\n    <\/div>\r\n<\/div>\n\n\r\n<div id=\"blog_post_content-block_d2adebfd5e0b8e246171a384c9b86348\" class=\"blog_post_content scroll-fade\">\r\n    <div class=\"module \">\r\n\r\n                            <div class=\"container container--medium\">\r\n                        \r\n            <div class=\"blog_post_content_inner\"> \r\n                                    <div class=\"heading_section\">\r\n                        <div class=\"heading_text h1\">\r\n                            <Div style = \"visibility: hidden\"> <\/ div>                        <\/div>\r\n                    <\/div>\r\n                                                    <div class=\"content_section\">\r\n                        <p>Das Jahr 2023 markiert einen wichtigen Meilenstein in der Entwicklung der <strong>K\u00fcnstlichen Intelligenz (KI)<\/strong> und ihrer Verbindung zur <strong>Customer Experience (CX)<\/strong>. In diesem Zusammenhang erkl\u00e4rt Federico Cesconi, CEO von SANDSIV, wie &#8220;<em>im Jahr 2024 innovative Fortschritte wie KI, maschinelles Lernen oder Datenanalyse die Beziehung zwischen Marke und Kunde in eine viel globalere Strategie verwandeln werden. Dabei wird paradoxerweise ein viel menschlicherer und ganzheitlicherer Ansatz verfolgt, bei dem die Menschen unter dem Namen &#8216;Human Experience&#8217; im Mittelpunkt der Unternehmen stehen werden<\/em>&#8220;.<\/p>\n<h3><span style=\"color: #bf2025;\">Das neue ganzheitliche Konzept der &#8216;Human Experience&#8217;<\/span><\/h3>\n<p>In den letzten Monaten hat sich ver\u00e4ndernde Potenzial dieser Innovationen <strong>die Bindung<\/strong> <strong>zwischen Marken und Kunden<\/strong> neu definiert, was f\u00fcr das Verst\u00e4ndnis, die Verbesserung und die Aufwertung der menschlichen Erfahrung von grundlegender Bedeutung ist. Dieses Konzept konzentriert sich darauf, wie Marken menschliche Bed\u00fcrfnisse, Emotionen und komplexe menschliche Verhaltensweisen verstehen m\u00fcssen, um emotionalere und personalisierte Interaktionen zu erm\u00f6glichen.<\/p>\n<p>Mit Blick auf das Jahr 2024 wird erwartet, dass <strong>die Zusammenf\u00fchrung von KI und menschlicher Erfahrung<\/strong> noch relevanter wird, da Unternehmen versuchen, tiefere Verbindungen mit ihren Kunden aufzubauen. Heute listen wir <strong>3 neue KI-basierte Funktionen<\/strong> auf, die in digitale Customer Listening Tools integriert werden sollten, w\u00e4hrend wir uns auf dem Weg zu dieser Human Experience befinden:<\/p>\n<p><strong><span style=\"color: #bf2025;\">1. Automatisierung und <b data-stringify-type=\"bold\">Datenerfassung<\/b>\u00a0 zur Identifizierung von Trends:<\/span><\/strong> Die Automatisierung der <b data-stringify-type=\"bold\">Datenmarkierung (Data tagging)<\/b> ist f\u00fcr Unternehmen zu einem unverzichtbaren Werkzeug geworden. Dieser Prozess beinhaltet die automatische Zuweisung von Tags oder Kategorien zu gro\u00dfen Informationsmengen, wie Kundenfeedback oder Produktbewertungen. Unternehmen, die diese Technologie nutzen, die bereits in der <span style=\"color: #bf2025;\"><a style=\"color: #bf2025;\" href=\"https:\/\/sandsiv.com\/de\/produktuebersicht\/\">sandsiv+<\/a><\/span> Plattform enthalten ist, werden in der Lage sein, ihre Produktbewertungen schnell als positiv, neutral oder negativ zu klassifizieren und so aufkommende Trends in ihrem Markt zu erkennen.<br \/>\n<strong><span style=\"color: #bf2025;\">2. <b data-stringify-type=\"bold\">Automatische Erkennung der wichtigsten Themen<\/b>:<\/span><\/strong> Die Erkennung relevanter Themen <b data-stringify-type=\"bold\">in gro\u00dfen Mengen von Kundendaten<\/b> ist immer noch eine Herausforderung f\u00fcr Unternehmen. Marken k\u00f6nnen nun Kategorisierungsmodelle anwenden, um Kundeninteraktionen sofort zu identifizieren, was es ihnen erm\u00f6glicht, kritische Themen in Echtzeit vorherzusagen und zu l\u00f6sen. Das Topic AI-Modul, das sandsiv+ integriert hat, k\u00f6nnte zum Beispiel ein Telekommunikationsunternehmen in die Lage versetzen, potenzielle technische Probleme, Abrechnungsfragen oder Anfragen nach zus\u00e4tzlichen Dienstleistungen zu erkennen, so dass die Agenten ihre Arbeit effizienter erledigen k\u00f6nnen.<br \/>\n<strong><span style=\"color: #bf2025;\">3. Analyse der Kundenstimmung durch Customer Experience Mapping:<\/span><\/strong> Die F\u00e4higkeit, die gesamte Kundenerfahrung vom ersten Kontakt mit der eigenen Marke bis zur Zeit nach dem Kauf zu analysieren, ist ein leistungsstarkes Werkzeug, um die Bed\u00fcrfnisse und Gef\u00fchle der Kunden w\u00e4hrend der gesamten Customer Journey besser zu verstehen. Diese Technik nutzt KI, um die Schmerzpunkte, die ein Kunde mit einem Unternehmen hat, in Echtzeit zu untersuchen und zu verstehen, und bietet Empfehlungen f\u00fcr Verbesserungen, um die Erfahrung unvergesslich zu machen.<\/p>\n<p>In diesem Zusammenhang haben Unternehmen erkannt, wie wichtig es ist, eine emotionale Verbindung zu den Kunden herzustellen, indem sie deren W\u00fcnsche und Bed\u00fcrfnisse verstehen und die <b data-stringify-type=\"bold\">Technologie als eine Art Verb\u00fcndeten nutzen.<\/b>\u00a0&#8220;<em>Seit unserer Gr\u00fcndung ist die Integration von maschinellem Lernen und k\u00fcnstlicher Intelligenz eine entscheidende Komponente in allen Aspekten unserer L\u00f6sungen<\/em>&#8220;, so Federico Cesconi. Er betont, dass KI die Art und Weise, wie Unternehmen mit ihren Kunden in Kontakt treten, revolutionieren wird und es ihnen erm\u00f6glicht, sie wirklich zu verstehen und <strong>die menschliche Erfahrung zu vermitteln<\/strong>, die f\u00fcr den k\u00fcnftigen Gesch\u00e4ftserfolg entscheidend sein wird.<\/p>\n                    <\/div>\r\n                            <\/div>\r\n        <\/div>\r\n    <\/div>\r\n<\/div>\n\n\r\n<div id=\"blog_post_content-block_d57021d9e7b9be13957f3b37aaf42c5c\" class=\"blog_post_content scroll-fade\">\r\n    <div class=\"module \">\r\n\r\n                    <div class=\"container\">\r\n                                \r\n            <div class=\"blog_post_content_inner\"> \r\n                                    <div class=\"heading_section\">\r\n                        <div class=\"heading_text h1\">\r\n                            K\u00fcnstliche Intelligenz und Human Experience                        <\/div>\r\n                    <\/div>\r\n                                                    <div class=\"content_section\">\r\n                        <p><strong>KONTAKT:<\/strong><br \/>\n<span style=\"color: #bf2025;\"><a style=\"color: #bf2025;\" href=\"mailto:media@SANDSIV.com\" target=\"_blank\" rel=\"noopener nofollow noopener noreferrer\">media@SANDSIV.com<\/a><\/span><\/p>\n                    <\/div>\r\n                            <\/div>\r\n        <\/div>\r\n    <\/div>\r\n<\/div>\n\n\r\n<div id=\"frames_section-block_d735cdec1ed18e9a8623bbfc65693901\" class=\"frames_section scroll-fade\">\r\n    <div class=\"module mt_0  mb_0\">  \r\n        <div class=\"bg_clr_section bg_clr_red\">               \r\n            <div class=\"container\">\r\n                <div class=\"frames_section_inner\"> \r\n                                            <div class=\"heading\">\r\n                            Beginnen Sie noch heute mit sandsiv+ zu wachsen                        <\/div>\r\n                                                                                    <div class=\"button_section\">\r\n                            <a class=\"btn btn--white \" href=\"https:\/\/sandsiv.com\/de\/demo-anfordern\/\" >\r\n                                Demo anfordern                            <\/a>\r\n                        <\/div>\r\n                                    <\/div>\r\n            <\/div>\r\n        <\/div>\r\n    <\/div>\r\n<\/div>","protected":false},"excerpt":{"rendered":"","protected":false},"author":3,"featured_media":11951,"parent":10507,"menu_order":0,"comment_status":"closed","ping_status":"closed","template":"","meta":{"content-type":"","footnotes":""},"class_list":["post-11960","page","type-page","status-publish","has-post-thumbnail","hentry"],"acf":[],"yoast_head":"<!-- This site is optimized with the Yoast SEO Premium plugin v26.9 (Yoast SEO v27.4) - https:\/\/yoast.com\/product\/yoast-seo-premium-wordpress\/ -->\n<title>K\u00fcnstliche Intelligenz und Human Experience - sandsiv+<\/title>\n<meta name=\"description\" content=\"K\u00fcnstliche Intelligenz und menschliche Erfahrung: Entdecken Sie den neuen Trend f\u00fcr Marken im Jahr 2024 in unserem Blogartikel.\" \/>\n<meta name=\"robots\" content=\"index, follow, max-snippet:-1, max-image-preview:large, max-video-preview:-1\" \/>\n<link rel=\"canonical\" href=\"https:\/\/sandsiv.com\/de\/der-blog\/kuenstliche-intelligenz-und-human-experience\/\" \/>\n<meta property=\"og:locale\" content=\"de_DE\" \/>\n<meta property=\"og:type\" content=\"article\" \/>\n<meta property=\"og:title\" content=\"K\u00fcnstliche Intelligenz und Human Experience\" \/>\n<meta property=\"og:description\" content=\"K\u00fcnstliche Intelligenz und menschliche Erfahrung: Entdecken Sie den neuen Trend f\u00fcr Marken im Jahr 2024 in unserem Blogartikel.\" \/>\n<meta property=\"og:url\" content=\"https:\/\/sandsiv.com\/de\/der-blog\/kuenstliche-intelligenz-und-human-experience\/\" \/>\n<meta property=\"og:site_name\" content=\"sandsiv+\" \/>\n<meta property=\"article:modified_time\" content=\"2024-02-08T12:13:23+00:00\" \/>\n<meta property=\"og:image\" content=\"https:\/\/sandsiv.com\/wp-content\/uploads\/2023\/12\/unnamed-5-e1703670585813.jpg\" \/>\n\t<meta property=\"og:image:width\" content=\"1000\" \/>\n\t<meta property=\"og:image:height\" content=\"667\" \/>\n\t<meta property=\"og:image:type\" content=\"image\/jpeg\" \/>\n<meta name=\"twitter:card\" content=\"summary_large_image\" \/>\n<meta name=\"twitter:label1\" content=\"Gesch\u00e4tzte Lesezeit\" \/>\n\t<meta name=\"twitter:data1\" content=\"3 Minuten\" \/>\n<script type=\"application\/ld+json\" class=\"yoast-schema-graph\">{\"@context\":\"https:\\\/\\\/schema.org\",\"@graph\":[{\"@type\":\"WebPage\",\"@id\":\"https:\\\/\\\/sandsiv.com\\\/de\\\/der-blog\\\/kuenstliche-intelligenz-und-human-experience\\\/\",\"url\":\"https:\\\/\\\/sandsiv.com\\\/de\\\/der-blog\\\/kuenstliche-intelligenz-und-human-experience\\\/\",\"name\":\"K\u00fcnstliche Intelligenz und Human Experience - sandsiv+\",\"isPartOf\":{\"@id\":\"https:\\\/\\\/sandsiv.com\\\/#website\"},\"primaryImageOfPage\":{\"@id\":\"https:\\\/\\\/sandsiv.com\\\/de\\\/der-blog\\\/kuenstliche-intelligenz-und-human-experience\\\/#primaryimage\"},\"image\":{\"@id\":\"https:\\\/\\\/sandsiv.com\\\/de\\\/der-blog\\\/kuenstliche-intelligenz-und-human-experience\\\/#primaryimage\"},\"thumbnailUrl\":\"https:\\\/\\\/sandsiv.com\\\/wp-content\\\/uploads\\\/2023\\\/12\\\/unnamed-5-e1703670585813.jpg\",\"datePublished\":\"2023-12-27T09:53:43+00:00\",\"dateModified\":\"2024-02-08T12:13:23+00:00\",\"description\":\"K\u00fcnstliche Intelligenz und menschliche Erfahrung: Entdecken Sie den neuen Trend f\u00fcr Marken im Jahr 2024 in unserem Blogartikel.\",\"breadcrumb\":{\"@id\":\"https:\\\/\\\/sandsiv.com\\\/de\\\/der-blog\\\/kuenstliche-intelligenz-und-human-experience\\\/#breadcrumb\"},\"inLanguage\":\"de-DE\",\"potentialAction\":[{\"@type\":\"ReadAction\",\"target\":[\"https:\\\/\\\/sandsiv.com\\\/de\\\/der-blog\\\/kuenstliche-intelligenz-und-human-experience\\\/\"]}]},{\"@type\":\"ImageObject\",\"inLanguage\":\"de-DE\",\"@id\":\"https:\\\/\\\/sandsiv.com\\\/de\\\/der-blog\\\/kuenstliche-intelligenz-und-human-experience\\\/#primaryimage\",\"url\":\"https:\\\/\\\/sandsiv.com\\\/wp-content\\\/uploads\\\/2023\\\/12\\\/unnamed-5-e1703670585813.jpg\",\"contentUrl\":\"https:\\\/\\\/sandsiv.com\\\/wp-content\\\/uploads\\\/2023\\\/12\\\/unnamed-5-e1703670585813.jpg\",\"width\":1000,\"height\":667},{\"@type\":\"BreadcrumbList\",\"@id\":\"https:\\\/\\\/sandsiv.com\\\/de\\\/der-blog\\\/kuenstliche-intelligenz-und-human-experience\\\/#breadcrumb\",\"itemListElement\":[{\"@type\":\"ListItem\",\"position\":1,\"name\":\"Home\",\"item\":\"https:\\\/\\\/sandsiv.com\\\/de\\\/\"},{\"@type\":\"ListItem\",\"position\":2,\"name\":\"Der Blog\",\"item\":\"https:\\\/\\\/sandsiv.com\\\/de\\\/der-blog\\\/\"},{\"@type\":\"ListItem\",\"position\":3,\"name\":\"K\u00fcnstliche Intelligenz und Human Experience\"}]},{\"@type\":\"WebSite\",\"@id\":\"https:\\\/\\\/sandsiv.com\\\/#website\",\"url\":\"https:\\\/\\\/sandsiv.com\\\/\",\"name\":\"sandsiv+\",\"description\":\"Customer Intelligence Made In Switzerland\",\"publisher\":{\"@id\":\"https:\\\/\\\/sandsiv.com\\\/#organization\"},\"potentialAction\":[{\"@type\":\"SearchAction\",\"target\":{\"@type\":\"EntryPoint\",\"urlTemplate\":\"https:\\\/\\\/sandsiv.com\\\/?s={search_term_string}\"},\"query-input\":{\"@type\":\"PropertyValueSpecification\",\"valueRequired\":true,\"valueName\":\"search_term_string\"}}],\"inLanguage\":\"de-DE\"},{\"@type\":\"Organization\",\"@id\":\"https:\\\/\\\/sandsiv.com\\\/#organization\",\"name\":\"sandsiv+\",\"url\":\"https:\\\/\\\/sandsiv.com\\\/\",\"logo\":{\"@type\":\"ImageObject\",\"inLanguage\":\"de-DE\",\"@id\":\"https:\\\/\\\/sandsiv.com\\\/#\\\/schema\\\/logo\\\/image\\\/\",\"url\":\"https:\\\/\\\/sandsiv.com\\\/wp-content\\\/uploads\\\/2021\\\/08\\\/logo-light-normal.svg\",\"contentUrl\":\"https:\\\/\\\/sandsiv.com\\\/wp-content\\\/uploads\\\/2021\\\/08\\\/logo-light-normal.svg\",\"width\":376,\"height\":67,\"caption\":\"sandsiv+\"},\"image\":{\"@id\":\"https:\\\/\\\/sandsiv.com\\\/#\\\/schema\\\/logo\\\/image\\\/\"}}]}<\/script>\n<!-- \/ Yoast SEO Premium plugin. -->","yoast_head_json":{"title":"K\u00fcnstliche Intelligenz und Human Experience - sandsiv+","description":"K\u00fcnstliche Intelligenz und menschliche Erfahrung: Entdecken Sie den neuen Trend f\u00fcr Marken im Jahr 2024 in unserem Blogartikel.","robots":{"index":"index","follow":"follow","max-snippet":"max-snippet:-1","max-image-preview":"max-image-preview:large","max-video-preview":"max-video-preview:-1"},"canonical":"https:\/\/sandsiv.com\/de\/der-blog\/kuenstliche-intelligenz-und-human-experience\/","og_locale":"de_DE","og_type":"article","og_title":"K\u00fcnstliche Intelligenz und Human Experience","og_description":"K\u00fcnstliche Intelligenz und menschliche Erfahrung: Entdecken Sie den neuen Trend f\u00fcr Marken im Jahr 2024 in unserem Blogartikel.","og_url":"https:\/\/sandsiv.com\/de\/der-blog\/kuenstliche-intelligenz-und-human-experience\/","og_site_name":"sandsiv+","article_modified_time":"2024-02-08T12:13:23+00:00","og_image":[{"width":1000,"height":667,"url":"https:\/\/sandsiv.com\/wp-content\/uploads\/2023\/12\/unnamed-5-e1703670585813.jpg","type":"image\/jpeg"}],"twitter_card":"summary_large_image","twitter_misc":{"Gesch\u00e4tzte Lesezeit":"3 Minuten"},"schema":{"@context":"https:\/\/schema.org","@graph":[{"@type":"WebPage","@id":"https:\/\/sandsiv.com\/de\/der-blog\/kuenstliche-intelligenz-und-human-experience\/","url":"https:\/\/sandsiv.com\/de\/der-blog\/kuenstliche-intelligenz-und-human-experience\/","name":"K\u00fcnstliche Intelligenz und Human Experience - sandsiv+","isPartOf":{"@id":"https:\/\/sandsiv.com\/#website"},"primaryImageOfPage":{"@id":"https:\/\/sandsiv.com\/de\/der-blog\/kuenstliche-intelligenz-und-human-experience\/#primaryimage"},"image":{"@id":"https:\/\/sandsiv.com\/de\/der-blog\/kuenstliche-intelligenz-und-human-experience\/#primaryimage"},"thumbnailUrl":"https:\/\/sandsiv.com\/wp-content\/uploads\/2023\/12\/unnamed-5-e1703670585813.jpg","datePublished":"2023-12-27T09:53:43+00:00","dateModified":"2024-02-08T12:13:23+00:00","description":"K\u00fcnstliche Intelligenz und menschliche Erfahrung: Entdecken Sie den neuen Trend f\u00fcr Marken im Jahr 2024 in unserem Blogartikel.","breadcrumb":{"@id":"https:\/\/sandsiv.com\/de\/der-blog\/kuenstliche-intelligenz-und-human-experience\/#breadcrumb"},"inLanguage":"de-DE","potentialAction":[{"@type":"ReadAction","target":["https:\/\/sandsiv.com\/de\/der-blog\/kuenstliche-intelligenz-und-human-experience\/"]}]},{"@type":"ImageObject","inLanguage":"de-DE","@id":"https:\/\/sandsiv.com\/de\/der-blog\/kuenstliche-intelligenz-und-human-experience\/#primaryimage","url":"https:\/\/sandsiv.com\/wp-content\/uploads\/2023\/12\/unnamed-5-e1703670585813.jpg","contentUrl":"https:\/\/sandsiv.com\/wp-content\/uploads\/2023\/12\/unnamed-5-e1703670585813.jpg","width":1000,"height":667},{"@type":"BreadcrumbList","@id":"https:\/\/sandsiv.com\/de\/der-blog\/kuenstliche-intelligenz-und-human-experience\/#breadcrumb","itemListElement":[{"@type":"ListItem","position":1,"name":"Home","item":"https:\/\/sandsiv.com\/de\/"},{"@type":"ListItem","position":2,"name":"Der Blog","item":"https:\/\/sandsiv.com\/de\/der-blog\/"},{"@type":"ListItem","position":3,"name":"K\u00fcnstliche Intelligenz und Human Experience"}]},{"@type":"WebSite","@id":"https:\/\/sandsiv.com\/#website","url":"https:\/\/sandsiv.com\/","name":"sandsiv+","description":"Customer Intelligence Made In Switzerland","publisher":{"@id":"https:\/\/sandsiv.com\/#organization"},"potentialAction":[{"@type":"SearchAction","target":{"@type":"EntryPoint","urlTemplate":"https:\/\/sandsiv.com\/?s={search_term_string}"},"query-input":{"@type":"PropertyValueSpecification","valueRequired":true,"valueName":"search_term_string"}}],"inLanguage":"de-DE"},{"@type":"Organization","@id":"https:\/\/sandsiv.com\/#organization","name":"sandsiv+","url":"https:\/\/sandsiv.com\/","logo":{"@type":"ImageObject","inLanguage":"de-DE","@id":"https:\/\/sandsiv.com\/#\/schema\/logo\/image\/","url":"https:\/\/sandsiv.com\/wp-content\/uploads\/2021\/08\/logo-light-normal.svg","contentUrl":"https:\/\/sandsiv.com\/wp-content\/uploads\/2021\/08\/logo-light-normal.svg","width":376,"height":67,"caption":"sandsiv+"},"image":{"@id":"https:\/\/sandsiv.com\/#\/schema\/logo\/image\/"}}]}},"_links":{"self":[{"href":"https:\/\/sandsiv.com\/de\/wp-json\/wp\/v2\/pages\/11960","targetHints":{"allow":["GET"]}}],"collection":[{"href":"https:\/\/sandsiv.com\/de\/wp-json\/wp\/v2\/pages"}],"about":[{"href":"https:\/\/sandsiv.com\/de\/wp-json\/wp\/v2\/types\/page"}],"author":[{"embeddable":true,"href":"https:\/\/sandsiv.com\/de\/wp-json\/wp\/v2\/users\/3"}],"replies":[{"embeddable":true,"href":"https:\/\/sandsiv.com\/de\/wp-json\/wp\/v2\/comments?post=11960"}],"version-history":[{"count":0,"href":"https:\/\/sandsiv.com\/de\/wp-json\/wp\/v2\/pages\/11960\/revisions"}],"up":[{"embeddable":true,"href":"https:\/\/sandsiv.com\/de\/wp-json\/wp\/v2\/pages\/10507"}],"wp:featuredmedia":[{"embeddable":true,"href":"https:\/\/sandsiv.com\/de\/wp-json\/wp\/v2\/media\/11951"}],"wp:attachment":[{"href":"https:\/\/sandsiv.com\/de\/wp-json\/wp\/v2\/media?parent=11960"}],"curies":[{"name":"wp","href":"https:\/\/api.w.org\/{rel}","templated":true}]}}