
{"id":11762,"date":"2023-12-11T14:09:27","date_gmt":"2023-12-11T14:09:27","guid":{"rendered":"https:\/\/sandsiv.com\/?page_id=11762"},"modified":"2024-08-12T15:13:01","modified_gmt":"2024-08-12T15:13:01","slug":"anwendungsfaelle","status":"publish","type":"page","link":"https:\/\/sandsiv.com\/de\/anwendungsfaelle\/","title":{"rendered":"Anwendungsf\u00e4lle"},"content":{"rendered":"<div id=\"banner-block_dff5c25ed5c043c42d52de481fa713ef\"\r\n    class=\"banner scroll-fade\">\r\n    <div\r\n        class=\"module mt_0  mb_0\">\r\n        <div class=\"container\">\r\n            <div class=\"banner__inner\">\r\n                <div class=\"banner__data\">\r\n                                        <h1 class=\"heading\">Der Weg zum Erfolg<strong\r\n                            class=\"heading_red\">Anwendungsf\u00e4lle<\/strong>                    <\/h1>\r\n                                                            <div class=\"description\">Entdecken Sie die bew\u00e4hrten Methoden von sandsiv+, um den Erfolg Ihres Unternehmens zu steigern.                    <\/div>                                                            <div class=\"banner__button\">\r\n                        <a href=\"https:\/\/sandsiv.com\/de\/kontakt-zu-cx-advisor\/\"\r\n                            class=\"btn\" _self                            >Kontakt zu unseren Experten<\/a>\r\n                    <\/div>\r\n                                                                            <\/div>\r\n                <div class=\"banner__media\">\r\n                                        <div class=\"banner__image\">\r\n                        <picture class=\"image\">\r\n                            <source srcset=\"https:\/\/sandsiv.com\/wp-content\/uploads\/2023\/12\/sandsiv_use_cases_head.png\">\r\n                            <img decoding=\"async\" src=\"https:\/\/sandsiv.com\/wp-content\/uploads\/2023\/12\/sandsiv_use_cases_head.png\"\r\n                                alt=\"sandsiv_use_cases_head\" \/>\r\n                        <\/picture>\r\n                    <\/div>\r\n                                                                            <\/div>\r\n            <\/div>\r\n        <\/div>\r\n    <\/div>\r\n<\/div>\n\n<div id=\"text_imagevideo-block_8493e1ae43e6a1f2c52e95cc4b2119da\"\r\n    class=\"text_imagevideo scroll-fade\">\r\n    <div class=\"container\">\r\n                <div class=\"text_imagevideo__inner\">\r\n                        <div\r\n                class=\"text_imagevideo__list \">\r\n                                <div class=\"text_imagevideo__item module scroll-fade\">\r\n                    <div\r\n                        class=\"text_imagevideo__item__inner imagePosition_left\">\r\n                        <div class=\"contant\">\r\n                                                                                    <h1 class=\"title\">Steigerung der R\u00fccklaufquote von Umfragen                            <\/h1>                                                        <div class=\"text\"><html lang=\"en\">\r\n<head>\r\n  <meta charset=\"UTF-8\">\r\n  <title>Tabella<\/title>\r\n<\/head>\r\n<body>\r\n\r\n<div style=\"font-size: 0.8em; color: #000000; display: flex; flex-wrap: wrap; gap: 5px;\">\r\n  <a style=\"color: #000; padding: 3px 8px; border: 1px solid #000; border-radius: 5px; text-decoration: none; transition: all 0.3s ease-in-out;\"onmouseover=\"this.style.backgroundColor='#000'; this.style.color='#fff';\" onmouseout=\"this.style.backgroundColor='transparent'; this.style.color='#000';\">Umfrage<\/a>\r\n  <a style=\"color: #000; padding: 3px 8px; border: 1px solid #000; border-radius: 5px; text-decoration: none; transition: all 0.3s ease-in-out;\" onmouseover=\"this.style.backgroundColor='#000'; this.style.color='#fff';\" onmouseout=\"this.style.backgroundColor='transparent'; this.style.color='#000';\">Omnikanal<\/a>\r\n<\/div>\r\n<br>\r\n\r\n<p>Viele Unternehmen k\u00e4mpfen mit Antwortraten von bis zu 10 % bei traditionellen Kan\u00e4len wie E-Mail und SMS.<\/p>\r\n\r\n<\/body>\r\n<\/html>                            <\/div>                                                        <a href=\"https:\/\/sandsiv.com\/de\/steigerung-der-ruecklaufquote-von-umfragen\/\"\r\n                                class=\"btn\"                                 >Lesen \u2794<\/a>\r\n                                                    <\/div>\r\n                        <div class=\"image_video\">\r\n                                                        <picture class=\"img\"                                 >\r\n                                <source\r\n                                    srcset=\"https:\/\/sandsiv.com\/wp-content\/uploads\/2023\/12\/Use-Case-Whatsapp_response-rate_HD-1.png\">\r\n                                <img decoding=\"async\" src=\"https:\/\/sandsiv.com\/wp-content\/uploads\/2023\/12\/Use-Case-Whatsapp_response-rate_HD-1.png\"\r\n                                    alt=\"\" \/>\r\n                            <\/picture>\r\n                                                    <\/div>\r\n                    <\/div>\r\n                <\/div>\r\n                                <div class=\"text_imagevideo__item module scroll-fade\">\r\n                    <div\r\n                        class=\"text_imagevideo__item__inner imagePosition_right\">\r\n                        <div class=\"contant\">\r\n                                                                                    <h1 class=\"title\">Starten Sie ein VoE Programm                            <\/h1>                                                        <div class=\"text\"><html lang=\"en\">\r\n<head>\r\n  <meta charset=\"UTF-8\">\r\n  <title>Tabella<\/title>\r\n<\/head>\r\n<body>\r\n\r\n<div style=\"font-size: 0.8em; color: #000000; display: flex; flex-wrap: wrap; gap: 5px;\">\r\n  <a style=\"color: #000; padding: 3px 8px; border: 1px solid #000; border-radius: 5px; text-decoration: none; transition: all 0.3s ease-in-out;\"onmouseover=\"this.style.backgroundColor='#000'; this.style.color='#fff';\" onmouseout=\"this.style.backgroundColor='transparent'; this.style.color='#000';\">Mitarbeiter<\/a>\r\n  <a style=\"color: #000; padding: 3px 8px; border: 1px solid #000; border-radius: 5px; text-decoration: none; transition: all 0.3s ease-in-out;\" onmouseover=\"this.style.backgroundColor='#000'; this.style.color='#fff';\" onmouseout=\"this.style.backgroundColor='transparent'; this.style.color='#000';\">Omnikanal<\/a>\r\n<\/div>\r\n<br>\r\n\r\n<p>Ihren Mitarbeitern zuzuh\u00f6ren ist genauso wichtig wie Ihren Kunden zuzuh\u00f6ren.<\/p>\r\n\r\n<\/body>\r\n<\/html>                            <\/div>                                                        <a href=\"https:\/\/sandsiv.com\/de\/starten-sie-ein-voe-programm\/\"\r\n                                class=\"btn\"                                 >Lesen \u2794<\/a>\r\n                                                    <\/div>\r\n                        <div class=\"image_video\">\r\n                                                        <picture class=\"img\"                                 >\r\n                                <source\r\n                                    srcset=\"https:\/\/sandsiv.com\/wp-content\/uploads\/2023\/12\/sandsiv_use-case_VOE.png\">\r\n                                <img decoding=\"async\" src=\"https:\/\/sandsiv.com\/wp-content\/uploads\/2023\/12\/sandsiv_use-case_VOE.png\"\r\n                                    alt=\"voice of employee sandsiv\" \/>\r\n                            <\/picture>\r\n                                                    <\/div>\r\n                    <\/div>\r\n                <\/div>\r\n                            <\/div>\r\n        <\/div>\r\n            <\/div>\r\n<\/div>\n\n\r\n<div id=\"frames_section-block_b3bdcbe229afee2e2dcd7d55542b4ff5\" class=\"frames_section scroll-fade\">\r\n    <div class=\"module mt_0  mb_0\">  \r\n        <div class=\"bg_clr_section bg_clr_red\">               \r\n            <div class=\"container\">\r\n                <div class=\"frames_section_inner\"> \r\n                                            <div class=\"heading\">\r\n                            Beginnen Sie noch heute mit sandsiv+ zu wachsen                        <\/div>\r\n                                                                                    <div class=\"button_section\">\r\n                            <a class=\"btn btn--white \" href=\"https:\/\/sandsiv.com\/de\/demo-anfordern\/\" >\r\n                                Demo anfordern                            <\/a>\r\n                        <\/div>\r\n                                    <\/div>\r\n            <\/div>\r\n        <\/div>\r\n    <\/div>\r\n<\/div>\n\n\n<p><\/p>\n","protected":false},"excerpt":{"rendered":"","protected":false},"author":5,"featured_media":11786,"parent":0,"menu_order":1,"comment_status":"closed","ping_status":"closed","template":"","meta":{"content-type":"","footnotes":""},"class_list":["post-11762","page","type-page","status-publish","has-post-thumbnail","hentry"],"acf":[],"yoast_head":"<!-- This site is optimized with the Yoast SEO Premium plugin v26.9 (Yoast SEO v27.4) - https:\/\/yoast.com\/product\/yoast-seo-premium-wordpress\/ -->\n<title>Anwendungsf\u00e4lle - sandsiv+<\/title>\n<meta name=\"description\" content=\"Anwendungsf\u00e4lle: Entdecken Sie die bew\u00e4hrten Methoden von sandsiv+, um den Erfolg Ihres Unternehmens zu steigern.\" \/>\n<meta name=\"robots\" content=\"index, follow, max-snippet:-1, max-image-preview:large, max-video-preview:-1\" \/>\n<link rel=\"canonical\" href=\"https:\/\/sandsiv.com\/de\/anwendungsfaelle\/\" \/>\n<meta property=\"og:locale\" content=\"de_DE\" \/>\n<meta property=\"og:type\" content=\"article\" \/>\n<meta property=\"og:title\" content=\"Anwendungsf\u00e4lle\" \/>\n<meta property=\"og:description\" content=\"Anwendungsf\u00e4lle: Entdecken Sie die bew\u00e4hrten Methoden von sandsiv+, um den Erfolg Ihres Unternehmens zu steigern.\" \/>\n<meta property=\"og:url\" content=\"https:\/\/sandsiv.com\/de\/anwendungsfaelle\/\" \/>\n<meta property=\"og:site_name\" content=\"sandsiv+\" \/>\n<meta property=\"article:modified_time\" content=\"2024-08-12T15:13:01+00:00\" \/>\n<meta name=\"twitter:card\" content=\"summary_large_image\" \/>\n<meta name=\"twitter:label1\" content=\"Gesch\u00e4tzte Lesezeit\" \/>\n\t<meta name=\"twitter:data1\" content=\"1 Minute\" \/>\n<script type=\"application\/ld+json\" class=\"yoast-schema-graph\">{\"@context\":\"https:\\\/\\\/schema.org\",\"@graph\":[{\"@type\":\"WebPage\",\"@id\":\"https:\\\/\\\/sandsiv.com\\\/de\\\/anwendungsfaelle\\\/\",\"url\":\"https:\\\/\\\/sandsiv.com\\\/de\\\/anwendungsfaelle\\\/\",\"name\":\"Anwendungsf\u00e4lle - sandsiv+\",\"isPartOf\":{\"@id\":\"https:\\\/\\\/sandsiv.com\\\/#website\"},\"primaryImageOfPage\":{\"@id\":\"https:\\\/\\\/sandsiv.com\\\/de\\\/anwendungsfaelle\\\/#primaryimage\"},\"image\":{\"@id\":\"https:\\\/\\\/sandsiv.com\\\/de\\\/anwendungsfaelle\\\/#primaryimage\"},\"thumbnailUrl\":\"https:\\\/\\\/sandsiv.com\\\/wp-content\\\/uploads\\\/2023\\\/12\\\/sandsiv_use_cases_head.png\",\"datePublished\":\"2023-12-11T14:09:27+00:00\",\"dateModified\":\"2024-08-12T15:13:01+00:00\",\"description\":\"Anwendungsf\u00e4lle: Entdecken Sie die bew\u00e4hrten Methoden von sandsiv+, um den Erfolg Ihres Unternehmens zu steigern.\",\"breadcrumb\":{\"@id\":\"https:\\\/\\\/sandsiv.com\\\/de\\\/anwendungsfaelle\\\/#breadcrumb\"},\"inLanguage\":\"de-DE\",\"potentialAction\":[{\"@type\":\"ReadAction\",\"target\":[\"https:\\\/\\\/sandsiv.com\\\/de\\\/anwendungsfaelle\\\/\"]}]},{\"@type\":\"ImageObject\",\"inLanguage\":\"de-DE\",\"@id\":\"https:\\\/\\\/sandsiv.com\\\/de\\\/anwendungsfaelle\\\/#primaryimage\",\"url\":\"https:\\\/\\\/sandsiv.com\\\/wp-content\\\/uploads\\\/2023\\\/12\\\/sandsiv_use_cases_head.png\",\"contentUrl\":\"https:\\\/\\\/sandsiv.com\\\/wp-content\\\/uploads\\\/2023\\\/12\\\/sandsiv_use_cases_head.png\",\"width\":1233,\"height\":1286,\"caption\":\"sandsiv_use_cases_head\"},{\"@type\":\"BreadcrumbList\",\"@id\":\"https:\\\/\\\/sandsiv.com\\\/de\\\/anwendungsfaelle\\\/#breadcrumb\",\"itemListElement\":[{\"@type\":\"ListItem\",\"position\":1,\"name\":\"Home\",\"item\":\"https:\\\/\\\/sandsiv.com\\\/de\\\/\"},{\"@type\":\"ListItem\",\"position\":2,\"name\":\"Anwendungsf\u00e4lle\"}]},{\"@type\":\"WebSite\",\"@id\":\"https:\\\/\\\/sandsiv.com\\\/#website\",\"url\":\"https:\\\/\\\/sandsiv.com\\\/\",\"name\":\"sandsiv+\",\"description\":\"Customer Intelligence Made In Switzerland\",\"publisher\":{\"@id\":\"https:\\\/\\\/sandsiv.com\\\/#organization\"},\"potentialAction\":[{\"@type\":\"SearchAction\",\"target\":{\"@type\":\"EntryPoint\",\"urlTemplate\":\"https:\\\/\\\/sandsiv.com\\\/?s={search_term_string}\"},\"query-input\":{\"@type\":\"PropertyValueSpecification\",\"valueRequired\":true,\"valueName\":\"search_term_string\"}}],\"inLanguage\":\"de-DE\"},{\"@type\":\"Organization\",\"@id\":\"https:\\\/\\\/sandsiv.com\\\/#organization\",\"name\":\"sandsiv+\",\"url\":\"https:\\\/\\\/sandsiv.com\\\/\",\"logo\":{\"@type\":\"ImageObject\",\"inLanguage\":\"de-DE\",\"@id\":\"https:\\\/\\\/sandsiv.com\\\/#\\\/schema\\\/logo\\\/image\\\/\",\"url\":\"https:\\\/\\\/sandsiv.com\\\/wp-content\\\/uploads\\\/2021\\\/08\\\/logo-light-normal.svg\",\"contentUrl\":\"https:\\\/\\\/sandsiv.com\\\/wp-content\\\/uploads\\\/2021\\\/08\\\/logo-light-normal.svg\",\"width\":376,\"height\":67,\"caption\":\"sandsiv+\"},\"image\":{\"@id\":\"https:\\\/\\\/sandsiv.com\\\/#\\\/schema\\\/logo\\\/image\\\/\"}}]}<\/script>\n<!-- \/ Yoast SEO Premium plugin. -->","yoast_head_json":{"title":"Anwendungsf\u00e4lle - sandsiv+","description":"Anwendungsf\u00e4lle: Entdecken Sie die bew\u00e4hrten Methoden von sandsiv+, um den Erfolg Ihres Unternehmens zu steigern.","robots":{"index":"index","follow":"follow","max-snippet":"max-snippet:-1","max-image-preview":"max-image-preview:large","max-video-preview":"max-video-preview:-1"},"canonical":"https:\/\/sandsiv.com\/de\/anwendungsfaelle\/","og_locale":"de_DE","og_type":"article","og_title":"Anwendungsf\u00e4lle","og_description":"Anwendungsf\u00e4lle: Entdecken Sie die bew\u00e4hrten Methoden von sandsiv+, um den Erfolg Ihres Unternehmens zu steigern.","og_url":"https:\/\/sandsiv.com\/de\/anwendungsfaelle\/","og_site_name":"sandsiv+","article_modified_time":"2024-08-12T15:13:01+00:00","twitter_card":"summary_large_image","twitter_misc":{"Gesch\u00e4tzte Lesezeit":"1 Minute"},"schema":{"@context":"https:\/\/schema.org","@graph":[{"@type":"WebPage","@id":"https:\/\/sandsiv.com\/de\/anwendungsfaelle\/","url":"https:\/\/sandsiv.com\/de\/anwendungsfaelle\/","name":"Anwendungsf\u00e4lle - sandsiv+","isPartOf":{"@id":"https:\/\/sandsiv.com\/#website"},"primaryImageOfPage":{"@id":"https:\/\/sandsiv.com\/de\/anwendungsfaelle\/#primaryimage"},"image":{"@id":"https:\/\/sandsiv.com\/de\/anwendungsfaelle\/#primaryimage"},"thumbnailUrl":"https:\/\/sandsiv.com\/wp-content\/uploads\/2023\/12\/sandsiv_use_cases_head.png","datePublished":"2023-12-11T14:09:27+00:00","dateModified":"2024-08-12T15:13:01+00:00","description":"Anwendungsf\u00e4lle: Entdecken Sie die bew\u00e4hrten Methoden von sandsiv+, um den Erfolg Ihres Unternehmens zu steigern.","breadcrumb":{"@id":"https:\/\/sandsiv.com\/de\/anwendungsfaelle\/#breadcrumb"},"inLanguage":"de-DE","potentialAction":[{"@type":"ReadAction","target":["https:\/\/sandsiv.com\/de\/anwendungsfaelle\/"]}]},{"@type":"ImageObject","inLanguage":"de-DE","@id":"https:\/\/sandsiv.com\/de\/anwendungsfaelle\/#primaryimage","url":"https:\/\/sandsiv.com\/wp-content\/uploads\/2023\/12\/sandsiv_use_cases_head.png","contentUrl":"https:\/\/sandsiv.com\/wp-content\/uploads\/2023\/12\/sandsiv_use_cases_head.png","width":1233,"height":1286,"caption":"sandsiv_use_cases_head"},{"@type":"BreadcrumbList","@id":"https:\/\/sandsiv.com\/de\/anwendungsfaelle\/#breadcrumb","itemListElement":[{"@type":"ListItem","position":1,"name":"Home","item":"https:\/\/sandsiv.com\/de\/"},{"@type":"ListItem","position":2,"name":"Anwendungsf\u00e4lle"}]},{"@type":"WebSite","@id":"https:\/\/sandsiv.com\/#website","url":"https:\/\/sandsiv.com\/","name":"sandsiv+","description":"Customer Intelligence Made In Switzerland","publisher":{"@id":"https:\/\/sandsiv.com\/#organization"},"potentialAction":[{"@type":"SearchAction","target":{"@type":"EntryPoint","urlTemplate":"https:\/\/sandsiv.com\/?s={search_term_string}"},"query-input":{"@type":"PropertyValueSpecification","valueRequired":true,"valueName":"search_term_string"}}],"inLanguage":"de-DE"},{"@type":"Organization","@id":"https:\/\/sandsiv.com\/#organization","name":"sandsiv+","url":"https:\/\/sandsiv.com\/","logo":{"@type":"ImageObject","inLanguage":"de-DE","@id":"https:\/\/sandsiv.com\/#\/schema\/logo\/image\/","url":"https:\/\/sandsiv.com\/wp-content\/uploads\/2021\/08\/logo-light-normal.svg","contentUrl":"https:\/\/sandsiv.com\/wp-content\/uploads\/2021\/08\/logo-light-normal.svg","width":376,"height":67,"caption":"sandsiv+"},"image":{"@id":"https:\/\/sandsiv.com\/#\/schema\/logo\/image\/"}}]}},"_links":{"self":[{"href":"https:\/\/sandsiv.com\/de\/wp-json\/wp\/v2\/pages\/11762","targetHints":{"allow":["GET"]}}],"collection":[{"href":"https:\/\/sandsiv.com\/de\/wp-json\/wp\/v2\/pages"}],"about":[{"href":"https:\/\/sandsiv.com\/de\/wp-json\/wp\/v2\/types\/page"}],"author":[{"embeddable":true,"href":"https:\/\/sandsiv.com\/de\/wp-json\/wp\/v2\/users\/5"}],"replies":[{"embeddable":true,"href":"https:\/\/sandsiv.com\/de\/wp-json\/wp\/v2\/comments?post=11762"}],"version-history":[{"count":0,"href":"https:\/\/sandsiv.com\/de\/wp-json\/wp\/v2\/pages\/11762\/revisions"}],"wp:featuredmedia":[{"embeddable":true,"href":"https:\/\/sandsiv.com\/de\/wp-json\/wp\/v2\/media\/11786"}],"wp:attachment":[{"href":"https:\/\/sandsiv.com\/de\/wp-json\/wp\/v2\/media?parent=11762"}],"curies":[{"name":"wp","href":"https:\/\/api.w.org\/{rel}","templated":true}]}}