
{"id":11571,"date":"2023-12-04T08:36:40","date_gmt":"2023-12-04T08:36:40","guid":{"rendered":"https:\/\/sandsiv.com\/?page_id=11571"},"modified":"2023-12-04T08:41:19","modified_gmt":"2023-12-04T08:41:19","slug":"kundenerlebnis-im-banken-und-finanzsektor","status":"publish","type":"page","link":"https:\/\/sandsiv.com\/de\/der-blog\/kundenerlebnis-im-banken-und-finanzsektor\/","title":{"rendered":"Kundenerlebnis im Banken- und Finanzsektor"},"content":{"rendered":"<div id=\"banner-block_5edef46324408100645a9a523d72c304\"\r\n    class=\"banner scroll-fade\">\r\n    <div\r\n        class=\"module mt_0  mb_0\">\r\n        <div class=\"container\">\r\n            <div class=\"banner__inner\">\r\n                <div class=\"banner__data\">\r\n                                        <h1 class=\"heading\">Kundenerlebnis im Banken- und Finanzsektor<strong\r\n                            class=\"heading_red\">Artikel<\/strong>                    <\/h1>\r\n                                                            <div class=\"description\">4. Dezember 2023 &#8211; Vier wichtige Tipps zur Verbesserung des Kundenerlebnisses im Banken- und Finanzsektor\r\n                    <\/div>                                                            <div class=\"banner__button\">\r\n                        <a href=\"https:\/\/sandsiv.com\/it\/richiedi-una-demo\/\"\r\n                            class=\"btn\" _self                            >Richiedi una demo<\/a>\r\n                    <\/div>\r\n                                                                            <\/div>\r\n                <div class=\"banner__media\">\r\n                                        <div class=\"banner__image\">\r\n                        <picture class=\"image\">\r\n                            <source srcset=\"\">\r\n                            <img decoding=\"async\" src=\"\"\r\n                                alt=\"\" \/>\r\n                        <\/picture>\r\n                    <\/div>\r\n                                                                            <\/div>\r\n            <\/div>\r\n        <\/div>\r\n    <\/div>\r\n<\/div>\n\n\r\n<div id=\"frames_section-block_11c35eb80a13f07433896ce4c27dabce\" class=\"frames_section scroll-fade\">\r\n    <div class=\"module mt_0  mb_0\">  \r\n        <div class=\"bg_clr_section bg_clr_red\">               \r\n            <div class=\"container\">\r\n                <div class=\"frames_section_inner\"> \r\n                                                                <div class=\"text\">\r\n                            <p>Wir zeigen die Schl\u00fcssel f\u00fcr ein zufriedenstellendes <strong>Kundenerlebnis bei Bank- und Finanzdienstleistungen<\/strong> auf, wobei wir die gro\u00dfe Bedeutung ber\u00fccksichtigen, die die B\u00fcrger ihren pers\u00f6nlichen Finanzen beimessen.<\/p>\n                        <\/div>\r\n                                                        <\/div>\r\n            <\/div>\r\n        <\/div>\r\n    <\/div>\r\n<\/div>\n\n\r\n<div id=\"blog_post_content-block_64f462ed602d7529f456867b15cbb207\" class=\"blog_post_content scroll-fade\">\r\n    <div class=\"module \">\r\n\r\n                            <div class=\"container container--medium\">\r\n                        \r\n            <div class=\"blog_post_content_inner\"> \r\n                                    <div class=\"heading_section\">\r\n                        <div class=\"heading_text h1\">\r\n                            <Div style = \"visibility: hidden\"> <\/ div>                        <\/div>\r\n                    <\/div>\r\n                                                    <div class=\"content_section\">\r\n                        <p>Die Finanzbranche hat in den letzten Jahren eine beispiellose Entwicklung durchlaufen. Der traditionell <strong>sehr &#8220;traditionelle&#8221; Sektor<\/strong> musste sich anpassen, um den Anforderungen und Erwartungen der Kunden gerecht zu werden, insbesondere seit der Digitalisierung. Die Nutzer von Finanzdienstleistungen sind nicht mehr nur auf der Suche nach soliden Transaktionen und Produkten, sondern erwarten jetzt bei jeder Interaktion mit ihrer Bank <strong>ein umfassendes, personalisiertes und flexibles Erlebnis.<\/strong><\/p>\n<p>In diesem neuen Szenario haben sich innovative L\u00f6sungen f\u00fcr das H\u00f6ren auf die <strong>Stimme des Kunden (Voice of the Customer, VoC), angetrieben durch k\u00fcnstliche Intelligenz (AI)<\/strong>, als Schl\u00fcsselelemente f\u00fcr Banken und Finanzdienstleistungen herauskristallisiert, um die tats\u00e4chlichen Bed\u00fcrfnisse ihrer Kunden zu verstehen.<\/p>\n<h4><span style=\"color: #bf2025;\">Schl\u00fcssel zur Verbesserung des Kundenerlebnisses im Bank- und Finanzsektor<\/span><\/h4>\n<p>Wie <strong>Alejandro Conejero<\/strong>, Manager f\u00fcr strategische Allianzen und Ausschreibungen bei SANDSIV, erl\u00e4utert, gibt es vier wesentliche Ma\u00dfnahmen, um die Beziehung zwischen dem Kunden und seinem Bankinstitut zu festigen und eine zufriedenstellende, auf Vertrauen basierende Erfahrung zu gew\u00e4hrleisten:<\/p>\n<ol>\n<li>Personalisierte Betreuung, <strong>jeder Kunde ist einzigartig<\/strong>: Voice-of-the-Customer-Tools k\u00f6nnen eine gro\u00dfe Menge an Daten aus fr\u00fcheren Interaktionen, Vorlieben und Verhaltensweisen jedes Kunden sammeln. Die Anwendung von KI und Datenanalyse ist f\u00fcr Banken unerl\u00e4sslich, um ihre Kunden wirklich zu verstehen. &#8220;<em>Technologiel\u00f6sungen wie sandsiv+ bieten eine umfassende Sammlung von Feedback \u00fcber mehrere Kan\u00e4le hinweg<\/em>&#8220;, so Alejandro. Dies erm\u00f6glicht es uns, jedes Kundenprofil besser zu verstehen, kritische Punkte in der Kundenerfahrung zu identifizieren und Finanzdienstleistungen auf die Bed\u00fcrfnisse jedes Kunden zuzuschneiden.<\/li>\n<li>Sofortige L\u00f6sungen <strong>in Echtzeit<\/strong>: In einer immer schnelllebigeren Welt akzeptieren die B\u00fcrger keine langen Warteschlangen in ihrer Filiale oder endlose Anrufe in der Warteschleife, um Fragen zu kl\u00e4ren. VoC-L\u00f6sungen k\u00f6nnen Chatbots mit Funktionen f\u00fcr maschinelles Lernen und nat\u00fcrliche Sprachverarbeitung (NLP) umfassen, die schnelle und pr\u00e4zise Antworten liefern. Dar\u00fcber hinaus nutzen die Mitarbeiter das Potenzial dieser Tools, indem sie deren adaptive Dashboards verwenden, die in der Lage sind, die erfassten Erkenntnisse mit internen CRM-Daten zusammenzuf\u00fchren. Wie Alejandro sagt, &#8220;ist dies wichtig, um sie in die Lage zu versetzen, bei Kundenproblemen eigenst\u00e4ndig agile und effektive Entscheidungen zu treffen&#8221;.<\/li>\n<li>Bedienung des Kunden <strong>\u00fcber alle verf\u00fcgbaren Kan\u00e4le<\/strong>: Die Implementierung von VoC-L\u00f6sungen \u00fcber mehrere Kan\u00e4le (z. B. Anrufe, Online-Chats, soziale Medien usw.) gew\u00e4hrleistet eine konsistente und nahtlose Erfahrung. Die F\u00e4higkeit von Technologiel\u00f6sungen wie sandsiv+, sich in bestehende Systeme zu integrieren, ist der Schl\u00fcssel zur Erfassung und Messung von Feedback an verschiedenen Ber\u00fchrungspunkten, \u00fcber alle Kan\u00e4le und w\u00e4hrend der gesamten Customer Journey.<\/li>\n<li><strong>Aufbau eines Vertrauensverh\u00e4ltnisses<\/strong>: VoC-Tools helfen dabei, das Vertrauen in das Bankwesen zu st\u00e4rken, indem sie Verhaltensmuster identifizieren, die auf potenzielle Probleme und Verbesserungsm\u00f6glichkeiten hinweisen. Dies ist eine Herausforderung f\u00fcr Unternehmen, die in mehreren L\u00e4ndern t\u00e4tig sind und Millionen von Daten erfassen und analysieren m\u00fcssen. Ein italienisches <span style=\"color: #bf2025;\"><a style=\"color: #bf2025;\" href=\"https:\/\/sandsiv.com\/de\/kunden-erfolgsgeschichten\/paytech-unternehmen\/\">PayTech-Unternehmen<\/a><\/span>, das sich auf digitale Omnikanal-Zahlungen spezialisiert hat und mehr als 2 Millionen H\u00e4ndler und etwa 21. 21 Milliarden Transaktionen pro Jahr, ging eine Partnerschaft mit SANDSIV ein, um alle strukturierten Datenquellen zu automatisieren und zu vereinheitlichen, und war in der Lage, mehr als 4 Millionen Umfragen zu versenden und alle Organisationseinheiten der Business-to-Business- (B2B) und Business-to-Customer-Kan\u00e4le (B2C) auf einer einzigen Plattform zu zentralisieren, was es ihnen erm\u00f6glichte, Kundendaten nach Stimmung und Thema zu analysieren und somit die Beziehung von Vertrauen und Engagement zu st\u00e4rken.<\/li>\n<\/ol>\n<p><strong>Vertrauen und finanzielle Stabilit\u00e4t<\/strong> sind daher f\u00fcr die B\u00fcrgerinnen und B\u00fcrger von entscheidender Bedeutung. Die Sensibilit\u00e4t f\u00fcr wirtschaftliche Fragen macht das Vertrauen zu einem entscheidenden Element in der Beziehung zwischen Banken und Kunden. F\u00fcr sie kann jeder R\u00fcckschlag oder jedes Missgeschick in diesem Bereich einen sehr negativen Eindruck hinterlassen und ihre Loyalit\u00e4t beeintr\u00e4chtigen. Daher sind <strong>innovative L\u00f6sungen f\u00fcr das H\u00f6ren auf die Stimme des Kunden<\/strong> besonders wichtig, um <strong>diese Herausforderungen zu bew\u00e4ltigen<\/strong>, eine langfristige Vertrauensbeziehung zu schaffen und ein wirklich zufriedenstellendes Kundenerlebnis zu bieten.<\/p>\n                    <\/div>\r\n                            <\/div>\r\n        <\/div>\r\n    <\/div>\r\n<\/div>\n\n\r\n<div id=\"blog_post_content-block_2a16ad8efe9a0bc26e1d6c3dd096f213\" class=\"blog_post_content scroll-fade\">\r\n    <div class=\"module \">\r\n\r\n                    <div class=\"container\">\r\n                                \r\n            <div class=\"blog_post_content_inner\"> \r\n                                    <div class=\"heading_section\">\r\n                        <div class=\"heading_text h1\">\r\n                            Kundenerlebnis im Banken- und Finanzsektor                        <\/div>\r\n                    <\/div>\r\n                                                    <div class=\"content_section\">\r\n                        <h5>KONTAKT:<span style=\"font-weight: 400;\"><br \/>\n<\/span><a href=\"mailto:media@sandsiv.com\"><b>media@SANDSIV.com<\/b><\/a><\/h5>\n                    <\/div>\r\n                            <\/div>\r\n        <\/div>\r\n    <\/div>\r\n<\/div>\n\n\r\n<div id=\"frames_section-block_867a86915764ede5a932146a64dc6ccb\" class=\"frames_section scroll-fade\">\r\n    <div class=\"module mt_0  mb_0\">  \r\n        <div class=\"bg_clr_section bg_clr_red\">               \r\n            <div class=\"container\">\r\n                <div class=\"frames_section_inner\"> \r\n                                            <div class=\"heading\">\r\n                            Beginnen Sie jetzt mit sandsiv+ zu wachsen                        <\/div>\r\n                                                                                    <div class=\"button_section\">\r\n                            <a class=\"btn btn--white \" href=\"https:\/\/sandsiv.com\/de\/demo-anfordern\/\" >\r\n                                Demo anfordern                            <\/a>\r\n                        <\/div>\r\n                                    <\/div>\r\n            <\/div>\r\n        <\/div>\r\n    <\/div>\r\n<\/div>","protected":false},"excerpt":{"rendered":"","protected":false},"author":3,"featured_media":11591,"parent":10507,"menu_order":0,"comment_status":"closed","ping_status":"closed","template":"","meta":{"content-type":"","footnotes":""},"class_list":["post-11571","page","type-page","status-publish","has-post-thumbnail","hentry"],"acf":[],"yoast_head":"<!-- This site is optimized with the Yoast SEO Premium plugin v26.9 (Yoast SEO v27.5) - https:\/\/yoast.com\/product\/yoast-seo-premium-wordpress\/ -->\n<title>Kundenerlebnis im Banken- und Finanzsektor - sandsiv+<\/title>\n<meta name=\"description\" content=\"Wir pr\u00e4sentieren die Schl\u00fcssel f\u00fcr eine zufriedenstellende Kundenerfahrung bei Bank- und Finanzdienstleistungen.\" \/>\n<meta name=\"robots\" content=\"index, follow, max-snippet:-1, max-image-preview:large, max-video-preview:-1\" \/>\n<link rel=\"canonical\" href=\"https:\/\/sandsiv.com\/de\/der-blog\/kundenerlebnis-im-banken-und-finanzsektor\/\" \/>\n<meta property=\"og:locale\" content=\"de_DE\" \/>\n<meta property=\"og:type\" content=\"article\" \/>\n<meta property=\"og:title\" content=\"Kundenerlebnis im Banken- und Finanzsektor\" \/>\n<meta property=\"og:description\" content=\"Wir pr\u00e4sentieren die Schl\u00fcssel f\u00fcr eine zufriedenstellende Kundenerfahrung bei Bank- und Finanzdienstleistungen.\" \/>\n<meta property=\"og:url\" content=\"https:\/\/sandsiv.com\/de\/der-blog\/kundenerlebnis-im-banken-und-finanzsektor\/\" \/>\n<meta property=\"og:site_name\" content=\"sandsiv+\" \/>\n<meta property=\"article:modified_time\" content=\"2023-12-04T08:41:19+00:00\" \/>\n<meta property=\"og:image\" content=\"https:\/\/sandsiv.com\/wp-content\/uploads\/2023\/12\/unnamed-3-scaled.jpg\" \/>\n\t<meta property=\"og:image:width\" content=\"2560\" \/>\n\t<meta property=\"og:image:height\" content=\"1706\" \/>\n\t<meta property=\"og:image:type\" content=\"image\/jpeg\" \/>\n<meta name=\"twitter:card\" content=\"summary_large_image\" \/>\n<script type=\"application\/ld+json\" class=\"yoast-schema-graph\">{\"@context\":\"https:\\\/\\\/schema.org\",\"@graph\":[{\"@type\":\"WebPage\",\"@id\":\"https:\\\/\\\/sandsiv.com\\\/de\\\/der-blog\\\/kundenerlebnis-im-banken-und-finanzsektor\\\/\",\"url\":\"https:\\\/\\\/sandsiv.com\\\/de\\\/der-blog\\\/kundenerlebnis-im-banken-und-finanzsektor\\\/\",\"name\":\"Kundenerlebnis im Banken- und Finanzsektor - sandsiv+\",\"isPartOf\":{\"@id\":\"https:\\\/\\\/sandsiv.com\\\/#website\"},\"primaryImageOfPage\":{\"@id\":\"https:\\\/\\\/sandsiv.com\\\/de\\\/der-blog\\\/kundenerlebnis-im-banken-und-finanzsektor\\\/#primaryimage\"},\"image\":{\"@id\":\"https:\\\/\\\/sandsiv.com\\\/de\\\/der-blog\\\/kundenerlebnis-im-banken-und-finanzsektor\\\/#primaryimage\"},\"thumbnailUrl\":\"https:\\\/\\\/sandsiv.com\\\/wp-content\\\/uploads\\\/2023\\\/12\\\/unnamed-3-scaled-e1703673686669.jpg\",\"datePublished\":\"2023-12-04T08:36:40+00:00\",\"dateModified\":\"2023-12-04T08:41:19+00:00\",\"description\":\"Wir pr\u00e4sentieren die Schl\u00fcssel f\u00fcr eine zufriedenstellende Kundenerfahrung bei Bank- und Finanzdienstleistungen.\",\"breadcrumb\":{\"@id\":\"https:\\\/\\\/sandsiv.com\\\/de\\\/der-blog\\\/kundenerlebnis-im-banken-und-finanzsektor\\\/#breadcrumb\"},\"inLanguage\":\"de-DE\",\"potentialAction\":[{\"@type\":\"ReadAction\",\"target\":[\"https:\\\/\\\/sandsiv.com\\\/de\\\/der-blog\\\/kundenerlebnis-im-banken-und-finanzsektor\\\/\"]}]},{\"@type\":\"ImageObject\",\"inLanguage\":\"de-DE\",\"@id\":\"https:\\\/\\\/sandsiv.com\\\/de\\\/der-blog\\\/kundenerlebnis-im-banken-und-finanzsektor\\\/#primaryimage\",\"url\":\"https:\\\/\\\/sandsiv.com\\\/wp-content\\\/uploads\\\/2023\\\/12\\\/unnamed-3-scaled-e1703673686669.jpg\",\"contentUrl\":\"https:\\\/\\\/sandsiv.com\\\/wp-content\\\/uploads\\\/2023\\\/12\\\/unnamed-3-scaled-e1703673686669.jpg\",\"width\":2560,\"height\":1706,\"caption\":\"sandsiv blog article bank insurance\"},{\"@type\":\"BreadcrumbList\",\"@id\":\"https:\\\/\\\/sandsiv.com\\\/de\\\/der-blog\\\/kundenerlebnis-im-banken-und-finanzsektor\\\/#breadcrumb\",\"itemListElement\":[{\"@type\":\"ListItem\",\"position\":1,\"name\":\"Home\",\"item\":\"https:\\\/\\\/sandsiv.com\\\/de\\\/\"},{\"@type\":\"ListItem\",\"position\":2,\"name\":\"Der Blog\",\"item\":\"https:\\\/\\\/sandsiv.com\\\/de\\\/der-blog\\\/\"},{\"@type\":\"ListItem\",\"position\":3,\"name\":\"Kundenerlebnis im Banken- und Finanzsektor\"}]},{\"@type\":\"WebSite\",\"@id\":\"https:\\\/\\\/sandsiv.com\\\/#website\",\"url\":\"https:\\\/\\\/sandsiv.com\\\/\",\"name\":\"sandsiv+\",\"description\":\"Customer Intelligence Made In Switzerland\",\"publisher\":{\"@id\":\"https:\\\/\\\/sandsiv.com\\\/#organization\"},\"potentialAction\":[{\"@type\":\"SearchAction\",\"target\":{\"@type\":\"EntryPoint\",\"urlTemplate\":\"https:\\\/\\\/sandsiv.com\\\/?s={search_term_string}\"},\"query-input\":{\"@type\":\"PropertyValueSpecification\",\"valueRequired\":true,\"valueName\":\"search_term_string\"}}],\"inLanguage\":\"de-DE\"},{\"@type\":\"Organization\",\"@id\":\"https:\\\/\\\/sandsiv.com\\\/#organization\",\"name\":\"sandsiv+\",\"url\":\"https:\\\/\\\/sandsiv.com\\\/\",\"logo\":{\"@type\":\"ImageObject\",\"inLanguage\":\"de-DE\",\"@id\":\"https:\\\/\\\/sandsiv.com\\\/#\\\/schema\\\/logo\\\/image\\\/\",\"url\":\"https:\\\/\\\/sandsiv.com\\\/wp-content\\\/uploads\\\/2021\\\/08\\\/logo-light-normal.svg\",\"contentUrl\":\"https:\\\/\\\/sandsiv.com\\\/wp-content\\\/uploads\\\/2021\\\/08\\\/logo-light-normal.svg\",\"width\":376,\"height\":67,\"caption\":\"sandsiv+\"},\"image\":{\"@id\":\"https:\\\/\\\/sandsiv.com\\\/#\\\/schema\\\/logo\\\/image\\\/\"}}]}<\/script>\n<!-- \/ Yoast SEO Premium plugin. -->","yoast_head_json":{"title":"Kundenerlebnis im Banken- und Finanzsektor - sandsiv+","description":"Wir pr\u00e4sentieren die Schl\u00fcssel f\u00fcr eine zufriedenstellende Kundenerfahrung bei Bank- und Finanzdienstleistungen.","robots":{"index":"index","follow":"follow","max-snippet":"max-snippet:-1","max-image-preview":"max-image-preview:large","max-video-preview":"max-video-preview:-1"},"canonical":"https:\/\/sandsiv.com\/de\/der-blog\/kundenerlebnis-im-banken-und-finanzsektor\/","og_locale":"de_DE","og_type":"article","og_title":"Kundenerlebnis im Banken- und Finanzsektor","og_description":"Wir pr\u00e4sentieren die Schl\u00fcssel f\u00fcr eine zufriedenstellende Kundenerfahrung bei Bank- und Finanzdienstleistungen.","og_url":"https:\/\/sandsiv.com\/de\/der-blog\/kundenerlebnis-im-banken-und-finanzsektor\/","og_site_name":"sandsiv+","article_modified_time":"2023-12-04T08:41:19+00:00","og_image":[{"width":2560,"height":1706,"url":"https:\/\/sandsiv.com\/wp-content\/uploads\/2023\/12\/unnamed-3-scaled.jpg","type":"image\/jpeg"}],"twitter_card":"summary_large_image","schema":{"@context":"https:\/\/schema.org","@graph":[{"@type":"WebPage","@id":"https:\/\/sandsiv.com\/de\/der-blog\/kundenerlebnis-im-banken-und-finanzsektor\/","url":"https:\/\/sandsiv.com\/de\/der-blog\/kundenerlebnis-im-banken-und-finanzsektor\/","name":"Kundenerlebnis im Banken- und Finanzsektor - sandsiv+","isPartOf":{"@id":"https:\/\/sandsiv.com\/#website"},"primaryImageOfPage":{"@id":"https:\/\/sandsiv.com\/de\/der-blog\/kundenerlebnis-im-banken-und-finanzsektor\/#primaryimage"},"image":{"@id":"https:\/\/sandsiv.com\/de\/der-blog\/kundenerlebnis-im-banken-und-finanzsektor\/#primaryimage"},"thumbnailUrl":"https:\/\/sandsiv.com\/wp-content\/uploads\/2023\/12\/unnamed-3-scaled-e1703673686669.jpg","datePublished":"2023-12-04T08:36:40+00:00","dateModified":"2023-12-04T08:41:19+00:00","description":"Wir pr\u00e4sentieren die Schl\u00fcssel f\u00fcr eine zufriedenstellende Kundenerfahrung bei Bank- und Finanzdienstleistungen.","breadcrumb":{"@id":"https:\/\/sandsiv.com\/de\/der-blog\/kundenerlebnis-im-banken-und-finanzsektor\/#breadcrumb"},"inLanguage":"de-DE","potentialAction":[{"@type":"ReadAction","target":["https:\/\/sandsiv.com\/de\/der-blog\/kundenerlebnis-im-banken-und-finanzsektor\/"]}]},{"@type":"ImageObject","inLanguage":"de-DE","@id":"https:\/\/sandsiv.com\/de\/der-blog\/kundenerlebnis-im-banken-und-finanzsektor\/#primaryimage","url":"https:\/\/sandsiv.com\/wp-content\/uploads\/2023\/12\/unnamed-3-scaled-e1703673686669.jpg","contentUrl":"https:\/\/sandsiv.com\/wp-content\/uploads\/2023\/12\/unnamed-3-scaled-e1703673686669.jpg","width":2560,"height":1706,"caption":"sandsiv blog article bank insurance"},{"@type":"BreadcrumbList","@id":"https:\/\/sandsiv.com\/de\/der-blog\/kundenerlebnis-im-banken-und-finanzsektor\/#breadcrumb","itemListElement":[{"@type":"ListItem","position":1,"name":"Home","item":"https:\/\/sandsiv.com\/de\/"},{"@type":"ListItem","position":2,"name":"Der Blog","item":"https:\/\/sandsiv.com\/de\/der-blog\/"},{"@type":"ListItem","position":3,"name":"Kundenerlebnis im Banken- und Finanzsektor"}]},{"@type":"WebSite","@id":"https:\/\/sandsiv.com\/#website","url":"https:\/\/sandsiv.com\/","name":"sandsiv+","description":"Customer Intelligence Made In Switzerland","publisher":{"@id":"https:\/\/sandsiv.com\/#organization"},"potentialAction":[{"@type":"SearchAction","target":{"@type":"EntryPoint","urlTemplate":"https:\/\/sandsiv.com\/?s={search_term_string}"},"query-input":{"@type":"PropertyValueSpecification","valueRequired":true,"valueName":"search_term_string"}}],"inLanguage":"de-DE"},{"@type":"Organization","@id":"https:\/\/sandsiv.com\/#organization","name":"sandsiv+","url":"https:\/\/sandsiv.com\/","logo":{"@type":"ImageObject","inLanguage":"de-DE","@id":"https:\/\/sandsiv.com\/#\/schema\/logo\/image\/","url":"https:\/\/sandsiv.com\/wp-content\/uploads\/2021\/08\/logo-light-normal.svg","contentUrl":"https:\/\/sandsiv.com\/wp-content\/uploads\/2021\/08\/logo-light-normal.svg","width":376,"height":67,"caption":"sandsiv+"},"image":{"@id":"https:\/\/sandsiv.com\/#\/schema\/logo\/image\/"}}]}},"_links":{"self":[{"href":"https:\/\/sandsiv.com\/de\/wp-json\/wp\/v2\/pages\/11571","targetHints":{"allow":["GET"]}}],"collection":[{"href":"https:\/\/sandsiv.com\/de\/wp-json\/wp\/v2\/pages"}],"about":[{"href":"https:\/\/sandsiv.com\/de\/wp-json\/wp\/v2\/types\/page"}],"author":[{"embeddable":true,"href":"https:\/\/sandsiv.com\/de\/wp-json\/wp\/v2\/users\/3"}],"replies":[{"embeddable":true,"href":"https:\/\/sandsiv.com\/de\/wp-json\/wp\/v2\/comments?post=11571"}],"version-history":[{"count":0,"href":"https:\/\/sandsiv.com\/de\/wp-json\/wp\/v2\/pages\/11571\/revisions"}],"up":[{"embeddable":true,"href":"https:\/\/sandsiv.com\/de\/wp-json\/wp\/v2\/pages\/10507"}],"wp:featuredmedia":[{"embeddable":true,"href":"https:\/\/sandsiv.com\/de\/wp-json\/wp\/v2\/media\/11591"}],"wp:attachment":[{"href":"https:\/\/sandsiv.com\/de\/wp-json\/wp\/v2\/media?parent=11571"}],"curies":[{"name":"wp","href":"https:\/\/api.w.org\/{rel}","templated":true}]}}