
{"id":11471,"date":"2023-11-23T14:52:43","date_gmt":"2023-11-23T14:52:43","guid":{"rendered":"https:\/\/sandsiv.com\/?page_id=11471"},"modified":"2023-11-23T15:14:31","modified_gmt":"2023-11-23T15:14:31","slug":"sandsiv-kann-ihnen-helfen-db","status":"publish","type":"page","link":"https:\/\/sandsiv.com\/de\/sandsiv-kann-ihnen-helfen-db\/","title":{"rendered":"&#8211; sandsiv+ kann Ihnen helfen: DB"},"content":{"rendered":"<div id=\"banner-block_a3763a12fb90d80cf52d526db2a6a003\"\r\n    class=\"banner scroll-fade\">\r\n    <div\r\n        class=\"module mt_0  mb_0\">\r\n        <div class=\"container\">\r\n            <div class=\"banner__inner\">\r\n                <div class=\"banner__data\">\r\n                                        <h1 class=\"heading\">sandsiv+ kann Ihnen helfen:<strong\r\n                            class=\"heading_red\">Deutsche Bahn<\/strong>                    <\/h1>\r\n                                                            <div class=\"description\">Wir sind Technologie, aber genauso wie Ihr, <b>stellen wir den Menschen in den Mittelpunkt<\/b>. Es ist nun an der Zeit, dies zu \u00fcberpr\u00fcfen. Geben Sie uns die M\u00f6glichkeit, <b>Deutsche Bahn<\/b> zu unterst\u00fctzen und Ihr Ziel zu verwirklichen.                     <\/div>                                                            <div class=\"banner__button\">\r\n                        <a href=\"https:\/\/sandsiv.com\/de\/demo-anfordern\/\"\r\n                            class=\"btn\" _self                            >Demo anfordern<\/a>\r\n                    <\/div>\r\n                                                                            <\/div>\r\n                <div class=\"banner__media\">\r\n                                                            <div class=\"banner__video\">\r\n                        <div class=\"video\">\r\n                            <video autoplay loop muted>\r\n                                <source\r\n                                    src=\"https:\/\/sandsiv.com\/wp-content\/uploads\/2023\/11\/Headers.mp4\"\r\n                                    type=\"video\/mp4\" \/>\r\n                                <source\r\n                                    src=\"https:\/\/sandsiv.com\/wp-content\/uploads\/2023\/11\/Headers.mp4\"\r\n                                    type=\"video\/webm\" \/>\r\n                            <\/video>\r\n                        <\/div>\r\n                    <\/div>\r\n                                                        <\/div>\r\n            <\/div>\r\n        <\/div>\r\n    <\/div>\r\n<\/div>\n\n\r\n<div id=\"logo_section-block_be9ece5b5b84f985b9942402302d3888\" class=\"logo_section scroll-fade\">\r\n    <div class=\"module mt_0 \">  \r\n        <div class=\"bg_clr_section bg_clr_red\">               \r\n            <div class=\"container container--medium\">\r\n                <div class=\"logo_section_inner\"> \r\n                    <div class=\"heading_section\"> \r\n                                                    <div class=\"sub_heading h4\">\r\n                                Einige unserer Kunden                            <\/div>\r\n                                                                            <div class=\"heading h1\">\r\n                                Weltweit f\u00fchrende Transportunternehmen                            <\/div>\r\n                                            <\/div>\r\n                                            <div class=\"logo_list columns_5\">\r\n                                                            \r\n                                                                    <div class=\"item\">\r\n                                            <img decoding=\"async\" src=\"https:\/\/sandsiv.com\/wp-content\/uploads\/2021\/08\/industry-Pharma-sandsiv-1-1.svg\" alt=\"\" \/>\r\n                                    <\/div>\r\n                                                                \r\n                                                            \r\n                                                                    <div class=\"item\">\r\n                                            <img decoding=\"async\" src=\"https:\/\/sandsiv.com\/wp-content\/uploads\/2021\/08\/sandsiv_client_Lufthansa.svg\" alt=\"\" \/>\r\n                                    <\/div>\r\n                                                                \r\n                                                            \r\n                                                                    <div class=\"item\">\r\n                                            <img decoding=\"async\" src=\"https:\/\/sandsiv.com\/wp-content\/uploads\/2021\/08\/sandsiv_client_Emirates2.svg\" alt=\"\" \/>\r\n                                    <\/div>\r\n                                                                \r\n                                                            \r\n                                                                    <div class=\"item\">\r\n                                            <img decoding=\"async\" src=\"https:\/\/sandsiv.com\/wp-content\/uploads\/2021\/08\/sandsiv_client_mobility-car-sharing.svg\" alt=\"\" \/>\r\n                                    <\/div>\r\n                                                                \r\n                                                            \r\n                                                                    <div class=\"item\">\r\n                                            <img decoding=\"async\" src=\"https:\/\/sandsiv.com\/wp-content\/uploads\/2021\/08\/industry-Pharma-sandsiv-.svg\" alt=\"\" \/>\r\n                                    <\/div>\r\n                                                                \r\n                                                    <\/div>\r\n                                    <\/div>\r\n            <\/div>\r\n        <\/div>\r\n    <\/div>\r\n<\/div>\n\n<div id=\"card-block_f6b15eb92912a2c50028ebb960401f0f\"\n    class=\"card scroll-fade\">\n    <div\n        class=\"module mt_0  mb_0\">\n        <div class=\"container\">\n            <div class=\"card__inner\">\n                <div class=\"card__header\">\n                                                            <h1\n                        class=\"heading heading__Big\">\n                        Was bringt Deutsche Bahn mit?                        <\/h4>                                         <\/div>\n                                <div\n                    class=\"card__news_list custom_list list_column3_icon\">\n                                        <div class=\"newsItem\">\n                        <div\n                            class=\"newsItem__inner isIcon\">\n                                                        <div class=\"icon\"\n                                >\n                                <img decoding=\"async\" src=\"https:\/\/sandsiv.com\/wp-content\/uploads\/2021\/08\/sandsiv_Insight_6.svg\"\n                                    alt=\"\" \/>\n                            <\/div>\n                                                        <div class=\"contant\">\n                                                                                                <div class=\"short_description\">\n                                    Ein aufregender Dialog, um zu erforschen, wie sandsiv+ Ihr Projekt f\u00f6rdern kann, <b>Ihre Ziele zu erreichen<\/b> und eine positive Umweltauswirkung zu erzielen. Wir betonen unser Engagement und stehen Ihnen bei, um Ihren Einsatz zu unterst\u00fctzen.                                                                <\/div>\n                                                                                                                                                            <\/div>\n                        <\/div>\n                    <\/div>\n                                        <div class=\"newsItem\">\n                        <div\n                            class=\"newsItem__inner isIcon\">\n                                                        <div class=\"icon\"\n                                >\n                                <img decoding=\"async\" src=\"https:\/\/sandsiv.com\/wp-content\/uploads\/2021\/08\/sandsiv_AdvancedDashboard_5.svg\"\n                                    alt=\"\" \/>\n                            <\/div>\n                                                        <div class=\"contant\">\n                                                                                                <div class=\"short_description\">\n                                    Die Live-Demonstration verdeutlicht, wie Sie aus unserer Plattform den maximalen Nutzen ziehen k\u00f6nnen und <b>die Schwachstellen Ihres Unternehmens identifizieren<\/b>. Dabei werden nicht nur die Stimmen Ihrer Kunden, sondern auch die Ihrer Mitarbeiter*innen geh\u00f6rt und gesch\u00e4tzt.                                                                <\/div>\n                                                                                                                                                            <\/div>\n                        <\/div>\n                    <\/div>\n                                        <div class=\"newsItem\">\n                        <div\n                            class=\"newsItem__inner isIcon\">\n                                                        <div class=\"icon\"\n                                >\n                                <img decoding=\"async\" src=\"https:\/\/sandsiv.com\/wp-content\/uploads\/2021\/08\/sandsiv_Insight_3.svg\"\n                                    alt=\"\" \/>\n                            <\/div>\n                                                        <div class=\"contant\">\n                                                                                                <div class=\"short_description\">\n                                    Ein lebhaftes Gespr\u00e4ch, um die zahlreichen Anwendungsm\u00f6glichkeiten Ihrer strategischen Ausrichtung zu erkunden. <b>Mit unserer KI und ihren Zielen<\/b> f\u00f6rdern wir gemeinsam soziales Engagement und \u00fcbernehmen Verantwortung f\u00fcr die Umwelt.                                                                <\/div>\n                                                                                                                                                            <\/div>\n                        <\/div>\n                    <\/div>\n                                    <\/div>\n                                                \n            <\/div>\n        <\/div>\n    <\/div>\n<\/div>\n\n\r\n<div id=\"forms_section-block_d00d214886e3134226db235daad56b95\" class=\"forms_section scroll-fade\">\r\n    <div class=\"module \">  \r\n        <div class=\"bg_clr_section bg_clr_white\">                \r\n            <div class=\"container\">\r\n                <div class=\"forms_inner\"> \r\n                                            <div class=\"heading_section heading_place_center\">\r\n                            <div class=\"heading_text h1\">\r\n                                Es ist Zeit f\u00fcr eine Demo                            <\/div>\r\n                        <\/div>\r\n                                                                <div class=\"contact_form_section\">\r\n                            <script type=\"text\/javascript\" src=\"https:\/\/mautic.sandsiv.com\/form\/generate.js?id=107\"><\/script>                        <\/div>\r\n                                    <\/div>\r\n            <\/div>\r\n        <\/div>\r\n    <\/div>\r\n<\/div>\n\n\r\n<div id=\"frames_section-block_492e37927a4d5091b3defcaae9ad557f\" class=\"frames_section scroll-fade\">\r\n    <div class=\"module  mb_0\">  \r\n        <div class=\"bg_clr_section bg_clr_red\">               \r\n            <div class=\"container\">\r\n                <div class=\"frames_section_inner\"> \r\n                                            <div class=\"heading\">\r\n                            Treffen Sie die CX-Revolution\u00e4re                        <\/div>\r\n                                                                <div class=\"text\">\r\n                            <p>Wir glauben an die Macht der Stimme des Kunden und an die positive Wirkung von CX auf die Unternehmensleistung.<\/p>\n                        <\/div>\r\n                                                                <div class=\"button_section\">\r\n                            <a class=\"btn btn--white \" href=\"https:\/\/sandsiv.com\/de\/kontakt-zu-cx-advisor\/\" >\r\n                                Kontaktieren Sie uns                            <\/a>\r\n                        <\/div>\r\n                                    <\/div>\r\n            <\/div>\r\n        <\/div>\r\n    <\/div>\r\n<\/div>\n\n\r\n<div id=\"logo_section-block_c04957d1b1c597185374808d8572a1e7\" class=\"logo_section scroll-fade\">\r\n    <div class=\"module mt_0  mb_0\">  \r\n        <div class=\"bg_clr_section bg_clr_black\">               \r\n            <div class=\"container container--medium\">\r\n                <div class=\"logo_section_inner\"> \r\n                    <div class=\"heading_section\"> \r\n                                                                            <div class=\"heading h1\">\r\n                                Auf internationaler Ebene anerkannt                            <\/div>\r\n                                            <\/div>\r\n                                            <div class=\"logo_list columns_6\">\r\n                                                            \r\n                                                                    <div class=\"item\">\r\n                                            <img decoding=\"async\" src=\"https:\/\/sandsiv.com\/wp-content\/uploads\/2021\/08\/sandsiv_logo_Gartner.svg\" alt=\"\" \/>\r\n                                    <\/div>\r\n                                                                \r\n                                                            \r\n                                                                    <div class=\"item\">\r\n                                            <img decoding=\"async\" src=\"https:\/\/sandsiv.com\/wp-content\/uploads\/2021\/08\/sandsiv_logo_Forrester.svg\" alt=\"\" \/>\r\n                                    <\/div>\r\n                                                                \r\n                                                            \r\n                                                                    <div class=\"item\">\r\n                                            <img decoding=\"async\" src=\"https:\/\/sandsiv.com\/wp-content\/uploads\/2021\/08\/sandsiv_logo_omdia.svg\" alt=\"\" \/>\r\n                                    <\/div>\r\n                                                                \r\n                                                            \r\n                                                                    <div class=\"item\">\r\n                                            <img decoding=\"async\" src=\"https:\/\/sandsiv.com\/wp-content\/uploads\/2023\/09\/infotech.png\" alt=\"\" \/>\r\n                                    <\/div>\r\n                                                                \r\n                                                            \r\n                                                                    <div class=\"item\">\r\n                                            <img decoding=\"async\" src=\"https:\/\/sandsiv.com\/wp-content\/uploads\/2023\/09\/quadrant.png\" alt=\"\" \/>\r\n                                    <\/div>\r\n                                                                \r\n                                                            \r\n                                                                    <div class=\"item\">\r\n                                            <img decoding=\"async\" src=\"https:\/\/sandsiv.com\/wp-content\/uploads\/2021\/08\/sandsiv-frostsullivan-logo.png\" alt=\"\" \/>\r\n                                    <\/div>\r\n                                                                \r\n                                                    <\/div>\r\n                                    <\/div>\r\n            <\/div>\r\n        <\/div>\r\n    <\/div>\r\n<\/div>","protected":false},"excerpt":{"rendered":"","protected":false},"author":3,"featured_media":0,"parent":0,"menu_order":0,"comment_status":"closed","ping_status":"closed","template":"","meta":{"content-type":"","footnotes":""},"class_list":["post-11471","page","type-page","status-publish","hentry"],"acf":[],"yoast_head":"<!-- This site is optimized with the Yoast SEO Premium plugin v26.9 (Yoast SEO v27.3) - https:\/\/yoast.com\/product\/yoast-seo-premium-wordpress\/ -->\n<title>- sandsiv+ kann Ihnen helfen: DB - sandsiv+<\/title>\n<meta name=\"description\" content=\"Fordern Sie eine Demo an, und wir zeigen Ihnen, wie unsere sandsiv+ Plattform Deutsch Bahn dabei helfen kann.\" \/>\n<meta name=\"robots\" content=\"index, follow, max-snippet:-1, max-image-preview:large, max-video-preview:-1\" \/>\n<link rel=\"canonical\" href=\"https:\/\/sandsiv.com\/de\/sandsiv-kann-ihnen-helfen-db\/\" \/>\n<meta property=\"og:locale\" content=\"de_DE\" \/>\n<meta property=\"og:type\" content=\"article\" \/>\n<meta property=\"og:title\" content=\"- sandsiv+ kann Ihnen helfen: DB\" \/>\n<meta property=\"og:description\" content=\"Fordern Sie eine Demo an, und wir zeigen Ihnen, wie unsere sandsiv+ Plattform Deutsch Bahn dabei helfen kann.\" \/>\n<meta property=\"og:url\" content=\"https:\/\/sandsiv.com\/de\/sandsiv-kann-ihnen-helfen-db\/\" \/>\n<meta property=\"og:site_name\" content=\"sandsiv+\" \/>\n<meta property=\"article:modified_time\" content=\"2023-11-23T15:14:31+00:00\" \/>\n<meta name=\"twitter:card\" content=\"summary_large_image\" \/>\n<script type=\"application\/ld+json\" class=\"yoast-schema-graph\">{\"@context\":\"https:\\\/\\\/schema.org\",\"@graph\":[{\"@type\":\"WebPage\",\"@id\":\"https:\\\/\\\/sandsiv.com\\\/de\\\/sandsiv-kann-ihnen-helfen-db\\\/\",\"url\":\"https:\\\/\\\/sandsiv.com\\\/de\\\/sandsiv-kann-ihnen-helfen-db\\\/\",\"name\":\"- sandsiv+ kann Ihnen helfen: DB - sandsiv+\",\"isPartOf\":{\"@id\":\"https:\\\/\\\/sandsiv.com\\\/#website\"},\"datePublished\":\"2023-11-23T14:52:43+00:00\",\"dateModified\":\"2023-11-23T15:14:31+00:00\",\"description\":\"Fordern Sie eine Demo an, und wir zeigen Ihnen, wie unsere sandsiv+ Plattform Deutsch Bahn dabei helfen kann.\",\"breadcrumb\":{\"@id\":\"https:\\\/\\\/sandsiv.com\\\/de\\\/sandsiv-kann-ihnen-helfen-db\\\/#breadcrumb\"},\"inLanguage\":\"de-DE\",\"potentialAction\":[{\"@type\":\"ReadAction\",\"target\":[\"https:\\\/\\\/sandsiv.com\\\/de\\\/sandsiv-kann-ihnen-helfen-db\\\/\"]}]},{\"@type\":\"BreadcrumbList\",\"@id\":\"https:\\\/\\\/sandsiv.com\\\/de\\\/sandsiv-kann-ihnen-helfen-db\\\/#breadcrumb\",\"itemListElement\":[{\"@type\":\"ListItem\",\"position\":1,\"name\":\"Home\",\"item\":\"https:\\\/\\\/sandsiv.com\\\/de\\\/\"},{\"@type\":\"ListItem\",\"position\":2,\"name\":\"&#8211; sandsiv+ kann Ihnen helfen: DB\"}]},{\"@type\":\"WebSite\",\"@id\":\"https:\\\/\\\/sandsiv.com\\\/#website\",\"url\":\"https:\\\/\\\/sandsiv.com\\\/\",\"name\":\"sandsiv+\",\"description\":\"Customer Intelligence Made In Switzerland\",\"publisher\":{\"@id\":\"https:\\\/\\\/sandsiv.com\\\/#organization\"},\"potentialAction\":[{\"@type\":\"SearchAction\",\"target\":{\"@type\":\"EntryPoint\",\"urlTemplate\":\"https:\\\/\\\/sandsiv.com\\\/?s={search_term_string}\"},\"query-input\":{\"@type\":\"PropertyValueSpecification\",\"valueRequired\":true,\"valueName\":\"search_term_string\"}}],\"inLanguage\":\"de-DE\"},{\"@type\":\"Organization\",\"@id\":\"https:\\\/\\\/sandsiv.com\\\/#organization\",\"name\":\"sandsiv+\",\"url\":\"https:\\\/\\\/sandsiv.com\\\/\",\"logo\":{\"@type\":\"ImageObject\",\"inLanguage\":\"de-DE\",\"@id\":\"https:\\\/\\\/sandsiv.com\\\/#\\\/schema\\\/logo\\\/image\\\/\",\"url\":\"https:\\\/\\\/sandsiv.com\\\/wp-content\\\/uploads\\\/2021\\\/08\\\/logo-light-normal.svg\",\"contentUrl\":\"https:\\\/\\\/sandsiv.com\\\/wp-content\\\/uploads\\\/2021\\\/08\\\/logo-light-normal.svg\",\"width\":376,\"height\":67,\"caption\":\"sandsiv+\"},\"image\":{\"@id\":\"https:\\\/\\\/sandsiv.com\\\/#\\\/schema\\\/logo\\\/image\\\/\"}}]}<\/script>\n<!-- \/ Yoast SEO Premium plugin. -->","yoast_head_json":{"title":"- sandsiv+ kann Ihnen helfen: DB - sandsiv+","description":"Fordern Sie eine Demo an, und wir zeigen Ihnen, wie unsere sandsiv+ Plattform Deutsch Bahn dabei helfen kann.","robots":{"index":"index","follow":"follow","max-snippet":"max-snippet:-1","max-image-preview":"max-image-preview:large","max-video-preview":"max-video-preview:-1"},"canonical":"https:\/\/sandsiv.com\/de\/sandsiv-kann-ihnen-helfen-db\/","og_locale":"de_DE","og_type":"article","og_title":"- sandsiv+ kann Ihnen helfen: DB","og_description":"Fordern Sie eine Demo an, und wir zeigen Ihnen, wie unsere sandsiv+ Plattform Deutsch Bahn dabei helfen kann.","og_url":"https:\/\/sandsiv.com\/de\/sandsiv-kann-ihnen-helfen-db\/","og_site_name":"sandsiv+","article_modified_time":"2023-11-23T15:14:31+00:00","twitter_card":"summary_large_image","schema":{"@context":"https:\/\/schema.org","@graph":[{"@type":"WebPage","@id":"https:\/\/sandsiv.com\/de\/sandsiv-kann-ihnen-helfen-db\/","url":"https:\/\/sandsiv.com\/de\/sandsiv-kann-ihnen-helfen-db\/","name":"- sandsiv+ kann Ihnen helfen: DB - sandsiv+","isPartOf":{"@id":"https:\/\/sandsiv.com\/#website"},"datePublished":"2023-11-23T14:52:43+00:00","dateModified":"2023-11-23T15:14:31+00:00","description":"Fordern Sie eine Demo an, und wir zeigen Ihnen, wie unsere sandsiv+ Plattform Deutsch Bahn dabei helfen kann.","breadcrumb":{"@id":"https:\/\/sandsiv.com\/de\/sandsiv-kann-ihnen-helfen-db\/#breadcrumb"},"inLanguage":"de-DE","potentialAction":[{"@type":"ReadAction","target":["https:\/\/sandsiv.com\/de\/sandsiv-kann-ihnen-helfen-db\/"]}]},{"@type":"BreadcrumbList","@id":"https:\/\/sandsiv.com\/de\/sandsiv-kann-ihnen-helfen-db\/#breadcrumb","itemListElement":[{"@type":"ListItem","position":1,"name":"Home","item":"https:\/\/sandsiv.com\/de\/"},{"@type":"ListItem","position":2,"name":"&#8211; sandsiv+ kann Ihnen helfen: DB"}]},{"@type":"WebSite","@id":"https:\/\/sandsiv.com\/#website","url":"https:\/\/sandsiv.com\/","name":"sandsiv+","description":"Customer Intelligence Made In Switzerland","publisher":{"@id":"https:\/\/sandsiv.com\/#organization"},"potentialAction":[{"@type":"SearchAction","target":{"@type":"EntryPoint","urlTemplate":"https:\/\/sandsiv.com\/?s={search_term_string}"},"query-input":{"@type":"PropertyValueSpecification","valueRequired":true,"valueName":"search_term_string"}}],"inLanguage":"de-DE"},{"@type":"Organization","@id":"https:\/\/sandsiv.com\/#organization","name":"sandsiv+","url":"https:\/\/sandsiv.com\/","logo":{"@type":"ImageObject","inLanguage":"de-DE","@id":"https:\/\/sandsiv.com\/#\/schema\/logo\/image\/","url":"https:\/\/sandsiv.com\/wp-content\/uploads\/2021\/08\/logo-light-normal.svg","contentUrl":"https:\/\/sandsiv.com\/wp-content\/uploads\/2021\/08\/logo-light-normal.svg","width":376,"height":67,"caption":"sandsiv+"},"image":{"@id":"https:\/\/sandsiv.com\/#\/schema\/logo\/image\/"}}]}},"_links":{"self":[{"href":"https:\/\/sandsiv.com\/de\/wp-json\/wp\/v2\/pages\/11471","targetHints":{"allow":["GET"]}}],"collection":[{"href":"https:\/\/sandsiv.com\/de\/wp-json\/wp\/v2\/pages"}],"about":[{"href":"https:\/\/sandsiv.com\/de\/wp-json\/wp\/v2\/types\/page"}],"author":[{"embeddable":true,"href":"https:\/\/sandsiv.com\/de\/wp-json\/wp\/v2\/users\/3"}],"replies":[{"embeddable":true,"href":"https:\/\/sandsiv.com\/de\/wp-json\/wp\/v2\/comments?post=11471"}],"version-history":[{"count":0,"href":"https:\/\/sandsiv.com\/de\/wp-json\/wp\/v2\/pages\/11471\/revisions"}],"wp:attachment":[{"href":"https:\/\/sandsiv.com\/de\/wp-json\/wp\/v2\/media?parent=11471"}],"curies":[{"name":"wp","href":"https:\/\/api.w.org\/{rel}","templated":true}]}}