
{"id":11396,"date":"2023-11-20T08:22:07","date_gmt":"2023-11-20T08:22:07","guid":{"rendered":"https:\/\/sandsiv.com\/?page_id=11396"},"modified":"2023-11-20T10:43:24","modified_gmt":"2023-11-20T10:43:24","slug":"die-transformation-des-einzelhandels","status":"publish","type":"page","link":"https:\/\/sandsiv.com\/de\/der-blog\/die-transformation-des-einzelhandels\/","title":{"rendered":"Die Transformation des Einzelhandels"},"content":{"rendered":"<div id=\"banner-block_a89e38c2942932d9ba6e35c5258af621\"\r\n    class=\"banner scroll-fade\">\r\n    <div\r\n        class=\"module mt_0  mb_0\">\r\n        <div class=\"container\">\r\n            <div class=\"banner__inner\">\r\n                <div class=\"banner__data\">\r\n                                        <h1 class=\"heading\">Ein Blick auf die Transformation des Einzelhandels<strong\r\n                            class=\"heading_red\">Artikel<\/strong>                    <\/h1>\r\n                                                            <div class=\"description\">7. November 2023 &#8211; Vom Massenchaos zum digitalen Black Friday: Ein Blick auf die Transformation des Einzelhandels                    <\/div>                                                            <div class=\"banner__button\">\r\n                        <a href=\"https:\/\/sandsiv.com\/de\/demo-anfordern\/\"\r\n                            class=\"btn\" _self                            >Demo anfordern<\/a>\r\n                    <\/div>\r\n                                                                            <\/div>\r\n                <div class=\"banner__media\">\r\n                                        <div class=\"banner__image\">\r\n                        <picture class=\"image\">\r\n                            <source srcset=\"\">\r\n                            <img decoding=\"async\" src=\"\"\r\n                                alt=\"\" \/>\r\n                        <\/picture>\r\n                    <\/div>\r\n                                                                            <\/div>\r\n            <\/div>\r\n        <\/div>\r\n    <\/div>\r\n<\/div>\n\n\r\n<div id=\"frames_section-block_81d2a824d631bb668e3d8911bb6ece0c\" class=\"frames_section scroll-fade\">\r\n    <div class=\"module mt_0  mb_0\">  \r\n        <div class=\"bg_clr_section bg_clr_red\">               \r\n            <div class=\"container\">\r\n                <div class=\"frames_section_inner\"> \r\n                                                                <div class=\"text\">\r\n                            <p>Wir erkl\u00e4ren, wie sich das Kundenerlebnis im <strong>Einzelhandel<\/strong> von seinen chaotischen Anf\u00e4ngen bis ins Zeitalter der <strong>k\u00fcnstlichen Intelligenz<\/strong> gewandelt hat.<\/p>\n                        <\/div>\r\n                                                        <\/div>\r\n            <\/div>\r\n        <\/div>\r\n    <\/div>\r\n<\/div>\n\n\r\n<div id=\"blog_post_content-block_8b85eab465a0ae768c7bfb8b785e14f2\" class=\"blog_post_content scroll-fade\">\r\n    <div class=\"module \">\r\n\r\n                            <div class=\"container container--medium\">\r\n                        \r\n            <div class=\"blog_post_content_inner\"> \r\n                                    <div class=\"heading_section\">\r\n                        <div class=\"heading_text h1\">\r\n                            <Div style = \"visibility: hidden\"> <\/ div>                        <\/div>\r\n                    <\/div>\r\n                                                    <div class=\"content_section\">\r\n                        <p>Der Schwarze Freitag,<strong> ein ikonisches Ereignis im Einzelhandel<\/strong>, markiert den Beginn der Weihnachtseinkaufssaison und stellt eine einzigartige Gelegenheit f\u00fcr Marken dar, den Verbrauchern au\u00dfergew\u00f6hnliche Rabatte anzubieten, ohne ihr Einkaufserlebnis zu beeintr\u00e4chtigen.<\/p>\n<p>In diesem Zusammenhang erkl\u00e4ren wir, wie der Einzelhandel das Kundenerlebnis <strong>von den Urspr\u00fcngen des Black Friday<\/strong> bis heute verbessert hat, wobei der Einsatz von auf <strong>k\u00fcnstlicher Intelligenz (KI)<\/strong> basierenden Technologien ein zunehmend wichtiges Element in der Branche darstellt.<\/p>\n<h4><span style=\"color: #bf2025;\">Von alten B\u00fcchern zu generativer KI<\/span><\/h4>\n<p>Der Schwarze Freitag hat seine Wurzeln in den Vereinigten Staaten und wurde urspr\u00fcnglich verwendet, um das Chaos und den Verkehr zu beschreiben, der am Tag nach Thanksgiving aufgrund der gro\u00dfen Anzahl von Kunden entstand, die in den St\u00e4dten massenhaft einkauften. Der Begriff &#8220;Black&#8221; bezog sich also auf den Wechsel in der Buchhaltung <strong>von roten Zahlen (Verluste) zu schwarzen Zahlen (Gewinne)<\/strong>.<\/p>\n<p>Seit sich das Ph\u00e4nomen \u00fcber die USA hinaus als ein von den Verbrauchern auf der ganzen Welt erwartetes Ereignis verbreitet hat, hat sich der Einzelhandel von der traditionellen Erfahrung in den Gesch\u00e4ften zur <strong>Online-Erfahrung<\/strong> entwickelt und versucht, die Vorteile der Technologie zur Personalisierung von Angeboten und zur Verbesserung des Kundendienstes voll auszusch\u00f6pfen.<\/p>\n<p>In einem <span style=\"color: #bf2025;\"><a style=\"color: #bf2025;\" href=\"https:\/\/www.forrester.com\/blogs\/predictions-2024-artificial-intelligence\/\">k\u00fcrzlich erschienenen Forrester-Artikel<\/a><\/span> stellte <strong>Michele Goetz<\/strong>, VP &amp; Principal Analyst, fest, dass <strong>67 % der Unternehmen bereits generative KI als Strategie einsetzen<\/strong>, um die Art und Weise, wie Einzelh\u00e4ndler mit Kunden interagieren, zu ver\u00e4ndern.<\/p>\n<h4>\n<span style=\"color: #bf2025;\">Die gro\u00dfe Transformation der Kundenerfahrung im Einzelhandel<\/span><\/h4>\n<p>Giada Longo, Digital Marketing Specialist bei SANDSIV, weist darauf hin, dass &#8220;<em>im wettbewerbsintensiven Einzelhandelssektor, in dem das Einkaufserlebnis von entscheidender Bedeutung ist, technologische L\u00f6sungen, die die Bed\u00fcrfnisse und W\u00fcnsche der Kunden ber\u00fccksichtigen, eine entscheidende Rolle dabei spielen, dass Marken an diesem wichtigen Tag ein differenziertes Erlebnis bieten k\u00f6nnen<\/em>&#8220;.<\/p>\n<p>Einige dieser Schl\u00fcsselaspekte sind:<br \/>\n<strong>Einheitliche Phygital Experience:<\/strong> VOC-L\u00f6sungen wie sandsiv+ sind in der Lage, Kundenverhalten und Feedbackdaten aus Online- und In-Store-Umgebungen zu vereinheitlichen, wodurch Einzelh\u00e4ndler Schmerzpunkte in der Customer Journey identifizieren und Ma\u00dfnahmen ergreifen k\u00f6nnen, um ein nahtloses Online- und Offline-Erlebnis zu gew\u00e4hrleisten.<br \/>\n<strong>Personalisierung von Angeboten mit GenAI:<\/strong> Bis 2024 wird erwartet, dass 60 % der Arbeitnehmer generative k\u00fcnstliche Intelligenz (GenAI) zur Erledigung ihrer Aufgaben nutzen werden. Dieser Trend wird sich auch im Einzelhandel fortsetzen und es erm\u00f6glichen, Angebote zu personalisieren, die auf die Bed\u00fcrfnisse und Vorlieben verschiedener Kundenprofile zugeschnitten sind, was insbesondere an Tagen wie dem Black Friday von Bedeutung ist.<br \/>\n<strong>Ausweitung von KI mit Open-Source-Modellen:<\/strong> Der Forrester-Artikel weist darauf hin, dass 85 % der Unternehmen KI mit Open-Source-Modellen ausbauen werden. In dieser Hinsicht werden sich Einzelh\u00e4ndler auf Technologieanbieter wie SANDSIV verlassen m\u00fcssen, um diesen \u00dcbergang zur \u00dcbernahme dieser Open-Source-Modelle zu erleichtern und erfolgreiche Strategien zu entwickeln.<br \/>\n<strong>Mitarbeitereinblicke in Echtzeit:<\/strong> Die Zusammenarbeit in Echtzeit ist unerl\u00e4sslich, um sicherzustellen, dass CX-Teams, Kundenmanager, Vertriebs- und Marketingteams Kundenanforderungen in Echtzeit bew\u00e4ltigen und einen au\u00dfergew\u00f6hnlichen Kundenservice bieten k\u00f6nnen.<\/p>\n                    <\/div>\r\n                            <\/div>\r\n        <\/div>\r\n    <\/div>\r\n<\/div>\n\n\r\n<div id=\"blog_post_content-block_d2ab1609b3fecd4aec276de2c600c32e\" class=\"blog_post_content scroll-fade\">\r\n    <div class=\"module \">\r\n\r\n                    <div class=\"container\">\r\n                                \r\n            <div class=\"blog_post_content_inner\"> \r\n                                    <div class=\"heading_section\">\r\n                        <div class=\"heading_text h1\">\r\n                            Die Transformation des Einzelhandels                        <\/div>\r\n                    <\/div>\r\n                                                    <div class=\"content_section\">\r\n                        <h5>KONTAKT:<span style=\"font-weight: 400;\"><br \/>\n<\/span><a href=\"mailto:media@sandsiv.com\"><b>media@SANDSIV.com<\/b><\/a><\/h5>\n                    <\/div>\r\n                            <\/div>\r\n        <\/div>\r\n    <\/div>\r\n<\/div>\n\n\r\n<div id=\"frames_section-block_6d3d024d7065e8e91c6430f536d0095a\" class=\"frames_section scroll-fade\">\r\n    <div class=\"module mt_0  mb_0\">  \r\n        <div class=\"bg_clr_section bg_clr_red\">               \r\n            <div class=\"container\">\r\n                <div class=\"frames_section_inner\"> \r\n                                            <div class=\"heading\">\r\n                            Beginnen Sie heute, mit sandsiv+ zu wachsen                        <\/div>\r\n                                                                                    <div class=\"button_section\">\r\n                            <a class=\"btn btn--white \" href=\"https:\/\/sandsiv.com\/de\/demo-anfordern\/\" >\r\n                                Demo anfordern                            <\/a>\r\n                        <\/div>\r\n                                    <\/div>\r\n            <\/div>\r\n        <\/div>\r\n    <\/div>\r\n<\/div>","protected":false},"excerpt":{"rendered":"","protected":false},"author":9,"featured_media":0,"parent":10507,"menu_order":0,"comment_status":"closed","ping_status":"closed","template":"","meta":{"content-type":"","footnotes":""},"class_list":["post-11396","page","type-page","status-publish","hentry"],"acf":[],"yoast_head":"<!-- This site is optimized with the Yoast SEO Premium plugin v26.9 (Yoast SEO v27.3) - https:\/\/yoast.com\/product\/yoast-seo-premium-wordpress\/ -->\n<title>Die Transformation des Einzelhandels - sandsiv+<\/title>\n<meta name=\"description\" content=\"Die Transformation des Einzelhandels: wie der Einzelhandel das Kundenerlebnis von den Urspr\u00fcngen des Black Friday bis heute verbessert hat\" \/>\n<meta name=\"robots\" content=\"index, follow, max-snippet:-1, max-image-preview:large, max-video-preview:-1\" \/>\n<link rel=\"canonical\" href=\"https:\/\/sandsiv.com\/de\/der-blog\/die-transformation-des-einzelhandels\/\" \/>\n<meta property=\"og:locale\" content=\"de_DE\" \/>\n<meta property=\"og:type\" content=\"article\" \/>\n<meta property=\"og:title\" content=\"Die Transformation des Einzelhandels\" \/>\n<meta property=\"og:description\" content=\"Die Transformation des Einzelhandels: wie der Einzelhandel das Kundenerlebnis von den Urspr\u00fcngen des Black Friday bis heute verbessert hat\" \/>\n<meta property=\"og:url\" content=\"https:\/\/sandsiv.com\/de\/der-blog\/die-transformation-des-einzelhandels\/\" \/>\n<meta property=\"og:site_name\" content=\"sandsiv+\" \/>\n<meta property=\"article:modified_time\" content=\"2023-11-20T10:43:24+00:00\" \/>\n<meta name=\"twitter:card\" content=\"summary_large_image\" \/>\n<script type=\"application\/ld+json\" class=\"yoast-schema-graph\">{\"@context\":\"https:\\\/\\\/schema.org\",\"@graph\":[{\"@type\":\"WebPage\",\"@id\":\"https:\\\/\\\/sandsiv.com\\\/de\\\/der-blog\\\/die-transformation-des-einzelhandels\\\/\",\"url\":\"https:\\\/\\\/sandsiv.com\\\/de\\\/der-blog\\\/die-transformation-des-einzelhandels\\\/\",\"name\":\"Die Transformation des Einzelhandels - sandsiv+\",\"isPartOf\":{\"@id\":\"https:\\\/\\\/sandsiv.com\\\/#website\"},\"datePublished\":\"2023-11-20T08:22:07+00:00\",\"dateModified\":\"2023-11-20T10:43:24+00:00\",\"description\":\"Die Transformation des Einzelhandels: wie der Einzelhandel das Kundenerlebnis von den Urspr\u00fcngen des Black Friday bis heute verbessert hat\",\"breadcrumb\":{\"@id\":\"https:\\\/\\\/sandsiv.com\\\/de\\\/der-blog\\\/die-transformation-des-einzelhandels\\\/#breadcrumb\"},\"inLanguage\":\"de-DE\",\"potentialAction\":[{\"@type\":\"ReadAction\",\"target\":[\"https:\\\/\\\/sandsiv.com\\\/de\\\/der-blog\\\/die-transformation-des-einzelhandels\\\/\"]}]},{\"@type\":\"BreadcrumbList\",\"@id\":\"https:\\\/\\\/sandsiv.com\\\/de\\\/der-blog\\\/die-transformation-des-einzelhandels\\\/#breadcrumb\",\"itemListElement\":[{\"@type\":\"ListItem\",\"position\":1,\"name\":\"Home\",\"item\":\"https:\\\/\\\/sandsiv.com\\\/de\\\/\"},{\"@type\":\"ListItem\",\"position\":2,\"name\":\"Der Blog\",\"item\":\"https:\\\/\\\/sandsiv.com\\\/de\\\/der-blog\\\/\"},{\"@type\":\"ListItem\",\"position\":3,\"name\":\"Die Transformation des Einzelhandels\"}]},{\"@type\":\"WebSite\",\"@id\":\"https:\\\/\\\/sandsiv.com\\\/#website\",\"url\":\"https:\\\/\\\/sandsiv.com\\\/\",\"name\":\"sandsiv+\",\"description\":\"Customer Intelligence Made In Switzerland\",\"publisher\":{\"@id\":\"https:\\\/\\\/sandsiv.com\\\/#organization\"},\"potentialAction\":[{\"@type\":\"SearchAction\",\"target\":{\"@type\":\"EntryPoint\",\"urlTemplate\":\"https:\\\/\\\/sandsiv.com\\\/?s={search_term_string}\"},\"query-input\":{\"@type\":\"PropertyValueSpecification\",\"valueRequired\":true,\"valueName\":\"search_term_string\"}}],\"inLanguage\":\"de-DE\"},{\"@type\":\"Organization\",\"@id\":\"https:\\\/\\\/sandsiv.com\\\/#organization\",\"name\":\"sandsiv+\",\"url\":\"https:\\\/\\\/sandsiv.com\\\/\",\"logo\":{\"@type\":\"ImageObject\",\"inLanguage\":\"de-DE\",\"@id\":\"https:\\\/\\\/sandsiv.com\\\/#\\\/schema\\\/logo\\\/image\\\/\",\"url\":\"https:\\\/\\\/sandsiv.com\\\/wp-content\\\/uploads\\\/2021\\\/08\\\/logo-light-normal.svg\",\"contentUrl\":\"https:\\\/\\\/sandsiv.com\\\/wp-content\\\/uploads\\\/2021\\\/08\\\/logo-light-normal.svg\",\"width\":376,\"height\":67,\"caption\":\"sandsiv+\"},\"image\":{\"@id\":\"https:\\\/\\\/sandsiv.com\\\/#\\\/schema\\\/logo\\\/image\\\/\"}}]}<\/script>\n<!-- \/ Yoast SEO Premium plugin. -->","yoast_head_json":{"title":"Die Transformation des Einzelhandels - sandsiv+","description":"Die Transformation des Einzelhandels: wie der Einzelhandel das Kundenerlebnis von den Urspr\u00fcngen des Black Friday bis heute verbessert hat","robots":{"index":"index","follow":"follow","max-snippet":"max-snippet:-1","max-image-preview":"max-image-preview:large","max-video-preview":"max-video-preview:-1"},"canonical":"https:\/\/sandsiv.com\/de\/der-blog\/die-transformation-des-einzelhandels\/","og_locale":"de_DE","og_type":"article","og_title":"Die Transformation des Einzelhandels","og_description":"Die Transformation des Einzelhandels: wie der Einzelhandel das Kundenerlebnis von den Urspr\u00fcngen des Black Friday bis heute verbessert hat","og_url":"https:\/\/sandsiv.com\/de\/der-blog\/die-transformation-des-einzelhandels\/","og_site_name":"sandsiv+","article_modified_time":"2023-11-20T10:43:24+00:00","twitter_card":"summary_large_image","schema":{"@context":"https:\/\/schema.org","@graph":[{"@type":"WebPage","@id":"https:\/\/sandsiv.com\/de\/der-blog\/die-transformation-des-einzelhandels\/","url":"https:\/\/sandsiv.com\/de\/der-blog\/die-transformation-des-einzelhandels\/","name":"Die Transformation des Einzelhandels - sandsiv+","isPartOf":{"@id":"https:\/\/sandsiv.com\/#website"},"datePublished":"2023-11-20T08:22:07+00:00","dateModified":"2023-11-20T10:43:24+00:00","description":"Die Transformation des Einzelhandels: wie der Einzelhandel das Kundenerlebnis von den Urspr\u00fcngen des Black Friday bis heute verbessert hat","breadcrumb":{"@id":"https:\/\/sandsiv.com\/de\/der-blog\/die-transformation-des-einzelhandels\/#breadcrumb"},"inLanguage":"de-DE","potentialAction":[{"@type":"ReadAction","target":["https:\/\/sandsiv.com\/de\/der-blog\/die-transformation-des-einzelhandels\/"]}]},{"@type":"BreadcrumbList","@id":"https:\/\/sandsiv.com\/de\/der-blog\/die-transformation-des-einzelhandels\/#breadcrumb","itemListElement":[{"@type":"ListItem","position":1,"name":"Home","item":"https:\/\/sandsiv.com\/de\/"},{"@type":"ListItem","position":2,"name":"Der Blog","item":"https:\/\/sandsiv.com\/de\/der-blog\/"},{"@type":"ListItem","position":3,"name":"Die Transformation des Einzelhandels"}]},{"@type":"WebSite","@id":"https:\/\/sandsiv.com\/#website","url":"https:\/\/sandsiv.com\/","name":"sandsiv+","description":"Customer Intelligence Made In Switzerland","publisher":{"@id":"https:\/\/sandsiv.com\/#organization"},"potentialAction":[{"@type":"SearchAction","target":{"@type":"EntryPoint","urlTemplate":"https:\/\/sandsiv.com\/?s={search_term_string}"},"query-input":{"@type":"PropertyValueSpecification","valueRequired":true,"valueName":"search_term_string"}}],"inLanguage":"de-DE"},{"@type":"Organization","@id":"https:\/\/sandsiv.com\/#organization","name":"sandsiv+","url":"https:\/\/sandsiv.com\/","logo":{"@type":"ImageObject","inLanguage":"de-DE","@id":"https:\/\/sandsiv.com\/#\/schema\/logo\/image\/","url":"https:\/\/sandsiv.com\/wp-content\/uploads\/2021\/08\/logo-light-normal.svg","contentUrl":"https:\/\/sandsiv.com\/wp-content\/uploads\/2021\/08\/logo-light-normal.svg","width":376,"height":67,"caption":"sandsiv+"},"image":{"@id":"https:\/\/sandsiv.com\/#\/schema\/logo\/image\/"}}]}},"_links":{"self":[{"href":"https:\/\/sandsiv.com\/de\/wp-json\/wp\/v2\/pages\/11396","targetHints":{"allow":["GET"]}}],"collection":[{"href":"https:\/\/sandsiv.com\/de\/wp-json\/wp\/v2\/pages"}],"about":[{"href":"https:\/\/sandsiv.com\/de\/wp-json\/wp\/v2\/types\/page"}],"author":[{"embeddable":true,"href":"https:\/\/sandsiv.com\/de\/wp-json\/wp\/v2\/users\/9"}],"replies":[{"embeddable":true,"href":"https:\/\/sandsiv.com\/de\/wp-json\/wp\/v2\/comments?post=11396"}],"version-history":[{"count":0,"href":"https:\/\/sandsiv.com\/de\/wp-json\/wp\/v2\/pages\/11396\/revisions"}],"up":[{"embeddable":true,"href":"https:\/\/sandsiv.com\/de\/wp-json\/wp\/v2\/pages\/10507"}],"wp:attachment":[{"href":"https:\/\/sandsiv.com\/de\/wp-json\/wp\/v2\/media?parent=11396"}],"curies":[{"name":"wp","href":"https:\/\/api.w.org\/{rel}","templated":true}]}}