
{"id":11318,"date":"2023-11-07T08:57:15","date_gmt":"2023-11-07T08:57:15","guid":{"rendered":"https:\/\/sandsiv.com\/como-motivar-a-la-generacion-x\/"},"modified":"2023-11-10T15:48:06","modified_gmt":"2023-11-10T15:48:06","slug":"wie-man-die-generation-x-motiviert","status":"publish","type":"page","link":"https:\/\/sandsiv.com\/de\/wie-man-die-generation-x-motiviert\/","title":{"rendered":"Wie man die Generation X motiviert"},"content":{"rendered":"<div id=\"banner-block_909f23c723c9aadb712c791404277741\"\r\n    class=\"banner scroll-fade\">\r\n    <div\r\n        class=\"module mt_0  mb_0\">\r\n        <div class=\"container\">\r\n            <div class=\"banner__inner\">\r\n                <div class=\"banner__data\">\r\n                                        <h1 class=\"heading\">Wie man die Generation X motiviert<strong\r\n                            class=\"heading_red\">Artikel<\/strong>                    <\/h1>\r\n                                                            <div class=\"description\">7. November 2023 &#8211; Wie motiviert man die Generation X, neue Technologien in ihren Arbeitsalltag einzubinden?                    <\/div>                                                            <div class=\"banner__button\">\r\n                        <a href=\"https:\/\/sandsiv.com\/de\/demo-anfordern\/\"\r\n                            class=\"btn\" _self                            >Demo anfordern<\/a>\r\n                    <\/div>\r\n                                                                            <\/div>\r\n                <div class=\"banner__media\">\r\n                                        <div class=\"banner__image\">\r\n                        <picture class=\"image\">\r\n                            <source srcset=\"\">\r\n                            <img decoding=\"async\" src=\"\"\r\n                                alt=\"\" \/>\r\n                        <\/picture>\r\n                    <\/div>\r\n                                                                            <\/div>\r\n            <\/div>\r\n        <\/div>\r\n    <\/div>\r\n<\/div>\n\n\r\n<div id=\"frames_section-block_7aba4077461ec269eb353e11b0d9790c\" class=\"frames_section scroll-fade\">\r\n    <div class=\"module mt_0  mb_0\">  \r\n        <div class=\"bg_clr_section bg_clr_red\">               \r\n            <div class=\"container\">\r\n                <div class=\"frames_section_inner\"> \r\n                                                                <div class=\"text\">\r\n                            <p>Wir erl\u00e4utern die Schl\u00fcssel f\u00fcr einen stressfreien \u00dcbergang zum Einsatz neuer technologischer L\u00f6sungen auf der Grundlage von Automatisierung, k\u00fcnstlicher Intelligenz und Voice of the Customer.<\/p>\n                        <\/div>\r\n                                                        <\/div>\r\n            <\/div>\r\n        <\/div>\r\n    <\/div>\r\n<\/div>\n\n\r\n<div id=\"blog_post_content-block_931091d9a73ce79db1036c05801c0774\" class=\"blog_post_content scroll-fade\">\r\n    <div class=\"module \">\r\n\r\n                            <div class=\"container container--medium\">\r\n                        \r\n            <div class=\"blog_post_content_inner\"> \r\n                                    <div class=\"heading_section\">\r\n                        <div class=\"heading_text h1\">\r\n                            <Div style = \"visibility: hidden\"> <\/ div>                        <\/div>\r\n                    <\/div>\r\n                                                    <div class=\"content_section\">\r\n                        <p>In einer sich st\u00e4ndig weiterentwickelnden Gesch\u00e4ftswelt passen die Unternehmen ihre Strategie unter den so genannten <strong>drei P&#8217;s<\/strong> an: aus menschlicher (<strong>People<\/strong>), wirtschaftlicher (<strong>Profit<\/strong>) und \u00f6kologischer (<strong>Planet<\/strong>) Perspektive. In den letzten Jahren ist die S\u00e4ule &#8220;Menschen&#8221; besonders wichtig geworden, und die Unternehmen sind bestrebt, sowohl das Kundenerlebnis als auch das Mitarbeitererlebnis zu verbessern.<\/p>\n<p>Seit dem Aufkommen der Digitalisierung in den 2000er Jahren, mit dem Dot-Com-Boom, hat ein Generationswechsel im Arbeitsverst\u00e4ndnis stattgefunden, bei dem Technologie und Innovation eine f\u00fchrende Rolle einnehmen. Die gro\u00dfe Herausforderung besteht nun darin,<strong> die Generation X (geboren zwischen 1965 und 1981)<\/strong> und sogar die ersten Millennials (1981-1993) <strong>zu motivieren, Automatisierung und k\u00fcnstliche Intelligenz (KI) als nat\u00fcrlichen Bestandteil ihres Arbeitsalltags zu akzeptieren<\/strong>, ohne dass dies zu einer Quelle von Stress und Misstrauen wird.<\/p>\n<h4><span style=\"color: #bf2025;\">Greifbare Vorteile im Arbeitsalltag: wertvolle Informationen in Echtzeit<\/span><\/h4>\n<p>Es ist wichtig, den Mitarbeitern, insbesondere denen, die nicht im digitalen Zeitalter geboren wurden, die Vorteile der Technologie zu vermitteln, nicht nur f\u00fcr Ihr Unternehmen, sondern auch f\u00fcr ihre t\u00e4gliche Arbeit. <strong>Eine integrierte Voice-of-the-Customer (VOC)-Plattform<\/strong> beispielsweise vereinfacht nicht nur ihre Aufgaben, da sie alle Kundeninformationen in einem personalisierten Dashboard finden, sondern erleichtert auch die strategische Entscheidungsfindung. Die Tatsache, dass <strong>die Mitarbeiter selbst sowie verschiedene Teams und Abteilungen einfach und in Echtzeit auf diese Daten zugreifen k\u00f6nnen<\/strong>, erleichtert ihre Arbeitsroutine, l\u00e4sst alle von diesen Informationen profitieren und beeinflusst direkt ihre Effizienz. Dies gilt auch f\u00fcr die Personalabteilung, die diese Instrumente wiederum f\u00fcr die Anh\u00f6rung der Mitarbeiter und die interne Verbesserung des Unternehmens nutzen kann.<\/p>\n<h4><span style=\"color: #bf2025;\">Technologie zur &#8220;Bef\u00e4higung&#8221; der Mitarbeiter<\/span><\/h4>\n<p>Die Bereitstellung von Echtzeit-Feedback hilft den Mitarbeitern, ihre Arbeit schneller zu erledigen. Es ist jedoch auch notwendig, ihnen die M\u00f6glichkeit zu geben, <strong>Entscheidungen zu treffen<\/strong>. Innovative Tools, die Kundenfeedback mit Hilfe von KI erfassen und analysieren, sind nicht nur ein weiteres digitales Werkzeug, sondern eine neue Perspektive f\u00fcr die Unternehmensf\u00fchrung. <strong>Diese Technologie dient der Bef\u00e4higung der Mitarbeiter<\/strong> und erm\u00f6glicht es ihnen, sie als eine Ressource zu betrachten, die ihre t\u00e4gliche Arbeit bereichert.<\/p>\n<h4><span style=\"color: #bf2025;\">Bieten Sie ihnen personalisierte Schulungen und Unterst\u00fctzung<\/span><\/h4>\n<p>Um eine positive Arbeitskultur zu f\u00f6rdern und einen angstfreien \u00dcbergang bei der Einf\u00fchrung eines ungewohnten Tools f\u00fcr die Mitarbeiter zu gew\u00e4hrleisten, ist es unerl\u00e4sslich, ihnen eine wirksame Schulung zu bieten. Dazu geh\u00f6rt die Bereitstellung einer Vielzahl von Optionen, von Tutorials zum Selbststudium bis hin zu Experten-Tutorials, die den Mitarbeitern helfen, sich bei der Integration dieser Technologiel\u00f6sung in ihren Arbeitsalltag wohl zu f\u00fchlen. Entscheidend ist, dass ein<strong> fachkundiges und engagiertes Team von Support-Mitarbeitern bei der Umstellung auf diese Technologie<\/strong> behilflich ist, das sich an die individuellen Bed\u00fcrfnisse der Mitarbeiter anpasst und einen stressfreien \u00dcbergang gew\u00e4hrleistet.<\/p>\n<h4><span style=\"color: #bf2025;\">Einfache Integration schafft Erleichterung, nicht Stress<\/span><\/h4>\n<p>Eine der gr\u00f6\u00dften H\u00fcrden f\u00fcr Unternehmen ist die Integration neuer Technologiel\u00f6sungen in das Leben der Mitarbeiter, da die Umstellung auf die Digitalisierung oft \u00c4ngste und Sorgen hervorruft. Federico Cesconi, CEO von SANDSIV, erkl\u00e4rt: <em>&#8220;Eine vollst\u00e4ndig verwaltete Integrationsl\u00f6sung, die auf die Bed\u00fcrfnisse des jeweiligen Unternehmens zugeschnitten ist, stellt sicher, dass die Mitarbeiter nicht von den Ver\u00e4nderungen \u00fcberw\u00e4ltigt werden. Es gibt Werkzeuge wie sandsiv+, die ihre t\u00e4gliche Arbeit wirklich vereinfachen k\u00f6nnen.&#8221;<\/em><\/p>\n<p>So wird die Motivation der Mitarbeiter, insbesondere der Generation X, die oft Schwierigkeiten bei der Einf\u00fchrung technologischer Neuerungen im Arbeitsumfeld hat, zu <strong>einer tragenden S\u00e4ule des Unternehmenserfolgs<\/strong>. Dieser Ansatz sorgt nicht nur f\u00fcr einen reibungslosen \u00dcbergang zu Automatisierung und KI-Tools, indem er \u00c4ngste und Misstrauen vermeidet, sondern schafft auch eine Symbiose zwischen dem emotionalen Wohlbefinden der Mitarbeiter und <strong>einer exzellenten Customer Experience<\/strong>.<\/p>\n                    <\/div>\r\n                            <\/div>\r\n        <\/div>\r\n    <\/div>\r\n<\/div>\n\n\r\n<div id=\"blog_post_content-block_a362bb3f79bb147b0d792f45c2f9c83d\" class=\"blog_post_content scroll-fade\">\r\n    <div class=\"module \">\r\n\r\n                    <div class=\"container\">\r\n                                \r\n            <div class=\"blog_post_content_inner\"> \r\n                                    <div class=\"heading_section\">\r\n                        <div class=\"heading_text h1\">\r\n                            Wie man die Generation X motiviert                        <\/div>\r\n                    <\/div>\r\n                                                    <div class=\"content_section\">\r\n                        <h5>KONTAKT:<span style=\"font-weight: 400;\"><br \/>\n<\/span><a href=\"mailto:media@sandsiv.com\"><b>media@SANDSIV.com<\/b><\/a><\/h5>\n                    <\/div>\r\n                            <\/div>\r\n        <\/div>\r\n    <\/div>\r\n<\/div>\n\n\r\n<div id=\"frames_section-block_39782ee8c8a92c2f8199c8ba76f7495c\" class=\"frames_section scroll-fade\">\r\n    <div class=\"module mt_0  mb_0\">  \r\n        <div class=\"bg_clr_section bg_clr_red\">               \r\n            <div class=\"container\">\r\n                <div class=\"frames_section_inner\"> \r\n                                            <div class=\"heading\">\r\n                            Beginnen Sie heute, mit sandsiv+ zu wachsen                        <\/div>\r\n                                                                                    <div class=\"button_section\">\r\n                            <a class=\"btn btn--white \" href=\"https:\/\/sandsiv.com\/de\/demo-anfordern\/\" >\r\n                                Demo anfordern                            <\/a>\r\n                        <\/div>\r\n                                    <\/div>\r\n            <\/div>\r\n        <\/div>\r\n    <\/div>\r\n<\/div>","protected":false},"excerpt":{"rendered":"","protected":false},"author":3,"featured_media":0,"parent":0,"menu_order":0,"comment_status":"closed","ping_status":"closed","template":"","meta":{"content-type":"","footnotes":""},"class_list":["post-11318","page","type-page","status-publish","hentry"],"acf":[],"yoast_head":"<!-- This site is optimized with the Yoast SEO Premium plugin v26.9 (Yoast SEO v27.4) - https:\/\/yoast.com\/product\/yoast-seo-premium-wordpress\/ -->\n<title>Wie man die Generation X motiviert - sandsiv+<\/title>\n<meta name=\"description\" content=\"Wie man die Generation X motiviert: Wir erkl\u00e4ren die Schl\u00fcssel f\u00fcr einen stressfreien \u00dcbergang zur Nutzung neuer technologischer L\u00f6sungen.\" \/>\n<meta name=\"robots\" content=\"index, follow, max-snippet:-1, max-image-preview:large, max-video-preview:-1\" \/>\n<link rel=\"canonical\" href=\"https:\/\/sandsiv.com\/de\/wie-man-die-generation-x-motiviert\/\" \/>\n<meta property=\"og:locale\" content=\"de_DE\" \/>\n<meta property=\"og:type\" content=\"article\" \/>\n<meta property=\"og:title\" content=\"Wie man die Generation X motiviert\" \/>\n<meta property=\"og:description\" content=\"Wie man die Generation X motiviert: Wir erkl\u00e4ren die Schl\u00fcssel f\u00fcr einen stressfreien \u00dcbergang zur Nutzung neuer technologischer L\u00f6sungen.\" \/>\n<meta property=\"og:url\" content=\"https:\/\/sandsiv.com\/de\/wie-man-die-generation-x-motiviert\/\" \/>\n<meta property=\"og:site_name\" content=\"sandsiv+\" \/>\n<meta property=\"article:modified_time\" content=\"2023-11-10T15:48:06+00:00\" \/>\n<meta name=\"twitter:card\" content=\"summary_large_image\" \/>\n<script type=\"application\/ld+json\" class=\"yoast-schema-graph\">{\"@context\":\"https:\\\/\\\/schema.org\",\"@graph\":[{\"@type\":\"WebPage\",\"@id\":\"https:\\\/\\\/sandsiv.com\\\/de\\\/wie-man-die-generation-x-motiviert\\\/\",\"url\":\"https:\\\/\\\/sandsiv.com\\\/de\\\/wie-man-die-generation-x-motiviert\\\/\",\"name\":\"Wie man die Generation X motiviert - sandsiv+\",\"isPartOf\":{\"@id\":\"https:\\\/\\\/sandsiv.com\\\/#website\"},\"datePublished\":\"2023-11-07T08:57:15+00:00\",\"dateModified\":\"2023-11-10T15:48:06+00:00\",\"description\":\"Wie man die Generation X motiviert: Wir erkl\u00e4ren die Schl\u00fcssel f\u00fcr einen stressfreien \u00dcbergang zur Nutzung neuer technologischer L\u00f6sungen.\",\"breadcrumb\":{\"@id\":\"https:\\\/\\\/sandsiv.com\\\/de\\\/wie-man-die-generation-x-motiviert\\\/#breadcrumb\"},\"inLanguage\":\"de-DE\",\"potentialAction\":[{\"@type\":\"ReadAction\",\"target\":[\"https:\\\/\\\/sandsiv.com\\\/de\\\/wie-man-die-generation-x-motiviert\\\/\"]}]},{\"@type\":\"BreadcrumbList\",\"@id\":\"https:\\\/\\\/sandsiv.com\\\/de\\\/wie-man-die-generation-x-motiviert\\\/#breadcrumb\",\"itemListElement\":[{\"@type\":\"ListItem\",\"position\":1,\"name\":\"Home\",\"item\":\"https:\\\/\\\/sandsiv.com\\\/de\\\/\"},{\"@type\":\"ListItem\",\"position\":2,\"name\":\"Wie man die Generation X motiviert\"}]},{\"@type\":\"WebSite\",\"@id\":\"https:\\\/\\\/sandsiv.com\\\/#website\",\"url\":\"https:\\\/\\\/sandsiv.com\\\/\",\"name\":\"sandsiv+\",\"description\":\"Customer Intelligence Made In Switzerland\",\"publisher\":{\"@id\":\"https:\\\/\\\/sandsiv.com\\\/#organization\"},\"potentialAction\":[{\"@type\":\"SearchAction\",\"target\":{\"@type\":\"EntryPoint\",\"urlTemplate\":\"https:\\\/\\\/sandsiv.com\\\/?s={search_term_string}\"},\"query-input\":{\"@type\":\"PropertyValueSpecification\",\"valueRequired\":true,\"valueName\":\"search_term_string\"}}],\"inLanguage\":\"de-DE\"},{\"@type\":\"Organization\",\"@id\":\"https:\\\/\\\/sandsiv.com\\\/#organization\",\"name\":\"sandsiv+\",\"url\":\"https:\\\/\\\/sandsiv.com\\\/\",\"logo\":{\"@type\":\"ImageObject\",\"inLanguage\":\"de-DE\",\"@id\":\"https:\\\/\\\/sandsiv.com\\\/#\\\/schema\\\/logo\\\/image\\\/\",\"url\":\"https:\\\/\\\/sandsiv.com\\\/wp-content\\\/uploads\\\/2021\\\/08\\\/logo-light-normal.svg\",\"contentUrl\":\"https:\\\/\\\/sandsiv.com\\\/wp-content\\\/uploads\\\/2021\\\/08\\\/logo-light-normal.svg\",\"width\":376,\"height\":67,\"caption\":\"sandsiv+\"},\"image\":{\"@id\":\"https:\\\/\\\/sandsiv.com\\\/#\\\/schema\\\/logo\\\/image\\\/\"}}]}<\/script>\n<!-- \/ Yoast SEO Premium plugin. -->","yoast_head_json":{"title":"Wie man die Generation X motiviert - sandsiv+","description":"Wie man die Generation X motiviert: Wir erkl\u00e4ren die Schl\u00fcssel f\u00fcr einen stressfreien \u00dcbergang zur Nutzung neuer technologischer L\u00f6sungen.","robots":{"index":"index","follow":"follow","max-snippet":"max-snippet:-1","max-image-preview":"max-image-preview:large","max-video-preview":"max-video-preview:-1"},"canonical":"https:\/\/sandsiv.com\/de\/wie-man-die-generation-x-motiviert\/","og_locale":"de_DE","og_type":"article","og_title":"Wie man die Generation X motiviert","og_description":"Wie man die Generation X motiviert: Wir erkl\u00e4ren die Schl\u00fcssel f\u00fcr einen stressfreien \u00dcbergang zur Nutzung neuer technologischer L\u00f6sungen.","og_url":"https:\/\/sandsiv.com\/de\/wie-man-die-generation-x-motiviert\/","og_site_name":"sandsiv+","article_modified_time":"2023-11-10T15:48:06+00:00","twitter_card":"summary_large_image","schema":{"@context":"https:\/\/schema.org","@graph":[{"@type":"WebPage","@id":"https:\/\/sandsiv.com\/de\/wie-man-die-generation-x-motiviert\/","url":"https:\/\/sandsiv.com\/de\/wie-man-die-generation-x-motiviert\/","name":"Wie man die Generation X motiviert - sandsiv+","isPartOf":{"@id":"https:\/\/sandsiv.com\/#website"},"datePublished":"2023-11-07T08:57:15+00:00","dateModified":"2023-11-10T15:48:06+00:00","description":"Wie man die Generation X motiviert: Wir erkl\u00e4ren die Schl\u00fcssel f\u00fcr einen stressfreien \u00dcbergang zur Nutzung neuer technologischer L\u00f6sungen.","breadcrumb":{"@id":"https:\/\/sandsiv.com\/de\/wie-man-die-generation-x-motiviert\/#breadcrumb"},"inLanguage":"de-DE","potentialAction":[{"@type":"ReadAction","target":["https:\/\/sandsiv.com\/de\/wie-man-die-generation-x-motiviert\/"]}]},{"@type":"BreadcrumbList","@id":"https:\/\/sandsiv.com\/de\/wie-man-die-generation-x-motiviert\/#breadcrumb","itemListElement":[{"@type":"ListItem","position":1,"name":"Home","item":"https:\/\/sandsiv.com\/de\/"},{"@type":"ListItem","position":2,"name":"Wie man die Generation X motiviert"}]},{"@type":"WebSite","@id":"https:\/\/sandsiv.com\/#website","url":"https:\/\/sandsiv.com\/","name":"sandsiv+","description":"Customer Intelligence Made In Switzerland","publisher":{"@id":"https:\/\/sandsiv.com\/#organization"},"potentialAction":[{"@type":"SearchAction","target":{"@type":"EntryPoint","urlTemplate":"https:\/\/sandsiv.com\/?s={search_term_string}"},"query-input":{"@type":"PropertyValueSpecification","valueRequired":true,"valueName":"search_term_string"}}],"inLanguage":"de-DE"},{"@type":"Organization","@id":"https:\/\/sandsiv.com\/#organization","name":"sandsiv+","url":"https:\/\/sandsiv.com\/","logo":{"@type":"ImageObject","inLanguage":"de-DE","@id":"https:\/\/sandsiv.com\/#\/schema\/logo\/image\/","url":"https:\/\/sandsiv.com\/wp-content\/uploads\/2021\/08\/logo-light-normal.svg","contentUrl":"https:\/\/sandsiv.com\/wp-content\/uploads\/2021\/08\/logo-light-normal.svg","width":376,"height":67,"caption":"sandsiv+"},"image":{"@id":"https:\/\/sandsiv.com\/#\/schema\/logo\/image\/"}}]}},"_links":{"self":[{"href":"https:\/\/sandsiv.com\/de\/wp-json\/wp\/v2\/pages\/11318","targetHints":{"allow":["GET"]}}],"collection":[{"href":"https:\/\/sandsiv.com\/de\/wp-json\/wp\/v2\/pages"}],"about":[{"href":"https:\/\/sandsiv.com\/de\/wp-json\/wp\/v2\/types\/page"}],"author":[{"embeddable":true,"href":"https:\/\/sandsiv.com\/de\/wp-json\/wp\/v2\/users\/3"}],"replies":[{"embeddable":true,"href":"https:\/\/sandsiv.com\/de\/wp-json\/wp\/v2\/comments?post=11318"}],"version-history":[{"count":0,"href":"https:\/\/sandsiv.com\/de\/wp-json\/wp\/v2\/pages\/11318\/revisions"}],"wp:attachment":[{"href":"https:\/\/sandsiv.com\/de\/wp-json\/wp\/v2\/media?parent=11318"}],"curies":[{"name":"wp","href":"https:\/\/api.w.org\/{rel}","templated":true}]}}