
{"id":11268,"date":"2023-09-19T08:30:28","date_gmt":"2023-09-19T08:30:28","guid":{"rendered":"https:\/\/sandsiv.com\/der-blog\/5-razones-inteligencia-artificial\/"},"modified":"2024-02-08T12:45:12","modified_gmt":"2024-02-08T12:45:12","slug":"5-gruende-warum-ki-die-gewinne-ihres-unternehmens-steigern-wird","status":"publish","type":"page","link":"https:\/\/sandsiv.com\/de\/der-blog\/5-gruende-warum-ki-die-gewinne-ihres-unternehmens-steigern-wird\/","title":{"rendered":"5 Gr\u00fcnde, warum KI die Gewinne Ihres Unternehmens steigern wird"},"content":{"rendered":"<div id=\"banner-block_188d971f049ea6522c5906489a6ccec2\"\r\n    class=\"banner scroll-fade\">\r\n    <div\r\n        class=\"module mt_0  mb_0\">\r\n        <div class=\"container\">\r\n            <div class=\"banner__inner\">\r\n                <div class=\"banner__data\">\r\n                                        <h1 class=\"heading\">5 Gr\u00fcnde, warum KI die Gewinne Ihres Unternehmens steigern wird<strong\r\n                            class=\"heading_red\">Artikel<\/strong>                    <\/h1>\r\n                                                            <div class=\"description\">13. Juli, 2023 &#8211; 5 Gr\u00fcnde, warum KI die Gewinne Ihres Unternehmens steigern wird                    <\/div>                                                            <div class=\"banner__button\">\r\n                        <a href=\"https:\/\/sandsiv.com\/de\/demo-anfordern\/\"\r\n                            class=\"btn\" _self                            >Demo anfordern<\/a>\r\n                    <\/div>\r\n                                                                            <\/div>\r\n                <div class=\"banner__media\">\r\n                                        <div class=\"banner__image\">\r\n                        <picture class=\"image\">\r\n                            <source srcset=\"\">\r\n                            <img decoding=\"async\" src=\"\"\r\n                                alt=\"\" \/>\r\n                        <\/picture>\r\n                    <\/div>\r\n                                                                            <\/div>\r\n            <\/div>\r\n        <\/div>\r\n    <\/div>\r\n<\/div>\n\n\r\n<div id=\"frames_section-block_be58b858a1a0440b16d592d4e8f254de\" class=\"frames_section scroll-fade\">\r\n    <div class=\"module mt_0  mb_0\">  \r\n        <div class=\"bg_clr_section bg_clr_red\">               \r\n            <div class=\"container\">\r\n                <div class=\"frames_section_inner\"> \r\n                                                                <div class=\"text\">\r\n                            <p>Stellen Sie sich vor, Sie k\u00f6nnten <strong>ein intelligentes System nutzen<\/strong>, das auf der Grundlage linguistischer Modelle wie Chat GPT automatisch und in Echtzeit die Stimmung unserer Kunden analysiert, eine Liste der zehn besten Initiativen zur Verbesserung ihrer Erfahrungen erstellt und uns die f\u00fcnf wirkungsvollsten Projekte zur Umsetzung vorschl\u00e4gt, <b data-stringify-type=\"bold\">unter Ber\u00fccksichtigung der Ausf\u00fchrungsm\u00f6glichkeiten unseres Unternehmens.<\/b><\/p>\n<p>Klingt wie Science Fiction, nicht wahr? Nun, diese Art von Technologie, die auf <strong>k\u00fcnstlicher Intelligenz (KI)<\/strong> basiert, ist bereits Realit\u00e4t. Die Revolution, wirkt sich dank ihres Potenzials zur Verarbeitung immer gr\u00f6\u00dferer Datenmengen und ihrer maschinellen Lernf\u00e4higkeiten auf Unternehmen weltweit aus.<\/p>\n                        <\/div>\r\n                                                        <\/div>\r\n            <\/div>\r\n        <\/div>\r\n    <\/div>\r\n<\/div>\n\n\r\n<div id=\"blog_post_content-block_168e17fa8c1a8ad0ffdce95a2444f964\" class=\"blog_post_content scroll-fade\">\r\n    <div class=\"module \">\r\n\r\n                            <div class=\"container container--medium\">\r\n                        \r\n            <div class=\"blog_post_content_inner\"> \r\n                                    <div class=\"heading_section\">\r\n                        <div class=\"heading_text h1\">\r\n                            <Div style = \"visibility: hidden\"> <\/ div>                        <\/div>\r\n                    <\/div>\r\n                                                    <div class=\"content_section\">\r\n                        <p>Wir erl\u00e4utern anhand von 5 Gr\u00fcnden, <strong>warum diese Technologien<\/strong> in so unterschiedlichen Bereichen wie Telekommunikation, Einzelhandel, Medizin, Versicherungen, Banken und sogar Freizeit und Unterhaltung <strong>wirtschaftlich besonders vorteilhaft<\/strong> sein k\u00f6nnen:<\/p>\n<h4><span style=\"color: #bf2025;\">Verbesserte Entscheidungsfindung<\/span><\/h4>\n<p>Dank des Verst\u00e4ndnisses der nat\u00fcrlichen Sprache ist es m\u00f6glich, <b data-stringify-type=\"bold\">die Probleme<\/b><strong>\u00a0des Kunden<\/strong> w\u00e4hrend seiner gesamten Erfahrung sofort zu identifizieren oder sogar die subtilste Stimmung an einem bestimmten <strong>Ber\u00fchrungspunkt in der Customer Journey<\/strong> zu extrahieren, was den Entscheidungsprozess unserer Teams verbessert.<\/p>\n<p>Federico Cesconi, Gr\u00fcnder und CEO von SANDSIV, erkl\u00e4rt: &#8220;<em>Dies hilft uns, den emotionalen Kontext der verschiedenen vom Kunden genannten Probleme zu verstehen. Die M\u00f6glichkeit, Probleme auf der Grundlage der Stimmung zu kategorisieren, gibt uns einen tieferen Einblick in die tats\u00e4chlichen Gef\u00fchle der Kunden in Bezug auf ihre Erfahrungen mit uns<\/em>&#8220;.<\/p>\n<h4><span style=\"color: #bf2025;\">H\u00f6here betriebliche Effizienz und k\u00fcrzere Bearbeitungszeiten<\/span><\/h4>\n<p>Die Automatisierung von Prozessen f\u00fchrt immer zu <strong>Zeit- und Kosteneinsparungen<\/strong>. Die Vorteile f\u00fcr das Unternehmen zeigen sich beispielsweise in einer schnelleren Markteinf\u00fchrung, da &#8220;<em>ein komplexer Analyseprozess, der fr\u00fcher Wochen dauerte, in einen rationalisierten Vorgang von wenigen Minuten umgewandelt werden konnte\u201e<\/em>.<\/p>\n<p>Dar\u00fcber hinaus k\u00f6nnen wir mit Tools wie <span style=\"color: #bf2025;\"><a style=\"color: #bf2025;\" href=\"https:\/\/sandsiv.com\/de\/\">sandsiv+<\/a><\/span>, die <strong>Kundenfeedback in Echtzeit sammeln, analysieren und verwalten<\/strong>, Probleme im Voraus angehen oder in k\u00fcrzester Zeit L\u00f6sungen anbieten.<\/p>\n<h4><span style=\"color: #bf2025;\">Verst\u00e4rkte Konzentration auf die Mitarbeitererfahrung<\/span><\/h4>\n<p>Der Einsatz von KI-basierten Technologien und die <strong>Automatisierung sich wiederholender und routinem\u00e4\u00dfiger Aufgaben<\/strong> sollte nicht zum Nachteil der Mitarbeiter gesehen werden, sondern vielmehr als Chance, i<strong>hre Entwicklung in unserem Unternehmen zu f\u00f6rdern<\/strong> und ihnen die M\u00f6glichkeit zu geben, sich auf <strong>h\u00f6herwertige und kreative T\u00e4tigkeiten<\/strong> zu konzentrieren.<\/p>\n<p>Indem wir ihnen Wachstumschancen bieten, werden wir au\u00dferdem die Fluktuationsrate senken, was wichtig ist, um<strong> die finanziellen Auswirkungen<\/strong> bei der Einstellung, Auswahl und Schulung neuer Mitarbeiter zu verringern.<\/p>\n<h4><span style=\"color: #bf2025;\">Ma\u00dfgeschneiderte Aufmerksamkeit in Echtzeit<\/span><\/h4>\n<p>Der pers\u00f6nliche Kontakt ist zwar unersetzlich, aber Tools, die in der Lage sind, <strong>personalisierte Antworten zu automatisieren und einen 24-Stunden-Support<\/strong> zu bieten, sind f\u00fcr viele Kunden bequem und beruhigend, insbesondere f\u00fcr Kunden in verschiedenen Zeitzonen oder mit untypischen Arbeitszeiten.<\/p>\n<h4><span style=\"color: #bf2025;\">St\u00e4ndige Innovation und neue Wege zum Wachstum<\/span><\/h4>\n<p>Die st\u00e4ndige Suche nach Innovation ist <strong>ein klarer Wettbewerbsvorteil<\/strong>, der neue Entwicklungsm\u00f6glichkeiten in unserem Sektor aufzeigt. Dank der F\u00f6rderung dieser Art von neuen Technologien ist es <span style=\"color: #bf2025;\"><a style=\"color: #bf2025;\" href=\"https:\/\/sandsiv.com\/de\/produktuebersicht\/\">sandsiv+<\/a><\/span> beispielsweise gelungen, eine Methode zur Analyse von <strong>mehr als 15.000 Bewertungen zu entwickeln<\/strong> und die Themen und die damit verbundenen Stimmungen <strong>in weniger als 60 Sekunden<\/strong> zu identifizieren, wodurch die Problempunkte in der Customer Journey in Rekordzeit erkannt werden k\u00f6nnen.<\/p>\n<p>Der Einsatz von KI-basierten Tools und die Integration von beispielsweise <strong>aspektbasierter Stimmungsanalyse (ABSA) und linguistischen Modellen,<\/strong> wie denen von OpenAI in ein Tool wie sandsiv+, erm\u00f6glicht es Unternehmen, eine <strong>ganzheitliche Sicht auf die Customer Experience<\/strong> zu erhalten, die wichtigsten Situationen zu identifizieren, in denen die Stimmung positiv oder negativ ist, und <strong>e<\/strong>i<b data-stringify-type=\"bold\">n tiefgreifendes Verst\u00e4ndnis f\u00fcr die Faktoren zu erhalten, die diese beeinflussen.<\/b><\/p>\n<p>Dies erleichtert eine bessere Entscheidungsfindung und die <strong>Umsetzung effektiverer Verbesserungsinitiativen<\/strong>, was die Umwandlung von Bef\u00fcrwortern in Kritiker verhindert und zu positiven Empfehlungen f\u00fchrt. All diese Vorteile wirken sich direkt auf das Endergebnis aus, da die <strong>Verbesserung der Kundenzufriedenheit<\/strong> die Kundentreue st\u00e4rkt, den Umsatz steigert und eine Garantie f\u00fcr den <strong>langfristigen Gesch\u00e4ftserfolg<\/strong> darstellt.<\/p>\n                    <\/div>\r\n                            <\/div>\r\n        <\/div>\r\n    <\/div>\r\n<\/div>\n\n\r\n<div id=\"blog_post_content-block_628c610f9788f6513079a0fbe75f3519\" class=\"blog_post_content scroll-fade\">\r\n    <div class=\"module \">\r\n\r\n                    <div class=\"container\">\r\n                                \r\n            <div class=\"blog_post_content_inner\"> \r\n                                    <div class=\"heading_section\">\r\n                        <div class=\"heading_text h1\">\r\n                            5 Gr\u00fcnde, warum KI die Gewinne Ihres Unternehmens steigern wird                        <\/div>\r\n                    <\/div>\r\n                                                    <div class=\"content_section\">\r\n                        <h5>Autor:<br \/>\nFederico Cesconi<\/h5>\n<p><a href=\"https:\/\/www.linkedin.com\/pulse\/how-auto-gpt-captivated-terrified-me-over-weekend-federico-cesconi\/?trackingId=7lrQZkD1SgWY%2BSbOOccogw%3D%3D\"><span style=\"color: #bf2025;\">Lesen Sie den Originalartikel auf LinkedInLesen\u00a0<\/span><\/a><\/p>\n                    <\/div>\r\n                            <\/div>\r\n        <\/div>\r\n    <\/div>\r\n<\/div>\n\n\r\n<div id=\"frames_section-block_7fc325884620ec98fb9d525a38afce83\" class=\"frames_section scroll-fade\">\r\n    <div class=\"module mt_0  mb_0\">  \r\n        <div class=\"bg_clr_section bg_clr_red\">               \r\n            <div class=\"container\">\r\n                <div class=\"frames_section_inner\"> \r\n                                            <div class=\"heading\">\r\n                            Empieza a crecer con sandsiv+ hoy mismo                        <\/div>\r\n                                                                                    <div class=\"button_section\">\r\n                            <a class=\"btn btn--white \" href=\"https:\/\/sandsiv.com\/es\/quiero-ver-una-demo\/\" >\r\n                                Quiero ver una demo                            <\/a>\r\n                        <\/div>\r\n                                    <\/div>\r\n            <\/div>\r\n        <\/div>\r\n    <\/div>\r\n<\/div>","protected":false},"excerpt":{"rendered":"","protected":false},"author":3,"featured_media":0,"parent":10507,"menu_order":0,"comment_status":"closed","ping_status":"closed","template":"","meta":{"content-type":"","footnotes":""},"class_list":["post-11268","page","type-page","status-publish","hentry"],"acf":[],"yoast_head":"<!-- This site is optimized with the Yoast SEO Premium plugin v26.9 (Yoast SEO v27.4) - https:\/\/yoast.com\/product\/yoast-seo-premium-wordpress\/ -->\n<title>5 Gr\u00fcnde, warum KI die Gewinne Ihres Unternehmens steigern wird - sandsiv+<\/title>\n<meta name=\"description\" content=\"Lesen Sie unseren letzten Blogbeitrag: 5 Gr\u00fcnde, warum KI die Gewinne Ihres Unternehmens steigern wird\" \/>\n<meta name=\"robots\" content=\"index, follow, max-snippet:-1, max-image-preview:large, max-video-preview:-1\" \/>\n<link rel=\"canonical\" href=\"https:\/\/sandsiv.com\/de\/der-blog\/5-gruende-warum-ki-die-gewinne-ihres-unternehmens-steigern-wird\/\" \/>\n<meta property=\"og:locale\" content=\"de_DE\" \/>\n<meta property=\"og:type\" content=\"article\" \/>\n<meta property=\"og:title\" content=\"5 Gr\u00fcnde, warum KI die Gewinne Ihres Unternehmens steigern wird\" \/>\n<meta property=\"og:description\" content=\"Lesen Sie unseren letzten Blogbeitrag: 5 Gr\u00fcnde, warum KI die Gewinne Ihres Unternehmens steigern wird\" \/>\n<meta property=\"og:url\" content=\"https:\/\/sandsiv.com\/de\/der-blog\/5-gruende-warum-ki-die-gewinne-ihres-unternehmens-steigern-wird\/\" \/>\n<meta property=\"og:site_name\" content=\"sandsiv+\" \/>\n<meta property=\"article:modified_time\" content=\"2024-02-08T12:45:12+00:00\" \/>\n<meta name=\"twitter:card\" content=\"summary_large_image\" \/>\n<meta name=\"twitter:label1\" content=\"Gesch\u00e4tzte Lesezeit\" \/>\n\t<meta name=\"twitter:data1\" content=\"3 Minuten\" \/>\n<script type=\"application\/ld+json\" class=\"yoast-schema-graph\">{\"@context\":\"https:\\\/\\\/schema.org\",\"@graph\":[{\"@type\":\"WebPage\",\"@id\":\"https:\\\/\\\/sandsiv.com\\\/de\\\/der-blog\\\/5-gruende-warum-ki-die-gewinne-ihres-unternehmens-steigern-wird\\\/\",\"url\":\"https:\\\/\\\/sandsiv.com\\\/de\\\/der-blog\\\/5-gruende-warum-ki-die-gewinne-ihres-unternehmens-steigern-wird\\\/\",\"name\":\"5 Gr\u00fcnde, warum KI die Gewinne Ihres Unternehmens steigern wird - sandsiv+\",\"isPartOf\":{\"@id\":\"https:\\\/\\\/sandsiv.com\\\/#website\"},\"datePublished\":\"2023-09-19T08:30:28+00:00\",\"dateModified\":\"2024-02-08T12:45:12+00:00\",\"description\":\"Lesen Sie unseren letzten Blogbeitrag: 5 Gr\u00fcnde, warum KI die Gewinne Ihres Unternehmens steigern wird\",\"breadcrumb\":{\"@id\":\"https:\\\/\\\/sandsiv.com\\\/de\\\/der-blog\\\/5-gruende-warum-ki-die-gewinne-ihres-unternehmens-steigern-wird\\\/#breadcrumb\"},\"inLanguage\":\"de-DE\",\"potentialAction\":[{\"@type\":\"ReadAction\",\"target\":[\"https:\\\/\\\/sandsiv.com\\\/de\\\/der-blog\\\/5-gruende-warum-ki-die-gewinne-ihres-unternehmens-steigern-wird\\\/\"]}]},{\"@type\":\"BreadcrumbList\",\"@id\":\"https:\\\/\\\/sandsiv.com\\\/de\\\/der-blog\\\/5-gruende-warum-ki-die-gewinne-ihres-unternehmens-steigern-wird\\\/#breadcrumb\",\"itemListElement\":[{\"@type\":\"ListItem\",\"position\":1,\"name\":\"Home\",\"item\":\"https:\\\/\\\/sandsiv.com\\\/de\\\/\"},{\"@type\":\"ListItem\",\"position\":2,\"name\":\"Der Blog\",\"item\":\"https:\\\/\\\/sandsiv.com\\\/de\\\/der-blog\\\/\"},{\"@type\":\"ListItem\",\"position\":3,\"name\":\"5 Gr\u00fcnde, warum KI die Gewinne Ihres Unternehmens steigern wird\"}]},{\"@type\":\"WebSite\",\"@id\":\"https:\\\/\\\/sandsiv.com\\\/#website\",\"url\":\"https:\\\/\\\/sandsiv.com\\\/\",\"name\":\"sandsiv+\",\"description\":\"Customer Intelligence Made In Switzerland\",\"publisher\":{\"@id\":\"https:\\\/\\\/sandsiv.com\\\/#organization\"},\"potentialAction\":[{\"@type\":\"SearchAction\",\"target\":{\"@type\":\"EntryPoint\",\"urlTemplate\":\"https:\\\/\\\/sandsiv.com\\\/?s={search_term_string}\"},\"query-input\":{\"@type\":\"PropertyValueSpecification\",\"valueRequired\":true,\"valueName\":\"search_term_string\"}}],\"inLanguage\":\"de-DE\"},{\"@type\":\"Organization\",\"@id\":\"https:\\\/\\\/sandsiv.com\\\/#organization\",\"name\":\"sandsiv+\",\"url\":\"https:\\\/\\\/sandsiv.com\\\/\",\"logo\":{\"@type\":\"ImageObject\",\"inLanguage\":\"de-DE\",\"@id\":\"https:\\\/\\\/sandsiv.com\\\/#\\\/schema\\\/logo\\\/image\\\/\",\"url\":\"https:\\\/\\\/sandsiv.com\\\/wp-content\\\/uploads\\\/2021\\\/08\\\/logo-light-normal.svg\",\"contentUrl\":\"https:\\\/\\\/sandsiv.com\\\/wp-content\\\/uploads\\\/2021\\\/08\\\/logo-light-normal.svg\",\"width\":376,\"height\":67,\"caption\":\"sandsiv+\"},\"image\":{\"@id\":\"https:\\\/\\\/sandsiv.com\\\/#\\\/schema\\\/logo\\\/image\\\/\"}}]}<\/script>\n<!-- \/ Yoast SEO Premium plugin. -->","yoast_head_json":{"title":"5 Gr\u00fcnde, warum KI die Gewinne Ihres Unternehmens steigern wird - sandsiv+","description":"Lesen Sie unseren letzten Blogbeitrag: 5 Gr\u00fcnde, warum KI die Gewinne Ihres Unternehmens steigern wird","robots":{"index":"index","follow":"follow","max-snippet":"max-snippet:-1","max-image-preview":"max-image-preview:large","max-video-preview":"max-video-preview:-1"},"canonical":"https:\/\/sandsiv.com\/de\/der-blog\/5-gruende-warum-ki-die-gewinne-ihres-unternehmens-steigern-wird\/","og_locale":"de_DE","og_type":"article","og_title":"5 Gr\u00fcnde, warum KI die Gewinne Ihres Unternehmens steigern wird","og_description":"Lesen Sie unseren letzten Blogbeitrag: 5 Gr\u00fcnde, warum KI die Gewinne Ihres Unternehmens steigern wird","og_url":"https:\/\/sandsiv.com\/de\/der-blog\/5-gruende-warum-ki-die-gewinne-ihres-unternehmens-steigern-wird\/","og_site_name":"sandsiv+","article_modified_time":"2024-02-08T12:45:12+00:00","twitter_card":"summary_large_image","twitter_misc":{"Gesch\u00e4tzte Lesezeit":"3 Minuten"},"schema":{"@context":"https:\/\/schema.org","@graph":[{"@type":"WebPage","@id":"https:\/\/sandsiv.com\/de\/der-blog\/5-gruende-warum-ki-die-gewinne-ihres-unternehmens-steigern-wird\/","url":"https:\/\/sandsiv.com\/de\/der-blog\/5-gruende-warum-ki-die-gewinne-ihres-unternehmens-steigern-wird\/","name":"5 Gr\u00fcnde, warum KI die Gewinne Ihres Unternehmens steigern wird - sandsiv+","isPartOf":{"@id":"https:\/\/sandsiv.com\/#website"},"datePublished":"2023-09-19T08:30:28+00:00","dateModified":"2024-02-08T12:45:12+00:00","description":"Lesen Sie unseren letzten Blogbeitrag: 5 Gr\u00fcnde, warum KI die Gewinne Ihres Unternehmens steigern wird","breadcrumb":{"@id":"https:\/\/sandsiv.com\/de\/der-blog\/5-gruende-warum-ki-die-gewinne-ihres-unternehmens-steigern-wird\/#breadcrumb"},"inLanguage":"de-DE","potentialAction":[{"@type":"ReadAction","target":["https:\/\/sandsiv.com\/de\/der-blog\/5-gruende-warum-ki-die-gewinne-ihres-unternehmens-steigern-wird\/"]}]},{"@type":"BreadcrumbList","@id":"https:\/\/sandsiv.com\/de\/der-blog\/5-gruende-warum-ki-die-gewinne-ihres-unternehmens-steigern-wird\/#breadcrumb","itemListElement":[{"@type":"ListItem","position":1,"name":"Home","item":"https:\/\/sandsiv.com\/de\/"},{"@type":"ListItem","position":2,"name":"Der Blog","item":"https:\/\/sandsiv.com\/de\/der-blog\/"},{"@type":"ListItem","position":3,"name":"5 Gr\u00fcnde, warum KI die Gewinne Ihres Unternehmens steigern wird"}]},{"@type":"WebSite","@id":"https:\/\/sandsiv.com\/#website","url":"https:\/\/sandsiv.com\/","name":"sandsiv+","description":"Customer Intelligence Made In Switzerland","publisher":{"@id":"https:\/\/sandsiv.com\/#organization"},"potentialAction":[{"@type":"SearchAction","target":{"@type":"EntryPoint","urlTemplate":"https:\/\/sandsiv.com\/?s={search_term_string}"},"query-input":{"@type":"PropertyValueSpecification","valueRequired":true,"valueName":"search_term_string"}}],"inLanguage":"de-DE"},{"@type":"Organization","@id":"https:\/\/sandsiv.com\/#organization","name":"sandsiv+","url":"https:\/\/sandsiv.com\/","logo":{"@type":"ImageObject","inLanguage":"de-DE","@id":"https:\/\/sandsiv.com\/#\/schema\/logo\/image\/","url":"https:\/\/sandsiv.com\/wp-content\/uploads\/2021\/08\/logo-light-normal.svg","contentUrl":"https:\/\/sandsiv.com\/wp-content\/uploads\/2021\/08\/logo-light-normal.svg","width":376,"height":67,"caption":"sandsiv+"},"image":{"@id":"https:\/\/sandsiv.com\/#\/schema\/logo\/image\/"}}]}},"_links":{"self":[{"href":"https:\/\/sandsiv.com\/de\/wp-json\/wp\/v2\/pages\/11268","targetHints":{"allow":["GET"]}}],"collection":[{"href":"https:\/\/sandsiv.com\/de\/wp-json\/wp\/v2\/pages"}],"about":[{"href":"https:\/\/sandsiv.com\/de\/wp-json\/wp\/v2\/types\/page"}],"author":[{"embeddable":true,"href":"https:\/\/sandsiv.com\/de\/wp-json\/wp\/v2\/users\/3"}],"replies":[{"embeddable":true,"href":"https:\/\/sandsiv.com\/de\/wp-json\/wp\/v2\/comments?post=11268"}],"version-history":[{"count":0,"href":"https:\/\/sandsiv.com\/de\/wp-json\/wp\/v2\/pages\/11268\/revisions"}],"up":[{"embeddable":true,"href":"https:\/\/sandsiv.com\/de\/wp-json\/wp\/v2\/pages\/10507"}],"wp:attachment":[{"href":"https:\/\/sandsiv.com\/de\/wp-json\/wp\/v2\/media?parent=11268"}],"curies":[{"name":"wp","href":"https:\/\/api.w.org\/{rel}","templated":true}]}}