
{"id":11194,"date":"2023-06-22T10:43:51","date_gmt":"2023-06-22T10:43:51","guid":{"rendered":"https:\/\/sandsiv.com\/la-experiencia-del-cliente-en-disney\/"},"modified":"2023-11-13T16:10:56","modified_gmt":"2023-11-13T16:10:56","slug":"das-disney-kundenerfahrung","status":"publish","type":"page","link":"https:\/\/sandsiv.com\/de\/das-disney-kundenerfahrung\/","title":{"rendered":"&#8211; Das Disney-Kundenerfahrung"},"content":{"rendered":"<div id=\"banner-block_f9d536e268e32b3c553d689ec6628392\"\r\n    class=\"banner scroll-fade\">\r\n    <div\r\n        class=\"module mt_0  mb_0\">\r\n        <div class=\"container\">\r\n            <div class=\"banner__inner\">\r\n                <div class=\"banner__data\">\r\n                                        <h1 class=\"heading\">Die Magie der <strong\r\n                            class=\"heading_red\">Disney Kundenerfahrung<\/strong>                    <\/h1>\r\n                                                            <div class=\"description\">Begib dich auf eine aufregende Reise ins Disneyland Paris! Wir gehen vier Jahre zur\u00fcck, zum Beginn unserer Analyse der Besuchermeinungen im ber\u00fchmtesten Freizeitpark der Welt. Heute pr\u00e4sentieren wir dir eine revolution\u00e4re Methode, um <b>Hindernisse in den Kundenrouten in weniger als 60 Sekunden zu entdecken<\/b>.                    <\/div>                                                            <div class=\"banner__button\">\r\n                        <a href=\"https:\/\/sandsiv.com\/de\/das-disney-kundenerfahrung-danke\/\"\r\n                            class=\"btn\" _self                            >Herunterladen<\/a>\r\n                    <\/div>\r\n                                                                            <\/div>\r\n                <div class=\"banner__media\">\r\n                                        <div class=\"banner__image\">\r\n                        <picture class=\"image\">\r\n                            <source srcset=\"https:\/\/sandsiv.com\/wp-content\/uploads\/2023\/10\/Headers_pr_events-24.png\">\r\n                            <img decoding=\"async\" src=\"https:\/\/sandsiv.com\/wp-content\/uploads\/2023\/10\/Headers_pr_events-24.png\"\r\n                                alt=\"\" \/>\r\n                        <\/picture>\r\n                    <\/div>\r\n                                                                            <\/div>\r\n            <\/div>\r\n        <\/div>\r\n    <\/div>\r\n<\/div>\n\n<div id=\"card-block_d30641f91ca989a667105413d9a9300e\"\n    class=\"card scroll-fade\">\n    <div\n        class=\"module mt_0  mb_0\">\n        <div class=\"container\">\n            <div class=\"card__inner\">\n                <div class=\"card__header\">\n                                                                                <\/div>\n                                <div\n                    class=\"card__news_list custom_list list_column4\">\n                                        <div class=\"newsItem\">\n                        <div\n                            class=\"newsItem__inner \">\n                                                        <div class=\"image\"\n                                                                style=\"background-image: url('https:\/\/sandsiv.com\/wp-content\/uploads\/2023\/10\/Headers_pr_events-28.png');\"\n                                >\n                                <img decoding=\"async\" src=\"https:\/\/sandsiv.com\/wp-content\/uploads\/2023\/10\/Headers_pr_events-28.png\"\n                                    alt=\"\" \/>\n                            <\/div>\n                                                        <div class=\"contant\">\n                                                                                                <div class=\"short_description\">\n                                    Analyse von Kundenrezensionen auf <b>Facebook, TripAdvisor, Google und Instagram<\/b> f\u00fcr Disneyland Paris.                                                                <\/div>\n                                                                                                                                                            <\/div>\n                        <\/div>\n                    <\/div>\n                                        <div class=\"newsItem\">\n                        <div\n                            class=\"newsItem__inner \">\n                                                        <div class=\"image\"\n                                                                style=\"background-image: url('https:\/\/sandsiv.com\/wp-content\/uploads\/2023\/10\/Headers_pr_events-25.png');\"\n                                >\n                                <img decoding=\"async\" src=\"https:\/\/sandsiv.com\/wp-content\/uploads\/2023\/10\/Headers_pr_events-25.png\"\n                                    alt=\"\" \/>\n                            <\/div>\n                                                        <div class=\"contant\">\n                                                                                                <div class=\"short_description\">\n                                    Identifizierung von <b>Hindernissen in der Customer Journey<\/b> und Verbesserungsvorschl\u00e4ge durch ein interaktives Dashboard.                                                                <\/div>\n                                                                                                                                                            <\/div>\n                        <\/div>\n                    <\/div>\n                                        <div class=\"newsItem\">\n                        <div\n                            class=\"newsItem__inner \">\n                                                        <div class=\"image\"\n                                                                style=\"background-image: url('https:\/\/sandsiv.com\/wp-content\/uploads\/2023\/10\/Headers_pr_events-27.png');\"\n                                >\n                                <img decoding=\"async\" src=\"https:\/\/sandsiv.com\/wp-content\/uploads\/2023\/10\/Headers_pr_events-27.png\"\n                                    alt=\"\" \/>\n                            <\/div>\n                                                        <div class=\"contant\">\n                                                                                                <div class=\"short_description\">\n                                    Schnellere Implementierung, vereinfachte Schulung, geringere Abh\u00e4ngigkeit von voretikettierten Daten, automatisierte Berichterstattung und <b>geschulte Customer Experience Manager<\/b>.                                                                <\/div>\n                                                                                                                                                            <\/div>\n                        <\/div>\n                    <\/div>\n                                        <div class=\"newsItem\">\n                        <div\n                            class=\"newsItem__inner \">\n                                                        <div class=\"image\"\n                                                                style=\"background-image: url('https:\/\/sandsiv.com\/wp-content\/uploads\/2023\/10\/Headers_pr_events-26.png');\"\n                                >\n                                <img decoding=\"async\" src=\"https:\/\/sandsiv.com\/wp-content\/uploads\/2023\/10\/Headers_pr_events-26.png\"\n                                    alt=\"\" \/>\n                            <\/div>\n                                                        <div class=\"contant\">\n                                                                                                <div class=\"short_description\">\n                                    Der Ansatz umfasst <b>Aspektbasierte Sentimentanalyse (ABSA)<\/b>, die Echtzeit-Erkennung der <b>Kundenreise<\/b> und die Verwendung von OpenAI GPT-3.5-TURBO.                                                                <\/div>\n                                                                                                                                                            <\/div>\n                        <\/div>\n                    <\/div>\n                                    <\/div>\n                                                \n            <\/div>\n        <\/div>\n    <\/div>\n<\/div>\n\n\r\n<div id=\"frames_section-block_43009d17f31d573db1dd393eca262c3e\" class=\"frames_section scroll-fade\">\r\n    <div class=\"module mt_0  mb_0\">  \r\n        <div class=\"bg_clr_section bg_clr_red\">               \r\n            <div class=\"container\">\r\n                <div class=\"frames_section_inner\"> \r\n                                                                <div class=\"text\">\r\n                            <p>Erhalten Sie exklusiven Zugriff auf den ausf\u00fchrlichen Bericht mit den Ergebnissen unserer Analyse. Enth\u00fcllen Sie die Geheimnisse der Disneyland Paris Customer Journeys und entdecken Sie, wie Sie Ihre eigenen Kundenerlebnisse optimieren k\u00f6nnen.<\/p>\n                        <\/div>\r\n                                                                <div class=\"button_section\">\r\n                            <a class=\"btn btn--white \" href=\"https:\/\/sandsiv.com\/de\/das-disney-kundenerfahrung-danke\/\" >\r\n                                Herunterladen                            <\/a>\r\n                        <\/div>\r\n                                    <\/div>\r\n            <\/div>\r\n        <\/div>\r\n    <\/div>\r\n<\/div>\n\n<div id=\"text_imagevideo-block_16140a5405711c4bdc6d3633ef029c6e\"\r\n    class=\"text_imagevideo scroll-fade\">\r\n    <div class=\"container\">\r\n                <div class=\"text_imagevideo__inner\">\r\n                        <div\r\n                class=\"text_imagevideo__list \">\r\n                                <div class=\"text_imagevideo__item module scroll-fade\">\r\n                    <div\r\n                        class=\"text_imagevideo__item__inner imagePosition_left\">\r\n                        <div class=\"contant\">\r\n                                                        <h6 class=\"sub_heading\"\r\n                                style=\"color: #bf2025; \">\r\n                                Ihr Assistent f\u00fcr Kundenerlebnisse                            <\/h6>                                                        <h1 class=\"title\">Wir m\u00f6chten Sie kennenlernen!                            <\/h1>                                                        <div class=\"text\">Bei SANDSIV sind wir echte Experten in der Welt der Kundenstimme und Partner von i-CEM. Wir freuen uns darauf, dich kennenzulernen und dar\u00fcber zu sprechen, wie unsere KI-gesteuerte Plattform <b>die entscheidende Innovation f\u00fcr die St\u00e4rkung ihres Kundenexzellenzprojekts<\/b> sein k\u00f6nnte. Bereit, mit unserem CX-Berater zu sprechen und <b>ihre Verbesserungsbereiche in nur 30 Minuten zu erkunden<\/b>? Wir sind hier, um Ihnen zu helfen, ihnem CX einen magischen Touch zu verleihen.                            <\/div>                                                        <a href=\"https:\/\/sandsiv.com\/de\/kontakt-zu-cx-advisor\/\"\r\n                                class=\"btn\"                                 >Reden wir miteinander?<\/a>\r\n                                                    <\/div>\r\n                        <div class=\"image_video\">\r\n                                                        <picture class=\"img\"                                 >\r\n                                <source\r\n                                    srcset=\"https:\/\/sandsiv.com\/wp-content\/uploads\/2023\/07\/Headers_pr_events-9.png\">\r\n                                <img decoding=\"async\" src=\"https:\/\/sandsiv.com\/wp-content\/uploads\/2023\/07\/Headers_pr_events-9.png\"\r\n                                    alt=\"\" \/>\r\n                            <\/picture>\r\n                                                    <\/div>\r\n                    <\/div>\r\n                <\/div>\r\n                            <\/div>\r\n        <\/div>\r\n            <\/div>\r\n<\/div>\n\n\r\n<div id=\"logo_section-block_ab4c0aba817220f49fb56b9b7ee89e4d\" class=\"logo_section scroll-fade\">\r\n    <div class=\"module mt_0  mb_0\">  \r\n        <div class=\"bg_clr_section bg_clr_black\">               \r\n            <div class=\"container container--medium\">\r\n                <div class=\"logo_section_inner\"> \r\n                    <div class=\"heading_section\"> \r\n                                                                            <div class=\"heading h1\">\r\n                                Nicht wir sagen das, sondern Analysten und Branchenexperten                            <\/div>\r\n                                            <\/div>\r\n                                            <div class=\"logo_list columns_6\">\r\n                                                            \r\n                                                                    <div class=\"item\">\r\n                                            <img decoding=\"async\" src=\"https:\/\/sandsiv.com\/wp-content\/uploads\/2021\/08\/sandsiv-frostsullivan-logo.png\" alt=\"\" \/>\r\n                                    <\/div>\r\n                                                                \r\n                                                            \r\n                                                                    <div class=\"item\">\r\n                                            <img decoding=\"async\" src=\"https:\/\/sandsiv.com\/wp-content\/uploads\/2023\/09\/infotech.png\" alt=\"\" \/>\r\n                                    <\/div>\r\n                                                                \r\n                                                            \r\n                                                                    <div class=\"item\">\r\n                                            <img decoding=\"async\" src=\"https:\/\/sandsiv.com\/wp-content\/uploads\/2021\/08\/sandsiv_logo_Gartner.svg\" alt=\"\" \/>\r\n                                    <\/div>\r\n                                                                \r\n                                                            \r\n                                                                    <div class=\"item\">\r\n                                            <img decoding=\"async\" src=\"https:\/\/sandsiv.com\/wp-content\/uploads\/2021\/08\/sandsiv_logo_omdia.svg\" alt=\"\" \/>\r\n                                    <\/div>\r\n                                                                \r\n                                                            \r\n                                                                    <div class=\"item\">\r\n                                            <img decoding=\"async\" src=\"https:\/\/sandsiv.com\/wp-content\/uploads\/2023\/09\/quadrant.png\" alt=\"\" \/>\r\n                                    <\/div>\r\n                                                                \r\n                                                            \r\n                                                                    <div class=\"item\">\r\n                                            <img decoding=\"async\" src=\"https:\/\/sandsiv.com\/wp-content\/uploads\/2021\/08\/sandsiv_logo_Forrester.svg\" alt=\"\" \/>\r\n                                    <\/div>\r\n                                                                \r\n                                                    <\/div>\r\n                                    <\/div>\r\n            <\/div>\r\n        <\/div>\r\n    <\/div>\r\n<\/div>","protected":false},"excerpt":{"rendered":"","protected":false},"author":5,"featured_media":0,"parent":0,"menu_order":0,"comment_status":"closed","ping_status":"closed","template":"","meta":{"content-type":"","footnotes":""},"class_list":["post-11194","page","type-page","status-publish","hentry"],"acf":[],"yoast_head":"<!-- This site is optimized with the Yoast SEO Premium plugin v26.9 (Yoast SEO v27.4) - https:\/\/yoast.com\/product\/yoast-seo-premium-wordpress\/ -->\n<title>- Das Disney-Kundenerfahrung<\/title>\n<meta name=\"description\" content=\"Das Disney-Kundenerfahrung: entdecken Sie, wie Sie in weniger als 60 Sekunden Hindernisse in der Customer Journey aufdecken k\u00f6nnen.\" \/>\n<meta name=\"robots\" content=\"index, follow, max-snippet:-1, max-image-preview:large, max-video-preview:-1\" \/>\n<link rel=\"canonical\" href=\"https:\/\/sandsiv.com\/de\/das-disney-kundenerfahrung\/\" \/>\n<meta property=\"og:locale\" content=\"de_DE\" \/>\n<meta property=\"og:type\" content=\"article\" \/>\n<meta property=\"og:title\" content=\"- Das Disney-Kundenerfahrung\" \/>\n<meta property=\"og:description\" content=\"Das Disney-Kundenerfahrung: entdecken Sie, wie Sie in weniger als 60 Sekunden Hindernisse in der Customer Journey aufdecken k\u00f6nnen.\" \/>\n<meta property=\"og:url\" content=\"https:\/\/sandsiv.com\/de\/das-disney-kundenerfahrung\/\" \/>\n<meta property=\"og:site_name\" content=\"sandsiv+\" \/>\n<meta property=\"article:modified_time\" content=\"2023-11-13T16:10:56+00:00\" \/>\n<meta name=\"twitter:card\" content=\"summary_large_image\" \/>\n<script type=\"application\/ld+json\" class=\"yoast-schema-graph\">{\"@context\":\"https:\\\/\\\/schema.org\",\"@graph\":[{\"@type\":\"WebPage\",\"@id\":\"https:\\\/\\\/sandsiv.com\\\/de\\\/das-disney-kundenerfahrung\\\/\",\"url\":\"https:\\\/\\\/sandsiv.com\\\/de\\\/das-disney-kundenerfahrung\\\/\",\"name\":\"- Das Disney-Kundenerfahrung\",\"isPartOf\":{\"@id\":\"https:\\\/\\\/sandsiv.com\\\/#website\"},\"datePublished\":\"2023-06-22T10:43:51+00:00\",\"dateModified\":\"2023-11-13T16:10:56+00:00\",\"description\":\"Das Disney-Kundenerfahrung: entdecken Sie, wie Sie in weniger als 60 Sekunden Hindernisse in der Customer Journey aufdecken k\u00f6nnen.\",\"breadcrumb\":{\"@id\":\"https:\\\/\\\/sandsiv.com\\\/de\\\/das-disney-kundenerfahrung\\\/#breadcrumb\"},\"inLanguage\":\"de-DE\",\"potentialAction\":[{\"@type\":\"ReadAction\",\"target\":[\"https:\\\/\\\/sandsiv.com\\\/de\\\/das-disney-kundenerfahrung\\\/\"]}]},{\"@type\":\"BreadcrumbList\",\"@id\":\"https:\\\/\\\/sandsiv.com\\\/de\\\/das-disney-kundenerfahrung\\\/#breadcrumb\",\"itemListElement\":[{\"@type\":\"ListItem\",\"position\":1,\"name\":\"Home\",\"item\":\"https:\\\/\\\/sandsiv.com\\\/de\\\/\"},{\"@type\":\"ListItem\",\"position\":2,\"name\":\"&#8211; Das Disney-Kundenerfahrung\"}]},{\"@type\":\"WebSite\",\"@id\":\"https:\\\/\\\/sandsiv.com\\\/#website\",\"url\":\"https:\\\/\\\/sandsiv.com\\\/\",\"name\":\"sandsiv+\",\"description\":\"Customer Intelligence Made In Switzerland\",\"publisher\":{\"@id\":\"https:\\\/\\\/sandsiv.com\\\/#organization\"},\"potentialAction\":[{\"@type\":\"SearchAction\",\"target\":{\"@type\":\"EntryPoint\",\"urlTemplate\":\"https:\\\/\\\/sandsiv.com\\\/?s={search_term_string}\"},\"query-input\":{\"@type\":\"PropertyValueSpecification\",\"valueRequired\":true,\"valueName\":\"search_term_string\"}}],\"inLanguage\":\"de-DE\"},{\"@type\":\"Organization\",\"@id\":\"https:\\\/\\\/sandsiv.com\\\/#organization\",\"name\":\"sandsiv+\",\"url\":\"https:\\\/\\\/sandsiv.com\\\/\",\"logo\":{\"@type\":\"ImageObject\",\"inLanguage\":\"de-DE\",\"@id\":\"https:\\\/\\\/sandsiv.com\\\/#\\\/schema\\\/logo\\\/image\\\/\",\"url\":\"https:\\\/\\\/sandsiv.com\\\/wp-content\\\/uploads\\\/2021\\\/08\\\/logo-light-normal.svg\",\"contentUrl\":\"https:\\\/\\\/sandsiv.com\\\/wp-content\\\/uploads\\\/2021\\\/08\\\/logo-light-normal.svg\",\"width\":376,\"height\":67,\"caption\":\"sandsiv+\"},\"image\":{\"@id\":\"https:\\\/\\\/sandsiv.com\\\/#\\\/schema\\\/logo\\\/image\\\/\"}}]}<\/script>\n<!-- \/ Yoast SEO Premium plugin. -->","yoast_head_json":{"title":"- Das Disney-Kundenerfahrung","description":"Das Disney-Kundenerfahrung: entdecken Sie, wie Sie in weniger als 60 Sekunden Hindernisse in der Customer Journey aufdecken k\u00f6nnen.","robots":{"index":"index","follow":"follow","max-snippet":"max-snippet:-1","max-image-preview":"max-image-preview:large","max-video-preview":"max-video-preview:-1"},"canonical":"https:\/\/sandsiv.com\/de\/das-disney-kundenerfahrung\/","og_locale":"de_DE","og_type":"article","og_title":"- Das Disney-Kundenerfahrung","og_description":"Das Disney-Kundenerfahrung: entdecken Sie, wie Sie in weniger als 60 Sekunden Hindernisse in der Customer Journey aufdecken k\u00f6nnen.","og_url":"https:\/\/sandsiv.com\/de\/das-disney-kundenerfahrung\/","og_site_name":"sandsiv+","article_modified_time":"2023-11-13T16:10:56+00:00","twitter_card":"summary_large_image","schema":{"@context":"https:\/\/schema.org","@graph":[{"@type":"WebPage","@id":"https:\/\/sandsiv.com\/de\/das-disney-kundenerfahrung\/","url":"https:\/\/sandsiv.com\/de\/das-disney-kundenerfahrung\/","name":"- Das Disney-Kundenerfahrung","isPartOf":{"@id":"https:\/\/sandsiv.com\/#website"},"datePublished":"2023-06-22T10:43:51+00:00","dateModified":"2023-11-13T16:10:56+00:00","description":"Das Disney-Kundenerfahrung: entdecken Sie, wie Sie in weniger als 60 Sekunden Hindernisse in der Customer Journey aufdecken k\u00f6nnen.","breadcrumb":{"@id":"https:\/\/sandsiv.com\/de\/das-disney-kundenerfahrung\/#breadcrumb"},"inLanguage":"de-DE","potentialAction":[{"@type":"ReadAction","target":["https:\/\/sandsiv.com\/de\/das-disney-kundenerfahrung\/"]}]},{"@type":"BreadcrumbList","@id":"https:\/\/sandsiv.com\/de\/das-disney-kundenerfahrung\/#breadcrumb","itemListElement":[{"@type":"ListItem","position":1,"name":"Home","item":"https:\/\/sandsiv.com\/de\/"},{"@type":"ListItem","position":2,"name":"&#8211; Das Disney-Kundenerfahrung"}]},{"@type":"WebSite","@id":"https:\/\/sandsiv.com\/#website","url":"https:\/\/sandsiv.com\/","name":"sandsiv+","description":"Customer Intelligence Made In Switzerland","publisher":{"@id":"https:\/\/sandsiv.com\/#organization"},"potentialAction":[{"@type":"SearchAction","target":{"@type":"EntryPoint","urlTemplate":"https:\/\/sandsiv.com\/?s={search_term_string}"},"query-input":{"@type":"PropertyValueSpecification","valueRequired":true,"valueName":"search_term_string"}}],"inLanguage":"de-DE"},{"@type":"Organization","@id":"https:\/\/sandsiv.com\/#organization","name":"sandsiv+","url":"https:\/\/sandsiv.com\/","logo":{"@type":"ImageObject","inLanguage":"de-DE","@id":"https:\/\/sandsiv.com\/#\/schema\/logo\/image\/","url":"https:\/\/sandsiv.com\/wp-content\/uploads\/2021\/08\/logo-light-normal.svg","contentUrl":"https:\/\/sandsiv.com\/wp-content\/uploads\/2021\/08\/logo-light-normal.svg","width":376,"height":67,"caption":"sandsiv+"},"image":{"@id":"https:\/\/sandsiv.com\/#\/schema\/logo\/image\/"}}]}},"_links":{"self":[{"href":"https:\/\/sandsiv.com\/de\/wp-json\/wp\/v2\/pages\/11194","targetHints":{"allow":["GET"]}}],"collection":[{"href":"https:\/\/sandsiv.com\/de\/wp-json\/wp\/v2\/pages"}],"about":[{"href":"https:\/\/sandsiv.com\/de\/wp-json\/wp\/v2\/types\/page"}],"author":[{"embeddable":true,"href":"https:\/\/sandsiv.com\/de\/wp-json\/wp\/v2\/users\/5"}],"replies":[{"embeddable":true,"href":"https:\/\/sandsiv.com\/de\/wp-json\/wp\/v2\/comments?post=11194"}],"version-history":[{"count":0,"href":"https:\/\/sandsiv.com\/de\/wp-json\/wp\/v2\/pages\/11194\/revisions"}],"wp:attachment":[{"href":"https:\/\/sandsiv.com\/de\/wp-json\/wp\/v2\/media?parent=11194"}],"curies":[{"name":"wp","href":"https:\/\/api.w.org\/{rel}","templated":true}]}}